{"id":13732,"date":"2020-12-29T14:47:59","date_gmt":"2020-12-29T13:47:59","guid":{"rendered":"https:\/\/dodo-inflatables.com\/product\/huawei-deflatora-stiprinajums\/"},"modified":"2024-06-01T18:30:00","modified_gmt":"2024-06-01T16:30:00","slug":"huawei-deflatora-stiprinajums","status":"publish","type":"product","link":"https:\/\/dodo-inflatables.com\/lv\/product\/huawei-deflatora-stiprinajums\/","title":{"rendered":"Huawei deflatora stiprin\u0101jums"},"content":{"rendered":"<h2>Nopirkt Huawei piep\u016b\u0161am\u0101 p\u016bt\u0113ja deflatora piederumu<\/h2>\n<p><a href=\"https:\/\/dodo-inflatables.com\/lv\/product\/huawei-putejs-reh-1-5e-15ps\/\">Huawei piep\u016b\u0161am\u0101 gaisa p\u016bt\u0113ja<\/a> deflators ir piem\u0113rots nomas uz\u0146\u0113mumiem vai klientiem, kuriem ir vair\u0101ki piep\u016b\u0161amie gaisa p\u016bt\u0113ji noliktav\u0101. The Huawei blower can be fitted with the deflator to suck the air out of the inflatable and thus enable faster dismantling.<\/p>\n<p>Pat ar \u0161o r\u012bku piep\u016b\u0161amo konstrukciju nevar izjaukt un salikt vienu pa\u0161u; ar\u012b \u0161aj\u0101 gad\u012bjum\u0101 jums ir nedaudz j\u0101apstaig\u0101 pils un p\u0113c tam t\u0101 j\u0101saliek, ta\u010du tas iev\u0113rojami atvieglo darbu, \u012bpa\u0161i, ja jums ir vair\u0101kas piep\u016b\u0161am\u0101s konstrukcijas. Deflatoram ir \u012bs\u0101 un gar\u0101 versija, un katram lietot\u0101jam ir at\u0161\u0137ir\u012bga izv\u0113le.<\/p>\n<p>Visvienk\u0101r\u0161\u0101kais veids ir ievietot piep\u016b\u0161am\u0101s piep\u016b\u0161am\u0101s laivas s\u0101nu atver\u0113. Vis\u0101m p\u0101r\u0113j\u0101m atver\u0113m j\u0101b\u016bt aizv\u0113rt\u0101m, lai ies\u016bktu p\u0113c iesp\u0113jas maz\u0101k \u0101r\u0113j\u0101 gaisa.<\/p>\n<p>Noskaties video, lai lab\u0101k saprastu \ud83d\ude09<\/p>\n<p><iframe loading=\"lazy\" src=\"https:\/\/www.youtube.com\/embed\/l9wmg95qbHU\" width=\"560\" height=\"315\" frameborder=\"0\" allowfullscreen=\"allowfullscreen\"><\/iframe><\/p>\n","protected":false},"excerpt":{"rendered":"<ul>\n<li>Piem\u0113rots tikai <a href=\"https:\/\/dodo-inflatables.com\/product\/huawei-blower\/\">Huawei p\u016bt\u0113jam REH-1.5E &#8211; 1.5PS<\/a><\/li>\n<li>Piem\u0113rots visiem pied\u0101v\u0101tajiem uzp\u016b\u0161amajiem pil\u012bm un pas\u0101kumu modu\u013ciem<\/li>\n<li>Viegli lietojams &#8211; ide\u0101li piem\u0113rots gaisa nos\u016bkn\u0113\u0161anai<\/li>\n<\/ul>\n","protected":false},"featured_media":13734,"comment_status":"open","ping_status":"closed","template":"","meta":{"_acf_changed":false,"_uag_custom_page_level_css":"","site-sidebar-layout":"default","site-content-layout":"boxed-container","ast-site-content-layout":"normal-width-container","site-content-style":"boxed","site-sidebar-style":"boxed","ast-global-header-display":"","ast-banner-title-visibility":"","ast-main-header-display":"","ast-hfb-above-header-display":"","ast-hfb-below-header-display":"","ast-hfb-mobile-header-display":"","site-post-title":"disabled","ast-breadcrumbs-content":"","ast-featured-img":"","footer-sml-layout":"","ast-disable-related-posts":"","theme-transparent-header-meta":"default","adv-header-id-meta":"","stick-header-meta":"default","header-above-stick-meta":"","header-main-stick-meta":"","header-below-stick-meta":"","astra-migrate-meta-layouts":"default","ast-page-background-enabled":"default","ast-page-background-meta":{"desktop":{"background-color":"var(--ast-global-color-4)","background-image":"","background-repeat":"repeat","background-position":"center center","background-size":"auto","background-attachment":"scroll","background-type":"","background-media":"","overlay-type":"","overlay-color":"","overlay-opacity":"","overlay-gradient":""},"tablet":{"background-color":"","background-image":"","background-repeat":"repeat","background-position":"center center","background-size":"auto","background-attachment":"scroll","background-type":"","background-media":"","overlay-type":"","overlay-color":"","overlay-opacity":"","overlay-gradient":""},"mobile":{"background-color":"","background-image":"","background-repeat":"repeat","background-position":"center center","background-size":"auto","background-attachment":"scroll","background-type":"","background-media":"","overlay-type":"","overlay-color":"","overlay-opacity":"","overlay-gradient":""}},"ast-content-background-meta":{"desktop":{"background-color":"var(--ast-global-color-5)","background-image":"","background-repeat":"repeat","background-position":"center center","background-size":"auto","background-attachment":"scroll","background-type":"","background-media":"","overlay-type":"","overlay-color":"","overlay-opacity":"","overlay-gradient":""},"tablet":{"background-color":"var(--ast-global-color-5)","background-image":"","background-repeat":"repeat","background-position":"center center","background-size":"auto","background-attachment":"scroll","background-type":"","background-media":"","overlay-type":"","overlay-color":"","overlay-opacity":"","overlay-gradient":""},"mobile":{"background-color":"var(--ast-global-color-5)","background-image":"","background-repeat":"repeat","background-position":"center center","background-size":"auto","background-attachment":"scroll","background-type":"","background-media":"","overlay-type":"","overlay-color":"","overlay-opacity":"","overlay-gradient":""}}},"product_brand":[],"product_cat":[1154],"product_tag":[],"class_list":{"0":"post-13732","1":"product","2":"type-product","3":"status-publish","4":"has-post-thumbnail","6":"product_cat-piedavajumi","7":"product_shipping_class-zubehor-lv","8":"pa_gtin-0669145333994-lv","9":"desktop-align-center","10":"tablet-align-center","11":"mobile-align-center","12":"ast-product-gallery-layout-horizontal","13":"ast-product-tabs-layout-horizontal","15":"first","16":"instock","17":"taxable","18":"shipping-taxable","19":"purchasable","20":"product-type-simple"},"acf":[],"yoast_head":"<!-- This site is optimized with the Yoast SEO plugin v27.3 - https:\/\/yoast.com\/product\/yoast-seo-wordpress\/ -->\n<title>Pirkt deflatoru Huawei p\u016bt\u0113jiem | Dodo-Inflatables.com<\/title>\n<meta name=\"description\" content=\"Nopirkt deflatoru Huawei piep\u016b\u0161amajiem p\u016bt\u0113jiem REH-1.5E - 1.5HP at Dodo-Inflatables.com | God\u012bgas cenas | Vienm\u0113r noliktav\u0101 | \u0100tra pieg\u0101de!\" \/>\n<meta name=\"robots\" content=\"index, follow, max-snippet:-1, max-image-preview:large, max-video-preview:-1\" \/>\n<link rel=\"canonical\" href=\"https:\/\/dodo-inflatables.com\/lv\/product\/huawei-deflatora-stiprinajums\/\" \/>\n<meta name=\"twitter:label1\" content=\"Est. reading time\" \/>\n\t<meta name=\"twitter:data1\" content=\"1 minute\" \/>\n<script type=\"application\/ld+json\" class=\"yoast-schema-graph\">{\"@context\":\"https:\\\/\\\/schema.org\",\"@graph\":[{\"@type\":\"WebPage\",\"@id\":\"https:\\\/\\\/dodo-inflatables.com\\\/lv\\\/product\\\/huawei-deflatora-stiprinajums\\\/\",\"url\":\"https:\\\/\\\/dodo-inflatables.com\\\/lv\\\/product\\\/huawei-deflatora-stiprinajums\\\/\",\"name\":\"Pirkt deflatoru Huawei p\u016bt\u0113jiem | Dodo-Inflatables.com\",\"isPartOf\":{\"@id\":\"https:\\\/\\\/dodo-inflatables.com\\\/lv\\\/#website\"},\"primaryImageOfPage\":{\"@id\":\"https:\\\/\\\/dodo-inflatables.com\\\/lv\\\/product\\\/huawei-deflatora-stiprinajums\\\/#primaryimage\"},\"image\":{\"@id\":\"https:\\\/\\\/dodo-inflatables.com\\\/lv\\\/product\\\/huawei-deflatora-stiprinajums\\\/#primaryimage\"},\"thumbnailUrl\":\"https:\\\/\\\/dodo-inflatables.com\\\/wp-content\\\/uploads\\\/2020\\\/12\\\/Hupfburg-Geblase-Huawei-kaufen_0000_Short-Deflator-B.jpg\",\"datePublished\":\"2020-12-29T13:47:59+00:00\",\"dateModified\":\"2024-06-01T16:30:00+00:00\",\"description\":\"Nopirkt deflatoru Huawei piep\u016b\u0161amajiem p\u016bt\u0113jiem REH-1.5E - 1.5HP at Dodo-Inflatables.com | God\u012bgas cenas | Vienm\u0113r noliktav\u0101 | \u0100tra pieg\u0101de!\",\"breadcrumb\":{\"@id\":\"https:\\\/\\\/dodo-inflatables.com\\\/lv\\\/product\\\/huawei-deflatora-stiprinajums\\\/#breadcrumb\"},\"inLanguage\":\"lv-LV\",\"potentialAction\":[{\"@type\":\"ReadAction\",\"target\":[\"https:\\\/\\\/dodo-inflatables.com\\\/lv\\\/product\\\/huawei-deflatora-stiprinajums\\\/\"]}]},{\"@type\":\"ImageObject\",\"inLanguage\":\"lv-LV\",\"@id\":\"https:\\\/\\\/dodo-inflatables.com\\\/lv\\\/product\\\/huawei-deflatora-stiprinajums\\\/#primaryimage\",\"url\":\"https:\\\/\\\/dodo-inflatables.com\\\/wp-content\\\/uploads\\\/2020\\\/12\\\/Hupfburg-Geblase-Huawei-kaufen_0000_Short-Deflator-B.jpg\",\"contentUrl\":\"https:\\\/\\\/dodo-inflatables.com\\\/wp-content\\\/uploads\\\/2020\\\/12\\\/Hupfburg-Geblase-Huawei-kaufen_0000_Short-Deflator-B.jpg\",\"width\":500,\"height\":500},{\"@type\":\"BreadcrumbList\",\"@id\":\"https:\\\/\\\/dodo-inflatables.com\\\/lv\\\/product\\\/huawei-deflatora-stiprinajums\\\/#breadcrumb\",\"itemListElement\":[{\"@type\":\"ListItem\",\"position\":1,\"name\":\"Home\",\"item\":\"https:\\\/\\\/dodo-inflatables.com\\\/lv\\\/\"},{\"@type\":\"ListItem\",\"position\":2,\"name\":\"Veikals\",\"item\":\"https:\\\/\\\/dodo-inflatables.com\\\/lv\\\/veikals\\\/\"},{\"@type\":\"ListItem\",\"position\":3,\"name\":\"Huawei deflatora stiprin\u0101jums\"}]},{\"@type\":\"WebSite\",\"@id\":\"https:\\\/\\\/dodo-inflatables.com\\\/lv\\\/#website\",\"url\":\"https:\\\/\\\/dodo-inflatables.com\\\/lv\\\/\",\"name\":\"dodo-inflatables.com\",\"description\":\"Ieg\u0101d\u0101jieties leco\u0161\u0101s pilis un atrakcijas m\u016bsu veikal\u0101.\",\"publisher\":{\"@id\":\"https:\\\/\\\/dodo-inflatables.com\\\/lv\\\/#organization\"},\"potentialAction\":[{\"@type\":\"SearchAction\",\"target\":{\"@type\":\"EntryPoint\",\"urlTemplate\":\"https:\\\/\\\/dodo-inflatables.com\\\/lv\\\/?s={search_term_string}\"},\"query-input\":{\"@type\":\"PropertyValueSpecification\",\"valueRequired\":true,\"valueName\":\"search_term_string\"}}],\"inLanguage\":\"lv-LV\"},{\"@type\":\"Organization\",\"@id\":\"https:\\\/\\\/dodo-inflatables.com\\\/lv\\\/#organization\",\"name\":\"dodo-inflatables.com\",\"url\":\"https:\\\/\\\/dodo-inflatables.com\\\/lv\\\/\",\"logo\":{\"@type\":\"ImageObject\",\"inLanguage\":\"lv-LV\",\"@id\":\"https:\\\/\\\/dodo-inflatables.com\\\/lv\\\/#\\\/schema\\\/logo\\\/image\\\/\",\"url\":\"https:\\\/\\\/dodo-inflatables.com\\\/wp-content\\\/uploads\\\/2023\\\/04\\\/cropped-cropped-cropped-Dodo-Logo.png\",\"contentUrl\":\"https:\\\/\\\/dodo-inflatables.com\\\/wp-content\\\/uploads\\\/2023\\\/04\\\/cropped-cropped-cropped-Dodo-Logo.png\",\"width\":2996,\"height\":1545,\"caption\":\"dodo-inflatables.com\"},\"image\":{\"@id\":\"https:\\\/\\\/dodo-inflatables.com\\\/lv\\\/#\\\/schema\\\/logo\\\/image\\\/\"}}]}<\/script>\n<!-- \/ Yoast SEO plugin. -->","yoast_head_json":{"title":"Pirkt deflatoru Huawei p\u016bt\u0113jiem | Dodo-Inflatables.com","description":"Nopirkt deflatoru Huawei piep\u016b\u0161amajiem p\u016bt\u0113jiem REH-1.5E - 1.5HP at Dodo-Inflatables.com | God\u012bgas cenas | Vienm\u0113r noliktav\u0101 | \u0100tra pieg\u0101de!","robots":{"index":"index","follow":"follow","max-snippet":"max-snippet:-1","max-image-preview":"max-image-preview:large","max-video-preview":"max-video-preview:-1"},"canonical":"https:\/\/dodo-inflatables.com\/lv\/product\/huawei-deflatora-stiprinajums\/","twitter_misc":{"Est. reading time":"1 minute"},"schema":{"@context":"https:\/\/schema.org","@graph":[{"@type":"WebPage","@id":"https:\/\/dodo-inflatables.com\/lv\/product\/huawei-deflatora-stiprinajums\/","url":"https:\/\/dodo-inflatables.com\/lv\/product\/huawei-deflatora-stiprinajums\/","name":"Pirkt deflatoru Huawei p\u016bt\u0113jiem | Dodo-Inflatables.com","isPartOf":{"@id":"https:\/\/dodo-inflatables.com\/lv\/#website"},"primaryImageOfPage":{"@id":"https:\/\/dodo-inflatables.com\/lv\/product\/huawei-deflatora-stiprinajums\/#primaryimage"},"image":{"@id":"https:\/\/dodo-inflatables.com\/lv\/product\/huawei-deflatora-stiprinajums\/#primaryimage"},"thumbnailUrl":"https:\/\/dodo-inflatables.com\/wp-content\/uploads\/2020\/12\/Hupfburg-Geblase-Huawei-kaufen_0000_Short-Deflator-B.jpg","datePublished":"2020-12-29T13:47:59+00:00","dateModified":"2024-06-01T16:30:00+00:00","description":"Nopirkt deflatoru Huawei piep\u016b\u0161amajiem p\u016bt\u0113jiem REH-1.5E - 1.5HP at Dodo-Inflatables.com | God\u012bgas cenas | Vienm\u0113r noliktav\u0101 | \u0100tra pieg\u0101de!","breadcrumb":{"@id":"https:\/\/dodo-inflatables.com\/lv\/product\/huawei-deflatora-stiprinajums\/#breadcrumb"},"inLanguage":"lv-LV","potentialAction":[{"@type":"ReadAction","target":["https:\/\/dodo-inflatables.com\/lv\/product\/huawei-deflatora-stiprinajums\/"]}]},{"@type":"ImageObject","inLanguage":"lv-LV","@id":"https:\/\/dodo-inflatables.com\/lv\/product\/huawei-deflatora-stiprinajums\/#primaryimage","url":"https:\/\/dodo-inflatables.com\/wp-content\/uploads\/2020\/12\/Hupfburg-Geblase-Huawei-kaufen_0000_Short-Deflator-B.jpg","contentUrl":"https:\/\/dodo-inflatables.com\/wp-content\/uploads\/2020\/12\/Hupfburg-Geblase-Huawei-kaufen_0000_Short-Deflator-B.jpg","width":500,"height":500},{"@type":"BreadcrumbList","@id":"https:\/\/dodo-inflatables.com\/lv\/product\/huawei-deflatora-stiprinajums\/#breadcrumb","itemListElement":[{"@type":"ListItem","position":1,"name":"Home","item":"https:\/\/dodo-inflatables.com\/lv\/"},{"@type":"ListItem","position":2,"name":"Veikals","item":"https:\/\/dodo-inflatables.com\/lv\/veikals\/"},{"@type":"ListItem","position":3,"name":"Huawei deflatora stiprin\u0101jums"}]},{"@type":"WebSite","@id":"https:\/\/dodo-inflatables.com\/lv\/#website","url":"https:\/\/dodo-inflatables.com\/lv\/","name":"dodo-inflatables.com","description":"Ieg\u0101d\u0101jieties leco\u0161\u0101s pilis un atrakcijas m\u016bsu veikal\u0101.","publisher":{"@id":"https:\/\/dodo-inflatables.com\/lv\/#organization"},"potentialAction":[{"@type":"SearchAction","target":{"@type":"EntryPoint","urlTemplate":"https:\/\/dodo-inflatables.com\/lv\/?s={search_term_string}"},"query-input":{"@type":"PropertyValueSpecification","valueRequired":true,"valueName":"search_term_string"}}],"inLanguage":"lv-LV"},{"@type":"Organization","@id":"https:\/\/dodo-inflatables.com\/lv\/#organization","name":"dodo-inflatables.com","url":"https:\/\/dodo-inflatables.com\/lv\/","logo":{"@type":"ImageObject","inLanguage":"lv-LV","@id":"https:\/\/dodo-inflatables.com\/lv\/#\/schema\/logo\/image\/","url":"https:\/\/dodo-inflatables.com\/wp-content\/uploads\/2023\/04\/cropped-cropped-cropped-Dodo-Logo.png","contentUrl":"https:\/\/dodo-inflatables.com\/wp-content\/uploads\/2023\/04\/cropped-cropped-cropped-Dodo-Logo.png","width":2996,"height":1545,"caption":"dodo-inflatables.com"},"image":{"@id":"https:\/\/dodo-inflatables.com\/lv\/#\/schema\/logo\/image\/"}}]}},"uagb_featured_image_src":{"full":["https:\/\/dodo-inflatables.com\/wp-content\/uploads\/2020\/12\/Hupfburg-Geblase-Huawei-kaufen_0000_Short-Deflator-B.jpg",500,500,false],"thumbnail":["https:\/\/dodo-inflatables.com\/wp-content\/uploads\/2020\/12\/Hupfburg-Geblase-Huawei-kaufen_0000_Short-Deflator-B-150x150.jpg",150,150,true],"medium":["https:\/\/dodo-inflatables.com\/wp-content\/uploads\/2020\/12\/Hupfburg-Geblase-Huawei-kaufen_0000_Short-Deflator-B-300x300.jpg",300,300,true],"medium_large":["https:\/\/dodo-inflatables.com\/wp-content\/uploads\/2020\/12\/Hupfburg-Geblase-Huawei-kaufen_0000_Short-Deflator-B.jpg",500,500,false],"large":["https:\/\/dodo-inflatables.com\/wp-content\/uploads\/2020\/12\/Hupfburg-Geblase-Huawei-kaufen_0000_Short-Deflator-B.jpg",500,500,false],"1536x1536":["https:\/\/dodo-inflatables.com\/wp-content\/uploads\/2020\/12\/Hupfburg-Geblase-Huawei-kaufen_0000_Short-Deflator-B.jpg",500,500,false],"2048x2048":["https:\/\/dodo-inflatables.com\/wp-content\/uploads\/2020\/12\/Hupfburg-Geblase-Huawei-kaufen_0000_Short-Deflator-B.jpg",500,500,false],"woocommerce_thumbnail":["https:\/\/dodo-inflatables.com\/wp-content\/uploads\/2020\/12\/Hupfburg-Geblase-Huawei-kaufen_0000_Short-Deflator-B.jpg",500,500,false],"woocommerce_single":["https:\/\/dodo-inflatables.com\/wp-content\/uploads\/2020\/12\/Hupfburg-Geblase-Huawei-kaufen_0000_Short-Deflator-B.jpg",500,500,false],"woocommerce_gallery_thumbnail":["https:\/\/dodo-inflatables.com\/wp-content\/uploads\/2020\/12\/Hupfburg-Geblase-Huawei-kaufen_0000_Short-Deflator-B-100x100.jpg",100,100,true]},"uagb_author_info":{"display_name":"Andreas","author_link":"https:\/\/dodo-inflatables.com\/lv\/author\/"},"uagb_comment_info":0,"uagb_excerpt":"Piem\u0113rots tikai Huawei p\u016bt\u0113jam REH-1.5E - 1.5PS Piem\u0113rots visiem pied\u0101v\u0101tajiem uzp\u016b\u0161amajiem pil\u012bm un pas\u0101kumu modu\u013ciem Viegli lietojams - ide\u0101li piem\u0113rots gaisa nos\u016bkn\u0113\u0161anai","_links":{"self":[{"href":"https:\/\/dodo-inflatables.com\/lv\/wp-json\/wp\/v2\/product\/13732","targetHints":{"allow":["GET"]}}],"collection":[{"href":"https:\/\/dodo-inflatables.com\/lv\/wp-json\/wp\/v2\/product"}],"about":[{"href":"https:\/\/dodo-inflatables.com\/lv\/wp-json\/wp\/v2\/types\/product"}],"replies":[{"embeddable":true,"href":"https:\/\/dodo-inflatables.com\/lv\/wp-json\/wp\/v2\/comments?post=13732"}],"wp:featuredmedia":[{"embeddable":true,"href":"https:\/\/dodo-inflatables.com\/lv\/wp-json\/wp\/v2\/media\/13734"}],"wp:attachment":[{"href":"https:\/\/dodo-inflatables.com\/lv\/wp-json\/wp\/v2\/media?parent=13732"}],"wp:term":[{"taxonomy":"product_brand","embeddable":true,"href":"https:\/\/dodo-inflatables.com\/lv\/wp-json\/wp\/v2\/product_brand?post=13732"},{"taxonomy":"product_cat","embeddable":true,"href":"https:\/\/dodo-inflatables.com\/lv\/wp-json\/wp\/v2\/product_cat?post=13732"},{"taxonomy":"product_tag","embeddable":true,"href":"https:\/\/dodo-inflatables.com\/lv\/wp-json\/wp\/v2\/product_tag?post=13732"}],"curies":[{"name":"wp","href":"https:\/\/api.w.org\/{rel}","templated":true}]}}