{"id":13793,"date":"2020-11-04T11:46:28","date_gmt":"2020-11-04T10:46:28","guid":{"rendered":"https:\/\/dodo-inflatables.com\/product\/bouncy-castle-udenslidejs-serfotajs\/"},"modified":"2024-06-01T18:30:22","modified_gmt":"2024-06-01T16:30:22","slug":"bouncy-castle-udenslidejs-serfotajs","status":"publish","type":"product","link":"https:\/\/dodo-inflatables.com\/lv\/product\/bouncy-castle-udenslidejs-serfotajs\/","title":{"rendered":"Bouncy Castle \u016adensl\u012bd\u0113js s\u0113rfot\u0101js"},"content":{"rendered":"<h2>Nopirkt Piep\u016b\u0161am\u0101s preces Surfer Waterslide Bouncy Castle<\/h2>\n<p>M\u016bsu piep\u016b\u0161amais \u016bdens sl\u012bdkalni\u0146\u0161 ar s\u0113rfo\u0161anas p\u0113rti\u0137i virs\u016b ir lielisks papildin\u0101jums jebkurai vasaras ball\u012btei. Jautrais dizains, kur\u0101 att\u0113lots nekaun\u012bgs p\u0113rti\u0137is, kas \u0137er vilni, noteikti iepriecin\u0101s visu vecumu b\u0113rnus. Ar ieb\u016bv\u0113to \u016bdens slidkalni\u0146u un baseinu tas nodro\u0161ina bezgal\u012bgas atsvaidzino\u0161as izklaides stundas karst\u0101s vasaras dien\u0101s. Pateicoties jumtam virs sl\u012bdkalni\u0146a, \u016bdens slidkalni\u0146\u0161 Surfer ir \u012bpa\u0161i dro\u0161s.<\/p>\n<p>S\u0113rfot\u0101ju \u016bdenssl\u012bde Bouncy Castle ir komplekt\u0101 ar piem\u0113rotu transport\u0113\u0161anas somu, un to var viegli uzst\u0101d\u012bt aptuveni 10 min\u016bt\u0113s. Iepakojum\u0101 ietilpst uzp\u016b\u0161am\u0101 pils, transport\u0113\u0161anas soma un remonta komplekts. L\u016bdzu, \u0146emiet v\u0113r\u0101, ka p\u016bt\u0113js un pamatnes p\u0101rkl\u0101js nav iek\u013cauts komplekt\u0101cij\u0101. Tos var atrast m\u016bsu <a href=\"https:\/\/dodo-inflatables.com\/lv\/product-category\/piedavajumi\/\">piederumu kategorij\u0101<\/a>. Abi pied\u0101v\u0101tie p\u016bt\u0113ji<a href=\"https:\/\/dodo-inflatables.com\/lv\/product\/huawei-putejs-reh-1-5e-15ps\/\">(Huawei<\/a> un <a href=\"https:\/\/dodo-inflatables.com\/lv\/product\/gibbons-putejs-fp5005-15ps\/\">Gibbons<\/a>) ir piem\u0113roti lecamauklai.<\/p>\n<p>No iztur\u012bga PVC brezenta (0,55 mm \/ 621,3 g\/kv.m) izgatavot\u0101 un saska\u0146\u0101 ar DIN EN 14960 sertific\u0113t\u0101 s\u0113rfot\u0101ju \u016bdensslidkalni\u0146a s\u016b\u010du pils ir kvalitat\u012bvs produkts, kas atbilst visaugst\u0101kajiem dro\u0161\u012bbas standartiem.<\/p>\n<p>L\u016bdzu, izmantojiet \u0161\u016bpu\u013cd\u0101rzu tikai uz piem\u0113rotas <a href=\"https:\/\/dodo-inflatables.com\/lv\/product\/zemes-loksne-5-x-6-metri\/\">pamatnes,<\/a> lai pasarg\u0101tu to no asiem priek\u0161metiem uz zemes un nodiluma. Lai nodro\u0161in\u0101tu maksim\u0101lu dro\u0161\u012bbu, iesak\u0101m uzst\u0101d\u012bt uzp\u016b\u0161amo pili uz z\u0101liena un nostiprin\u0101t to ar m\u016bsu <a href=\"https:\/\/dodo-inflatables.com\/lv\/product\/zemes-tapas-piepusamo-iericu-stiprinasanai\/\">zemes enkuriem<\/a>. P\u0113c katras lieto\u0161anas reizes lecamauklu vajadz\u0113tu iz\u017e\u0101v\u0113t un pien\u0101c\u012bgi iepakot, lai pasarg\u0101tu to no \u0101r\u0113j\u0101s ietekmes un transporta boj\u0101jumiem.<\/p>\n<h3><strong>Surfer Waterslide Bouncy Castle deta\u013cas<\/strong><\/h3>\n<ul>\n<li>Izm\u0113ri (garums x platums x augstums): 7,00 m x 4,00 m x 5,00 m *<\/li>\n<li>Slaida augstums: 1,90 m plus 60 cm gr\u012bdas augstums *<\/li>\n<li>Svars: apm. 180 kg *<\/li>\n<li>Iepakojuma izm\u0113rs: 100 x 100 x 120 cm *<\/li>\n<li>Uzst\u0101d\u012b\u0161anas laiks: 10 min\u016btes<\/li>\n<li>Materi\u0101ls: PVC (0,55 mm \/ 621,3 g\/m2)<\/li>\n<li>2-4 reizes \u0161\u016btas (atkar\u012bb\u0101 no lieto\u0161anas veida)<\/li>\n<li>Ugunsdro\u0161s<\/li>\n<li>Atbilst\u012bbas sertifik\u0101ts saska\u0146\u0101 ar EN 14960<\/li>\n<li>Atsperama virsma ar aizsargjosl\u0101m, r\u0101v\u0113jsl\u0113dz\u0113js ar velcro aizdari, pastiprin\u0101ti st\u016bri.<\/li>\n<\/ul>\n<p>Komplekt\u0101 ietilpst: uzp\u016b\u0161am\u0101 pils, transport\u0113\u0161anas soma un remonta komplekts.<\/p>\n<p>Surfer Waterslide Bouncy Castle ir profesion\u0101ls modulis, kas ir ra\u017eots un test\u0113ts saska\u0146\u0101 ar stingraj\u0101m DIN EN 14960 vadl\u012bnij\u0101m, kas noz\u012bm\u0113, ka tas ir dro\u0161s un uzticams. T\u0101p\u0113c s\u0113rfot\u0101ju \u016bdensslidkalni\u0146\u0161 Bouncy Castle ir ide\u0101li piem\u0113rots profesion\u0101lai iznom\u0101\u0161anai. L\u016bdzu, \u0146emiet v\u0113r\u0101, ka lecamaukl\u0101 dr\u012bkst atrasties tikai b\u0113rni, bet ne pieaugu\u0161ie!<\/p>\n<p>L\u016bdzu, \u0146emiet v\u0113r\u0101, ka lieto\u0161anas laik\u0101 ventilatoram (nav iek\u013cauts komplekt\u0101) ir j\u0101darbojas nep\u0101rtraukti, un, lai nepie\u013cautu uzp\u016b\u0161am\u0101s pils pl\u012bsumu, caur caurumiem ir nepiecie\u0161ama neliela gaisa izpl\u016bde.<\/p>\n<p>Ieg\u0101d\u0101jieties s\u0113rfot\u0101ju \u016bdensslidkalni\u0146u Bouncy Castle tagad un piedz\u012bvojiet neaizmirstamus mirk\u013cus, kas pilni jautr\u012bbas un piedz\u012bvojumu!<\/p>\n<p>* Svars un izm\u0113ri ir aptuveni un var nedaudz at\u0161\u0137irties.<\/p>\n","protected":false},"excerpt":{"rendered":"<p><i class=\"fa fa-arrows-alt\"><\/i>  Izm\u0113ri (garums x platums x augstums): 7,00 m x 4,00 m x 5,00 m *<br \/>\n<i class=\"fa fa-child\"><\/i>  Piem\u0113rots aptuveni 10 b\u0113rniem (atkar\u012bb\u0101 no vecuma un izm\u0113ra).<br \/>\n<i class=\"fa fa-check\"><\/i>  Profesion\u0101ls modulis &#8211; piem\u0113rots komerci\u0101lai un priv\u0101tai lieto\u0161anai<\/p>\n<p><i class=\"fa fa-square\"><\/i>  PVC (0,55 mm \/ 621,3 g\/m2)<br \/>\n<i class=\"fa fa-align-justify\"><\/i>  \u0160\u016btas 2-4 reizes (atkar\u012bb\u0101 no lieto\u0161anas veida)<br \/>\n<i class=\"fa fa-fire\"><\/i>  Ugunsdro\u0161s<br \/>\n<i class=\"fa fa-certificate\"><\/i>  Apstiprin\u0101juma sertifik\u0101ts saska\u0146\u0101 ar EN 14960<br \/>\n<i class=\"fas fa-edit\"><\/i>  Tostarp individu\u0101lais s\u0113rijas numurs<\/p>\n","protected":false},"featured_media":50973,"comment_status":"open","ping_status":"closed","template":"","meta":{"_acf_changed":false,"_uag_custom_page_level_css":"","site-sidebar-layout":"default","site-content-layout":"boxed-container","ast-site-content-layout":"normal-width-container","site-content-style":"boxed","site-sidebar-style":"boxed","ast-global-header-display":"","ast-banner-title-visibility":"","ast-main-header-display":"","ast-hfb-above-header-display":"","ast-hfb-below-header-display":"","ast-hfb-mobile-header-display":"","site-post-title":"disabled","ast-breadcrumbs-content":"","ast-featured-img":"","footer-sml-layout":"","ast-disable-related-posts":"","theme-transparent-header-meta":"default","adv-header-id-meta":"","stick-header-meta":"default","header-above-stick-meta":"","header-main-stick-meta":"","header-below-stick-meta":"","astra-migrate-meta-layouts":"default","ast-page-background-enabled":"default","ast-page-background-meta":{"desktop":{"background-color":"var(--ast-global-color-4)","background-image":"","background-repeat":"repeat","background-position":"center center","background-size":"auto","background-attachment":"scroll","background-type":"","background-media":"","overlay-type":"","overlay-color":"","overlay-opacity":"","overlay-gradient":""},"tablet":{"background-color":"","background-image":"","background-repeat":"repeat","background-position":"center center","background-size":"auto","background-attachment":"scroll","background-type":"","background-media":"","overlay-type":"","overlay-color":"","overlay-opacity":"","overlay-gradient":""},"mobile":{"background-color":"","background-image":"","background-repeat":"repeat","background-position":"center center","background-size":"auto","background-attachment":"scroll","background-type":"","background-media":"","overlay-type":"","overlay-color":"","overlay-opacity":"","overlay-gradient":""}},"ast-content-background-meta":{"desktop":{"background-color":"var(--ast-global-color-5)","background-image":"","background-repeat":"repeat","background-position":"center center","background-size":"auto","background-attachment":"scroll","background-type":"","background-media":"","overlay-type":"","overlay-color":"","overlay-opacity":"","overlay-gradient":""},"tablet":{"background-color":"var(--ast-global-color-5)","background-image":"","background-repeat":"repeat","background-position":"center center","background-size":"auto","background-attachment":"scroll","background-type":"","background-media":"","overlay-type":"","overlay-color":"","overlay-opacity":"","overlay-gradient":""},"mobile":{"background-color":"var(--ast-global-color-5)","background-image":"","background-repeat":"repeat","background-position":"center center","background-size":"auto","background-attachment":"scroll","background-type":"","background-media":"","overlay-type":"","overlay-color":"","overlay-opacity":"","overlay-gradient":""}}},"product_brand":[],"product_cat":[1165,1174],"product_tag":[1390],"class_list":{"0":"post-13793","1":"product","2":"type-product","3":"status-publish","4":"has-post-thumbnail","6":"product_cat-bouncy-castles-lv","7":"product_cat-slides-lv","8":"product_tag-udens-slidkalnins","9":"product_shipping_class-spedition-hupfburg-lv","10":"pa_gtin-0664965405890-lv","11":"pa_height-460-m-500-m-3-lv","12":"pa_height-of-the-slide-210-m-250-m-lv","13":"pa_length-660-m-700-m-lv","14":"pa_width-360-m-400-m-lv-2","15":"desktop-align-center","16":"tablet-align-center","17":"mobile-align-center","18":"ast-product-gallery-layout-horizontal","19":"ast-product-tabs-layout-horizontal","21":"first","22":"onbackorder","23":"taxable","24":"shipping-taxable","25":"purchasable","26":"product-type-simple"},"acf":[],"yoast_head":"<!-- This site is optimized with the Yoast SEO plugin v27.4 - https:\/\/yoast.com\/product\/yoast-seo-wordpress\/ -->\n<title>Piep\u016b\u0161am\u0101 \u016bdenss\u0113rfot\u0101ju \u016bdenssl\u012bde Bouncy Castle | Dodo-Inflatables.com<\/title>\n<meta name=\"description\" content=\"Ieg\u0101d\u0101jieties m\u016bsu Piep\u016b\u0161amo \u016bdensslido\u0161anas pili &quot;Surfer Waterslide Bouncy Castle&quot; tie\u0161saist\u0113 vietn\u0113 dodo-inflatables | Pla\u0161a izv\u0113le noliktav\u0101 | Sertific\u0113ts saska\u0146\u0101 ar EN14960 | \u0100tra pieg\u0101de\" \/>\n<meta name=\"robots\" content=\"index, follow, max-snippet:-1, max-image-preview:large, max-video-preview:-1\" \/>\n<link rel=\"canonical\" href=\"https:\/\/dodo-inflatables.com\/lv\/product\/bouncy-castle-udenslidejs-serfotajs\/\" \/>\n<meta name=\"twitter:label1\" content=\"Est. reading time\" \/>\n\t<meta name=\"twitter:data1\" content=\"3 minutes\" \/>\n<script type=\"application\/ld+json\" class=\"yoast-schema-graph\">{\"@context\":\"https:\\\/\\\/schema.org\",\"@graph\":[{\"@type\":\"WebPage\",\"@id\":\"https:\\\/\\\/dodo-inflatables.com\\\/lv\\\/product\\\/bouncy-castle-udenslidejs-serfotajs\\\/\",\"url\":\"https:\\\/\\\/dodo-inflatables.com\\\/lv\\\/product\\\/bouncy-castle-udenslidejs-serfotajs\\\/\",\"name\":\"Piep\u016b\u0161am\u0101 \u016bdenss\u0113rfot\u0101ju \u016bdenssl\u012bde Bouncy Castle | Dodo-Inflatables.com\",\"isPartOf\":{\"@id\":\"https:\\\/\\\/dodo-inflatables.com\\\/lv\\\/#website\"},\"primaryImageOfPage\":{\"@id\":\"https:\\\/\\\/dodo-inflatables.com\\\/lv\\\/product\\\/bouncy-castle-udenslidejs-serfotajs\\\/#primaryimage\"},\"image\":{\"@id\":\"https:\\\/\\\/dodo-inflatables.com\\\/lv\\\/product\\\/bouncy-castle-udenslidejs-serfotajs\\\/#primaryimage\"},\"thumbnailUrl\":\"https:\\\/\\\/dodo-inflatables.com\\\/wp-content\\\/uploads\\\/2020\\\/11\\\/Buy-Inflatable-Bouncy-Castle-Water-Slide-Surfer-5.jpg\",\"datePublished\":\"2020-11-04T10:46:28+00:00\",\"dateModified\":\"2024-06-01T16:30:22+00:00\",\"description\":\"Ieg\u0101d\u0101jieties m\u016bsu Piep\u016b\u0161amo \u016bdensslido\u0161anas pili \\\"Surfer Waterslide Bouncy Castle\\\" tie\u0161saist\u0113 vietn\u0113 dodo-inflatables | Pla\u0161a izv\u0113le noliktav\u0101 | Sertific\u0113ts saska\u0146\u0101 ar EN14960 | \u0100tra pieg\u0101de\",\"breadcrumb\":{\"@id\":\"https:\\\/\\\/dodo-inflatables.com\\\/lv\\\/product\\\/bouncy-castle-udenslidejs-serfotajs\\\/#breadcrumb\"},\"inLanguage\":\"lv-LV\",\"potentialAction\":[{\"@type\":\"ReadAction\",\"target\":[\"https:\\\/\\\/dodo-inflatables.com\\\/lv\\\/product\\\/bouncy-castle-udenslidejs-serfotajs\\\/\"]}]},{\"@type\":\"ImageObject\",\"inLanguage\":\"lv-LV\",\"@id\":\"https:\\\/\\\/dodo-inflatables.com\\\/lv\\\/product\\\/bouncy-castle-udenslidejs-serfotajs\\\/#primaryimage\",\"url\":\"https:\\\/\\\/dodo-inflatables.com\\\/wp-content\\\/uploads\\\/2020\\\/11\\\/Buy-Inflatable-Bouncy-Castle-Water-Slide-Surfer-5.jpg\",\"contentUrl\":\"https:\\\/\\\/dodo-inflatables.com\\\/wp-content\\\/uploads\\\/2020\\\/11\\\/Buy-Inflatable-Bouncy-Castle-Water-Slide-Surfer-5.jpg\",\"width\":500,\"height\":500},{\"@type\":\"BreadcrumbList\",\"@id\":\"https:\\\/\\\/dodo-inflatables.com\\\/lv\\\/product\\\/bouncy-castle-udenslidejs-serfotajs\\\/#breadcrumb\",\"itemListElement\":[{\"@type\":\"ListItem\",\"position\":1,\"name\":\"Home\",\"item\":\"https:\\\/\\\/dodo-inflatables.com\\\/lv\\\/\"},{\"@type\":\"ListItem\",\"position\":2,\"name\":\"Veikals\",\"item\":\"https:\\\/\\\/dodo-inflatables.com\\\/lv\\\/veikals\\\/\"},{\"@type\":\"ListItem\",\"position\":3,\"name\":\"Bouncy Castle \u016adensl\u012bd\u0113js s\u0113rfot\u0101js\"}]},{\"@type\":\"WebSite\",\"@id\":\"https:\\\/\\\/dodo-inflatables.com\\\/lv\\\/#website\",\"url\":\"https:\\\/\\\/dodo-inflatables.com\\\/lv\\\/\",\"name\":\"dodo-inflatables.com\",\"description\":\"Ieg\u0101d\u0101jieties leco\u0161\u0101s pilis un atrakcijas m\u016bsu veikal\u0101.\",\"publisher\":{\"@id\":\"https:\\\/\\\/dodo-inflatables.com\\\/lv\\\/#organization\"},\"potentialAction\":[{\"@type\":\"SearchAction\",\"target\":{\"@type\":\"EntryPoint\",\"urlTemplate\":\"https:\\\/\\\/dodo-inflatables.com\\\/lv\\\/?s={search_term_string}\"},\"query-input\":{\"@type\":\"PropertyValueSpecification\",\"valueRequired\":true,\"valueName\":\"search_term_string\"}}],\"inLanguage\":\"lv-LV\"},{\"@type\":\"Organization\",\"@id\":\"https:\\\/\\\/dodo-inflatables.com\\\/lv\\\/#organization\",\"name\":\"dodo-inflatables.com\",\"url\":\"https:\\\/\\\/dodo-inflatables.com\\\/lv\\\/\",\"logo\":{\"@type\":\"ImageObject\",\"inLanguage\":\"lv-LV\",\"@id\":\"https:\\\/\\\/dodo-inflatables.com\\\/lv\\\/#\\\/schema\\\/logo\\\/image\\\/\",\"url\":\"https:\\\/\\\/dodo-inflatables.com\\\/wp-content\\\/uploads\\\/2023\\\/04\\\/cropped-cropped-cropped-Dodo-Logo.png\",\"contentUrl\":\"https:\\\/\\\/dodo-inflatables.com\\\/wp-content\\\/uploads\\\/2023\\\/04\\\/cropped-cropped-cropped-Dodo-Logo.png\",\"width\":2996,\"height\":1545,\"caption\":\"dodo-inflatables.com\"},\"image\":{\"@id\":\"https:\\\/\\\/dodo-inflatables.com\\\/lv\\\/#\\\/schema\\\/logo\\\/image\\\/\"}}]}<\/script>\n<!-- \/ Yoast SEO plugin. -->","yoast_head_json":{"title":"Piep\u016b\u0161am\u0101 \u016bdenss\u0113rfot\u0101ju \u016bdenssl\u012bde Bouncy Castle | Dodo-Inflatables.com","description":"Ieg\u0101d\u0101jieties m\u016bsu Piep\u016b\u0161amo \u016bdensslido\u0161anas pili \"Surfer Waterslide Bouncy Castle\" tie\u0161saist\u0113 vietn\u0113 dodo-inflatables | Pla\u0161a izv\u0113le noliktav\u0101 | Sertific\u0113ts saska\u0146\u0101 ar EN14960 | \u0100tra pieg\u0101de","robots":{"index":"index","follow":"follow","max-snippet":"max-snippet:-1","max-image-preview":"max-image-preview:large","max-video-preview":"max-video-preview:-1"},"canonical":"https:\/\/dodo-inflatables.com\/lv\/product\/bouncy-castle-udenslidejs-serfotajs\/","twitter_misc":{"Est. reading time":"3 minutes"},"schema":{"@context":"https:\/\/schema.org","@graph":[{"@type":"WebPage","@id":"https:\/\/dodo-inflatables.com\/lv\/product\/bouncy-castle-udenslidejs-serfotajs\/","url":"https:\/\/dodo-inflatables.com\/lv\/product\/bouncy-castle-udenslidejs-serfotajs\/","name":"Piep\u016b\u0161am\u0101 \u016bdenss\u0113rfot\u0101ju \u016bdenssl\u012bde Bouncy Castle | Dodo-Inflatables.com","isPartOf":{"@id":"https:\/\/dodo-inflatables.com\/lv\/#website"},"primaryImageOfPage":{"@id":"https:\/\/dodo-inflatables.com\/lv\/product\/bouncy-castle-udenslidejs-serfotajs\/#primaryimage"},"image":{"@id":"https:\/\/dodo-inflatables.com\/lv\/product\/bouncy-castle-udenslidejs-serfotajs\/#primaryimage"},"thumbnailUrl":"https:\/\/dodo-inflatables.com\/wp-content\/uploads\/2020\/11\/Buy-Inflatable-Bouncy-Castle-Water-Slide-Surfer-5.jpg","datePublished":"2020-11-04T10:46:28+00:00","dateModified":"2024-06-01T16:30:22+00:00","description":"Ieg\u0101d\u0101jieties m\u016bsu Piep\u016b\u0161amo \u016bdensslido\u0161anas pili \"Surfer Waterslide Bouncy Castle\" tie\u0161saist\u0113 vietn\u0113 dodo-inflatables | Pla\u0161a izv\u0113le noliktav\u0101 | Sertific\u0113ts saska\u0146\u0101 ar EN14960 | \u0100tra pieg\u0101de","breadcrumb":{"@id":"https:\/\/dodo-inflatables.com\/lv\/product\/bouncy-castle-udenslidejs-serfotajs\/#breadcrumb"},"inLanguage":"lv-LV","potentialAction":[{"@type":"ReadAction","target":["https:\/\/dodo-inflatables.com\/lv\/product\/bouncy-castle-udenslidejs-serfotajs\/"]}]},{"@type":"ImageObject","inLanguage":"lv-LV","@id":"https:\/\/dodo-inflatables.com\/lv\/product\/bouncy-castle-udenslidejs-serfotajs\/#primaryimage","url":"https:\/\/dodo-inflatables.com\/wp-content\/uploads\/2020\/11\/Buy-Inflatable-Bouncy-Castle-Water-Slide-Surfer-5.jpg","contentUrl":"https:\/\/dodo-inflatables.com\/wp-content\/uploads\/2020\/11\/Buy-Inflatable-Bouncy-Castle-Water-Slide-Surfer-5.jpg","width":500,"height":500},{"@type":"BreadcrumbList","@id":"https:\/\/dodo-inflatables.com\/lv\/product\/bouncy-castle-udenslidejs-serfotajs\/#breadcrumb","itemListElement":[{"@type":"ListItem","position":1,"name":"Home","item":"https:\/\/dodo-inflatables.com\/lv\/"},{"@type":"ListItem","position":2,"name":"Veikals","item":"https:\/\/dodo-inflatables.com\/lv\/veikals\/"},{"@type":"ListItem","position":3,"name":"Bouncy Castle \u016adensl\u012bd\u0113js s\u0113rfot\u0101js"}]},{"@type":"WebSite","@id":"https:\/\/dodo-inflatables.com\/lv\/#website","url":"https:\/\/dodo-inflatables.com\/lv\/","name":"dodo-inflatables.com","description":"Ieg\u0101d\u0101jieties leco\u0161\u0101s pilis un atrakcijas m\u016bsu veikal\u0101.","publisher":{"@id":"https:\/\/dodo-inflatables.com\/lv\/#organization"},"potentialAction":[{"@type":"SearchAction","target":{"@type":"EntryPoint","urlTemplate":"https:\/\/dodo-inflatables.com\/lv\/?s={search_term_string}"},"query-input":{"@type":"PropertyValueSpecification","valueRequired":true,"valueName":"search_term_string"}}],"inLanguage":"lv-LV"},{"@type":"Organization","@id":"https:\/\/dodo-inflatables.com\/lv\/#organization","name":"dodo-inflatables.com","url":"https:\/\/dodo-inflatables.com\/lv\/","logo":{"@type":"ImageObject","inLanguage":"lv-LV","@id":"https:\/\/dodo-inflatables.com\/lv\/#\/schema\/logo\/image\/","url":"https:\/\/dodo-inflatables.com\/wp-content\/uploads\/2023\/04\/cropped-cropped-cropped-Dodo-Logo.png","contentUrl":"https:\/\/dodo-inflatables.com\/wp-content\/uploads\/2023\/04\/cropped-cropped-cropped-Dodo-Logo.png","width":2996,"height":1545,"caption":"dodo-inflatables.com"},"image":{"@id":"https:\/\/dodo-inflatables.com\/lv\/#\/schema\/logo\/image\/"}}]}},"uagb_featured_image_src":{"full":["https:\/\/dodo-inflatables.com\/wp-content\/uploads\/2020\/11\/Buy-Inflatable-Bouncy-Castle-Water-Slide-Surfer-5.jpg",500,500,false],"thumbnail":["https:\/\/dodo-inflatables.com\/wp-content\/uploads\/2020\/11\/Buy-Inflatable-Bouncy-Castle-Water-Slide-Surfer-5-150x150.jpg",150,150,true],"medium":["https:\/\/dodo-inflatables.com\/wp-content\/uploads\/2020\/11\/Buy-Inflatable-Bouncy-Castle-Water-Slide-Surfer-5-300x300.jpg",300,300,true],"medium_large":["https:\/\/dodo-inflatables.com\/wp-content\/uploads\/2020\/11\/Buy-Inflatable-Bouncy-Castle-Water-Slide-Surfer-5.jpg",500,500,false],"large":["https:\/\/dodo-inflatables.com\/wp-content\/uploads\/2020\/11\/Buy-Inflatable-Bouncy-Castle-Water-Slide-Surfer-5.jpg",500,500,false],"1536x1536":["https:\/\/dodo-inflatables.com\/wp-content\/uploads\/2020\/11\/Buy-Inflatable-Bouncy-Castle-Water-Slide-Surfer-5.jpg",500,500,false],"2048x2048":["https:\/\/dodo-inflatables.com\/wp-content\/uploads\/2020\/11\/Buy-Inflatable-Bouncy-Castle-Water-Slide-Surfer-5.jpg",500,500,false],"woocommerce_thumbnail":["https:\/\/dodo-inflatables.com\/wp-content\/uploads\/2020\/11\/Buy-Inflatable-Bouncy-Castle-Water-Slide-Surfer-5.jpg",500,500,false],"woocommerce_single":["https:\/\/dodo-inflatables.com\/wp-content\/uploads\/2020\/11\/Buy-Inflatable-Bouncy-Castle-Water-Slide-Surfer-5.jpg",500,500,false],"woocommerce_gallery_thumbnail":["https:\/\/dodo-inflatables.com\/wp-content\/uploads\/2020\/11\/Buy-Inflatable-Bouncy-Castle-Water-Slide-Surfer-5-100x100.jpg",100,100,true]},"uagb_author_info":{"display_name":"Andreas","author_link":"https:\/\/dodo-inflatables.com\/lv\/author\/"},"uagb_comment_info":0,"uagb_excerpt":"Izm\u0113ri (garums x platums x augstums): 7,00 m x 4,00 m x 5,00 m * Piem\u0113rots aptuveni 10 b\u0113rniem (atkar\u012bb\u0101 no vecuma un izm\u0113ra). Profesion\u0101ls modulis - piem\u0113rots komerci\u0101lai un priv\u0101tai lieto\u0161anai PVC (0,55 mm \/ 621,3 g\/m2) \u0160\u016btas 2-4 reizes (atkar\u012bb\u0101 no lieto\u0161anas veida) Ugunsdro\u0161s Apstiprin\u0101juma sertifik\u0101ts saska\u0146\u0101 ar EN 14960 Tostarp individu\u0101lais s\u0113rijas&hellip;","_links":{"self":[{"href":"https:\/\/dodo-inflatables.com\/lv\/wp-json\/wp\/v2\/product\/13793","targetHints":{"allow":["GET"]}}],"collection":[{"href":"https:\/\/dodo-inflatables.com\/lv\/wp-json\/wp\/v2\/product"}],"about":[{"href":"https:\/\/dodo-inflatables.com\/lv\/wp-json\/wp\/v2\/types\/product"}],"replies":[{"embeddable":true,"href":"https:\/\/dodo-inflatables.com\/lv\/wp-json\/wp\/v2\/comments?post=13793"}],"wp:featuredmedia":[{"embeddable":true,"href":"https:\/\/dodo-inflatables.com\/lv\/wp-json\/wp\/v2\/media\/50973"}],"wp:attachment":[{"href":"https:\/\/dodo-inflatables.com\/lv\/wp-json\/wp\/v2\/media?parent=13793"}],"wp:term":[{"taxonomy":"product_brand","embeddable":true,"href":"https:\/\/dodo-inflatables.com\/lv\/wp-json\/wp\/v2\/product_brand?post=13793"},{"taxonomy":"product_cat","embeddable":true,"href":"https:\/\/dodo-inflatables.com\/lv\/wp-json\/wp\/v2\/product_cat?post=13793"},{"taxonomy":"product_tag","embeddable":true,"href":"https:\/\/dodo-inflatables.com\/lv\/wp-json\/wp\/v2\/product_tag?post=13793"}],"curies":[{"name":"wp","href":"https:\/\/api.w.org\/{rel}","templated":true}]}}