{"id":13886,"date":"2020-04-15T10:33:18","date_gmt":"2020-04-15T08:33:18","guid":{"rendered":"https:\/\/dodo-inflatables.com\/product\/zemes-loksne-5-x-6-metri-balta\/"},"modified":"2024-06-01T18:30:58","modified_gmt":"2024-06-01T16:30:58","slug":"zemes-loksne-5-x-6-metri-balta","status":"publish","type":"product","link":"https:\/\/dodo-inflatables.com\/lv\/product\/zemes-loksne-5-x-6-metri-balta\/","title":{"rendered":"Zemes loksne 5 x 6 metri &#8211; balta"},"content":{"rendered":"<h2>Nopirkt Zemes segums uzp\u016b\u0161amaj\u0101m pil\u012bm &#8211; balts<\/h2>\n<p>Lai nodro\u0161in\u0101tu ilgsto\u0161u prieku ar savu lecamauklu, m\u0113s iesak\u0101m izmantot brezentu. Neatkar\u012bgi no t\u0101, uz k\u0101das virsmas tiek uzst\u0101d\u012bts lecamaukls vai taml\u012bdz\u012bgi piep\u016b\u0161amie modu\u013ci, piem\u0113rots grunts brezents nodro\u0161ina optim\u0101lu aizsardz\u012bbu lecamaukla pamatnei.<\/p>\n<p>Baltais brezents ir ide\u0101li piem\u0113rots m\u016bsu <a href=\"https:\/\/dodo-inflatables.com\/lv\/product\/bouncy-pils-kazas\/\">k\u0101zu uzp\u016b\u0161amajai pilij<\/a>.<\/p>\n<p><strong>Zemes brezenta deta\u013cas:<\/strong><\/p>\n<ul>\n<li>Izm\u0113ri (garums x platums): apm. 5,00 m x 6,00 m<\/li>\n<li>Piestiprin\u0101\u0161anas cilpas aptuveni 50 cm interv\u0101los.<\/li>\n<li>PE 260 g\/kv.m<\/li>\n<li>\u016adensnecaurlaid\u012bgs, iztur\u012bgs pret laikapst\u0101k\u013ciem un pl\u012bsumiem<\/li>\n<\/ul>\n","protected":false},"excerpt":{"rendered":"<ul>\n<li>Izm\u0113ri (garums x platums): apm. 5,00 m x 6,00 m<\/li>\n<li>Piestiprin\u0101\u0161anas cilpas aptuveni 50 cm interv\u0101los.<\/li>\n<li>PE 260 g\/kv.m<\/li>\n<li>\u016adensnecaurlaid\u012bgs, iztur\u012bgs pret laikapst\u0101k\u013ciem un pl\u012bsumiem<\/li>\n<\/ul>\n","protected":false},"featured_media":13888,"comment_status":"open","ping_status":"closed","template":"","meta":{"_acf_changed":false,"_uag_custom_page_level_css":"","site-sidebar-layout":"default","site-content-layout":"boxed-container","ast-site-content-layout":"normal-width-container","site-content-style":"boxed","site-sidebar-style":"boxed","ast-global-header-display":"","ast-banner-title-visibility":"","ast-main-header-display":"","ast-hfb-above-header-display":"","ast-hfb-below-header-display":"","ast-hfb-mobile-header-display":"","site-post-title":"disabled","ast-breadcrumbs-content":"","ast-featured-img":"","footer-sml-layout":"","ast-disable-related-posts":"","theme-transparent-header-meta":"default","adv-header-id-meta":"","stick-header-meta":"default","header-above-stick-meta":"","header-main-stick-meta":"","header-below-stick-meta":"","astra-migrate-meta-layouts":"default","ast-page-background-enabled":"default","ast-page-background-meta":{"desktop":{"background-color":"var(--ast-global-color-4)","background-image":"","background-repeat":"repeat","background-position":"center center","background-size":"auto","background-attachment":"scroll","background-type":"","background-media":"","overlay-type":"","overlay-color":"","overlay-opacity":"","overlay-gradient":""},"tablet":{"background-color":"","background-image":"","background-repeat":"repeat","background-position":"center center","background-size":"auto","background-attachment":"scroll","background-type":"","background-media":"","overlay-type":"","overlay-color":"","overlay-opacity":"","overlay-gradient":""},"mobile":{"background-color":"","background-image":"","background-repeat":"repeat","background-position":"center center","background-size":"auto","background-attachment":"scroll","background-type":"","background-media":"","overlay-type":"","overlay-color":"","overlay-opacity":"","overlay-gradient":""}},"ast-content-background-meta":{"desktop":{"background-color":"var(--ast-global-color-5)","background-image":"","background-repeat":"repeat","background-position":"center center","background-size":"auto","background-attachment":"scroll","background-type":"","background-media":"","overlay-type":"","overlay-color":"","overlay-opacity":"","overlay-gradient":""},"tablet":{"background-color":"var(--ast-global-color-5)","background-image":"","background-repeat":"repeat","background-position":"center center","background-size":"auto","background-attachment":"scroll","background-type":"","background-media":"","overlay-type":"","overlay-color":"","overlay-opacity":"","overlay-gradient":""},"mobile":{"background-color":"var(--ast-global-color-5)","background-image":"","background-repeat":"repeat","background-position":"center center","background-size":"auto","background-attachment":"scroll","background-type":"","background-media":"","overlay-type":"","overlay-color":"","overlay-opacity":"","overlay-gradient":""}}},"product_brand":[],"product_cat":[1154],"product_tag":[],"class_list":{"0":"post-13886","1":"product","2":"type-product","3":"status-publish","4":"has-post-thumbnail","6":"product_cat-piedavajumi","7":"product_shipping_class-zubehor-lv","8":"desktop-align-center","9":"tablet-align-center","10":"mobile-align-center","11":"ast-product-gallery-layout-horizontal","12":"ast-product-gallery-with-no-image","13":"ast-product-tabs-layout-horizontal","15":"first","16":"instock","17":"taxable","18":"shipping-taxable","19":"purchasable","20":"product-type-simple"},"acf":[],"yoast_head":"<!-- This site is optimized with the Yoast SEO plugin v27.3 - https:\/\/yoast.com\/product\/yoast-seo-wordpress\/ -->\n<title>Piep\u016b\u0161amo pl\u0101k\u0161\u0146u zemes p\u0101rkl\u0101ju ieg\u0101de | Dodo-Inflatables.com<\/title>\n<meta name=\"description\" content=\"Ieg\u0101d\u0101jieties atbilsto\u0161us piederumus, piem\u0113ram, stabilas piep\u016b\u0161amo konstrukciju pamatnes, tie\u0161i tie\u0161saist\u0113 Dodo-Inflatables.com | Sertific\u0113ts saska\u0146\u0101 ar EN14960 | \u0100tra pieg\u0101de!\" \/>\n<meta name=\"robots\" content=\"index, follow, max-snippet:-1, max-image-preview:large, max-video-preview:-1\" \/>\n<link rel=\"canonical\" href=\"https:\/\/dodo-inflatables.com\/lv\/product\/zemes-loksne-5-x-6-metri-balta\/\" \/>\n<meta name=\"twitter:label1\" content=\"Est. reading time\" \/>\n\t<meta name=\"twitter:data1\" content=\"1 minute\" \/>\n<script type=\"application\/ld+json\" class=\"yoast-schema-graph\">{\"@context\":\"https:\\\/\\\/schema.org\",\"@graph\":[{\"@type\":\"WebPage\",\"@id\":\"https:\\\/\\\/dodo-inflatables.com\\\/lv\\\/product\\\/zemes-loksne-5-x-6-metri-balta\\\/\",\"url\":\"https:\\\/\\\/dodo-inflatables.com\\\/lv\\\/product\\\/zemes-loksne-5-x-6-metri-balta\\\/\",\"name\":\"Piep\u016b\u0161amo pl\u0101k\u0161\u0146u zemes p\u0101rkl\u0101ju ieg\u0101de | Dodo-Inflatables.com\",\"isPartOf\":{\"@id\":\"https:\\\/\\\/dodo-inflatables.com\\\/lv\\\/#website\"},\"primaryImageOfPage\":{\"@id\":\"https:\\\/\\\/dodo-inflatables.com\\\/lv\\\/product\\\/zemes-loksne-5-x-6-metri-balta\\\/#primaryimage\"},\"image\":{\"@id\":\"https:\\\/\\\/dodo-inflatables.com\\\/lv\\\/product\\\/zemes-loksne-5-x-6-metri-balta\\\/#primaryimage\"},\"thumbnailUrl\":\"https:\\\/\\\/dodo-inflatables.com\\\/wp-content\\\/uploads\\\/2020\\\/04\\\/unterlegplane-weis-kaufen.jpg\",\"datePublished\":\"2020-04-15T08:33:18+00:00\",\"dateModified\":\"2024-06-01T16:30:58+00:00\",\"description\":\"Ieg\u0101d\u0101jieties atbilsto\u0161us piederumus, piem\u0113ram, stabilas piep\u016b\u0161amo konstrukciju pamatnes, tie\u0161i tie\u0161saist\u0113 Dodo-Inflatables.com | Sertific\u0113ts saska\u0146\u0101 ar EN14960 | \u0100tra pieg\u0101de!\",\"breadcrumb\":{\"@id\":\"https:\\\/\\\/dodo-inflatables.com\\\/lv\\\/product\\\/zemes-loksne-5-x-6-metri-balta\\\/#breadcrumb\"},\"inLanguage\":\"lv-LV\",\"potentialAction\":[{\"@type\":\"ReadAction\",\"target\":[\"https:\\\/\\\/dodo-inflatables.com\\\/lv\\\/product\\\/zemes-loksne-5-x-6-metri-balta\\\/\"]}]},{\"@type\":\"ImageObject\",\"inLanguage\":\"lv-LV\",\"@id\":\"https:\\\/\\\/dodo-inflatables.com\\\/lv\\\/product\\\/zemes-loksne-5-x-6-metri-balta\\\/#primaryimage\",\"url\":\"https:\\\/\\\/dodo-inflatables.com\\\/wp-content\\\/uploads\\\/2020\\\/04\\\/unterlegplane-weis-kaufen.jpg\",\"contentUrl\":\"https:\\\/\\\/dodo-inflatables.com\\\/wp-content\\\/uploads\\\/2020\\\/04\\\/unterlegplane-weis-kaufen.jpg\",\"width\":500,\"height\":500},{\"@type\":\"BreadcrumbList\",\"@id\":\"https:\\\/\\\/dodo-inflatables.com\\\/lv\\\/product\\\/zemes-loksne-5-x-6-metri-balta\\\/#breadcrumb\",\"itemListElement\":[{\"@type\":\"ListItem\",\"position\":1,\"name\":\"Home\",\"item\":\"https:\\\/\\\/dodo-inflatables.com\\\/lv\\\/\"},{\"@type\":\"ListItem\",\"position\":2,\"name\":\"Veikals\",\"item\":\"https:\\\/\\\/dodo-inflatables.com\\\/lv\\\/veikals\\\/\"},{\"@type\":\"ListItem\",\"position\":3,\"name\":\"Zemes loksne 5 x 6 metri &#8211; balta\"}]},{\"@type\":\"WebSite\",\"@id\":\"https:\\\/\\\/dodo-inflatables.com\\\/lv\\\/#website\",\"url\":\"https:\\\/\\\/dodo-inflatables.com\\\/lv\\\/\",\"name\":\"dodo-inflatables.com\",\"description\":\"Ieg\u0101d\u0101jieties leco\u0161\u0101s pilis un atrakcijas m\u016bsu veikal\u0101.\",\"publisher\":{\"@id\":\"https:\\\/\\\/dodo-inflatables.com\\\/lv\\\/#organization\"},\"potentialAction\":[{\"@type\":\"SearchAction\",\"target\":{\"@type\":\"EntryPoint\",\"urlTemplate\":\"https:\\\/\\\/dodo-inflatables.com\\\/lv\\\/?s={search_term_string}\"},\"query-input\":{\"@type\":\"PropertyValueSpecification\",\"valueRequired\":true,\"valueName\":\"search_term_string\"}}],\"inLanguage\":\"lv-LV\"},{\"@type\":\"Organization\",\"@id\":\"https:\\\/\\\/dodo-inflatables.com\\\/lv\\\/#organization\",\"name\":\"dodo-inflatables.com\",\"url\":\"https:\\\/\\\/dodo-inflatables.com\\\/lv\\\/\",\"logo\":{\"@type\":\"ImageObject\",\"inLanguage\":\"lv-LV\",\"@id\":\"https:\\\/\\\/dodo-inflatables.com\\\/lv\\\/#\\\/schema\\\/logo\\\/image\\\/\",\"url\":\"https:\\\/\\\/dodo-inflatables.com\\\/wp-content\\\/uploads\\\/2023\\\/04\\\/cropped-cropped-cropped-Dodo-Logo.png\",\"contentUrl\":\"https:\\\/\\\/dodo-inflatables.com\\\/wp-content\\\/uploads\\\/2023\\\/04\\\/cropped-cropped-cropped-Dodo-Logo.png\",\"width\":2996,\"height\":1545,\"caption\":\"dodo-inflatables.com\"},\"image\":{\"@id\":\"https:\\\/\\\/dodo-inflatables.com\\\/lv\\\/#\\\/schema\\\/logo\\\/image\\\/\"}}]}<\/script>\n<!-- \/ Yoast SEO plugin. -->","yoast_head_json":{"title":"Piep\u016b\u0161amo pl\u0101k\u0161\u0146u zemes p\u0101rkl\u0101ju ieg\u0101de | Dodo-Inflatables.com","description":"Ieg\u0101d\u0101jieties atbilsto\u0161us piederumus, piem\u0113ram, stabilas piep\u016b\u0161amo konstrukciju pamatnes, tie\u0161i tie\u0161saist\u0113 Dodo-Inflatables.com | Sertific\u0113ts saska\u0146\u0101 ar EN14960 | \u0100tra pieg\u0101de!","robots":{"index":"index","follow":"follow","max-snippet":"max-snippet:-1","max-image-preview":"max-image-preview:large","max-video-preview":"max-video-preview:-1"},"canonical":"https:\/\/dodo-inflatables.com\/lv\/product\/zemes-loksne-5-x-6-metri-balta\/","twitter_misc":{"Est. reading time":"1 minute"},"schema":{"@context":"https:\/\/schema.org","@graph":[{"@type":"WebPage","@id":"https:\/\/dodo-inflatables.com\/lv\/product\/zemes-loksne-5-x-6-metri-balta\/","url":"https:\/\/dodo-inflatables.com\/lv\/product\/zemes-loksne-5-x-6-metri-balta\/","name":"Piep\u016b\u0161amo pl\u0101k\u0161\u0146u zemes p\u0101rkl\u0101ju ieg\u0101de | Dodo-Inflatables.com","isPartOf":{"@id":"https:\/\/dodo-inflatables.com\/lv\/#website"},"primaryImageOfPage":{"@id":"https:\/\/dodo-inflatables.com\/lv\/product\/zemes-loksne-5-x-6-metri-balta\/#primaryimage"},"image":{"@id":"https:\/\/dodo-inflatables.com\/lv\/product\/zemes-loksne-5-x-6-metri-balta\/#primaryimage"},"thumbnailUrl":"https:\/\/dodo-inflatables.com\/wp-content\/uploads\/2020\/04\/unterlegplane-weis-kaufen.jpg","datePublished":"2020-04-15T08:33:18+00:00","dateModified":"2024-06-01T16:30:58+00:00","description":"Ieg\u0101d\u0101jieties atbilsto\u0161us piederumus, piem\u0113ram, stabilas piep\u016b\u0161amo konstrukciju pamatnes, tie\u0161i tie\u0161saist\u0113 Dodo-Inflatables.com | Sertific\u0113ts saska\u0146\u0101 ar EN14960 | \u0100tra pieg\u0101de!","breadcrumb":{"@id":"https:\/\/dodo-inflatables.com\/lv\/product\/zemes-loksne-5-x-6-metri-balta\/#breadcrumb"},"inLanguage":"lv-LV","potentialAction":[{"@type":"ReadAction","target":["https:\/\/dodo-inflatables.com\/lv\/product\/zemes-loksne-5-x-6-metri-balta\/"]}]},{"@type":"ImageObject","inLanguage":"lv-LV","@id":"https:\/\/dodo-inflatables.com\/lv\/product\/zemes-loksne-5-x-6-metri-balta\/#primaryimage","url":"https:\/\/dodo-inflatables.com\/wp-content\/uploads\/2020\/04\/unterlegplane-weis-kaufen.jpg","contentUrl":"https:\/\/dodo-inflatables.com\/wp-content\/uploads\/2020\/04\/unterlegplane-weis-kaufen.jpg","width":500,"height":500},{"@type":"BreadcrumbList","@id":"https:\/\/dodo-inflatables.com\/lv\/product\/zemes-loksne-5-x-6-metri-balta\/#breadcrumb","itemListElement":[{"@type":"ListItem","position":1,"name":"Home","item":"https:\/\/dodo-inflatables.com\/lv\/"},{"@type":"ListItem","position":2,"name":"Veikals","item":"https:\/\/dodo-inflatables.com\/lv\/veikals\/"},{"@type":"ListItem","position":3,"name":"Zemes loksne 5 x 6 metri &#8211; balta"}]},{"@type":"WebSite","@id":"https:\/\/dodo-inflatables.com\/lv\/#website","url":"https:\/\/dodo-inflatables.com\/lv\/","name":"dodo-inflatables.com","description":"Ieg\u0101d\u0101jieties leco\u0161\u0101s pilis un atrakcijas m\u016bsu veikal\u0101.","publisher":{"@id":"https:\/\/dodo-inflatables.com\/lv\/#organization"},"potentialAction":[{"@type":"SearchAction","target":{"@type":"EntryPoint","urlTemplate":"https:\/\/dodo-inflatables.com\/lv\/?s={search_term_string}"},"query-input":{"@type":"PropertyValueSpecification","valueRequired":true,"valueName":"search_term_string"}}],"inLanguage":"lv-LV"},{"@type":"Organization","@id":"https:\/\/dodo-inflatables.com\/lv\/#organization","name":"dodo-inflatables.com","url":"https:\/\/dodo-inflatables.com\/lv\/","logo":{"@type":"ImageObject","inLanguage":"lv-LV","@id":"https:\/\/dodo-inflatables.com\/lv\/#\/schema\/logo\/image\/","url":"https:\/\/dodo-inflatables.com\/wp-content\/uploads\/2023\/04\/cropped-cropped-cropped-Dodo-Logo.png","contentUrl":"https:\/\/dodo-inflatables.com\/wp-content\/uploads\/2023\/04\/cropped-cropped-cropped-Dodo-Logo.png","width":2996,"height":1545,"caption":"dodo-inflatables.com"},"image":{"@id":"https:\/\/dodo-inflatables.com\/lv\/#\/schema\/logo\/image\/"}}]}},"uagb_featured_image_src":{"full":["https:\/\/dodo-inflatables.com\/wp-content\/uploads\/2020\/04\/unterlegplane-weis-kaufen.jpg",500,500,false],"thumbnail":["https:\/\/dodo-inflatables.com\/wp-content\/uploads\/2020\/04\/unterlegplane-weis-kaufen-150x150.jpg",150,150,true],"medium":["https:\/\/dodo-inflatables.com\/wp-content\/uploads\/2020\/04\/unterlegplane-weis-kaufen-300x300.jpg",300,300,true],"medium_large":["https:\/\/dodo-inflatables.com\/wp-content\/uploads\/2020\/04\/unterlegplane-weis-kaufen.jpg",500,500,false],"large":["https:\/\/dodo-inflatables.com\/wp-content\/uploads\/2020\/04\/unterlegplane-weis-kaufen.jpg",500,500,false],"1536x1536":["https:\/\/dodo-inflatables.com\/wp-content\/uploads\/2020\/04\/unterlegplane-weis-kaufen.jpg",500,500,false],"2048x2048":["https:\/\/dodo-inflatables.com\/wp-content\/uploads\/2020\/04\/unterlegplane-weis-kaufen.jpg",500,500,false],"woocommerce_thumbnail":["https:\/\/dodo-inflatables.com\/wp-content\/uploads\/2020\/04\/unterlegplane-weis-kaufen.jpg",500,500,false],"woocommerce_single":["https:\/\/dodo-inflatables.com\/wp-content\/uploads\/2020\/04\/unterlegplane-weis-kaufen.jpg",500,500,false],"woocommerce_gallery_thumbnail":["https:\/\/dodo-inflatables.com\/wp-content\/uploads\/2020\/04\/unterlegplane-weis-kaufen-100x100.jpg",100,100,true]},"uagb_author_info":{"display_name":"Andreas","author_link":"https:\/\/dodo-inflatables.com\/lv\/author\/"},"uagb_comment_info":0,"uagb_excerpt":"Izm\u0113ri (garums x platums): apm. 5,00 m x 6,00 m Piestiprin\u0101\u0161anas cilpas aptuveni 50 cm interv\u0101los. PE 260 g\/kv.m \u016adensnecaurlaid\u012bgs, iztur\u012bgs pret laikapst\u0101k\u013ciem un pl\u012bsumiem","_links":{"self":[{"href":"https:\/\/dodo-inflatables.com\/lv\/wp-json\/wp\/v2\/product\/13886","targetHints":{"allow":["GET"]}}],"collection":[{"href":"https:\/\/dodo-inflatables.com\/lv\/wp-json\/wp\/v2\/product"}],"about":[{"href":"https:\/\/dodo-inflatables.com\/lv\/wp-json\/wp\/v2\/types\/product"}],"replies":[{"embeddable":true,"href":"https:\/\/dodo-inflatables.com\/lv\/wp-json\/wp\/v2\/comments?post=13886"}],"wp:featuredmedia":[{"embeddable":true,"href":"https:\/\/dodo-inflatables.com\/lv\/wp-json\/wp\/v2\/media\/13888"}],"wp:attachment":[{"href":"https:\/\/dodo-inflatables.com\/lv\/wp-json\/wp\/v2\/media?parent=13886"}],"wp:term":[{"taxonomy":"product_brand","embeddable":true,"href":"https:\/\/dodo-inflatables.com\/lv\/wp-json\/wp\/v2\/product_brand?post=13886"},{"taxonomy":"product_cat","embeddable":true,"href":"https:\/\/dodo-inflatables.com\/lv\/wp-json\/wp\/v2\/product_cat?post=13886"},{"taxonomy":"product_tag","embeddable":true,"href":"https:\/\/dodo-inflatables.com\/lv\/wp-json\/wp\/v2\/product_tag?post=13886"}],"curies":[{"name":"wp","href":"https:\/\/api.w.org\/{rel}","templated":true}]}}