{"id":13988,"date":"2019-12-27T16:58:29","date_gmt":"2019-12-27T15:58:29","guid":{"rendered":"https:\/\/dodo-inflatables.com\/product\/uzpusama-pils-govs-ar-slidkalninu\/"},"modified":"2026-04-17T10:57:53","modified_gmt":"2026-04-17T08:57:53","slug":"uzpusama-pils-govs-ar-slidkalninu","status":"publish","type":"product","link":"https:\/\/dodo-inflatables.com\/lv\/product\/uzpusama-pils-govs-ar-slidkalninu\/","title":{"rendered":"Uzp\u016b\u0161am\u0101 pils Govs ar sl\u012bdkalni\u0146u"},"content":{"rendered":"<h2>Nopirkt Govs Bouncy pils ar slaidu<\/h2>\n<p>Govju l\u0113k\u0101jam\u0101 m\u0101ja ir k\u0101 m\u0101j\u0101s ne tikai Alpos, bet ar\u012b jebkur\u0101 saimniec\u012bb\u0101 un pie jebkura dz\u012bvnieku m\u012b\u013cot\u0101ja. \u0160is dizains ir dzimumu zi\u0146\u0101 neitr\u0101ls un vienl\u012bdz popul\u0101rs, neatkar\u012bgi no t\u0101, vai tas ir z\u0113ns vai meitene, jautr\u012bba ir garant\u0113ta. S\u0101nu sl\u012bdkalni\u0146\u0161 papildina Govju lecamaukli ar v\u0113l vienu akcentu. Jumts pasarg\u0101 b\u0113rnus no sp\u0113c\u012bgas saules vai pat neliela lietus. Aizsargt\u012bkls aizmugur\u0113 piln\u012bb\u0101 nosedz lecamauklas iek\u0161pusi, padarot to \u012bpa\u0161i dro\u0161u.<\/p>\n<p>Govju lecamajai pilij ar slidkalni\u0146u ir piem\u0113rota transport\u0113\u0161anas soma, un to var viegli uzst\u0101d\u012bt aptuveni 10 min\u016bt\u0113s. Iepakojum\u0101 ietilpst uzp\u016b\u0161am\u0101 pils, transport\u0113\u0161anas soma un remonta komplekts. L\u016bdzu, \u0146emiet v\u0113r\u0101, ka p\u016bt\u0113js un pamatnes p\u0101rkl\u0101js nav iek\u013cauts komplekt\u0101cij\u0101. Tos var atrast m\u016bsu <a href=\"https:\/\/dodo-inflatables.com\/product-category\/accessories\/\">piederumu kategorij\u0101<\/a>. Abi pied\u0101v\u0101tie p\u016bt\u0113ji<a href=\"https:\/\/dodo-inflatables.com\/product\/huawei-blower\/\">(Huawei<\/a> un <a href=\"https:\/\/dodo-inflatables.com\/product\/gibbons-blower\/\">Gibbons<\/a>) ir piem\u0113roti lecamauklai.<\/p>\n<p>Izgatavota no iztur\u012bga PVC brezenta (0,55 mm \/ 621,3 g\/kv.m) un sertific\u0113ta saska\u0146\u0101 ar DIN EN 14960, govs lecamaukla pils ar slidkalni\u0146u ir kvalitat\u012bvs produkts, kas atbilst visaugst\u0101kajiem dro\u0161\u012bbas standartiem.<\/p>\n<p>L\u016bdzu, izmantojiet \u0161\u016bpu\u013cd\u0101rzu tikai uz piem\u0113rotas <a href=\"https:\/\/dodo-inflatables.com\/product\/ground-sheet-5-x-6-m\/\">pamatnes,<\/a> lai pasarg\u0101tu to no asiem priek\u0161metiem uz zemes un nodiluma. Lai nodro\u0161in\u0101tu maksim\u0101lu dro\u0161\u012bbu, iesak\u0101m uzst\u0101d\u012bt uzp\u016b\u0161amo pili uz z\u0101liena un nostiprin\u0101t to ar m\u016bsu <a href=\"https:\/\/dodo-inflatables.com\/product\/ground-pegs-bouncy-castle\/\">zemes enkuriem<\/a>. P\u0113c katras lieto\u0161anas reizes lecamauklu vajadz\u0113tu iz\u017e\u0101v\u0113t un pien\u0101c\u012bgi iepakot, lai pasarg\u0101tu to no \u0101r\u0113j\u0101s ietekmes un transporta boj\u0101jumiem.<\/p>\n<h3><strong>S\u012bk\u0101ka inform\u0101cija par Govs lecamaukla pils ar sl\u012bdkalni\u0146u<\/strong><\/h3>\n<ul>\n<li>Izm\u0113ri (garums x platums x augstums): 5,20 m x 4,00 m x 3,70 m *<\/li>\n<li>Sl\u0113po\u0161anas laukums (garums x platums): 3,60 x 2,40 m *<\/li>\n<li>Slaida augstums: 1,40 m plus 60 cm gr\u012bdas augstums *<\/li>\n<li>Svars: apm. 100 kg *<\/li>\n<li>Iepakojuma izm\u0113rs: 80 x 80 x 110 cm *<\/li>\n<li>Uzst\u0101d\u012b\u0161anas laiks: 10 min\u016btes<\/li>\n<li>Materi\u0101ls: PVC (0,55 mm \/ 621,3 g\/m2)<\/li>\n<li>2-4 reizes \u0161\u016btas (atkar\u012bb\u0101 no lieto\u0161anas veida)<\/li>\n<li>Ugunsdro\u0161s<\/li>\n<li>Atbilst\u012bbas sertifik\u0101ts saska\u0146\u0101 ar EN 14960<\/li>\n<li>Atsperama virsma ar aizsargjosl\u0101m, r\u0101v\u0113jsl\u0113dz\u0113js ar velcro aizdari, pastiprin\u0101ti st\u016bri.<\/li>\n<\/ul>\n<p>Komplekt\u0101 ietilpst: uzp\u016b\u0161am\u0101 pils, transport\u0113\u0161anas soma un remonta komplekts.<\/p>\n<p>Govs lecamaukla pils ar slidkalni\u0146u ir profesion\u0101ls modulis, kas ir ra\u017eots un p\u0101rbaud\u012bts saska\u0146\u0101 ar stingraj\u0101m DIN EN 14960 vadl\u012bnij\u0101m, kas noz\u012bm\u0113, ka tas ir dro\u0161s un uzticams. T\u0101p\u0113c govs lecamaukla pils ar slidkalni\u0146u ir ide\u0101li piem\u0113rota profesion\u0101lai nomai. L\u016bdzu, \u0146emiet v\u0113r\u0101, ka lecamaukl\u0101 dr\u012bkst atrasties tikai b\u0113rni, bet ne pieaugu\u0161ie!<\/p>\n<p>L\u016bdzu, \u0146emiet v\u0113r\u0101, ka lieto\u0161anas laik\u0101 ventilatoram (nav iek\u013cauts komplekt\u0101) ir j\u0101darbojas nep\u0101rtraukti, un, lai nepie\u013cautu uzp\u016b\u0161am\u0101s pils pl\u012bsumu, caur caurumiem ir nepiecie\u0161ama neliela gaisa izpl\u016bde.<\/p>\n<p>Ieg\u0101d\u0101jieties Govs Bouncy Castle ar slidkalni\u0146u tagad un piedz\u012bvojiet neaizmirstamus mirk\u013cus, kas pilni jautr\u012bbas un piedz\u012bvojumu!<\/p>\n<p>* Svars un izm\u0113ri ir aptuveni un var nedaudz at\u0161\u0137irties.<\/p>\n","protected":false},"excerpt":{"rendered":"<p><i class=\"fa fa-arrows-alt\"><\/i>  Izm\u0113ri (garums x platums x augstums): 4,00 m x 5,50 m x 3,90 m *<br \/>\n<i class=\"fa fa-child\"><\/i> Piem\u0113rots aptuveni 10 b\u0113rniem (atkar\u012bb\u0101 no vecuma un izm\u0113ra)<br \/>\n<i class=\"fa fa-check\"><\/i> Profesion\u0101ls modulis &#8211; piem\u0113rots komerci\u0101lai un priv\u0101tai lieto\u0161anai<\/p>\n<p><i class=\"fa fa-square\"><\/i> PVC (0,55 mm \/ 621,3 g\/m2)<br \/>\n<i class=\"fa fa-align-justify\"><\/i> 2-4 reizes \u0161\u016bts (atkar\u012bb\u0101 no lieto\u0161anas veida)<br \/>\n<i class=\"fa fa-fire\"><\/i> Ugunsdro\u0161s<br \/>\n<i class=\"fa fa-certificate\"><\/i> Apstiprin\u0101juma sertifik\u0101ts saska\u0146\u0101 ar EN 14960<br \/>\n<i class=\"fas fa-edit\"><\/i> Ietver individu\u0101lu s\u0113rijas numuru<\/p>\n","protected":false},"featured_media":83488,"comment_status":"open","ping_status":"closed","template":"","meta":{"_acf_changed":false,"_uag_custom_page_level_css":"","site-sidebar-layout":"default","site-content-layout":"boxed-container","ast-site-content-layout":"normal-width-container","site-content-style":"boxed","site-sidebar-style":"boxed","ast-global-header-display":"","ast-banner-title-visibility":"","ast-main-header-display":"","ast-hfb-above-header-display":"","ast-hfb-below-header-display":"","ast-hfb-mobile-header-display":"","site-post-title":"disabled","ast-breadcrumbs-content":"","ast-featured-img":"","footer-sml-layout":"","ast-disable-related-posts":"","theme-transparent-header-meta":"default","adv-header-id-meta":"","stick-header-meta":"default","header-above-stick-meta":"","header-main-stick-meta":"","header-below-stick-meta":"","astra-migrate-meta-layouts":"default","ast-page-background-enabled":"default","ast-page-background-meta":{"desktop":{"background-color":"var(--ast-global-color-4)","background-image":"","background-repeat":"repeat","background-position":"center center","background-size":"auto","background-attachment":"scroll","background-type":"","background-media":"","overlay-type":"","overlay-color":"","overlay-opacity":"","overlay-gradient":""},"tablet":{"background-color":"","background-image":"","background-repeat":"repeat","background-position":"center center","background-size":"auto","background-attachment":"scroll","background-type":"","background-media":"","overlay-type":"","overlay-color":"","overlay-opacity":"","overlay-gradient":""},"mobile":{"background-color":"","background-image":"","background-repeat":"repeat","background-position":"center center","background-size":"auto","background-attachment":"scroll","background-type":"","background-media":"","overlay-type":"","overlay-color":"","overlay-opacity":"","overlay-gradient":""}},"ast-content-background-meta":{"desktop":{"background-color":"var(--ast-global-color-5)","background-image":"","background-repeat":"repeat","background-position":"center center","background-size":"auto","background-attachment":"scroll","background-type":"","background-media":"","overlay-type":"","overlay-color":"","overlay-opacity":"","overlay-gradient":""},"tablet":{"background-color":"var(--ast-global-color-5)","background-image":"","background-repeat":"repeat","background-position":"center center","background-size":"auto","background-attachment":"scroll","background-type":"","background-media":"","overlay-type":"","overlay-color":"","overlay-opacity":"","overlay-gradient":""},"mobile":{"background-color":"var(--ast-global-color-5)","background-image":"","background-repeat":"repeat","background-position":"center center","background-size":"auto","background-attachment":"scroll","background-type":"","background-media":"","overlay-type":"","overlay-color":"","overlay-opacity":"","overlay-gradient":""}}},"product_brand":[],"product_cat":[6877,6928,6979,6996],"product_tag":[7491,7156,7176,7218],"class_list":{"0":"post-13988","1":"product","2":"type-product","3":"status-publish","4":"has-post-thumbnail","6":"product_cat-visas-piepusamas-pilis","7":"product_cat-piepusamas-pilis-zeniem-un-meitenem","8":"product_cat-piepusamas-pilis-ar-slidkalninu-2","9":"product_cat-piepusamas-pilis-ar-atvertu-slidkalninu","10":"product_tag-typ-l","11":"product_tag-geblase-1-5ps","12":"product_tag-mit-rutsche","13":"product_tag-tuv","14":"product_shipping_class-spedition-hupfburg-lv","15":"pa_gtin-0664965405784-lv","16":"pa_height-460-m-500-m-3-lv","17":"pa_height-of-the-slide-under-100-m-lv","18":"pa_length-460-m-500-m-lv","19":"pa_type-of-bouncy-castle-bouncy-castle-with-slide-lv","20":"pa_width-510-m-550-m-lv","21":"desktop-align-center","22":"tablet-align-center","23":"mobile-align-center","24":"ast-product-gallery-layout-horizontal","25":"ast-product-tabs-layout-horizontal","27":"first","28":"instock","29":"taxable","30":"shipping-taxable","31":"purchasable","32":"product-type-simple"},"acf":[],"yoast_head":"<!-- This site is optimized with the Yoast SEO plugin v27.5 - https:\/\/yoast.com\/product\/yoast-seo-wordpress\/ -->\n<title>Govju uzp\u016b\u0161am\u0101 pils ar slidkalni\u0146u | Dodo-Inflatables.com<\/title>\n<meta name=\"description\" content=\"Ieg\u0101d\u0101jieties m\u016bsu gudro govi ar sl\u012bdkalni\u0146u tie\u0161saist\u0113 vietn\u0113 dodo-inflatables | Pla\u0161a izv\u0113le noliktav\u0101 | Sertific\u0113ts saska\u0146\u0101 ar EN14960 | God\u012bgas cenas\" \/>\n<meta name=\"robots\" content=\"index, follow, max-snippet:-1, max-image-preview:large, max-video-preview:-1\" \/>\n<link rel=\"canonical\" href=\"https:\/\/dodo-inflatables.com\/lv\/product\/uzpusama-pils-govs-ar-slidkalninu\/\" \/>\n<meta name=\"twitter:label1\" content=\"Est. reading time\" \/>\n\t<meta name=\"twitter:data1\" content=\"3 minutes\" \/>\n<script type=\"application\/ld+json\" class=\"yoast-schema-graph\">{\"@context\":\"https:\\\/\\\/schema.org\",\"@graph\":[{\"@type\":\"WebPage\",\"@id\":\"https:\\\/\\\/dodo-inflatables.com\\\/lv\\\/product\\\/uzpusama-pils-govs-ar-slidkalninu\\\/\",\"url\":\"https:\\\/\\\/dodo-inflatables.com\\\/lv\\\/product\\\/uzpusama-pils-govs-ar-slidkalninu\\\/\",\"name\":\"Govju uzp\u016b\u0161am\u0101 pils ar slidkalni\u0146u | Dodo-Inflatables.com\",\"isPartOf\":{\"@id\":\"https:\\\/\\\/dodo-inflatables.com\\\/lv\\\/#website\"},\"primaryImageOfPage\":{\"@id\":\"https:\\\/\\\/dodo-inflatables.com\\\/lv\\\/product\\\/uzpusama-pils-govs-ar-slidkalninu\\\/#primaryimage\"},\"image\":{\"@id\":\"https:\\\/\\\/dodo-inflatables.com\\\/lv\\\/product\\\/uzpusama-pils-govs-ar-slidkalninu\\\/#primaryimage\"},\"thumbnailUrl\":\"https:\\\/\\\/dodo-inflatables.com\\\/wp-content\\\/uploads\\\/2019\\\/12\\\/Bouncy-Castle-Cow-with-Slide8.jpg\",\"datePublished\":\"2019-12-27T15:58:29+00:00\",\"dateModified\":\"2026-04-17T08:57:53+00:00\",\"description\":\"Ieg\u0101d\u0101jieties m\u016bsu gudro govi ar sl\u012bdkalni\u0146u tie\u0161saist\u0113 vietn\u0113 dodo-inflatables | Pla\u0161a izv\u0113le noliktav\u0101 | Sertific\u0113ts saska\u0146\u0101 ar EN14960 | God\u012bgas cenas\",\"breadcrumb\":{\"@id\":\"https:\\\/\\\/dodo-inflatables.com\\\/lv\\\/product\\\/uzpusama-pils-govs-ar-slidkalninu\\\/#breadcrumb\"},\"inLanguage\":\"lv-LV\",\"potentialAction\":[{\"@type\":\"ReadAction\",\"target\":[\"https:\\\/\\\/dodo-inflatables.com\\\/lv\\\/product\\\/uzpusama-pils-govs-ar-slidkalninu\\\/\"]}]},{\"@type\":\"ImageObject\",\"inLanguage\":\"lv-LV\",\"@id\":\"https:\\\/\\\/dodo-inflatables.com\\\/lv\\\/product\\\/uzpusama-pils-govs-ar-slidkalninu\\\/#primaryimage\",\"url\":\"https:\\\/\\\/dodo-inflatables.com\\\/wp-content\\\/uploads\\\/2019\\\/12\\\/Bouncy-Castle-Cow-with-Slide8.jpg\",\"contentUrl\":\"https:\\\/\\\/dodo-inflatables.com\\\/wp-content\\\/uploads\\\/2019\\\/12\\\/Bouncy-Castle-Cow-with-Slide8.jpg\",\"width\":1000,\"height\":1000},{\"@type\":\"BreadcrumbList\",\"@id\":\"https:\\\/\\\/dodo-inflatables.com\\\/lv\\\/product\\\/uzpusama-pils-govs-ar-slidkalninu\\\/#breadcrumb\",\"itemListElement\":[{\"@type\":\"ListItem\",\"position\":1,\"name\":\"Home\",\"item\":\"https:\\\/\\\/dodo-inflatables.com\\\/lv\\\/\"},{\"@type\":\"ListItem\",\"position\":2,\"name\":\"Veikals\",\"item\":\"https:\\\/\\\/dodo-inflatables.com\\\/lv\\\/veikals\\\/\"},{\"@type\":\"ListItem\",\"position\":3,\"name\":\"Uzp\u016b\u0161am\u0101 pils Govs ar sl\u012bdkalni\u0146u\"}]},{\"@type\":\"WebSite\",\"@id\":\"https:\\\/\\\/dodo-inflatables.com\\\/lv\\\/#website\",\"url\":\"https:\\\/\\\/dodo-inflatables.com\\\/lv\\\/\",\"name\":\"dodo-inflatables.com\",\"description\":\"Ieg\u0101d\u0101jieties leco\u0161\u0101s pilis un atrakcijas m\u016bsu veikal\u0101.\",\"potentialAction\":[{\"@type\":\"SearchAction\",\"target\":{\"@type\":\"EntryPoint\",\"urlTemplate\":\"https:\\\/\\\/dodo-inflatables.com\\\/lv\\\/?s={search_term_string}\"},\"query-input\":{\"@type\":\"PropertyValueSpecification\",\"valueRequired\":true,\"valueName\":\"search_term_string\"}}],\"inLanguage\":\"lv-LV\"}]}<\/script>\n<!-- \/ Yoast SEO plugin. -->","yoast_head_json":{"title":"Govju uzp\u016b\u0161am\u0101 pils ar slidkalni\u0146u | Dodo-Inflatables.com","description":"Ieg\u0101d\u0101jieties m\u016bsu gudro govi ar sl\u012bdkalni\u0146u tie\u0161saist\u0113 vietn\u0113 dodo-inflatables | Pla\u0161a izv\u0113le noliktav\u0101 | Sertific\u0113ts saska\u0146\u0101 ar EN14960 | God\u012bgas cenas","robots":{"index":"index","follow":"follow","max-snippet":"max-snippet:-1","max-image-preview":"max-image-preview:large","max-video-preview":"max-video-preview:-1"},"canonical":"https:\/\/dodo-inflatables.com\/lv\/product\/uzpusama-pils-govs-ar-slidkalninu\/","twitter_misc":{"Est. reading time":"3 minutes"},"schema":{"@context":"https:\/\/schema.org","@graph":[{"@type":"WebPage","@id":"https:\/\/dodo-inflatables.com\/lv\/product\/uzpusama-pils-govs-ar-slidkalninu\/","url":"https:\/\/dodo-inflatables.com\/lv\/product\/uzpusama-pils-govs-ar-slidkalninu\/","name":"Govju uzp\u016b\u0161am\u0101 pils ar slidkalni\u0146u | Dodo-Inflatables.com","isPartOf":{"@id":"https:\/\/dodo-inflatables.com\/lv\/#website"},"primaryImageOfPage":{"@id":"https:\/\/dodo-inflatables.com\/lv\/product\/uzpusama-pils-govs-ar-slidkalninu\/#primaryimage"},"image":{"@id":"https:\/\/dodo-inflatables.com\/lv\/product\/uzpusama-pils-govs-ar-slidkalninu\/#primaryimage"},"thumbnailUrl":"https:\/\/dodo-inflatables.com\/wp-content\/uploads\/2019\/12\/Bouncy-Castle-Cow-with-Slide8.jpg","datePublished":"2019-12-27T15:58:29+00:00","dateModified":"2026-04-17T08:57:53+00:00","description":"Ieg\u0101d\u0101jieties m\u016bsu gudro govi ar sl\u012bdkalni\u0146u tie\u0161saist\u0113 vietn\u0113 dodo-inflatables | Pla\u0161a izv\u0113le noliktav\u0101 | Sertific\u0113ts saska\u0146\u0101 ar EN14960 | God\u012bgas cenas","breadcrumb":{"@id":"https:\/\/dodo-inflatables.com\/lv\/product\/uzpusama-pils-govs-ar-slidkalninu\/#breadcrumb"},"inLanguage":"lv-LV","potentialAction":[{"@type":"ReadAction","target":["https:\/\/dodo-inflatables.com\/lv\/product\/uzpusama-pils-govs-ar-slidkalninu\/"]}]},{"@type":"ImageObject","inLanguage":"lv-LV","@id":"https:\/\/dodo-inflatables.com\/lv\/product\/uzpusama-pils-govs-ar-slidkalninu\/#primaryimage","url":"https:\/\/dodo-inflatables.com\/wp-content\/uploads\/2019\/12\/Bouncy-Castle-Cow-with-Slide8.jpg","contentUrl":"https:\/\/dodo-inflatables.com\/wp-content\/uploads\/2019\/12\/Bouncy-Castle-Cow-with-Slide8.jpg","width":1000,"height":1000},{"@type":"BreadcrumbList","@id":"https:\/\/dodo-inflatables.com\/lv\/product\/uzpusama-pils-govs-ar-slidkalninu\/#breadcrumb","itemListElement":[{"@type":"ListItem","position":1,"name":"Home","item":"https:\/\/dodo-inflatables.com\/lv\/"},{"@type":"ListItem","position":2,"name":"Veikals","item":"https:\/\/dodo-inflatables.com\/lv\/veikals\/"},{"@type":"ListItem","position":3,"name":"Uzp\u016b\u0161am\u0101 pils Govs ar sl\u012bdkalni\u0146u"}]},{"@type":"WebSite","@id":"https:\/\/dodo-inflatables.com\/lv\/#website","url":"https:\/\/dodo-inflatables.com\/lv\/","name":"dodo-inflatables.com","description":"Ieg\u0101d\u0101jieties leco\u0161\u0101s pilis un atrakcijas m\u016bsu veikal\u0101.","potentialAction":[{"@type":"SearchAction","target":{"@type":"EntryPoint","urlTemplate":"https:\/\/dodo-inflatables.com\/lv\/?s={search_term_string}"},"query-input":{"@type":"PropertyValueSpecification","valueRequired":true,"valueName":"search_term_string"}}],"inLanguage":"lv-LV"}]}},"uagb_featured_image_src":{"full":["https:\/\/dodo-inflatables.com\/wp-content\/uploads\/2019\/12\/Bouncy-Castle-Cow-with-Slide8.jpg",1000,1000,false],"thumbnail":["https:\/\/dodo-inflatables.com\/wp-content\/uploads\/2019\/12\/Bouncy-Castle-Cow-with-Slide8-150x150.jpg",150,150,true],"medium":["https:\/\/dodo-inflatables.com\/wp-content\/uploads\/2019\/12\/Bouncy-Castle-Cow-with-Slide8-300x300.jpg",300,300,true],"medium_large":["https:\/\/dodo-inflatables.com\/wp-content\/uploads\/2019\/12\/Bouncy-Castle-Cow-with-Slide8-768x768.jpg",768,768,true],"large":["https:\/\/dodo-inflatables.com\/wp-content\/uploads\/2019\/12\/Bouncy-Castle-Cow-with-Slide8.jpg",1000,1000,false],"1536x1536":["https:\/\/dodo-inflatables.com\/wp-content\/uploads\/2019\/12\/Bouncy-Castle-Cow-with-Slide8.jpg",1000,1000,false],"2048x2048":["https:\/\/dodo-inflatables.com\/wp-content\/uploads\/2019\/12\/Bouncy-Castle-Cow-with-Slide8.jpg",1000,1000,false],"woocommerce_thumbnail":["https:\/\/dodo-inflatables.com\/wp-content\/uploads\/2019\/12\/Bouncy-Castle-Cow-with-Slide8-900x900.jpg",900,900,true],"woocommerce_single":["https:\/\/dodo-inflatables.com\/wp-content\/uploads\/2019\/12\/Bouncy-Castle-Cow-with-Slide8-900x900.jpg",900,900,true],"woocommerce_gallery_thumbnail":["https:\/\/dodo-inflatables.com\/wp-content\/uploads\/2019\/12\/Bouncy-Castle-Cow-with-Slide8-100x100.jpg",100,100,true]},"uagb_author_info":{"display_name":"Andreas","author_link":"https:\/\/dodo-inflatables.com\/lv\/author\/"},"uagb_comment_info":0,"uagb_excerpt":"Izm\u0113ri (garums x platums x augstums): 4,00 m x 5,50 m x 3,90 m * Piem\u0113rots aptuveni 10 b\u0113rniem (atkar\u012bb\u0101 no vecuma un izm\u0113ra) Profesion\u0101ls modulis - piem\u0113rots komerci\u0101lai un priv\u0101tai lieto\u0161anai PVC (0,55 mm \/ 621,3 g\/m2) 2-4 reizes \u0161\u016bts (atkar\u012bb\u0101 no lieto\u0161anas veida) Ugunsdro\u0161s Apstiprin\u0101juma sertifik\u0101ts saska\u0146\u0101 ar EN 14960 Ietver individu\u0101lu s\u0113rijas&hellip;","_links":{"self":[{"href":"https:\/\/dodo-inflatables.com\/lv\/wp-json\/wp\/v2\/product\/13988","targetHints":{"allow":["GET"]}}],"collection":[{"href":"https:\/\/dodo-inflatables.com\/lv\/wp-json\/wp\/v2\/product"}],"about":[{"href":"https:\/\/dodo-inflatables.com\/lv\/wp-json\/wp\/v2\/types\/product"}],"replies":[{"embeddable":true,"href":"https:\/\/dodo-inflatables.com\/lv\/wp-json\/wp\/v2\/comments?post=13988"}],"wp:featuredmedia":[{"embeddable":true,"href":"https:\/\/dodo-inflatables.com\/lv\/wp-json\/wp\/v2\/media\/83488"}],"wp:attachment":[{"href":"https:\/\/dodo-inflatables.com\/lv\/wp-json\/wp\/v2\/media?parent=13988"}],"wp:term":[{"taxonomy":"product_brand","embeddable":true,"href":"https:\/\/dodo-inflatables.com\/lv\/wp-json\/wp\/v2\/product_brand?post=13988"},{"taxonomy":"product_cat","embeddable":true,"href":"https:\/\/dodo-inflatables.com\/lv\/wp-json\/wp\/v2\/product_cat?post=13988"},{"taxonomy":"product_tag","embeddable":true,"href":"https:\/\/dodo-inflatables.com\/lv\/wp-json\/wp\/v2\/product_tag?post=13988"}],"curies":[{"name":"wp","href":"https:\/\/api.w.org\/{rel}","templated":true}]}}