{"id":14030,"date":"2019-08-23T12:07:40","date_gmt":"2019-08-23T10:07:40","guid":{"rendered":"https:\/\/dodo-inflatables.com\/product\/piepusamo-cirvju-mesana\/"},"modified":"2024-08-06T07:47:03","modified_gmt":"2024-08-06T05:47:03","slug":"piepusamo-cirvju-mesana","status":"publish","type":"product","link":"https:\/\/dodo-inflatables.com\/lv\/product\/piepusamo-cirvju-mesana\/","title":{"rendered":"Piep\u016b\u0161amo cirvju me\u0161ana"},"content":{"rendered":"<h2>Nopirkt piep\u016b\u0161amo cirvja me\u0161ana<\/h2>\n<p>  K\u013c\u016bsti par vikingu un piln\u012bgi dro\u0161i vingrini cirvju me\u0161anu! Kur\u0161 var prec\u012bzi iemest asis uz Velcro diska?  <\/p>\n<h4>S\u012bk\u0101ka inform\u0101cija par Piep\u016b\u0161am\u0101 cirvja me\u0161ana<\/h4>\n<ul>\n<li>Izm\u0113ri (garums x platums x augstums): 3,00 x 3,00 x 2,60 metri *<\/li>\n<li>Svars: apm. 50 kg *<\/li>\n<li>Iepakojuma izm\u0113rs: 1,00 m x 0,70 m x 0,70 m *<\/li>\n<li>Mont\u0101\u017eas laiks: 10 min\u016btes<\/li>\n<li>Materi\u0101ls: 0,55 mm PVC un Velcro<\/li>\n<li>Zip ar Velcro v\u0101ku, pastiprin\u0101ti st\u016bri, augstas kvalit\u0101tes Velcro<\/li>\n<\/ul>\n<p>&nbsp;  Pieg\u0101des apjoms ietver: Piep\u016b\u0161am\u0101 cirvja me\u0161anas r\u0101mis, 10 Velcro cirvji (5 dzelteni, 5 sarkani) P\u016bt\u0113js un pamatne nav iek\u013cauti komplekt\u0101cij\u0101. Tos var atrast piederumu kategorij\u0101. Piep\u016b\u0161amais cirvja met\u0113js ir kvalitat\u012bvs produkts, kas ir ra\u017eots saska\u0146\u0101 ar stingr\u0101m vadl\u012bnij\u0101m atbilsto\u0161i standartam EN 14960. Visas m\u016bsu lecamauklas un piep\u016b\u0161am\u0101s atrakcijas ir profesion\u0101li modu\u013ci, kas piem\u0113roti profesion\u0101lai nomai un izmanto\u0161anai atrakciju parkos, iek\u0161telpu rota\u013cu laukumos un taml\u012bdz\u012bg\u0101s viet\u0101s. &nbsp;<strong>Svar\u012bgas nor\u0101des par ekspluat\u0101ciju<\/strong> Lieto\u0161anas laik\u0101 ventilatoram (nav iek\u013cauts komplekt\u0101) j\u0101darbojas nep\u0101rtraukti. Neliela gaisa nopl\u016bde caur \u0161uvju caurumiem ir norm\u0101la par\u0101d\u012bba. * Svars un izm\u0113ri ir aptuveni un var nedaudz at\u0161\u0137irties.<\/p>\n","protected":false},"excerpt":{"rendered":"<p><i class=\"fa fa-arrows-alt\"><\/i>  Izm\u0113ri (garums x platums x augstums): 3,00 x 3,00 x 2,60 metri * <i class=\"fa fa-plus\"><\/i> Ietverot desmit Velcro putuplasta asis <i class=\"fa fa-check\"><\/i> Profesion\u0101ls modulis &#8211; piem\u0113rots komerci\u0101lai un priv\u0101tai lieto\u0161anai <i class=\"fa fa-square\"><\/i> PVC (0,55 mm \/ 621,3 g\/m2) un Velcro <i class=\"fa fa-align-justify\"><\/i> 2 &#8211; 4 reizes sa\u0161\u016bti (atkar\u012bb\u0101 no slodzes) <i class=\"fa fa-fire\"><\/i> Ugunsdro\u0161s <i class=\"fa fa-certificate\"><\/i> Zulassungsbescheinigung gem\u00e4\u00df EN 14960 <i class=\"fas fa-edit\"><\/i> Inkl. individuelle Seriennummer  &nbsp;<\/p>\n","protected":false},"featured_media":58815,"comment_status":"open","ping_status":"closed","template":"","meta":{"_acf_changed":false,"_uag_custom_page_level_css":"","site-sidebar-layout":"default","site-content-layout":"default","ast-site-content-layout":"default","site-content-style":"default","site-sidebar-style":"default","ast-global-header-display":"","ast-banner-title-visibility":"","ast-main-header-display":"","ast-hfb-above-header-display":"","ast-hfb-below-header-display":"","ast-hfb-mobile-header-display":"","site-post-title":"","ast-breadcrumbs-content":"","ast-featured-img":"","footer-sml-layout":"","ast-disable-related-posts":"","theme-transparent-header-meta":"default","adv-header-id-meta":"","stick-header-meta":"default","header-above-stick-meta":"","header-main-stick-meta":"","header-below-stick-meta":"","astra-migrate-meta-layouts":"default","ast-page-background-enabled":"default","ast-page-background-meta":{"desktop":{"background-color":"var(--ast-global-color-4)","background-image":"","background-repeat":"repeat","background-position":"center center","background-size":"auto","background-attachment":"scroll","background-type":"","background-media":"","overlay-type":"","overlay-color":"","overlay-opacity":"","overlay-gradient":""},"tablet":{"background-color":"","background-image":"","background-repeat":"repeat","background-position":"center center","background-size":"auto","background-attachment":"scroll","background-type":"","background-media":"","overlay-type":"","overlay-color":"","overlay-opacity":"","overlay-gradient":""},"mobile":{"background-color":"","background-image":"","background-repeat":"repeat","background-position":"center center","background-size":"auto","background-attachment":"scroll","background-type":"","background-media":"","overlay-type":"","overlay-color":"","overlay-opacity":"","overlay-gradient":""}},"ast-content-background-meta":{"desktop":{"background-color":"var(--ast-global-color-5)","background-image":"","background-repeat":"repeat","background-position":"center center","background-size":"auto","background-attachment":"scroll","background-type":"","background-media":"","overlay-type":"","overlay-color":"","overlay-opacity":"","overlay-gradient":""},"tablet":{"background-color":"var(--ast-global-color-5)","background-image":"","background-repeat":"repeat","background-position":"center center","background-size":"auto","background-attachment":"scroll","background-type":"","background-media":"","overlay-type":"","overlay-color":"","overlay-opacity":"","overlay-gradient":""},"mobile":{"background-color":"var(--ast-global-color-5)","background-image":"","background-repeat":"repeat","background-position":"center center","background-size":"auto","background-attachment":"scroll","background-type":"","background-media":"","overlay-type":"","overlay-color":"","overlay-opacity":"","overlay-gradient":""}}},"product_brand":[],"product_cat":[1287],"product_tag":[],"class_list":{"0":"post-14030","1":"product","2":"type-product","3":"status-publish","4":"has-post-thumbnail","6":"product_cat-atrakcijas","7":"product_shipping_class-spedition-hupfburg-lv","8":"pa_gtin-0669145336834-lv","9":"desktop-align-center","10":"tablet-align-center","11":"mobile-align-center","12":"ast-product-gallery-layout-horizontal","13":"ast-product-tabs-layout-horizontal","15":"first","16":"onbackorder","17":"taxable","18":"shipping-taxable","19":"purchasable","20":"product-type-simple"},"acf":[],"yoast_head":"<!-- This site is optimized with the Yoast SEO plugin v27.3 - https:\/\/yoast.com\/product\/yoast-seo-wordpress\/ -->\n<title>Nopirkt Piep\u016b\u0161am\u0101s cirvja me\u0161ana | Dodo-Inflatables.com<\/title>\n<meta name=\"description\" content=\"Ieg\u0101d\u0101jieties m\u016bsu piep\u016b\u0161amo cirvi metam tie\u0161i tie\u0161saist\u0113 Dodo-Inflatables.com | Daudzi mode\u013ci noliktav\u0101 | \u0100tra pieg\u0101de | Lab\u0101k\u0101 kvalit\u0101te\" \/>\n<meta name=\"robots\" content=\"index, follow, max-snippet:-1, max-image-preview:large, max-video-preview:-1\" \/>\n<link rel=\"canonical\" href=\"https:\/\/dodo-inflatables.com\/lv\/product\/piepusamo-cirvju-mesana\/\" \/>\n<meta name=\"twitter:label1\" content=\"Est. reading time\" \/>\n\t<meta name=\"twitter:data1\" content=\"1 minute\" \/>\n<script type=\"application\/ld+json\" class=\"yoast-schema-graph\">{\"@context\":\"https:\\\/\\\/schema.org\",\"@graph\":[{\"@type\":\"WebPage\",\"@id\":\"https:\\\/\\\/dodo-inflatables.com\\\/lv\\\/product\\\/piepusamo-cirvju-mesana\\\/\",\"url\":\"https:\\\/\\\/dodo-inflatables.com\\\/lv\\\/product\\\/piepusamo-cirvju-mesana\\\/\",\"name\":\"Nopirkt Piep\u016b\u0161am\u0101s cirvja me\u0161ana | Dodo-Inflatables.com\",\"isPartOf\":{\"@id\":\"https:\\\/\\\/dodo-inflatables.com\\\/lv\\\/#website\"},\"primaryImageOfPage\":{\"@id\":\"https:\\\/\\\/dodo-inflatables.com\\\/lv\\\/product\\\/piepusamo-cirvju-mesana\\\/#primaryimage\"},\"image\":{\"@id\":\"https:\\\/\\\/dodo-inflatables.com\\\/lv\\\/product\\\/piepusamo-cirvju-mesana\\\/#primaryimage\"},\"thumbnailUrl\":\"https:\\\/\\\/dodo-inflatables.com\\\/wp-content\\\/uploads\\\/2019\\\/08\\\/Aufblasbares-Axt-werfen-kaufen-7.png\",\"datePublished\":\"2019-08-23T10:07:40+00:00\",\"dateModified\":\"2024-08-06T05:47:03+00:00\",\"description\":\"Ieg\u0101d\u0101jieties m\u016bsu piep\u016b\u0161amo cirvi metam tie\u0161i tie\u0161saist\u0113 Dodo-Inflatables.com | Daudzi mode\u013ci noliktav\u0101 | \u0100tra pieg\u0101de | Lab\u0101k\u0101 kvalit\u0101te\",\"breadcrumb\":{\"@id\":\"https:\\\/\\\/dodo-inflatables.com\\\/lv\\\/product\\\/piepusamo-cirvju-mesana\\\/#breadcrumb\"},\"inLanguage\":\"lv-LV\",\"potentialAction\":[{\"@type\":\"ReadAction\",\"target\":[\"https:\\\/\\\/dodo-inflatables.com\\\/lv\\\/product\\\/piepusamo-cirvju-mesana\\\/\"]}]},{\"@type\":\"ImageObject\",\"inLanguage\":\"lv-LV\",\"@id\":\"https:\\\/\\\/dodo-inflatables.com\\\/lv\\\/product\\\/piepusamo-cirvju-mesana\\\/#primaryimage\",\"url\":\"https:\\\/\\\/dodo-inflatables.com\\\/wp-content\\\/uploads\\\/2019\\\/08\\\/Aufblasbares-Axt-werfen-kaufen-7.png\",\"contentUrl\":\"https:\\\/\\\/dodo-inflatables.com\\\/wp-content\\\/uploads\\\/2019\\\/08\\\/Aufblasbares-Axt-werfen-kaufen-7.png\",\"width\":500,\"height\":500},{\"@type\":\"BreadcrumbList\",\"@id\":\"https:\\\/\\\/dodo-inflatables.com\\\/lv\\\/product\\\/piepusamo-cirvju-mesana\\\/#breadcrumb\",\"itemListElement\":[{\"@type\":\"ListItem\",\"position\":1,\"name\":\"Home\",\"item\":\"https:\\\/\\\/dodo-inflatables.com\\\/lv\\\/\"},{\"@type\":\"ListItem\",\"position\":2,\"name\":\"Veikals\",\"item\":\"https:\\\/\\\/dodo-inflatables.com\\\/lv\\\/veikals\\\/\"},{\"@type\":\"ListItem\",\"position\":3,\"name\":\"Piep\u016b\u0161amo cirvju me\u0161ana\"}]},{\"@type\":\"WebSite\",\"@id\":\"https:\\\/\\\/dodo-inflatables.com\\\/lv\\\/#website\",\"url\":\"https:\\\/\\\/dodo-inflatables.com\\\/lv\\\/\",\"name\":\"dodo-inflatables.com\",\"description\":\"Ieg\u0101d\u0101jieties leco\u0161\u0101s pilis un atrakcijas m\u016bsu veikal\u0101.\",\"publisher\":{\"@id\":\"https:\\\/\\\/dodo-inflatables.com\\\/lv\\\/#organization\"},\"potentialAction\":[{\"@type\":\"SearchAction\",\"target\":{\"@type\":\"EntryPoint\",\"urlTemplate\":\"https:\\\/\\\/dodo-inflatables.com\\\/lv\\\/?s={search_term_string}\"},\"query-input\":{\"@type\":\"PropertyValueSpecification\",\"valueRequired\":true,\"valueName\":\"search_term_string\"}}],\"inLanguage\":\"lv-LV\"},{\"@type\":\"Organization\",\"@id\":\"https:\\\/\\\/dodo-inflatables.com\\\/lv\\\/#organization\",\"name\":\"dodo-inflatables.com\",\"url\":\"https:\\\/\\\/dodo-inflatables.com\\\/lv\\\/\",\"logo\":{\"@type\":\"ImageObject\",\"inLanguage\":\"lv-LV\",\"@id\":\"https:\\\/\\\/dodo-inflatables.com\\\/lv\\\/#\\\/schema\\\/logo\\\/image\\\/\",\"url\":\"https:\\\/\\\/dodo-inflatables.com\\\/wp-content\\\/uploads\\\/2023\\\/04\\\/cropped-cropped-cropped-Dodo-Logo.png\",\"contentUrl\":\"https:\\\/\\\/dodo-inflatables.com\\\/wp-content\\\/uploads\\\/2023\\\/04\\\/cropped-cropped-cropped-Dodo-Logo.png\",\"width\":2996,\"height\":1545,\"caption\":\"dodo-inflatables.com\"},\"image\":{\"@id\":\"https:\\\/\\\/dodo-inflatables.com\\\/lv\\\/#\\\/schema\\\/logo\\\/image\\\/\"}}]}<\/script>\n<!-- \/ Yoast SEO plugin. -->","yoast_head_json":{"title":"Nopirkt Piep\u016b\u0161am\u0101s cirvja me\u0161ana | Dodo-Inflatables.com","description":"Ieg\u0101d\u0101jieties m\u016bsu piep\u016b\u0161amo cirvi metam tie\u0161i tie\u0161saist\u0113 Dodo-Inflatables.com | Daudzi mode\u013ci noliktav\u0101 | \u0100tra pieg\u0101de | Lab\u0101k\u0101 kvalit\u0101te","robots":{"index":"index","follow":"follow","max-snippet":"max-snippet:-1","max-image-preview":"max-image-preview:large","max-video-preview":"max-video-preview:-1"},"canonical":"https:\/\/dodo-inflatables.com\/lv\/product\/piepusamo-cirvju-mesana\/","twitter_misc":{"Est. reading time":"1 minute"},"schema":{"@context":"https:\/\/schema.org","@graph":[{"@type":"WebPage","@id":"https:\/\/dodo-inflatables.com\/lv\/product\/piepusamo-cirvju-mesana\/","url":"https:\/\/dodo-inflatables.com\/lv\/product\/piepusamo-cirvju-mesana\/","name":"Nopirkt Piep\u016b\u0161am\u0101s cirvja me\u0161ana | Dodo-Inflatables.com","isPartOf":{"@id":"https:\/\/dodo-inflatables.com\/lv\/#website"},"primaryImageOfPage":{"@id":"https:\/\/dodo-inflatables.com\/lv\/product\/piepusamo-cirvju-mesana\/#primaryimage"},"image":{"@id":"https:\/\/dodo-inflatables.com\/lv\/product\/piepusamo-cirvju-mesana\/#primaryimage"},"thumbnailUrl":"https:\/\/dodo-inflatables.com\/wp-content\/uploads\/2019\/08\/Aufblasbares-Axt-werfen-kaufen-7.png","datePublished":"2019-08-23T10:07:40+00:00","dateModified":"2024-08-06T05:47:03+00:00","description":"Ieg\u0101d\u0101jieties m\u016bsu piep\u016b\u0161amo cirvi metam tie\u0161i tie\u0161saist\u0113 Dodo-Inflatables.com | Daudzi mode\u013ci noliktav\u0101 | \u0100tra pieg\u0101de | Lab\u0101k\u0101 kvalit\u0101te","breadcrumb":{"@id":"https:\/\/dodo-inflatables.com\/lv\/product\/piepusamo-cirvju-mesana\/#breadcrumb"},"inLanguage":"lv-LV","potentialAction":[{"@type":"ReadAction","target":["https:\/\/dodo-inflatables.com\/lv\/product\/piepusamo-cirvju-mesana\/"]}]},{"@type":"ImageObject","inLanguage":"lv-LV","@id":"https:\/\/dodo-inflatables.com\/lv\/product\/piepusamo-cirvju-mesana\/#primaryimage","url":"https:\/\/dodo-inflatables.com\/wp-content\/uploads\/2019\/08\/Aufblasbares-Axt-werfen-kaufen-7.png","contentUrl":"https:\/\/dodo-inflatables.com\/wp-content\/uploads\/2019\/08\/Aufblasbares-Axt-werfen-kaufen-7.png","width":500,"height":500},{"@type":"BreadcrumbList","@id":"https:\/\/dodo-inflatables.com\/lv\/product\/piepusamo-cirvju-mesana\/#breadcrumb","itemListElement":[{"@type":"ListItem","position":1,"name":"Home","item":"https:\/\/dodo-inflatables.com\/lv\/"},{"@type":"ListItem","position":2,"name":"Veikals","item":"https:\/\/dodo-inflatables.com\/lv\/veikals\/"},{"@type":"ListItem","position":3,"name":"Piep\u016b\u0161amo cirvju me\u0161ana"}]},{"@type":"WebSite","@id":"https:\/\/dodo-inflatables.com\/lv\/#website","url":"https:\/\/dodo-inflatables.com\/lv\/","name":"dodo-inflatables.com","description":"Ieg\u0101d\u0101jieties leco\u0161\u0101s pilis un atrakcijas m\u016bsu veikal\u0101.","publisher":{"@id":"https:\/\/dodo-inflatables.com\/lv\/#organization"},"potentialAction":[{"@type":"SearchAction","target":{"@type":"EntryPoint","urlTemplate":"https:\/\/dodo-inflatables.com\/lv\/?s={search_term_string}"},"query-input":{"@type":"PropertyValueSpecification","valueRequired":true,"valueName":"search_term_string"}}],"inLanguage":"lv-LV"},{"@type":"Organization","@id":"https:\/\/dodo-inflatables.com\/lv\/#organization","name":"dodo-inflatables.com","url":"https:\/\/dodo-inflatables.com\/lv\/","logo":{"@type":"ImageObject","inLanguage":"lv-LV","@id":"https:\/\/dodo-inflatables.com\/lv\/#\/schema\/logo\/image\/","url":"https:\/\/dodo-inflatables.com\/wp-content\/uploads\/2023\/04\/cropped-cropped-cropped-Dodo-Logo.png","contentUrl":"https:\/\/dodo-inflatables.com\/wp-content\/uploads\/2023\/04\/cropped-cropped-cropped-Dodo-Logo.png","width":2996,"height":1545,"caption":"dodo-inflatables.com"},"image":{"@id":"https:\/\/dodo-inflatables.com\/lv\/#\/schema\/logo\/image\/"}}]}},"uagb_featured_image_src":{"full":["https:\/\/dodo-inflatables.com\/wp-content\/uploads\/2019\/08\/Aufblasbares-Axt-werfen-kaufen-7.png",500,500,false],"thumbnail":["https:\/\/dodo-inflatables.com\/wp-content\/uploads\/2019\/08\/Aufblasbares-Axt-werfen-kaufen-7-150x150.png",150,150,true],"medium":["https:\/\/dodo-inflatables.com\/wp-content\/uploads\/2019\/08\/Aufblasbares-Axt-werfen-kaufen-7-300x300.png",300,300,true],"medium_large":["https:\/\/dodo-inflatables.com\/wp-content\/uploads\/2019\/08\/Aufblasbares-Axt-werfen-kaufen-7.png",500,500,false],"large":["https:\/\/dodo-inflatables.com\/wp-content\/uploads\/2019\/08\/Aufblasbares-Axt-werfen-kaufen-7.png",500,500,false],"1536x1536":["https:\/\/dodo-inflatables.com\/wp-content\/uploads\/2019\/08\/Aufblasbares-Axt-werfen-kaufen-7.png",500,500,false],"2048x2048":["https:\/\/dodo-inflatables.com\/wp-content\/uploads\/2019\/08\/Aufblasbares-Axt-werfen-kaufen-7.png",500,500,false],"woocommerce_thumbnail":["https:\/\/dodo-inflatables.com\/wp-content\/uploads\/2019\/08\/Aufblasbares-Axt-werfen-kaufen-7.png",500,500,false],"woocommerce_single":["https:\/\/dodo-inflatables.com\/wp-content\/uploads\/2019\/08\/Aufblasbares-Axt-werfen-kaufen-7.png",500,500,false],"woocommerce_gallery_thumbnail":["https:\/\/dodo-inflatables.com\/wp-content\/uploads\/2019\/08\/Aufblasbares-Axt-werfen-kaufen-7-100x100.png",100,100,true]},"uagb_author_info":{"display_name":"Andreas","author_link":"https:\/\/dodo-inflatables.com\/lv\/author\/"},"uagb_comment_info":0,"uagb_excerpt":"Izm\u0113ri (garums x platums x augstums): 3,00 x 3,00 x 2,60 metri * Ietverot desmit Velcro putuplasta asis Profesion\u0101ls modulis - piem\u0113rots komerci\u0101lai un priv\u0101tai lieto\u0161anai PVC (0,55 mm \/ 621,3 g\/m2) un Velcro 2 - 4 reizes sa\u0161\u016bti (atkar\u012bb\u0101 no slodzes) Ugunsdro\u0161s Zulassungsbescheinigung gem\u00e4\u00df EN 14960 Inkl. individuelle Seriennummer &nbsp;","_links":{"self":[{"href":"https:\/\/dodo-inflatables.com\/lv\/wp-json\/wp\/v2\/product\/14030","targetHints":{"allow":["GET"]}}],"collection":[{"href":"https:\/\/dodo-inflatables.com\/lv\/wp-json\/wp\/v2\/product"}],"about":[{"href":"https:\/\/dodo-inflatables.com\/lv\/wp-json\/wp\/v2\/types\/product"}],"replies":[{"embeddable":true,"href":"https:\/\/dodo-inflatables.com\/lv\/wp-json\/wp\/v2\/comments?post=14030"}],"wp:featuredmedia":[{"embeddable":true,"href":"https:\/\/dodo-inflatables.com\/lv\/wp-json\/wp\/v2\/media\/58815"}],"wp:attachment":[{"href":"https:\/\/dodo-inflatables.com\/lv\/wp-json\/wp\/v2\/media?parent=14030"}],"wp:term":[{"taxonomy":"product_brand","embeddable":true,"href":"https:\/\/dodo-inflatables.com\/lv\/wp-json\/wp\/v2\/product_brand?post=14030"},{"taxonomy":"product_cat","embeddable":true,"href":"https:\/\/dodo-inflatables.com\/lv\/wp-json\/wp\/v2\/product_cat?post=14030"},{"taxonomy":"product_tag","embeddable":true,"href":"https:\/\/dodo-inflatables.com\/lv\/wp-json\/wp\/v2\/product_tag?post=14030"}],"curies":[{"name":"wp","href":"https:\/\/api.w.org\/{rel}","templated":true}]}}