{"id":14202,"date":"2024-03-26T17:00:35","date_gmt":"2024-03-26T16:00:35","guid":{"rendered":"https:\/\/dodo-inflatables.com\/product\/huawei-putejs-reh-2e-2ps\/"},"modified":"2026-04-23T20:47:25","modified_gmt":"2026-04-23T18:47:25","slug":"huawei-putejs-reh-2e-2ps","status":"publish","type":"product","link":"https:\/\/dodo-inflatables.com\/lv\/product\/huawei-putejs-reh-2e-2ps\/","title":{"rendered":"Huawei p\u016bt\u0113js REH-2E &#8211; 2 HP"},"content":{"rendered":"<h2>Pirkt Huawei p\u016bt\u0113ju piep\u016b\u0161amaj\u0101m pil\u012bm REH-2E &#8211; 2 HP<\/h2>\n<p>Huawei p\u016bt\u0113js piep\u016b\u0161amaj\u0101m pil\u012bm ir tie\u0161i pareiz\u0101 izv\u0113le nomas uz\u0146\u0113mumiem vai klientiem ar vair\u0101k\u0101m piep\u016b\u0161amaj\u0101m pil\u012bm sav\u0101 invent\u0101r\u0101.<br \/>\n<strong>Jaud\u012bga gaisa pl\u016bsma:<\/strong> Paredz\u0113ts optim\u0101lai gaisa pl\u016bsmai, tas \u0101tri un efekt\u012bvi piep\u016b\u0161 j\u016bsu piep\u016b\u0161amo pili, vienlaikus uzturot pareizo gaisa spiedienu vis\u0101 lieto\u0161anas laik\u0101.<br \/>\n<strong>Daudzpus\u012bga sader\u012bba:<\/strong> Piem\u0113rots pla\u0161am piep\u016b\u0161amo konstrukciju kl\u0101stam, s\u0101kot no piep\u016b\u0161amaj\u0101m pil\u012bm l\u012bdz piep\u016b\u0161amajiem slidkalni\u0146iem un citam.<br \/>\n<strong>Jaunin\u0101\u0161anas iesp\u0113jas:<\/strong> Pateicoties papla\u0161in\u0101\u0161anas iesp\u0113j\u0101m, p\u016bt\u0113ju var apr\u012bkot ar deflatoru gaisa izvad\u012b\u0161anai no piep\u016b\u0161am\u0101s pils un \u0101tr\u0101kai izp\u016b\u0161anai un salik\u0161anai. Huawei p\u016bt\u0113ju var ar\u012b jaunin\u0101t ar sild\u012b\u0161anas piederumu. \u0160is sild\u012bt\u0101js tiek pievienots p\u016bt\u0113jam, izmantojot patent\u0113tu \u0101tras fiks\u0101cijas sist\u0113mu, un uzsilda piep\u016b\u0161amaj\u0101 pil\u012b iep\u016bsto gaisu. Tas \u013cauj slapjai piep\u016b\u0161amajai pilij \u017e\u016bt daudz \u0101tr\u0101k, bez nepiecie\u0161am\u012bbas p\u0113c daudz\u0101m \u017e\u0101v\u0113\u0161anas stund\u0101m.<br \/>\n&nbsp;<\/p>\n<h3><strong>Huawei p\u016bt\u0113ja REH-2E &#8211; 2 HP deta\u013cas<\/strong><\/h3>\n<ul>\n<li>Materi\u0101ls: augst\u0101k\u0101s kvalit\u0101tes plastmasas korpuss<\/li>\n<li>Jauda: 2,4 kW, 2 HP<\/li>\n<li>Savienojums: Schuko kontaktdak\u0161a<\/li>\n<li>Piltuves diametrs: 14,5 cm<\/li>\n<li>Izm\u0113ri: 49 x 38,5 x 49,5 cm<\/li>\n<li>Svars: 18,1 kg<\/li>\n<li>Trok\u0161\u0146a l\u012bmenis: 91 dB<\/li>\n<li>WEEE re\u0123istr\u0101cijas nr.: DE 82972723<\/li>\n<\/ul>\n<p><span style=\"color: #ff0000;\"><strong>\u0160is p\u016bt\u0113js ir nepiecie\u0161ams tikai \u013coti liel\u0101m piep\u016b\u0161amaj\u0101m pil\u012bm un vec\u0101k\u0101m piep\u016b\u0161amaj\u0101m konstrukcij\u0101m, kur\u0101m \u0161uves ir nedaudz atsl\u0101bu\u0161as un t\u0101p\u0113c pie\u013cauj pastiprin\u0101tu gaisa nopl\u016bdi.<\/strong><\/span><br \/>\n<span style=\"color: #ff0000;\"><strong>Vis\u0101m m\u016bsu standarta piep\u016b\u0161amaj\u0101m pil\u012bm l\u016bdzu izmantojiet Huawei 1,5 HP p\u016bt\u0113ju.<\/strong><\/span><br \/>\n&nbsp;<\/p>\n","protected":false},"excerpt":{"rendered":"<ul>\n<li>Materi\u0101ls: augst\u0101k\u0101s kvalit\u0101tes plastmasas korpuss<\/li>\n<li>Jauda: 2,4 kW, 2 HP<\/li>\n<li>Savienojums: Schuko kontaktdak\u0161a<\/li>\n<li>Piltuves diametrs: 14,5 cm<\/li>\n<li>Izm\u0113ri: 49 x 38,5 x 49,5 cm<\/li>\n<li>Svars: 18,1 kg<\/li>\n<li>Trok\u0161\u0146a l\u012bmenis: 91 dB<\/li>\n<li>WEEE re\u0123istr\u0101cijas nr.: DE 82972723<\/li>\n<\/ul>\n","protected":false},"featured_media":104834,"comment_status":"open","ping_status":"closed","template":"","meta":{"_acf_changed":false,"_uag_custom_page_level_css":"","site-sidebar-layout":"default","site-content-layout":"boxed-container","ast-site-content-layout":"normal-width-container","site-content-style":"boxed","site-sidebar-style":"boxed","ast-global-header-display":"","ast-banner-title-visibility":"","ast-main-header-display":"","ast-hfb-above-header-display":"","ast-hfb-below-header-display":"","ast-hfb-mobile-header-display":"","site-post-title":"disabled","ast-breadcrumbs-content":"","ast-featured-img":"","footer-sml-layout":"","ast-disable-related-posts":"","theme-transparent-header-meta":"default","adv-header-id-meta":"","stick-header-meta":"default","header-above-stick-meta":"","header-main-stick-meta":"","header-below-stick-meta":"","astra-migrate-meta-layouts":"default","ast-page-background-enabled":"default","ast-page-background-meta":{"desktop":{"background-color":"var(--ast-global-color-4)","background-image":"","background-repeat":"repeat","background-position":"center center","background-size":"auto","background-attachment":"scroll","background-type":"","background-media":"","overlay-type":"","overlay-color":"","overlay-opacity":"","overlay-gradient":""},"tablet":{"background-color":"","background-image":"","background-repeat":"repeat","background-position":"center center","background-size":"auto","background-attachment":"scroll","background-type":"","background-media":"","overlay-type":"","overlay-color":"","overlay-opacity":"","overlay-gradient":""},"mobile":{"background-color":"","background-image":"","background-repeat":"repeat","background-position":"center center","background-size":"auto","background-attachment":"scroll","background-type":"","background-media":"","overlay-type":"","overlay-color":"","overlay-opacity":"","overlay-gradient":""}},"ast-content-background-meta":{"desktop":{"background-color":"var(--ast-global-color-5)","background-image":"","background-repeat":"repeat","background-position":"center center","background-size":"auto","background-attachment":"scroll","background-type":"","background-media":"","overlay-type":"","overlay-color":"","overlay-opacity":"","overlay-gradient":""},"tablet":{"background-color":"var(--ast-global-color-5)","background-image":"","background-repeat":"repeat","background-position":"center center","background-size":"auto","background-attachment":"scroll","background-type":"","background-media":"","overlay-type":"","overlay-color":"","overlay-opacity":"","overlay-gradient":""},"mobile":{"background-color":"var(--ast-global-color-5)","background-image":"","background-repeat":"repeat","background-position":"center center","background-size":"auto","background-attachment":"scroll","background-type":"","background-media":"","overlay-type":"","overlay-color":"","overlay-opacity":"","overlay-gradient":""}}},"product_brand":[],"product_cat":[1154],"product_tag":[],"class_list":{"0":"post-14202","1":"product","2":"type-product","3":"status-publish","4":"has-post-thumbnail","6":"product_cat-piedavajumi","7":"product_shipping_class-zubehor-lv","8":"desktop-align-center","9":"tablet-align-center","10":"mobile-align-center","11":"ast-product-gallery-layout-horizontal","12":"ast-product-gallery-with-no-image","13":"ast-product-tabs-layout-horizontal","15":"first","16":"instock","17":"taxable","18":"shipping-taxable","19":"purchasable","20":"product-type-simple"},"acf":[],"yoast_head":"<!-- This site is optimized with the Yoast SEO plugin v27.5 - https:\/\/yoast.com\/product\/yoast-seo-wordpress\/ -->\n<title>Nopirkt Huawei p\u016bt\u0113ji uzp\u016b\u0161amaj\u0101m pil\u012bm | Dodo-Inflatables.com<\/title>\n<meta name=\"description\" content=\"Pirkt Huawei P\u016bt\u0113js piep\u016b\u0161amaj\u0101m laiv\u0101m REH-1.5E - 1.5HP pie Dodo-Inflatables.com | God\u012bgas cenas | Vienm\u0113r noliktav\u0101 | \u0100tra pieg\u0101de!\" \/>\n<meta name=\"robots\" content=\"index, follow, max-snippet:-1, max-image-preview:large, max-video-preview:-1\" \/>\n<link rel=\"canonical\" href=\"https:\/\/dodo-inflatables.com\/lv\/product\/huawei-putejs-reh-2e-2ps\/\" \/>\n<meta name=\"twitter:label1\" content=\"Est. reading time\" \/>\n\t<meta name=\"twitter:data1\" content=\"2 minutes\" \/>\n<script type=\"application\/ld+json\" class=\"yoast-schema-graph\">{\"@context\":\"https:\\\/\\\/schema.org\",\"@graph\":[{\"@type\":\"WebPage\",\"@id\":\"https:\\\/\\\/dodo-inflatables.com\\\/lv\\\/product\\\/huawei-putejs-reh-2e-2ps\\\/\",\"url\":\"https:\\\/\\\/dodo-inflatables.com\\\/lv\\\/product\\\/huawei-putejs-reh-2e-2ps\\\/\",\"name\":\"Nopirkt Huawei p\u016bt\u0113ji uzp\u016b\u0161amaj\u0101m pil\u012bm | Dodo-Inflatables.com\",\"isPartOf\":{\"@id\":\"https:\\\/\\\/dodo-inflatables.com\\\/lv\\\/#website\"},\"primaryImageOfPage\":{\"@id\":\"https:\\\/\\\/dodo-inflatables.com\\\/lv\\\/product\\\/huawei-putejs-reh-2e-2ps\\\/#primaryimage\"},\"image\":{\"@id\":\"https:\\\/\\\/dodo-inflatables.com\\\/lv\\\/product\\\/huawei-putejs-reh-2e-2ps\\\/#primaryimage\"},\"thumbnailUrl\":\"https:\\\/\\\/dodo-inflatables.com\\\/wp-content\\\/uploads\\\/2020\\\/12\\\/Huawei-Blower.png\",\"datePublished\":\"2024-03-26T16:00:35+00:00\",\"dateModified\":\"2026-04-23T18:47:25+00:00\",\"description\":\"Pirkt Huawei P\u016bt\u0113js piep\u016b\u0161amaj\u0101m laiv\u0101m REH-1.5E - 1.5HP pie Dodo-Inflatables.com | God\u012bgas cenas | Vienm\u0113r noliktav\u0101 | \u0100tra pieg\u0101de!\",\"breadcrumb\":{\"@id\":\"https:\\\/\\\/dodo-inflatables.com\\\/lv\\\/product\\\/huawei-putejs-reh-2e-2ps\\\/#breadcrumb\"},\"inLanguage\":\"lv-LV\",\"potentialAction\":[{\"@type\":\"ReadAction\",\"target\":[\"https:\\\/\\\/dodo-inflatables.com\\\/lv\\\/product\\\/huawei-putejs-reh-2e-2ps\\\/\"]}]},{\"@type\":\"ImageObject\",\"inLanguage\":\"lv-LV\",\"@id\":\"https:\\\/\\\/dodo-inflatables.com\\\/lv\\\/product\\\/huawei-putejs-reh-2e-2ps\\\/#primaryimage\",\"url\":\"https:\\\/\\\/dodo-inflatables.com\\\/wp-content\\\/uploads\\\/2020\\\/12\\\/Huawei-Blower.png\",\"contentUrl\":\"https:\\\/\\\/dodo-inflatables.com\\\/wp-content\\\/uploads\\\/2020\\\/12\\\/Huawei-Blower.png\",\"width\":500,\"height\":500,\"caption\":\"Huawei p\u016bt\u0113js REH-2E - 2 HP | Dodo Inflatables\"},{\"@type\":\"BreadcrumbList\",\"@id\":\"https:\\\/\\\/dodo-inflatables.com\\\/lv\\\/product\\\/huawei-putejs-reh-2e-2ps\\\/#breadcrumb\",\"itemListElement\":[{\"@type\":\"ListItem\",\"position\":1,\"name\":\"Home\",\"item\":\"https:\\\/\\\/dodo-inflatables.com\\\/lv\\\/\"},{\"@type\":\"ListItem\",\"position\":2,\"name\":\"Veikals\",\"item\":\"https:\\\/\\\/dodo-inflatables.com\\\/lv\\\/veikals\\\/\"},{\"@type\":\"ListItem\",\"position\":3,\"name\":\"Huawei P\u016bt\u0113js REH-2E &#8211; 2PS\"}]},{\"@type\":\"WebSite\",\"@id\":\"https:\\\/\\\/dodo-inflatables.com\\\/lv\\\/#website\",\"url\":\"https:\\\/\\\/dodo-inflatables.com\\\/lv\\\/\",\"name\":\"dodo-inflatables.com\",\"description\":\"Ieg\u0101d\u0101jieties leco\u0161\u0101s pilis un atrakcijas m\u016bsu veikal\u0101.\",\"potentialAction\":[{\"@type\":\"SearchAction\",\"target\":{\"@type\":\"EntryPoint\",\"urlTemplate\":\"https:\\\/\\\/dodo-inflatables.com\\\/lv\\\/?s={search_term_string}\"},\"query-input\":{\"@type\":\"PropertyValueSpecification\",\"valueRequired\":true,\"valueName\":\"search_term_string\"}}],\"inLanguage\":\"lv-LV\"}]}<\/script>\n<!-- \/ Yoast SEO plugin. -->","yoast_head_json":{"title":"Nopirkt Huawei p\u016bt\u0113ji uzp\u016b\u0161amaj\u0101m pil\u012bm | Dodo-Inflatables.com","description":"Pirkt Huawei P\u016bt\u0113js piep\u016b\u0161amaj\u0101m laiv\u0101m REH-1.5E - 1.5HP pie Dodo-Inflatables.com | God\u012bgas cenas | Vienm\u0113r noliktav\u0101 | \u0100tra pieg\u0101de!","robots":{"index":"index","follow":"follow","max-snippet":"max-snippet:-1","max-image-preview":"max-image-preview:large","max-video-preview":"max-video-preview:-1"},"canonical":"https:\/\/dodo-inflatables.com\/lv\/product\/huawei-putejs-reh-2e-2ps\/","twitter_misc":{"Est. reading time":"2 minutes"},"schema":{"@context":"https:\/\/schema.org","@graph":[{"@type":"WebPage","@id":"https:\/\/dodo-inflatables.com\/lv\/product\/huawei-putejs-reh-2e-2ps\/","url":"https:\/\/dodo-inflatables.com\/lv\/product\/huawei-putejs-reh-2e-2ps\/","name":"Nopirkt Huawei p\u016bt\u0113ji uzp\u016b\u0161amaj\u0101m pil\u012bm | Dodo-Inflatables.com","isPartOf":{"@id":"https:\/\/dodo-inflatables.com\/lv\/#website"},"primaryImageOfPage":{"@id":"https:\/\/dodo-inflatables.com\/lv\/product\/huawei-putejs-reh-2e-2ps\/#primaryimage"},"image":{"@id":"https:\/\/dodo-inflatables.com\/lv\/product\/huawei-putejs-reh-2e-2ps\/#primaryimage"},"thumbnailUrl":"https:\/\/dodo-inflatables.com\/wp-content\/uploads\/2020\/12\/Huawei-Blower.png","datePublished":"2024-03-26T16:00:35+00:00","dateModified":"2026-04-23T18:47:25+00:00","description":"Pirkt Huawei P\u016bt\u0113js piep\u016b\u0161amaj\u0101m laiv\u0101m REH-1.5E - 1.5HP pie Dodo-Inflatables.com | God\u012bgas cenas | Vienm\u0113r noliktav\u0101 | \u0100tra pieg\u0101de!","breadcrumb":{"@id":"https:\/\/dodo-inflatables.com\/lv\/product\/huawei-putejs-reh-2e-2ps\/#breadcrumb"},"inLanguage":"lv-LV","potentialAction":[{"@type":"ReadAction","target":["https:\/\/dodo-inflatables.com\/lv\/product\/huawei-putejs-reh-2e-2ps\/"]}]},{"@type":"ImageObject","inLanguage":"lv-LV","@id":"https:\/\/dodo-inflatables.com\/lv\/product\/huawei-putejs-reh-2e-2ps\/#primaryimage","url":"https:\/\/dodo-inflatables.com\/wp-content\/uploads\/2020\/12\/Huawei-Blower.png","contentUrl":"https:\/\/dodo-inflatables.com\/wp-content\/uploads\/2020\/12\/Huawei-Blower.png","width":500,"height":500,"caption":"Huawei p\u016bt\u0113js REH-2E - 2 HP | Dodo Inflatables"},{"@type":"BreadcrumbList","@id":"https:\/\/dodo-inflatables.com\/lv\/product\/huawei-putejs-reh-2e-2ps\/#breadcrumb","itemListElement":[{"@type":"ListItem","position":1,"name":"Home","item":"https:\/\/dodo-inflatables.com\/lv\/"},{"@type":"ListItem","position":2,"name":"Veikals","item":"https:\/\/dodo-inflatables.com\/lv\/veikals\/"},{"@type":"ListItem","position":3,"name":"Huawei P\u016bt\u0113js REH-2E &#8211; 2PS"}]},{"@type":"WebSite","@id":"https:\/\/dodo-inflatables.com\/lv\/#website","url":"https:\/\/dodo-inflatables.com\/lv\/","name":"dodo-inflatables.com","description":"Ieg\u0101d\u0101jieties leco\u0161\u0101s pilis un atrakcijas m\u016bsu veikal\u0101.","potentialAction":[{"@type":"SearchAction","target":{"@type":"EntryPoint","urlTemplate":"https:\/\/dodo-inflatables.com\/lv\/?s={search_term_string}"},"query-input":{"@type":"PropertyValueSpecification","valueRequired":true,"valueName":"search_term_string"}}],"inLanguage":"lv-LV"}]}},"uagb_featured_image_src":{"full":["https:\/\/dodo-inflatables.com\/wp-content\/uploads\/2020\/12\/Huawei-Blower.png",500,500,false],"thumbnail":["https:\/\/dodo-inflatables.com\/wp-content\/uploads\/2020\/12\/Huawei-Blower-150x150.png",150,150,true],"medium":["https:\/\/dodo-inflatables.com\/wp-content\/uploads\/2020\/12\/Huawei-Blower-300x300.png",300,300,true],"medium_large":["https:\/\/dodo-inflatables.com\/wp-content\/uploads\/2020\/12\/Huawei-Blower.png",500,500,false],"large":["https:\/\/dodo-inflatables.com\/wp-content\/uploads\/2020\/12\/Huawei-Blower.png",500,500,false],"1536x1536":["https:\/\/dodo-inflatables.com\/wp-content\/uploads\/2020\/12\/Huawei-Blower.png",500,500,false],"2048x2048":["https:\/\/dodo-inflatables.com\/wp-content\/uploads\/2020\/12\/Huawei-Blower.png",500,500,false],"woocommerce_thumbnail":["https:\/\/dodo-inflatables.com\/wp-content\/uploads\/2020\/12\/Huawei-Blower.png",500,500,false],"woocommerce_single":["https:\/\/dodo-inflatables.com\/wp-content\/uploads\/2020\/12\/Huawei-Blower.png",500,500,false],"woocommerce_gallery_thumbnail":["https:\/\/dodo-inflatables.com\/wp-content\/uploads\/2020\/12\/Huawei-Blower-100x100.png",100,100,true]},"uagb_author_info":{"display_name":"Andreas","author_link":"https:\/\/dodo-inflatables.com\/lv\/author\/"},"uagb_comment_info":0,"uagb_excerpt":"Materi\u0101ls: augst\u0101k\u0101s kvalit\u0101tes plastmasas korpuss Jauda: 2,4 kW, 2 HP Savienojums: Schuko kontaktdak\u0161a Piltuves diametrs: 14,5 cm Izm\u0113ri: 49 x 38,5 x 49,5 cm Svars: 18,1 kg Trok\u0161\u0146a l\u012bmenis: 91 dB WEEE re\u0123istr\u0101cijas nr.: DE 82972723","_links":{"self":[{"href":"https:\/\/dodo-inflatables.com\/lv\/wp-json\/wp\/v2\/product\/14202","targetHints":{"allow":["GET"]}}],"collection":[{"href":"https:\/\/dodo-inflatables.com\/lv\/wp-json\/wp\/v2\/product"}],"about":[{"href":"https:\/\/dodo-inflatables.com\/lv\/wp-json\/wp\/v2\/types\/product"}],"replies":[{"embeddable":true,"href":"https:\/\/dodo-inflatables.com\/lv\/wp-json\/wp\/v2\/comments?post=14202"}],"wp:featuredmedia":[{"embeddable":true,"href":"https:\/\/dodo-inflatables.com\/lv\/wp-json\/wp\/v2\/media\/104834"}],"wp:attachment":[{"href":"https:\/\/dodo-inflatables.com\/lv\/wp-json\/wp\/v2\/media?parent=14202"}],"wp:term":[{"taxonomy":"product_brand","embeddable":true,"href":"https:\/\/dodo-inflatables.com\/lv\/wp-json\/wp\/v2\/product_brand?post=14202"},{"taxonomy":"product_cat","embeddable":true,"href":"https:\/\/dodo-inflatables.com\/lv\/wp-json\/wp\/v2\/product_cat?post=14202"},{"taxonomy":"product_tag","embeddable":true,"href":"https:\/\/dodo-inflatables.com\/lv\/wp-json\/wp\/v2\/product_tag?post=14202"}],"curies":[{"name":"wp","href":"https:\/\/api.w.org\/{rel}","templated":true}]}}