{"id":14714,"date":"2023-10-16T14:37:38","date_gmt":"2023-10-16T12:37:38","guid":{"rendered":"https:\/\/dodo-inflatables.com\/product\/bouncy-pils-pirats-fun\/"},"modified":"2024-09-06T20:07:34","modified_gmt":"2024-09-06T18:07:34","slug":"bouncy-pils-pirats-fun","status":"publish","type":"product","link":"https:\/\/dodo-inflatables.com\/lv\/product\/bouncy-pils-pirats-fun\/","title":{"rendered":"Bouncy pils Pir\u0101ts Fun"},"content":{"rendered":"<h2>Nopirkt Piep\u016b\u0161am\u0101 pir\u0101tu jautr\u012bbas Bouncy pils<\/h2>\n<p>  M\u016bsu lecamaukla &#8220;Pirate Fun&#8221; ir aizraujo\u0161s piedz\u012bvojums mazajiem pir\u0101tiem. Ar apdruk\u0101tiem pir\u0101tu mot\u012bviem un lielgabaliem t\u0101 aicina b\u0113rnus iejusties pir\u0101tu pasaul\u0113 un iedz\u012bvin\u0101t savu izt\u0113li. Dro\u0161\u0101 un iztur\u012bg\u0101 konstrukcija pied\u0101v\u0101 stund\u0101m ilgu jautr\u012bbu, l\u0113k\u0101jot un skrienot apk\u0101rt. Jumts pasarg\u0101 b\u0113rnus sp\u0113c\u012bg\u0101 saul\u0113 vai neliel\u0101 liet\u016b. Aizsargt\u012bkls aizmugur\u0113 piln\u012bb\u0101 nosl\u0113dz lecamauklas iek\u0161pusi, padarot to \u012bpa\u0161i dro\u0161u. Pirate Fun Bouncy Castle ir komplekt\u0101 ar piem\u0113rotu transport\u0113\u0161anas somu, un to var viegli uzst\u0101d\u012bt aptuveni 10 min\u016bt\u0113s. Iepakojum\u0101 ietilpst uzp\u016b\u0161am\u0101 pils, transport\u0113\u0161anas soma un remonta komplekts. L\u016bdzu, \u0146emiet v\u0113r\u0101, ka p\u016bt\u0113js un pamatnes p\u0101rkl\u0101js nav iek\u013cauts komplekt\u0101cij\u0101. Tos var atrast m\u016bsu <a href=\"https:\/\/dodo-inflatables.com\/product-category\/accessories\/\">piederumu kategorij\u0101<\/a>. Abi pied\u0101v\u0101tie p\u016bt\u0113ji<a href=\"https:\/\/dodo-inflatables.com\/product\/huawei-blower\/\">(Huawei<\/a> un <a href=\"https:\/\/dodo-inflatables.com\/product\/gibbons-blower\/\">Gibbons<\/a>) ir piem\u0113roti lecamauklai. Izgatavota no iztur\u012bga PVC brezenta (0,55 mm \/ 621,3 g\/m2) un sertific\u0113ta saska\u0146\u0101 ar DIN EN 14960, Pirate Fun Bouncy Castle ir kvalitat\u012bvs produkts, kas atbilst visaugst\u0101kajiem dro\u0161\u012bbas standartiem. L\u016bdzu, izmantojiet \u0161\u016bpu\u013cd\u0101rzu tikai uz piem\u0113rotas <a href=\"https:\/\/dodo-inflatables.com\/product\/ground-sheet-5-x-6-m\/\">pamatnes,<\/a> lai pasarg\u0101tu to no asiem priek\u0161metiem uz zemes un nodiluma. Lai nodro\u0161in\u0101tu maksim\u0101lu dro\u0161\u012bbu, iesak\u0101m uzst\u0101d\u012bt uzp\u016b\u0161amo pili uz z\u0101liena un nostiprin\u0101t to ar m\u016bsu <a href=\"https:\/\/dodo-inflatables.com\/product\/ground-pegs-bouncy-castle\/\">zemes enkuriem<\/a>. P\u0113c katras lieto\u0161anas reizes lecamauklu j\u0101iz\u017e\u0101v\u0113 un pien\u0101c\u012bgi j\u0101iepako, lai pasarg\u0101tu to no \u0101r\u0113j\u0101s ietekmes un transporta boj\u0101jumiem.  <\/p>\n<h3><strong>Inform\u0101cija par Pirate Fun Bouncy Castle<\/strong><\/h3>\n<ul>\n<li>Izm\u0113ri (garums x platums x augstums): 4,50 m x 4,00 m x 4,50 m *<\/li>\n<li>Sl\u0113po\u0161anas laukums (garums x platums): 2,70 m x 2,70 m *<\/li>\n<li>Nepiecie\u0161am\u0101 vieta: 9,80 x 7,60 m (garums x platums) (saska\u0146\u0101 ar DIN EN 14960)*.<\/li>\n<li>Svars: apm. 90 kg *<\/li>\n<li>Iepakojuma izm\u0113ri: Augstums 120 cm, diametrs 90 cm **<\/li>\n<li>Uzst\u0101d\u012b\u0161anas laiks: 10 min\u016btes<\/li>\n<li>Materi\u0101ls: PVC (0,55 mm \/ 621,3 g\/m2)<\/li>\n<li>2-4 reizes \u0161\u016btas (atkar\u012bb\u0101 no lieto\u0161anas veida)<\/li>\n<li>Ugunsdro\u0161s<\/li>\n<li>Atbilst\u012bbas sertifik\u0101ts saska\u0146\u0101 ar EN 14960<\/li>\n<li>Atsperama virsma ar aizsargjosl\u0101m, r\u0101v\u0113jsl\u0113dz\u0113js ar velcro aizdari, pastiprin\u0101ti st\u016bri.<\/li>\n<\/ul>\n<p>  Komplekt\u0101 ietilpst: lecamaukla, transport\u0113\u0161anas soma un remonta komplekts Pirate Fun Bouncy Castle ir profesion\u0101ls modulis, kas ir ra\u017eots un p\u0101rbaud\u012bts saska\u0146\u0101 ar stingraj\u0101m DIN EN 14960 vadl\u012bnij\u0101m, kas noz\u012bm\u0113, ka tas ir dro\u0161s un uzticams. T\u0101p\u0113c Pirate Fun Bouncy Castle ir ide\u0101li piem\u0113rota profesion\u0101lai iznom\u0101\u0161anai. L\u016bdzu, \u0146emiet v\u0113r\u0101, ka lecamaukl\u0101 dr\u012bkst atrasties tikai b\u0113rni, bet ne pieaugu\u0161ie! L\u016bdzu, \u0146emiet v\u0113r\u0101, ka lieto\u0161anas laik\u0101 ventilatoram (nav iek\u013cauts komplekt\u0101) ir j\u0101darbojas nep\u0101rtraukti, un, lai nepie\u013cautu uzp\u016b\u0161am\u0101s pils pl\u012bsumu, caur caurumiem ir nepiecie\u0161ama neliela gaisa izpl\u016bde. Ieg\u0101d\u0101jieties Pirate Fun Bouncy Castle jau tagad un piedz\u012bvojiet neaizmirstamus mirk\u013cus, kas pilni jautr\u012bbas un piedz\u012bvojumu! * Svars un izm\u0113ri ir aptuveni un var nedaudz at\u0161\u0137irties.  <em>\u0160is modelis ir aizsarg\u0101ts saska\u0146\u0101 ar ES dizainparaugu ties\u012bbu aktiem.<\/em><\/p>\n","protected":false},"excerpt":{"rendered":"<p><i class=\"fa fa-arrows-alt\"><\/i>  Izm\u0113ri (garums x platums x augstums): 4,50 m x 4,00 m x 4,50 m * <i class=\"fa fa-child\"><\/i> Piem\u0113rots aptuveni 9 b\u0113rniem (atkar\u012bb\u0101 no vecuma un izm\u0113ra) <i class=\"fa fa-check\"><\/i> Profesion\u0101ls modulis &#8211; piem\u0113rots komerci\u0101lai un priv\u0101tai lieto\u0161anai <i class=\"fa fa-square\"><\/i> PVC (0,55 mm \/ 621,3 g\/m2) <i class=\"fa fa-align-justify\"><\/i> 2 &#8211; 4 reizes \u0161\u016bts (atkar\u012bb\u0101 no lieto\u0161anas veida) <i class=\"fa fa-fire\"><\/i> Ugunsdro\u0161s <i class=\"fa fa-certificate\"><\/i> Sertifik\u0101cija saska\u0146\u0101 ar EN 14960 <i class=\"fas fa-edit\"><\/i> Ietver individu\u0101lu s\u0113rijas numuru<\/p>\n","protected":false},"featured_media":14724,"comment_status":"open","ping_status":"closed","template":"","meta":{"_acf_changed":false,"_uag_custom_page_level_css":"","site-sidebar-layout":"default","site-content-layout":"boxed-container","ast-site-content-layout":"normal-width-container","site-content-style":"boxed","site-sidebar-style":"boxed","ast-global-header-display":"","ast-banner-title-visibility":"","ast-main-header-display":"","ast-hfb-above-header-display":"","ast-hfb-below-header-display":"","ast-hfb-mobile-header-display":"","site-post-title":"disabled","ast-breadcrumbs-content":"","ast-featured-img":"","footer-sml-layout":"","ast-disable-related-posts":"","theme-transparent-header-meta":"default","adv-header-id-meta":"","stick-header-meta":"default","header-above-stick-meta":"","header-main-stick-meta":"","header-below-stick-meta":"","astra-migrate-meta-layouts":"default","ast-page-background-enabled":"default","ast-page-background-meta":{"desktop":{"background-color":"var(--ast-global-color-4)","background-image":"","background-repeat":"repeat","background-position":"center center","background-size":"auto","background-attachment":"scroll","background-type":"","background-media":"","overlay-type":"","overlay-color":"","overlay-opacity":"","overlay-gradient":""},"tablet":{"background-color":"","background-image":"","background-repeat":"repeat","background-position":"center center","background-size":"auto","background-attachment":"scroll","background-type":"","background-media":"","overlay-type":"","overlay-color":"","overlay-opacity":"","overlay-gradient":""},"mobile":{"background-color":"","background-image":"","background-repeat":"repeat","background-position":"center center","background-size":"auto","background-attachment":"scroll","background-type":"","background-media":"","overlay-type":"","overlay-color":"","overlay-opacity":"","overlay-gradient":""}},"ast-content-background-meta":{"desktop":{"background-color":"var(--ast-global-color-5)","background-image":"","background-repeat":"repeat","background-position":"center center","background-size":"auto","background-attachment":"scroll","background-type":"","background-media":"","overlay-type":"","overlay-color":"","overlay-opacity":"","overlay-gradient":""},"tablet":{"background-color":"var(--ast-global-color-5)","background-image":"","background-repeat":"repeat","background-position":"center center","background-size":"auto","background-attachment":"scroll","background-type":"","background-media":"","overlay-type":"","overlay-color":"","overlay-opacity":"","overlay-gradient":""},"mobile":{"background-color":"var(--ast-global-color-5)","background-image":"","background-repeat":"repeat","background-position":"center center","background-size":"auto","background-attachment":"scroll","background-type":"","background-media":"","overlay-type":"","overlay-color":"","overlay-opacity":"","overlay-gradient":""}}},"product_brand":[],"product_cat":[1165],"product_tag":[1169],"class_list":{"0":"post-14714","1":"product","2":"type-product","3":"status-publish","4":"has-post-thumbnail","6":"product_cat-bouncy-castles-lv","7":"product_tag-bez-slaida","8":"product_shipping_class-spedition-hupfburg-lv","9":"pa_gtin-0645117542373-lv","10":"pa_height-410-m-450-m-lv-2","11":"pa_length-460-m-500-m-lv","12":"pa_type-of-bouncy-castle-bouncy-castle-without-slide-lv-2","13":"pa_width-360-m-400-m-lv-2","14":"desktop-align-center","15":"tablet-align-center","16":"mobile-align-center","17":"ast-product-gallery-layout-horizontal","18":"ast-product-tabs-layout-horizontal","20":"first","21":"instock","22":"taxable","23":"shipping-taxable","24":"purchasable","25":"product-type-simple"},"acf":[],"yoast_head":"<!-- This site is optimized with the Yoast SEO plugin v27.4 - https:\/\/yoast.com\/product\/yoast-seo-wordpress\/ -->\n<title>Piep\u016b\u0161am\u0101 Bouncy Castle Pir\u0101tu jautr\u012bba | Dodo-Inflatables.com<\/title>\n<meta name=\"description\" content=\"Ieg\u0101d\u0101jieties m\u016bsu Piep\u016b\u0161amo Pirate Fun lecamauklu tie\u0161saist\u0113 dodo-inflatables.com | God\u012bgas cenas | \u0100tra pieg\u0101de | Liels pied\u0101v\u0101jums noliktav\u0101\" \/>\n<meta name=\"robots\" content=\"index, follow, max-snippet:-1, max-image-preview:large, max-video-preview:-1\" \/>\n<link rel=\"canonical\" href=\"https:\/\/dodo-inflatables.com\/lv\/product\/bouncy-pils-pirats-fun\/\" \/>\n<meta name=\"twitter:label1\" content=\"Est. reading time\" \/>\n\t<meta name=\"twitter:data1\" content=\"3 minutes\" \/>\n<script type=\"application\/ld+json\" class=\"yoast-schema-graph\">{\"@context\":\"https:\\\/\\\/schema.org\",\"@graph\":[{\"@type\":\"WebPage\",\"@id\":\"https:\\\/\\\/dodo-inflatables.com\\\/lv\\\/product\\\/bouncy-pils-pirats-fun\\\/\",\"url\":\"https:\\\/\\\/dodo-inflatables.com\\\/lv\\\/product\\\/bouncy-pils-pirats-fun\\\/\",\"name\":\"Piep\u016b\u0161am\u0101 Bouncy Castle Pir\u0101tu jautr\u012bba | Dodo-Inflatables.com\",\"isPartOf\":{\"@id\":\"https:\\\/\\\/dodo-inflatables.com\\\/lv\\\/#website\"},\"primaryImageOfPage\":{\"@id\":\"https:\\\/\\\/dodo-inflatables.com\\\/lv\\\/product\\\/bouncy-pils-pirats-fun\\\/#primaryimage\"},\"image\":{\"@id\":\"https:\\\/\\\/dodo-inflatables.com\\\/lv\\\/product\\\/bouncy-pils-pirats-fun\\\/#primaryimage\"},\"thumbnailUrl\":\"https:\\\/\\\/dodo-inflatables.com\\\/wp-content\\\/uploads\\\/2023\\\/10\\\/Buy-Inflatable-Bouncy-Castle-Pirate-Fun-3.jpg\",\"datePublished\":\"2023-10-16T12:37:38+00:00\",\"dateModified\":\"2024-09-06T18:07:34+00:00\",\"description\":\"Ieg\u0101d\u0101jieties m\u016bsu Piep\u016b\u0161amo Pirate Fun lecamauklu tie\u0161saist\u0113 dodo-inflatables.com | God\u012bgas cenas | \u0100tra pieg\u0101de | Liels pied\u0101v\u0101jums noliktav\u0101\",\"breadcrumb\":{\"@id\":\"https:\\\/\\\/dodo-inflatables.com\\\/lv\\\/product\\\/bouncy-pils-pirats-fun\\\/#breadcrumb\"},\"inLanguage\":\"lv-LV\",\"potentialAction\":[{\"@type\":\"ReadAction\",\"target\":[\"https:\\\/\\\/dodo-inflatables.com\\\/lv\\\/product\\\/bouncy-pils-pirats-fun\\\/\"]}]},{\"@type\":\"ImageObject\",\"inLanguage\":\"lv-LV\",\"@id\":\"https:\\\/\\\/dodo-inflatables.com\\\/lv\\\/product\\\/bouncy-pils-pirats-fun\\\/#primaryimage\",\"url\":\"https:\\\/\\\/dodo-inflatables.com\\\/wp-content\\\/uploads\\\/2023\\\/10\\\/Buy-Inflatable-Bouncy-Castle-Pirate-Fun-3.jpg\",\"contentUrl\":\"https:\\\/\\\/dodo-inflatables.com\\\/wp-content\\\/uploads\\\/2023\\\/10\\\/Buy-Inflatable-Bouncy-Castle-Pirate-Fun-3.jpg\",\"width\":1000,\"height\":1000},{\"@type\":\"BreadcrumbList\",\"@id\":\"https:\\\/\\\/dodo-inflatables.com\\\/lv\\\/product\\\/bouncy-pils-pirats-fun\\\/#breadcrumb\",\"itemListElement\":[{\"@type\":\"ListItem\",\"position\":1,\"name\":\"Home\",\"item\":\"https:\\\/\\\/dodo-inflatables.com\\\/lv\\\/\"},{\"@type\":\"ListItem\",\"position\":2,\"name\":\"Veikals\",\"item\":\"https:\\\/\\\/dodo-inflatables.com\\\/lv\\\/veikals\\\/\"},{\"@type\":\"ListItem\",\"position\":3,\"name\":\"Bouncy pils Pir\u0101ts Fun\"}]},{\"@type\":\"WebSite\",\"@id\":\"https:\\\/\\\/dodo-inflatables.com\\\/lv\\\/#website\",\"url\":\"https:\\\/\\\/dodo-inflatables.com\\\/lv\\\/\",\"name\":\"dodo-inflatables.com\",\"description\":\"Ieg\u0101d\u0101jieties leco\u0161\u0101s pilis un atrakcijas m\u016bsu veikal\u0101.\",\"publisher\":{\"@id\":\"https:\\\/\\\/dodo-inflatables.com\\\/lv\\\/#organization\"},\"potentialAction\":[{\"@type\":\"SearchAction\",\"target\":{\"@type\":\"EntryPoint\",\"urlTemplate\":\"https:\\\/\\\/dodo-inflatables.com\\\/lv\\\/?s={search_term_string}\"},\"query-input\":{\"@type\":\"PropertyValueSpecification\",\"valueRequired\":true,\"valueName\":\"search_term_string\"}}],\"inLanguage\":\"lv-LV\"},{\"@type\":\"Organization\",\"@id\":\"https:\\\/\\\/dodo-inflatables.com\\\/lv\\\/#organization\",\"name\":\"dodo-inflatables.com\",\"url\":\"https:\\\/\\\/dodo-inflatables.com\\\/lv\\\/\",\"logo\":{\"@type\":\"ImageObject\",\"inLanguage\":\"lv-LV\",\"@id\":\"https:\\\/\\\/dodo-inflatables.com\\\/lv\\\/#\\\/schema\\\/logo\\\/image\\\/\",\"url\":\"https:\\\/\\\/dodo-inflatables.com\\\/wp-content\\\/uploads\\\/2023\\\/04\\\/cropped-cropped-cropped-Dodo-Logo.png\",\"contentUrl\":\"https:\\\/\\\/dodo-inflatables.com\\\/wp-content\\\/uploads\\\/2023\\\/04\\\/cropped-cropped-cropped-Dodo-Logo.png\",\"width\":2996,\"height\":1545,\"caption\":\"dodo-inflatables.com\"},\"image\":{\"@id\":\"https:\\\/\\\/dodo-inflatables.com\\\/lv\\\/#\\\/schema\\\/logo\\\/image\\\/\"}}]}<\/script>\n<!-- \/ Yoast SEO plugin. -->","yoast_head_json":{"title":"Piep\u016b\u0161am\u0101 Bouncy Castle Pir\u0101tu jautr\u012bba | Dodo-Inflatables.com","description":"Ieg\u0101d\u0101jieties m\u016bsu Piep\u016b\u0161amo Pirate Fun lecamauklu tie\u0161saist\u0113 dodo-inflatables.com | God\u012bgas cenas | \u0100tra pieg\u0101de | Liels pied\u0101v\u0101jums noliktav\u0101","robots":{"index":"index","follow":"follow","max-snippet":"max-snippet:-1","max-image-preview":"max-image-preview:large","max-video-preview":"max-video-preview:-1"},"canonical":"https:\/\/dodo-inflatables.com\/lv\/product\/bouncy-pils-pirats-fun\/","twitter_misc":{"Est. reading time":"3 minutes"},"schema":{"@context":"https:\/\/schema.org","@graph":[{"@type":"WebPage","@id":"https:\/\/dodo-inflatables.com\/lv\/product\/bouncy-pils-pirats-fun\/","url":"https:\/\/dodo-inflatables.com\/lv\/product\/bouncy-pils-pirats-fun\/","name":"Piep\u016b\u0161am\u0101 Bouncy Castle Pir\u0101tu jautr\u012bba | Dodo-Inflatables.com","isPartOf":{"@id":"https:\/\/dodo-inflatables.com\/lv\/#website"},"primaryImageOfPage":{"@id":"https:\/\/dodo-inflatables.com\/lv\/product\/bouncy-pils-pirats-fun\/#primaryimage"},"image":{"@id":"https:\/\/dodo-inflatables.com\/lv\/product\/bouncy-pils-pirats-fun\/#primaryimage"},"thumbnailUrl":"https:\/\/dodo-inflatables.com\/wp-content\/uploads\/2023\/10\/Buy-Inflatable-Bouncy-Castle-Pirate-Fun-3.jpg","datePublished":"2023-10-16T12:37:38+00:00","dateModified":"2024-09-06T18:07:34+00:00","description":"Ieg\u0101d\u0101jieties m\u016bsu Piep\u016b\u0161amo Pirate Fun lecamauklu tie\u0161saist\u0113 dodo-inflatables.com | God\u012bgas cenas | \u0100tra pieg\u0101de | Liels pied\u0101v\u0101jums noliktav\u0101","breadcrumb":{"@id":"https:\/\/dodo-inflatables.com\/lv\/product\/bouncy-pils-pirats-fun\/#breadcrumb"},"inLanguage":"lv-LV","potentialAction":[{"@type":"ReadAction","target":["https:\/\/dodo-inflatables.com\/lv\/product\/bouncy-pils-pirats-fun\/"]}]},{"@type":"ImageObject","inLanguage":"lv-LV","@id":"https:\/\/dodo-inflatables.com\/lv\/product\/bouncy-pils-pirats-fun\/#primaryimage","url":"https:\/\/dodo-inflatables.com\/wp-content\/uploads\/2023\/10\/Buy-Inflatable-Bouncy-Castle-Pirate-Fun-3.jpg","contentUrl":"https:\/\/dodo-inflatables.com\/wp-content\/uploads\/2023\/10\/Buy-Inflatable-Bouncy-Castle-Pirate-Fun-3.jpg","width":1000,"height":1000},{"@type":"BreadcrumbList","@id":"https:\/\/dodo-inflatables.com\/lv\/product\/bouncy-pils-pirats-fun\/#breadcrumb","itemListElement":[{"@type":"ListItem","position":1,"name":"Home","item":"https:\/\/dodo-inflatables.com\/lv\/"},{"@type":"ListItem","position":2,"name":"Veikals","item":"https:\/\/dodo-inflatables.com\/lv\/veikals\/"},{"@type":"ListItem","position":3,"name":"Bouncy pils Pir\u0101ts Fun"}]},{"@type":"WebSite","@id":"https:\/\/dodo-inflatables.com\/lv\/#website","url":"https:\/\/dodo-inflatables.com\/lv\/","name":"dodo-inflatables.com","description":"Ieg\u0101d\u0101jieties leco\u0161\u0101s pilis un atrakcijas m\u016bsu veikal\u0101.","publisher":{"@id":"https:\/\/dodo-inflatables.com\/lv\/#organization"},"potentialAction":[{"@type":"SearchAction","target":{"@type":"EntryPoint","urlTemplate":"https:\/\/dodo-inflatables.com\/lv\/?s={search_term_string}"},"query-input":{"@type":"PropertyValueSpecification","valueRequired":true,"valueName":"search_term_string"}}],"inLanguage":"lv-LV"},{"@type":"Organization","@id":"https:\/\/dodo-inflatables.com\/lv\/#organization","name":"dodo-inflatables.com","url":"https:\/\/dodo-inflatables.com\/lv\/","logo":{"@type":"ImageObject","inLanguage":"lv-LV","@id":"https:\/\/dodo-inflatables.com\/lv\/#\/schema\/logo\/image\/","url":"https:\/\/dodo-inflatables.com\/wp-content\/uploads\/2023\/04\/cropped-cropped-cropped-Dodo-Logo.png","contentUrl":"https:\/\/dodo-inflatables.com\/wp-content\/uploads\/2023\/04\/cropped-cropped-cropped-Dodo-Logo.png","width":2996,"height":1545,"caption":"dodo-inflatables.com"},"image":{"@id":"https:\/\/dodo-inflatables.com\/lv\/#\/schema\/logo\/image\/"}}]}},"uagb_featured_image_src":{"full":["https:\/\/dodo-inflatables.com\/wp-content\/uploads\/2023\/10\/Buy-Inflatable-Bouncy-Castle-Pirate-Fun-3.jpg",1000,1000,false],"thumbnail":["https:\/\/dodo-inflatables.com\/wp-content\/uploads\/2023\/10\/Buy-Inflatable-Bouncy-Castle-Pirate-Fun-3-150x150.jpg",150,150,true],"medium":["https:\/\/dodo-inflatables.com\/wp-content\/uploads\/2023\/10\/Buy-Inflatable-Bouncy-Castle-Pirate-Fun-3-300x300.jpg",300,300,true],"medium_large":["https:\/\/dodo-inflatables.com\/wp-content\/uploads\/2023\/10\/Buy-Inflatable-Bouncy-Castle-Pirate-Fun-3-768x768.jpg",768,768,true],"large":["https:\/\/dodo-inflatables.com\/wp-content\/uploads\/2023\/10\/Buy-Inflatable-Bouncy-Castle-Pirate-Fun-3.jpg",1000,1000,false],"1536x1536":["https:\/\/dodo-inflatables.com\/wp-content\/uploads\/2023\/10\/Buy-Inflatable-Bouncy-Castle-Pirate-Fun-3.jpg",1000,1000,false],"2048x2048":["https:\/\/dodo-inflatables.com\/wp-content\/uploads\/2023\/10\/Buy-Inflatable-Bouncy-Castle-Pirate-Fun-3.jpg",1000,1000,false],"woocommerce_thumbnail":["https:\/\/dodo-inflatables.com\/wp-content\/uploads\/2023\/10\/Buy-Inflatable-Bouncy-Castle-Pirate-Fun-3-900x900.jpg",900,900,true],"woocommerce_single":["https:\/\/dodo-inflatables.com\/wp-content\/uploads\/2023\/10\/Buy-Inflatable-Bouncy-Castle-Pirate-Fun-3-900x900.jpg",900,900,true],"woocommerce_gallery_thumbnail":["https:\/\/dodo-inflatables.com\/wp-content\/uploads\/2023\/10\/Buy-Inflatable-Bouncy-Castle-Pirate-Fun-3-100x100.jpg",100,100,true]},"uagb_author_info":{"display_name":"Andreas","author_link":"https:\/\/dodo-inflatables.com\/lv\/author\/"},"uagb_comment_info":0,"uagb_excerpt":"Izm\u0113ri (garums x platums x augstums): 4,50 m x 4,00 m x 4,50 m * Piem\u0113rots aptuveni 9 b\u0113rniem (atkar\u012bb\u0101 no vecuma un izm\u0113ra) Profesion\u0101ls modulis - piem\u0113rots komerci\u0101lai un priv\u0101tai lieto\u0161anai PVC (0,55 mm \/ 621,3 g\/m2) 2 - 4 reizes \u0161\u016bts (atkar\u012bb\u0101 no lieto\u0161anas veida) Ugunsdro\u0161s Sertifik\u0101cija saska\u0146\u0101 ar EN 14960 Ietver individu\u0101lu&hellip;","_links":{"self":[{"href":"https:\/\/dodo-inflatables.com\/lv\/wp-json\/wp\/v2\/product\/14714","targetHints":{"allow":["GET"]}}],"collection":[{"href":"https:\/\/dodo-inflatables.com\/lv\/wp-json\/wp\/v2\/product"}],"about":[{"href":"https:\/\/dodo-inflatables.com\/lv\/wp-json\/wp\/v2\/types\/product"}],"replies":[{"embeddable":true,"href":"https:\/\/dodo-inflatables.com\/lv\/wp-json\/wp\/v2\/comments?post=14714"}],"wp:featuredmedia":[{"embeddable":true,"href":"https:\/\/dodo-inflatables.com\/lv\/wp-json\/wp\/v2\/media\/14724"}],"wp:attachment":[{"href":"https:\/\/dodo-inflatables.com\/lv\/wp-json\/wp\/v2\/media?parent=14714"}],"wp:term":[{"taxonomy":"product_brand","embeddable":true,"href":"https:\/\/dodo-inflatables.com\/lv\/wp-json\/wp\/v2\/product_brand?post=14714"},{"taxonomy":"product_cat","embeddable":true,"href":"https:\/\/dodo-inflatables.com\/lv\/wp-json\/wp\/v2\/product_cat?post=14714"},{"taxonomy":"product_tag","embeddable":true,"href":"https:\/\/dodo-inflatables.com\/lv\/wp-json\/wp\/v2\/product_tag?post=14714"}],"curies":[{"name":"wp","href":"https:\/\/api.w.org\/{rel}","templated":true}]}}