{"id":15939,"date":"2024-06-10T15:48:06","date_gmt":"2024-06-10T13:48:06","guid":{"rendered":"https:\/\/dodo-inflatables.com\/?post_type=product&#038;p=15939"},"modified":"2024-06-10T15:54:30","modified_gmt":"2024-06-10T13:54:30","slug":"aizsardzibas-paklaji-pret-kritieniem-240-x-120-x-5-cm-copy","status":"publish","type":"product","link":"https:\/\/dodo-inflatables.com\/lv\/product\/aizsardzibas-paklaji-pret-kritieniem-240-x-120-x-5-cm-copy\/","title":{"rendered":"Piep\u016b\u0161am\u0101 p\u016bt\u0113ja trok\u0161\u0146a sl\u0101p\u0113t\u0101js"},"content":{"rendered":"<h2>Pirkt Piep\u016b\u0161am\u0101 p\u016bt\u0113ja trok\u0161\u0146a sl\u0101p\u0113t\u0101js<\/h2>\n<p>Ar prieku iepaz\u012bstin\u0101m ar m\u016bsu jaun\u0101ko produktu &#8211; trok\u0161\u0146a sl\u0101p\u0113t\u0101ju piep\u016b\u0161amajiem p\u016bt\u0113jiem. Ja jums pieder vai iz\u012br\u0113jat lecamauklu, j\u016bs dro\u0161i vien zin\u0101t, ka p\u016bt\u0113ja trok\u0161\u0146a l\u012bmenis da\u017ek\u0101rt var b\u016bt kaitino\u0161s. \u0160is inovat\u012bvais trok\u0161\u0146a sl\u0101p\u0113t\u0101js tika izstr\u0101d\u0101ts V\u0101cij\u0101, lai risin\u0101tu \u0161o probl\u0113mu.<\/p>\n<p>M\u016bsu piep\u016b\u0161amo p\u016bt\u0113ju trok\u0161\u0146a sl\u0101p\u0113t\u0101js samazina troksni par iespaid\u012bgiem 5 dB. Tas var \u0161\u0137ist mazs skaitlis, ta\u010du dzirdam\u0101 at\u0161\u0137ir\u012bba ir milz\u012bga! Izmantojot m\u016bsu trok\u0161\u0146a sl\u0101p\u0113t\u0101ju, varat baud\u012bt piep\u016b\u0161amo atrakciju un piep\u016b\u0161amo atrakciju prieku, neuztraucoties par p\u0101rm\u0113r\u012bgu troksni. J\u016bsu klienti un kaimi\u0146i jums pateiksies!<\/p>\n<p>\u0160is trok\u0161\u0146a sl\u0101p\u0113t\u0101js ir \u012bpa\u0161i izstr\u0101d\u0101ts piep\u016b\u0161amajiem p\u016bt\u0113jiem un lieliski sader ar m\u016bsu Huawei un Gibbons p\u016bt\u0113jiem. Uzst\u0101d\u012b\u0161ana ir vienk\u0101r\u0161a un vienk\u0101r\u0161a. Viss, kas jums j\u0101dara, ir j\u0101piespie\u017e trok\u0161\u0146a sl\u0101p\u0113t\u0101js pie ventilatora, tas tiek ies\u016bkts, un j\u016bs varat baud\u012bt klus\u0101ku darb\u012bbu. Klusin\u0101t\u0101js neietekm\u0113 p\u016bt\u0113ja darb\u012bbu un nodro\u0161ina efekt\u012bvu gaisa padevi piep\u016b\u0161amajam gaisa spilvenam. Dziesmas klusin\u0101t\u0101ju var ar\u012b piestiprin\u0101t pie ventilatora, izmantojot komplekt\u0101 iek\u013cauto gumijas siksnu.<\/p>\n<p>S\u016b\u010du pils p\u016bt\u0113ju trok\u0161\u0146a sl\u0101p\u0113t\u0101js ir paredz\u0113ts ne tikai komerci\u0101liem operatoriem, bet ar\u012b priv\u0101tperson\u0101m, kas v\u0113las uzst\u0101d\u012bt savu s\u016b\u010du pili m\u0101j\u0101s. Izbaudiet mieru un klusumu sav\u0101 d\u0101rz\u0101, kam\u0113r b\u0113rni bezr\u016bp\u012bgi rota\u013c\u0101jas.<\/p>\n<p>P\u0101rliecinieties pa\u0161i, skatoties \u0161\u0101dus videoklipus, un izbaudiet savu klus\u0101ko lecamauklas piedz\u012bvojumu!<\/p>\n<p><a href=\"https:\/\/youtube.com\/shorts\/GT6E5sDd6xI\">Schalld\u00e4mpfer Test am Huawei Gebl\u00e4se<\/a><br \/>\n<a href=\"https:\/\/youtube.com\/shorts\/UastjvwxdU4\">Schlld\u00e4mpfer Test am Gibbons Gebl\u00e4se<\/a><\/p>\n<p>(P\u016bt\u0113js nav iek\u013cauts komplekt\u0101.)<\/p>\n","protected":false},"excerpt":{"rendered":"<ul>\n<li>Piep\u016b\u0161am\u0101 p\u016bt\u0113ja trok\u0161\u0146a sl\u0101p\u0113t\u0101js<\/li>\n<\/ul>\n","protected":false},"featured_media":55248,"comment_status":"open","ping_status":"closed","template":"","meta":{"_acf_changed":false,"_uag_custom_page_level_css":"","site-sidebar-layout":"default","site-content-layout":"boxed-container","ast-site-content-layout":"normal-width-container","site-content-style":"boxed","site-sidebar-style":"boxed","ast-global-header-display":"","ast-banner-title-visibility":"","ast-main-header-display":"","ast-hfb-above-header-display":"","ast-hfb-below-header-display":"","ast-hfb-mobile-header-display":"","site-post-title":"disabled","ast-breadcrumbs-content":"","ast-featured-img":"","footer-sml-layout":"","ast-disable-related-posts":"","theme-transparent-header-meta":"default","adv-header-id-meta":"","stick-header-meta":"default","header-above-stick-meta":"","header-main-stick-meta":"","header-below-stick-meta":"","astra-migrate-meta-layouts":"set","ast-page-background-enabled":"default","ast-page-background-meta":{"desktop":{"background-color":"var(--ast-global-color-4)","background-image":"","background-repeat":"repeat","background-position":"center center","background-size":"auto","background-attachment":"scroll","background-type":"","background-media":"","overlay-type":"","overlay-color":"","overlay-opacity":"","overlay-gradient":""},"tablet":{"background-color":"","background-image":"","background-repeat":"repeat","background-position":"center center","background-size":"auto","background-attachment":"scroll","background-type":"","background-media":"","overlay-type":"","overlay-color":"","overlay-opacity":"","overlay-gradient":""},"mobile":{"background-color":"","background-image":"","background-repeat":"repeat","background-position":"center center","background-size":"auto","background-attachment":"scroll","background-type":"","background-media":"","overlay-type":"","overlay-color":"","overlay-opacity":"","overlay-gradient":""}},"ast-content-background-meta":{"desktop":{"background-color":"var(--ast-global-color-5)","background-image":"","background-repeat":"repeat","background-position":"center center","background-size":"auto","background-attachment":"scroll","background-type":"","background-media":"","overlay-type":"","overlay-color":"","overlay-opacity":"","overlay-gradient":""},"tablet":{"background-color":"var(--ast-global-color-5)","background-image":"","background-repeat":"repeat","background-position":"center center","background-size":"auto","background-attachment":"scroll","background-type":"","background-media":"","overlay-type":"","overlay-color":"","overlay-opacity":"","overlay-gradient":""},"mobile":{"background-color":"var(--ast-global-color-5)","background-image":"","background-repeat":"repeat","background-position":"center center","background-size":"auto","background-attachment":"scroll","background-type":"","background-media":"","overlay-type":"","overlay-color":"","overlay-opacity":"","overlay-gradient":""}}},"product_brand":[],"product_cat":[1154],"product_tag":[],"class_list":{"0":"post-15939","1":"product","2":"type-product","3":"status-publish","4":"has-post-thumbnail","6":"product_cat-piedavajumi","7":"product_shipping_class-zubehor-lv","8":"desktop-align-center","9":"tablet-align-center","10":"mobile-align-center","11":"ast-product-gallery-layout-horizontal","12":"ast-product-tabs-layout-horizontal","14":"first","15":"instock","16":"taxable","17":"shipping-taxable","18":"purchasable","19":"product-type-simple"},"acf":[],"yoast_head":"<!-- This site is optimized with the Yoast SEO plugin v27.3 - https:\/\/yoast.com\/product\/yoast-seo-wordpress\/ -->\n<title>Ieg\u0101d\u0101jieties aizsardz\u012bbu pret troksni uzp\u016b\u0161amaj\u0101m pil\u012bm | Dodo-Inflatables.com<\/title>\n<meta name=\"description\" content=\"Ieg\u0101d\u0101jieties aizsardz\u012bbu pret troksni, kas aizsarg\u0101 uzp\u016b\u0161am\u0101s pilis pie Dodo-Inflatables.com | Sertific\u0113ts saska\u0146\u0101 ar EN14960 | \u0100tra pieg\u0101de!\" \/>\n<meta name=\"robots\" content=\"index, follow, max-snippet:-1, max-image-preview:large, max-video-preview:-1\" \/>\n<link rel=\"canonical\" href=\"https:\/\/dodo-inflatables.com\/lv\/product\/aizsardzibas-paklaji-pret-kritieniem-240-x-120-x-5-cm-copy\/\" \/>\n<meta name=\"twitter:label1\" content=\"Est. reading time\" \/>\n\t<meta name=\"twitter:data1\" content=\"2 minutes\" \/>\n<script type=\"application\/ld+json\" class=\"yoast-schema-graph\">{\"@context\":\"https:\\\/\\\/schema.org\",\"@graph\":[{\"@type\":\"WebPage\",\"@id\":\"https:\\\/\\\/dodo-inflatables.com\\\/lv\\\/product\\\/aizsardzibas-paklaji-pret-kritieniem-240-x-120-x-5-cm-copy\\\/\",\"url\":\"https:\\\/\\\/dodo-inflatables.com\\\/lv\\\/product\\\/aizsardzibas-paklaji-pret-kritieniem-240-x-120-x-5-cm-copy\\\/\",\"name\":\"Ieg\u0101d\u0101jieties aizsardz\u012bbu pret troksni uzp\u016b\u0161amaj\u0101m pil\u012bm | Dodo-Inflatables.com\",\"isPartOf\":{\"@id\":\"https:\\\/\\\/dodo-inflatables.com\\\/lv\\\/#website\"},\"primaryImageOfPage\":{\"@id\":\"https:\\\/\\\/dodo-inflatables.com\\\/lv\\\/product\\\/aizsardzibas-paklaji-pret-kritieniem-240-x-120-x-5-cm-copy\\\/#primaryimage\"},\"image\":{\"@id\":\"https:\\\/\\\/dodo-inflatables.com\\\/lv\\\/product\\\/aizsardzibas-paklaji-pret-kritieniem-240-x-120-x-5-cm-copy\\\/#primaryimage\"},\"thumbnailUrl\":\"https:\\\/\\\/dodo-inflatables.com\\\/wp-content\\\/uploads\\\/2024\\\/06\\\/buy-bouncy-castle-blower-noise-protection-silencer-4-Kopie.jpg\",\"datePublished\":\"2024-06-10T13:48:06+00:00\",\"dateModified\":\"2024-06-10T13:54:30+00:00\",\"description\":\"Ieg\u0101d\u0101jieties aizsardz\u012bbu pret troksni, kas aizsarg\u0101 uzp\u016b\u0161am\u0101s pilis pie Dodo-Inflatables.com | Sertific\u0113ts saska\u0146\u0101 ar EN14960 | \u0100tra pieg\u0101de!\",\"breadcrumb\":{\"@id\":\"https:\\\/\\\/dodo-inflatables.com\\\/lv\\\/product\\\/aizsardzibas-paklaji-pret-kritieniem-240-x-120-x-5-cm-copy\\\/#breadcrumb\"},\"inLanguage\":\"lv-LV\",\"potentialAction\":[{\"@type\":\"ReadAction\",\"target\":[\"https:\\\/\\\/dodo-inflatables.com\\\/lv\\\/product\\\/aizsardzibas-paklaji-pret-kritieniem-240-x-120-x-5-cm-copy\\\/\"]}]},{\"@type\":\"ImageObject\",\"inLanguage\":\"lv-LV\",\"@id\":\"https:\\\/\\\/dodo-inflatables.com\\\/lv\\\/product\\\/aizsardzibas-paklaji-pret-kritieniem-240-x-120-x-5-cm-copy\\\/#primaryimage\",\"url\":\"https:\\\/\\\/dodo-inflatables.com\\\/wp-content\\\/uploads\\\/2024\\\/06\\\/buy-bouncy-castle-blower-noise-protection-silencer-4-Kopie.jpg\",\"contentUrl\":\"https:\\\/\\\/dodo-inflatables.com\\\/wp-content\\\/uploads\\\/2024\\\/06\\\/buy-bouncy-castle-blower-noise-protection-silencer-4-Kopie.jpg\",\"width\":1000,\"height\":1000},{\"@type\":\"BreadcrumbList\",\"@id\":\"https:\\\/\\\/dodo-inflatables.com\\\/lv\\\/product\\\/aizsardzibas-paklaji-pret-kritieniem-240-x-120-x-5-cm-copy\\\/#breadcrumb\",\"itemListElement\":[{\"@type\":\"ListItem\",\"position\":1,\"name\":\"Home\",\"item\":\"https:\\\/\\\/dodo-inflatables.com\\\/lv\\\/\"},{\"@type\":\"ListItem\",\"position\":2,\"name\":\"Veikals\",\"item\":\"https:\\\/\\\/dodo-inflatables.com\\\/lv\\\/veikals\\\/\"},{\"@type\":\"ListItem\",\"position\":3,\"name\":\"Piep\u016b\u0161am\u0101 p\u016bt\u0113ja trok\u0161\u0146a sl\u0101p\u0113t\u0101js\"}]},{\"@type\":\"WebSite\",\"@id\":\"https:\\\/\\\/dodo-inflatables.com\\\/lv\\\/#website\",\"url\":\"https:\\\/\\\/dodo-inflatables.com\\\/lv\\\/\",\"name\":\"dodo-inflatables.com\",\"description\":\"Ieg\u0101d\u0101jieties leco\u0161\u0101s pilis un atrakcijas m\u016bsu veikal\u0101.\",\"publisher\":{\"@id\":\"https:\\\/\\\/dodo-inflatables.com\\\/lv\\\/#organization\"},\"potentialAction\":[{\"@type\":\"SearchAction\",\"target\":{\"@type\":\"EntryPoint\",\"urlTemplate\":\"https:\\\/\\\/dodo-inflatables.com\\\/lv\\\/?s={search_term_string}\"},\"query-input\":{\"@type\":\"PropertyValueSpecification\",\"valueRequired\":true,\"valueName\":\"search_term_string\"}}],\"inLanguage\":\"lv-LV\"},{\"@type\":\"Organization\",\"@id\":\"https:\\\/\\\/dodo-inflatables.com\\\/lv\\\/#organization\",\"name\":\"dodo-inflatables.com\",\"url\":\"https:\\\/\\\/dodo-inflatables.com\\\/lv\\\/\",\"logo\":{\"@type\":\"ImageObject\",\"inLanguage\":\"lv-LV\",\"@id\":\"https:\\\/\\\/dodo-inflatables.com\\\/lv\\\/#\\\/schema\\\/logo\\\/image\\\/\",\"url\":\"https:\\\/\\\/dodo-inflatables.com\\\/wp-content\\\/uploads\\\/2023\\\/04\\\/cropped-cropped-cropped-Dodo-Logo.png\",\"contentUrl\":\"https:\\\/\\\/dodo-inflatables.com\\\/wp-content\\\/uploads\\\/2023\\\/04\\\/cropped-cropped-cropped-Dodo-Logo.png\",\"width\":2996,\"height\":1545,\"caption\":\"dodo-inflatables.com\"},\"image\":{\"@id\":\"https:\\\/\\\/dodo-inflatables.com\\\/lv\\\/#\\\/schema\\\/logo\\\/image\\\/\"}}]}<\/script>\n<!-- \/ Yoast SEO plugin. -->","yoast_head_json":{"title":"Ieg\u0101d\u0101jieties aizsardz\u012bbu pret troksni uzp\u016b\u0161amaj\u0101m pil\u012bm | Dodo-Inflatables.com","description":"Ieg\u0101d\u0101jieties aizsardz\u012bbu pret troksni, kas aizsarg\u0101 uzp\u016b\u0161am\u0101s pilis pie Dodo-Inflatables.com | Sertific\u0113ts saska\u0146\u0101 ar EN14960 | \u0100tra pieg\u0101de!","robots":{"index":"index","follow":"follow","max-snippet":"max-snippet:-1","max-image-preview":"max-image-preview:large","max-video-preview":"max-video-preview:-1"},"canonical":"https:\/\/dodo-inflatables.com\/lv\/product\/aizsardzibas-paklaji-pret-kritieniem-240-x-120-x-5-cm-copy\/","twitter_misc":{"Est. reading time":"2 minutes"},"schema":{"@context":"https:\/\/schema.org","@graph":[{"@type":"WebPage","@id":"https:\/\/dodo-inflatables.com\/lv\/product\/aizsardzibas-paklaji-pret-kritieniem-240-x-120-x-5-cm-copy\/","url":"https:\/\/dodo-inflatables.com\/lv\/product\/aizsardzibas-paklaji-pret-kritieniem-240-x-120-x-5-cm-copy\/","name":"Ieg\u0101d\u0101jieties aizsardz\u012bbu pret troksni uzp\u016b\u0161amaj\u0101m pil\u012bm | Dodo-Inflatables.com","isPartOf":{"@id":"https:\/\/dodo-inflatables.com\/lv\/#website"},"primaryImageOfPage":{"@id":"https:\/\/dodo-inflatables.com\/lv\/product\/aizsardzibas-paklaji-pret-kritieniem-240-x-120-x-5-cm-copy\/#primaryimage"},"image":{"@id":"https:\/\/dodo-inflatables.com\/lv\/product\/aizsardzibas-paklaji-pret-kritieniem-240-x-120-x-5-cm-copy\/#primaryimage"},"thumbnailUrl":"https:\/\/dodo-inflatables.com\/wp-content\/uploads\/2024\/06\/buy-bouncy-castle-blower-noise-protection-silencer-4-Kopie.jpg","datePublished":"2024-06-10T13:48:06+00:00","dateModified":"2024-06-10T13:54:30+00:00","description":"Ieg\u0101d\u0101jieties aizsardz\u012bbu pret troksni, kas aizsarg\u0101 uzp\u016b\u0161am\u0101s pilis pie Dodo-Inflatables.com | Sertific\u0113ts saska\u0146\u0101 ar EN14960 | \u0100tra pieg\u0101de!","breadcrumb":{"@id":"https:\/\/dodo-inflatables.com\/lv\/product\/aizsardzibas-paklaji-pret-kritieniem-240-x-120-x-5-cm-copy\/#breadcrumb"},"inLanguage":"lv-LV","potentialAction":[{"@type":"ReadAction","target":["https:\/\/dodo-inflatables.com\/lv\/product\/aizsardzibas-paklaji-pret-kritieniem-240-x-120-x-5-cm-copy\/"]}]},{"@type":"ImageObject","inLanguage":"lv-LV","@id":"https:\/\/dodo-inflatables.com\/lv\/product\/aizsardzibas-paklaji-pret-kritieniem-240-x-120-x-5-cm-copy\/#primaryimage","url":"https:\/\/dodo-inflatables.com\/wp-content\/uploads\/2024\/06\/buy-bouncy-castle-blower-noise-protection-silencer-4-Kopie.jpg","contentUrl":"https:\/\/dodo-inflatables.com\/wp-content\/uploads\/2024\/06\/buy-bouncy-castle-blower-noise-protection-silencer-4-Kopie.jpg","width":1000,"height":1000},{"@type":"BreadcrumbList","@id":"https:\/\/dodo-inflatables.com\/lv\/product\/aizsardzibas-paklaji-pret-kritieniem-240-x-120-x-5-cm-copy\/#breadcrumb","itemListElement":[{"@type":"ListItem","position":1,"name":"Home","item":"https:\/\/dodo-inflatables.com\/lv\/"},{"@type":"ListItem","position":2,"name":"Veikals","item":"https:\/\/dodo-inflatables.com\/lv\/veikals\/"},{"@type":"ListItem","position":3,"name":"Piep\u016b\u0161am\u0101 p\u016bt\u0113ja trok\u0161\u0146a sl\u0101p\u0113t\u0101js"}]},{"@type":"WebSite","@id":"https:\/\/dodo-inflatables.com\/lv\/#website","url":"https:\/\/dodo-inflatables.com\/lv\/","name":"dodo-inflatables.com","description":"Ieg\u0101d\u0101jieties leco\u0161\u0101s pilis un atrakcijas m\u016bsu veikal\u0101.","publisher":{"@id":"https:\/\/dodo-inflatables.com\/lv\/#organization"},"potentialAction":[{"@type":"SearchAction","target":{"@type":"EntryPoint","urlTemplate":"https:\/\/dodo-inflatables.com\/lv\/?s={search_term_string}"},"query-input":{"@type":"PropertyValueSpecification","valueRequired":true,"valueName":"search_term_string"}}],"inLanguage":"lv-LV"},{"@type":"Organization","@id":"https:\/\/dodo-inflatables.com\/lv\/#organization","name":"dodo-inflatables.com","url":"https:\/\/dodo-inflatables.com\/lv\/","logo":{"@type":"ImageObject","inLanguage":"lv-LV","@id":"https:\/\/dodo-inflatables.com\/lv\/#\/schema\/logo\/image\/","url":"https:\/\/dodo-inflatables.com\/wp-content\/uploads\/2023\/04\/cropped-cropped-cropped-Dodo-Logo.png","contentUrl":"https:\/\/dodo-inflatables.com\/wp-content\/uploads\/2023\/04\/cropped-cropped-cropped-Dodo-Logo.png","width":2996,"height":1545,"caption":"dodo-inflatables.com"},"image":{"@id":"https:\/\/dodo-inflatables.com\/lv\/#\/schema\/logo\/image\/"}}]}},"uagb_featured_image_src":{"full":["https:\/\/dodo-inflatables.com\/wp-content\/uploads\/2024\/06\/buy-bouncy-castle-blower-noise-protection-silencer-4-Kopie.jpg",1000,1000,false],"thumbnail":["https:\/\/dodo-inflatables.com\/wp-content\/uploads\/2024\/06\/buy-bouncy-castle-blower-noise-protection-silencer-4-Kopie-150x150.jpg",150,150,true],"medium":["https:\/\/dodo-inflatables.com\/wp-content\/uploads\/2024\/06\/buy-bouncy-castle-blower-noise-protection-silencer-4-Kopie-300x300.jpg",300,300,true],"medium_large":["https:\/\/dodo-inflatables.com\/wp-content\/uploads\/2024\/06\/buy-bouncy-castle-blower-noise-protection-silencer-4-Kopie-768x768.jpg",768,768,true],"large":["https:\/\/dodo-inflatables.com\/wp-content\/uploads\/2024\/06\/buy-bouncy-castle-blower-noise-protection-silencer-4-Kopie.jpg",1000,1000,false],"1536x1536":["https:\/\/dodo-inflatables.com\/wp-content\/uploads\/2024\/06\/buy-bouncy-castle-blower-noise-protection-silencer-4-Kopie.jpg",1000,1000,false],"2048x2048":["https:\/\/dodo-inflatables.com\/wp-content\/uploads\/2024\/06\/buy-bouncy-castle-blower-noise-protection-silencer-4-Kopie.jpg",1000,1000,false],"woocommerce_thumbnail":["https:\/\/dodo-inflatables.com\/wp-content\/uploads\/2024\/06\/buy-bouncy-castle-blower-noise-protection-silencer-4-Kopie-900x900.jpg",900,900,true],"woocommerce_single":["https:\/\/dodo-inflatables.com\/wp-content\/uploads\/2024\/06\/buy-bouncy-castle-blower-noise-protection-silencer-4-Kopie-900x900.jpg",900,900,true],"woocommerce_gallery_thumbnail":["https:\/\/dodo-inflatables.com\/wp-content\/uploads\/2024\/06\/buy-bouncy-castle-blower-noise-protection-silencer-4-Kopie-100x100.jpg",100,100,true]},"uagb_author_info":{"display_name":"Andreas","author_link":"https:\/\/dodo-inflatables.com\/lv\/author\/"},"uagb_comment_info":0,"uagb_excerpt":"Piep\u016b\u0161am\u0101 p\u016bt\u0113ja trok\u0161\u0146a sl\u0101p\u0113t\u0101js","_links":{"self":[{"href":"https:\/\/dodo-inflatables.com\/lv\/wp-json\/wp\/v2\/product\/15939","targetHints":{"allow":["GET"]}}],"collection":[{"href":"https:\/\/dodo-inflatables.com\/lv\/wp-json\/wp\/v2\/product"}],"about":[{"href":"https:\/\/dodo-inflatables.com\/lv\/wp-json\/wp\/v2\/types\/product"}],"replies":[{"embeddable":true,"href":"https:\/\/dodo-inflatables.com\/lv\/wp-json\/wp\/v2\/comments?post=15939"}],"wp:featuredmedia":[{"embeddable":true,"href":"https:\/\/dodo-inflatables.com\/lv\/wp-json\/wp\/v2\/media\/55248"}],"wp:attachment":[{"href":"https:\/\/dodo-inflatables.com\/lv\/wp-json\/wp\/v2\/media?parent=15939"}],"wp:term":[{"taxonomy":"product_brand","embeddable":true,"href":"https:\/\/dodo-inflatables.com\/lv\/wp-json\/wp\/v2\/product_brand?post=15939"},{"taxonomy":"product_cat","embeddable":true,"href":"https:\/\/dodo-inflatables.com\/lv\/wp-json\/wp\/v2\/product_cat?post=15939"},{"taxonomy":"product_tag","embeddable":true,"href":"https:\/\/dodo-inflatables.com\/lv\/wp-json\/wp\/v2\/product_tag?post=15939"}],"curies":[{"name":"wp","href":"https:\/\/api.w.org\/{rel}","templated":true}]}}