{"id":16133,"date":"2024-07-10T13:01:33","date_gmt":"2024-07-10T11:01:33","guid":{"rendered":"https:\/\/dodo-inflatables.com\/?post_type=product&#038;p=16133"},"modified":"2026-04-25T18:22:24","modified_gmt":"2026-04-25T16:22:24","slug":"piepusama-puteja-troksna-slapetajs-copy","status":"publish","type":"product","link":"https:\/\/dodo-inflatables.com\/lv\/product\/piepusama-puteja-troksna-slapetajs-copy\/","title":{"rendered":"Piep\u016b\u0161amo pilu transporta somas XS"},"content":{"rendered":"<h2>Pirkt piep\u016b\u0161amo pilu transporta somas<\/h2>\n<p>M\u016bsu piep\u016b\u0161amo pilu transporta somas ir ide\u0101ls risin\u0101jums nomas uz\u0146\u0113mumiem vai klientiem ar vair\u0101k\u0101m piep\u016b\u0161amaj\u0101m pil\u012bm noliktav\u0101.<br \/>\n<strong>Praktiskie rokturi<\/strong>: Rokturi \u013cauj \u0113rti r\u012bkoties ar som\u0101m un atvieglo piep\u016b\u0161amo konstrukciju p\u0101rvieto\u0161anu. L\u016bdzu, \u0146emiet v\u0113r\u0101, ka atkar\u012bb\u0101 no piep\u016b\u0161am\u0101s konstrukcijas svara rokturi ne vienm\u0113r sp\u0113j nest pilnu svaru, t\u0101p\u0113c tie j\u0101lieto uzman\u012bgi, lai izvair\u012btos no to nopl\u0113\u0161anas.<br \/>\n<strong>Dro\u0161as piestiprin\u0101\u0161anas iesp\u0113jas<\/strong>: Transporta somas var dro\u0161i aizsiet aug\u0161pus\u0113 ar cilp\u0101m, lai j\u016bsu piep\u016b\u0161am\u0101 konstrukcija transport\u0113\u0161anas laik\u0101 paliktu aizsarg\u0101ta un labi sapakota. Tas nov\u0113r\u0161 nejau\u0161u atv\u0113r\u0161anos un nodro\u0161ina, ka piep\u016b\u0161am\u0101 konstrukcija paliek t\u012bra un k\u0101rt\u012bga.<br \/>\n<strong>Aizsardz\u012bba pret transport\u0113\u0161anas boj\u0101jumiem<\/strong>: M\u016bsu transporta somas ir speci\u0101li izstr\u0101d\u0101tas, lai aizsarg\u0101tu j\u016bsu piep\u016b\u0161am\u0101s konstrukcijas no transport\u0113\u0161anas boj\u0101jumiem. Iztur\u012bgais materi\u0101ls aizsarg\u0101 piep\u016b\u0161am\u0101s konstrukcijas no net\u012brumiem, putek\u013ciem un meh\u0101nisk\u0101m ietekm\u0113m, lai t\u0101s vienm\u0113r sasniegtu galam\u0113r\u0137i nevainojam\u0101 st\u0101vokl\u012b.<br \/>\nM\u016bsu piep\u016b\u0161amo konstrukciju transporta somas pied\u0101v\u0101 jums funkcionalit\u0101tes un komforta ide\u0101lu kombin\u0101ciju. T\u0101s iev\u0113rojami atvieglo j\u016bsu piep\u016b\u0161amo konstrukciju transport\u0113\u0161anu un nodro\u0161ina, ka j\u016bsu piep\u016b\u0161am\u0101s konstrukcijas vienm\u0113r paliek izcil\u0101 st\u0101vokl\u012b.<\/p>\n<h3>XS izm\u0113ra transporta somas deta\u013cas<\/h3>\n<ul>\n<li>Materi\u0101ls: PVC (0,55 mm \/ 621,3 g\/m\u00b2)<\/li>\n<li>Diametrs 80 cm<\/li>\n<li>Augstums 100 cm<\/li>\n<li>Jauktas kr\u0101sas<\/li>\n<\/ul>\n<p><strong>Katra piep\u016b\u0161am\u0101 konstrukcija tiek pieg\u0101d\u0101ta transporta som\u0101, papildu soma nav j\u0101pas\u016bta.<\/strong><\/p>\n","protected":false},"excerpt":{"rendered":"<ul>\n<li>Transporta soma izm\u0113r\u0101 XS (diametrs 80 cm, augstums 100 cm)<\/li>\n<li>Materi\u0101ls: PVC (0,55 mm \/ 621,3 g\/m\u00b2)<\/li>\n<li>Jauktas kr\u0101sas<\/li>\n<\/ul>\n","protected":false},"featured_media":55172,"comment_status":"open","ping_status":"closed","template":"","meta":{"_acf_changed":false,"_uag_custom_page_level_css":"","site-sidebar-layout":"default","site-content-layout":"boxed-container","ast-site-content-layout":"normal-width-container","site-content-style":"boxed","site-sidebar-style":"boxed","ast-global-header-display":"","ast-banner-title-visibility":"","ast-main-header-display":"","ast-hfb-above-header-display":"","ast-hfb-below-header-display":"","ast-hfb-mobile-header-display":"","site-post-title":"disabled","ast-breadcrumbs-content":"","ast-featured-img":"","footer-sml-layout":"","ast-disable-related-posts":"","theme-transparent-header-meta":"default","adv-header-id-meta":"","stick-header-meta":"default","header-above-stick-meta":"","header-main-stick-meta":"","header-below-stick-meta":"","astra-migrate-meta-layouts":"set","ast-page-background-enabled":"default","ast-page-background-meta":{"desktop":{"background-color":"var(--ast-global-color-4)","background-image":"","background-repeat":"repeat","background-position":"center center","background-size":"auto","background-attachment":"scroll","background-type":"","background-media":"","overlay-type":"","overlay-color":"","overlay-opacity":"","overlay-gradient":""},"tablet":{"background-color":"","background-image":"","background-repeat":"repeat","background-position":"center center","background-size":"auto","background-attachment":"scroll","background-type":"","background-media":"","overlay-type":"","overlay-color":"","overlay-opacity":"","overlay-gradient":""},"mobile":{"background-color":"","background-image":"","background-repeat":"repeat","background-position":"center center","background-size":"auto","background-attachment":"scroll","background-type":"","background-media":"","overlay-type":"","overlay-color":"","overlay-opacity":"","overlay-gradient":""}},"ast-content-background-meta":{"desktop":{"background-color":"var(--ast-global-color-5)","background-image":"","background-repeat":"repeat","background-position":"center center","background-size":"auto","background-attachment":"scroll","background-type":"","background-media":"","overlay-type":"","overlay-color":"","overlay-opacity":"","overlay-gradient":""},"tablet":{"background-color":"var(--ast-global-color-5)","background-image":"","background-repeat":"repeat","background-position":"center center","background-size":"auto","background-attachment":"scroll","background-type":"","background-media":"","overlay-type":"","overlay-color":"","overlay-opacity":"","overlay-gradient":""},"mobile":{"background-color":"var(--ast-global-color-5)","background-image":"","background-repeat":"repeat","background-position":"center center","background-size":"auto","background-attachment":"scroll","background-type":"","background-media":"","overlay-type":"","overlay-color":"","overlay-opacity":"","overlay-gradient":""}}},"product_brand":[],"product_cat":[1154],"product_tag":[],"class_list":{"0":"post-16133","1":"product","2":"type-product","3":"status-publish","4":"has-post-thumbnail","6":"product_cat-piedavajumi","7":"product_shipping_class-zubehor-lv","8":"pa_gtin-0654170861734-lv","9":"desktop-align-center","10":"tablet-align-center","11":"mobile-align-center","12":"ast-product-gallery-layout-horizontal","13":"ast-product-gallery-with-no-image","14":"ast-product-tabs-layout-horizontal","16":"first","17":"instock","18":"taxable","19":"shipping-taxable","20":"purchasable","21":"product-type-simple"},"acf":[],"yoast_head":"<!-- This site is optimized with the Yoast SEO plugin v27.5 - https:\/\/yoast.com\/product\/yoast-seo-wordpress\/ -->\n<title>Pirkt piep\u016b\u0161am\u0101s transport\u0113\u0161anas somas | Dodo-Inflatables.com<\/title>\n<meta name=\"description\" content=\"Ieg\u0101d\u0101jieties transport\u0113\u0161anas maisus piep\u016b\u0161amaj\u0101m un lecamaukl\u0101m Dodo-Inflatables.com | Sertific\u0113ts saska\u0146\u0101 ar EN14960 | \u0100tra pieg\u0101de!\" \/>\n<meta name=\"robots\" content=\"index, follow, max-snippet:-1, max-image-preview:large, max-video-preview:-1\" \/>\n<link rel=\"canonical\" href=\"https:\/\/dodo-inflatables.com\/lv\/product\/piepusama-puteja-troksna-slapetajs-copy\/\" \/>\n<meta name=\"twitter:label1\" content=\"Est. reading time\" \/>\n\t<meta name=\"twitter:data1\" content=\"1 minute\" \/>\n<script type=\"application\/ld+json\" class=\"yoast-schema-graph\">{\"@context\":\"https:\\\/\\\/schema.org\",\"@graph\":[{\"@type\":\"WebPage\",\"@id\":\"https:\\\/\\\/dodo-inflatables.com\\\/lv\\\/product\\\/piepusama-puteja-troksna-slapetajs-copy\\\/\",\"url\":\"https:\\\/\\\/dodo-inflatables.com\\\/lv\\\/product\\\/piepusama-puteja-troksna-slapetajs-copy\\\/\",\"name\":\"Pirkt piep\u016b\u0161am\u0101s transport\u0113\u0161anas somas | Dodo-Inflatables.com\",\"isPartOf\":{\"@id\":\"https:\\\/\\\/dodo-inflatables.com\\\/lv\\\/#website\"},\"primaryImageOfPage\":{\"@id\":\"https:\\\/\\\/dodo-inflatables.com\\\/lv\\\/product\\\/piepusama-puteja-troksna-slapetajs-copy\\\/#primaryimage\"},\"image\":{\"@id\":\"https:\\\/\\\/dodo-inflatables.com\\\/lv\\\/product\\\/piepusama-puteja-troksna-slapetajs-copy\\\/#primaryimage\"},\"thumbnailUrl\":\"https:\\\/\\\/dodo-inflatables.com\\\/wp-content\\\/uploads\\\/2024\\\/07\\\/XS-Bouncy-castle-Transport-bag.jpg\",\"datePublished\":\"2024-07-10T11:01:33+00:00\",\"dateModified\":\"2026-04-25T16:22:24+00:00\",\"description\":\"Ieg\u0101d\u0101jieties transport\u0113\u0161anas maisus piep\u016b\u0161amaj\u0101m un lecamaukl\u0101m Dodo-Inflatables.com | Sertific\u0113ts saska\u0146\u0101 ar EN14960 | \u0100tra pieg\u0101de!\",\"breadcrumb\":{\"@id\":\"https:\\\/\\\/dodo-inflatables.com\\\/lv\\\/product\\\/piepusama-puteja-troksna-slapetajs-copy\\\/#breadcrumb\"},\"inLanguage\":\"lv-LV\",\"potentialAction\":[{\"@type\":\"ReadAction\",\"target\":[\"https:\\\/\\\/dodo-inflatables.com\\\/lv\\\/product\\\/piepusama-puteja-troksna-slapetajs-copy\\\/\"]}]},{\"@type\":\"ImageObject\",\"inLanguage\":\"lv-LV\",\"@id\":\"https:\\\/\\\/dodo-inflatables.com\\\/lv\\\/product\\\/piepusama-puteja-troksna-slapetajs-copy\\\/#primaryimage\",\"url\":\"https:\\\/\\\/dodo-inflatables.com\\\/wp-content\\\/uploads\\\/2024\\\/07\\\/XS-Bouncy-castle-Transport-bag.jpg\",\"contentUrl\":\"https:\\\/\\\/dodo-inflatables.com\\\/wp-content\\\/uploads\\\/2024\\\/07\\\/XS-Bouncy-castle-Transport-bag.jpg\",\"width\":1000,\"height\":1000,\"caption\":\"Piep\u016b\u0161amo pilu transporta somas XS | Dodo Inflatables\"},{\"@type\":\"BreadcrumbList\",\"@id\":\"https:\\\/\\\/dodo-inflatables.com\\\/lv\\\/product\\\/piepusama-puteja-troksna-slapetajs-copy\\\/#breadcrumb\",\"itemListElement\":[{\"@type\":\"ListItem\",\"position\":1,\"name\":\"Home\",\"item\":\"https:\\\/\\\/dodo-inflatables.com\\\/lv\\\/\"},{\"@type\":\"ListItem\",\"position\":2,\"name\":\"Veikals\",\"item\":\"https:\\\/\\\/dodo-inflatables.com\\\/lv\\\/veikals\\\/\"},{\"@type\":\"ListItem\",\"position\":3,\"name\":\"Bouncy castle transport\u0113\u0161anas soma XS\"}]},{\"@type\":\"WebSite\",\"@id\":\"https:\\\/\\\/dodo-inflatables.com\\\/lv\\\/#website\",\"url\":\"https:\\\/\\\/dodo-inflatables.com\\\/lv\\\/\",\"name\":\"dodo-inflatables.com\",\"description\":\"Ieg\u0101d\u0101jieties leco\u0161\u0101s pilis un atrakcijas m\u016bsu veikal\u0101.\",\"potentialAction\":[{\"@type\":\"SearchAction\",\"target\":{\"@type\":\"EntryPoint\",\"urlTemplate\":\"https:\\\/\\\/dodo-inflatables.com\\\/lv\\\/?s={search_term_string}\"},\"query-input\":{\"@type\":\"PropertyValueSpecification\",\"valueRequired\":true,\"valueName\":\"search_term_string\"}}],\"inLanguage\":\"lv-LV\"}]}<\/script>\n<!-- \/ Yoast SEO plugin. -->","yoast_head_json":{"title":"Pirkt piep\u016b\u0161am\u0101s transport\u0113\u0161anas somas | Dodo-Inflatables.com","description":"Ieg\u0101d\u0101jieties transport\u0113\u0161anas maisus piep\u016b\u0161amaj\u0101m un lecamaukl\u0101m Dodo-Inflatables.com | Sertific\u0113ts saska\u0146\u0101 ar EN14960 | \u0100tra pieg\u0101de!","robots":{"index":"index","follow":"follow","max-snippet":"max-snippet:-1","max-image-preview":"max-image-preview:large","max-video-preview":"max-video-preview:-1"},"canonical":"https:\/\/dodo-inflatables.com\/lv\/product\/piepusama-puteja-troksna-slapetajs-copy\/","twitter_misc":{"Est. reading time":"1 minute"},"schema":{"@context":"https:\/\/schema.org","@graph":[{"@type":"WebPage","@id":"https:\/\/dodo-inflatables.com\/lv\/product\/piepusama-puteja-troksna-slapetajs-copy\/","url":"https:\/\/dodo-inflatables.com\/lv\/product\/piepusama-puteja-troksna-slapetajs-copy\/","name":"Pirkt piep\u016b\u0161am\u0101s transport\u0113\u0161anas somas | Dodo-Inflatables.com","isPartOf":{"@id":"https:\/\/dodo-inflatables.com\/lv\/#website"},"primaryImageOfPage":{"@id":"https:\/\/dodo-inflatables.com\/lv\/product\/piepusama-puteja-troksna-slapetajs-copy\/#primaryimage"},"image":{"@id":"https:\/\/dodo-inflatables.com\/lv\/product\/piepusama-puteja-troksna-slapetajs-copy\/#primaryimage"},"thumbnailUrl":"https:\/\/dodo-inflatables.com\/wp-content\/uploads\/2024\/07\/XS-Bouncy-castle-Transport-bag.jpg","datePublished":"2024-07-10T11:01:33+00:00","dateModified":"2026-04-25T16:22:24+00:00","description":"Ieg\u0101d\u0101jieties transport\u0113\u0161anas maisus piep\u016b\u0161amaj\u0101m un lecamaukl\u0101m Dodo-Inflatables.com | Sertific\u0113ts saska\u0146\u0101 ar EN14960 | \u0100tra pieg\u0101de!","breadcrumb":{"@id":"https:\/\/dodo-inflatables.com\/lv\/product\/piepusama-puteja-troksna-slapetajs-copy\/#breadcrumb"},"inLanguage":"lv-LV","potentialAction":[{"@type":"ReadAction","target":["https:\/\/dodo-inflatables.com\/lv\/product\/piepusama-puteja-troksna-slapetajs-copy\/"]}]},{"@type":"ImageObject","inLanguage":"lv-LV","@id":"https:\/\/dodo-inflatables.com\/lv\/product\/piepusama-puteja-troksna-slapetajs-copy\/#primaryimage","url":"https:\/\/dodo-inflatables.com\/wp-content\/uploads\/2024\/07\/XS-Bouncy-castle-Transport-bag.jpg","contentUrl":"https:\/\/dodo-inflatables.com\/wp-content\/uploads\/2024\/07\/XS-Bouncy-castle-Transport-bag.jpg","width":1000,"height":1000,"caption":"Piep\u016b\u0161amo pilu transporta somas XS | Dodo Inflatables"},{"@type":"BreadcrumbList","@id":"https:\/\/dodo-inflatables.com\/lv\/product\/piepusama-puteja-troksna-slapetajs-copy\/#breadcrumb","itemListElement":[{"@type":"ListItem","position":1,"name":"Home","item":"https:\/\/dodo-inflatables.com\/lv\/"},{"@type":"ListItem","position":2,"name":"Veikals","item":"https:\/\/dodo-inflatables.com\/lv\/veikals\/"},{"@type":"ListItem","position":3,"name":"Bouncy castle transport\u0113\u0161anas soma XS"}]},{"@type":"WebSite","@id":"https:\/\/dodo-inflatables.com\/lv\/#website","url":"https:\/\/dodo-inflatables.com\/lv\/","name":"dodo-inflatables.com","description":"Ieg\u0101d\u0101jieties leco\u0161\u0101s pilis un atrakcijas m\u016bsu veikal\u0101.","potentialAction":[{"@type":"SearchAction","target":{"@type":"EntryPoint","urlTemplate":"https:\/\/dodo-inflatables.com\/lv\/?s={search_term_string}"},"query-input":{"@type":"PropertyValueSpecification","valueRequired":true,"valueName":"search_term_string"}}],"inLanguage":"lv-LV"}]}},"uagb_featured_image_src":{"full":["https:\/\/dodo-inflatables.com\/wp-content\/uploads\/2024\/07\/XS-Bouncy-castle-Transport-bag.jpg",1000,1000,false],"thumbnail":["https:\/\/dodo-inflatables.com\/wp-content\/uploads\/2024\/07\/XS-Bouncy-castle-Transport-bag-150x150.jpg",150,150,true],"medium":["https:\/\/dodo-inflatables.com\/wp-content\/uploads\/2024\/07\/XS-Bouncy-castle-Transport-bag-300x300.jpg",300,300,true],"medium_large":["https:\/\/dodo-inflatables.com\/wp-content\/uploads\/2024\/07\/XS-Bouncy-castle-Transport-bag-768x768.jpg",768,768,true],"large":["https:\/\/dodo-inflatables.com\/wp-content\/uploads\/2024\/07\/XS-Bouncy-castle-Transport-bag.jpg",1000,1000,false],"1536x1536":["https:\/\/dodo-inflatables.com\/wp-content\/uploads\/2024\/07\/XS-Bouncy-castle-Transport-bag.jpg",1000,1000,false],"2048x2048":["https:\/\/dodo-inflatables.com\/wp-content\/uploads\/2024\/07\/XS-Bouncy-castle-Transport-bag.jpg",1000,1000,false],"woocommerce_thumbnail":["https:\/\/dodo-inflatables.com\/wp-content\/uploads\/2024\/07\/XS-Bouncy-castle-Transport-bag-900x900.jpg",900,900,true],"woocommerce_single":["https:\/\/dodo-inflatables.com\/wp-content\/uploads\/2024\/07\/XS-Bouncy-castle-Transport-bag-900x900.jpg",900,900,true],"woocommerce_gallery_thumbnail":["https:\/\/dodo-inflatables.com\/wp-content\/uploads\/2024\/07\/XS-Bouncy-castle-Transport-bag-100x100.jpg",100,100,true]},"uagb_author_info":{"display_name":"Andreas","author_link":"https:\/\/dodo-inflatables.com\/lv\/author\/"},"uagb_comment_info":0,"uagb_excerpt":"Transporta soma izm\u0113r\u0101 XS (diametrs 80 cm, augstums 100 cm) Materi\u0101ls: PVC (0,55 mm \/ 621,3 g\/m\u00b2) Jauktas kr\u0101sas","_links":{"self":[{"href":"https:\/\/dodo-inflatables.com\/lv\/wp-json\/wp\/v2\/product\/16133","targetHints":{"allow":["GET"]}}],"collection":[{"href":"https:\/\/dodo-inflatables.com\/lv\/wp-json\/wp\/v2\/product"}],"about":[{"href":"https:\/\/dodo-inflatables.com\/lv\/wp-json\/wp\/v2\/types\/product"}],"replies":[{"embeddable":true,"href":"https:\/\/dodo-inflatables.com\/lv\/wp-json\/wp\/v2\/comments?post=16133"}],"wp:featuredmedia":[{"embeddable":true,"href":"https:\/\/dodo-inflatables.com\/lv\/wp-json\/wp\/v2\/media\/55172"}],"wp:attachment":[{"href":"https:\/\/dodo-inflatables.com\/lv\/wp-json\/wp\/v2\/media?parent=16133"}],"wp:term":[{"taxonomy":"product_brand","embeddable":true,"href":"https:\/\/dodo-inflatables.com\/lv\/wp-json\/wp\/v2\/product_brand?post=16133"},{"taxonomy":"product_cat","embeddable":true,"href":"https:\/\/dodo-inflatables.com\/lv\/wp-json\/wp\/v2\/product_cat?post=16133"},{"taxonomy":"product_tag","embeddable":true,"href":"https:\/\/dodo-inflatables.com\/lv\/wp-json\/wp\/v2\/product_tag?post=16133"}],"curies":[{"name":"wp","href":"https:\/\/api.w.org\/{rel}","templated":true}]}}