{"id":16677,"date":"2024-03-04T17:37:09","date_gmt":"2024-03-04T16:37:09","guid":{"rendered":"https:\/\/dodo-inflatables.com\/koop-gonflables-glijbanen-en-gonflables-kastelen-in-zwitserland\/"},"modified":"2024-07-17T14:55:42","modified_gmt":"2024-07-17T12:55:42","slug":"koop-gonflables-glijbanen-en-gonflables-kastelen-in-zwitserland","status":"publish","type":"page","link":"https:\/\/dodo-inflatables.com\/nl\/koop-gonflables-glijbanen-en-gonflables-kastelen-in-zwitserland\/","title":{"rendered":"Koop gonflables glijbanen en gonflables kastelen in Zwitserland"},"content":{"rendered":"\n<h2 class=\"wp-block-heading has-text-align-center\"><strong>Koop gonflables glijbanen en gonflables kastelen in Zwitserland<\/strong><\/h2>\n\n<figure class=\"wp-block-image aligncenter size-large\"><a href=\"https:\/\/dodo-inflatables.com\/wp-content\/uploads\/2022\/01\/seperator-kleiner.png\"><img fetchpriority=\"high\" decoding=\"async\" width=\"1024\" height=\"102\" src=\"https:\/\/dodo-inflatables.com\/wp-content\/uploads\/2022\/01\/seperator-kleiner-1024x102.png\" alt=\"\" class=\"wp-image-4026\" srcset=\"https:\/\/dodo-inflatables.com\/wp-content\/uploads\/2022\/01\/seperator-kleiner-1024x102.png 1024w, https:\/\/dodo-inflatables.com\/wp-content\/uploads\/2022\/01\/seperator-kleiner-900x90.png 900w, https:\/\/dodo-inflatables.com\/wp-content\/uploads\/2022\/01\/seperator-kleiner-300x30.png 300w, https:\/\/dodo-inflatables.com\/wp-content\/uploads\/2022\/01\/seperator-kleiner-768x77.png 768w, https:\/\/dodo-inflatables.com\/wp-content\/uploads\/2022\/01\/seperator-kleiner-1536x154.png 1536w, https:\/\/dodo-inflatables.com\/wp-content\/uploads\/2022\/01\/seperator-kleiner-340x34.png 340w, https:\/\/dodo-inflatables.com\/wp-content\/uploads\/2022\/01\/seperator-kleiner.png 2000w\" sizes=\"(max-width: 1024px) 100vw, 1024px\" \/><\/a><\/figure>\n\n<h3 class=\"wp-block-heading has-text-align-center\">Bienvenue chez Dodo-Inflatables.com &#8211; onze online boetiek voor gonflables in Europa!<\/h3>\n\n<p style=\"font-size:17px\">Plongez dans notre vaste s\u00e9lection de structures gonflables, de <a href=\"https:\/\/dodo-inflatables.com\/product-category\/bouncy-castles\/\">ch\u00e2teaux gonflables<\/a> et de <a href=\"https:\/\/dodo-inflatables.com\/product-category\/slides\/\">toboggans<\/a> de haute qualit\u00e9 qui donneront \u00e0 chaque \u00e9v\u00e9nement un petit plus. Of u nu een grote gonflable structuur wilt voor een bedrijfsfeest, een kleine gonflable structuur voor een kinderverjaardag of een gonflable structuur met glijbaan voor een feestdag, bij ons vindt u zeker wat u zoekt!<\/p>\n\n<p style=\"font-size:17px\">Ons assortiment bevat niet alleen een grote variatie aan gonflables, maar ook een groot aantal<a href=\"https:\/\/dodo-inflatables.com\/product-category\/accessories\/\">accessoires<\/a>, zoals de souffleurs <a href=\"https:\/\/dodo-inflatables.com\/nl\/product\/gibbons-blazer-fp5005-1-5ps\/\" data-type=\"product\" data-id=\"81\">Gibbons<\/a> en <a href=\"https:\/\/dodo-inflatables.com\/nl\/product\/huawei-ventilator-reh-1-5e-1-5ps\/\" data-type=\"product\" data-id=\"2724\">Huawei<\/a> voor gonflables.<\/p>\n\n<p style=\"font-size:17px\">L&#8217;envoi d&#8217;une structure gonflable et de ses accessoires en <strong>Suisse co\u00fbte 464,00\u20ac<\/strong>. Als de gonflable op voorraad is, wordt deze onmiddellijk na ontvangst van uw betaling verzonden. De levertijd in Zwitserland bedraagt ongeveer <strong>4 tot 6 uur <\/strong>. Het is mogelijk om een beroep te doen op deze zorg in onze vestiging in M\u00fcnchen, Duitsland.<\/p>\n\n<p style=\"font-size:17px\">Al onze gonflables voldoen aan de strenge veiligheidsnormen van de norm <strong>DIN EN 14960<\/strong> en zijn geschikt voor priv\u00e9- en professioneel gebruik. U ontvangt na de verzending van de nieuwe structuur een handleiding en een certificaat dat overeenkomt met uw nieuwe nieuwe draagbare structuur.<\/p>\n\n<p style=\"font-size:17px\">Als klant van een land dat geen lid is van de EU, kunt u bij ons winkelen zonder TVA te betalen. De prijzen in de online boutique zijn inclusief de TVA allemande (19%), die vervolgens wordt verlaagd. Lors de l&#8217;envoi en Suisse, tu es consid\u00e9r\u00e9 comme un &#8220;importateur&#8221;. La TVA suisse \u00e0 l&#8217;importation et les frais de douane te seront donc factur\u00e9s. Onze kosten voor verzending naar Zwitserland bestaan uit de transportprijs, het d\u00e9douanement en de inrichting van de DAA.<\/p>\n\n<p style=\"font-size:17px\">Of u nu een particulier bent die op zoek is naar een gonflable structuur voor uw volgende familiefeest of een professionele loueur die zijn aanbod wil vergroten, onze gonflables structuren zijn geschikt voor iedereen. In feite is het grootste deel van onze klanten in heel Europa een liefhebber van draagbare structuren die onze producten gebruiken voor allerlei evenementen.<\/p>\n\n<p style=\"font-size:17px\">We wensen u veel plezier bij het bezoeken van onze online boetiek en staan tot uw beschikking voor al uw vragen op het adres <a href=\"mailto:contact@dodo-inflatables.com\">contact@dodo-inflatables.com<\/a>!<\/p>\n\n<div style=\"height:100px\" aria-hidden=\"true\" class=\"wp-block-spacer\"><\/div>\n","protected":false},"excerpt":{"rendered":"<p>Koop gonflables glijbanen en gonflables kastelen in Zwitserland Bienvenue chez Dodo-Inflatables.com &#8211; onze online boetiek voor gonflables in Europa! Plongez dans notre vaste s\u00e9lection de structures gonflables, de ch\u00e2teaux gonflables et de toboggans de haute qualit\u00e9 qui donneront \u00e0 chaque \u00e9v\u00e9nement un petit plus. Of u nu een grote gonflable structuur wilt voor een bedrijfsfeest, [&hellip;]<\/p>\n","protected":false},"author":1,"featured_media":0,"parent":0,"menu_order":0,"comment_status":"closed","ping_status":"closed","template":"","meta":{"_acf_changed":false,"_uag_custom_page_level_css":"","site-sidebar-layout":"default","site-content-layout":"","ast-site-content-layout":"normal-width-container","site-content-style":"boxed","site-sidebar-style":"default","ast-global-header-display":"","ast-banner-title-visibility":"","ast-main-header-display":"","ast-hfb-above-header-display":"","ast-hfb-below-header-display":"","ast-hfb-mobile-header-display":"","site-post-title":"","ast-breadcrumbs-content":"","ast-featured-img":"","footer-sml-layout":"","ast-disable-related-posts":"","theme-transparent-header-meta":"","adv-header-id-meta":"4069","stick-header-meta":"","header-above-stick-meta":"","header-main-stick-meta":"","header-below-stick-meta":"","astra-migrate-meta-layouts":"default","ast-page-background-enabled":"default","ast-page-background-meta":{"desktop":{"background-color":"var(--ast-global-color-4)","background-image":"","background-repeat":"repeat","background-position":"center center","background-size":"auto","background-attachment":"scroll","background-type":"","background-media":"","overlay-type":"","overlay-color":"","overlay-opacity":"","overlay-gradient":""},"tablet":{"background-color":"","background-image":"","background-repeat":"repeat","background-position":"center center","background-size":"auto","background-attachment":"scroll","background-type":"","background-media":"","overlay-type":"","overlay-color":"","overlay-opacity":"","overlay-gradient":""},"mobile":{"background-color":"","background-image":"","background-repeat":"repeat","background-position":"center center","background-size":"auto","background-attachment":"scroll","background-type":"","background-media":"","overlay-type":"","overlay-color":"","overlay-opacity":"","overlay-gradient":""}},"ast-content-background-meta":{"desktop":{"background-color":"var(--ast-global-color-5)","background-image":"","background-repeat":"repeat","background-position":"center center","background-size":"auto","background-attachment":"scroll","background-type":"","background-media":"","overlay-type":"","overlay-color":"","overlay-opacity":"","overlay-gradient":""},"tablet":{"background-color":"var(--ast-global-color-5)","background-image":"","background-repeat":"repeat","background-position":"center center","background-size":"auto","background-attachment":"scroll","background-type":"","background-media":"","overlay-type":"","overlay-color":"","overlay-opacity":"","overlay-gradient":""},"mobile":{"background-color":"var(--ast-global-color-5)","background-image":"","background-repeat":"repeat","background-position":"center center","background-size":"auto","background-attachment":"scroll","background-type":"","background-media":"","overlay-type":"","overlay-color":"","overlay-opacity":"","overlay-gradient":""}},"footnotes":""},"class_list":["post-16677","page","type-page","status-publish","hentry"],"acf":[],"yoast_head":"<!-- This site is optimized with the Yoast SEO plugin v27.5 - https:\/\/yoast.com\/product\/yoast-seo-wordpress\/ -->\n<title>Koop gonflables glijbanen en gonflables kastelen in Zwitserland - dodo-inflatables.com<\/title>\n<meta name=\"robots\" content=\"index, follow, max-snippet:-1, max-image-preview:large, max-video-preview:-1\" \/>\n<link rel=\"canonical\" href=\"https:\/\/dodo-inflatables.com\/nl\/koop-gonflables-glijbanen-en-gonflables-kastelen-in-zwitserland\/\" \/>\n<meta name=\"twitter:label1\" content=\"Geschatte leestijd\" \/>\n\t<meta name=\"twitter:data1\" content=\"2 minuten\" \/>\n<script type=\"application\/ld+json\" class=\"yoast-schema-graph\">{\"@context\":\"https:\\\/\\\/schema.org\",\"@graph\":[{\"@type\":\"WebPage\",\"@id\":\"https:\\\/\\\/dodo-inflatables.com\\\/nl\\\/koop-gonflables-glijbanen-en-gonflables-kastelen-in-zwitserland\\\/\",\"url\":\"https:\\\/\\\/dodo-inflatables.com\\\/nl\\\/koop-gonflables-glijbanen-en-gonflables-kastelen-in-zwitserland\\\/\",\"name\":\"Koop gonflables glijbanen en gonflables kastelen in Zwitserland - dodo-inflatables.com\",\"isPartOf\":{\"@id\":\"https:\\\/\\\/dodo-inflatables.com\\\/nl\\\/#website\"},\"primaryImageOfPage\":{\"@id\":\"https:\\\/\\\/dodo-inflatables.com\\\/nl\\\/koop-gonflables-glijbanen-en-gonflables-kastelen-in-zwitserland\\\/#primaryimage\"},\"image\":{\"@id\":\"https:\\\/\\\/dodo-inflatables.com\\\/nl\\\/koop-gonflables-glijbanen-en-gonflables-kastelen-in-zwitserland\\\/#primaryimage\"},\"thumbnailUrl\":\"https:\\\/\\\/dodo-inflatables.com\\\/wp-content\\\/uploads\\\/2022\\\/01\\\/seperator-kleiner-1024x102.png\",\"datePublished\":\"2024-03-04T16:37:09+00:00\",\"dateModified\":\"2024-07-17T12:55:42+00:00\",\"breadcrumb\":{\"@id\":\"https:\\\/\\\/dodo-inflatables.com\\\/nl\\\/koop-gonflables-glijbanen-en-gonflables-kastelen-in-zwitserland\\\/#breadcrumb\"},\"inLanguage\":\"nl-NL\",\"potentialAction\":[{\"@type\":\"ReadAction\",\"target\":[\"https:\\\/\\\/dodo-inflatables.com\\\/nl\\\/koop-gonflables-glijbanen-en-gonflables-kastelen-in-zwitserland\\\/\"]}]},{\"@type\":\"ImageObject\",\"inLanguage\":\"nl-NL\",\"@id\":\"https:\\\/\\\/dodo-inflatables.com\\\/nl\\\/koop-gonflables-glijbanen-en-gonflables-kastelen-in-zwitserland\\\/#primaryimage\",\"url\":\"https:\\\/\\\/dodo-inflatables.com\\\/wp-content\\\/uploads\\\/2022\\\/01\\\/seperator-kleiner-1024x102.png\",\"contentUrl\":\"https:\\\/\\\/dodo-inflatables.com\\\/wp-content\\\/uploads\\\/2022\\\/01\\\/seperator-kleiner-1024x102.png\"},{\"@type\":\"BreadcrumbList\",\"@id\":\"https:\\\/\\\/dodo-inflatables.com\\\/nl\\\/koop-gonflables-glijbanen-en-gonflables-kastelen-in-zwitserland\\\/#breadcrumb\",\"itemListElement\":[{\"@type\":\"ListItem\",\"position\":1,\"name\":\"Home\",\"item\":\"https:\\\/\\\/dodo-inflatables.com\\\/nl\\\/\"},{\"@type\":\"ListItem\",\"position\":2,\"name\":\"Koop gonflables glijbanen en gonflables kastelen in Zwitserland\"}]},{\"@type\":\"WebSite\",\"@id\":\"https:\\\/\\\/dodo-inflatables.com\\\/nl\\\/#website\",\"url\":\"https:\\\/\\\/dodo-inflatables.com\\\/nl\\\/\",\"name\":\"dodo-inflatables.com\",\"description\":\"Koop springkussens en attracties in onze winkel.\",\"potentialAction\":[{\"@type\":\"SearchAction\",\"target\":{\"@type\":\"EntryPoint\",\"urlTemplate\":\"https:\\\/\\\/dodo-inflatables.com\\\/nl\\\/?s={search_term_string}\"},\"query-input\":{\"@type\":\"PropertyValueSpecification\",\"valueRequired\":true,\"valueName\":\"search_term_string\"}}],\"inLanguage\":\"nl-NL\"}]}<\/script>\n<!-- \/ Yoast SEO plugin. -->","yoast_head_json":{"title":"Koop gonflables glijbanen en gonflables kastelen in Zwitserland - dodo-inflatables.com","robots":{"index":"index","follow":"follow","max-snippet":"max-snippet:-1","max-image-preview":"max-image-preview:large","max-video-preview":"max-video-preview:-1"},"canonical":"https:\/\/dodo-inflatables.com\/nl\/koop-gonflables-glijbanen-en-gonflables-kastelen-in-zwitserland\/","twitter_misc":{"Geschatte leestijd":"2 minuten"},"schema":{"@context":"https:\/\/schema.org","@graph":[{"@type":"WebPage","@id":"https:\/\/dodo-inflatables.com\/nl\/koop-gonflables-glijbanen-en-gonflables-kastelen-in-zwitserland\/","url":"https:\/\/dodo-inflatables.com\/nl\/koop-gonflables-glijbanen-en-gonflables-kastelen-in-zwitserland\/","name":"Koop gonflables glijbanen en gonflables kastelen in Zwitserland - dodo-inflatables.com","isPartOf":{"@id":"https:\/\/dodo-inflatables.com\/nl\/#website"},"primaryImageOfPage":{"@id":"https:\/\/dodo-inflatables.com\/nl\/koop-gonflables-glijbanen-en-gonflables-kastelen-in-zwitserland\/#primaryimage"},"image":{"@id":"https:\/\/dodo-inflatables.com\/nl\/koop-gonflables-glijbanen-en-gonflables-kastelen-in-zwitserland\/#primaryimage"},"thumbnailUrl":"https:\/\/dodo-inflatables.com\/wp-content\/uploads\/2022\/01\/seperator-kleiner-1024x102.png","datePublished":"2024-03-04T16:37:09+00:00","dateModified":"2024-07-17T12:55:42+00:00","breadcrumb":{"@id":"https:\/\/dodo-inflatables.com\/nl\/koop-gonflables-glijbanen-en-gonflables-kastelen-in-zwitserland\/#breadcrumb"},"inLanguage":"nl-NL","potentialAction":[{"@type":"ReadAction","target":["https:\/\/dodo-inflatables.com\/nl\/koop-gonflables-glijbanen-en-gonflables-kastelen-in-zwitserland\/"]}]},{"@type":"ImageObject","inLanguage":"nl-NL","@id":"https:\/\/dodo-inflatables.com\/nl\/koop-gonflables-glijbanen-en-gonflables-kastelen-in-zwitserland\/#primaryimage","url":"https:\/\/dodo-inflatables.com\/wp-content\/uploads\/2022\/01\/seperator-kleiner-1024x102.png","contentUrl":"https:\/\/dodo-inflatables.com\/wp-content\/uploads\/2022\/01\/seperator-kleiner-1024x102.png"},{"@type":"BreadcrumbList","@id":"https:\/\/dodo-inflatables.com\/nl\/koop-gonflables-glijbanen-en-gonflables-kastelen-in-zwitserland\/#breadcrumb","itemListElement":[{"@type":"ListItem","position":1,"name":"Home","item":"https:\/\/dodo-inflatables.com\/nl\/"},{"@type":"ListItem","position":2,"name":"Koop gonflables glijbanen en gonflables kastelen in Zwitserland"}]},{"@type":"WebSite","@id":"https:\/\/dodo-inflatables.com\/nl\/#website","url":"https:\/\/dodo-inflatables.com\/nl\/","name":"dodo-inflatables.com","description":"Koop springkussens en attracties in onze winkel.","potentialAction":[{"@type":"SearchAction","target":{"@type":"EntryPoint","urlTemplate":"https:\/\/dodo-inflatables.com\/nl\/?s={search_term_string}"},"query-input":{"@type":"PropertyValueSpecification","valueRequired":true,"valueName":"search_term_string"}}],"inLanguage":"nl-NL"}]}},"uagb_featured_image_src":{"full":false,"thumbnail":false,"medium":false,"medium_large":false,"large":false,"1536x1536":false,"2048x2048":false,"woocommerce_thumbnail":false,"woocommerce_single":false,"woocommerce_gallery_thumbnail":false},"uagb_author_info":{"display_name":"Andreas","author_link":"https:\/\/dodo-inflatables.com\/nl\/author\/andreas\/"},"uagb_comment_info":0,"uagb_excerpt":"Koop gonflables glijbanen en gonflables kastelen in Zwitserland Bienvenue chez Dodo-Inflatables.com &#8211; onze online boetiek voor gonflables in Europa! Plongez dans notre vaste s\u00e9lection de structures gonflables, de ch\u00e2teaux gonflables et de toboggans de haute qualit\u00e9 qui donneront \u00e0 chaque \u00e9v\u00e9nement un petit plus. Of u nu een grote gonflable structuur wilt voor een bedrijfsfeest,&hellip;","_links":{"self":[{"href":"https:\/\/dodo-inflatables.com\/nl\/wp-json\/wp\/v2\/pages\/16677","targetHints":{"allow":["GET"]}}],"collection":[{"href":"https:\/\/dodo-inflatables.com\/nl\/wp-json\/wp\/v2\/pages"}],"about":[{"href":"https:\/\/dodo-inflatables.com\/nl\/wp-json\/wp\/v2\/types\/page"}],"author":[{"embeddable":true,"href":"https:\/\/dodo-inflatables.com\/nl\/wp-json\/wp\/v2\/users\/1"}],"replies":[{"embeddable":true,"href":"https:\/\/dodo-inflatables.com\/nl\/wp-json\/wp\/v2\/comments?post=16677"}],"version-history":[{"count":2,"href":"https:\/\/dodo-inflatables.com\/nl\/wp-json\/wp\/v2\/pages\/16677\/revisions"}],"predecessor-version":[{"id":16682,"href":"https:\/\/dodo-inflatables.com\/nl\/wp-json\/wp\/v2\/pages\/16677\/revisions\/16682"}],"wp:attachment":[{"href":"https:\/\/dodo-inflatables.com\/nl\/wp-json\/wp\/v2\/media?parent=16677"}],"curies":[{"name":"wp","href":"https:\/\/api.w.org\/{rel}","templated":true}]}}