{"id":17184,"date":"2024-03-07T18:35:18","date_gmt":"2024-03-07T17:35:18","guid":{"rendered":"https:\/\/dodo-inflatables.com\/nakup-nafukovacich-skluzavek-a-skakacich-hradu-do-ceske-republiky\/"},"modified":"2024-07-17T15:08:43","modified_gmt":"2024-07-17T13:08:43","slug":"nakup-nafukovacich-skluzavek-a-skakacich-hradu-do-ceske-republiky","status":"publish","type":"page","link":"https:\/\/dodo-inflatables.com\/nl\/nakup-nafukovacich-skluzavek-a-skakacich-hradu-do-ceske-republiky\/","title":{"rendered":"N\u00e1kup nafukovac\u00edch skluzavek a sk\u00e1kac\u00edch hrad\u016f do \u010cesk\u00e9 republiky"},"content":{"rendered":"\n<h2 class=\"wp-block-heading has-text-align-center\"><strong>N\u00e1kup nafukovac\u00edch skluzavek a sk\u00e1kac\u00edch hrad\u016f do \u010cesk\u00e9 republiky<\/strong><\/h2>\n\n<figure class=\"wp-block-image aligncenter size-large\"><a href=\"https:\/\/dodo-inflatables.com\/wp-content\/uploads\/2022\/01\/seperator-kleiner.png\"><img loading=\"lazy\" decoding=\"async\" width=\"1024\" height=\"102\" src=\"https:\/\/dodo-inflatables.com\/wp-content\/uploads\/2022\/01\/seperator-kleiner-1024x102.png\" alt=\"\" class=\"wp-image-4026\" srcset=\"https:\/\/dodo-inflatables.com\/wp-content\/uploads\/2022\/01\/seperator-kleiner-1024x102.png 1024w, https:\/\/dodo-inflatables.com\/wp-content\/uploads\/2022\/01\/seperator-kleiner-900x90.png 900w, https:\/\/dodo-inflatables.com\/wp-content\/uploads\/2022\/01\/seperator-kleiner-300x30.png 300w, https:\/\/dodo-inflatables.com\/wp-content\/uploads\/2022\/01\/seperator-kleiner-768x77.png 768w, https:\/\/dodo-inflatables.com\/wp-content\/uploads\/2022\/01\/seperator-kleiner-1536x154.png 1536w, https:\/\/dodo-inflatables.com\/wp-content\/uploads\/2022\/01\/seperator-kleiner-340x34.png 340w, https:\/\/dodo-inflatables.com\/wp-content\/uploads\/2022\/01\/seperator-kleiner.png 2000w\" sizes=\"auto, (max-width: 1024px) 100vw, 1024px\" \/><\/a><\/figure>\n\n<h3 class=\"wp-block-heading has-text-align-center\">V\u00edtejte na Dodo-Inflatables.com &#8211; na\u0161em internetov\u00e9m obchod\u011b s nafukovac\u00edmi skluzavkami v Evrop\u011b!<\/h3>\n\n<p style=\"font-size:17px\">Pono\u0159te se do na\u0161\u00ed \u0161irok\u00e9 nab\u00eddky vysoce kvalitn\u00edch nafukovac\u00edch atrakc\u00ed, nafukovac\u00edch hrad\u016f a skluzavek, kter\u00e9 dodaj\u00ed ka\u017ed\u00e9 p\u0159\u00edle\u017eitosti n\u011bco nav\u00edc. A\u0165 u\u017e hled\u00e1te velk\u00fd nafukovac\u00ed hrad na firemn\u00ed akci, mal\u00fd nafukovac\u00ed hrad na d\u011btskou narozeninovou oslavu nebo sk\u00e1kac\u00ed hrad se skluzavkou na letn\u00ed p\u00e1rty &#8211; zde zaru\u010den\u011b najdete n\u011bco vhodn\u00e9ho!<\/p>\n\n<p style=\"font-size:17px\">Na\u0161e nab\u00eddka zahrnuje nejen r\u016fzn\u00e9 sk\u00e1kac\u00ed hrady, ale tak\u00e9 \u0161irokou \u0161k\u00e1lu p\u0159\u00edslu\u0161enstv\u00ed, v\u010detn\u011b Gibbon\u016f a fouka\u010dek Huawei pro sk\u00e1kac\u00ed hrady.<\/p>\n\n<p style=\"font-size:17px\">Doprava sk\u00e1kac\u00edho hradu a p\u0159\u00edslu\u0161enstv\u00ed do <strong>\u010cesk\u00e9 republiky stoj\u00ed 185,00 \u20ac<\/strong>. Bal\u00ed\u010dek nafukovac\u00edch dopl\u0148k\u016f stoj\u00ed 29,00 \u20ac. Pokud je nafukovadlo skladem, bude v\u00e1m odesl\u00e1no ihned po obdr\u017een\u00ed platby. Dod\u00e1n\u00ed do \u010cesk\u00e9 republiky trv\u00e1 p\u0159ibli\u017en\u011b <strong>4 &#8211; 6 pracovn\u00edch dn\u016f.<\/strong> Sk\u00e1kac\u00ed hrad je mo\u017en\u00e9 si osobn\u011b vyzvednout v na\u0161em skladu v Mnichov\u011b v N\u011bmecku.<\/p>\n\n<p style=\"font-size:17px\">V\u0161echny na\u0161e nafukovac\u00ed hrady spl\u0148uj\u00ed p\u0159\u00edsn\u00e9 bezpe\u010dnostn\u00ed normy <strong>DIN EN 14960<\/strong> a jsou vhodn\u00e9 pro soukrom\u00e9 i komer\u010dn\u00ed pou\u017eit\u00ed. Po odesl\u00e1n\u00ed nafukovac\u00edho hradu obdr\u017e\u00edte podrobn\u00fd n\u00e1vod a p\u0159\u00edslu\u0161n\u00fd certifik\u00e1t k va\u0161emu nov\u00e9mu nafukovac\u00edmu hradu.<\/p>\n\n<p style=\"font-size:17px\">Osvobozen\u00ed od DPH pro firmy! Pokud nakupujete jako firma, zadejte u pokladny sv\u00e9 identifika\u010dn\u00ed \u010d\u00edslo pro DPH, abyste mohli nakupovat bez dan\u011b.<\/p>\n\n<p style=\"font-size:17px\">A\u0165 u\u017e jste soukrom\u00e1 osoba, kter\u00e1 hled\u00e1 sk\u00e1kac\u00ed hrad pro svou p\u0159\u00ed\u0161t\u00ed rodinnou oslavu, nebo jste komer\u010dn\u00ed p\u016fj\u010dovna, kter\u00e1 chce roz\u0161\u00ed\u0159it sv\u016fj sortiment, na\u0161e sk\u00e1kac\u00ed hrady jsou vhodn\u00e9 pro ka\u017ed\u00e9ho. Ve skute\u010dnosti v\u011bt\u0161inu na\u0161ich z\u00e1kazn\u00edk\u016f po cel\u00e9 Evrop\u011b tvo\u0159\u00ed p\u016fj\u010dovny sk\u00e1kac\u00edch hrad\u016f, kter\u00e9 oce\u0148uj\u00ed na\u0161e v\u00fdrobky pro akce v\u0161ech velikost\u00ed.<\/p>\n\n<p style=\"font-size:17px\">Douf\u00e1me, \u017ee se v\u00e1m prohl\u00ed\u017een\u00ed na\u0161eho internetov\u00e9ho obchodu bude l\u00edbit, a na <a href=\"mailto:contact@dodo-inflatables.com\">contact@dodo-inflatables.com<\/a> v\u00e1m r\u00e1di zodpov\u00edme v\u0161echny va\u0161e dotazy!<\/p>\n","protected":false},"excerpt":{"rendered":"<p>N\u00e1kup nafukovac\u00edch skluzavek a sk\u00e1kac\u00edch hrad\u016f do \u010cesk\u00e9 republiky V\u00edtejte na Dodo-Inflatables.com &#8211; na\u0161em internetov\u00e9m obchod\u011b s nafukovac\u00edmi skluzavkami v Evrop\u011b! Pono\u0159te se do na\u0161\u00ed \u0161irok\u00e9 nab\u00eddky vysoce kvalitn\u00edch nafukovac\u00edch atrakc\u00ed, nafukovac\u00edch hrad\u016f a skluzavek, kter\u00e9 dodaj\u00ed ka\u017ed\u00e9 p\u0159\u00edle\u017eitosti n\u011bco nav\u00edc. A\u0165 u\u017e hled\u00e1te velk\u00fd nafukovac\u00ed hrad na firemn\u00ed akci, mal\u00fd nafukovac\u00ed hrad na d\u011btskou [&hellip;]<\/p>\n","protected":false},"author":1,"featured_media":0,"parent":0,"menu_order":0,"comment_status":"closed","ping_status":"closed","template":"","meta":{"_acf_changed":false,"_uag_custom_page_level_css":"","site-sidebar-layout":"default","site-content-layout":"","ast-site-content-layout":"normal-width-container","site-content-style":"boxed","site-sidebar-style":"default","ast-global-header-display":"","ast-banner-title-visibility":"","ast-main-header-display":"","ast-hfb-above-header-display":"","ast-hfb-below-header-display":"","ast-hfb-mobile-header-display":"","site-post-title":"","ast-breadcrumbs-content":"","ast-featured-img":"","footer-sml-layout":"","ast-disable-related-posts":"","theme-transparent-header-meta":"","adv-header-id-meta":"4069","stick-header-meta":"","header-above-stick-meta":"","header-main-stick-meta":"","header-below-stick-meta":"","astra-migrate-meta-layouts":"default","ast-page-background-enabled":"default","ast-page-background-meta":{"desktop":{"background-color":"var(--ast-global-color-4)","background-image":"","background-repeat":"repeat","background-position":"center center","background-size":"auto","background-attachment":"scroll","background-type":"","background-media":"","overlay-type":"","overlay-color":"","overlay-opacity":"","overlay-gradient":""},"tablet":{"background-color":"","background-image":"","background-repeat":"repeat","background-position":"center center","background-size":"auto","background-attachment":"scroll","background-type":"","background-media":"","overlay-type":"","overlay-color":"","overlay-opacity":"","overlay-gradient":""},"mobile":{"background-color":"","background-image":"","background-repeat":"repeat","background-position":"center center","background-size":"auto","background-attachment":"scroll","background-type":"","background-media":"","overlay-type":"","overlay-color":"","overlay-opacity":"","overlay-gradient":""}},"ast-content-background-meta":{"desktop":{"background-color":"var(--ast-global-color-5)","background-image":"","background-repeat":"repeat","background-position":"center center","background-size":"auto","background-attachment":"scroll","background-type":"","background-media":"","overlay-type":"","overlay-color":"","overlay-opacity":"","overlay-gradient":""},"tablet":{"background-color":"var(--ast-global-color-5)","background-image":"","background-repeat":"repeat","background-position":"center center","background-size":"auto","background-attachment":"scroll","background-type":"","background-media":"","overlay-type":"","overlay-color":"","overlay-opacity":"","overlay-gradient":""},"mobile":{"background-color":"var(--ast-global-color-5)","background-image":"","background-repeat":"repeat","background-position":"center center","background-size":"auto","background-attachment":"scroll","background-type":"","background-media":"","overlay-type":"","overlay-color":"","overlay-opacity":"","overlay-gradient":""}},"footnotes":""},"class_list":["post-17184","page","type-page","status-publish","hentry"],"acf":[],"yoast_head":"<!-- This site is optimized with the Yoast SEO plugin v27.4 - https:\/\/yoast.com\/product\/yoast-seo-wordpress\/ -->\n<title>N\u00e1kup nafukovac\u00edch skluzavek a sk\u00e1kac\u00edch hrad\u016f do \u010cesk\u00e9 republiky - dodo-inflatables.com<\/title>\n<meta name=\"robots\" content=\"index, follow, max-snippet:-1, max-image-preview:large, max-video-preview:-1\" \/>\n<link rel=\"canonical\" href=\"https:\/\/dodo-inflatables.com\/nl\/nakup-nafukovacich-skluzavek-a-skakacich-hradu-do-ceske-republiky\/\" \/>\n<meta name=\"twitter:label1\" content=\"Geschatte leestijd\" \/>\n\t<meta name=\"twitter:data1\" content=\"2 minuten\" \/>\n<script type=\"application\/ld+json\" class=\"yoast-schema-graph\">{\"@context\":\"https:\\\/\\\/schema.org\",\"@graph\":[{\"@type\":\"WebPage\",\"@id\":\"https:\\\/\\\/dodo-inflatables.com\\\/nl\\\/nakup-nafukovacich-skluzavek-a-skakacich-hradu-do-ceske-republiky\\\/\",\"url\":\"https:\\\/\\\/dodo-inflatables.com\\\/nl\\\/nakup-nafukovacich-skluzavek-a-skakacich-hradu-do-ceske-republiky\\\/\",\"name\":\"N\u00e1kup nafukovac\u00edch skluzavek a sk\u00e1kac\u00edch hrad\u016f do \u010cesk\u00e9 republiky - dodo-inflatables.com\",\"isPartOf\":{\"@id\":\"https:\\\/\\\/dodo-inflatables.com\\\/nl\\\/#website\"},\"primaryImageOfPage\":{\"@id\":\"https:\\\/\\\/dodo-inflatables.com\\\/nl\\\/nakup-nafukovacich-skluzavek-a-skakacich-hradu-do-ceske-republiky\\\/#primaryimage\"},\"image\":{\"@id\":\"https:\\\/\\\/dodo-inflatables.com\\\/nl\\\/nakup-nafukovacich-skluzavek-a-skakacich-hradu-do-ceske-republiky\\\/#primaryimage\"},\"thumbnailUrl\":\"https:\\\/\\\/dodo-inflatables.com\\\/wp-content\\\/uploads\\\/2022\\\/01\\\/seperator-kleiner-1024x102.png\",\"datePublished\":\"2024-03-07T17:35:18+00:00\",\"dateModified\":\"2024-07-17T13:08:43+00:00\",\"breadcrumb\":{\"@id\":\"https:\\\/\\\/dodo-inflatables.com\\\/nl\\\/nakup-nafukovacich-skluzavek-a-skakacich-hradu-do-ceske-republiky\\\/#breadcrumb\"},\"inLanguage\":\"nl-NL\",\"potentialAction\":[{\"@type\":\"ReadAction\",\"target\":[\"https:\\\/\\\/dodo-inflatables.com\\\/nl\\\/nakup-nafukovacich-skluzavek-a-skakacich-hradu-do-ceske-republiky\\\/\"]}]},{\"@type\":\"ImageObject\",\"inLanguage\":\"nl-NL\",\"@id\":\"https:\\\/\\\/dodo-inflatables.com\\\/nl\\\/nakup-nafukovacich-skluzavek-a-skakacich-hradu-do-ceske-republiky\\\/#primaryimage\",\"url\":\"https:\\\/\\\/dodo-inflatables.com\\\/wp-content\\\/uploads\\\/2022\\\/01\\\/seperator-kleiner-1024x102.png\",\"contentUrl\":\"https:\\\/\\\/dodo-inflatables.com\\\/wp-content\\\/uploads\\\/2022\\\/01\\\/seperator-kleiner-1024x102.png\"},{\"@type\":\"BreadcrumbList\",\"@id\":\"https:\\\/\\\/dodo-inflatables.com\\\/nl\\\/nakup-nafukovacich-skluzavek-a-skakacich-hradu-do-ceske-republiky\\\/#breadcrumb\",\"itemListElement\":[{\"@type\":\"ListItem\",\"position\":1,\"name\":\"Home\",\"item\":\"https:\\\/\\\/dodo-inflatables.com\\\/nl\\\/\"},{\"@type\":\"ListItem\",\"position\":2,\"name\":\"N\u00e1kup nafukovac\u00edch skluzavek a sk\u00e1kac\u00edch hrad\u016f do \u010cesk\u00e9 republiky\"}]},{\"@type\":\"WebSite\",\"@id\":\"https:\\\/\\\/dodo-inflatables.com\\\/nl\\\/#website\",\"url\":\"https:\\\/\\\/dodo-inflatables.com\\\/nl\\\/\",\"name\":\"dodo-inflatables.com\",\"description\":\"Koop springkussens en attracties in onze winkel.\",\"publisher\":{\"@id\":\"https:\\\/\\\/dodo-inflatables.com\\\/nl\\\/#organization\"},\"potentialAction\":[{\"@type\":\"SearchAction\",\"target\":{\"@type\":\"EntryPoint\",\"urlTemplate\":\"https:\\\/\\\/dodo-inflatables.com\\\/nl\\\/?s={search_term_string}\"},\"query-input\":{\"@type\":\"PropertyValueSpecification\",\"valueRequired\":true,\"valueName\":\"search_term_string\"}}],\"inLanguage\":\"nl-NL\"},{\"@type\":\"Organization\",\"@id\":\"https:\\\/\\\/dodo-inflatables.com\\\/nl\\\/#organization\",\"name\":\"dodo-inflatables.com\",\"url\":\"https:\\\/\\\/dodo-inflatables.com\\\/nl\\\/\",\"logo\":{\"@type\":\"ImageObject\",\"inLanguage\":\"nl-NL\",\"@id\":\"https:\\\/\\\/dodo-inflatables.com\\\/nl\\\/#\\\/schema\\\/logo\\\/image\\\/\",\"url\":\"https:\\\/\\\/dodo-inflatables.com\\\/wp-content\\\/uploads\\\/2023\\\/04\\\/cropped-cropped-cropped-Dodo-Logo.png\",\"contentUrl\":\"https:\\\/\\\/dodo-inflatables.com\\\/wp-content\\\/uploads\\\/2023\\\/04\\\/cropped-cropped-cropped-Dodo-Logo.png\",\"width\":2996,\"height\":1545,\"caption\":\"dodo-inflatables.com\"},\"image\":{\"@id\":\"https:\\\/\\\/dodo-inflatables.com\\\/nl\\\/#\\\/schema\\\/logo\\\/image\\\/\"}}]}<\/script>\n<!-- \/ Yoast SEO plugin. -->","yoast_head_json":{"title":"N\u00e1kup nafukovac\u00edch skluzavek a sk\u00e1kac\u00edch hrad\u016f do \u010cesk\u00e9 republiky - dodo-inflatables.com","robots":{"index":"index","follow":"follow","max-snippet":"max-snippet:-1","max-image-preview":"max-image-preview:large","max-video-preview":"max-video-preview:-1"},"canonical":"https:\/\/dodo-inflatables.com\/nl\/nakup-nafukovacich-skluzavek-a-skakacich-hradu-do-ceske-republiky\/","twitter_misc":{"Geschatte leestijd":"2 minuten"},"schema":{"@context":"https:\/\/schema.org","@graph":[{"@type":"WebPage","@id":"https:\/\/dodo-inflatables.com\/nl\/nakup-nafukovacich-skluzavek-a-skakacich-hradu-do-ceske-republiky\/","url":"https:\/\/dodo-inflatables.com\/nl\/nakup-nafukovacich-skluzavek-a-skakacich-hradu-do-ceske-republiky\/","name":"N\u00e1kup nafukovac\u00edch skluzavek a sk\u00e1kac\u00edch hrad\u016f do \u010cesk\u00e9 republiky - dodo-inflatables.com","isPartOf":{"@id":"https:\/\/dodo-inflatables.com\/nl\/#website"},"primaryImageOfPage":{"@id":"https:\/\/dodo-inflatables.com\/nl\/nakup-nafukovacich-skluzavek-a-skakacich-hradu-do-ceske-republiky\/#primaryimage"},"image":{"@id":"https:\/\/dodo-inflatables.com\/nl\/nakup-nafukovacich-skluzavek-a-skakacich-hradu-do-ceske-republiky\/#primaryimage"},"thumbnailUrl":"https:\/\/dodo-inflatables.com\/wp-content\/uploads\/2022\/01\/seperator-kleiner-1024x102.png","datePublished":"2024-03-07T17:35:18+00:00","dateModified":"2024-07-17T13:08:43+00:00","breadcrumb":{"@id":"https:\/\/dodo-inflatables.com\/nl\/nakup-nafukovacich-skluzavek-a-skakacich-hradu-do-ceske-republiky\/#breadcrumb"},"inLanguage":"nl-NL","potentialAction":[{"@type":"ReadAction","target":["https:\/\/dodo-inflatables.com\/nl\/nakup-nafukovacich-skluzavek-a-skakacich-hradu-do-ceske-republiky\/"]}]},{"@type":"ImageObject","inLanguage":"nl-NL","@id":"https:\/\/dodo-inflatables.com\/nl\/nakup-nafukovacich-skluzavek-a-skakacich-hradu-do-ceske-republiky\/#primaryimage","url":"https:\/\/dodo-inflatables.com\/wp-content\/uploads\/2022\/01\/seperator-kleiner-1024x102.png","contentUrl":"https:\/\/dodo-inflatables.com\/wp-content\/uploads\/2022\/01\/seperator-kleiner-1024x102.png"},{"@type":"BreadcrumbList","@id":"https:\/\/dodo-inflatables.com\/nl\/nakup-nafukovacich-skluzavek-a-skakacich-hradu-do-ceske-republiky\/#breadcrumb","itemListElement":[{"@type":"ListItem","position":1,"name":"Home","item":"https:\/\/dodo-inflatables.com\/nl\/"},{"@type":"ListItem","position":2,"name":"N\u00e1kup nafukovac\u00edch skluzavek a sk\u00e1kac\u00edch hrad\u016f do \u010cesk\u00e9 republiky"}]},{"@type":"WebSite","@id":"https:\/\/dodo-inflatables.com\/nl\/#website","url":"https:\/\/dodo-inflatables.com\/nl\/","name":"dodo-inflatables.com","description":"Koop springkussens en attracties in onze winkel.","publisher":{"@id":"https:\/\/dodo-inflatables.com\/nl\/#organization"},"potentialAction":[{"@type":"SearchAction","target":{"@type":"EntryPoint","urlTemplate":"https:\/\/dodo-inflatables.com\/nl\/?s={search_term_string}"},"query-input":{"@type":"PropertyValueSpecification","valueRequired":true,"valueName":"search_term_string"}}],"inLanguage":"nl-NL"},{"@type":"Organization","@id":"https:\/\/dodo-inflatables.com\/nl\/#organization","name":"dodo-inflatables.com","url":"https:\/\/dodo-inflatables.com\/nl\/","logo":{"@type":"ImageObject","inLanguage":"nl-NL","@id":"https:\/\/dodo-inflatables.com\/nl\/#\/schema\/logo\/image\/","url":"https:\/\/dodo-inflatables.com\/wp-content\/uploads\/2023\/04\/cropped-cropped-cropped-Dodo-Logo.png","contentUrl":"https:\/\/dodo-inflatables.com\/wp-content\/uploads\/2023\/04\/cropped-cropped-cropped-Dodo-Logo.png","width":2996,"height":1545,"caption":"dodo-inflatables.com"},"image":{"@id":"https:\/\/dodo-inflatables.com\/nl\/#\/schema\/logo\/image\/"}}]}},"uagb_featured_image_src":{"full":false,"thumbnail":false,"medium":false,"medium_large":false,"large":false,"1536x1536":false,"2048x2048":false,"woocommerce_thumbnail":false,"woocommerce_single":false,"woocommerce_gallery_thumbnail":false},"uagb_author_info":{"display_name":"Andreas","author_link":"https:\/\/dodo-inflatables.com\/nl\/author\/andreas\/"},"uagb_comment_info":0,"uagb_excerpt":"N\u00e1kup nafukovac\u00edch skluzavek a sk\u00e1kac\u00edch hrad\u016f do \u010cesk\u00e9 republiky V\u00edtejte na Dodo-Inflatables.com &#8211; na\u0161em internetov\u00e9m obchod\u011b s nafukovac\u00edmi skluzavkami v Evrop\u011b! Pono\u0159te se do na\u0161\u00ed \u0161irok\u00e9 nab\u00eddky vysoce kvalitn\u00edch nafukovac\u00edch atrakc\u00ed, nafukovac\u00edch hrad\u016f a skluzavek, kter\u00e9 dodaj\u00ed ka\u017ed\u00e9 p\u0159\u00edle\u017eitosti n\u011bco nav\u00edc. A\u0165 u\u017e hled\u00e1te velk\u00fd nafukovac\u00ed hrad na firemn\u00ed akci, mal\u00fd nafukovac\u00ed hrad na d\u011btskou&hellip;","_links":{"self":[{"href":"https:\/\/dodo-inflatables.com\/nl\/wp-json\/wp\/v2\/pages\/17184","targetHints":{"allow":["GET"]}}],"collection":[{"href":"https:\/\/dodo-inflatables.com\/nl\/wp-json\/wp\/v2\/pages"}],"about":[{"href":"https:\/\/dodo-inflatables.com\/nl\/wp-json\/wp\/v2\/types\/page"}],"author":[{"embeddable":true,"href":"https:\/\/dodo-inflatables.com\/nl\/wp-json\/wp\/v2\/users\/1"}],"replies":[{"embeddable":true,"href":"https:\/\/dodo-inflatables.com\/nl\/wp-json\/wp\/v2\/comments?post=17184"}],"version-history":[{"count":2,"href":"https:\/\/dodo-inflatables.com\/nl\/wp-json\/wp\/v2\/pages\/17184\/revisions"}],"predecessor-version":[{"id":17188,"href":"https:\/\/dodo-inflatables.com\/nl\/wp-json\/wp\/v2\/pages\/17184\/revisions\/17188"}],"wp:attachment":[{"href":"https:\/\/dodo-inflatables.com\/nl\/wp-json\/wp\/v2\/media?parent=17184"}],"curies":[{"name":"wp","href":"https:\/\/api.w.org\/{rel}","templated":true}]}}