{"id":17303,"date":"2024-03-05T17:08:52","date_gmt":"2024-03-05T16:08:52","guid":{"rendered":"https:\/\/dodo-inflatables.com\/gonflabile-si-gonflabile-castele-in-romania\/"},"modified":"2024-07-17T15:09:11","modified_gmt":"2024-07-17T13:09:11","slug":"gonflabile-si-gonflabile-castele-in-romania","status":"publish","type":"page","link":"https:\/\/dodo-inflatables.com\/nl\/gonflabile-si-gonflabile-castele-in-romania\/","title":{"rendered":"Gonflabile \u0219i gonflabile castele \u00een Rom\u00e2nia"},"content":{"rendered":"\n<h2 class=\"wp-block-heading has-text-align-center\">Gonflabile \u0219i gonflabile castele \u00een Rom\u00e2nia<\/h2>\n\n<figure class=\"wp-block-image aligncenter size-large\"><a href=\"https:\/\/dodo-inflatables.com\/wp-content\/uploads\/2022\/01\/seperator-kleiner.png\"><img loading=\"lazy\" decoding=\"async\" width=\"1024\" height=\"102\" src=\"https:\/\/dodo-inflatables.com\/wp-content\/uploads\/2022\/01\/seperator-kleiner-1024x102.png\" alt=\"\" class=\"wp-image-4026\" srcset=\"https:\/\/dodo-inflatables.com\/wp-content\/uploads\/2022\/01\/seperator-kleiner-1024x102.png 1024w, https:\/\/dodo-inflatables.com\/wp-content\/uploads\/2022\/01\/seperator-kleiner-900x90.png 900w, https:\/\/dodo-inflatables.com\/wp-content\/uploads\/2022\/01\/seperator-kleiner-300x30.png 300w, https:\/\/dodo-inflatables.com\/wp-content\/uploads\/2022\/01\/seperator-kleiner-768x77.png 768w, https:\/\/dodo-inflatables.com\/wp-content\/uploads\/2022\/01\/seperator-kleiner-1536x154.png 1536w, https:\/\/dodo-inflatables.com\/wp-content\/uploads\/2022\/01\/seperator-kleiner-340x34.png 340w, https:\/\/dodo-inflatables.com\/wp-content\/uploads\/2022\/01\/seperator-kleiner.png 2000w\" sizes=\"auto, (max-width: 1024px) 100vw, 1024px\" \/><\/a><\/figure>\n\n<h3 class=\"wp-block-heading has-text-align-center\">Bine a\u021bi venit la Dodo-Inflatables.com &#8211; tijdschrift online pentru gonflabile \u00een Europa!<\/h3>\n\n<p style=\"font-size:17px\">Scufunda\u021bi-v\u0103 \u00een selec\u021bia noastr\u0103 extins\u0103 de gonflabile de \u00eenalt\u0103 calitate, castele gonflabile \u0219i tobogane gonflabile care vor ad\u0103uga acel ceva \u00een plus la orice ocazie. Fie c\u0103 sunte\u021bi \u00een c\u0103utarea unei gonflabile mari pentru un eveniment corporativ, a unui castel gonflabil mic pentru o petrecere de aniversare a copiilor sau a unui castel gonflabil cu tobogan pentru o petrecere de var\u0103 &#8211; cu siguran\u021b\u0103 ve\u021bi g\u0103si aici ceva potrivit!<\/p>\n\n<p style=\"font-size:17px\">Het gamma omvat nu ook verschillende soorten gonflabiele kasten, en een groot aantal accessoires, waaronder Gibbons en Huawei voor gonflabiele kasten.<\/p>\n\n<p style=\"font-size:17px\">Expedierea unui castel gonflabil \u0219i a accesoriilor \u00een <strong>Rom\u00e2nia cost\u0103 437,00 \u20ac<\/strong>. Un pachet de accesorii gonflabile cost\u0103 38,00 \u20ac. Als de gonflabilul zich in de voorraad bevindt, zal de acesta v\u0103 va fi expediat imediat dup\u0103 primirea pl\u0103\u021bii. Livrarea \u00een Rom\u00e2nia dureaz\u0103 aproximativ <strong>4 &#8211; 6 zile lucr\u0103toare<\/strong>. Este posibil s\u0103 ridica\u021bi singur castelul gonflabil de la depozitul nostru din M\u00fcnchen, Germania.<\/p>\n\n<p style=\"font-size:17px\">Toate gonflabilele noastre respect\u0103 standardele stricte de siguran\u021b\u0103 <strong>DIN EN 14960<\/strong> \u0219i sunt potrivite pentru uz privat \u0219i comercial. Ve\u021bi primi un ghid detaliat \u0219i certificatul corespunz\u0103tor pentru noua dvs. gonflabil\u0103 odat\u0103 ce aceasta a fost expediat\u0103.<\/p>\n\n<p style=\"font-size:17px\">Scutire de TVA pentru companii! Dac\u0103 achizi\u021biona\u021bi \u00een calitate de companie, introduce\u021bi num\u0103rul dvs. de identificare TVA la finalizarea comenzii pentru a face achizi\u021bii scutite de taxe.<\/p>\n\n<p style=\"font-size:17px\">Als je een speciaal bedrijf hebt dat een kast met een gonflabiel plafond cre\u00ebert voor de huisdieren van je familie, als je een commercieel bedrijf hebt dat een groter plafond cre\u00ebert, dan kun je een kast met een gonflabiel plafond cre\u00ebren voor de verlichting. De fapt, cei mai mul\u021bi dintre clien\u021bii no\u0219tri din Europa sunt companii de \u00eenchiriere de castele gonflabile care apreciaz\u0103 produsele noastre pentru evenimente de toate dimensiunile.<\/p>\n\n<p style=\"font-size:17px\">Bekijk de navigatiemogelijkheden in ons online tijdschrift en geef ons de kans om de mogelijkheden te ontdekken die <a href=\"mailto:contact@dodo-inflatables.com\">contact@dodo-inflatables.com biedt!<\/a><\/p>\n","protected":false},"excerpt":{"rendered":"<p>Gonflabile \u0219i gonflabile castele \u00een Rom\u00e2nia Bine a\u021bi venit la Dodo-Inflatables.com &#8211; tijdschrift online pentru gonflabile \u00een Europa! Scufunda\u021bi-v\u0103 \u00een selec\u021bia noastr\u0103 extins\u0103 de gonflabile de \u00eenalt\u0103 calitate, castele gonflabile \u0219i tobogane gonflabile care vor ad\u0103uga acel ceva \u00een plus la orice ocazie. Fie c\u0103 sunte\u021bi \u00een c\u0103utarea unei gonflabile mari pentru un eveniment corporativ, [&hellip;]<\/p>\n","protected":false},"author":1,"featured_media":0,"parent":0,"menu_order":0,"comment_status":"closed","ping_status":"closed","template":"","meta":{"_acf_changed":false,"_uag_custom_page_level_css":"","site-sidebar-layout":"default","site-content-layout":"","ast-site-content-layout":"normal-width-container","site-content-style":"boxed","site-sidebar-style":"default","ast-global-header-display":"","ast-banner-title-visibility":"","ast-main-header-display":"","ast-hfb-above-header-display":"","ast-hfb-below-header-display":"","ast-hfb-mobile-header-display":"","site-post-title":"","ast-breadcrumbs-content":"","ast-featured-img":"","footer-sml-layout":"","ast-disable-related-posts":"","theme-transparent-header-meta":"","adv-header-id-meta":"4069","stick-header-meta":"","header-above-stick-meta":"","header-main-stick-meta":"","header-below-stick-meta":"","astra-migrate-meta-layouts":"default","ast-page-background-enabled":"default","ast-page-background-meta":{"desktop":{"background-color":"var(--ast-global-color-4)","background-image":"","background-repeat":"repeat","background-position":"center center","background-size":"auto","background-attachment":"scroll","background-type":"","background-media":"","overlay-type":"","overlay-color":"","overlay-opacity":"","overlay-gradient":""},"tablet":{"background-color":"","background-image":"","background-repeat":"repeat","background-position":"center center","background-size":"auto","background-attachment":"scroll","background-type":"","background-media":"","overlay-type":"","overlay-color":"","overlay-opacity":"","overlay-gradient":""},"mobile":{"background-color":"","background-image":"","background-repeat":"repeat","background-position":"center center","background-size":"auto","background-attachment":"scroll","background-type":"","background-media":"","overlay-type":"","overlay-color":"","overlay-opacity":"","overlay-gradient":""}},"ast-content-background-meta":{"desktop":{"background-color":"var(--ast-global-color-5)","background-image":"","background-repeat":"repeat","background-position":"center center","background-size":"auto","background-attachment":"scroll","background-type":"","background-media":"","overlay-type":"","overlay-color":"","overlay-opacity":"","overlay-gradient":""},"tablet":{"background-color":"var(--ast-global-color-5)","background-image":"","background-repeat":"repeat","background-position":"center center","background-size":"auto","background-attachment":"scroll","background-type":"","background-media":"","overlay-type":"","overlay-color":"","overlay-opacity":"","overlay-gradient":""},"mobile":{"background-color":"var(--ast-global-color-5)","background-image":"","background-repeat":"repeat","background-position":"center center","background-size":"auto","background-attachment":"scroll","background-type":"","background-media":"","overlay-type":"","overlay-color":"","overlay-opacity":"","overlay-gradient":""}},"footnotes":""},"class_list":["post-17303","page","type-page","status-publish","hentry"],"acf":[],"yoast_head":"<!-- This site is optimized with the Yoast SEO plugin v27.4 - https:\/\/yoast.com\/product\/yoast-seo-wordpress\/ -->\n<title>Gonflabile \u0219i gonflabile castele \u00een Rom\u00e2nia - dodo-inflatables.com<\/title>\n<meta name=\"robots\" content=\"index, follow, max-snippet:-1, max-image-preview:large, max-video-preview:-1\" \/>\n<link rel=\"canonical\" href=\"https:\/\/dodo-inflatables.com\/nl\/gonflabile-si-gonflabile-castele-in-romania\/\" \/>\n<meta name=\"twitter:label1\" content=\"Geschatte leestijd\" \/>\n\t<meta name=\"twitter:data1\" content=\"2 minuten\" \/>\n<script type=\"application\/ld+json\" class=\"yoast-schema-graph\">{\"@context\":\"https:\\\/\\\/schema.org\",\"@graph\":[{\"@type\":\"WebPage\",\"@id\":\"https:\\\/\\\/dodo-inflatables.com\\\/nl\\\/gonflabile-si-gonflabile-castele-in-romania\\\/\",\"url\":\"https:\\\/\\\/dodo-inflatables.com\\\/nl\\\/gonflabile-si-gonflabile-castele-in-romania\\\/\",\"name\":\"Gonflabile \u0219i gonflabile castele \u00een Rom\u00e2nia - dodo-inflatables.com\",\"isPartOf\":{\"@id\":\"https:\\\/\\\/dodo-inflatables.com\\\/nl\\\/#website\"},\"primaryImageOfPage\":{\"@id\":\"https:\\\/\\\/dodo-inflatables.com\\\/nl\\\/gonflabile-si-gonflabile-castele-in-romania\\\/#primaryimage\"},\"image\":{\"@id\":\"https:\\\/\\\/dodo-inflatables.com\\\/nl\\\/gonflabile-si-gonflabile-castele-in-romania\\\/#primaryimage\"},\"thumbnailUrl\":\"https:\\\/\\\/dodo-inflatables.com\\\/wp-content\\\/uploads\\\/2022\\\/01\\\/seperator-kleiner-1024x102.png\",\"datePublished\":\"2024-03-05T16:08:52+00:00\",\"dateModified\":\"2024-07-17T13:09:11+00:00\",\"breadcrumb\":{\"@id\":\"https:\\\/\\\/dodo-inflatables.com\\\/nl\\\/gonflabile-si-gonflabile-castele-in-romania\\\/#breadcrumb\"},\"inLanguage\":\"nl-NL\",\"potentialAction\":[{\"@type\":\"ReadAction\",\"target\":[\"https:\\\/\\\/dodo-inflatables.com\\\/nl\\\/gonflabile-si-gonflabile-castele-in-romania\\\/\"]}]},{\"@type\":\"ImageObject\",\"inLanguage\":\"nl-NL\",\"@id\":\"https:\\\/\\\/dodo-inflatables.com\\\/nl\\\/gonflabile-si-gonflabile-castele-in-romania\\\/#primaryimage\",\"url\":\"https:\\\/\\\/dodo-inflatables.com\\\/wp-content\\\/uploads\\\/2022\\\/01\\\/seperator-kleiner-1024x102.png\",\"contentUrl\":\"https:\\\/\\\/dodo-inflatables.com\\\/wp-content\\\/uploads\\\/2022\\\/01\\\/seperator-kleiner-1024x102.png\"},{\"@type\":\"BreadcrumbList\",\"@id\":\"https:\\\/\\\/dodo-inflatables.com\\\/nl\\\/gonflabile-si-gonflabile-castele-in-romania\\\/#breadcrumb\",\"itemListElement\":[{\"@type\":\"ListItem\",\"position\":1,\"name\":\"Home\",\"item\":\"https:\\\/\\\/dodo-inflatables.com\\\/nl\\\/\"},{\"@type\":\"ListItem\",\"position\":2,\"name\":\"Gonflabile \u0219i gonflabile castele \u00een Rom\u00e2nia\"}]},{\"@type\":\"WebSite\",\"@id\":\"https:\\\/\\\/dodo-inflatables.com\\\/nl\\\/#website\",\"url\":\"https:\\\/\\\/dodo-inflatables.com\\\/nl\\\/\",\"name\":\"dodo-inflatables.com\",\"description\":\"Koop springkussens en attracties in onze winkel.\",\"publisher\":{\"@id\":\"https:\\\/\\\/dodo-inflatables.com\\\/nl\\\/#organization\"},\"potentialAction\":[{\"@type\":\"SearchAction\",\"target\":{\"@type\":\"EntryPoint\",\"urlTemplate\":\"https:\\\/\\\/dodo-inflatables.com\\\/nl\\\/?s={search_term_string}\"},\"query-input\":{\"@type\":\"PropertyValueSpecification\",\"valueRequired\":true,\"valueName\":\"search_term_string\"}}],\"inLanguage\":\"nl-NL\"},{\"@type\":\"Organization\",\"@id\":\"https:\\\/\\\/dodo-inflatables.com\\\/nl\\\/#organization\",\"name\":\"dodo-inflatables.com\",\"url\":\"https:\\\/\\\/dodo-inflatables.com\\\/nl\\\/\",\"logo\":{\"@type\":\"ImageObject\",\"inLanguage\":\"nl-NL\",\"@id\":\"https:\\\/\\\/dodo-inflatables.com\\\/nl\\\/#\\\/schema\\\/logo\\\/image\\\/\",\"url\":\"https:\\\/\\\/dodo-inflatables.com\\\/wp-content\\\/uploads\\\/2023\\\/04\\\/cropped-cropped-cropped-Dodo-Logo.png\",\"contentUrl\":\"https:\\\/\\\/dodo-inflatables.com\\\/wp-content\\\/uploads\\\/2023\\\/04\\\/cropped-cropped-cropped-Dodo-Logo.png\",\"width\":2996,\"height\":1545,\"caption\":\"dodo-inflatables.com\"},\"image\":{\"@id\":\"https:\\\/\\\/dodo-inflatables.com\\\/nl\\\/#\\\/schema\\\/logo\\\/image\\\/\"}}]}<\/script>\n<!-- \/ Yoast SEO plugin. -->","yoast_head_json":{"title":"Gonflabile \u0219i gonflabile castele \u00een Rom\u00e2nia - dodo-inflatables.com","robots":{"index":"index","follow":"follow","max-snippet":"max-snippet:-1","max-image-preview":"max-image-preview:large","max-video-preview":"max-video-preview:-1"},"canonical":"https:\/\/dodo-inflatables.com\/nl\/gonflabile-si-gonflabile-castele-in-romania\/","twitter_misc":{"Geschatte leestijd":"2 minuten"},"schema":{"@context":"https:\/\/schema.org","@graph":[{"@type":"WebPage","@id":"https:\/\/dodo-inflatables.com\/nl\/gonflabile-si-gonflabile-castele-in-romania\/","url":"https:\/\/dodo-inflatables.com\/nl\/gonflabile-si-gonflabile-castele-in-romania\/","name":"Gonflabile \u0219i gonflabile castele \u00een Rom\u00e2nia - dodo-inflatables.com","isPartOf":{"@id":"https:\/\/dodo-inflatables.com\/nl\/#website"},"primaryImageOfPage":{"@id":"https:\/\/dodo-inflatables.com\/nl\/gonflabile-si-gonflabile-castele-in-romania\/#primaryimage"},"image":{"@id":"https:\/\/dodo-inflatables.com\/nl\/gonflabile-si-gonflabile-castele-in-romania\/#primaryimage"},"thumbnailUrl":"https:\/\/dodo-inflatables.com\/wp-content\/uploads\/2022\/01\/seperator-kleiner-1024x102.png","datePublished":"2024-03-05T16:08:52+00:00","dateModified":"2024-07-17T13:09:11+00:00","breadcrumb":{"@id":"https:\/\/dodo-inflatables.com\/nl\/gonflabile-si-gonflabile-castele-in-romania\/#breadcrumb"},"inLanguage":"nl-NL","potentialAction":[{"@type":"ReadAction","target":["https:\/\/dodo-inflatables.com\/nl\/gonflabile-si-gonflabile-castele-in-romania\/"]}]},{"@type":"ImageObject","inLanguage":"nl-NL","@id":"https:\/\/dodo-inflatables.com\/nl\/gonflabile-si-gonflabile-castele-in-romania\/#primaryimage","url":"https:\/\/dodo-inflatables.com\/wp-content\/uploads\/2022\/01\/seperator-kleiner-1024x102.png","contentUrl":"https:\/\/dodo-inflatables.com\/wp-content\/uploads\/2022\/01\/seperator-kleiner-1024x102.png"},{"@type":"BreadcrumbList","@id":"https:\/\/dodo-inflatables.com\/nl\/gonflabile-si-gonflabile-castele-in-romania\/#breadcrumb","itemListElement":[{"@type":"ListItem","position":1,"name":"Home","item":"https:\/\/dodo-inflatables.com\/nl\/"},{"@type":"ListItem","position":2,"name":"Gonflabile \u0219i gonflabile castele \u00een Rom\u00e2nia"}]},{"@type":"WebSite","@id":"https:\/\/dodo-inflatables.com\/nl\/#website","url":"https:\/\/dodo-inflatables.com\/nl\/","name":"dodo-inflatables.com","description":"Koop springkussens en attracties in onze winkel.","publisher":{"@id":"https:\/\/dodo-inflatables.com\/nl\/#organization"},"potentialAction":[{"@type":"SearchAction","target":{"@type":"EntryPoint","urlTemplate":"https:\/\/dodo-inflatables.com\/nl\/?s={search_term_string}"},"query-input":{"@type":"PropertyValueSpecification","valueRequired":true,"valueName":"search_term_string"}}],"inLanguage":"nl-NL"},{"@type":"Organization","@id":"https:\/\/dodo-inflatables.com\/nl\/#organization","name":"dodo-inflatables.com","url":"https:\/\/dodo-inflatables.com\/nl\/","logo":{"@type":"ImageObject","inLanguage":"nl-NL","@id":"https:\/\/dodo-inflatables.com\/nl\/#\/schema\/logo\/image\/","url":"https:\/\/dodo-inflatables.com\/wp-content\/uploads\/2023\/04\/cropped-cropped-cropped-Dodo-Logo.png","contentUrl":"https:\/\/dodo-inflatables.com\/wp-content\/uploads\/2023\/04\/cropped-cropped-cropped-Dodo-Logo.png","width":2996,"height":1545,"caption":"dodo-inflatables.com"},"image":{"@id":"https:\/\/dodo-inflatables.com\/nl\/#\/schema\/logo\/image\/"}}]}},"uagb_featured_image_src":{"full":false,"thumbnail":false,"medium":false,"medium_large":false,"large":false,"1536x1536":false,"2048x2048":false,"woocommerce_thumbnail":false,"woocommerce_single":false,"woocommerce_gallery_thumbnail":false},"uagb_author_info":{"display_name":"Andreas","author_link":"https:\/\/dodo-inflatables.com\/nl\/author\/andreas\/"},"uagb_comment_info":0,"uagb_excerpt":"Gonflabile \u0219i gonflabile castele \u00een Rom\u00e2nia Bine a\u021bi venit la Dodo-Inflatables.com &#8211; tijdschrift online pentru gonflabile \u00een Europa! Scufunda\u021bi-v\u0103 \u00een selec\u021bia noastr\u0103 extins\u0103 de gonflabile de \u00eenalt\u0103 calitate, castele gonflabile \u0219i tobogane gonflabile care vor ad\u0103uga acel ceva \u00een plus la orice ocazie. Fie c\u0103 sunte\u021bi \u00een c\u0103utarea unei gonflabile mari pentru un eveniment corporativ,&hellip;","_links":{"self":[{"href":"https:\/\/dodo-inflatables.com\/nl\/wp-json\/wp\/v2\/pages\/17303","targetHints":{"allow":["GET"]}}],"collection":[{"href":"https:\/\/dodo-inflatables.com\/nl\/wp-json\/wp\/v2\/pages"}],"about":[{"href":"https:\/\/dodo-inflatables.com\/nl\/wp-json\/wp\/v2\/types\/page"}],"author":[{"embeddable":true,"href":"https:\/\/dodo-inflatables.com\/nl\/wp-json\/wp\/v2\/users\/1"}],"replies":[{"embeddable":true,"href":"https:\/\/dodo-inflatables.com\/nl\/wp-json\/wp\/v2\/comments?post=17303"}],"version-history":[{"count":2,"href":"https:\/\/dodo-inflatables.com\/nl\/wp-json\/wp\/v2\/pages\/17303\/revisions"}],"predecessor-version":[{"id":17306,"href":"https:\/\/dodo-inflatables.com\/nl\/wp-json\/wp\/v2\/pages\/17303\/revisions\/17306"}],"wp:attachment":[{"href":"https:\/\/dodo-inflatables.com\/nl\/wp-json\/wp\/v2\/media?parent=17303"}],"curies":[{"name":"wp","href":"https:\/\/api.w.org\/{rel}","templated":true}]}}