{"id":17480,"date":"2024-03-05T16:02:01","date_gmt":"2024-03-05T15:02:01","guid":{"rendered":"https:\/\/dodo-inflatables.com\/perciet-piepusamos-slidkalninus-un-lecamauklas-uz-latviju\/"},"modified":"2024-07-17T15:09:54","modified_gmt":"2024-07-17T13:09:54","slug":"perciet-piepusamos-slidkalninus-un-lecamauklas-uz-latviju","status":"publish","type":"page","link":"https:\/\/dodo-inflatables.com\/nl\/perciet-piepusamos-slidkalninus-un-lecamauklas-uz-latviju\/","title":{"rendered":"P\u0113rciet piep\u016b\u0161amos slidkalni\u0146us un lecamauklas uz Latviju"},"content":{"rendered":"\n<h2 class=\"wp-block-heading has-text-align-center\">P\u0113rciet piep\u016b\u0161amos slidkalni\u0146us un lecamauklas uz Latviju<\/h2>\n\n<figure class=\"wp-block-image aligncenter size-large\"><a href=\"https:\/\/dodo-inflatables.com\/wp-content\/uploads\/2022\/01\/seperator-kleiner.png\"><img loading=\"lazy\" decoding=\"async\" width=\"1024\" height=\"102\" src=\"https:\/\/dodo-inflatables.com\/wp-content\/uploads\/2022\/01\/seperator-kleiner-1024x102.png\" alt=\"\" class=\"wp-image-4026\" srcset=\"https:\/\/dodo-inflatables.com\/wp-content\/uploads\/2022\/01\/seperator-kleiner-1024x102.png 1024w, https:\/\/dodo-inflatables.com\/wp-content\/uploads\/2022\/01\/seperator-kleiner-900x90.png 900w, https:\/\/dodo-inflatables.com\/wp-content\/uploads\/2022\/01\/seperator-kleiner-300x30.png 300w, https:\/\/dodo-inflatables.com\/wp-content\/uploads\/2022\/01\/seperator-kleiner-768x77.png 768w, https:\/\/dodo-inflatables.com\/wp-content\/uploads\/2022\/01\/seperator-kleiner-1536x154.png 1536w, https:\/\/dodo-inflatables.com\/wp-content\/uploads\/2022\/01\/seperator-kleiner-340x34.png 340w, https:\/\/dodo-inflatables.com\/wp-content\/uploads\/2022\/01\/seperator-kleiner.png 2000w\" sizes=\"auto, (max-width: 1024px) 100vw, 1024px\" \/><\/a><\/figure>\n\n<h3 class=\"wp-block-heading has-text-align-center\">Laipni l\u016bgti Dodo-Inflatables.com &#8211; m\u016bsu piep\u016b\u0161amo atrakciju interneta veikal\u0101 Eirop\u0101!<\/h3>\n\n<p style=\"font-size:17px\">Iepaz\u012bstieties ar m\u016bsu pla\u0161o augstas kvalit\u0101tes piep\u016b\u0161amo atrakciju, piep\u016b\u0161amo pi\u013cu un sl\u012bdkalni\u0146u kl\u0101stu, kas jebkuram pas\u0101kumam pie\u0161\u0137irs kaut ko papildu. Neatkar\u012bgi no t\u0101, vai mekl\u0113jat lielu piep\u016b\u0161amo pili korporat\u012bvam pas\u0101kumam, mazu piep\u016b\u0161amo pili b\u0113rnu dzim\u0161anas dienas svin\u012bb\u0101m vai lecamauklu ar slidkalni\u0146u vasaras ball\u012btei &#8211; \u0161eit j\u016bs noteikti atrad\u012bsiet kaut ko piem\u0113rotu!<\/p>\n\n<p style=\"font-size:17px\">M\u016bsu pied\u0101v\u0101jum\u0101 ir ne tikai da\u017e\u0101das uzp\u016b\u0161am\u0101s pilis, bet ar\u012b pla\u0161s piederumu kl\u0101sts, tostarp Gibbons un Huawei p\u016bt\u0113ji uzp\u016b\u0161amaj\u0101m pil\u012bm.<\/p>\n\n<p style=\"font-size:17px\">S\u016bpo\u013cu pils un piederumu pieg\u0101de uz <strong>Latviju maks\u0101 239,00 \u20ac.<\/strong> Piep\u016b\u0161amo piederumu pakete maks\u0101 39,00 \u20ac. Ja piep\u016b\u0161am\u0101 rota\u013clieta ir noliktav\u0101, t\u0101 tiks nos\u016bt\u012bta jums uzreiz p\u0113c maks\u0101juma sa\u0146em\u0161anas. Pieg\u0101de uz Latviju aiz\u0146em aptuveni<strong> 4 &#8211; 6 darba dienas<\/strong>. S\u016bpo\u0161o pili ir iesp\u0113jams sa\u0146emt person\u012bgi no m\u016bsu noliktavas Minhen\u0113, V\u0101cij\u0101.<\/p>\n\n<p style=\"font-size:17px\">Visas m\u016bsu piep\u016b\u0161am\u0101s konstrukcijas atbilst stingrajiem <strong>DIN EN 14960 <\/strong>dro\u0161\u012bbas standartiem un ir piem\u0113rotas priv\u0101tai un komerci\u0101lai lieto\u0161anai. P\u0113c tam, kad j\u016bsu jaun\u0101 piep\u016b\u0161am\u0101 pils b\u016bs nos\u016bt\u012bta, j\u016bs sa\u0146emsiet detaliz\u0113tu ce\u013cvedi un attiec\u012bgu sertifik\u0101tu.<\/p>\n\n<p style=\"font-size:17px\">Atbr\u012bvojums no PVN uz\u0146\u0113mumiem! Ja j\u016bs p\u0113rkat k\u0101 uz\u0146\u0113mums, pie kases ievadiet savu PVN identifik\u0101cijas numuru, lai veiktu pirkumus bez nodok\u013ca.<\/p>\n\n<p style=\"font-size:17px\">Neatkar\u012bgi no t\u0101, vai esat priv\u0101tpersona, kas mekl\u0113 uzp\u016b\u0161amo pili savai n\u0101kamajai \u0123imenes ball\u012btei, vai komerci\u0101ls nomas uz\u0146\u0113mums, kas v\u0113las papla\u0161in\u0101t savu pied\u0101v\u0101jumu, m\u016bsu uzp\u016b\u0161am\u0101s pilis ir piem\u0113rotas ikvienam. Paties\u012bb\u0101 liel\u0101k\u0101 da\u013ca m\u016bsu klientu vis\u0101 Eirop\u0101 ir lecamauklu nomas uz\u0146\u0113mumi, kuri nov\u0113rt\u0113 m\u016bsu produktus da\u017e\u0101da lieluma pas\u0101kumiem.<\/p>\n\n<p style=\"font-size:17px\">M\u0113s ceram, ka jums patiks p\u0101rl\u016bkot m\u016bsu tie\u0161saistes veikalu, un labpr\u0101t atbild\u0113sim uz visiem j\u016bsu jaut\u0101jumiem vietn\u0113 contact@dodo-inflatables.com!<\/p>\n\n<div style=\"height:100px\" aria-hidden=\"true\" class=\"wp-block-spacer\"><\/div>\n","protected":false},"excerpt":{"rendered":"<p>P\u0113rciet piep\u016b\u0161amos slidkalni\u0146us un lecamauklas uz Latviju Laipni l\u016bgti Dodo-Inflatables.com &#8211; m\u016bsu piep\u016b\u0161amo atrakciju interneta veikal\u0101 Eirop\u0101! Iepaz\u012bstieties ar m\u016bsu pla\u0161o augstas kvalit\u0101tes piep\u016b\u0161amo atrakciju, piep\u016b\u0161amo pi\u013cu un sl\u012bdkalni\u0146u kl\u0101stu, kas jebkuram pas\u0101kumam pie\u0161\u0137irs kaut ko papildu. Neatkar\u012bgi no t\u0101, vai mekl\u0113jat lielu piep\u016b\u0161amo pili korporat\u012bvam pas\u0101kumam, mazu piep\u016b\u0161amo pili b\u0113rnu dzim\u0161anas dienas svin\u012bb\u0101m vai [&hellip;]<\/p>\n","protected":false},"author":1,"featured_media":0,"parent":0,"menu_order":0,"comment_status":"closed","ping_status":"closed","template":"","meta":{"_acf_changed":false,"_uag_custom_page_level_css":"","site-sidebar-layout":"default","site-content-layout":"","ast-site-content-layout":"normal-width-container","site-content-style":"boxed","site-sidebar-style":"default","ast-global-header-display":"","ast-banner-title-visibility":"","ast-main-header-display":"","ast-hfb-above-header-display":"","ast-hfb-below-header-display":"","ast-hfb-mobile-header-display":"","site-post-title":"","ast-breadcrumbs-content":"","ast-featured-img":"","footer-sml-layout":"","ast-disable-related-posts":"","theme-transparent-header-meta":"","adv-header-id-meta":"4069","stick-header-meta":"","header-above-stick-meta":"","header-main-stick-meta":"","header-below-stick-meta":"","astra-migrate-meta-layouts":"default","ast-page-background-enabled":"default","ast-page-background-meta":{"desktop":{"background-color":"var(--ast-global-color-4)","background-image":"","background-repeat":"repeat","background-position":"center center","background-size":"auto","background-attachment":"scroll","background-type":"","background-media":"","overlay-type":"","overlay-color":"","overlay-opacity":"","overlay-gradient":""},"tablet":{"background-color":"","background-image":"","background-repeat":"repeat","background-position":"center center","background-size":"auto","background-attachment":"scroll","background-type":"","background-media":"","overlay-type":"","overlay-color":"","overlay-opacity":"","overlay-gradient":""},"mobile":{"background-color":"","background-image":"","background-repeat":"repeat","background-position":"center center","background-size":"auto","background-attachment":"scroll","background-type":"","background-media":"","overlay-type":"","overlay-color":"","overlay-opacity":"","overlay-gradient":""}},"ast-content-background-meta":{"desktop":{"background-color":"var(--ast-global-color-5)","background-image":"","background-repeat":"repeat","background-position":"center center","background-size":"auto","background-attachment":"scroll","background-type":"","background-media":"","overlay-type":"","overlay-color":"","overlay-opacity":"","overlay-gradient":""},"tablet":{"background-color":"var(--ast-global-color-5)","background-image":"","background-repeat":"repeat","background-position":"center center","background-size":"auto","background-attachment":"scroll","background-type":"","background-media":"","overlay-type":"","overlay-color":"","overlay-opacity":"","overlay-gradient":""},"mobile":{"background-color":"var(--ast-global-color-5)","background-image":"","background-repeat":"repeat","background-position":"center center","background-size":"auto","background-attachment":"scroll","background-type":"","background-media":"","overlay-type":"","overlay-color":"","overlay-opacity":"","overlay-gradient":""}},"footnotes":""},"class_list":["post-17480","page","type-page","status-publish","hentry"],"acf":[],"yoast_head":"<!-- This site is optimized with the Yoast SEO plugin v27.4 - https:\/\/yoast.com\/product\/yoast-seo-wordpress\/ -->\n<title>P\u0113rciet piep\u016b\u0161amos slidkalni\u0146us un lecamauklas uz Latviju - dodo-inflatables.com<\/title>\n<meta name=\"robots\" content=\"index, follow, max-snippet:-1, max-image-preview:large, max-video-preview:-1\" \/>\n<link rel=\"canonical\" href=\"https:\/\/dodo-inflatables.com\/nl\/perciet-piepusamos-slidkalninus-un-lecamauklas-uz-latviju\/\" \/>\n<meta name=\"twitter:label1\" content=\"Geschatte leestijd\" \/>\n\t<meta name=\"twitter:data1\" content=\"2 minuten\" \/>\n<script type=\"application\/ld+json\" class=\"yoast-schema-graph\">{\"@context\":\"https:\\\/\\\/schema.org\",\"@graph\":[{\"@type\":\"WebPage\",\"@id\":\"https:\\\/\\\/dodo-inflatables.com\\\/nl\\\/perciet-piepusamos-slidkalninus-un-lecamauklas-uz-latviju\\\/\",\"url\":\"https:\\\/\\\/dodo-inflatables.com\\\/nl\\\/perciet-piepusamos-slidkalninus-un-lecamauklas-uz-latviju\\\/\",\"name\":\"P\u0113rciet piep\u016b\u0161amos slidkalni\u0146us un lecamauklas uz Latviju - dodo-inflatables.com\",\"isPartOf\":{\"@id\":\"https:\\\/\\\/dodo-inflatables.com\\\/nl\\\/#website\"},\"primaryImageOfPage\":{\"@id\":\"https:\\\/\\\/dodo-inflatables.com\\\/nl\\\/perciet-piepusamos-slidkalninus-un-lecamauklas-uz-latviju\\\/#primaryimage\"},\"image\":{\"@id\":\"https:\\\/\\\/dodo-inflatables.com\\\/nl\\\/perciet-piepusamos-slidkalninus-un-lecamauklas-uz-latviju\\\/#primaryimage\"},\"thumbnailUrl\":\"https:\\\/\\\/dodo-inflatables.com\\\/wp-content\\\/uploads\\\/2022\\\/01\\\/seperator-kleiner-1024x102.png\",\"datePublished\":\"2024-03-05T15:02:01+00:00\",\"dateModified\":\"2024-07-17T13:09:54+00:00\",\"breadcrumb\":{\"@id\":\"https:\\\/\\\/dodo-inflatables.com\\\/nl\\\/perciet-piepusamos-slidkalninus-un-lecamauklas-uz-latviju\\\/#breadcrumb\"},\"inLanguage\":\"nl-NL\",\"potentialAction\":[{\"@type\":\"ReadAction\",\"target\":[\"https:\\\/\\\/dodo-inflatables.com\\\/nl\\\/perciet-piepusamos-slidkalninus-un-lecamauklas-uz-latviju\\\/\"]}]},{\"@type\":\"ImageObject\",\"inLanguage\":\"nl-NL\",\"@id\":\"https:\\\/\\\/dodo-inflatables.com\\\/nl\\\/perciet-piepusamos-slidkalninus-un-lecamauklas-uz-latviju\\\/#primaryimage\",\"url\":\"https:\\\/\\\/dodo-inflatables.com\\\/wp-content\\\/uploads\\\/2022\\\/01\\\/seperator-kleiner-1024x102.png\",\"contentUrl\":\"https:\\\/\\\/dodo-inflatables.com\\\/wp-content\\\/uploads\\\/2022\\\/01\\\/seperator-kleiner-1024x102.png\"},{\"@type\":\"BreadcrumbList\",\"@id\":\"https:\\\/\\\/dodo-inflatables.com\\\/nl\\\/perciet-piepusamos-slidkalninus-un-lecamauklas-uz-latviju\\\/#breadcrumb\",\"itemListElement\":[{\"@type\":\"ListItem\",\"position\":1,\"name\":\"Home\",\"item\":\"https:\\\/\\\/dodo-inflatables.com\\\/nl\\\/\"},{\"@type\":\"ListItem\",\"position\":2,\"name\":\"P\u0113rciet piep\u016b\u0161amos slidkalni\u0146us un lecamauklas uz Latviju\"}]},{\"@type\":\"WebSite\",\"@id\":\"https:\\\/\\\/dodo-inflatables.com\\\/nl\\\/#website\",\"url\":\"https:\\\/\\\/dodo-inflatables.com\\\/nl\\\/\",\"name\":\"dodo-inflatables.com\",\"description\":\"Koop springkussens en attracties in onze winkel.\",\"publisher\":{\"@id\":\"https:\\\/\\\/dodo-inflatables.com\\\/nl\\\/#organization\"},\"potentialAction\":[{\"@type\":\"SearchAction\",\"target\":{\"@type\":\"EntryPoint\",\"urlTemplate\":\"https:\\\/\\\/dodo-inflatables.com\\\/nl\\\/?s={search_term_string}\"},\"query-input\":{\"@type\":\"PropertyValueSpecification\",\"valueRequired\":true,\"valueName\":\"search_term_string\"}}],\"inLanguage\":\"nl-NL\"},{\"@type\":\"Organization\",\"@id\":\"https:\\\/\\\/dodo-inflatables.com\\\/nl\\\/#organization\",\"name\":\"dodo-inflatables.com\",\"url\":\"https:\\\/\\\/dodo-inflatables.com\\\/nl\\\/\",\"logo\":{\"@type\":\"ImageObject\",\"inLanguage\":\"nl-NL\",\"@id\":\"https:\\\/\\\/dodo-inflatables.com\\\/nl\\\/#\\\/schema\\\/logo\\\/image\\\/\",\"url\":\"https:\\\/\\\/dodo-inflatables.com\\\/wp-content\\\/uploads\\\/2023\\\/04\\\/cropped-cropped-cropped-Dodo-Logo.png\",\"contentUrl\":\"https:\\\/\\\/dodo-inflatables.com\\\/wp-content\\\/uploads\\\/2023\\\/04\\\/cropped-cropped-cropped-Dodo-Logo.png\",\"width\":2996,\"height\":1545,\"caption\":\"dodo-inflatables.com\"},\"image\":{\"@id\":\"https:\\\/\\\/dodo-inflatables.com\\\/nl\\\/#\\\/schema\\\/logo\\\/image\\\/\"}}]}<\/script>\n<!-- \/ Yoast SEO plugin. -->","yoast_head_json":{"title":"P\u0113rciet piep\u016b\u0161amos slidkalni\u0146us un lecamauklas uz Latviju - dodo-inflatables.com","robots":{"index":"index","follow":"follow","max-snippet":"max-snippet:-1","max-image-preview":"max-image-preview:large","max-video-preview":"max-video-preview:-1"},"canonical":"https:\/\/dodo-inflatables.com\/nl\/perciet-piepusamos-slidkalninus-un-lecamauklas-uz-latviju\/","twitter_misc":{"Geschatte leestijd":"2 minuten"},"schema":{"@context":"https:\/\/schema.org","@graph":[{"@type":"WebPage","@id":"https:\/\/dodo-inflatables.com\/nl\/perciet-piepusamos-slidkalninus-un-lecamauklas-uz-latviju\/","url":"https:\/\/dodo-inflatables.com\/nl\/perciet-piepusamos-slidkalninus-un-lecamauklas-uz-latviju\/","name":"P\u0113rciet piep\u016b\u0161amos slidkalni\u0146us un lecamauklas uz Latviju - dodo-inflatables.com","isPartOf":{"@id":"https:\/\/dodo-inflatables.com\/nl\/#website"},"primaryImageOfPage":{"@id":"https:\/\/dodo-inflatables.com\/nl\/perciet-piepusamos-slidkalninus-un-lecamauklas-uz-latviju\/#primaryimage"},"image":{"@id":"https:\/\/dodo-inflatables.com\/nl\/perciet-piepusamos-slidkalninus-un-lecamauklas-uz-latviju\/#primaryimage"},"thumbnailUrl":"https:\/\/dodo-inflatables.com\/wp-content\/uploads\/2022\/01\/seperator-kleiner-1024x102.png","datePublished":"2024-03-05T15:02:01+00:00","dateModified":"2024-07-17T13:09:54+00:00","breadcrumb":{"@id":"https:\/\/dodo-inflatables.com\/nl\/perciet-piepusamos-slidkalninus-un-lecamauklas-uz-latviju\/#breadcrumb"},"inLanguage":"nl-NL","potentialAction":[{"@type":"ReadAction","target":["https:\/\/dodo-inflatables.com\/nl\/perciet-piepusamos-slidkalninus-un-lecamauklas-uz-latviju\/"]}]},{"@type":"ImageObject","inLanguage":"nl-NL","@id":"https:\/\/dodo-inflatables.com\/nl\/perciet-piepusamos-slidkalninus-un-lecamauklas-uz-latviju\/#primaryimage","url":"https:\/\/dodo-inflatables.com\/wp-content\/uploads\/2022\/01\/seperator-kleiner-1024x102.png","contentUrl":"https:\/\/dodo-inflatables.com\/wp-content\/uploads\/2022\/01\/seperator-kleiner-1024x102.png"},{"@type":"BreadcrumbList","@id":"https:\/\/dodo-inflatables.com\/nl\/perciet-piepusamos-slidkalninus-un-lecamauklas-uz-latviju\/#breadcrumb","itemListElement":[{"@type":"ListItem","position":1,"name":"Home","item":"https:\/\/dodo-inflatables.com\/nl\/"},{"@type":"ListItem","position":2,"name":"P\u0113rciet piep\u016b\u0161amos slidkalni\u0146us un lecamauklas uz Latviju"}]},{"@type":"WebSite","@id":"https:\/\/dodo-inflatables.com\/nl\/#website","url":"https:\/\/dodo-inflatables.com\/nl\/","name":"dodo-inflatables.com","description":"Koop springkussens en attracties in onze winkel.","publisher":{"@id":"https:\/\/dodo-inflatables.com\/nl\/#organization"},"potentialAction":[{"@type":"SearchAction","target":{"@type":"EntryPoint","urlTemplate":"https:\/\/dodo-inflatables.com\/nl\/?s={search_term_string}"},"query-input":{"@type":"PropertyValueSpecification","valueRequired":true,"valueName":"search_term_string"}}],"inLanguage":"nl-NL"},{"@type":"Organization","@id":"https:\/\/dodo-inflatables.com\/nl\/#organization","name":"dodo-inflatables.com","url":"https:\/\/dodo-inflatables.com\/nl\/","logo":{"@type":"ImageObject","inLanguage":"nl-NL","@id":"https:\/\/dodo-inflatables.com\/nl\/#\/schema\/logo\/image\/","url":"https:\/\/dodo-inflatables.com\/wp-content\/uploads\/2023\/04\/cropped-cropped-cropped-Dodo-Logo.png","contentUrl":"https:\/\/dodo-inflatables.com\/wp-content\/uploads\/2023\/04\/cropped-cropped-cropped-Dodo-Logo.png","width":2996,"height":1545,"caption":"dodo-inflatables.com"},"image":{"@id":"https:\/\/dodo-inflatables.com\/nl\/#\/schema\/logo\/image\/"}}]}},"uagb_featured_image_src":{"full":false,"thumbnail":false,"medium":false,"medium_large":false,"large":false,"1536x1536":false,"2048x2048":false,"woocommerce_thumbnail":false,"woocommerce_single":false,"woocommerce_gallery_thumbnail":false},"uagb_author_info":{"display_name":"Andreas","author_link":"https:\/\/dodo-inflatables.com\/nl\/author\/andreas\/"},"uagb_comment_info":0,"uagb_excerpt":"P\u0113rciet piep\u016b\u0161amos slidkalni\u0146us un lecamauklas uz Latviju Laipni l\u016bgti Dodo-Inflatables.com &#8211; m\u016bsu piep\u016b\u0161amo atrakciju interneta veikal\u0101 Eirop\u0101! Iepaz\u012bstieties ar m\u016bsu pla\u0161o augstas kvalit\u0101tes piep\u016b\u0161amo atrakciju, piep\u016b\u0161amo pi\u013cu un sl\u012bdkalni\u0146u kl\u0101stu, kas jebkuram pas\u0101kumam pie\u0161\u0137irs kaut ko papildu. Neatkar\u012bgi no t\u0101, vai mekl\u0113jat lielu piep\u016b\u0161amo pili korporat\u012bvam pas\u0101kumam, mazu piep\u016b\u0161amo pili b\u0113rnu dzim\u0161anas dienas svin\u012bb\u0101m vai&hellip;","_links":{"self":[{"href":"https:\/\/dodo-inflatables.com\/nl\/wp-json\/wp\/v2\/pages\/17480","targetHints":{"allow":["GET"]}}],"collection":[{"href":"https:\/\/dodo-inflatables.com\/nl\/wp-json\/wp\/v2\/pages"}],"about":[{"href":"https:\/\/dodo-inflatables.com\/nl\/wp-json\/wp\/v2\/types\/page"}],"author":[{"embeddable":true,"href":"https:\/\/dodo-inflatables.com\/nl\/wp-json\/wp\/v2\/users\/1"}],"replies":[{"embeddable":true,"href":"https:\/\/dodo-inflatables.com\/nl\/wp-json\/wp\/v2\/comments?post=17480"}],"version-history":[{"count":2,"href":"https:\/\/dodo-inflatables.com\/nl\/wp-json\/wp\/v2\/pages\/17480\/revisions"}],"predecessor-version":[{"id":17483,"href":"https:\/\/dodo-inflatables.com\/nl\/wp-json\/wp\/v2\/pages\/17480\/revisions\/17483"}],"wp:attachment":[{"href":"https:\/\/dodo-inflatables.com\/nl\/wp-json\/wp\/v2\/media?parent=17480"}],"curies":[{"name":"wp","href":"https:\/\/api.w.org\/{rel}","templated":true}]}}