{"id":17526,"date":"2024-03-05T15:47:58","date_gmt":"2024-03-05T14:47:58","guid":{"rendered":"https:\/\/dodo-inflatables.com\/kup-nadmuchiwane-zjezdzalnie-i-dmuchane-zamki-do-polski\/"},"modified":"2024-07-17T15:10:07","modified_gmt":"2024-07-17T13:10:07","slug":"kup-nadmuchiwane-zjezdzalnie-i-dmuchane-zamki-do-polski","status":"publish","type":"page","link":"https:\/\/dodo-inflatables.com\/nl\/kup-nadmuchiwane-zjezdzalnie-i-dmuchane-zamki-do-polski\/","title":{"rendered":"Kup nadmuchiwane zje\u017cd\u017calnie i dmuchane zamki do Polski"},"content":{"rendered":"\n<h2 class=\"wp-block-heading has-text-align-center\">Kup nadmuchiwane zje\u017cd\u017calnie i dmuchane zamki do Polski<\/h2>\n\n<figure class=\"wp-block-image aligncenter size-large\"><a href=\"https:\/\/dodo-inflatables.com\/wp-content\/uploads\/2022\/01\/seperator-kleiner.png\"><img loading=\"lazy\" decoding=\"async\" width=\"1024\" height=\"102\" src=\"https:\/\/dodo-inflatables.com\/wp-content\/uploads\/2022\/01\/seperator-kleiner-1024x102.png\" alt=\"\" class=\"wp-image-4026\" srcset=\"https:\/\/dodo-inflatables.com\/wp-content\/uploads\/2022\/01\/seperator-kleiner-1024x102.png 1024w, https:\/\/dodo-inflatables.com\/wp-content\/uploads\/2022\/01\/seperator-kleiner-900x90.png 900w, https:\/\/dodo-inflatables.com\/wp-content\/uploads\/2022\/01\/seperator-kleiner-300x30.png 300w, https:\/\/dodo-inflatables.com\/wp-content\/uploads\/2022\/01\/seperator-kleiner-768x77.png 768w, https:\/\/dodo-inflatables.com\/wp-content\/uploads\/2022\/01\/seperator-kleiner-1536x154.png 1536w, https:\/\/dodo-inflatables.com\/wp-content\/uploads\/2022\/01\/seperator-kleiner-340x34.png 340w, https:\/\/dodo-inflatables.com\/wp-content\/uploads\/2022\/01\/seperator-kleiner.png 2000w\" sizes=\"auto, (max-width: 1024px) 100vw, 1024px\" \/><\/a><\/figure>\n\n<h3 class=\"wp-block-heading has-text-align-center\">Witamy w Dodo-Inflatables.com &#8211; naszym sklepie internetowym z dmucha\u0144cami w Europie!<\/h3>\n\n<p>Zanurz si\u0119 w naszej szerokiej ofercie wysokiej jako\u015bci dmucha\u0144c\u00f3w, <a href=\"https:\/\/dodo-inflatables.com\/product-category\/bouncy-castles\/\">dmuchanych zamk\u00f3w<\/a> i <a href=\"https:\/\/dodo-inflatables.com\/product-category\/slides\/\">zje\u017cd\u017calni<\/a>, kt\u00f3re dodadz\u0105 odrobin\u0119 ekstra do ka\u017cdej okazji. Niezale\u017cnie od tego, czy szukasz du\u017cego dmucha\u0144ca na imprez\u0119 firmow\u0105, ma\u0142ego dmuchanego zamku na przyj\u0119cie urodzinowe dla dzieci, czy dmuchanego zamku ze zje\u017cd\u017calni\u0105 na letni\u0105 imprez\u0119 &#8211; u nas na pewno znajdziesz co\u015b odpowiedniego!<\/p>\n\n<p>Nasza oferta obejmuje nie tylko r\u00f3\u017cnorodne zamki do skakania, ale tak\u017ce szerok\u0105 gam\u0119 <a href=\"https:\/\/dodo-inflatables.com\/product-category\/accessories\/\">akcesori\u00f3w<\/a>, w tym dmucha\u0144ce <a href=\"https:\/\/dodo-inflatables.com\/nl\/product\/gibbons-blazer-fp5005-1-5ps\/\" data-type=\"product\" data-id=\"81\">Gibbons<\/a> i <a href=\"https:\/\/dodo-inflatables.com\/nl\/product\/huawei-ventilator-reh-1-5e-1-5ps\/\" data-type=\"product\" data-id=\"2724\">Huawei<\/a> do zamk\u00f3w do skakania.<\/p>\n\n<p>Wysy\u0142ka dmuchanego zamku i akcesori\u00f3w do <strong>Polski kosztuje 169,00<\/strong> \u20ac. Paczka nadmuchiwanych akcesori\u00f3w kosztuje 30,00 \u20ac. Je\u015bli nadmuchiwany zamek znajduje si\u0119 w magazynie, zostanie wys\u0142any natychmiast po otrzymaniu p\u0142atno\u015bci. Dostawa do Polski trwa oko\u0142o <strong>4-6 dni roboczych<\/strong>. Istnieje mo\u017cliwo\u015b\u0107 samodzielnego odbioru nadmuchiwanego produktu z naszego magazynu w Monachium w Niemczech.<\/p>\n\n<p>Wszystkie nasze dmucha\u0144ce spe\u0142niaj\u0105 surowe normy bezpiecze\u0144stwa <strong>DIN EN 14960<\/strong> i nadaj\u0105 si\u0119 do u\u017cytku prywatnego i komercyjnego. Po wys\u0142aniu nowego dmucha\u0144ca otrzymasz szczeg\u00f3\u0142owy przewodnik i odpowiedni certyfikat.<\/p>\n\n<p>Zwolnienie z podatku VAT dla firm! Je\u015bli kupujesz jako firma, wprowad\u017a sw\u00f3j numer identyfikacyjny VAT przy kasie, aby dokona\u0107 zakup\u00f3w bez podatku.<\/p>\n\n<p>Niezale\u017cnie od tego, czy jeste\u015b osob\u0105 prywatn\u0105 szukaj\u0105c\u0105 dmuchanego zamku na nast\u0119pn\u0105 imprez\u0119 rodzinn\u0105, czy te\u017c jeste\u015b komercyjn\u0105 firm\u0105 wynajmuj\u0105c\u0105, kt\u00f3ra chce rozszerzy\u0107 swoj\u0105 ofert\u0119, nasze dmuchane zamki s\u0105 odpowiednie dla ka\u017cdego. W rzeczywisto\u015bci wi\u0119kszo\u015b\u0107 naszych klient\u00f3w w ca\u0142ej Europie to firmy wynajmuj\u0105ce dmuchane zamki, kt\u00f3re ceni\u0105 nasze produkty na imprezy ka\u017cdej wielko\u015bci.<\/p>\n\n<p>Mamy nadziej\u0119, \u017ce spodoba Ci si\u0119 przegl\u0105danie naszego sklepu internetowego i ch\u0119tnie odpowiemy na wszelkie pytania pod adresem <a href=\"mailto:contact@dodo-inflatables.com\">contact@dodo-inflatables.com!<\/a><\/p>\n\n<div style=\"height:100px\" aria-hidden=\"true\" class=\"wp-block-spacer\"><\/div>\n","protected":false},"excerpt":{"rendered":"<p>Kup nadmuchiwane zje\u017cd\u017calnie i dmuchane zamki do Polski Witamy w Dodo-Inflatables.com &#8211; naszym sklepie internetowym z dmucha\u0144cami w Europie! Zanurz si\u0119 w naszej szerokiej ofercie wysokiej jako\u015bci dmucha\u0144c\u00f3w, dmuchanych zamk\u00f3w i zje\u017cd\u017calni, kt\u00f3re dodadz\u0105 odrobin\u0119 ekstra do ka\u017cdej okazji. Niezale\u017cnie od tego, czy szukasz du\u017cego dmucha\u0144ca na imprez\u0119 firmow\u0105, ma\u0142ego dmuchanego zamku na przyj\u0119cie urodzinowe [&hellip;]<\/p>\n","protected":false},"author":1,"featured_media":0,"parent":0,"menu_order":0,"comment_status":"closed","ping_status":"closed","template":"","meta":{"_acf_changed":false,"_uag_custom_page_level_css":"","site-sidebar-layout":"default","site-content-layout":"","ast-site-content-layout":"normal-width-container","site-content-style":"boxed","site-sidebar-style":"default","ast-global-header-display":"","ast-banner-title-visibility":"","ast-main-header-display":"","ast-hfb-above-header-display":"","ast-hfb-below-header-display":"","ast-hfb-mobile-header-display":"","site-post-title":"","ast-breadcrumbs-content":"","ast-featured-img":"","footer-sml-layout":"","ast-disable-related-posts":"","theme-transparent-header-meta":"","adv-header-id-meta":"4069","stick-header-meta":"","header-above-stick-meta":"","header-main-stick-meta":"","header-below-stick-meta":"","astra-migrate-meta-layouts":"default","ast-page-background-enabled":"default","ast-page-background-meta":{"desktop":{"background-color":"var(--ast-global-color-4)","background-image":"","background-repeat":"repeat","background-position":"center center","background-size":"auto","background-attachment":"scroll","background-type":"","background-media":"","overlay-type":"","overlay-color":"","overlay-opacity":"","overlay-gradient":""},"tablet":{"background-color":"","background-image":"","background-repeat":"repeat","background-position":"center center","background-size":"auto","background-attachment":"scroll","background-type":"","background-media":"","overlay-type":"","overlay-color":"","overlay-opacity":"","overlay-gradient":""},"mobile":{"background-color":"","background-image":"","background-repeat":"repeat","background-position":"center center","background-size":"auto","background-attachment":"scroll","background-type":"","background-media":"","overlay-type":"","overlay-color":"","overlay-opacity":"","overlay-gradient":""}},"ast-content-background-meta":{"desktop":{"background-color":"var(--ast-global-color-5)","background-image":"","background-repeat":"repeat","background-position":"center center","background-size":"auto","background-attachment":"scroll","background-type":"","background-media":"","overlay-type":"","overlay-color":"","overlay-opacity":"","overlay-gradient":""},"tablet":{"background-color":"var(--ast-global-color-5)","background-image":"","background-repeat":"repeat","background-position":"center center","background-size":"auto","background-attachment":"scroll","background-type":"","background-media":"","overlay-type":"","overlay-color":"","overlay-opacity":"","overlay-gradient":""},"mobile":{"background-color":"var(--ast-global-color-5)","background-image":"","background-repeat":"repeat","background-position":"center center","background-size":"auto","background-attachment":"scroll","background-type":"","background-media":"","overlay-type":"","overlay-color":"","overlay-opacity":"","overlay-gradient":""}},"footnotes":""},"class_list":["post-17526","page","type-page","status-publish","hentry"],"acf":[],"yoast_head":"<!-- This site is optimized with the Yoast SEO plugin v27.3 - https:\/\/yoast.com\/product\/yoast-seo-wordpress\/ -->\n<title>Kup nadmuchiwane zje\u017cd\u017calnie i dmuchane zamki do Polski - dodo-inflatables.com<\/title>\n<meta name=\"robots\" content=\"index, follow, max-snippet:-1, max-image-preview:large, max-video-preview:-1\" \/>\n<link rel=\"canonical\" href=\"https:\/\/dodo-inflatables.com\/nl\/kup-nadmuchiwane-zjezdzalnie-i-dmuchane-zamki-do-polski\/\" \/>\n<meta name=\"twitter:label1\" content=\"Geschatte leestijd\" \/>\n\t<meta name=\"twitter:data1\" content=\"2 minuten\" \/>\n<script type=\"application\/ld+json\" class=\"yoast-schema-graph\">{\"@context\":\"https:\\\/\\\/schema.org\",\"@graph\":[{\"@type\":\"WebPage\",\"@id\":\"https:\\\/\\\/dodo-inflatables.com\\\/nl\\\/kup-nadmuchiwane-zjezdzalnie-i-dmuchane-zamki-do-polski\\\/\",\"url\":\"https:\\\/\\\/dodo-inflatables.com\\\/nl\\\/kup-nadmuchiwane-zjezdzalnie-i-dmuchane-zamki-do-polski\\\/\",\"name\":\"Kup nadmuchiwane zje\u017cd\u017calnie i dmuchane zamki do Polski - dodo-inflatables.com\",\"isPartOf\":{\"@id\":\"https:\\\/\\\/dodo-inflatables.com\\\/nl\\\/#website\"},\"primaryImageOfPage\":{\"@id\":\"https:\\\/\\\/dodo-inflatables.com\\\/nl\\\/kup-nadmuchiwane-zjezdzalnie-i-dmuchane-zamki-do-polski\\\/#primaryimage\"},\"image\":{\"@id\":\"https:\\\/\\\/dodo-inflatables.com\\\/nl\\\/kup-nadmuchiwane-zjezdzalnie-i-dmuchane-zamki-do-polski\\\/#primaryimage\"},\"thumbnailUrl\":\"https:\\\/\\\/dodo-inflatables.com\\\/wp-content\\\/uploads\\\/2022\\\/01\\\/seperator-kleiner-1024x102.png\",\"datePublished\":\"2024-03-05T14:47:58+00:00\",\"dateModified\":\"2024-07-17T13:10:07+00:00\",\"breadcrumb\":{\"@id\":\"https:\\\/\\\/dodo-inflatables.com\\\/nl\\\/kup-nadmuchiwane-zjezdzalnie-i-dmuchane-zamki-do-polski\\\/#breadcrumb\"},\"inLanguage\":\"nl-NL\",\"potentialAction\":[{\"@type\":\"ReadAction\",\"target\":[\"https:\\\/\\\/dodo-inflatables.com\\\/nl\\\/kup-nadmuchiwane-zjezdzalnie-i-dmuchane-zamki-do-polski\\\/\"]}]},{\"@type\":\"ImageObject\",\"inLanguage\":\"nl-NL\",\"@id\":\"https:\\\/\\\/dodo-inflatables.com\\\/nl\\\/kup-nadmuchiwane-zjezdzalnie-i-dmuchane-zamki-do-polski\\\/#primaryimage\",\"url\":\"https:\\\/\\\/dodo-inflatables.com\\\/wp-content\\\/uploads\\\/2022\\\/01\\\/seperator-kleiner-1024x102.png\",\"contentUrl\":\"https:\\\/\\\/dodo-inflatables.com\\\/wp-content\\\/uploads\\\/2022\\\/01\\\/seperator-kleiner-1024x102.png\"},{\"@type\":\"BreadcrumbList\",\"@id\":\"https:\\\/\\\/dodo-inflatables.com\\\/nl\\\/kup-nadmuchiwane-zjezdzalnie-i-dmuchane-zamki-do-polski\\\/#breadcrumb\",\"itemListElement\":[{\"@type\":\"ListItem\",\"position\":1,\"name\":\"Home\",\"item\":\"https:\\\/\\\/dodo-inflatables.com\\\/nl\\\/\"},{\"@type\":\"ListItem\",\"position\":2,\"name\":\"Kup nadmuchiwane zje\u017cd\u017calnie i dmuchane zamki do Polski\"}]},{\"@type\":\"WebSite\",\"@id\":\"https:\\\/\\\/dodo-inflatables.com\\\/nl\\\/#website\",\"url\":\"https:\\\/\\\/dodo-inflatables.com\\\/nl\\\/\",\"name\":\"dodo-inflatables.com\",\"description\":\"Koop springkussens en attracties in onze winkel.\",\"publisher\":{\"@id\":\"https:\\\/\\\/dodo-inflatables.com\\\/nl\\\/#organization\"},\"potentialAction\":[{\"@type\":\"SearchAction\",\"target\":{\"@type\":\"EntryPoint\",\"urlTemplate\":\"https:\\\/\\\/dodo-inflatables.com\\\/nl\\\/?s={search_term_string}\"},\"query-input\":{\"@type\":\"PropertyValueSpecification\",\"valueRequired\":true,\"valueName\":\"search_term_string\"}}],\"inLanguage\":\"nl-NL\"},{\"@type\":\"Organization\",\"@id\":\"https:\\\/\\\/dodo-inflatables.com\\\/nl\\\/#organization\",\"name\":\"dodo-inflatables.com\",\"url\":\"https:\\\/\\\/dodo-inflatables.com\\\/nl\\\/\",\"logo\":{\"@type\":\"ImageObject\",\"inLanguage\":\"nl-NL\",\"@id\":\"https:\\\/\\\/dodo-inflatables.com\\\/nl\\\/#\\\/schema\\\/logo\\\/image\\\/\",\"url\":\"https:\\\/\\\/dodo-inflatables.com\\\/wp-content\\\/uploads\\\/2023\\\/04\\\/cropped-cropped-cropped-Dodo-Logo.png\",\"contentUrl\":\"https:\\\/\\\/dodo-inflatables.com\\\/wp-content\\\/uploads\\\/2023\\\/04\\\/cropped-cropped-cropped-Dodo-Logo.png\",\"width\":2996,\"height\":1545,\"caption\":\"dodo-inflatables.com\"},\"image\":{\"@id\":\"https:\\\/\\\/dodo-inflatables.com\\\/nl\\\/#\\\/schema\\\/logo\\\/image\\\/\"}}]}<\/script>\n<!-- \/ Yoast SEO plugin. -->","yoast_head_json":{"title":"Kup nadmuchiwane zje\u017cd\u017calnie i dmuchane zamki do Polski - dodo-inflatables.com","robots":{"index":"index","follow":"follow","max-snippet":"max-snippet:-1","max-image-preview":"max-image-preview:large","max-video-preview":"max-video-preview:-1"},"canonical":"https:\/\/dodo-inflatables.com\/nl\/kup-nadmuchiwane-zjezdzalnie-i-dmuchane-zamki-do-polski\/","twitter_misc":{"Geschatte leestijd":"2 minuten"},"schema":{"@context":"https:\/\/schema.org","@graph":[{"@type":"WebPage","@id":"https:\/\/dodo-inflatables.com\/nl\/kup-nadmuchiwane-zjezdzalnie-i-dmuchane-zamki-do-polski\/","url":"https:\/\/dodo-inflatables.com\/nl\/kup-nadmuchiwane-zjezdzalnie-i-dmuchane-zamki-do-polski\/","name":"Kup nadmuchiwane zje\u017cd\u017calnie i dmuchane zamki do Polski - dodo-inflatables.com","isPartOf":{"@id":"https:\/\/dodo-inflatables.com\/nl\/#website"},"primaryImageOfPage":{"@id":"https:\/\/dodo-inflatables.com\/nl\/kup-nadmuchiwane-zjezdzalnie-i-dmuchane-zamki-do-polski\/#primaryimage"},"image":{"@id":"https:\/\/dodo-inflatables.com\/nl\/kup-nadmuchiwane-zjezdzalnie-i-dmuchane-zamki-do-polski\/#primaryimage"},"thumbnailUrl":"https:\/\/dodo-inflatables.com\/wp-content\/uploads\/2022\/01\/seperator-kleiner-1024x102.png","datePublished":"2024-03-05T14:47:58+00:00","dateModified":"2024-07-17T13:10:07+00:00","breadcrumb":{"@id":"https:\/\/dodo-inflatables.com\/nl\/kup-nadmuchiwane-zjezdzalnie-i-dmuchane-zamki-do-polski\/#breadcrumb"},"inLanguage":"nl-NL","potentialAction":[{"@type":"ReadAction","target":["https:\/\/dodo-inflatables.com\/nl\/kup-nadmuchiwane-zjezdzalnie-i-dmuchane-zamki-do-polski\/"]}]},{"@type":"ImageObject","inLanguage":"nl-NL","@id":"https:\/\/dodo-inflatables.com\/nl\/kup-nadmuchiwane-zjezdzalnie-i-dmuchane-zamki-do-polski\/#primaryimage","url":"https:\/\/dodo-inflatables.com\/wp-content\/uploads\/2022\/01\/seperator-kleiner-1024x102.png","contentUrl":"https:\/\/dodo-inflatables.com\/wp-content\/uploads\/2022\/01\/seperator-kleiner-1024x102.png"},{"@type":"BreadcrumbList","@id":"https:\/\/dodo-inflatables.com\/nl\/kup-nadmuchiwane-zjezdzalnie-i-dmuchane-zamki-do-polski\/#breadcrumb","itemListElement":[{"@type":"ListItem","position":1,"name":"Home","item":"https:\/\/dodo-inflatables.com\/nl\/"},{"@type":"ListItem","position":2,"name":"Kup nadmuchiwane zje\u017cd\u017calnie i dmuchane zamki do Polski"}]},{"@type":"WebSite","@id":"https:\/\/dodo-inflatables.com\/nl\/#website","url":"https:\/\/dodo-inflatables.com\/nl\/","name":"dodo-inflatables.com","description":"Koop springkussens en attracties in onze winkel.","publisher":{"@id":"https:\/\/dodo-inflatables.com\/nl\/#organization"},"potentialAction":[{"@type":"SearchAction","target":{"@type":"EntryPoint","urlTemplate":"https:\/\/dodo-inflatables.com\/nl\/?s={search_term_string}"},"query-input":{"@type":"PropertyValueSpecification","valueRequired":true,"valueName":"search_term_string"}}],"inLanguage":"nl-NL"},{"@type":"Organization","@id":"https:\/\/dodo-inflatables.com\/nl\/#organization","name":"dodo-inflatables.com","url":"https:\/\/dodo-inflatables.com\/nl\/","logo":{"@type":"ImageObject","inLanguage":"nl-NL","@id":"https:\/\/dodo-inflatables.com\/nl\/#\/schema\/logo\/image\/","url":"https:\/\/dodo-inflatables.com\/wp-content\/uploads\/2023\/04\/cropped-cropped-cropped-Dodo-Logo.png","contentUrl":"https:\/\/dodo-inflatables.com\/wp-content\/uploads\/2023\/04\/cropped-cropped-cropped-Dodo-Logo.png","width":2996,"height":1545,"caption":"dodo-inflatables.com"},"image":{"@id":"https:\/\/dodo-inflatables.com\/nl\/#\/schema\/logo\/image\/"}}]}},"uagb_featured_image_src":{"full":false,"thumbnail":false,"medium":false,"medium_large":false,"large":false,"1536x1536":false,"2048x2048":false,"woocommerce_thumbnail":false,"woocommerce_single":false,"woocommerce_gallery_thumbnail":false},"uagb_author_info":{"display_name":"Andreas","author_link":"https:\/\/dodo-inflatables.com\/nl\/author\/andreas\/"},"uagb_comment_info":0,"uagb_excerpt":"Kup nadmuchiwane zje\u017cd\u017calnie i dmuchane zamki do Polski Witamy w Dodo-Inflatables.com &#8211; naszym sklepie internetowym z dmucha\u0144cami w Europie! Zanurz si\u0119 w naszej szerokiej ofercie wysokiej jako\u015bci dmucha\u0144c\u00f3w, dmuchanych zamk\u00f3w i zje\u017cd\u017calni, kt\u00f3re dodadz\u0105 odrobin\u0119 ekstra do ka\u017cdej okazji. Niezale\u017cnie od tego, czy szukasz du\u017cego dmucha\u0144ca na imprez\u0119 firmow\u0105, ma\u0142ego dmuchanego zamku na przyj\u0119cie urodzinowe&hellip;","_links":{"self":[{"href":"https:\/\/dodo-inflatables.com\/nl\/wp-json\/wp\/v2\/pages\/17526","targetHints":{"allow":["GET"]}}],"collection":[{"href":"https:\/\/dodo-inflatables.com\/nl\/wp-json\/wp\/v2\/pages"}],"about":[{"href":"https:\/\/dodo-inflatables.com\/nl\/wp-json\/wp\/v2\/types\/page"}],"author":[{"embeddable":true,"href":"https:\/\/dodo-inflatables.com\/nl\/wp-json\/wp\/v2\/users\/1"}],"replies":[{"embeddable":true,"href":"https:\/\/dodo-inflatables.com\/nl\/wp-json\/wp\/v2\/comments?post=17526"}],"version-history":[{"count":2,"href":"https:\/\/dodo-inflatables.com\/nl\/wp-json\/wp\/v2\/pages\/17526\/revisions"}],"predecessor-version":[{"id":17530,"href":"https:\/\/dodo-inflatables.com\/nl\/wp-json\/wp\/v2\/pages\/17526\/revisions\/17530"}],"wp:attachment":[{"href":"https:\/\/dodo-inflatables.com\/nl\/wp-json\/wp\/v2\/media?parent=17526"}],"curies":[{"name":"wp","href":"https:\/\/api.w.org\/{rel}","templated":true}]}}