{"id":18505,"date":"2024-03-07T20:08:58","date_gmt":"2024-03-07T19:08:58","guid":{"rendered":"https:\/\/dodo-inflatables.com\/koop-gonflables-sleeen-en-gonflables-structuren-in-belgie\/"},"modified":"2024-07-17T15:15:32","modified_gmt":"2024-07-17T13:15:32","slug":"koop-gonflables-sleeen-en-gonflables-structuren-in-belgie","status":"publish","type":"page","link":"https:\/\/dodo-inflatables.com\/nl\/koop-gonflables-sleeen-en-gonflables-structuren-in-belgie\/","title":{"rendered":"Koop gonflables slee\u00ebn en gonflables structuren in Belgi\u00eb"},"content":{"rendered":"\n<h2 class=\"wp-block-heading has-text-align-center\"><strong>Koop gonflables slee\u00ebn en gonflables structuren in Belgi\u00eb<\/strong><\/h2>\n\n<figure class=\"wp-block-image aligncenter size-large\"><a href=\"https:\/\/dodo-inflatables.com\/wp-content\/uploads\/2022\/01\/seperator-kleiner.png\"><img fetchpriority=\"high\" decoding=\"async\" width=\"1024\" height=\"102\" src=\"https:\/\/dodo-inflatables.com\/wp-content\/uploads\/2022\/01\/seperator-kleiner-1024x102.png\" alt=\"\" class=\"wp-image-4026\" srcset=\"https:\/\/dodo-inflatables.com\/wp-content\/uploads\/2022\/01\/seperator-kleiner-1024x102.png 1024w, https:\/\/dodo-inflatables.com\/wp-content\/uploads\/2022\/01\/seperator-kleiner-900x90.png 900w, https:\/\/dodo-inflatables.com\/wp-content\/uploads\/2022\/01\/seperator-kleiner-300x30.png 300w, https:\/\/dodo-inflatables.com\/wp-content\/uploads\/2022\/01\/seperator-kleiner-768x77.png 768w, https:\/\/dodo-inflatables.com\/wp-content\/uploads\/2022\/01\/seperator-kleiner-1536x154.png 1536w, https:\/\/dodo-inflatables.com\/wp-content\/uploads\/2022\/01\/seperator-kleiner-340x34.png 340w, https:\/\/dodo-inflatables.com\/wp-content\/uploads\/2022\/01\/seperator-kleiner.png 2000w\" sizes=\"(max-width: 1024px) 100vw, 1024px\" \/><\/a><\/figure>\n\n<h3 class=\"wp-block-heading has-text-align-center\">Bienvenue sur Dodo-Inflatables.com &#8211; notre boutique en ligne de structures gonflables en Europe !<\/h3>\n\n<p style=\"font-size:17px\">Plongez dans notre vaste s\u00e9lection de structures gonflables, de ch\u00e2teaux gonflables et de toboggans de qualit\u00e9 sup\u00e9rieure qui donnent \u00e0 chaque \u00e9v\u00e9nement un petit plus. Of u nu een grote gonflable structuur wilt voor een bedrijfsfeest, een klein gonflable kasteeltje voor een kinderverjaardag of een gonflable structuur met glijbaan voor een feestdag, bij ons vindt u zeker wat u zoekt!<\/p>\n\n<p style=\"font-size:17px\">Ons assortiment bevat niet alleen een grote variatie aan gonflables, maar ook een groot aantal accessoires, zoals de souffleurs Gibbons en Huawei voor gonflables.<\/p>\n\n<p style=\"font-size:17px\">L&#8217;envoi d&#8217;une structure gonflable et de ses accessoires en <strong>Belgique co\u00fbte 148,00\u20ac. <\/strong>Een pakket accessoires voor draagbare structuren kost 19,00\u20ac. Als de gonflable op voorraad is, wordt deze onmiddellijk na ontvangst van uw betaling verzonden. De levertijd in Belgi\u00eb bedraagt ongeveer <strong>4 tot 6 uur<\/strong>. Het is mogelijk om een beroep te doen op deze zorg in onze vestiging in M\u00fcnchen, Duitsland.<\/p>\n\n<p style=\"font-size:17px\">Al onze gonflables voldoen aan de strenge veiligheidsnormen van de norm <strong>DIN EN 14960<\/strong> en zijn geschikt voor priv\u00e9- en professioneel gebruik. U ontvangt na de verzending van de draagbare structuur een handleiding en het bijbehorende certificaat voor uw nieuwe draagbare structuur.<\/p>\n\n<p style=\"font-size:17px\">Exon\u00e9ration de la TVA pour les entreprises ! Als u koopt als bedrijf, geef dan bij de caisse uw intracommunautaire TVA-nummer op om onbelast te kunnen kopen.<\/p>\n\n<p style=\"font-size:17px\">Of u nu een particulier bent die op zoek is naar een gonflable structuur voor uw volgende familiefeest of een professionele loueur die zijn aanbod wil vergroten, onze gonflables structuren zijn geschikt voor heel de wereld. In feite is het grootste deel van onze klanten in heel Europa een liefhebber van draagbare structuren die onze producten gebruiken voor allerlei evenementen.<\/p>\n\n<p style=\"font-size:17px\">We wensen u veel plezier bij het bezoeken van onze online boetiek en staan tot uw beschikking voor al uw vragen op het adres <a href=\"mailto:contact@dodo-inflatables.com\">contact@dodo-inflatables.com<\/a>!<\/p>\n\n<div style=\"height:100px\" aria-hidden=\"true\" class=\"wp-block-spacer\"><\/div>\n","protected":false},"excerpt":{"rendered":"<p>Koop gonflables slee\u00ebn en gonflables structuren in Belgi\u00eb Bienvenue sur Dodo-Inflatables.com &#8211; notre boutique en ligne de structures gonflables en Europe ! Plongez dans notre vaste s\u00e9lection de structures gonflables, de ch\u00e2teaux gonflables et de toboggans de qualit\u00e9 sup\u00e9rieure qui donnent \u00e0 chaque \u00e9v\u00e9nement un petit plus. Of u nu een grote gonflable structuur wilt [&hellip;]<\/p>\n","protected":false},"author":1,"featured_media":0,"parent":0,"menu_order":0,"comment_status":"closed","ping_status":"closed","template":"","meta":{"_acf_changed":false,"_uag_custom_page_level_css":"","site-sidebar-layout":"default","site-content-layout":"","ast-site-content-layout":"normal-width-container","site-content-style":"boxed","site-sidebar-style":"default","ast-global-header-display":"","ast-banner-title-visibility":"","ast-main-header-display":"","ast-hfb-above-header-display":"","ast-hfb-below-header-display":"","ast-hfb-mobile-header-display":"","site-post-title":"","ast-breadcrumbs-content":"","ast-featured-img":"","footer-sml-layout":"","ast-disable-related-posts":"","theme-transparent-header-meta":"","adv-header-id-meta":"4069","stick-header-meta":"","header-above-stick-meta":"","header-main-stick-meta":"","header-below-stick-meta":"","astra-migrate-meta-layouts":"default","ast-page-background-enabled":"default","ast-page-background-meta":{"desktop":{"background-color":"var(--ast-global-color-4)","background-image":"","background-repeat":"repeat","background-position":"center center","background-size":"auto","background-attachment":"scroll","background-type":"","background-media":"","overlay-type":"","overlay-color":"","overlay-opacity":"","overlay-gradient":""},"tablet":{"background-color":"","background-image":"","background-repeat":"repeat","background-position":"center center","background-size":"auto","background-attachment":"scroll","background-type":"","background-media":"","overlay-type":"","overlay-color":"","overlay-opacity":"","overlay-gradient":""},"mobile":{"background-color":"","background-image":"","background-repeat":"repeat","background-position":"center center","background-size":"auto","background-attachment":"scroll","background-type":"","background-media":"","overlay-type":"","overlay-color":"","overlay-opacity":"","overlay-gradient":""}},"ast-content-background-meta":{"desktop":{"background-color":"var(--ast-global-color-5)","background-image":"","background-repeat":"repeat","background-position":"center center","background-size":"auto","background-attachment":"scroll","background-type":"","background-media":"","overlay-type":"","overlay-color":"","overlay-opacity":"","overlay-gradient":""},"tablet":{"background-color":"var(--ast-global-color-5)","background-image":"","background-repeat":"repeat","background-position":"center center","background-size":"auto","background-attachment":"scroll","background-type":"","background-media":"","overlay-type":"","overlay-color":"","overlay-opacity":"","overlay-gradient":""},"mobile":{"background-color":"var(--ast-global-color-5)","background-image":"","background-repeat":"repeat","background-position":"center center","background-size":"auto","background-attachment":"scroll","background-type":"","background-media":"","overlay-type":"","overlay-color":"","overlay-opacity":"","overlay-gradient":""}},"footnotes":""},"class_list":["post-18505","page","type-page","status-publish","hentry"],"acf":[],"yoast_head":"<!-- This site is optimized with the Yoast SEO plugin v27.5 - https:\/\/yoast.com\/product\/yoast-seo-wordpress\/ -->\n<title>Koop gonflables slee\u00ebn en gonflables structuren in Belgi\u00eb - dodo-inflatables.com<\/title>\n<meta name=\"robots\" content=\"index, follow, max-snippet:-1, max-image-preview:large, max-video-preview:-1\" \/>\n<link rel=\"canonical\" href=\"https:\/\/dodo-inflatables.com\/nl\/koop-gonflables-sleeen-en-gonflables-structuren-in-belgie\/\" \/>\n<meta name=\"twitter:label1\" content=\"Geschatte leestijd\" \/>\n\t<meta name=\"twitter:data1\" content=\"2 minuten\" \/>\n<script type=\"application\/ld+json\" class=\"yoast-schema-graph\">{\"@context\":\"https:\\\/\\\/schema.org\",\"@graph\":[{\"@type\":\"WebPage\",\"@id\":\"https:\\\/\\\/dodo-inflatables.com\\\/nl\\\/koop-gonflables-sleeen-en-gonflables-structuren-in-belgie\\\/\",\"url\":\"https:\\\/\\\/dodo-inflatables.com\\\/nl\\\/koop-gonflables-sleeen-en-gonflables-structuren-in-belgie\\\/\",\"name\":\"Koop gonflables slee\u00ebn en gonflables structuren in Belgi\u00eb - dodo-inflatables.com\",\"isPartOf\":{\"@id\":\"https:\\\/\\\/dodo-inflatables.com\\\/nl\\\/#website\"},\"primaryImageOfPage\":{\"@id\":\"https:\\\/\\\/dodo-inflatables.com\\\/nl\\\/koop-gonflables-sleeen-en-gonflables-structuren-in-belgie\\\/#primaryimage\"},\"image\":{\"@id\":\"https:\\\/\\\/dodo-inflatables.com\\\/nl\\\/koop-gonflables-sleeen-en-gonflables-structuren-in-belgie\\\/#primaryimage\"},\"thumbnailUrl\":\"https:\\\/\\\/dodo-inflatables.com\\\/wp-content\\\/uploads\\\/2022\\\/01\\\/seperator-kleiner-1024x102.png\",\"datePublished\":\"2024-03-07T19:08:58+00:00\",\"dateModified\":\"2024-07-17T13:15:32+00:00\",\"breadcrumb\":{\"@id\":\"https:\\\/\\\/dodo-inflatables.com\\\/nl\\\/koop-gonflables-sleeen-en-gonflables-structuren-in-belgie\\\/#breadcrumb\"},\"inLanguage\":\"nl-NL\",\"potentialAction\":[{\"@type\":\"ReadAction\",\"target\":[\"https:\\\/\\\/dodo-inflatables.com\\\/nl\\\/koop-gonflables-sleeen-en-gonflables-structuren-in-belgie\\\/\"]}]},{\"@type\":\"ImageObject\",\"inLanguage\":\"nl-NL\",\"@id\":\"https:\\\/\\\/dodo-inflatables.com\\\/nl\\\/koop-gonflables-sleeen-en-gonflables-structuren-in-belgie\\\/#primaryimage\",\"url\":\"https:\\\/\\\/dodo-inflatables.com\\\/wp-content\\\/uploads\\\/2022\\\/01\\\/seperator-kleiner-1024x102.png\",\"contentUrl\":\"https:\\\/\\\/dodo-inflatables.com\\\/wp-content\\\/uploads\\\/2022\\\/01\\\/seperator-kleiner-1024x102.png\"},{\"@type\":\"BreadcrumbList\",\"@id\":\"https:\\\/\\\/dodo-inflatables.com\\\/nl\\\/koop-gonflables-sleeen-en-gonflables-structuren-in-belgie\\\/#breadcrumb\",\"itemListElement\":[{\"@type\":\"ListItem\",\"position\":1,\"name\":\"Home\",\"item\":\"https:\\\/\\\/dodo-inflatables.com\\\/nl\\\/\"},{\"@type\":\"ListItem\",\"position\":2,\"name\":\"Koop gonflables slee\u00ebn en gonflables structuren in Belgi\u00eb\"}]},{\"@type\":\"WebSite\",\"@id\":\"https:\\\/\\\/dodo-inflatables.com\\\/nl\\\/#website\",\"url\":\"https:\\\/\\\/dodo-inflatables.com\\\/nl\\\/\",\"name\":\"dodo-inflatables.com\",\"description\":\"Koop springkussens en attracties in onze winkel.\",\"potentialAction\":[{\"@type\":\"SearchAction\",\"target\":{\"@type\":\"EntryPoint\",\"urlTemplate\":\"https:\\\/\\\/dodo-inflatables.com\\\/nl\\\/?s={search_term_string}\"},\"query-input\":{\"@type\":\"PropertyValueSpecification\",\"valueRequired\":true,\"valueName\":\"search_term_string\"}}],\"inLanguage\":\"nl-NL\"}]}<\/script>\n<!-- \/ Yoast SEO plugin. -->","yoast_head_json":{"title":"Koop gonflables slee\u00ebn en gonflables structuren in Belgi\u00eb - dodo-inflatables.com","robots":{"index":"index","follow":"follow","max-snippet":"max-snippet:-1","max-image-preview":"max-image-preview:large","max-video-preview":"max-video-preview:-1"},"canonical":"https:\/\/dodo-inflatables.com\/nl\/koop-gonflables-sleeen-en-gonflables-structuren-in-belgie\/","twitter_misc":{"Geschatte leestijd":"2 minuten"},"schema":{"@context":"https:\/\/schema.org","@graph":[{"@type":"WebPage","@id":"https:\/\/dodo-inflatables.com\/nl\/koop-gonflables-sleeen-en-gonflables-structuren-in-belgie\/","url":"https:\/\/dodo-inflatables.com\/nl\/koop-gonflables-sleeen-en-gonflables-structuren-in-belgie\/","name":"Koop gonflables slee\u00ebn en gonflables structuren in Belgi\u00eb - dodo-inflatables.com","isPartOf":{"@id":"https:\/\/dodo-inflatables.com\/nl\/#website"},"primaryImageOfPage":{"@id":"https:\/\/dodo-inflatables.com\/nl\/koop-gonflables-sleeen-en-gonflables-structuren-in-belgie\/#primaryimage"},"image":{"@id":"https:\/\/dodo-inflatables.com\/nl\/koop-gonflables-sleeen-en-gonflables-structuren-in-belgie\/#primaryimage"},"thumbnailUrl":"https:\/\/dodo-inflatables.com\/wp-content\/uploads\/2022\/01\/seperator-kleiner-1024x102.png","datePublished":"2024-03-07T19:08:58+00:00","dateModified":"2024-07-17T13:15:32+00:00","breadcrumb":{"@id":"https:\/\/dodo-inflatables.com\/nl\/koop-gonflables-sleeen-en-gonflables-structuren-in-belgie\/#breadcrumb"},"inLanguage":"nl-NL","potentialAction":[{"@type":"ReadAction","target":["https:\/\/dodo-inflatables.com\/nl\/koop-gonflables-sleeen-en-gonflables-structuren-in-belgie\/"]}]},{"@type":"ImageObject","inLanguage":"nl-NL","@id":"https:\/\/dodo-inflatables.com\/nl\/koop-gonflables-sleeen-en-gonflables-structuren-in-belgie\/#primaryimage","url":"https:\/\/dodo-inflatables.com\/wp-content\/uploads\/2022\/01\/seperator-kleiner-1024x102.png","contentUrl":"https:\/\/dodo-inflatables.com\/wp-content\/uploads\/2022\/01\/seperator-kleiner-1024x102.png"},{"@type":"BreadcrumbList","@id":"https:\/\/dodo-inflatables.com\/nl\/koop-gonflables-sleeen-en-gonflables-structuren-in-belgie\/#breadcrumb","itemListElement":[{"@type":"ListItem","position":1,"name":"Home","item":"https:\/\/dodo-inflatables.com\/nl\/"},{"@type":"ListItem","position":2,"name":"Koop gonflables slee\u00ebn en gonflables structuren in Belgi\u00eb"}]},{"@type":"WebSite","@id":"https:\/\/dodo-inflatables.com\/nl\/#website","url":"https:\/\/dodo-inflatables.com\/nl\/","name":"dodo-inflatables.com","description":"Koop springkussens en attracties in onze winkel.","potentialAction":[{"@type":"SearchAction","target":{"@type":"EntryPoint","urlTemplate":"https:\/\/dodo-inflatables.com\/nl\/?s={search_term_string}"},"query-input":{"@type":"PropertyValueSpecification","valueRequired":true,"valueName":"search_term_string"}}],"inLanguage":"nl-NL"}]}},"uagb_featured_image_src":{"full":false,"thumbnail":false,"medium":false,"medium_large":false,"large":false,"1536x1536":false,"2048x2048":false,"woocommerce_thumbnail":false,"woocommerce_single":false,"woocommerce_gallery_thumbnail":false},"uagb_author_info":{"display_name":"Andreas","author_link":"https:\/\/dodo-inflatables.com\/nl\/author\/andreas\/"},"uagb_comment_info":0,"uagb_excerpt":"Koop gonflables slee\u00ebn en gonflables structuren in Belgi\u00eb Bienvenue sur Dodo-Inflatables.com &#8211; notre boutique en ligne de structures gonflables en Europe ! Plongez dans notre vaste s\u00e9lection de structures gonflables, de ch\u00e2teaux gonflables et de toboggans de qualit\u00e9 sup\u00e9rieure qui donnent \u00e0 chaque \u00e9v\u00e9nement un petit plus. Of u nu een grote gonflable structuur wilt&hellip;","_links":{"self":[{"href":"https:\/\/dodo-inflatables.com\/nl\/wp-json\/wp\/v2\/pages\/18505","targetHints":{"allow":["GET"]}}],"collection":[{"href":"https:\/\/dodo-inflatables.com\/nl\/wp-json\/wp\/v2\/pages"}],"about":[{"href":"https:\/\/dodo-inflatables.com\/nl\/wp-json\/wp\/v2\/types\/page"}],"author":[{"embeddable":true,"href":"https:\/\/dodo-inflatables.com\/nl\/wp-json\/wp\/v2\/users\/1"}],"replies":[{"embeddable":true,"href":"https:\/\/dodo-inflatables.com\/nl\/wp-json\/wp\/v2\/comments?post=18505"}],"version-history":[{"count":2,"href":"https:\/\/dodo-inflatables.com\/nl\/wp-json\/wp\/v2\/pages\/18505\/revisions"}],"predecessor-version":[{"id":18509,"href":"https:\/\/dodo-inflatables.com\/nl\/wp-json\/wp\/v2\/pages\/18505\/revisions\/18509"}],"wp:attachment":[{"href":"https:\/\/dodo-inflatables.com\/nl\/wp-json\/wp\/v2\/media?parent=18505"}],"curies":[{"name":"wp","href":"https:\/\/api.w.org\/{rel}","templated":true}]}}