{"id":105883,"date":"2026-04-04T13:54:45","date_gmt":"2026-04-04T11:54:45","guid":{"rendered":"https:\/\/dodo-inflatables.com\/dodo-relaunch?product=geluiddemper-blazerafdekking-voor-springkussen-blazers"},"modified":"2026-04-04T13:54:45","modified_gmt":"2026-04-04T11:54:45","slug":"geluiddemper-blazerafdekking-voor-springkussen-blazers","status":"publish","type":"product","link":"https:\/\/dodo-inflatables.com\/nl\/product\/geluiddemper-blazerafdekking-voor-springkussen-blazers\/","title":{"rendered":"Geluiddemper \/ blazerafdekking voor springkussen blazers"},"content":{"rendered":"<h1>Koop geluiddemper \/ blazerafdekking voor springkussen blazers<\/h1>\n<p>De Huawei blazerafdekking is een praktische oplossing voor het verminderen van geluid en het veilig afschermen van springkussen blazers. Het is speciaal ontwikkeld voor professioneel gebruik en voldoet aan de vereisten van DIN EN 14960-1:2019.<br \/>\nNaast het verminderen van het bedrijfsgeluid zorgt de blazerafdekking er primair voor dat er een duidelijke scheiding is tussen het speelgebied en het technische gebied, waardoor de veiligheid bij opstellingen in openbare en commerci\u00eble omgevingen wordt vergroot.<br \/>\n<strong>Meer veiligheid tijdens bedrijf:<\/strong><br \/>\nDe blazerafdekking beperkt fysiek de directe toegang tot de blazer. Bewegende delen zijn beschermd en ontoegankelijk voor kinderen, wat een belangrijke factor is bij veiligheidsinspecties en nalevingscontroles.<br \/>\n<strong>Geluidsreductie:<\/strong><br \/>\nDankzij het gevoerde, gesloten ontwerp wordt het bedrijfsgeluid van de blazer merkbaar verminderd. Ideaal voor gebruik in woonwijken, stadscentra of andere geluidsgevoelige omgevingen.<br \/>\n<strong>Conform EN 14960:<\/strong><br \/>\nDe blazerafdekking voldoet aan de belangrijkste vereisten van de Europese norm EN 14960-1:2019, waaronder: blazers ontoegankelijk houden voor kinderen, bewegende delen beschermen en zorgen voor een duidelijke scheiding tussen het speelgebied en het technische gebied.<br \/>\n<strong>Robuust en weerbestendig:<\/strong><br \/>\nDe afdekking is brandwerend en waterbestendig en is ontworpen voor intensief professioneel gebruik. Het biedt ook extra bescherming voor de blazer tegen externe invloeden.<br \/>\n<strong>Eenvoudige installatie:<\/strong><br \/>\nDe blazerafdekking kan snel worden aangebracht en verwijderd. Dit maakt onderhoud, visuele controles en inspecties eenvoudig uit te voeren.<\/p>\n<h3>Details over de geluiddemper \/ blazerafdekking<\/h3>\n<ul>\n<li class=\"p1\">Afmetingen (L \u00d7 B \u00d7 H): ca. 50 \u00d7 63 \u00d7 54 cm<\/li>\n<li class=\"p1\">Gewicht: ca. 2,4 kg<\/li>\n<li class=\"p1\">Verpakte afmetingen: ca. 50 \u00d7 100 \u00d7 15 cm<\/li>\n<\/ul>\n","protected":false},"excerpt":{"rendered":"<ul>\n<li class=\"p1\">Afmetingen (L \u00d7 B \u00d7 H): ca. 50 \u00d7 63 \u00d7 54 cm<\/li>\n<li class=\"p1\">Gewicht: ca. 2,4 kg<\/li>\n<li class=\"p1\">Verpakte afmetingen: ca. 50 \u00d7 100 \u00d7 15 cm<\/li>\n<\/ul>\n","protected":false},"featured_media":105878,"comment_status":"open","ping_status":"closed","template":"","meta":{"_acf_changed":false,"_uag_custom_page_level_css":"","site-sidebar-layout":"default","site-content-layout":"boxed-container","ast-site-content-layout":"normal-width-container","site-content-style":"boxed","site-sidebar-style":"default","ast-global-header-display":"","ast-banner-title-visibility":"","ast-main-header-display":"","ast-hfb-above-header-display":"","ast-hfb-below-header-display":"","ast-hfb-mobile-header-display":"","site-post-title":"disabled","ast-breadcrumbs-content":"","ast-featured-img":"","footer-sml-layout":"","ast-disable-related-posts":"","theme-transparent-header-meta":"default","adv-header-id-meta":"","stick-header-meta":"default","header-above-stick-meta":"","header-main-stick-meta":"","header-below-stick-meta":"","astra-migrate-meta-layouts":"default","ast-page-background-enabled":"default","ast-page-background-meta":{"desktop":{"background-color":"var(--ast-global-color-4)","background-image":"","background-repeat":"repeat","background-position":"center center","background-size":"auto","background-attachment":"scroll","background-type":"","background-media":"","overlay-type":"","overlay-color":"","overlay-opacity":"","overlay-gradient":""},"tablet":{"background-color":"","background-image":"","background-repeat":"repeat","background-position":"center center","background-size":"auto","background-attachment":"scroll","background-type":"","background-media":"","overlay-type":"","overlay-color":"","overlay-opacity":"","overlay-gradient":""},"mobile":{"background-color":"","background-image":"","background-repeat":"repeat","background-position":"center center","background-size":"auto","background-attachment":"scroll","background-type":"","background-media":"","overlay-type":"","overlay-color":"","overlay-opacity":"","overlay-gradient":""}},"ast-content-background-meta":{"desktop":{"background-color":"var(--ast-global-color-5)","background-image":"","background-repeat":"repeat","background-position":"center center","background-size":"auto","background-attachment":"scroll","background-type":"","background-media":"","overlay-type":"","overlay-color":"","overlay-opacity":"","overlay-gradient":""},"tablet":{"background-color":"var(--ast-global-color-5)","background-image":"","background-repeat":"repeat","background-position":"center center","background-size":"auto","background-attachment":"scroll","background-type":"","background-media":"","overlay-type":"","overlay-color":"","overlay-opacity":"","overlay-gradient":""},"mobile":{"background-color":"var(--ast-global-color-5)","background-image":"","background-repeat":"repeat","background-position":"center center","background-size":"auto","background-attachment":"scroll","background-type":"","background-media":"","overlay-type":"","overlay-color":"","overlay-opacity":"","overlay-gradient":""}}},"product_brand":[],"product_cat":[2055],"product_tag":[],"class_list":{"0":"post-105883","1":"product","2":"type-product","3":"status-publish","4":"has-post-thumbnail","6":"product_cat-accessoires","7":"product_shipping_class-zubehor-nl","8":"desktop-align-center","9":"tablet-align-center","10":"mobile-align-center","11":"ast-product-gallery-layout-horizontal","12":"ast-product-tabs-layout-horizontal","14":"first","15":"instock","16":"taxable","17":"shipping-taxable","18":"purchasable","19":"product-type-simple"},"acf":[],"yoast_head":"<!-- This site is optimized with the Yoast SEO plugin v27.5 - https:\/\/yoast.com\/product\/yoast-seo-wordpress\/ -->\n<title>Geluiddemper \/ blazerafdekking voor springkussen blazers | Dodo Inflatables<\/title>\n<meta name=\"description\" content=\"Geluiddemper \/ blazerafdekking voor springkussen blazers \u2013 conform EN 14960-1:2019, brandwerend en waterbestendig, geluidsreductie. Afmetingen ca. 50 \u00d7 63 \u00d7 54 cm, gewicht ca. 2,4 kg.\" \/>\n<meta name=\"robots\" content=\"index, follow, max-snippet:-1, max-image-preview:large, max-video-preview:-1\" \/>\n<link rel=\"canonical\" href=\"https:\/\/dodo-inflatables.com\/nl\/product\/geluiddemper-blazerafdekking-voor-springkussen-blazers\/\" \/>\n<meta name=\"twitter:label1\" content=\"Geschatte leestijd\" \/>\n\t<meta name=\"twitter:data1\" content=\"1 minuut\" \/>\n<script type=\"application\/ld+json\" class=\"yoast-schema-graph\">{\"@context\":\"https:\\\/\\\/schema.org\",\"@graph\":[{\"@type\":\"WebPage\",\"@id\":\"https:\\\/\\\/dodo-inflatables.com\\\/nl\\\/product\\\/geluiddemper-blazerafdekking-voor-springkussen-blazers\\\/\",\"url\":\"https:\\\/\\\/dodo-inflatables.com\\\/nl\\\/product\\\/geluiddemper-blazerafdekking-voor-springkussen-blazers\\\/\",\"name\":\"Geluiddemper \\\/ blazerafdekking voor springkussen blazers | Dodo Inflatables\",\"isPartOf\":{\"@id\":\"https:\\\/\\\/dodo-inflatables.com\\\/nl\\\/#website\"},\"primaryImageOfPage\":{\"@id\":\"https:\\\/\\\/dodo-inflatables.com\\\/nl\\\/product\\\/geluiddemper-blazerafdekking-voor-springkussen-blazers\\\/#primaryimage\"},\"image\":{\"@id\":\"https:\\\/\\\/dodo-inflatables.com\\\/nl\\\/product\\\/geluiddemper-blazerafdekking-voor-springkussen-blazers\\\/#primaryimage\"},\"thumbnailUrl\":\"https:\\\/\\\/dodo-inflatables.com\\\/wp-content\\\/uploads\\\/2026\\\/04\\\/Huawei-Schalldaemper-Blower-Cover-Huepfburgen-Geblaese-1.jpg\",\"datePublished\":\"2026-04-04T11:54:45+00:00\",\"description\":\"Geluiddemper \\\/ blazerafdekking voor springkussen blazers \u2013 conform EN 14960-1:2019, brandwerend en waterbestendig, geluidsreductie. Afmetingen ca. 50 \u00d7 63 \u00d7 54 cm, gewicht ca. 2,4 kg.\",\"breadcrumb\":{\"@id\":\"https:\\\/\\\/dodo-inflatables.com\\\/nl\\\/product\\\/geluiddemper-blazerafdekking-voor-springkussen-blazers\\\/#breadcrumb\"},\"inLanguage\":\"nl-NL\",\"potentialAction\":[{\"@type\":\"ReadAction\",\"target\":[\"https:\\\/\\\/dodo-inflatables.com\\\/nl\\\/product\\\/geluiddemper-blazerafdekking-voor-springkussen-blazers\\\/\"]}]},{\"@type\":\"ImageObject\",\"inLanguage\":\"nl-NL\",\"@id\":\"https:\\\/\\\/dodo-inflatables.com\\\/nl\\\/product\\\/geluiddemper-blazerafdekking-voor-springkussen-blazers\\\/#primaryimage\",\"url\":\"https:\\\/\\\/dodo-inflatables.com\\\/wp-content\\\/uploads\\\/2026\\\/04\\\/Huawei-Schalldaemper-Blower-Cover-Huepfburgen-Geblaese-1.jpg\",\"contentUrl\":\"https:\\\/\\\/dodo-inflatables.com\\\/wp-content\\\/uploads\\\/2026\\\/04\\\/Huawei-Schalldaemper-Blower-Cover-Huepfburgen-Geblaese-1.jpg\",\"width\":700,\"height\":700,\"caption\":\"Geluiddemper \\\/ blazerafdekking voor springkussen blazers | Dodo Inflatables\"},{\"@type\":\"BreadcrumbList\",\"@id\":\"https:\\\/\\\/dodo-inflatables.com\\\/nl\\\/product\\\/geluiddemper-blazerafdekking-voor-springkussen-blazers\\\/#breadcrumb\",\"itemListElement\":[{\"@type\":\"ListItem\",\"position\":1,\"name\":\"Home\",\"item\":\"https:\\\/\\\/dodo-inflatables.com\\\/nl\\\/\"},{\"@type\":\"ListItem\",\"position\":2,\"name\":\"Winkel op\",\"item\":\"https:\\\/\\\/dodo-inflatables.com\\\/nl\\\/winkel-op\\\/\"},{\"@type\":\"ListItem\",\"position\":3,\"name\":\"Geluiddemper \\\/ blazerafdekking voor springkussen blazers\"}]},{\"@type\":\"WebSite\",\"@id\":\"https:\\\/\\\/dodo-inflatables.com\\\/nl\\\/#website\",\"url\":\"https:\\\/\\\/dodo-inflatables.com\\\/nl\\\/\",\"name\":\"dodo-inflatables.com\",\"description\":\"Koop springkussens en attracties in onze winkel.\",\"potentialAction\":[{\"@type\":\"SearchAction\",\"target\":{\"@type\":\"EntryPoint\",\"urlTemplate\":\"https:\\\/\\\/dodo-inflatables.com\\\/nl\\\/?s={search_term_string}\"},\"query-input\":{\"@type\":\"PropertyValueSpecification\",\"valueRequired\":true,\"valueName\":\"search_term_string\"}}],\"inLanguage\":\"nl-NL\"}]}<\/script>\n<!-- \/ Yoast SEO plugin. -->","yoast_head_json":{"title":"Geluiddemper \/ blazerafdekking voor springkussen blazers | Dodo Inflatables","description":"Geluiddemper \/ blazerafdekking voor springkussen blazers \u2013 conform EN 14960-1:2019, brandwerend en waterbestendig, geluidsreductie. Afmetingen ca. 50 \u00d7 63 \u00d7 54 cm, gewicht ca. 2,4 kg.","robots":{"index":"index","follow":"follow","max-snippet":"max-snippet:-1","max-image-preview":"max-image-preview:large","max-video-preview":"max-video-preview:-1"},"canonical":"https:\/\/dodo-inflatables.com\/nl\/product\/geluiddemper-blazerafdekking-voor-springkussen-blazers\/","twitter_misc":{"Geschatte leestijd":"1 minuut"},"schema":{"@context":"https:\/\/schema.org","@graph":[{"@type":"WebPage","@id":"https:\/\/dodo-inflatables.com\/nl\/product\/geluiddemper-blazerafdekking-voor-springkussen-blazers\/","url":"https:\/\/dodo-inflatables.com\/nl\/product\/geluiddemper-blazerafdekking-voor-springkussen-blazers\/","name":"Geluiddemper \/ blazerafdekking voor springkussen blazers | Dodo Inflatables","isPartOf":{"@id":"https:\/\/dodo-inflatables.com\/nl\/#website"},"primaryImageOfPage":{"@id":"https:\/\/dodo-inflatables.com\/nl\/product\/geluiddemper-blazerafdekking-voor-springkussen-blazers\/#primaryimage"},"image":{"@id":"https:\/\/dodo-inflatables.com\/nl\/product\/geluiddemper-blazerafdekking-voor-springkussen-blazers\/#primaryimage"},"thumbnailUrl":"https:\/\/dodo-inflatables.com\/wp-content\/uploads\/2026\/04\/Huawei-Schalldaemper-Blower-Cover-Huepfburgen-Geblaese-1.jpg","datePublished":"2026-04-04T11:54:45+00:00","description":"Geluiddemper \/ blazerafdekking voor springkussen blazers \u2013 conform EN 14960-1:2019, brandwerend en waterbestendig, geluidsreductie. Afmetingen ca. 50 \u00d7 63 \u00d7 54 cm, gewicht ca. 2,4 kg.","breadcrumb":{"@id":"https:\/\/dodo-inflatables.com\/nl\/product\/geluiddemper-blazerafdekking-voor-springkussen-blazers\/#breadcrumb"},"inLanguage":"nl-NL","potentialAction":[{"@type":"ReadAction","target":["https:\/\/dodo-inflatables.com\/nl\/product\/geluiddemper-blazerafdekking-voor-springkussen-blazers\/"]}]},{"@type":"ImageObject","inLanguage":"nl-NL","@id":"https:\/\/dodo-inflatables.com\/nl\/product\/geluiddemper-blazerafdekking-voor-springkussen-blazers\/#primaryimage","url":"https:\/\/dodo-inflatables.com\/wp-content\/uploads\/2026\/04\/Huawei-Schalldaemper-Blower-Cover-Huepfburgen-Geblaese-1.jpg","contentUrl":"https:\/\/dodo-inflatables.com\/wp-content\/uploads\/2026\/04\/Huawei-Schalldaemper-Blower-Cover-Huepfburgen-Geblaese-1.jpg","width":700,"height":700,"caption":"Geluiddemper \/ blazerafdekking voor springkussen blazers | Dodo Inflatables"},{"@type":"BreadcrumbList","@id":"https:\/\/dodo-inflatables.com\/nl\/product\/geluiddemper-blazerafdekking-voor-springkussen-blazers\/#breadcrumb","itemListElement":[{"@type":"ListItem","position":1,"name":"Home","item":"https:\/\/dodo-inflatables.com\/nl\/"},{"@type":"ListItem","position":2,"name":"Winkel op","item":"https:\/\/dodo-inflatables.com\/nl\/winkel-op\/"},{"@type":"ListItem","position":3,"name":"Geluiddemper \/ blazerafdekking voor springkussen blazers"}]},{"@type":"WebSite","@id":"https:\/\/dodo-inflatables.com\/nl\/#website","url":"https:\/\/dodo-inflatables.com\/nl\/","name":"dodo-inflatables.com","description":"Koop springkussens en attracties in onze winkel.","potentialAction":[{"@type":"SearchAction","target":{"@type":"EntryPoint","urlTemplate":"https:\/\/dodo-inflatables.com\/nl\/?s={search_term_string}"},"query-input":{"@type":"PropertyValueSpecification","valueRequired":true,"valueName":"search_term_string"}}],"inLanguage":"nl-NL"}]}},"uagb_featured_image_src":{"full":["https:\/\/dodo-inflatables.com\/wp-content\/uploads\/2026\/04\/Huawei-Schalldaemper-Blower-Cover-Huepfburgen-Geblaese-1.jpg",700,700,false],"thumbnail":["https:\/\/dodo-inflatables.com\/wp-content\/uploads\/2026\/04\/Huawei-Schalldaemper-Blower-Cover-Huepfburgen-Geblaese-1-150x150.jpg",150,150,true],"medium":["https:\/\/dodo-inflatables.com\/wp-content\/uploads\/2026\/04\/Huawei-Schalldaemper-Blower-Cover-Huepfburgen-Geblaese-1-300x300.jpg",300,300,true],"medium_large":["https:\/\/dodo-inflatables.com\/wp-content\/uploads\/2026\/04\/Huawei-Schalldaemper-Blower-Cover-Huepfburgen-Geblaese-1.jpg",700,700,false],"large":["https:\/\/dodo-inflatables.com\/wp-content\/uploads\/2026\/04\/Huawei-Schalldaemper-Blower-Cover-Huepfburgen-Geblaese-1.jpg",700,700,false],"1536x1536":["https:\/\/dodo-inflatables.com\/wp-content\/uploads\/2026\/04\/Huawei-Schalldaemper-Blower-Cover-Huepfburgen-Geblaese-1.jpg",700,700,false],"2048x2048":["https:\/\/dodo-inflatables.com\/wp-content\/uploads\/2026\/04\/Huawei-Schalldaemper-Blower-Cover-Huepfburgen-Geblaese-1.jpg",700,700,false],"woocommerce_thumbnail":["https:\/\/dodo-inflatables.com\/wp-content\/uploads\/2026\/04\/Huawei-Schalldaemper-Blower-Cover-Huepfburgen-Geblaese-1.jpg",700,700,false],"woocommerce_single":["https:\/\/dodo-inflatables.com\/wp-content\/uploads\/2026\/04\/Huawei-Schalldaemper-Blower-Cover-Huepfburgen-Geblaese-1.jpg",700,700,false],"woocommerce_gallery_thumbnail":["https:\/\/dodo-inflatables.com\/wp-content\/uploads\/2026\/04\/Huawei-Schalldaemper-Blower-Cover-Huepfburgen-Geblaese-1-100x100.jpg",100,100,true]},"uagb_author_info":{"display_name":"Andreas","author_link":"https:\/\/dodo-inflatables.com\/nl\/author\/"},"uagb_comment_info":0,"uagb_excerpt":"Afmetingen (L \u00d7 B \u00d7 H): ca. 50 \u00d7 63 \u00d7 54 cm Gewicht: ca. 2,4 kg Verpakte afmetingen: ca. 50 \u00d7 100 \u00d7 15 cm","_links":{"self":[{"href":"https:\/\/dodo-inflatables.com\/nl\/wp-json\/wp\/v2\/product\/105883","targetHints":{"allow":["GET"]}}],"collection":[{"href":"https:\/\/dodo-inflatables.com\/nl\/wp-json\/wp\/v2\/product"}],"about":[{"href":"https:\/\/dodo-inflatables.com\/nl\/wp-json\/wp\/v2\/types\/product"}],"replies":[{"embeddable":true,"href":"https:\/\/dodo-inflatables.com\/nl\/wp-json\/wp\/v2\/comments?post=105883"}],"wp:featuredmedia":[{"embeddable":true,"href":"https:\/\/dodo-inflatables.com\/nl\/wp-json\/wp\/v2\/media\/105878"}],"wp:attachment":[{"href":"https:\/\/dodo-inflatables.com\/nl\/wp-json\/wp\/v2\/media?parent=105883"}],"wp:term":[{"taxonomy":"product_brand","embeddable":true,"href":"https:\/\/dodo-inflatables.com\/nl\/wp-json\/wp\/v2\/product_brand?post=105883"},{"taxonomy":"product_cat","embeddable":true,"href":"https:\/\/dodo-inflatables.com\/nl\/wp-json\/wp\/v2\/product_cat?post=105883"},{"taxonomy":"product_tag","embeddable":true,"href":"https:\/\/dodo-inflatables.com\/nl\/wp-json\/wp\/v2\/product_tag?post=105883"}],"curies":[{"name":"wp","href":"https:\/\/api.w.org\/{rel}","templated":true}]}}