{"id":16650,"date":"2024-03-04T17:43:45","date_gmt":"2024-03-04T16:43:45","guid":{"rendered":"https:\/\/dodo-inflatables.com\/kjope-gonfibler-og-gonfibler-i-svizzera\/"},"modified":"2024-07-17T14:55:35","modified_gmt":"2024-07-17T12:55:35","slug":"kjope-gonfibler-og-gonfibler-i-svizzera","status":"publish","type":"page","link":"https:\/\/dodo-inflatables.com\/no\/kjope-gonfibler-og-gonfibler-i-svizzera\/","title":{"rendered":"Kj\u00f8pe gonfibler og gonfibler i Svizzera"},"content":{"rendered":"\n<h2 class=\"wp-block-heading has-text-align-center\"><strong>Kj\u00f8pe gonfibler og gonfibler i Svizzera<\/strong><\/h2>\n\n<figure class=\"wp-block-image aligncenter size-large\"><a href=\"https:\/\/dodo-inflatables.com\/wp-content\/uploads\/2022\/01\/seperator-kleiner.png\"><img loading=\"lazy\" decoding=\"async\" width=\"1024\" height=\"102\" src=\"https:\/\/dodo-inflatables.com\/wp-content\/uploads\/2022\/01\/seperator-kleiner-1024x102.png\" alt=\"\" class=\"wp-image-4026\" srcset=\"https:\/\/dodo-inflatables.com\/wp-content\/uploads\/2022\/01\/seperator-kleiner-1024x102.png 1024w, https:\/\/dodo-inflatables.com\/wp-content\/uploads\/2022\/01\/seperator-kleiner-900x90.png 900w, https:\/\/dodo-inflatables.com\/wp-content\/uploads\/2022\/01\/seperator-kleiner-300x30.png 300w, https:\/\/dodo-inflatables.com\/wp-content\/uploads\/2022\/01\/seperator-kleiner-768x77.png 768w, https:\/\/dodo-inflatables.com\/wp-content\/uploads\/2022\/01\/seperator-kleiner-1536x154.png 1536w, https:\/\/dodo-inflatables.com\/wp-content\/uploads\/2022\/01\/seperator-kleiner-340x34.png 340w, https:\/\/dodo-inflatables.com\/wp-content\/uploads\/2022\/01\/seperator-kleiner.png 2000w\" sizes=\"auto, (max-width: 1024px) 100vw, 1024px\" \/><\/a><\/figure>\n\n<h3 class=\"wp-block-heading has-text-align-center\">Velkommen til Dodo-Inflatables.com, v\u00e5rt nettbutikk for gonfiabiler i Europa!<\/h3>\n\n<p style=\"font-size:17px\">Fordyp deg i v\u00e5rt store utvalg av <a href=\"https:\/\/dodo-inflatables.com\/product-category\/bouncy-castles\/\">gonfiabili<\/a> av h\u00f8y kvalitet, <a href=\"https:\/\/dodo-inflatables.com\/product-category\/bouncy-castles\/\">gonfiabili castelli<\/a> og <a href=\"https:\/\/dodo-inflatables.com\/product-category\/slides\/\">scivoli<\/a> som gir deg det lille ekstra til enhver anledning. Enten det er snakk om et stort, gonfiabelt slott for et stort arrangement, et lite, gonfiabelt slott for en fest for barn eller et gonfiabelt slott med scivolo for en fest, her finner du sikkert noe som passer deg!<\/p>\n\n<p style=\"font-size:17px\">V\u00e5rt sortiment omfatter ikke bare et utvalg av gonflettkastere, men ogs\u00e5 et stort utvalg av <a href=\"https:\/\/dodo-inflatables.com\/product-category\/accessories\/\">tilbeh\u00f8r, blant annet<\/a> <a href=\"https:\/\/dodo-inflatables.com\/no\/produkt\/gibbons-blaser-fp5005-15-hk\/\" data-type=\"product\" data-id=\"81\">Gibbons<\/a> og soffiatori <a href=\"https:\/\/dodo-inflatables.com\/no\/produkt\/huawei-blaser-reh-1-5e-15ps\/\" data-type=\"product\" data-id=\"2724\">Huawei<\/a> for gonflettkastere.<\/p>\n\n<p style=\"font-size:17px\">La spedizione di un castello gonfiabile e dei relativi accessori in <strong>Svizzera costa 464,00 euro<\/strong>. Hvis gonfiabilen er tilgjengelig i magasinet, f\u00e5r du den tilsendt umiddelbart etter at du har mottatt betalingen. Det tar ca. <strong>4-6 dager<\/strong> \u00e5 f\u00e5 den tilsendt i Sveits. Det er mulig \u00e5 f\u00e5 personlig kontakt med v\u00e5rt magasin i Monaco, i Tyskland.<\/p>\n\n<p style=\"font-size:17px\">Alle v\u00e5re gonfler er i samsvar med de strenge sikkerhetsstandardene i <strong>DIN EN 14960<\/strong> og er egnet for privat og kommersiell bruk. N\u00e5r du har bestilt den, f\u00e5r du en detaljert veiledning og et tilh\u00f8rende sertifikat for din nye gonfiabile.<\/p>\n\n<p style=\"font-size:17px\">Som kunde i et land som ikke er medlem av EU, kan du kj\u00f8pe fra oss uten IVA. I prezzi indicati nel negozio online includono inizialmente l&#8217;IVA tedesca (19%), che verr\u00e0 poi detratta. Quando spedite in Svizzera, siete considerati &laquo;importatori&raquo;. Pertanto, vi verranno addebitati l&#8217;imposta sulle vendite e il dazio all&#8217;importazione svizzeri. V\u00e5re transportkostnader i Sveits inkluderer transportkostnader, transportkostnader og forberedelser til ABD.<\/p>\n\n<p style=\"font-size:17px\">Enten du er en privatperson som er p\u00e5 utkikk etter et gonfibelt slott til din neste familiefest eller et kommersielt selskap som \u00f8nsker \u00e5 utvide sitt eget utvalg, er v\u00e5re gonfibielle slott tilpasset alle. Infatti, la maggior parte dei nostri clienti in tutta Europa sono societ\u00e0 di noleggio di castelli gonfiabili che apprezzano i nostri prodotti per eventi di tutte le dimensioni.<\/p>\n\n<p style=\"font-size:17px\">Vi \u00f8nsker deg en hyggelig navigering i v\u00e5rt nettbutikk og vil gjerne svare p\u00e5 alle dine sp\u00f8rsm\u00e5l p\u00e5 contact@dodo-inflatables.com!<\/p>\n\n<div style=\"height:100px\" aria-hidden=\"true\" class=\"wp-block-spacer\"><\/div>\n","protected":false},"excerpt":{"rendered":"<p>Kj\u00f8pe gonfibler og gonfibler i Svizzera Velkommen til Dodo-Inflatables.com, v\u00e5rt nettbutikk for gonfiabiler i Europa! Fordyp deg i v\u00e5rt store utvalg av gonfiabili av h\u00f8y kvalitet, gonfiabili castelli og scivoli som gir deg det lille ekstra til enhver anledning. Enten det er snakk om et stort, gonfiabelt slott for et stort arrangement, et lite, gonfiabelt [&hellip;]<\/p>\n","protected":false},"author":1,"featured_media":0,"parent":0,"menu_order":0,"comment_status":"closed","ping_status":"closed","template":"","meta":{"_acf_changed":false,"_uag_custom_page_level_css":"","site-sidebar-layout":"default","site-content-layout":"","ast-site-content-layout":"normal-width-container","site-content-style":"boxed","site-sidebar-style":"default","ast-global-header-display":"","ast-banner-title-visibility":"","ast-main-header-display":"","ast-hfb-above-header-display":"","ast-hfb-below-header-display":"","ast-hfb-mobile-header-display":"","site-post-title":"","ast-breadcrumbs-content":"","ast-featured-img":"","footer-sml-layout":"","ast-disable-related-posts":"","theme-transparent-header-meta":"","adv-header-id-meta":"4069","stick-header-meta":"","header-above-stick-meta":"","header-main-stick-meta":"","header-below-stick-meta":"","astra-migrate-meta-layouts":"default","ast-page-background-enabled":"default","ast-page-background-meta":{"desktop":{"background-color":"var(--ast-global-color-4)","background-image":"","background-repeat":"repeat","background-position":"center center","background-size":"auto","background-attachment":"scroll","background-type":"","background-media":"","overlay-type":"","overlay-color":"","overlay-opacity":"","overlay-gradient":""},"tablet":{"background-color":"","background-image":"","background-repeat":"repeat","background-position":"center center","background-size":"auto","background-attachment":"scroll","background-type":"","background-media":"","overlay-type":"","overlay-color":"","overlay-opacity":"","overlay-gradient":""},"mobile":{"background-color":"","background-image":"","background-repeat":"repeat","background-position":"center center","background-size":"auto","background-attachment":"scroll","background-type":"","background-media":"","overlay-type":"","overlay-color":"","overlay-opacity":"","overlay-gradient":""}},"ast-content-background-meta":{"desktop":{"background-color":"var(--ast-global-color-5)","background-image":"","background-repeat":"repeat","background-position":"center center","background-size":"auto","background-attachment":"scroll","background-type":"","background-media":"","overlay-type":"","overlay-color":"","overlay-opacity":"","overlay-gradient":""},"tablet":{"background-color":"var(--ast-global-color-5)","background-image":"","background-repeat":"repeat","background-position":"center center","background-size":"auto","background-attachment":"scroll","background-type":"","background-media":"","overlay-type":"","overlay-color":"","overlay-opacity":"","overlay-gradient":""},"mobile":{"background-color":"var(--ast-global-color-5)","background-image":"","background-repeat":"repeat","background-position":"center center","background-size":"auto","background-attachment":"scroll","background-type":"","background-media":"","overlay-type":"","overlay-color":"","overlay-opacity":"","overlay-gradient":""}},"footnotes":""},"class_list":["post-16650","page","type-page","status-publish","hentry"],"acf":[],"yoast_head":"<!-- This site is optimized with the Yoast SEO plugin v27.4 - https:\/\/yoast.com\/product\/yoast-seo-wordpress\/ -->\n<title>Kj\u00f8pe gonfibler og gonfibler i Svizzera - dodo-inflatables.com<\/title>\n<meta name=\"robots\" content=\"index, follow, max-snippet:-1, max-image-preview:large, max-video-preview:-1\" \/>\n<link rel=\"canonical\" href=\"https:\/\/dodo-inflatables.com\/no\/kjope-gonfibler-og-gonfibler-i-svizzera\/\" \/>\n<meta name=\"twitter:label1\" content=\"Ansl. lesetid\" \/>\n\t<meta name=\"twitter:data1\" content=\"2 minutter\" \/>\n<script type=\"application\/ld+json\" class=\"yoast-schema-graph\">{\"@context\":\"https:\\\/\\\/schema.org\",\"@graph\":[{\"@type\":\"WebPage\",\"@id\":\"https:\\\/\\\/dodo-inflatables.com\\\/no\\\/kjope-gonfibler-og-gonfibler-i-svizzera\\\/\",\"url\":\"https:\\\/\\\/dodo-inflatables.com\\\/no\\\/kjope-gonfibler-og-gonfibler-i-svizzera\\\/\",\"name\":\"Kj\u00f8pe gonfibler og gonfibler i Svizzera - dodo-inflatables.com\",\"isPartOf\":{\"@id\":\"https:\\\/\\\/dodo-inflatables.com\\\/no\\\/#website\"},\"primaryImageOfPage\":{\"@id\":\"https:\\\/\\\/dodo-inflatables.com\\\/no\\\/kjope-gonfibler-og-gonfibler-i-svizzera\\\/#primaryimage\"},\"image\":{\"@id\":\"https:\\\/\\\/dodo-inflatables.com\\\/no\\\/kjope-gonfibler-og-gonfibler-i-svizzera\\\/#primaryimage\"},\"thumbnailUrl\":\"https:\\\/\\\/dodo-inflatables.com\\\/wp-content\\\/uploads\\\/2022\\\/01\\\/seperator-kleiner-1024x102.png\",\"datePublished\":\"2024-03-04T16:43:45+00:00\",\"dateModified\":\"2024-07-17T12:55:35+00:00\",\"breadcrumb\":{\"@id\":\"https:\\\/\\\/dodo-inflatables.com\\\/no\\\/kjope-gonfibler-og-gonfibler-i-svizzera\\\/#breadcrumb\"},\"inLanguage\":\"nb-NO\",\"potentialAction\":[{\"@type\":\"ReadAction\",\"target\":[\"https:\\\/\\\/dodo-inflatables.com\\\/no\\\/kjope-gonfibler-og-gonfibler-i-svizzera\\\/\"]}]},{\"@type\":\"ImageObject\",\"inLanguage\":\"nb-NO\",\"@id\":\"https:\\\/\\\/dodo-inflatables.com\\\/no\\\/kjope-gonfibler-og-gonfibler-i-svizzera\\\/#primaryimage\",\"url\":\"https:\\\/\\\/dodo-inflatables.com\\\/wp-content\\\/uploads\\\/2022\\\/01\\\/seperator-kleiner-1024x102.png\",\"contentUrl\":\"https:\\\/\\\/dodo-inflatables.com\\\/wp-content\\\/uploads\\\/2022\\\/01\\\/seperator-kleiner-1024x102.png\"},{\"@type\":\"BreadcrumbList\",\"@id\":\"https:\\\/\\\/dodo-inflatables.com\\\/no\\\/kjope-gonfibler-og-gonfibler-i-svizzera\\\/#breadcrumb\",\"itemListElement\":[{\"@type\":\"ListItem\",\"position\":1,\"name\":\"Hjem\",\"item\":\"https:\\\/\\\/dodo-inflatables.com\\\/no\\\/\"},{\"@type\":\"ListItem\",\"position\":2,\"name\":\"Kj\u00f8pe gonfibler og gonfibler i Svizzera\"}]},{\"@type\":\"WebSite\",\"@id\":\"https:\\\/\\\/dodo-inflatables.com\\\/no\\\/#website\",\"url\":\"https:\\\/\\\/dodo-inflatables.com\\\/no\\\/\",\"name\":\"dodo-inflatables.com\",\"description\":\"Kj\u00f8p hoppeslott og attraksjoner i butikken v\u00e5r.\",\"publisher\":{\"@id\":\"https:\\\/\\\/dodo-inflatables.com\\\/no\\\/#organization\"},\"potentialAction\":[{\"@type\":\"SearchAction\",\"target\":{\"@type\":\"EntryPoint\",\"urlTemplate\":\"https:\\\/\\\/dodo-inflatables.com\\\/no\\\/?s={search_term_string}\"},\"query-input\":{\"@type\":\"PropertyValueSpecification\",\"valueRequired\":true,\"valueName\":\"search_term_string\"}}],\"inLanguage\":\"nb-NO\"},{\"@type\":\"Organization\",\"@id\":\"https:\\\/\\\/dodo-inflatables.com\\\/no\\\/#organization\",\"name\":\"dodo-inflatables.com\",\"url\":\"https:\\\/\\\/dodo-inflatables.com\\\/no\\\/\",\"logo\":{\"@type\":\"ImageObject\",\"inLanguage\":\"nb-NO\",\"@id\":\"https:\\\/\\\/dodo-inflatables.com\\\/no\\\/#\\\/schema\\\/logo\\\/image\\\/\",\"url\":\"https:\\\/\\\/dodo-inflatables.com\\\/wp-content\\\/uploads\\\/2023\\\/04\\\/cropped-cropped-cropped-Dodo-Logo-scaled.png\",\"contentUrl\":\"https:\\\/\\\/dodo-inflatables.com\\\/wp-content\\\/uploads\\\/2023\\\/04\\\/cropped-cropped-cropped-Dodo-Logo-scaled.png\",\"width\":2560,\"height\":1320,\"caption\":\"dodo-inflatables.com\"},\"image\":{\"@id\":\"https:\\\/\\\/dodo-inflatables.com\\\/no\\\/#\\\/schema\\\/logo\\\/image\\\/\"}}]}<\/script>\n<!-- \/ Yoast SEO plugin. -->","yoast_head_json":{"title":"Kj\u00f8pe gonfibler og gonfibler i Svizzera - dodo-inflatables.com","robots":{"index":"index","follow":"follow","max-snippet":"max-snippet:-1","max-image-preview":"max-image-preview:large","max-video-preview":"max-video-preview:-1"},"canonical":"https:\/\/dodo-inflatables.com\/no\/kjope-gonfibler-og-gonfibler-i-svizzera\/","twitter_misc":{"Ansl. lesetid":"2 minutter"},"schema":{"@context":"https:\/\/schema.org","@graph":[{"@type":"WebPage","@id":"https:\/\/dodo-inflatables.com\/no\/kjope-gonfibler-og-gonfibler-i-svizzera\/","url":"https:\/\/dodo-inflatables.com\/no\/kjope-gonfibler-og-gonfibler-i-svizzera\/","name":"Kj\u00f8pe gonfibler og gonfibler i Svizzera - dodo-inflatables.com","isPartOf":{"@id":"https:\/\/dodo-inflatables.com\/no\/#website"},"primaryImageOfPage":{"@id":"https:\/\/dodo-inflatables.com\/no\/kjope-gonfibler-og-gonfibler-i-svizzera\/#primaryimage"},"image":{"@id":"https:\/\/dodo-inflatables.com\/no\/kjope-gonfibler-og-gonfibler-i-svizzera\/#primaryimage"},"thumbnailUrl":"https:\/\/dodo-inflatables.com\/wp-content\/uploads\/2022\/01\/seperator-kleiner-1024x102.png","datePublished":"2024-03-04T16:43:45+00:00","dateModified":"2024-07-17T12:55:35+00:00","breadcrumb":{"@id":"https:\/\/dodo-inflatables.com\/no\/kjope-gonfibler-og-gonfibler-i-svizzera\/#breadcrumb"},"inLanguage":"nb-NO","potentialAction":[{"@type":"ReadAction","target":["https:\/\/dodo-inflatables.com\/no\/kjope-gonfibler-og-gonfibler-i-svizzera\/"]}]},{"@type":"ImageObject","inLanguage":"nb-NO","@id":"https:\/\/dodo-inflatables.com\/no\/kjope-gonfibler-og-gonfibler-i-svizzera\/#primaryimage","url":"https:\/\/dodo-inflatables.com\/wp-content\/uploads\/2022\/01\/seperator-kleiner-1024x102.png","contentUrl":"https:\/\/dodo-inflatables.com\/wp-content\/uploads\/2022\/01\/seperator-kleiner-1024x102.png"},{"@type":"BreadcrumbList","@id":"https:\/\/dodo-inflatables.com\/no\/kjope-gonfibler-og-gonfibler-i-svizzera\/#breadcrumb","itemListElement":[{"@type":"ListItem","position":1,"name":"Hjem","item":"https:\/\/dodo-inflatables.com\/no\/"},{"@type":"ListItem","position":2,"name":"Kj\u00f8pe gonfibler og gonfibler i Svizzera"}]},{"@type":"WebSite","@id":"https:\/\/dodo-inflatables.com\/no\/#website","url":"https:\/\/dodo-inflatables.com\/no\/","name":"dodo-inflatables.com","description":"Kj\u00f8p hoppeslott og attraksjoner i butikken v\u00e5r.","publisher":{"@id":"https:\/\/dodo-inflatables.com\/no\/#organization"},"potentialAction":[{"@type":"SearchAction","target":{"@type":"EntryPoint","urlTemplate":"https:\/\/dodo-inflatables.com\/no\/?s={search_term_string}"},"query-input":{"@type":"PropertyValueSpecification","valueRequired":true,"valueName":"search_term_string"}}],"inLanguage":"nb-NO"},{"@type":"Organization","@id":"https:\/\/dodo-inflatables.com\/no\/#organization","name":"dodo-inflatables.com","url":"https:\/\/dodo-inflatables.com\/no\/","logo":{"@type":"ImageObject","inLanguage":"nb-NO","@id":"https:\/\/dodo-inflatables.com\/no\/#\/schema\/logo\/image\/","url":"https:\/\/dodo-inflatables.com\/wp-content\/uploads\/2023\/04\/cropped-cropped-cropped-Dodo-Logo-scaled.png","contentUrl":"https:\/\/dodo-inflatables.com\/wp-content\/uploads\/2023\/04\/cropped-cropped-cropped-Dodo-Logo-scaled.png","width":2560,"height":1320,"caption":"dodo-inflatables.com"},"image":{"@id":"https:\/\/dodo-inflatables.com\/no\/#\/schema\/logo\/image\/"}}]}},"uagb_featured_image_src":{"full":false,"thumbnail":false,"medium":false,"medium_large":false,"large":false,"1536x1536":false,"2048x2048":false,"woocommerce_thumbnail":false,"woocommerce_single":false,"woocommerce_gallery_thumbnail":false},"uagb_author_info":{"display_name":"Andreas","author_link":"https:\/\/dodo-inflatables.com\/no\/author\/andreas\/"},"uagb_comment_info":0,"uagb_excerpt":"Kj\u00f8pe gonfibler og gonfibler i Svizzera Velkommen til Dodo-Inflatables.com, v\u00e5rt nettbutikk for gonfiabiler i Europa! Fordyp deg i v\u00e5rt store utvalg av gonfiabili av h\u00f8y kvalitet, gonfiabili castelli og scivoli som gir deg det lille ekstra til enhver anledning. Enten det er snakk om et stort, gonfiabelt slott for et stort arrangement, et lite, gonfiabelt&hellip;","_links":{"self":[{"href":"https:\/\/dodo-inflatables.com\/no\/wp-json\/wp\/v2\/pages\/16650","targetHints":{"allow":["GET"]}}],"collection":[{"href":"https:\/\/dodo-inflatables.com\/no\/wp-json\/wp\/v2\/pages"}],"about":[{"href":"https:\/\/dodo-inflatables.com\/no\/wp-json\/wp\/v2\/types\/page"}],"author":[{"embeddable":true,"href":"https:\/\/dodo-inflatables.com\/no\/wp-json\/wp\/v2\/users\/1"}],"replies":[{"embeddable":true,"href":"https:\/\/dodo-inflatables.com\/no\/wp-json\/wp\/v2\/comments?post=16650"}],"version-history":[{"count":2,"href":"https:\/\/dodo-inflatables.com\/no\/wp-json\/wp\/v2\/pages\/16650\/revisions"}],"predecessor-version":[{"id":16652,"href":"https:\/\/dodo-inflatables.com\/no\/wp-json\/wp\/v2\/pages\/16650\/revisions\/16652"}],"wp:attachment":[{"href":"https:\/\/dodo-inflatables.com\/no\/wp-json\/wp\/v2\/media?parent=16650"}],"curies":[{"name":"wp","href":"https:\/\/api.w.org\/{rel}","templated":true}]}}