{"id":16876,"date":"2020-04-22T12:15:24","date_gmt":"2020-04-22T10:15:24","guid":{"rendered":"https:\/\/dodo-inflatables.com\/piegade-uz-latviju\/"},"modified":"2024-07-17T14:56:38","modified_gmt":"2024-07-17T12:56:38","slug":"piegade-uz-latviju","status":"publish","type":"page","link":"https:\/\/dodo-inflatables.com\/no\/piegade-uz-latviju\/","title":{"rendered":"Pieg\u0101de uz Latviju"},"content":{"rendered":"\n<h2 class=\"wp-block-heading\" id=\"piegade-uz-latviju\">Pieg\u0101de uz Latviju<\/h2>\n\n<p>M\u0113s ar prieku pieg\u0101d\u0101jam v\u0113lamo pomp\u012bgo pili Latvijai.<\/p>\n\n<p>K\u0101 priv\u0101tpersonai no jums tiks iekas\u0113ts PVN no V\u0101cijas. Pas\u016bt\u012bjumu var regul\u0101ri veikt tie\u0161saistes veikal\u0101.<\/p>\n\n<p>Pas\u016btiet k\u0101 uz\u0146\u0113mumu un vai jums ir der\u012bgs tirdzniec\u012bbas nodok\u013ca numurs (PVN)? Tad m\u0113s varam jums preces p\u0101rdot bez nodok\u013ciem. L\u016bdzu, pas\u016btiet mums pa e-pastu.<\/p>\n","protected":false},"excerpt":{"rendered":"<p>Pieg\u0101de uz Latviju M\u0113s ar prieku pieg\u0101d\u0101jam v\u0113lamo pomp\u012bgo pili Latvijai. K\u0101 priv\u0101tpersonai no jums tiks iekas\u0113ts PVN no V\u0101cijas. Pas\u016bt\u012bjumu var regul\u0101ri veikt tie\u0161saistes veikal\u0101. Pas\u016btiet k\u0101 uz\u0146\u0113mumu un vai jums ir der\u012bgs tirdzniec\u012bbas nodok\u013ca numurs (PVN)? Tad m\u0113s varam jums preces p\u0101rdot bez nodok\u013ciem. L\u016bdzu, pas\u016btiet mums pa e-pastu.<\/p>\n","protected":false},"author":1,"featured_media":0,"parent":0,"menu_order":0,"comment_status":"closed","ping_status":"closed","template":"","meta":{"_acf_changed":false,"_uag_custom_page_level_css":"","site-sidebar-layout":"default","site-content-layout":"content-boxed-container","ast-site-content-layout":"default","site-content-style":"default","site-sidebar-style":"default","ast-global-header-display":"","ast-banner-title-visibility":"","ast-main-header-display":"","ast-hfb-above-header-display":"","ast-hfb-below-header-display":"","ast-hfb-mobile-header-display":"","site-post-title":"disabled","ast-breadcrumbs-content":"disabled","ast-featured-img":"disabled","footer-sml-layout":"","ast-disable-related-posts":"","theme-transparent-header-meta":"","adv-header-id-meta":"4069","stick-header-meta":"","header-above-stick-meta":"","header-main-stick-meta":"","header-below-stick-meta":"","astra-migrate-meta-layouts":"default","ast-page-background-enabled":"default","ast-page-background-meta":{"desktop":{"background-color":"var(--ast-global-color-4)","background-image":"","background-repeat":"repeat","background-position":"center center","background-size":"auto","background-attachment":"scroll","background-type":"","background-media":"","overlay-type":"","overlay-color":"","overlay-opacity":"","overlay-gradient":""},"tablet":{"background-color":"","background-image":"","background-repeat":"repeat","background-position":"center center","background-size":"auto","background-attachment":"scroll","background-type":"","background-media":"","overlay-type":"","overlay-color":"","overlay-opacity":"","overlay-gradient":""},"mobile":{"background-color":"","background-image":"","background-repeat":"repeat","background-position":"center center","background-size":"auto","background-attachment":"scroll","background-type":"","background-media":"","overlay-type":"","overlay-color":"","overlay-opacity":"","overlay-gradient":""}},"ast-content-background-meta":{"desktop":{"background-color":"var(--ast-global-color-5)","background-image":"","background-repeat":"repeat","background-position":"center center","background-size":"auto","background-attachment":"scroll","background-type":"","background-media":"","overlay-type":"","overlay-color":"","overlay-opacity":"","overlay-gradient":""},"tablet":{"background-color":"var(--ast-global-color-5)","background-image":"","background-repeat":"repeat","background-position":"center center","background-size":"auto","background-attachment":"scroll","background-type":"","background-media":"","overlay-type":"","overlay-color":"","overlay-opacity":"","overlay-gradient":""},"mobile":{"background-color":"var(--ast-global-color-5)","background-image":"","background-repeat":"repeat","background-position":"center center","background-size":"auto","background-attachment":"scroll","background-type":"","background-media":"","overlay-type":"","overlay-color":"","overlay-opacity":"","overlay-gradient":""}},"footnotes":""},"class_list":["post-16876","page","type-page","status-publish","hentry"],"acf":[],"yoast_head":"<!-- This site is optimized with the Yoast SEO plugin v27.4 - https:\/\/yoast.com\/product\/yoast-seo-wordpress\/ -->\n<title>P\u0113rciet piepe\u0161i pili | Pieg\u0101de uz Latviju<\/title>\n<meta name=\"description\" content=\"Pie mums j\u016bs atrad\u012bsit lielu augstas kvalit\u0101tes piep\u016b\u0161amo materi\u0101lu kl\u0101stu lielisk\u0101 dizain\u0101! \u2713 Pieg\u0101de iesp\u0113jama vis\u0101 Eirop\u0101! \u2713 \u0100tra pieg\u0101de!\" \/>\n<meta name=\"robots\" content=\"index, follow, max-snippet:-1, max-image-preview:large, max-video-preview:-1\" \/>\n<link rel=\"canonical\" href=\"https:\/\/dodo-inflatables.com\/no\/piegade-uz-latviju\/\" \/>\n<script type=\"application\/ld+json\" class=\"yoast-schema-graph\">{\"@context\":\"https:\\\/\\\/schema.org\",\"@graph\":[{\"@type\":\"WebPage\",\"@id\":\"https:\\\/\\\/dodo-inflatables.com\\\/no\\\/piegade-uz-latviju\\\/\",\"url\":\"https:\\\/\\\/dodo-inflatables.com\\\/no\\\/piegade-uz-latviju\\\/\",\"name\":\"P\u0113rciet piepe\u0161i pili | Pieg\u0101de uz Latviju\",\"isPartOf\":{\"@id\":\"https:\\\/\\\/dodo-inflatables.com\\\/no\\\/#website\"},\"datePublished\":\"2020-04-22T10:15:24+00:00\",\"dateModified\":\"2024-07-17T12:56:38+00:00\",\"description\":\"Pie mums j\u016bs atrad\u012bsit lielu augstas kvalit\u0101tes piep\u016b\u0161amo materi\u0101lu kl\u0101stu lielisk\u0101 dizain\u0101! \u2713 Pieg\u0101de iesp\u0113jama vis\u0101 Eirop\u0101! \u2713 \u0100tra pieg\u0101de!\",\"breadcrumb\":{\"@id\":\"https:\\\/\\\/dodo-inflatables.com\\\/no\\\/piegade-uz-latviju\\\/#breadcrumb\"},\"inLanguage\":\"nb-NO\",\"potentialAction\":[{\"@type\":\"ReadAction\",\"target\":[\"https:\\\/\\\/dodo-inflatables.com\\\/no\\\/piegade-uz-latviju\\\/\"]}]},{\"@type\":\"BreadcrumbList\",\"@id\":\"https:\\\/\\\/dodo-inflatables.com\\\/no\\\/piegade-uz-latviju\\\/#breadcrumb\",\"itemListElement\":[{\"@type\":\"ListItem\",\"position\":1,\"name\":\"Hjem\",\"item\":\"https:\\\/\\\/dodo-inflatables.com\\\/no\\\/\"},{\"@type\":\"ListItem\",\"position\":2,\"name\":\"Pieg\u0101de uz Latviju\"}]},{\"@type\":\"WebSite\",\"@id\":\"https:\\\/\\\/dodo-inflatables.com\\\/no\\\/#website\",\"url\":\"https:\\\/\\\/dodo-inflatables.com\\\/no\\\/\",\"name\":\"dodo-inflatables.com\",\"description\":\"Kj\u00f8p hoppeslott og attraksjoner i butikken v\u00e5r.\",\"publisher\":{\"@id\":\"https:\\\/\\\/dodo-inflatables.com\\\/no\\\/#organization\"},\"potentialAction\":[{\"@type\":\"SearchAction\",\"target\":{\"@type\":\"EntryPoint\",\"urlTemplate\":\"https:\\\/\\\/dodo-inflatables.com\\\/no\\\/?s={search_term_string}\"},\"query-input\":{\"@type\":\"PropertyValueSpecification\",\"valueRequired\":true,\"valueName\":\"search_term_string\"}}],\"inLanguage\":\"nb-NO\"},{\"@type\":\"Organization\",\"@id\":\"https:\\\/\\\/dodo-inflatables.com\\\/no\\\/#organization\",\"name\":\"dodo-inflatables.com\",\"url\":\"https:\\\/\\\/dodo-inflatables.com\\\/no\\\/\",\"logo\":{\"@type\":\"ImageObject\",\"inLanguage\":\"nb-NO\",\"@id\":\"https:\\\/\\\/dodo-inflatables.com\\\/no\\\/#\\\/schema\\\/logo\\\/image\\\/\",\"url\":\"https:\\\/\\\/dodo-inflatables.com\\\/wp-content\\\/uploads\\\/2023\\\/04\\\/cropped-cropped-cropped-Dodo-Logo-scaled.png\",\"contentUrl\":\"https:\\\/\\\/dodo-inflatables.com\\\/wp-content\\\/uploads\\\/2023\\\/04\\\/cropped-cropped-cropped-Dodo-Logo-scaled.png\",\"width\":2560,\"height\":1320,\"caption\":\"dodo-inflatables.com\"},\"image\":{\"@id\":\"https:\\\/\\\/dodo-inflatables.com\\\/no\\\/#\\\/schema\\\/logo\\\/image\\\/\"}}]}<\/script>\n<!-- \/ Yoast SEO plugin. -->","yoast_head_json":{"title":"P\u0113rciet piepe\u0161i pili | Pieg\u0101de uz Latviju","description":"Pie mums j\u016bs atrad\u012bsit lielu augstas kvalit\u0101tes piep\u016b\u0161amo materi\u0101lu kl\u0101stu lielisk\u0101 dizain\u0101! \u2713 Pieg\u0101de iesp\u0113jama vis\u0101 Eirop\u0101! \u2713 \u0100tra pieg\u0101de!","robots":{"index":"index","follow":"follow","max-snippet":"max-snippet:-1","max-image-preview":"max-image-preview:large","max-video-preview":"max-video-preview:-1"},"canonical":"https:\/\/dodo-inflatables.com\/no\/piegade-uz-latviju\/","schema":{"@context":"https:\/\/schema.org","@graph":[{"@type":"WebPage","@id":"https:\/\/dodo-inflatables.com\/no\/piegade-uz-latviju\/","url":"https:\/\/dodo-inflatables.com\/no\/piegade-uz-latviju\/","name":"P\u0113rciet piepe\u0161i pili | Pieg\u0101de uz Latviju","isPartOf":{"@id":"https:\/\/dodo-inflatables.com\/no\/#website"},"datePublished":"2020-04-22T10:15:24+00:00","dateModified":"2024-07-17T12:56:38+00:00","description":"Pie mums j\u016bs atrad\u012bsit lielu augstas kvalit\u0101tes piep\u016b\u0161amo materi\u0101lu kl\u0101stu lielisk\u0101 dizain\u0101! \u2713 Pieg\u0101de iesp\u0113jama vis\u0101 Eirop\u0101! \u2713 \u0100tra pieg\u0101de!","breadcrumb":{"@id":"https:\/\/dodo-inflatables.com\/no\/piegade-uz-latviju\/#breadcrumb"},"inLanguage":"nb-NO","potentialAction":[{"@type":"ReadAction","target":["https:\/\/dodo-inflatables.com\/no\/piegade-uz-latviju\/"]}]},{"@type":"BreadcrumbList","@id":"https:\/\/dodo-inflatables.com\/no\/piegade-uz-latviju\/#breadcrumb","itemListElement":[{"@type":"ListItem","position":1,"name":"Hjem","item":"https:\/\/dodo-inflatables.com\/no\/"},{"@type":"ListItem","position":2,"name":"Pieg\u0101de uz Latviju"}]},{"@type":"WebSite","@id":"https:\/\/dodo-inflatables.com\/no\/#website","url":"https:\/\/dodo-inflatables.com\/no\/","name":"dodo-inflatables.com","description":"Kj\u00f8p hoppeslott og attraksjoner i butikken v\u00e5r.","publisher":{"@id":"https:\/\/dodo-inflatables.com\/no\/#organization"},"potentialAction":[{"@type":"SearchAction","target":{"@type":"EntryPoint","urlTemplate":"https:\/\/dodo-inflatables.com\/no\/?s={search_term_string}"},"query-input":{"@type":"PropertyValueSpecification","valueRequired":true,"valueName":"search_term_string"}}],"inLanguage":"nb-NO"},{"@type":"Organization","@id":"https:\/\/dodo-inflatables.com\/no\/#organization","name":"dodo-inflatables.com","url":"https:\/\/dodo-inflatables.com\/no\/","logo":{"@type":"ImageObject","inLanguage":"nb-NO","@id":"https:\/\/dodo-inflatables.com\/no\/#\/schema\/logo\/image\/","url":"https:\/\/dodo-inflatables.com\/wp-content\/uploads\/2023\/04\/cropped-cropped-cropped-Dodo-Logo-scaled.png","contentUrl":"https:\/\/dodo-inflatables.com\/wp-content\/uploads\/2023\/04\/cropped-cropped-cropped-Dodo-Logo-scaled.png","width":2560,"height":1320,"caption":"dodo-inflatables.com"},"image":{"@id":"https:\/\/dodo-inflatables.com\/no\/#\/schema\/logo\/image\/"}}]}},"uagb_featured_image_src":{"full":false,"thumbnail":false,"medium":false,"medium_large":false,"large":false,"1536x1536":false,"2048x2048":false,"woocommerce_thumbnail":false,"woocommerce_single":false,"woocommerce_gallery_thumbnail":false},"uagb_author_info":{"display_name":"Andreas","author_link":"https:\/\/dodo-inflatables.com\/no\/author\/andreas\/"},"uagb_comment_info":0,"uagb_excerpt":"Pieg\u0101de uz Latviju M\u0113s ar prieku pieg\u0101d\u0101jam v\u0113lamo pomp\u012bgo pili Latvijai. K\u0101 priv\u0101tpersonai no jums tiks iekas\u0113ts PVN no V\u0101cijas. Pas\u016bt\u012bjumu var regul\u0101ri veikt tie\u0161saistes veikal\u0101. Pas\u016btiet k\u0101 uz\u0146\u0113mumu un vai jums ir der\u012bgs tirdzniec\u012bbas nodok\u013ca numurs (PVN)? Tad m\u0113s varam jums preces p\u0101rdot bez nodok\u013ciem. L\u016bdzu, pas\u016btiet mums pa e-pastu.","_links":{"self":[{"href":"https:\/\/dodo-inflatables.com\/no\/wp-json\/wp\/v2\/pages\/16876","targetHints":{"allow":["GET"]}}],"collection":[{"href":"https:\/\/dodo-inflatables.com\/no\/wp-json\/wp\/v2\/pages"}],"about":[{"href":"https:\/\/dodo-inflatables.com\/no\/wp-json\/wp\/v2\/types\/page"}],"author":[{"embeddable":true,"href":"https:\/\/dodo-inflatables.com\/no\/wp-json\/wp\/v2\/users\/1"}],"replies":[{"embeddable":true,"href":"https:\/\/dodo-inflatables.com\/no\/wp-json\/wp\/v2\/comments?post=16876"}],"version-history":[{"count":2,"href":"https:\/\/dodo-inflatables.com\/no\/wp-json\/wp\/v2\/pages\/16876\/revisions"}],"predecessor-version":[{"id":16880,"href":"https:\/\/dodo-inflatables.com\/no\/wp-json\/wp\/v2\/pages\/16876\/revisions\/16880"}],"wp:attachment":[{"href":"https:\/\/dodo-inflatables.com\/no\/wp-json\/wp\/v2\/media?parent=16876"}],"curies":[{"name":"wp","href":"https:\/\/api.w.org\/{rel}","templated":true}]}}