{"id":17275,"date":"2024-03-07T18:11:18","date_gmt":"2024-03-07T17:11:18","guid":{"rendered":"https:\/\/dodo-inflatables.com\/aufblasbare-rutschen-und-hupfburgen-kaufen-nach-liechtenstein\/"},"modified":"2024-07-17T15:09:05","modified_gmt":"2024-07-17T13:09:05","slug":"aufblasbare-rutschen-und-hupfburgen-kaufen-nach-liechtenstein","status":"publish","type":"page","link":"https:\/\/dodo-inflatables.com\/no\/aufblasbare-rutschen-und-hupfburgen-kaufen-nach-liechtenstein\/","title":{"rendered":"Aufblasbare Rutschen und H\u00fcpfburgen kaufen nach Liechtenstein"},"content":{"rendered":"\n<h2 class=\"wp-block-heading has-text-align-center\"><strong>Aufblasbare Rutschen und H\u00fcpfburgen kaufen nach Liechtenstein<\/strong><\/h2>\n\n<figure class=\"wp-block-image aligncenter size-large\"><a href=\"https:\/\/dodo-inflatables.com\/wp-content\/uploads\/2022\/01\/seperator-kleiner.png\"><img fetchpriority=\"high\" decoding=\"async\" width=\"1024\" height=\"102\" src=\"https:\/\/dodo-inflatables.com\/wp-content\/uploads\/2022\/01\/seperator-kleiner-1024x102.png\" alt=\"\" class=\"wp-image-4026\" srcset=\"https:\/\/dodo-inflatables.com\/wp-content\/uploads\/2022\/01\/seperator-kleiner-1024x102.png 1024w, https:\/\/dodo-inflatables.com\/wp-content\/uploads\/2022\/01\/seperator-kleiner-900x90.png 900w, https:\/\/dodo-inflatables.com\/wp-content\/uploads\/2022\/01\/seperator-kleiner-300x30.png 300w, https:\/\/dodo-inflatables.com\/wp-content\/uploads\/2022\/01\/seperator-kleiner-768x77.png 768w, https:\/\/dodo-inflatables.com\/wp-content\/uploads\/2022\/01\/seperator-kleiner-1536x154.png 1536w, https:\/\/dodo-inflatables.com\/wp-content\/uploads\/2022\/01\/seperator-kleiner-340x34.png 340w, https:\/\/dodo-inflatables.com\/wp-content\/uploads\/2022\/01\/seperator-kleiner.png 2000w\" sizes=\"(max-width: 1024px) 100vw, 1024px\" \/><\/a><\/figure>\n\n<h3 class=\"wp-block-heading has-text-align-center\">Velkommen til Dodo-Inflatables.com &#8211; v\u00e5r nettbutikk for H\u00fcpfburgen i Europa!<\/h3>\n\n<p style=\"font-size:17px\">Ta en titt p\u00e5 v\u00e5rt omfattende utvalg av h\u00f8ykvalitets <a href=\"https:\/\/dodo-inflatables.com\/product-category\/bouncy-castles\/\">hofteputer<\/a>, oppbl\u00e5sbare sl\u00f8yfer og <a href=\"https:\/\/dodo-inflatables.com\/product-category\/slides\/\">rutsjebaner<\/a>, som hver anledning gir deg det lille ekstra. Ob Sie eine gro\u00dfe H\u00fcpfburg f\u00fcr ein Firmenevent, ein kleines H\u00fcpfschloss f\u00fcr einen Kindergeburtstag oder eine H\u00fcpfburg mit Rutsche f\u00fcr eine Sommerparty suchen &#8211; bei uns finden Sie garantiert das Passende!<\/p>\n\n<p style=\"font-size:17px\">V\u00e5rt sortiment omfatter ikke bare et stort utvalg av H\u00fcpfburgen, men ogs\u00e5 et bredt utvalg av<a href=\"https:\/\/dodo-inflatables.com\/product-category\/accessories\/\"> tilbeh\u00f8r<\/a>, deriblant <a href=\"https:\/\/dodo-inflatables.com\/no\/produkt\/gibbons-blaser-fp5005-15-hk\/\" data-type=\"product\" data-id=\"81\">Gibbons<\/a> og <a href=\"https:\/\/dodo-inflatables.com\/no\/produkt\/huawei-blaser-reh-1-5e-15ps\/\" data-type=\"product\" data-id=\"2724\">Huawei<\/a> Gebl\u00e4se f\u00fcr H\u00fcpfburgen.<\/p>\n\n<p style=\"font-size:17px\">Forsendelse av H\u00fcpfburg og tilsvarende tilbeh\u00f8r til <strong>Liechtenstein koster 198,00 \u20ac<\/strong>. En pakke med H\u00fcpfburgen-utstyr koster 19,00 \u20ac. Hvis H\u00fcpfburg auf Lager ist, wird sie sofort nach Zahlungseingang an dich verschickt. Levering til Liechtenstein tar ca. <strong>4 &#8211; 6 Werktage<\/strong>. En selvbetjent henting er mulig i v\u00e5rt lager i M\u00fcnchen, Tyskland.<\/p>\n\n<p style=\"font-size:17px\">Alle v\u00e5re H\u00fcpfburgen oppfyller de strenge sikkerhetsstandardene i <strong>DIN EN 14960 <\/strong>og er egnet for privat og kommersiell bruk. Du f\u00e5r en detaljert veiledning og et tilsvarende sertifikat for din nye H\u00fcpfburg etter at du har levert H\u00fcpfburg.<\/p>\n\n<p style=\"font-size:17px\">Mehrwertsteuerbefreiung f\u00fcr Unternehmen! Hvis du som bedrift kj\u00f8per, gi oss ditt Umsatzsteuer-Identifikationsnummer i kassen for \u00e5 kunne kj\u00f8pe det skattefritt.<\/p>\n\n<p style=\"font-size:17px\">Uansett om du som privatperson \u00f8nsker en H\u00fcpfburg for den neste familiefesten, eller om du er en n\u00e6ringsdrivende, som \u00f8nsker \u00e5 utvide tilbudet &#8211; v\u00e5re H\u00fcpfburgen sind f\u00fcr jeden geeignet. Faktisk er de fleste av v\u00e5re kunder i hele Europa H\u00fcpfburgenvermieter, som v\u00e5re produkter for arrangementer av enhver st\u00f8rrelse sch\u00e4tzen.<\/p>\n\n<p style=\"font-size:17px\">Vi \u00f8nsker deg viel Spa\u00df beim St\u00f6bern in unserem Online Shop und stehen bei Fragen gerne unter <a href=\"mailto:contact@dodo-inflatables.com\">contact@dodo-inflatables.com<\/a> zur Verf\u00fcgung!<\/p>\n\n<div style=\"height:100px\" aria-hidden=\"true\" class=\"wp-block-spacer\"><\/div>\n","protected":false},"excerpt":{"rendered":"<p>Aufblasbare Rutschen und H\u00fcpfburgen kaufen nach Liechtenstein Velkommen til Dodo-Inflatables.com &#8211; v\u00e5r nettbutikk for H\u00fcpfburgen i Europa! Ta en titt p\u00e5 v\u00e5rt omfattende utvalg av h\u00f8ykvalitets hofteputer, oppbl\u00e5sbare sl\u00f8yfer og rutsjebaner, som hver anledning gir deg det lille ekstra. Ob Sie eine gro\u00dfe H\u00fcpfburg f\u00fcr ein Firmenevent, ein kleines H\u00fcpfschloss f\u00fcr einen Kindergeburtstag oder eine [&hellip;]<\/p>\n","protected":false},"author":1,"featured_media":0,"parent":0,"menu_order":0,"comment_status":"closed","ping_status":"closed","template":"","meta":{"_acf_changed":false,"_uag_custom_page_level_css":"","site-sidebar-layout":"default","site-content-layout":"","ast-site-content-layout":"normal-width-container","site-content-style":"boxed","site-sidebar-style":"default","ast-global-header-display":"","ast-banner-title-visibility":"","ast-main-header-display":"","ast-hfb-above-header-display":"","ast-hfb-below-header-display":"","ast-hfb-mobile-header-display":"","site-post-title":"","ast-breadcrumbs-content":"","ast-featured-img":"","footer-sml-layout":"","ast-disable-related-posts":"","theme-transparent-header-meta":"","adv-header-id-meta":"4069","stick-header-meta":"","header-above-stick-meta":"","header-main-stick-meta":"","header-below-stick-meta":"","astra-migrate-meta-layouts":"default","ast-page-background-enabled":"default","ast-page-background-meta":{"desktop":{"background-color":"var(--ast-global-color-4)","background-image":"","background-repeat":"repeat","background-position":"center center","background-size":"auto","background-attachment":"scroll","background-type":"","background-media":"","overlay-type":"","overlay-color":"","overlay-opacity":"","overlay-gradient":""},"tablet":{"background-color":"","background-image":"","background-repeat":"repeat","background-position":"center center","background-size":"auto","background-attachment":"scroll","background-type":"","background-media":"","overlay-type":"","overlay-color":"","overlay-opacity":"","overlay-gradient":""},"mobile":{"background-color":"","background-image":"","background-repeat":"repeat","background-position":"center center","background-size":"auto","background-attachment":"scroll","background-type":"","background-media":"","overlay-type":"","overlay-color":"","overlay-opacity":"","overlay-gradient":""}},"ast-content-background-meta":{"desktop":{"background-color":"var(--ast-global-color-5)","background-image":"","background-repeat":"repeat","background-position":"center center","background-size":"auto","background-attachment":"scroll","background-type":"","background-media":"","overlay-type":"","overlay-color":"","overlay-opacity":"","overlay-gradient":""},"tablet":{"background-color":"var(--ast-global-color-5)","background-image":"","background-repeat":"repeat","background-position":"center center","background-size":"auto","background-attachment":"scroll","background-type":"","background-media":"","overlay-type":"","overlay-color":"","overlay-opacity":"","overlay-gradient":""},"mobile":{"background-color":"var(--ast-global-color-5)","background-image":"","background-repeat":"repeat","background-position":"center center","background-size":"auto","background-attachment":"scroll","background-type":"","background-media":"","overlay-type":"","overlay-color":"","overlay-opacity":"","overlay-gradient":""}},"footnotes":""},"class_list":["post-17275","page","type-page","status-publish","hentry"],"acf":[],"yoast_head":"<!-- This site is optimized with the Yoast SEO plugin v27.5 - https:\/\/yoast.com\/product\/yoast-seo-wordpress\/ -->\n<title>Aufblasbare Rutschen und H\u00fcpfburgen kaufen nach Liechtenstein - dodo-inflatables.com<\/title>\n<meta name=\"robots\" content=\"index, follow, max-snippet:-1, max-image-preview:large, max-video-preview:-1\" \/>\n<link rel=\"canonical\" href=\"https:\/\/dodo-inflatables.com\/no\/aufblasbare-rutschen-und-hupfburgen-kaufen-nach-liechtenstein\/\" \/>\n<meta name=\"twitter:label1\" content=\"Ansl. lesetid\" \/>\n\t<meta name=\"twitter:data1\" content=\"2 minutter\" \/>\n<script type=\"application\/ld+json\" class=\"yoast-schema-graph\">{\"@context\":\"https:\\\/\\\/schema.org\",\"@graph\":[{\"@type\":\"WebPage\",\"@id\":\"https:\\\/\\\/dodo-inflatables.com\\\/no\\\/aufblasbare-rutschen-und-hupfburgen-kaufen-nach-liechtenstein\\\/\",\"url\":\"https:\\\/\\\/dodo-inflatables.com\\\/no\\\/aufblasbare-rutschen-und-hupfburgen-kaufen-nach-liechtenstein\\\/\",\"name\":\"Aufblasbare Rutschen und H\u00fcpfburgen kaufen nach Liechtenstein - dodo-inflatables.com\",\"isPartOf\":{\"@id\":\"https:\\\/\\\/dodo-inflatables.com\\\/no\\\/#website\"},\"primaryImageOfPage\":{\"@id\":\"https:\\\/\\\/dodo-inflatables.com\\\/no\\\/aufblasbare-rutschen-und-hupfburgen-kaufen-nach-liechtenstein\\\/#primaryimage\"},\"image\":{\"@id\":\"https:\\\/\\\/dodo-inflatables.com\\\/no\\\/aufblasbare-rutschen-und-hupfburgen-kaufen-nach-liechtenstein\\\/#primaryimage\"},\"thumbnailUrl\":\"https:\\\/\\\/dodo-inflatables.com\\\/wp-content\\\/uploads\\\/2022\\\/01\\\/seperator-kleiner-1024x102.png\",\"datePublished\":\"2024-03-07T17:11:18+00:00\",\"dateModified\":\"2024-07-17T13:09:05+00:00\",\"breadcrumb\":{\"@id\":\"https:\\\/\\\/dodo-inflatables.com\\\/no\\\/aufblasbare-rutschen-und-hupfburgen-kaufen-nach-liechtenstein\\\/#breadcrumb\"},\"inLanguage\":\"nb-NO\",\"potentialAction\":[{\"@type\":\"ReadAction\",\"target\":[\"https:\\\/\\\/dodo-inflatables.com\\\/no\\\/aufblasbare-rutschen-und-hupfburgen-kaufen-nach-liechtenstein\\\/\"]}]},{\"@type\":\"ImageObject\",\"inLanguage\":\"nb-NO\",\"@id\":\"https:\\\/\\\/dodo-inflatables.com\\\/no\\\/aufblasbare-rutschen-und-hupfburgen-kaufen-nach-liechtenstein\\\/#primaryimage\",\"url\":\"https:\\\/\\\/dodo-inflatables.com\\\/wp-content\\\/uploads\\\/2022\\\/01\\\/seperator-kleiner-1024x102.png\",\"contentUrl\":\"https:\\\/\\\/dodo-inflatables.com\\\/wp-content\\\/uploads\\\/2022\\\/01\\\/seperator-kleiner-1024x102.png\"},{\"@type\":\"BreadcrumbList\",\"@id\":\"https:\\\/\\\/dodo-inflatables.com\\\/no\\\/aufblasbare-rutschen-und-hupfburgen-kaufen-nach-liechtenstein\\\/#breadcrumb\",\"itemListElement\":[{\"@type\":\"ListItem\",\"position\":1,\"name\":\"Hjem\",\"item\":\"https:\\\/\\\/dodo-inflatables.com\\\/no\\\/\"},{\"@type\":\"ListItem\",\"position\":2,\"name\":\"Aufblasbare Rutschen und H\u00fcpfburgen kaufen nach Liechtenstein\"}]},{\"@type\":\"WebSite\",\"@id\":\"https:\\\/\\\/dodo-inflatables.com\\\/no\\\/#website\",\"url\":\"https:\\\/\\\/dodo-inflatables.com\\\/no\\\/\",\"name\":\"dodo-inflatables.com\",\"description\":\"Kj\u00f8p hoppeslott og attraksjoner i butikken v\u00e5r.\",\"potentialAction\":[{\"@type\":\"SearchAction\",\"target\":{\"@type\":\"EntryPoint\",\"urlTemplate\":\"https:\\\/\\\/dodo-inflatables.com\\\/no\\\/?s={search_term_string}\"},\"query-input\":{\"@type\":\"PropertyValueSpecification\",\"valueRequired\":true,\"valueName\":\"search_term_string\"}}],\"inLanguage\":\"nb-NO\"}]}<\/script>\n<!-- \/ Yoast SEO plugin. -->","yoast_head_json":{"title":"Aufblasbare Rutschen und H\u00fcpfburgen kaufen nach Liechtenstein - dodo-inflatables.com","robots":{"index":"index","follow":"follow","max-snippet":"max-snippet:-1","max-image-preview":"max-image-preview:large","max-video-preview":"max-video-preview:-1"},"canonical":"https:\/\/dodo-inflatables.com\/no\/aufblasbare-rutschen-und-hupfburgen-kaufen-nach-liechtenstein\/","twitter_misc":{"Ansl. lesetid":"2 minutter"},"schema":{"@context":"https:\/\/schema.org","@graph":[{"@type":"WebPage","@id":"https:\/\/dodo-inflatables.com\/no\/aufblasbare-rutschen-und-hupfburgen-kaufen-nach-liechtenstein\/","url":"https:\/\/dodo-inflatables.com\/no\/aufblasbare-rutschen-und-hupfburgen-kaufen-nach-liechtenstein\/","name":"Aufblasbare Rutschen und H\u00fcpfburgen kaufen nach Liechtenstein - dodo-inflatables.com","isPartOf":{"@id":"https:\/\/dodo-inflatables.com\/no\/#website"},"primaryImageOfPage":{"@id":"https:\/\/dodo-inflatables.com\/no\/aufblasbare-rutschen-und-hupfburgen-kaufen-nach-liechtenstein\/#primaryimage"},"image":{"@id":"https:\/\/dodo-inflatables.com\/no\/aufblasbare-rutschen-und-hupfburgen-kaufen-nach-liechtenstein\/#primaryimage"},"thumbnailUrl":"https:\/\/dodo-inflatables.com\/wp-content\/uploads\/2022\/01\/seperator-kleiner-1024x102.png","datePublished":"2024-03-07T17:11:18+00:00","dateModified":"2024-07-17T13:09:05+00:00","breadcrumb":{"@id":"https:\/\/dodo-inflatables.com\/no\/aufblasbare-rutschen-und-hupfburgen-kaufen-nach-liechtenstein\/#breadcrumb"},"inLanguage":"nb-NO","potentialAction":[{"@type":"ReadAction","target":["https:\/\/dodo-inflatables.com\/no\/aufblasbare-rutschen-und-hupfburgen-kaufen-nach-liechtenstein\/"]}]},{"@type":"ImageObject","inLanguage":"nb-NO","@id":"https:\/\/dodo-inflatables.com\/no\/aufblasbare-rutschen-und-hupfburgen-kaufen-nach-liechtenstein\/#primaryimage","url":"https:\/\/dodo-inflatables.com\/wp-content\/uploads\/2022\/01\/seperator-kleiner-1024x102.png","contentUrl":"https:\/\/dodo-inflatables.com\/wp-content\/uploads\/2022\/01\/seperator-kleiner-1024x102.png"},{"@type":"BreadcrumbList","@id":"https:\/\/dodo-inflatables.com\/no\/aufblasbare-rutschen-und-hupfburgen-kaufen-nach-liechtenstein\/#breadcrumb","itemListElement":[{"@type":"ListItem","position":1,"name":"Hjem","item":"https:\/\/dodo-inflatables.com\/no\/"},{"@type":"ListItem","position":2,"name":"Aufblasbare Rutschen und H\u00fcpfburgen kaufen nach Liechtenstein"}]},{"@type":"WebSite","@id":"https:\/\/dodo-inflatables.com\/no\/#website","url":"https:\/\/dodo-inflatables.com\/no\/","name":"dodo-inflatables.com","description":"Kj\u00f8p hoppeslott og attraksjoner i butikken v\u00e5r.","potentialAction":[{"@type":"SearchAction","target":{"@type":"EntryPoint","urlTemplate":"https:\/\/dodo-inflatables.com\/no\/?s={search_term_string}"},"query-input":{"@type":"PropertyValueSpecification","valueRequired":true,"valueName":"search_term_string"}}],"inLanguage":"nb-NO"}]}},"uagb_featured_image_src":{"full":false,"thumbnail":false,"medium":false,"medium_large":false,"large":false,"1536x1536":false,"2048x2048":false,"woocommerce_thumbnail":false,"woocommerce_single":false,"woocommerce_gallery_thumbnail":false},"uagb_author_info":{"display_name":"Andreas","author_link":"https:\/\/dodo-inflatables.com\/no\/author\/andreas\/"},"uagb_comment_info":0,"uagb_excerpt":"Aufblasbare Rutschen und H\u00fcpfburgen kaufen nach Liechtenstein Velkommen til Dodo-Inflatables.com &#8211; v\u00e5r nettbutikk for H\u00fcpfburgen i Europa! Ta en titt p\u00e5 v\u00e5rt omfattende utvalg av h\u00f8ykvalitets hofteputer, oppbl\u00e5sbare sl\u00f8yfer og rutsjebaner, som hver anledning gir deg det lille ekstra. Ob Sie eine gro\u00dfe H\u00fcpfburg f\u00fcr ein Firmenevent, ein kleines H\u00fcpfschloss f\u00fcr einen Kindergeburtstag oder eine&hellip;","_links":{"self":[{"href":"https:\/\/dodo-inflatables.com\/no\/wp-json\/wp\/v2\/pages\/17275","targetHints":{"allow":["GET"]}}],"collection":[{"href":"https:\/\/dodo-inflatables.com\/no\/wp-json\/wp\/v2\/pages"}],"about":[{"href":"https:\/\/dodo-inflatables.com\/no\/wp-json\/wp\/v2\/types\/page"}],"author":[{"embeddable":true,"href":"https:\/\/dodo-inflatables.com\/no\/wp-json\/wp\/v2\/users\/1"}],"replies":[{"embeddable":true,"href":"https:\/\/dodo-inflatables.com\/no\/wp-json\/wp\/v2\/comments?post=17275"}],"version-history":[{"count":2,"href":"https:\/\/dodo-inflatables.com\/no\/wp-json\/wp\/v2\/pages\/17275\/revisions"}],"predecessor-version":[{"id":17279,"href":"https:\/\/dodo-inflatables.com\/no\/wp-json\/wp\/v2\/pages\/17275\/revisions\/17279"}],"wp:attachment":[{"href":"https:\/\/dodo-inflatables.com\/no\/wp-json\/wp\/v2\/media?parent=17275"}],"curies":[{"name":"wp","href":"https:\/\/api.w.org\/{rel}","templated":true}]}}