{"id":17497,"date":"2024-03-05T15:56:42","date_gmt":"2024-03-05T14:56:42","guid":{"rendered":"https:\/\/dodo-inflatables.com\/opblaasbare-glijbanen-en-springkastelen-kopen-in-nederland\/"},"modified":"2024-07-17T15:10:01","modified_gmt":"2024-07-17T13:10:01","slug":"opblaasbare-glijbanen-en-springkastelen-kopen-in-nederland","status":"publish","type":"page","link":"https:\/\/dodo-inflatables.com\/no\/opblaasbare-glijbanen-en-springkastelen-kopen-in-nederland\/","title":{"rendered":"Opblaasbare glijbanen en springkastelen kopen in Nederland"},"content":{"rendered":"\n<h2 class=\"wp-block-heading has-text-align-center\">Opblaasbare glijbanen en springkastelen kopen in Nederland<\/h2>\n\n<figure class=\"wp-block-image aligncenter size-large\"><a href=\"https:\/\/dodo-inflatables.com\/wp-content\/uploads\/2022\/01\/seperator-kleiner.png\"><img fetchpriority=\"high\" decoding=\"async\" width=\"1024\" height=\"102\" src=\"https:\/\/dodo-inflatables.com\/wp-content\/uploads\/2022\/01\/seperator-kleiner-1024x102.png\" alt=\"\" class=\"wp-image-4026\" srcset=\"https:\/\/dodo-inflatables.com\/wp-content\/uploads\/2022\/01\/seperator-kleiner-1024x102.png 1024w, https:\/\/dodo-inflatables.com\/wp-content\/uploads\/2022\/01\/seperator-kleiner-900x90.png 900w, https:\/\/dodo-inflatables.com\/wp-content\/uploads\/2022\/01\/seperator-kleiner-300x30.png 300w, https:\/\/dodo-inflatables.com\/wp-content\/uploads\/2022\/01\/seperator-kleiner-768x77.png 768w, https:\/\/dodo-inflatables.com\/wp-content\/uploads\/2022\/01\/seperator-kleiner-1536x154.png 1536w, https:\/\/dodo-inflatables.com\/wp-content\/uploads\/2022\/01\/seperator-kleiner-340x34.png 340w, https:\/\/dodo-inflatables.com\/wp-content\/uploads\/2022\/01\/seperator-kleiner.png 2000w\" sizes=\"(max-width: 1024px) 100vw, 1024px\" \/><\/a><\/figure>\n\n<h3 class=\"wp-block-heading has-text-align-center\">Velkommen til Dodo-Inflatables.com &#8211; v\u00e5r nettbutikk for oppbl\u00e5sbare glijbaner i Europa!<\/h3>\n\n<p style=\"font-size:17px\">Dompel deg selv under i v\u00e5rt omfattende utvalg av <a href=\"https:\/\/dodo-inflatables.com\/product-category\/bouncy-castles\/\">oppbl\u00e5sbare<\/a> gummib\u00e5ter av h\u00f8y kvalitet, <a href=\"https:\/\/dodo-inflatables.com\/product-category\/bouncy-castles\/\">opblaasbare kastelen<\/a> og <a href=\"https:\/\/dodo-inflatables.com\/product-category\/slides\/\">glijbaner<\/a> som net dat beetje extra toevoegen aan elke gelegenheid. Hvis du er p\u00e5 utkikk etter en stor oppbl\u00e5sbar for en bedriftsfest, en liten springkasteel for en barnefest eller en springkusse med glijbane for en sommerfest &#8211; her finner du garantert noe som passer!<\/p>\n\n<p style=\"font-size:17px\">V\u00e5rt sortiment omfatter ikke bare en stor variasjon av springkastelen, men ogs\u00e5 et bredt utvalg av <a href=\"https:\/\/dodo-inflatables.com\/product-category\/accessories\/\">tilbeh\u00f8r<\/a>, deriblant <a href=\"https:\/\/dodo-inflatables.com\/no\/produkt\/gibbons-blaser-fp5005-15-hk\/\" data-type=\"product\" data-id=\"81\">Gibbons<\/a> og <a href=\"https:\/\/dodo-inflatables.com\/no\/produkt\/huawei-blaser-reh-1-5e-15ps\/\" data-type=\"product\" data-id=\"2724\">Huawei-bl\u00e5sere<\/a> for springkastelen.<\/p>\n\n<p style=\"font-size:17px\">Det <strong>koster \u20ac148,00<\/strong> \u00e5 sende en springkusse med tilbeh\u00f8r til <strong>Nederland<\/strong>. En pakke med bl\u00e5sbart tilbeh\u00f8r koster \u20ac19,00. N\u00e5r springkussen er p\u00e5 lager, blir den sendt direkte til deg ved mottak av betaling. Levering i Nederland varer ca. <strong>4-6 arbeidsdager<\/strong>. Det er mulig \u00e5 hente v\u00e5rkussen selv fra v\u00e5rt magasin i M\u00fcnchen, Tyskland.<\/p>\n\n<p style=\"font-size:17px\">Alle v\u00e5re fj\u00e6rkusiner oppfyller de strenge sikkerhetsnormene i <strong>DIN EN 14960<\/strong> og er egnet for spesiell og kommersiell bruk. Du f\u00e5r en detaljert veiledning og det tilh\u00f8rende sertifikatet for ditt nye fj\u00e6rkasteel s\u00e5 snart det er sendt.<\/p>\n\n<p style=\"font-size:17px\">BTW-vrijstelling voor bedrijven! N\u00e5r du kj\u00f8per som bedrift, skriver du inn ditt btw-identifikasjonsnummer i kassa for \u00e5 kj\u00f8pe skattefritak.<\/p>\n\n<p style=\"font-size:17px\">Hvis du n\u00e5 som privatperson er p\u00e5 jakt etter et springkastel for din neste familiefest, eller hvis du som kommersiell utleiebedrift \u00f8nsker \u00e5 utvide sortimentet ditt, er v\u00e5re springkasteler egnet for alle. In feite er de fleste av v\u00e5re kunder i hele Europa springkasteelverhuurbedrijven die onze producten waarderen voor evenementen van alle groottes.<\/p>\n\n<p style=\"font-size:17px\">Vi \u00f8nsker deg mye glede ved \u00e5 se p\u00e5 nettbutikken v\u00e5r og svare gjerne p\u00e5 alle sp\u00f8rsm\u00e5lene dine p\u00e5 contact@dodo-inflatables.com!<\/p>\n\n<div style=\"height:100px\" aria-hidden=\"true\" class=\"wp-block-spacer\"><\/div>\n","protected":false},"excerpt":{"rendered":"<p>Opblaasbare glijbanen en springkastelen kopen in Nederland Velkommen til Dodo-Inflatables.com &#8211; v\u00e5r nettbutikk for oppbl\u00e5sbare glijbaner i Europa! Dompel deg selv under i v\u00e5rt omfattende utvalg av oppbl\u00e5sbare gummib\u00e5ter av h\u00f8y kvalitet, opblaasbare kastelen og glijbaner som net dat beetje extra toevoegen aan elke gelegenheid. Hvis du er p\u00e5 utkikk etter en stor oppbl\u00e5sbar for [&hellip;]<\/p>\n","protected":false},"author":1,"featured_media":0,"parent":0,"menu_order":0,"comment_status":"closed","ping_status":"closed","template":"","meta":{"_acf_changed":false,"_uag_custom_page_level_css":"","site-sidebar-layout":"default","site-content-layout":"","ast-site-content-layout":"normal-width-container","site-content-style":"boxed","site-sidebar-style":"default","ast-global-header-display":"","ast-banner-title-visibility":"","ast-main-header-display":"","ast-hfb-above-header-display":"","ast-hfb-below-header-display":"","ast-hfb-mobile-header-display":"","site-post-title":"","ast-breadcrumbs-content":"","ast-featured-img":"","footer-sml-layout":"","ast-disable-related-posts":"","theme-transparent-header-meta":"","adv-header-id-meta":"4069","stick-header-meta":"","header-above-stick-meta":"","header-main-stick-meta":"","header-below-stick-meta":"","astra-migrate-meta-layouts":"default","ast-page-background-enabled":"default","ast-page-background-meta":{"desktop":{"background-color":"var(--ast-global-color-4)","background-image":"","background-repeat":"repeat","background-position":"center center","background-size":"auto","background-attachment":"scroll","background-type":"","background-media":"","overlay-type":"","overlay-color":"","overlay-opacity":"","overlay-gradient":""},"tablet":{"background-color":"","background-image":"","background-repeat":"repeat","background-position":"center center","background-size":"auto","background-attachment":"scroll","background-type":"","background-media":"","overlay-type":"","overlay-color":"","overlay-opacity":"","overlay-gradient":""},"mobile":{"background-color":"","background-image":"","background-repeat":"repeat","background-position":"center center","background-size":"auto","background-attachment":"scroll","background-type":"","background-media":"","overlay-type":"","overlay-color":"","overlay-opacity":"","overlay-gradient":""}},"ast-content-background-meta":{"desktop":{"background-color":"var(--ast-global-color-5)","background-image":"","background-repeat":"repeat","background-position":"center center","background-size":"auto","background-attachment":"scroll","background-type":"","background-media":"","overlay-type":"","overlay-color":"","overlay-opacity":"","overlay-gradient":""},"tablet":{"background-color":"var(--ast-global-color-5)","background-image":"","background-repeat":"repeat","background-position":"center center","background-size":"auto","background-attachment":"scroll","background-type":"","background-media":"","overlay-type":"","overlay-color":"","overlay-opacity":"","overlay-gradient":""},"mobile":{"background-color":"var(--ast-global-color-5)","background-image":"","background-repeat":"repeat","background-position":"center center","background-size":"auto","background-attachment":"scroll","background-type":"","background-media":"","overlay-type":"","overlay-color":"","overlay-opacity":"","overlay-gradient":""}},"footnotes":""},"class_list":["post-17497","page","type-page","status-publish","hentry"],"acf":[],"yoast_head":"<!-- This site is optimized with the Yoast SEO plugin v27.5 - https:\/\/yoast.com\/product\/yoast-seo-wordpress\/ -->\n<title>Opblaasbare glijbanen en springkastelen kopen in Nederland - dodo-inflatables.com<\/title>\n<meta name=\"robots\" content=\"index, follow, max-snippet:-1, max-image-preview:large, max-video-preview:-1\" \/>\n<link rel=\"canonical\" href=\"https:\/\/dodo-inflatables.com\/no\/opblaasbare-glijbanen-en-springkastelen-kopen-in-nederland\/\" \/>\n<meta name=\"twitter:label1\" content=\"Ansl. lesetid\" \/>\n\t<meta name=\"twitter:data1\" content=\"2 minutter\" \/>\n<script type=\"application\/ld+json\" class=\"yoast-schema-graph\">{\"@context\":\"https:\\\/\\\/schema.org\",\"@graph\":[{\"@type\":\"WebPage\",\"@id\":\"https:\\\/\\\/dodo-inflatables.com\\\/no\\\/opblaasbare-glijbanen-en-springkastelen-kopen-in-nederland\\\/\",\"url\":\"https:\\\/\\\/dodo-inflatables.com\\\/no\\\/opblaasbare-glijbanen-en-springkastelen-kopen-in-nederland\\\/\",\"name\":\"Opblaasbare glijbanen en springkastelen kopen in Nederland - dodo-inflatables.com\",\"isPartOf\":{\"@id\":\"https:\\\/\\\/dodo-inflatables.com\\\/no\\\/#website\"},\"primaryImageOfPage\":{\"@id\":\"https:\\\/\\\/dodo-inflatables.com\\\/no\\\/opblaasbare-glijbanen-en-springkastelen-kopen-in-nederland\\\/#primaryimage\"},\"image\":{\"@id\":\"https:\\\/\\\/dodo-inflatables.com\\\/no\\\/opblaasbare-glijbanen-en-springkastelen-kopen-in-nederland\\\/#primaryimage\"},\"thumbnailUrl\":\"https:\\\/\\\/dodo-inflatables.com\\\/wp-content\\\/uploads\\\/2022\\\/01\\\/seperator-kleiner-1024x102.png\",\"datePublished\":\"2024-03-05T14:56:42+00:00\",\"dateModified\":\"2024-07-17T13:10:01+00:00\",\"breadcrumb\":{\"@id\":\"https:\\\/\\\/dodo-inflatables.com\\\/no\\\/opblaasbare-glijbanen-en-springkastelen-kopen-in-nederland\\\/#breadcrumb\"},\"inLanguage\":\"nb-NO\",\"potentialAction\":[{\"@type\":\"ReadAction\",\"target\":[\"https:\\\/\\\/dodo-inflatables.com\\\/no\\\/opblaasbare-glijbanen-en-springkastelen-kopen-in-nederland\\\/\"]}]},{\"@type\":\"ImageObject\",\"inLanguage\":\"nb-NO\",\"@id\":\"https:\\\/\\\/dodo-inflatables.com\\\/no\\\/opblaasbare-glijbanen-en-springkastelen-kopen-in-nederland\\\/#primaryimage\",\"url\":\"https:\\\/\\\/dodo-inflatables.com\\\/wp-content\\\/uploads\\\/2022\\\/01\\\/seperator-kleiner-1024x102.png\",\"contentUrl\":\"https:\\\/\\\/dodo-inflatables.com\\\/wp-content\\\/uploads\\\/2022\\\/01\\\/seperator-kleiner-1024x102.png\"},{\"@type\":\"BreadcrumbList\",\"@id\":\"https:\\\/\\\/dodo-inflatables.com\\\/no\\\/opblaasbare-glijbanen-en-springkastelen-kopen-in-nederland\\\/#breadcrumb\",\"itemListElement\":[{\"@type\":\"ListItem\",\"position\":1,\"name\":\"Hjem\",\"item\":\"https:\\\/\\\/dodo-inflatables.com\\\/no\\\/\"},{\"@type\":\"ListItem\",\"position\":2,\"name\":\"Opblaasbare glijbanen en springkastelen kopen in Nederland\"}]},{\"@type\":\"WebSite\",\"@id\":\"https:\\\/\\\/dodo-inflatables.com\\\/no\\\/#website\",\"url\":\"https:\\\/\\\/dodo-inflatables.com\\\/no\\\/\",\"name\":\"dodo-inflatables.com\",\"description\":\"Kj\u00f8p hoppeslott og attraksjoner i butikken v\u00e5r.\",\"potentialAction\":[{\"@type\":\"SearchAction\",\"target\":{\"@type\":\"EntryPoint\",\"urlTemplate\":\"https:\\\/\\\/dodo-inflatables.com\\\/no\\\/?s={search_term_string}\"},\"query-input\":{\"@type\":\"PropertyValueSpecification\",\"valueRequired\":true,\"valueName\":\"search_term_string\"}}],\"inLanguage\":\"nb-NO\"}]}<\/script>\n<!-- \/ Yoast SEO plugin. -->","yoast_head_json":{"title":"Opblaasbare glijbanen en springkastelen kopen in Nederland - dodo-inflatables.com","robots":{"index":"index","follow":"follow","max-snippet":"max-snippet:-1","max-image-preview":"max-image-preview:large","max-video-preview":"max-video-preview:-1"},"canonical":"https:\/\/dodo-inflatables.com\/no\/opblaasbare-glijbanen-en-springkastelen-kopen-in-nederland\/","twitter_misc":{"Ansl. lesetid":"2 minutter"},"schema":{"@context":"https:\/\/schema.org","@graph":[{"@type":"WebPage","@id":"https:\/\/dodo-inflatables.com\/no\/opblaasbare-glijbanen-en-springkastelen-kopen-in-nederland\/","url":"https:\/\/dodo-inflatables.com\/no\/opblaasbare-glijbanen-en-springkastelen-kopen-in-nederland\/","name":"Opblaasbare glijbanen en springkastelen kopen in Nederland - dodo-inflatables.com","isPartOf":{"@id":"https:\/\/dodo-inflatables.com\/no\/#website"},"primaryImageOfPage":{"@id":"https:\/\/dodo-inflatables.com\/no\/opblaasbare-glijbanen-en-springkastelen-kopen-in-nederland\/#primaryimage"},"image":{"@id":"https:\/\/dodo-inflatables.com\/no\/opblaasbare-glijbanen-en-springkastelen-kopen-in-nederland\/#primaryimage"},"thumbnailUrl":"https:\/\/dodo-inflatables.com\/wp-content\/uploads\/2022\/01\/seperator-kleiner-1024x102.png","datePublished":"2024-03-05T14:56:42+00:00","dateModified":"2024-07-17T13:10:01+00:00","breadcrumb":{"@id":"https:\/\/dodo-inflatables.com\/no\/opblaasbare-glijbanen-en-springkastelen-kopen-in-nederland\/#breadcrumb"},"inLanguage":"nb-NO","potentialAction":[{"@type":"ReadAction","target":["https:\/\/dodo-inflatables.com\/no\/opblaasbare-glijbanen-en-springkastelen-kopen-in-nederland\/"]}]},{"@type":"ImageObject","inLanguage":"nb-NO","@id":"https:\/\/dodo-inflatables.com\/no\/opblaasbare-glijbanen-en-springkastelen-kopen-in-nederland\/#primaryimage","url":"https:\/\/dodo-inflatables.com\/wp-content\/uploads\/2022\/01\/seperator-kleiner-1024x102.png","contentUrl":"https:\/\/dodo-inflatables.com\/wp-content\/uploads\/2022\/01\/seperator-kleiner-1024x102.png"},{"@type":"BreadcrumbList","@id":"https:\/\/dodo-inflatables.com\/no\/opblaasbare-glijbanen-en-springkastelen-kopen-in-nederland\/#breadcrumb","itemListElement":[{"@type":"ListItem","position":1,"name":"Hjem","item":"https:\/\/dodo-inflatables.com\/no\/"},{"@type":"ListItem","position":2,"name":"Opblaasbare glijbanen en springkastelen kopen in Nederland"}]},{"@type":"WebSite","@id":"https:\/\/dodo-inflatables.com\/no\/#website","url":"https:\/\/dodo-inflatables.com\/no\/","name":"dodo-inflatables.com","description":"Kj\u00f8p hoppeslott og attraksjoner i butikken v\u00e5r.","potentialAction":[{"@type":"SearchAction","target":{"@type":"EntryPoint","urlTemplate":"https:\/\/dodo-inflatables.com\/no\/?s={search_term_string}"},"query-input":{"@type":"PropertyValueSpecification","valueRequired":true,"valueName":"search_term_string"}}],"inLanguage":"nb-NO"}]}},"uagb_featured_image_src":{"full":false,"thumbnail":false,"medium":false,"medium_large":false,"large":false,"1536x1536":false,"2048x2048":false,"woocommerce_thumbnail":false,"woocommerce_single":false,"woocommerce_gallery_thumbnail":false},"uagb_author_info":{"display_name":"Andreas","author_link":"https:\/\/dodo-inflatables.com\/no\/author\/andreas\/"},"uagb_comment_info":0,"uagb_excerpt":"Opblaasbare glijbanen en springkastelen kopen in Nederland Velkommen til Dodo-Inflatables.com &#8211; v\u00e5r nettbutikk for oppbl\u00e5sbare glijbaner i Europa! Dompel deg selv under i v\u00e5rt omfattende utvalg av oppbl\u00e5sbare gummib\u00e5ter av h\u00f8y kvalitet, opblaasbare kastelen og glijbaner som net dat beetje extra toevoegen aan elke gelegenheid. Hvis du er p\u00e5 utkikk etter en stor oppbl\u00e5sbar for&hellip;","_links":{"self":[{"href":"https:\/\/dodo-inflatables.com\/no\/wp-json\/wp\/v2\/pages\/17497","targetHints":{"allow":["GET"]}}],"collection":[{"href":"https:\/\/dodo-inflatables.com\/no\/wp-json\/wp\/v2\/pages"}],"about":[{"href":"https:\/\/dodo-inflatables.com\/no\/wp-json\/wp\/v2\/types\/page"}],"author":[{"embeddable":true,"href":"https:\/\/dodo-inflatables.com\/no\/wp-json\/wp\/v2\/users\/1"}],"replies":[{"embeddable":true,"href":"https:\/\/dodo-inflatables.com\/no\/wp-json\/wp\/v2\/comments?post=17497"}],"version-history":[{"count":2,"href":"https:\/\/dodo-inflatables.com\/no\/wp-json\/wp\/v2\/pages\/17497\/revisions"}],"predecessor-version":[{"id":17501,"href":"https:\/\/dodo-inflatables.com\/no\/wp-json\/wp\/v2\/pages\/17497\/revisions\/17501"}],"wp:attachment":[{"href":"https:\/\/dodo-inflatables.com\/no\/wp-json\/wp\/v2\/media?parent=17497"}],"curies":[{"name":"wp","href":"https:\/\/api.w.org\/{rel}","templated":true}]}}