{"id":17694,"date":"2017-01-06T19:43:59","date_gmt":"2017-01-06T18:43:59","guid":{"rendered":"https:\/\/dodo-inflatables.com\/betalingsalternativer\/"},"modified":"2024-08-19T14:52:41","modified_gmt":"2024-08-19T12:52:41","slug":"betalingsalternativer","status":"publish","type":"page","link":"https:\/\/dodo-inflatables.com\/no\/betalingsalternativer\/","title":{"rendered":"Betalingsalternativer"},"content":{"rendered":"\n<h2 class=\"wp-block-heading has-text-align-center\" style=\"font-size:31px\"><strong>Betalingsalternativer<\/strong><\/h2>\n\n<p class=\"has-text-align-center\">Vi tilbyr ulike betalingsalternativer for at du skal kunne gj\u00f8re et smidig og sikkert kj\u00f8p.<br\/>Hvis du har sp\u00f8rsm\u00e5l om betalingsm\u00e5tene v\u00e5re, er du velkommen til \u00e5 kontakte oss.<\/p>\n\n<div style=\"height:55px\" aria-hidden=\"true\" class=\"wp-block-spacer\"><\/div>\n\n<div class=\"wp-block-columns is-layout-flex wp-container-core-columns-is-layout-e0e4babd wp-block-columns-is-layout-flex\" style=\"padding-right:0;padding-left:0\">\n<div class=\"wp-block-column is-vertically-aligned-center is-layout-flow wp-block-column-is-layout-flow\" style=\"flex-basis:15%\">\n<figure class=\"wp-block-image alignwide size-full\"><a href=\"https:\/\/dodo-inflatables.com\/wp-content\/uploads\/2024\/03\/2.png\"><img decoding=\"async\" src=\"https:\/\/dodo-inflatables.com\/wp-content\/uploads\/2024\/03\/2.png\" alt=\"\" class=\"wp-image-7141\"\/><\/a><\/figure>\n<\/div>\n\n\n\n<div class=\"wp-block-column is-layout-flow wp-block-column-is-layout-flow\" style=\"flex-basis:85%\">\n<p><strong>Bankoverf\u00f8ring<\/strong><br\/>Overf\u00f8r direkte til v\u00e5r bankkonto. Vennligst bruk ordrenummeret som betalingsgrunn. Bestillingen din vil f\u00f8rst bli sendt n\u00e5r vi har mottatt pengene p\u00e5 kontoen v\u00e5r. Hvis du trenger bestillingen din raskt, kan du bare sende oss betalingsbeviset for overf\u00f8ringen din via e-post, s\u00e5 kan vi fremskynde hele prosessen.<\/p>\n<\/div>\n<\/div>\n\n<div style=\"height:40px\" aria-hidden=\"true\" class=\"wp-block-spacer\"><\/div>\n\n<div class=\"wp-block-columns is-layout-flex wp-container-core-columns-is-layout-28f84493 wp-block-columns-is-layout-flex\">\n<div class=\"wp-block-column is-vertically-aligned-center is-layout-flow wp-block-column-is-layout-flow\" style=\"flex-basis:15%\">\n<figure class=\"wp-block-image alignwide size-full\"><a href=\"https:\/\/dodo-inflatables.com\/wp-content\/uploads\/2024\/03\/7.png\"><img decoding=\"async\" src=\"https:\/\/dodo-inflatables.com\/wp-content\/uploads\/2024\/03\/7.png\" alt=\"\" class=\"wp-image-7142\"\/><\/a><\/figure>\n<\/div>\n\n\n\n<div class=\"wp-block-column is-layout-flow wp-block-column-is-layout-flow\" style=\"flex-basis:85%\">\n<p><strong>PayPal<\/strong><br\/>Betal for kj\u00f8pene dine enkelt og sikkert med PayPal. Du trenger bare \u00e5 koble til kredittkortet ditt, bankkontoen din eller bruke PayPal-saldoen din til \u00e5 behandle betalinger. Transaksjonene dine er beskyttet, og dataene dine forblir private. S\u00e5 snart betalingen er bekreftet, vil bestillingen din bli behandlet og sendt umiddelbart.<\/p>\n<\/div>\n<\/div>\n\n<div style=\"height:40px\" aria-hidden=\"true\" class=\"wp-block-spacer\"><\/div>\n\n<div class=\"wp-block-columns is-layout-flex wp-container-core-columns-is-layout-28f84493 wp-block-columns-is-layout-flex\">\n<div class=\"wp-block-column is-vertically-aligned-center is-layout-flow wp-block-column-is-layout-flow\" style=\"flex-basis:15%\">\n<figure class=\"wp-block-image alignwide size-full\"><a href=\"https:\/\/dodo-inflatables.com\/wp-content\/uploads\/2024\/03\/7.png\"><img decoding=\"async\" src=\"https:\/\/dodo-inflatables.com\/wp-content\/uploads\/2024\/03\/7.png\" alt=\"\" class=\"wp-image-7142\"\/><\/a><\/figure>\n<\/div>\n\n\n\n<div class=\"wp-block-column is-layout-flow wp-block-column-is-layout-flow\" style=\"flex-basis:85%\">\n<p><strong>Delbetaling via PayPal<\/strong><br\/>Betal enkelt for \u00f8nsket produkt med 12 m\u00e5nedlige avdrag. Legg de \u00f8nskede varene i handlekurven, og velg deretter betalingsm\u00e5ten PayPal i kassen. I neste trinn blir du videresendt til betalingstjenesteleverand\u00f8ren PayPal. Her klikker du p\u00e5 PayPal delbetaling, som er tilgjengelig for deg, forutsatt at du har en god kredittvurdering. Gjelder kun for privatkunder.<\/p>\n<\/div>\n<\/div>\n\n<div style=\"height:40px\" aria-hidden=\"true\" class=\"wp-block-spacer\"><\/div>\n\n<div class=\"wp-block-columns is-layout-flex wp-container-core-columns-is-layout-28f84493 wp-block-columns-is-layout-flex\">\n<div class=\"wp-block-column is-vertically-aligned-center is-layout-flow wp-block-column-is-layout-flow\" style=\"flex-basis:15%\">\n<figure class=\"wp-block-image alignwide size-full\"><a href=\"https:\/\/dodo-inflatables.com\/wp-content\/uploads\/2024\/03\/9.png\"><img decoding=\"async\" src=\"https:\/\/dodo-inflatables.com\/wp-content\/uploads\/2024\/03\/9.png\" alt=\"\" class=\"wp-image-7144\"\/><\/a><\/figure>\n<\/div>\n\n\n\n<div class=\"wp-block-column is-vertically-aligned-center is-layout-flow wp-block-column-is-layout-flow\" style=\"flex-basis:85%\">\n<p><strong>Kredittkort<\/strong><br\/>Betal bestillingen din sikkert og enkelt med kredittkortet ditt. Vi godtar kredittkort fra Visa, MasterCard og American Express. Betalingen gj\u00f8res raskt og enkelt i l\u00f8pet av bestillingsprosessen. Bestillingen din vil bli sendt umiddelbart etter at den er godkjent.<\/p>\n<\/div>\n<\/div>\n\n<div style=\"height:40px\" aria-hidden=\"true\" class=\"wp-block-spacer\"><\/div>\n\n<div class=\"wp-block-columns is-layout-flex wp-container-core-columns-is-layout-28f84493 wp-block-columns-is-layout-flex\">\n<div class=\"wp-block-column is-vertically-aligned-center is-layout-flow wp-block-column-is-layout-flow\" style=\"flex-basis:15%\">\n<figure class=\"wp-block-image alignwide size-full\"><a href=\"https:\/\/dodo-inflatables.com\/wp-content\/uploads\/2024\/03\/13.png\"><img decoding=\"async\" src=\"https:\/\/dodo-inflatables.com\/wp-content\/uploads\/2024\/03\/13.png\" alt=\"\" class=\"wp-image-7148\"\/><\/a><\/figure>\n<\/div>\n\n\n\n<div class=\"wp-block-column is-layout-flow wp-block-column-is-layout-flow\" style=\"flex-basis:85%\">\n<p><strong>Klarna<\/strong><br\/>Med Klarna kan du delbetale kj\u00f8pene dine, betale fakturabel\u00f8pet senere eller betale umiddelbart med den betalingsm\u00e5ten du foretrekker. Velg Klarna i kassen og f\u00e5 en enkel og sikker betalingsopplevelse. Bestillingen din vil bli behandlet raskt og sendt til deg s\u00e5 snart betalingen er fullf\u00f8rt. Kun tilgjengelig i Belgia, Tyskland, Nederland, Sveits, \u00d8sterrike, Danmark, Finland, Norge og Sverige.<\/p>\n<\/div>\n<\/div>\n\n<div style=\"height:40px\" aria-hidden=\"true\" class=\"wp-block-spacer\"><\/div>\n\n<div class=\"wp-block-columns is-layout-flex wp-container-core-columns-is-layout-28f84493 wp-block-columns-is-layout-flex\">\n<div class=\"wp-block-column is-vertically-aligned-center is-layout-flow wp-block-column-is-layout-flow\" style=\"flex-basis:15%\">\n<figure class=\"wp-block-image alignwide size-full\"><a href=\"https:\/\/dodo-inflatables.com\/wp-content\/uploads\/2024\/03\/11.png\"><img decoding=\"async\" src=\"https:\/\/dodo-inflatables.com\/wp-content\/uploads\/2024\/03\/11.png\" alt=\"\" class=\"wp-image-7146\"\/><\/a><\/figure>\n<\/div>\n\n\n\n<div class=\"wp-block-column is-layout-flow wp-block-column-is-layout-flow\" style=\"flex-basis:85%\">\n<p><strong>Apple Pay<\/strong><br\/>Betal enkelt og sikkert med iPhone, iPad, Mac eller Apple Watch. Legg til kreditt- eller debetkort i Apple Pay, og betal med bare et trykk eller et blikk. Transaksjonene dine er sikre og beskyttet av Touch ID eller Face ID. S\u00e5 snart betalingen din er godkjent, vil bestillingen din bli behandlet og sendt umiddelbart.<\/p>\n<\/div>\n<\/div>\n\n<div style=\"height:40px\" aria-hidden=\"true\" class=\"wp-block-spacer\"><\/div>\n\n<div class=\"wp-block-columns is-layout-flex wp-container-core-columns-is-layout-28f84493 wp-block-columns-is-layout-flex\">\n<div class=\"wp-block-column is-vertically-aligned-center is-layout-flow wp-block-column-is-layout-flow\" style=\"flex-basis:15%\">\n<figure class=\"wp-block-image alignwide size-full\"><a href=\"https:\/\/dodo-inflatables.com\/wp-content\/uploads\/2024\/03\/12.png\"><img decoding=\"async\" src=\"https:\/\/dodo-inflatables.com\/wp-content\/uploads\/2024\/03\/12.png\" alt=\"\" class=\"wp-image-7147\"\/><\/a><\/figure>\n<\/div>\n\n\n\n<div class=\"wp-block-column is-layout-flow wp-block-column-is-layout-flow\" style=\"flex-basis:85%\">\n<p><strong>Google Pay<\/strong><br\/>Legg til kreditt- eller debetkort i Google Pay, og betal p\u00e5 nettet med Android-enheten din. Kortopplysningene dine er kryptert og forblir private. Med bare ett klikk eller trykk er betalingen fullf\u00f8rt. N\u00e5r transaksjonen er bekreftet, vil bestillingen din bli behandlet og sendt umiddelbart.<\/p>\n<\/div>\n<\/div>\n\n<div style=\"height:40px\" aria-hidden=\"true\" class=\"wp-block-spacer\"><\/div>\n\n<div class=\"wp-block-columns is-layout-flex wp-container-core-columns-is-layout-28f84493 wp-block-columns-is-layout-flex\">\n<div class=\"wp-block-column is-vertically-aligned-center is-layout-flow wp-block-column-is-layout-flow\" style=\"flex-basis:15%\">\n<figure class=\"wp-block-image alignwide size-full\"><a href=\"https:\/\/dodo-inflatables.com\/wp-content\/uploads\/2024\/03\/18.png\"><img decoding=\"async\" src=\"https:\/\/dodo-inflatables.com\/wp-content\/uploads\/2024\/03\/18.png\" alt=\"\" class=\"wp-image-7153\"\/><\/a><\/figure>\n<\/div>\n\n\n\n<div class=\"wp-block-column is-layout-flow wp-block-column-is-layout-flow\" style=\"flex-basis:85%\">\n<p><strong>EPS<\/strong><br\/>For v\u00e5re \u00f8sterrikske kunder: Med EPS kan du betale direkte via nettbanken din. Velg EPS i kassen, velg bank og logg inn p\u00e5 nettbanken din for \u00e5 fullf\u00f8re betalingen. Bestillingen din vil bli behandlet og sendt umiddelbart etter en vellykket transaksjon.<\/p>\n<\/div>\n<\/div>\n\n<div style=\"height:40px\" aria-hidden=\"true\" class=\"wp-block-spacer\"><\/div>\n\n<div class=\"wp-block-columns is-layout-flex wp-container-core-columns-is-layout-28f84493 wp-block-columns-is-layout-flex\">\n<div class=\"wp-block-column is-vertically-aligned-center is-layout-flow wp-block-column-is-layout-flow\" style=\"flex-basis:15%\">\n<figure class=\"wp-block-image alignwide size-full\"><a href=\"https:\/\/dodo-inflatables.com\/wp-content\/uploads\/2024\/03\/14.png\"><img decoding=\"async\" src=\"https:\/\/dodo-inflatables.com\/wp-content\/uploads\/2024\/03\/14.png\" alt=\"\" class=\"wp-image-7149\"\/><\/a><\/figure>\n<\/div>\n\n\n\n<div class=\"wp-block-column is-layout-flow wp-block-column-is-layout-flow\" style=\"flex-basis:85%\">\n<p><strong>Bancontact<\/strong><br\/>For v\u00e5re belgiske kunder: Med Bancontact kan du betale raskt og enkelt p\u00e5 nettet. Velg Bancontact i kassen, skriv inn bankopplysningene dine og bekreft betalingen med sikkerhetskoden eller smarttelefonen din. Bestillingen din vil bli behandlet umiddelbart og sendt til deg s\u00e5 snart betalingen er gjennomf\u00f8rt.<\/p>\n<\/div>\n<\/div>\n\n<div style=\"height:40px\" aria-hidden=\"true\" class=\"wp-block-spacer\"><\/div>\n\n<div class=\"wp-block-columns is-layout-flex wp-container-core-columns-is-layout-28f84493 wp-block-columns-is-layout-flex\">\n<div class=\"wp-block-column is-vertically-aligned-center is-layout-flow wp-block-column-is-layout-flow\" style=\"flex-basis:15%\">\n<figure class=\"wp-block-image alignwide size-full\"><a href=\"https:\/\/dodo-inflatables.com\/wp-content\/uploads\/2024\/03\/15.png\"><img decoding=\"async\" src=\"https:\/\/dodo-inflatables.com\/wp-content\/uploads\/2024\/03\/15.png\" alt=\"\" class=\"wp-image-7150\"\/><\/a><\/figure>\n<\/div>\n\n\n\n<div class=\"wp-block-column is-layout-flow wp-block-column-is-layout-flow\" style=\"flex-basis:85%\">\n<p><strong>iDEAL<\/strong><br\/>For v\u00e5re nederlandske kunder: Velg iDEAL i kassen, velg bank og logg inn p\u00e5 nettbanken din for \u00e5 fullf\u00f8re betalingen. Bestillingen din vil bli behandlet og sendt umiddelbart etter en vellykket transaksjon.<\/p>\n<\/div>\n<\/div>\n\n<div style=\"height:40px\" aria-hidden=\"true\" class=\"wp-block-spacer\"><\/div>\n\n<div class=\"wp-block-columns is-layout-flex wp-container-core-columns-is-layout-28f84493 wp-block-columns-is-layout-flex\">\n<div class=\"wp-block-column is-vertically-aligned-center is-layout-flow wp-block-column-is-layout-flow\" style=\"flex-basis:15%\">\n<figure class=\"wp-block-image alignwide size-full\"><a href=\"https:\/\/dodo-inflatables.com\/wp-content\/uploads\/2024\/03\/16.png\"><img decoding=\"async\" src=\"https:\/\/dodo-inflatables.com\/wp-content\/uploads\/2024\/03\/16.png\" alt=\"\" class=\"wp-image-7151\"\/><\/a><\/figure>\n<\/div>\n\n\n\n<div class=\"wp-block-column is-layout-flow wp-block-column-is-layout-flow\" style=\"flex-basis:85%\">\n<p><strong>Przelewy24<\/strong><br\/>For v\u00e5re polske kunder: Velg Przelewy24 i kassen, velg bank og logg inn p\u00e5 nettbanken din for \u00e5 fullf\u00f8re betalingen. Bestillingen din vil bli behandlet og sendt umiddelbart etter en vellykket transaksjon.<\/p>\n<\/div>\n<\/div>\n\n<p><\/p>\n","protected":false},"excerpt":{"rendered":"<p>Betalingsalternativer Vi tilbyr ulike betalingsalternativer for at du skal kunne gj\u00f8re et smidig og sikkert kj\u00f8p.Hvis du har sp\u00f8rsm\u00e5l om betalingsm\u00e5tene v\u00e5re, er du velkommen til \u00e5 kontakte oss. Bankoverf\u00f8ringOverf\u00f8r direkte til v\u00e5r bankkonto. Vennligst bruk ordrenummeret som betalingsgrunn. Bestillingen din vil f\u00f8rst bli sendt n\u00e5r vi har mottatt pengene p\u00e5 kontoen v\u00e5r. Hvis du [&hellip;]<\/p>\n","protected":false},"author":1,"featured_media":0,"parent":0,"menu_order":0,"comment_status":"closed","ping_status":"closed","template":"","meta":{"_acf_changed":false,"_uag_custom_page_level_css":"","site-sidebar-layout":"default","site-content-layout":"boxed-container","ast-site-content-layout":"normal-width-container","site-content-style":"boxed","site-sidebar-style":"boxed","ast-global-header-display":"","ast-banner-title-visibility":"","ast-main-header-display":"","ast-hfb-above-header-display":"","ast-hfb-below-header-display":"","ast-hfb-mobile-header-display":"","site-post-title":"disabled","ast-breadcrumbs-content":"disabled","ast-featured-img":"disabled","footer-sml-layout":"","ast-disable-related-posts":"","theme-transparent-header-meta":"","adv-header-id-meta":"7189","stick-header-meta":"","header-above-stick-meta":"","header-main-stick-meta":"","header-below-stick-meta":"","astra-migrate-meta-layouts":"default","ast-page-background-enabled":"default","ast-page-background-meta":{"desktop":{"background-color":"var(--ast-global-color-4)","background-image":"","background-repeat":"repeat","background-position":"center center","background-size":"auto","background-attachment":"scroll","background-type":"","background-media":"","overlay-type":"","overlay-color":"","overlay-opacity":"","overlay-gradient":""},"tablet":{"background-color":"","background-image":"","background-repeat":"repeat","background-position":"center center","background-size":"auto","background-attachment":"scroll","background-type":"","background-media":"","overlay-type":"","overlay-color":"","overlay-opacity":"","overlay-gradient":""},"mobile":{"background-color":"","background-image":"","background-repeat":"repeat","background-position":"center center","background-size":"auto","background-attachment":"scroll","background-type":"","background-media":"","overlay-type":"","overlay-color":"","overlay-opacity":"","overlay-gradient":""}},"ast-content-background-meta":{"desktop":{"background-color":"var(--ast-global-color-5)","background-image":"","background-repeat":"repeat","background-position":"center center","background-size":"auto","background-attachment":"scroll","background-type":"","background-media":"","overlay-type":"","overlay-color":"","overlay-opacity":"","overlay-gradient":""},"tablet":{"background-color":"var(--ast-global-color-5)","background-image":"","background-repeat":"repeat","background-position":"center center","background-size":"auto","background-attachment":"scroll","background-type":"","background-media":"","overlay-type":"","overlay-color":"","overlay-opacity":"","overlay-gradient":""},"mobile":{"background-color":"var(--ast-global-color-5)","background-image":"","background-repeat":"repeat","background-position":"center center","background-size":"auto","background-attachment":"scroll","background-type":"","background-media":"","overlay-type":"","overlay-color":"","overlay-opacity":"","overlay-gradient":""}},"footnotes":""},"class_list":["post-17694","page","type-page","status-publish","hentry"],"acf":[],"yoast_head":"<!-- This site is optimized with the Yoast SEO plugin v27.5 - https:\/\/yoast.com\/product\/yoast-seo-wordpress\/ -->\n<title>Sikre betalingsalternativer for hoppeslottet ditt - Dodo Inflatables<\/title>\n<meta name=\"description\" content=\"Velg glede p\u00e5 en sikker m\u00e5te med Dodo Inflatables! Utforsk ulike betalingsm\u00e5ter og f\u00e5 med deg DIN EN 14960-sertifiserte hoppeslott og hoppeborg hjem.\" \/>\n<meta name=\"robots\" content=\"index, follow, max-snippet:-1, max-image-preview:large, max-video-preview:-1\" \/>\n<link rel=\"canonical\" href=\"https:\/\/dodo-inflatables.com\/no\/betalingsalternativer\/\" \/>\n<meta name=\"twitter:label1\" content=\"Ansl. lesetid\" \/>\n\t<meta name=\"twitter:data1\" content=\"3 minutter\" \/>\n<script type=\"application\/ld+json\" class=\"yoast-schema-graph\">{\"@context\":\"https:\\\/\\\/schema.org\",\"@graph\":[{\"@type\":\"WebPage\",\"@id\":\"https:\\\/\\\/dodo-inflatables.com\\\/no\\\/betalingsalternativer\\\/\",\"url\":\"https:\\\/\\\/dodo-inflatables.com\\\/no\\\/betalingsalternativer\\\/\",\"name\":\"Sikre betalingsalternativer for hoppeslottet ditt - Dodo Inflatables\",\"isPartOf\":{\"@id\":\"https:\\\/\\\/dodo-inflatables.com\\\/no\\\/#website\"},\"primaryImageOfPage\":{\"@id\":\"https:\\\/\\\/dodo-inflatables.com\\\/no\\\/betalingsalternativer\\\/#primaryimage\"},\"image\":{\"@id\":\"https:\\\/\\\/dodo-inflatables.com\\\/no\\\/betalingsalternativer\\\/#primaryimage\"},\"thumbnailUrl\":\"https:\\\/\\\/dodo-inflatables.com\\\/wp-content\\\/uploads\\\/2024\\\/03\\\/2.png\",\"datePublished\":\"2017-01-06T18:43:59+00:00\",\"dateModified\":\"2024-08-19T12:52:41+00:00\",\"description\":\"Velg glede p\u00e5 en sikker m\u00e5te med Dodo Inflatables! Utforsk ulike betalingsm\u00e5ter og f\u00e5 med deg DIN EN 14960-sertifiserte hoppeslott og hoppeborg hjem.\",\"breadcrumb\":{\"@id\":\"https:\\\/\\\/dodo-inflatables.com\\\/no\\\/betalingsalternativer\\\/#breadcrumb\"},\"inLanguage\":\"nb-NO\",\"potentialAction\":[{\"@type\":\"ReadAction\",\"target\":[\"https:\\\/\\\/dodo-inflatables.com\\\/no\\\/betalingsalternativer\\\/\"]}]},{\"@type\":\"ImageObject\",\"inLanguage\":\"nb-NO\",\"@id\":\"https:\\\/\\\/dodo-inflatables.com\\\/no\\\/betalingsalternativer\\\/#primaryimage\",\"url\":\"https:\\\/\\\/dodo-inflatables.com\\\/wp-content\\\/uploads\\\/2024\\\/03\\\/2.png\",\"contentUrl\":\"https:\\\/\\\/dodo-inflatables.com\\\/wp-content\\\/uploads\\\/2024\\\/03\\\/2.png\"},{\"@type\":\"BreadcrumbList\",\"@id\":\"https:\\\/\\\/dodo-inflatables.com\\\/no\\\/betalingsalternativer\\\/#breadcrumb\",\"itemListElement\":[{\"@type\":\"ListItem\",\"position\":1,\"name\":\"Hjem\",\"item\":\"https:\\\/\\\/dodo-inflatables.com\\\/no\\\/\"},{\"@type\":\"ListItem\",\"position\":2,\"name\":\"Betalingsalternativer\"}]},{\"@type\":\"WebSite\",\"@id\":\"https:\\\/\\\/dodo-inflatables.com\\\/no\\\/#website\",\"url\":\"https:\\\/\\\/dodo-inflatables.com\\\/no\\\/\",\"name\":\"dodo-inflatables.com\",\"description\":\"Kj\u00f8p hoppeslott og attraksjoner i butikken v\u00e5r.\",\"potentialAction\":[{\"@type\":\"SearchAction\",\"target\":{\"@type\":\"EntryPoint\",\"urlTemplate\":\"https:\\\/\\\/dodo-inflatables.com\\\/no\\\/?s={search_term_string}\"},\"query-input\":{\"@type\":\"PropertyValueSpecification\",\"valueRequired\":true,\"valueName\":\"search_term_string\"}}],\"inLanguage\":\"nb-NO\"}]}<\/script>\n<!-- \/ Yoast SEO plugin. -->","yoast_head_json":{"title":"Sikre betalingsalternativer for hoppeslottet ditt - Dodo Inflatables","description":"Velg glede p\u00e5 en sikker m\u00e5te med Dodo Inflatables! Utforsk ulike betalingsm\u00e5ter og f\u00e5 med deg DIN EN 14960-sertifiserte hoppeslott og hoppeborg hjem.","robots":{"index":"index","follow":"follow","max-snippet":"max-snippet:-1","max-image-preview":"max-image-preview:large","max-video-preview":"max-video-preview:-1"},"canonical":"https:\/\/dodo-inflatables.com\/no\/betalingsalternativer\/","twitter_misc":{"Ansl. lesetid":"3 minutter"},"schema":{"@context":"https:\/\/schema.org","@graph":[{"@type":"WebPage","@id":"https:\/\/dodo-inflatables.com\/no\/betalingsalternativer\/","url":"https:\/\/dodo-inflatables.com\/no\/betalingsalternativer\/","name":"Sikre betalingsalternativer for hoppeslottet ditt - Dodo Inflatables","isPartOf":{"@id":"https:\/\/dodo-inflatables.com\/no\/#website"},"primaryImageOfPage":{"@id":"https:\/\/dodo-inflatables.com\/no\/betalingsalternativer\/#primaryimage"},"image":{"@id":"https:\/\/dodo-inflatables.com\/no\/betalingsalternativer\/#primaryimage"},"thumbnailUrl":"https:\/\/dodo-inflatables.com\/wp-content\/uploads\/2024\/03\/2.png","datePublished":"2017-01-06T18:43:59+00:00","dateModified":"2024-08-19T12:52:41+00:00","description":"Velg glede p\u00e5 en sikker m\u00e5te med Dodo Inflatables! Utforsk ulike betalingsm\u00e5ter og f\u00e5 med deg DIN EN 14960-sertifiserte hoppeslott og hoppeborg hjem.","breadcrumb":{"@id":"https:\/\/dodo-inflatables.com\/no\/betalingsalternativer\/#breadcrumb"},"inLanguage":"nb-NO","potentialAction":[{"@type":"ReadAction","target":["https:\/\/dodo-inflatables.com\/no\/betalingsalternativer\/"]}]},{"@type":"ImageObject","inLanguage":"nb-NO","@id":"https:\/\/dodo-inflatables.com\/no\/betalingsalternativer\/#primaryimage","url":"https:\/\/dodo-inflatables.com\/wp-content\/uploads\/2024\/03\/2.png","contentUrl":"https:\/\/dodo-inflatables.com\/wp-content\/uploads\/2024\/03\/2.png"},{"@type":"BreadcrumbList","@id":"https:\/\/dodo-inflatables.com\/no\/betalingsalternativer\/#breadcrumb","itemListElement":[{"@type":"ListItem","position":1,"name":"Hjem","item":"https:\/\/dodo-inflatables.com\/no\/"},{"@type":"ListItem","position":2,"name":"Betalingsalternativer"}]},{"@type":"WebSite","@id":"https:\/\/dodo-inflatables.com\/no\/#website","url":"https:\/\/dodo-inflatables.com\/no\/","name":"dodo-inflatables.com","description":"Kj\u00f8p hoppeslott og attraksjoner i butikken v\u00e5r.","potentialAction":[{"@type":"SearchAction","target":{"@type":"EntryPoint","urlTemplate":"https:\/\/dodo-inflatables.com\/no\/?s={search_term_string}"},"query-input":{"@type":"PropertyValueSpecification","valueRequired":true,"valueName":"search_term_string"}}],"inLanguage":"nb-NO"}]}},"uagb_featured_image_src":{"full":false,"thumbnail":false,"medium":false,"medium_large":false,"large":false,"1536x1536":false,"2048x2048":false,"woocommerce_thumbnail":false,"woocommerce_single":false,"woocommerce_gallery_thumbnail":false},"uagb_author_info":{"display_name":"Andreas","author_link":"https:\/\/dodo-inflatables.com\/no\/author\/andreas\/"},"uagb_comment_info":0,"uagb_excerpt":"Betalingsalternativer Vi tilbyr ulike betalingsalternativer for at du skal kunne gj\u00f8re et smidig og sikkert kj\u00f8p.Hvis du har sp\u00f8rsm\u00e5l om betalingsm\u00e5tene v\u00e5re, er du velkommen til \u00e5 kontakte oss. Bankoverf\u00f8ringOverf\u00f8r direkte til v\u00e5r bankkonto. Vennligst bruk ordrenummeret som betalingsgrunn. Bestillingen din vil f\u00f8rst bli sendt n\u00e5r vi har mottatt pengene p\u00e5 kontoen v\u00e5r. Hvis du&hellip;","_links":{"self":[{"href":"https:\/\/dodo-inflatables.com\/no\/wp-json\/wp\/v2\/pages\/17694","targetHints":{"allow":["GET"]}}],"collection":[{"href":"https:\/\/dodo-inflatables.com\/no\/wp-json\/wp\/v2\/pages"}],"about":[{"href":"https:\/\/dodo-inflatables.com\/no\/wp-json\/wp\/v2\/types\/page"}],"author":[{"embeddable":true,"href":"https:\/\/dodo-inflatables.com\/no\/wp-json\/wp\/v2\/users\/1"}],"replies":[{"embeddable":true,"href":"https:\/\/dodo-inflatables.com\/no\/wp-json\/wp\/v2\/comments?post=17694"}],"version-history":[{"count":2,"href":"https:\/\/dodo-inflatables.com\/no\/wp-json\/wp\/v2\/pages\/17694\/revisions"}],"predecessor-version":[{"id":17699,"href":"https:\/\/dodo-inflatables.com\/no\/wp-json\/wp\/v2\/pages\/17694\/revisions\/17699"}],"wp:attachment":[{"href":"https:\/\/dodo-inflatables.com\/no\/wp-json\/wp\/v2\/media?parent=17694"}],"curies":[{"name":"wp","href":"https:\/\/api.w.org\/{rel}","templated":true}]}}