{"id":17801,"date":"2025-03-11T17:02:51","date_gmt":"2025-03-11T16:02:51","guid":{"rendered":"https:\/\/dodo-inflatables.com\/juridisk-merknad\/"},"modified":"2025-07-20T09:13:43","modified_gmt":"2025-07-20T07:13:43","slug":"juridisk-merknad","status":"publish","type":"page","link":"https:\/\/dodo-inflatables.com\/no\/juridisk-merknad\/","title":{"rendered":"Juridisk merknad"},"content":{"rendered":"\n<div class=\"wp-block-uagb-advanced-heading uagb-block-144f1230\"><h2 class=\"uagb-heading-text\">Juridisk merknad<\/h2><\/div>\n\n\n\n<div style=\"height:43px\" aria-hidden=\"true\" class=\"wp-block-spacer\"><\/div>\n\n\n<p>Miet Event Vertriebs GmbH<br \/>Ferdinand-Porsche-Stra\u00dfe 4<br \/>82205 Gilching<br \/>Tyskland<\/p>\n<p>Tlf.: 089 12 50 18 700<br \/>E-post: contact@dodo-inflatables.com<\/p>\n<p>Registerdomstol: Amtsgericht M\u00fcnchen<br \/>Registernummer: HRB 238608<\/p>\n<p>Administrerende direkt\u00f8r: Andreas Fr\u00f6schl<\/p>\n<p>VAT-Number: DE31727461<\/p>\n<p>WEEE-Reg.-Nr. DE 82972723<br \/>Informasjonsplikter i henhold til \u00a718 para. 4 setning 3 ElektroG:<br \/><a href=\"https:\/\/www.bmuv.de\/themen\/wasser-ressourcen-abfall\/kreislaufwirtschaft\/statistiken\/elektro-und-elektronikaltgeraete\" target=\"_blank\" rel=\"noopener\">https:\/\/www.bmuv.de\/themen\/wasser-ressourcen-abfall\/kreislaufwirtschaft\/statistiken\/elektro-und-elektronikaltgeraete<\/a><\/p>\n<p>Ansvarlig part i henhold til \u00a7 18 para. 2 MStV:<br \/>Miet Event Vertriebs GmbH, Andreas Fr\u00f6schl, Ferdinand-Porsche-Stra\u00dfe 4, 82205 Gilching<\/p>\n<p>Tilsynsmyndighet for levering av audiovisuelle medietjenester:<br \/>Bayerische Landeszentrale f\u00fcr neue Medien (BLM), Heinrich-L\u00fcbke-Str. 27, 81737 M\u00fcnchen<\/p>\n<p>Vi er verken forpliktet eller villige til \u00e5 delta i en tvistel\u00f8sningsprosess i en voldgiftsnemnd for forbrukere.<\/p>\n<p><img decoding=\"async\" src=\"https:\/\/www.it-recht-kanzlei.de\/gfx\/Logos\/logo-fairness-160.png\" alt=\"\" \/>Medlem av &laquo;Fairness in Trade&raquo;-initiativet.<br \/>Ytterligere informasjon: <a href=\"https:\/\/www.fairness-im-handel.de\/\" target=\"_blank\" rel=\"noopener\">https:\/\/www.fairness-im-handel.de<\/a><\/p>","protected":false},"excerpt":{"rendered":"<p>Juridisk merknad Miet Event Vertriebs GmbHFerdinand-Porsche-Stra\u00dfe 482205 GilchingTyskland Tlf.: 089 12 50 18 700E-post: contact@dodo-inflatables.com Registerdomstol: Amtsgericht M\u00fcnchenRegisternummer: HRB 238608 Administrerende direkt\u00f8r: Andreas Fr\u00f6schl VAT-Number: DE31727461 WEEE-Reg.-Nr. DE 82972723Informasjonsplikter i henhold til \u00a718 para. 4 setning 3 ElektroG:https:\/\/www.bmuv.de\/themen\/wasser-ressourcen-abfall\/kreislaufwirtschaft\/statistiken\/elektro-und-elektronikaltgeraete Ansvarlig part i henhold til \u00a7 18 para. 2 MStV:Miet Event Vertriebs GmbH, Andreas Fr\u00f6schl, Ferdinand-Porsche-Stra\u00dfe 4, [&hellip;]<\/p>\n","protected":false},"author":1,"featured_media":0,"parent":0,"menu_order":0,"comment_status":"closed","ping_status":"closed","template":"","meta":{"_acf_changed":false,"_uag_custom_page_level_css":"","site-sidebar-layout":"default","site-content-layout":"content-boxed-container","ast-site-content-layout":"narrow-width-container","site-content-style":"boxed","site-sidebar-style":"unboxed","ast-global-header-display":"","ast-banner-title-visibility":"","ast-main-header-display":"","ast-hfb-above-header-display":"","ast-hfb-below-header-display":"","ast-hfb-mobile-header-display":"","site-post-title":"disabled","ast-breadcrumbs-content":"disabled","ast-featured-img":"disabled","footer-sml-layout":"","ast-disable-related-posts":"","theme-transparent-header-meta":"","adv-header-id-meta":"7189","stick-header-meta":"","header-above-stick-meta":"","header-main-stick-meta":"","header-below-stick-meta":"","astra-migrate-meta-layouts":"set","ast-page-background-enabled":"default","ast-page-background-meta":{"desktop":{"background-color":"var(--ast-global-color-4)","background-image":"","background-repeat":"repeat","background-position":"center center","background-size":"auto","background-attachment":"scroll","background-type":"","background-media":"","overlay-type":"","overlay-color":"","overlay-opacity":"","overlay-gradient":""},"tablet":{"background-color":"","background-image":"","background-repeat":"repeat","background-position":"center center","background-size":"auto","background-attachment":"scroll","background-type":"","background-media":"","overlay-type":"","overlay-color":"","overlay-opacity":"","overlay-gradient":""},"mobile":{"background-color":"","background-image":"","background-repeat":"repeat","background-position":"center center","background-size":"auto","background-attachment":"scroll","background-type":"","background-media":"","overlay-type":"","overlay-color":"","overlay-opacity":"","overlay-gradient":""}},"ast-content-background-meta":{"desktop":{"background-color":"var(--ast-global-color-5)","background-image":"","background-repeat":"repeat","background-position":"center center","background-size":"auto","background-attachment":"scroll","background-type":"","background-media":"","overlay-type":"","overlay-color":"","overlay-opacity":"","overlay-gradient":""},"tablet":{"background-color":"var(--ast-global-color-5)","background-image":"","background-repeat":"repeat","background-position":"center center","background-size":"auto","background-attachment":"scroll","background-type":"","background-media":"","overlay-type":"","overlay-color":"","overlay-opacity":"","overlay-gradient":""},"mobile":{"background-color":"var(--ast-global-color-5)","background-image":"","background-repeat":"repeat","background-position":"center center","background-size":"auto","background-attachment":"scroll","background-type":"","background-media":"","overlay-type":"","overlay-color":"","overlay-opacity":"","overlay-gradient":""}},"footnotes":""},"class_list":["post-17801","page","type-page","status-publish","hentry"],"acf":[],"yoast_head":"<!-- This site is optimized with the Yoast SEO plugin v27.4 - https:\/\/yoast.com\/product\/yoast-seo-wordpress\/ -->\n<title>Kj\u00f8p et hoppeslott | Imprint | Dodo-Inflatables.com<\/title>\n<meta name=\"description\" content=\"Opplev fortreffelighet med Dodo Inflatables! Hoppeslottene v\u00e5re er sertifisert i henhold til DIN EN 14960, noe som garanterer de h\u00f8yeste sikkerhetsstandardene for din hoppeglede\" \/>\n<meta name=\"robots\" content=\"index, follow, max-snippet:-1, max-image-preview:large, max-video-preview:-1\" \/>\n<link rel=\"canonical\" href=\"https:\/\/dodo-inflatables.com\/no\/juridisk-merknad\/\" \/>\n<meta name=\"twitter:label1\" content=\"Ansl. lesetid\" \/>\n\t<meta name=\"twitter:data1\" content=\"1 minutt\" \/>\n<script type=\"application\/ld+json\" class=\"yoast-schema-graph\">{\"@context\":\"https:\\\/\\\/schema.org\",\"@graph\":[{\"@type\":\"WebPage\",\"@id\":\"https:\\\/\\\/dodo-inflatables.com\\\/no\\\/juridisk-merknad\\\/\",\"url\":\"https:\\\/\\\/dodo-inflatables.com\\\/no\\\/juridisk-merknad\\\/\",\"name\":\"Kj\u00f8p et hoppeslott | Imprint | Dodo-Inflatables.com\",\"isPartOf\":{\"@id\":\"https:\\\/\\\/dodo-inflatables.com\\\/no\\\/#website\"},\"primaryImageOfPage\":{\"@id\":\"https:\\\/\\\/dodo-inflatables.com\\\/no\\\/juridisk-merknad\\\/#primaryimage\"},\"image\":{\"@id\":\"https:\\\/\\\/dodo-inflatables.com\\\/no\\\/juridisk-merknad\\\/#primaryimage\"},\"thumbnailUrl\":\"https:\\\/\\\/www.it-recht-kanzlei.de\\\/gfx\\\/Logos\\\/logo-fairness-160.png\",\"datePublished\":\"2025-03-11T16:02:51+00:00\",\"dateModified\":\"2025-07-20T07:13:43+00:00\",\"description\":\"Opplev fortreffelighet med Dodo Inflatables! Hoppeslottene v\u00e5re er sertifisert i henhold til DIN EN 14960, noe som garanterer de h\u00f8yeste sikkerhetsstandardene for din hoppeglede\",\"breadcrumb\":{\"@id\":\"https:\\\/\\\/dodo-inflatables.com\\\/no\\\/juridisk-merknad\\\/#breadcrumb\"},\"inLanguage\":\"nb-NO\",\"potentialAction\":[{\"@type\":\"ReadAction\",\"target\":[\"https:\\\/\\\/dodo-inflatables.com\\\/no\\\/juridisk-merknad\\\/\"]}]},{\"@type\":\"ImageObject\",\"inLanguage\":\"nb-NO\",\"@id\":\"https:\\\/\\\/dodo-inflatables.com\\\/no\\\/juridisk-merknad\\\/#primaryimage\",\"url\":\"https:\\\/\\\/www.it-recht-kanzlei.de\\\/gfx\\\/Logos\\\/logo-fairness-160.png\",\"contentUrl\":\"https:\\\/\\\/www.it-recht-kanzlei.de\\\/gfx\\\/Logos\\\/logo-fairness-160.png\"},{\"@type\":\"BreadcrumbList\",\"@id\":\"https:\\\/\\\/dodo-inflatables.com\\\/no\\\/juridisk-merknad\\\/#breadcrumb\",\"itemListElement\":[{\"@type\":\"ListItem\",\"position\":1,\"name\":\"Hjem\",\"item\":\"https:\\\/\\\/dodo-inflatables.com\\\/no\\\/\"},{\"@type\":\"ListItem\",\"position\":2,\"name\":\"Juridisk merknad\"}]},{\"@type\":\"WebSite\",\"@id\":\"https:\\\/\\\/dodo-inflatables.com\\\/no\\\/#website\",\"url\":\"https:\\\/\\\/dodo-inflatables.com\\\/no\\\/\",\"name\":\"dodo-inflatables.com\",\"description\":\"Kj\u00f8p hoppeslott og attraksjoner i butikken v\u00e5r.\",\"publisher\":{\"@id\":\"https:\\\/\\\/dodo-inflatables.com\\\/no\\\/#organization\"},\"potentialAction\":[{\"@type\":\"SearchAction\",\"target\":{\"@type\":\"EntryPoint\",\"urlTemplate\":\"https:\\\/\\\/dodo-inflatables.com\\\/no\\\/?s={search_term_string}\"},\"query-input\":{\"@type\":\"PropertyValueSpecification\",\"valueRequired\":true,\"valueName\":\"search_term_string\"}}],\"inLanguage\":\"nb-NO\"},{\"@type\":\"Organization\",\"@id\":\"https:\\\/\\\/dodo-inflatables.com\\\/no\\\/#organization\",\"name\":\"dodo-inflatables.com\",\"url\":\"https:\\\/\\\/dodo-inflatables.com\\\/no\\\/\",\"logo\":{\"@type\":\"ImageObject\",\"inLanguage\":\"nb-NO\",\"@id\":\"https:\\\/\\\/dodo-inflatables.com\\\/no\\\/#\\\/schema\\\/logo\\\/image\\\/\",\"url\":\"https:\\\/\\\/dodo-inflatables.com\\\/wp-content\\\/uploads\\\/2023\\\/04\\\/cropped-cropped-cropped-Dodo-Logo-scaled.png\",\"contentUrl\":\"https:\\\/\\\/dodo-inflatables.com\\\/wp-content\\\/uploads\\\/2023\\\/04\\\/cropped-cropped-cropped-Dodo-Logo-scaled.png\",\"width\":2560,\"height\":1320,\"caption\":\"dodo-inflatables.com\"},\"image\":{\"@id\":\"https:\\\/\\\/dodo-inflatables.com\\\/no\\\/#\\\/schema\\\/logo\\\/image\\\/\"}}]}<\/script>\n<!-- \/ Yoast SEO plugin. -->","yoast_head_json":{"title":"Kj\u00f8p et hoppeslott | Imprint | Dodo-Inflatables.com","description":"Opplev fortreffelighet med Dodo Inflatables! Hoppeslottene v\u00e5re er sertifisert i henhold til DIN EN 14960, noe som garanterer de h\u00f8yeste sikkerhetsstandardene for din hoppeglede","robots":{"index":"index","follow":"follow","max-snippet":"max-snippet:-1","max-image-preview":"max-image-preview:large","max-video-preview":"max-video-preview:-1"},"canonical":"https:\/\/dodo-inflatables.com\/no\/juridisk-merknad\/","twitter_misc":{"Ansl. lesetid":"1 minutt"},"schema":{"@context":"https:\/\/schema.org","@graph":[{"@type":"WebPage","@id":"https:\/\/dodo-inflatables.com\/no\/juridisk-merknad\/","url":"https:\/\/dodo-inflatables.com\/no\/juridisk-merknad\/","name":"Kj\u00f8p et hoppeslott | Imprint | Dodo-Inflatables.com","isPartOf":{"@id":"https:\/\/dodo-inflatables.com\/no\/#website"},"primaryImageOfPage":{"@id":"https:\/\/dodo-inflatables.com\/no\/juridisk-merknad\/#primaryimage"},"image":{"@id":"https:\/\/dodo-inflatables.com\/no\/juridisk-merknad\/#primaryimage"},"thumbnailUrl":"https:\/\/www.it-recht-kanzlei.de\/gfx\/Logos\/logo-fairness-160.png","datePublished":"2025-03-11T16:02:51+00:00","dateModified":"2025-07-20T07:13:43+00:00","description":"Opplev fortreffelighet med Dodo Inflatables! Hoppeslottene v\u00e5re er sertifisert i henhold til DIN EN 14960, noe som garanterer de h\u00f8yeste sikkerhetsstandardene for din hoppeglede","breadcrumb":{"@id":"https:\/\/dodo-inflatables.com\/no\/juridisk-merknad\/#breadcrumb"},"inLanguage":"nb-NO","potentialAction":[{"@type":"ReadAction","target":["https:\/\/dodo-inflatables.com\/no\/juridisk-merknad\/"]}]},{"@type":"ImageObject","inLanguage":"nb-NO","@id":"https:\/\/dodo-inflatables.com\/no\/juridisk-merknad\/#primaryimage","url":"https:\/\/www.it-recht-kanzlei.de\/gfx\/Logos\/logo-fairness-160.png","contentUrl":"https:\/\/www.it-recht-kanzlei.de\/gfx\/Logos\/logo-fairness-160.png"},{"@type":"BreadcrumbList","@id":"https:\/\/dodo-inflatables.com\/no\/juridisk-merknad\/#breadcrumb","itemListElement":[{"@type":"ListItem","position":1,"name":"Hjem","item":"https:\/\/dodo-inflatables.com\/no\/"},{"@type":"ListItem","position":2,"name":"Juridisk merknad"}]},{"@type":"WebSite","@id":"https:\/\/dodo-inflatables.com\/no\/#website","url":"https:\/\/dodo-inflatables.com\/no\/","name":"dodo-inflatables.com","description":"Kj\u00f8p hoppeslott og attraksjoner i butikken v\u00e5r.","publisher":{"@id":"https:\/\/dodo-inflatables.com\/no\/#organization"},"potentialAction":[{"@type":"SearchAction","target":{"@type":"EntryPoint","urlTemplate":"https:\/\/dodo-inflatables.com\/no\/?s={search_term_string}"},"query-input":{"@type":"PropertyValueSpecification","valueRequired":true,"valueName":"search_term_string"}}],"inLanguage":"nb-NO"},{"@type":"Organization","@id":"https:\/\/dodo-inflatables.com\/no\/#organization","name":"dodo-inflatables.com","url":"https:\/\/dodo-inflatables.com\/no\/","logo":{"@type":"ImageObject","inLanguage":"nb-NO","@id":"https:\/\/dodo-inflatables.com\/no\/#\/schema\/logo\/image\/","url":"https:\/\/dodo-inflatables.com\/wp-content\/uploads\/2023\/04\/cropped-cropped-cropped-Dodo-Logo-scaled.png","contentUrl":"https:\/\/dodo-inflatables.com\/wp-content\/uploads\/2023\/04\/cropped-cropped-cropped-Dodo-Logo-scaled.png","width":2560,"height":1320,"caption":"dodo-inflatables.com"},"image":{"@id":"https:\/\/dodo-inflatables.com\/no\/#\/schema\/logo\/image\/"}}]}},"uagb_featured_image_src":{"full":false,"thumbnail":false,"medium":false,"medium_large":false,"large":false,"1536x1536":false,"2048x2048":false,"woocommerce_thumbnail":false,"woocommerce_single":false,"woocommerce_gallery_thumbnail":false},"uagb_author_info":{"display_name":"Andreas","author_link":"https:\/\/dodo-inflatables.com\/no\/author\/andreas\/"},"uagb_comment_info":0,"uagb_excerpt":"Juridisk merknad Miet Event Vertriebs GmbHFerdinand-Porsche-Stra\u00dfe 482205 GilchingTyskland Tlf.: 089 12 50 18 700E-post: contact@dodo-inflatables.com Registerdomstol: Amtsgericht M\u00fcnchenRegisternummer: HRB 238608 Administrerende direkt\u00f8r: Andreas Fr\u00f6schl VAT-Number: DE31727461 WEEE-Reg.-Nr. DE 82972723Informasjonsplikter i henhold til \u00a718 para. 4 setning 3 ElektroG:https:\/\/www.bmuv.de\/themen\/wasser-ressourcen-abfall\/kreislaufwirtschaft\/statistiken\/elektro-und-elektronikaltgeraete Ansvarlig part i henhold til \u00a7 18 para. 2 MStV:Miet Event Vertriebs GmbH, Andreas Fr\u00f6schl, Ferdinand-Porsche-Stra\u00dfe 4,&hellip;","_links":{"self":[{"href":"https:\/\/dodo-inflatables.com\/no\/wp-json\/wp\/v2\/pages\/17801","targetHints":{"allow":["GET"]}}],"collection":[{"href":"https:\/\/dodo-inflatables.com\/no\/wp-json\/wp\/v2\/pages"}],"about":[{"href":"https:\/\/dodo-inflatables.com\/no\/wp-json\/wp\/v2\/types\/page"}],"author":[{"embeddable":true,"href":"https:\/\/dodo-inflatables.com\/no\/wp-json\/wp\/v2\/users\/1"}],"replies":[{"embeddable":true,"href":"https:\/\/dodo-inflatables.com\/no\/wp-json\/wp\/v2\/comments?post=17801"}],"version-history":[{"count":4,"href":"https:\/\/dodo-inflatables.com\/no\/wp-json\/wp\/v2\/pages\/17801\/revisions"}],"predecessor-version":[{"id":89819,"href":"https:\/\/dodo-inflatables.com\/no\/wp-json\/wp\/v2\/pages\/17801\/revisions\/89819"}],"wp:attachment":[{"href":"https:\/\/dodo-inflatables.com\/no\/wp-json\/wp\/v2\/media?parent=17801"}],"curies":[{"name":"wp","href":"https:\/\/api.w.org\/{rel}","templated":true}]}}