{"id":18619,"date":"2024-03-07T19:04:26","date_gmt":"2024-03-07T18:04:26","guid":{"rendered":"https:\/\/dodo-inflatables.com\/kjop-escorregas-insuflaveis-og-castelos-insuflaveis-for-portugal\/"},"modified":"2024-07-17T15:16:03","modified_gmt":"2024-07-17T13:16:03","slug":"kjop-escorregas-insuflaveis-og-castelos-insuflaveis-for-portugal","status":"publish","type":"page","link":"https:\/\/dodo-inflatables.com\/no\/kjop-escorregas-insuflaveis-og-castelos-insuflaveis-for-portugal\/","title":{"rendered":"Kj\u00f8p escorregas insufl\u00e1veis og castelos insufl\u00e1veis for Portugal"},"content":{"rendered":"\n<h2 class=\"wp-block-heading has-text-align-center\"><strong>Kj\u00f8p escorregas insufl\u00e1veis og castelos insufl\u00e1veis for Portugal<\/strong><\/h2>\n\n<figure class=\"wp-block-image aligncenter size-large\"><a href=\"https:\/\/dodo-inflatables.com\/wp-content\/uploads\/2022\/01\/seperator-kleiner.png\"><img loading=\"lazy\" decoding=\"async\" width=\"1024\" height=\"102\" src=\"https:\/\/dodo-inflatables.com\/wp-content\/uploads\/2022\/01\/seperator-kleiner-1024x102.png\" alt=\"\" class=\"wp-image-4026\" srcset=\"https:\/\/dodo-inflatables.com\/wp-content\/uploads\/2022\/01\/seperator-kleiner-1024x102.png 1024w, https:\/\/dodo-inflatables.com\/wp-content\/uploads\/2022\/01\/seperator-kleiner-900x90.png 900w, https:\/\/dodo-inflatables.com\/wp-content\/uploads\/2022\/01\/seperator-kleiner-300x30.png 300w, https:\/\/dodo-inflatables.com\/wp-content\/uploads\/2022\/01\/seperator-kleiner-768x77.png 768w, https:\/\/dodo-inflatables.com\/wp-content\/uploads\/2022\/01\/seperator-kleiner-1536x154.png 1536w, https:\/\/dodo-inflatables.com\/wp-content\/uploads\/2022\/01\/seperator-kleiner-340x34.png 340w, https:\/\/dodo-inflatables.com\/wp-content\/uploads\/2022\/01\/seperator-kleiner.png 2000w\" sizes=\"auto, (max-width: 1024px) 100vw, 1024px\" \/><\/a><\/figure>\n\n<h3 class=\"wp-block-heading has-text-align-center\">Bem-vindo a Dodo-Inflatables.com &#8211; a nossa loja online de insuflaveis na Europa!<\/h3>\n\n<p style=\"font-size:17px\">Mergulhe na nossa vasta sele\u00e7\u00e3o de almofadas insufl\u00e1veis de alta qualidade, castelos insufl\u00e1veis e escorregas que dar\u00e3o um toque especial a qualquer ocasi\u00e3o. Quer esteja \u00e0 procura de uma almofada insufl\u00e1vel grande para um evento empresarial, de um pequeno castelo insufl\u00e1vel para uma festa de anivers\u00e1rio infantil ou de um castelo insufl\u00e1vel com escorrega para uma festa de ver\u00e3o &#8211; aqui encontrar\u00e1 certamente algo adequado!<\/p>\n\n<p style=\"font-size:17px\">A nossa gama inclui n\u00e3o s\u00f3 uma variedade de castelos insufl\u00e1veis, mas tamb\u00e9m uma vasta gama de acess\u00f3rios, incluindo Gibbons e insufladores Huawei para castelos insufl\u00e1veis.<\/p>\n\n<p style=\"font-size:17px\">O envio de um insufl\u00e1vel e acess\u00f3rios para <strong>Portugal custa \u20ac219,00<\/strong>. Uma embalagem de acess\u00f3rios para insufl\u00e1veis custa 29,00 euro. Hvis den ikke er p\u00e5 lager, vil den bli sendt til deg umiddelbart etter at du har mottatt betalingen. En entrega em Portugal demora cerca de <strong>4 a 6 dias \u00fateis<\/strong>. \u00c9 poss\u00edvel recolher a almofada insuflavel no nosso armaz\u00e9m em Munique, Alemanha.<\/p>\n\n<p style=\"font-size:17px\">Alle v\u00e5re almofadas insufl\u00e1veis oppfyller de strenge sikkerhetsnormene i <strong>DIN EN 14960<\/strong> og er egnet for privat og kommersiell bruk. Etter at du har kj\u00f8pt produktet, vil du motta en detaljert bruksanvisning og en sertifisert respons p\u00e5 din nye almofada insuflavel.<\/p>\n\n<p style=\"font-size:17px\">Isen\u00e7\u00e3o de IVA para empresas! Hvis du kj\u00f8per som en bedrift, kan du introdusere ditt identifikasjonsnummer for IVA i kassen for \u00e5 gj\u00f8re kj\u00f8p uten gebyrer.<\/p>\n\n<p style=\"font-size:17px\">Quer se trate de um particular \u00e0 procura de um insufl\u00e1vel para a sua pr\u00f3xima festa familiar ou de uma empresa de aluguer comercial que pretende alargar a sua gama, os nossos insufl\u00e1veis s\u00e3o adequados para todos. De facto, a maioria dos nossos clientes em toda a Europa s\u00e3o empresas de aluguer de insufl\u00e1veis que valorizam os nossos produtos para eventos de todas as dimens\u00f5es.<\/p>\n\n<p style=\"font-size:17px\">Esperamos que goste de navegar na nossa loja online e teremos todo o gosto em responder a quaisquer perguntas que possa ter em <a href=\"mailto:contact@dodo-inflatables.com\">contact@dodo-inflatables.com!<\/a><\/p>\n\n<div style=\"height:100px\" aria-hidden=\"true\" class=\"wp-block-spacer\"><\/div>\n","protected":false},"excerpt":{"rendered":"<p>Kj\u00f8p escorregas insufl\u00e1veis og castelos insufl\u00e1veis for Portugal Bem-vindo a Dodo-Inflatables.com &#8211; a nossa loja online de insuflaveis na Europa! Mergulhe na nossa vasta sele\u00e7\u00e3o de almofadas insufl\u00e1veis de alta qualidade, castelos insufl\u00e1veis e escorregas que dar\u00e3o um toque especial a qualquer ocasi\u00e3o. Quer esteja \u00e0 procura de uma almofada insufl\u00e1vel grande para um evento [&hellip;]<\/p>\n","protected":false},"author":1,"featured_media":0,"parent":0,"menu_order":0,"comment_status":"closed","ping_status":"closed","template":"","meta":{"_acf_changed":false,"_uag_custom_page_level_css":"","site-sidebar-layout":"default","site-content-layout":"","ast-site-content-layout":"normal-width-container","site-content-style":"boxed","site-sidebar-style":"default","ast-global-header-display":"","ast-banner-title-visibility":"","ast-main-header-display":"","ast-hfb-above-header-display":"","ast-hfb-below-header-display":"","ast-hfb-mobile-header-display":"","site-post-title":"","ast-breadcrumbs-content":"","ast-featured-img":"","footer-sml-layout":"","ast-disable-related-posts":"","theme-transparent-header-meta":"","adv-header-id-meta":"4069","stick-header-meta":"","header-above-stick-meta":"","header-main-stick-meta":"","header-below-stick-meta":"","astra-migrate-meta-layouts":"default","ast-page-background-enabled":"default","ast-page-background-meta":{"desktop":{"background-color":"var(--ast-global-color-4)","background-image":"","background-repeat":"repeat","background-position":"center center","background-size":"auto","background-attachment":"scroll","background-type":"","background-media":"","overlay-type":"","overlay-color":"","overlay-opacity":"","overlay-gradient":""},"tablet":{"background-color":"","background-image":"","background-repeat":"repeat","background-position":"center center","background-size":"auto","background-attachment":"scroll","background-type":"","background-media":"","overlay-type":"","overlay-color":"","overlay-opacity":"","overlay-gradient":""},"mobile":{"background-color":"","background-image":"","background-repeat":"repeat","background-position":"center center","background-size":"auto","background-attachment":"scroll","background-type":"","background-media":"","overlay-type":"","overlay-color":"","overlay-opacity":"","overlay-gradient":""}},"ast-content-background-meta":{"desktop":{"background-color":"var(--ast-global-color-5)","background-image":"","background-repeat":"repeat","background-position":"center center","background-size":"auto","background-attachment":"scroll","background-type":"","background-media":"","overlay-type":"","overlay-color":"","overlay-opacity":"","overlay-gradient":""},"tablet":{"background-color":"var(--ast-global-color-5)","background-image":"","background-repeat":"repeat","background-position":"center center","background-size":"auto","background-attachment":"scroll","background-type":"","background-media":"","overlay-type":"","overlay-color":"","overlay-opacity":"","overlay-gradient":""},"mobile":{"background-color":"var(--ast-global-color-5)","background-image":"","background-repeat":"repeat","background-position":"center center","background-size":"auto","background-attachment":"scroll","background-type":"","background-media":"","overlay-type":"","overlay-color":"","overlay-opacity":"","overlay-gradient":""}},"footnotes":""},"class_list":["post-18619","page","type-page","status-publish","hentry"],"acf":[],"yoast_head":"<!-- This site is optimized with the Yoast SEO plugin v27.3 - https:\/\/yoast.com\/product\/yoast-seo-wordpress\/ -->\n<title>Kj\u00f8p escorregas insufl\u00e1veis og castelos insufl\u00e1veis for Portugal - dodo-inflatables.com<\/title>\n<meta name=\"robots\" content=\"index, follow, max-snippet:-1, max-image-preview:large, max-video-preview:-1\" \/>\n<link rel=\"canonical\" href=\"https:\/\/dodo-inflatables.com\/no\/kjop-escorregas-insuflaveis-og-castelos-insuflaveis-for-portugal\/\" \/>\n<meta name=\"twitter:label1\" content=\"Ansl. lesetid\" \/>\n\t<meta name=\"twitter:data1\" content=\"2 minutter\" \/>\n<script type=\"application\/ld+json\" class=\"yoast-schema-graph\">{\"@context\":\"https:\\\/\\\/schema.org\",\"@graph\":[{\"@type\":\"WebPage\",\"@id\":\"https:\\\/\\\/dodo-inflatables.com\\\/no\\\/kjop-escorregas-insuflaveis-og-castelos-insuflaveis-for-portugal\\\/\",\"url\":\"https:\\\/\\\/dodo-inflatables.com\\\/no\\\/kjop-escorregas-insuflaveis-og-castelos-insuflaveis-for-portugal\\\/\",\"name\":\"Kj\u00f8p escorregas insufl\u00e1veis og castelos insufl\u00e1veis for Portugal - dodo-inflatables.com\",\"isPartOf\":{\"@id\":\"https:\\\/\\\/dodo-inflatables.com\\\/no\\\/#website\"},\"primaryImageOfPage\":{\"@id\":\"https:\\\/\\\/dodo-inflatables.com\\\/no\\\/kjop-escorregas-insuflaveis-og-castelos-insuflaveis-for-portugal\\\/#primaryimage\"},\"image\":{\"@id\":\"https:\\\/\\\/dodo-inflatables.com\\\/no\\\/kjop-escorregas-insuflaveis-og-castelos-insuflaveis-for-portugal\\\/#primaryimage\"},\"thumbnailUrl\":\"https:\\\/\\\/dodo-inflatables.com\\\/wp-content\\\/uploads\\\/2022\\\/01\\\/seperator-kleiner-1024x102.png\",\"datePublished\":\"2024-03-07T18:04:26+00:00\",\"dateModified\":\"2024-07-17T13:16:03+00:00\",\"breadcrumb\":{\"@id\":\"https:\\\/\\\/dodo-inflatables.com\\\/no\\\/kjop-escorregas-insuflaveis-og-castelos-insuflaveis-for-portugal\\\/#breadcrumb\"},\"inLanguage\":\"nb-NO\",\"potentialAction\":[{\"@type\":\"ReadAction\",\"target\":[\"https:\\\/\\\/dodo-inflatables.com\\\/no\\\/kjop-escorregas-insuflaveis-og-castelos-insuflaveis-for-portugal\\\/\"]}]},{\"@type\":\"ImageObject\",\"inLanguage\":\"nb-NO\",\"@id\":\"https:\\\/\\\/dodo-inflatables.com\\\/no\\\/kjop-escorregas-insuflaveis-og-castelos-insuflaveis-for-portugal\\\/#primaryimage\",\"url\":\"https:\\\/\\\/dodo-inflatables.com\\\/wp-content\\\/uploads\\\/2022\\\/01\\\/seperator-kleiner-1024x102.png\",\"contentUrl\":\"https:\\\/\\\/dodo-inflatables.com\\\/wp-content\\\/uploads\\\/2022\\\/01\\\/seperator-kleiner-1024x102.png\"},{\"@type\":\"BreadcrumbList\",\"@id\":\"https:\\\/\\\/dodo-inflatables.com\\\/no\\\/kjop-escorregas-insuflaveis-og-castelos-insuflaveis-for-portugal\\\/#breadcrumb\",\"itemListElement\":[{\"@type\":\"ListItem\",\"position\":1,\"name\":\"Hjem\",\"item\":\"https:\\\/\\\/dodo-inflatables.com\\\/no\\\/\"},{\"@type\":\"ListItem\",\"position\":2,\"name\":\"Kj\u00f8p escorregas insufl\u00e1veis og castelos insufl\u00e1veis for Portugal\"}]},{\"@type\":\"WebSite\",\"@id\":\"https:\\\/\\\/dodo-inflatables.com\\\/no\\\/#website\",\"url\":\"https:\\\/\\\/dodo-inflatables.com\\\/no\\\/\",\"name\":\"dodo-inflatables.com\",\"description\":\"Kj\u00f8p hoppeslott og attraksjoner i butikken v\u00e5r.\",\"publisher\":{\"@id\":\"https:\\\/\\\/dodo-inflatables.com\\\/no\\\/#organization\"},\"potentialAction\":[{\"@type\":\"SearchAction\",\"target\":{\"@type\":\"EntryPoint\",\"urlTemplate\":\"https:\\\/\\\/dodo-inflatables.com\\\/no\\\/?s={search_term_string}\"},\"query-input\":{\"@type\":\"PropertyValueSpecification\",\"valueRequired\":true,\"valueName\":\"search_term_string\"}}],\"inLanguage\":\"nb-NO\"},{\"@type\":\"Organization\",\"@id\":\"https:\\\/\\\/dodo-inflatables.com\\\/no\\\/#organization\",\"name\":\"dodo-inflatables.com\",\"url\":\"https:\\\/\\\/dodo-inflatables.com\\\/no\\\/\",\"logo\":{\"@type\":\"ImageObject\",\"inLanguage\":\"nb-NO\",\"@id\":\"https:\\\/\\\/dodo-inflatables.com\\\/no\\\/#\\\/schema\\\/logo\\\/image\\\/\",\"url\":\"https:\\\/\\\/dodo-inflatables.com\\\/wp-content\\\/uploads\\\/2023\\\/04\\\/cropped-cropped-cropped-Dodo-Logo-scaled.png\",\"contentUrl\":\"https:\\\/\\\/dodo-inflatables.com\\\/wp-content\\\/uploads\\\/2023\\\/04\\\/cropped-cropped-cropped-Dodo-Logo-scaled.png\",\"width\":2560,\"height\":1320,\"caption\":\"dodo-inflatables.com\"},\"image\":{\"@id\":\"https:\\\/\\\/dodo-inflatables.com\\\/no\\\/#\\\/schema\\\/logo\\\/image\\\/\"}}]}<\/script>\n<!-- \/ Yoast SEO plugin. -->","yoast_head_json":{"title":"Kj\u00f8p escorregas insufl\u00e1veis og castelos insufl\u00e1veis for Portugal - dodo-inflatables.com","robots":{"index":"index","follow":"follow","max-snippet":"max-snippet:-1","max-image-preview":"max-image-preview:large","max-video-preview":"max-video-preview:-1"},"canonical":"https:\/\/dodo-inflatables.com\/no\/kjop-escorregas-insuflaveis-og-castelos-insuflaveis-for-portugal\/","twitter_misc":{"Ansl. lesetid":"2 minutter"},"schema":{"@context":"https:\/\/schema.org","@graph":[{"@type":"WebPage","@id":"https:\/\/dodo-inflatables.com\/no\/kjop-escorregas-insuflaveis-og-castelos-insuflaveis-for-portugal\/","url":"https:\/\/dodo-inflatables.com\/no\/kjop-escorregas-insuflaveis-og-castelos-insuflaveis-for-portugal\/","name":"Kj\u00f8p escorregas insufl\u00e1veis og castelos insufl\u00e1veis for Portugal - dodo-inflatables.com","isPartOf":{"@id":"https:\/\/dodo-inflatables.com\/no\/#website"},"primaryImageOfPage":{"@id":"https:\/\/dodo-inflatables.com\/no\/kjop-escorregas-insuflaveis-og-castelos-insuflaveis-for-portugal\/#primaryimage"},"image":{"@id":"https:\/\/dodo-inflatables.com\/no\/kjop-escorregas-insuflaveis-og-castelos-insuflaveis-for-portugal\/#primaryimage"},"thumbnailUrl":"https:\/\/dodo-inflatables.com\/wp-content\/uploads\/2022\/01\/seperator-kleiner-1024x102.png","datePublished":"2024-03-07T18:04:26+00:00","dateModified":"2024-07-17T13:16:03+00:00","breadcrumb":{"@id":"https:\/\/dodo-inflatables.com\/no\/kjop-escorregas-insuflaveis-og-castelos-insuflaveis-for-portugal\/#breadcrumb"},"inLanguage":"nb-NO","potentialAction":[{"@type":"ReadAction","target":["https:\/\/dodo-inflatables.com\/no\/kjop-escorregas-insuflaveis-og-castelos-insuflaveis-for-portugal\/"]}]},{"@type":"ImageObject","inLanguage":"nb-NO","@id":"https:\/\/dodo-inflatables.com\/no\/kjop-escorregas-insuflaveis-og-castelos-insuflaveis-for-portugal\/#primaryimage","url":"https:\/\/dodo-inflatables.com\/wp-content\/uploads\/2022\/01\/seperator-kleiner-1024x102.png","contentUrl":"https:\/\/dodo-inflatables.com\/wp-content\/uploads\/2022\/01\/seperator-kleiner-1024x102.png"},{"@type":"BreadcrumbList","@id":"https:\/\/dodo-inflatables.com\/no\/kjop-escorregas-insuflaveis-og-castelos-insuflaveis-for-portugal\/#breadcrumb","itemListElement":[{"@type":"ListItem","position":1,"name":"Hjem","item":"https:\/\/dodo-inflatables.com\/no\/"},{"@type":"ListItem","position":2,"name":"Kj\u00f8p escorregas insufl\u00e1veis og castelos insufl\u00e1veis for Portugal"}]},{"@type":"WebSite","@id":"https:\/\/dodo-inflatables.com\/no\/#website","url":"https:\/\/dodo-inflatables.com\/no\/","name":"dodo-inflatables.com","description":"Kj\u00f8p hoppeslott og attraksjoner i butikken v\u00e5r.","publisher":{"@id":"https:\/\/dodo-inflatables.com\/no\/#organization"},"potentialAction":[{"@type":"SearchAction","target":{"@type":"EntryPoint","urlTemplate":"https:\/\/dodo-inflatables.com\/no\/?s={search_term_string}"},"query-input":{"@type":"PropertyValueSpecification","valueRequired":true,"valueName":"search_term_string"}}],"inLanguage":"nb-NO"},{"@type":"Organization","@id":"https:\/\/dodo-inflatables.com\/no\/#organization","name":"dodo-inflatables.com","url":"https:\/\/dodo-inflatables.com\/no\/","logo":{"@type":"ImageObject","inLanguage":"nb-NO","@id":"https:\/\/dodo-inflatables.com\/no\/#\/schema\/logo\/image\/","url":"https:\/\/dodo-inflatables.com\/wp-content\/uploads\/2023\/04\/cropped-cropped-cropped-Dodo-Logo-scaled.png","contentUrl":"https:\/\/dodo-inflatables.com\/wp-content\/uploads\/2023\/04\/cropped-cropped-cropped-Dodo-Logo-scaled.png","width":2560,"height":1320,"caption":"dodo-inflatables.com"},"image":{"@id":"https:\/\/dodo-inflatables.com\/no\/#\/schema\/logo\/image\/"}}]}},"uagb_featured_image_src":{"full":false,"thumbnail":false,"medium":false,"medium_large":false,"large":false,"1536x1536":false,"2048x2048":false,"woocommerce_thumbnail":false,"woocommerce_single":false,"woocommerce_gallery_thumbnail":false},"uagb_author_info":{"display_name":"Andreas","author_link":"https:\/\/dodo-inflatables.com\/no\/author\/andreas\/"},"uagb_comment_info":0,"uagb_excerpt":"Kj\u00f8p escorregas insufl\u00e1veis og castelos insufl\u00e1veis for Portugal Bem-vindo a Dodo-Inflatables.com &#8211; a nossa loja online de insuflaveis na Europa! Mergulhe na nossa vasta sele\u00e7\u00e3o de almofadas insufl\u00e1veis de alta qualidade, castelos insufl\u00e1veis e escorregas que dar\u00e3o um toque especial a qualquer ocasi\u00e3o. Quer esteja \u00e0 procura de uma almofada insufl\u00e1vel grande para um evento&hellip;","_links":{"self":[{"href":"https:\/\/dodo-inflatables.com\/no\/wp-json\/wp\/v2\/pages\/18619","targetHints":{"allow":["GET"]}}],"collection":[{"href":"https:\/\/dodo-inflatables.com\/no\/wp-json\/wp\/v2\/pages"}],"about":[{"href":"https:\/\/dodo-inflatables.com\/no\/wp-json\/wp\/v2\/types\/page"}],"author":[{"embeddable":true,"href":"https:\/\/dodo-inflatables.com\/no\/wp-json\/wp\/v2\/users\/1"}],"replies":[{"embeddable":true,"href":"https:\/\/dodo-inflatables.com\/no\/wp-json\/wp\/v2\/comments?post=18619"}],"version-history":[{"count":2,"href":"https:\/\/dodo-inflatables.com\/no\/wp-json\/wp\/v2\/pages\/18619\/revisions"}],"predecessor-version":[{"id":18623,"href":"https:\/\/dodo-inflatables.com\/no\/wp-json\/wp\/v2\/pages\/18619\/revisions\/18623"}],"wp:attachment":[{"href":"https:\/\/dodo-inflatables.com\/no\/wp-json\/wp\/v2\/media?parent=18619"}],"curies":[{"name":"wp","href":"https:\/\/api.w.org\/{rel}","templated":true}]}}