{"id":105425,"date":"2026-04-04T13:54:47","date_gmt":"2026-04-04T11:54:47","guid":{"rendered":"https:\/\/dodo-inflatables.com\/dodo-relaunch?product=tear-aid-reparasjonssett-til-hoppeslott"},"modified":"2026-04-04T13:54:47","modified_gmt":"2026-04-04T11:54:47","slug":"tear-aid-reparasjonssett-til-hoppeslott","status":"publish","type":"product","link":"https:\/\/dodo-inflatables.com\/no\/produkt\/tear-aid-reparasjonssett-til-hoppeslott\/","title":{"rendered":"Tear-Aid reparasjonssett til hoppeslott"},"content":{"rendered":"<h2>Tear-Aid reparasjonssett til hoppeslott<\/h2>\n<h5>Tear-Aid: Den p\u00e5litelige l\u00f8sningen for reparasjon av hoppeslottet ditt<\/h5>\n<p>Forleng levetiden p\u00e5 hoppeslottet ditt med Tear-Aid reparasjonssettet \u2013 den ideelle l\u00f8sningen for raske, enkle og langvarige reparasjoner.<br \/>\nEnten det er sm\u00e5 rifter eller st\u00f8rre hull, tilbyr Tear-Aid den perfekte l\u00f8sningen for \u00e5 f\u00e5 hoppeslottet ditt tilbake i topp stand.<br \/>\n<strong>Sterk og holdbar:<\/strong><br \/>\nDen h\u00f8ykvalitets, elastiske lappen tilpasser seg hoppeslottets bevegelse og gir en langvarig reparasjon som t\u00e5ler intensiv bruk.<br \/>\n<strong>Enkel \u00e5 bruke:<\/strong><br \/>\nTakket v\u00e6re den selvklebende baksiden og de klare instruksjonene kan du reparere rifter og hull p\u00e5 bare noen f\u00e5 minutter.<br \/>\n<strong>Vanntett og lufttett:<\/strong><br \/>\nTear-Aid fungerer ogs\u00e5 p\u00e5litelig i v\u00e5te forhold og hjelper med \u00e5 forhindre at luft slipper ut, slik at hoppeslottet ditt forblir trygt og fullt funksjonelt.<br \/>\n<strong>Transparent design:<\/strong><br \/>\nDet diskrete, transparente materialet smelter s\u00f8ml\u00f8st sammen med enhver farge og ethvert design uten \u00e5 p\u00e5virke utseendet p\u00e5 hoppeslottet ditt.<br \/>\n&nbsp;<br \/>\n<strong>Innhold i settet:<\/strong><\/p>\n<ul>\n<li>1 Tear-Aid lapp (30 x 8 cm)<\/li>\n<li>1 forsterkningsfilament for kantreparasjoner<\/li>\n<li>Alkohol renseputer<\/li>\n<li>Bruksanvisning<\/li>\n<\/ul>\n<p>&nbsp;<\/p>\n","protected":false},"excerpt":{"rendered":"<ul>\n<li>1 Tear-Aid lapp (30 x 8 cm)<\/li>\n<li>1 forsterkningsfilament for kantreparasjoner<\/li>\n<li>Alkohol renseputer<\/li>\n<li>Bruksanvisning<\/li>\n<\/ul>\n","protected":false},"featured_media":105415,"comment_status":"open","ping_status":"closed","template":"","meta":{"_acf_changed":false,"_uag_custom_page_level_css":"","site-sidebar-layout":"default","site-content-layout":"boxed-container","ast-site-content-layout":"normal-width-container","site-content-style":"boxed","site-sidebar-style":"default","ast-global-header-display":"","ast-banner-title-visibility":"","ast-main-header-display":"","ast-hfb-above-header-display":"","ast-hfb-below-header-display":"","ast-hfb-mobile-header-display":"","site-post-title":"disabled","ast-breadcrumbs-content":"","ast-featured-img":"","footer-sml-layout":"","ast-disable-related-posts":"","theme-transparent-header-meta":"default","adv-header-id-meta":"","stick-header-meta":"default","header-above-stick-meta":"","header-main-stick-meta":"","header-below-stick-meta":"","astra-migrate-meta-layouts":"default","ast-page-background-enabled":"default","ast-page-background-meta":{"desktop":{"background-color":"var(--ast-global-color-4)","background-image":"","background-repeat":"repeat","background-position":"center center","background-size":"auto","background-attachment":"scroll","background-type":"","background-media":"","overlay-type":"","overlay-color":"","overlay-opacity":"","overlay-gradient":""},"tablet":{"background-color":"","background-image":"","background-repeat":"repeat","background-position":"center center","background-size":"auto","background-attachment":"scroll","background-type":"","background-media":"","overlay-type":"","overlay-color":"","overlay-opacity":"","overlay-gradient":""},"mobile":{"background-color":"","background-image":"","background-repeat":"repeat","background-position":"center center","background-size":"auto","background-attachment":"scroll","background-type":"","background-media":"","overlay-type":"","overlay-color":"","overlay-opacity":"","overlay-gradient":""}},"ast-content-background-meta":{"desktop":{"background-color":"var(--ast-global-color-5)","background-image":"","background-repeat":"repeat","background-position":"center center","background-size":"auto","background-attachment":"scroll","background-type":"","background-media":"","overlay-type":"","overlay-color":"","overlay-opacity":"","overlay-gradient":""},"tablet":{"background-color":"var(--ast-global-color-5)","background-image":"","background-repeat":"repeat","background-position":"center center","background-size":"auto","background-attachment":"scroll","background-type":"","background-media":"","overlay-type":"","overlay-color":"","overlay-opacity":"","overlay-gradient":""},"mobile":{"background-color":"var(--ast-global-color-5)","background-image":"","background-repeat":"repeat","background-position":"center center","background-size":"auto","background-attachment":"scroll","background-type":"","background-media":"","overlay-type":"","overlay-color":"","overlay-opacity":"","overlay-gradient":""}}},"product_brand":[],"product_cat":[2071],"product_tag":[],"class_list":{"0":"post-105425","1":"product","2":"type-product","3":"status-publish","4":"has-post-thumbnail","6":"product_cat-tilbehor-no","7":"product_shipping_class-tilbehor-no","8":"desktop-align-center","9":"tablet-align-center","10":"mobile-align-center","11":"ast-product-gallery-layout-horizontal","12":"ast-product-tabs-layout-horizontal","14":"first","15":"instock","16":"taxable","17":"shipping-taxable","18":"purchasable","19":"product-type-simple"},"acf":[],"yoast_head":"<!-- This site is optimized with the Yoast SEO plugin v27.5 - https:\/\/yoast.com\/product\/yoast-seo-wordpress\/ -->\n<title>Tear-Aid reparasjonssett til hoppeslott | Dodo Inflatables<\/title>\n<meta name=\"description\" content=\"Tear-Aid reparasjonssett til hoppeslott \u2013 elastisk lapp 30 x 8 cm, vanntett, transparent. Rask og langvarig reparasjon av rifter og hull.\" \/>\n<meta name=\"robots\" content=\"index, follow, max-snippet:-1, max-image-preview:large, max-video-preview:-1\" \/>\n<link rel=\"canonical\" href=\"https:\/\/dodo-inflatables.com\/no\/produkt\/tear-aid-reparasjonssett-til-hoppeslott\/\" \/>\n<meta name=\"twitter:label1\" content=\"Ansl. lesetid\" \/>\n\t<meta name=\"twitter:data1\" content=\"1 minutt\" \/>\n<script type=\"application\/ld+json\" class=\"yoast-schema-graph\">{\"@context\":\"https:\\\/\\\/schema.org\",\"@graph\":[{\"@type\":\"WebPage\",\"@id\":\"https:\\\/\\\/dodo-inflatables.com\\\/no\\\/produkt\\\/tear-aid-reparasjonssett-til-hoppeslott\\\/\",\"url\":\"https:\\\/\\\/dodo-inflatables.com\\\/no\\\/produkt\\\/tear-aid-reparasjonssett-til-hoppeslott\\\/\",\"name\":\"Tear-Aid reparasjonssett til hoppeslott | Dodo Inflatables\",\"isPartOf\":{\"@id\":\"https:\\\/\\\/dodo-inflatables.com\\\/no\\\/#website\"},\"primaryImageOfPage\":{\"@id\":\"https:\\\/\\\/dodo-inflatables.com\\\/no\\\/produkt\\\/tear-aid-reparasjonssett-til-hoppeslott\\\/#primaryimage\"},\"image\":{\"@id\":\"https:\\\/\\\/dodo-inflatables.com\\\/no\\\/produkt\\\/tear-aid-reparasjonssett-til-hoppeslott\\\/#primaryimage\"},\"thumbnailUrl\":\"https:\\\/\\\/dodo-inflatables.com\\\/wp-content\\\/uploads\\\/2026\\\/04\\\/Tear-Aid-Reparatur-fur-Hupfburgen-_0004_TA-ZAK-TB-2.jpg\",\"datePublished\":\"2026-04-04T11:54:47+00:00\",\"description\":\"Tear-Aid reparasjonssett til hoppeslott \u2013 elastisk lapp 30 x 8 cm, vanntett, transparent. Rask og langvarig reparasjon av rifter og hull.\",\"breadcrumb\":{\"@id\":\"https:\\\/\\\/dodo-inflatables.com\\\/no\\\/produkt\\\/tear-aid-reparasjonssett-til-hoppeslott\\\/#breadcrumb\"},\"inLanguage\":\"nb-NO\",\"potentialAction\":[{\"@type\":\"ReadAction\",\"target\":[\"https:\\\/\\\/dodo-inflatables.com\\\/no\\\/produkt\\\/tear-aid-reparasjonssett-til-hoppeslott\\\/\"]}]},{\"@type\":\"ImageObject\",\"inLanguage\":\"nb-NO\",\"@id\":\"https:\\\/\\\/dodo-inflatables.com\\\/no\\\/produkt\\\/tear-aid-reparasjonssett-til-hoppeslott\\\/#primaryimage\",\"url\":\"https:\\\/\\\/dodo-inflatables.com\\\/wp-content\\\/uploads\\\/2026\\\/04\\\/Tear-Aid-Reparatur-fur-Hupfburgen-_0004_TA-ZAK-TB-2.jpg\",\"contentUrl\":\"https:\\\/\\\/dodo-inflatables.com\\\/wp-content\\\/uploads\\\/2026\\\/04\\\/Tear-Aid-Reparatur-fur-Hupfburgen-_0004_TA-ZAK-TB-2.jpg\",\"width\":1000,\"height\":1000,\"caption\":\"Tear-Aid reparasjonssett til hoppeslott | Dodo Inflatables\"},{\"@type\":\"BreadcrumbList\",\"@id\":\"https:\\\/\\\/dodo-inflatables.com\\\/no\\\/produkt\\\/tear-aid-reparasjonssett-til-hoppeslott\\\/#breadcrumb\",\"itemListElement\":[{\"@type\":\"ListItem\",\"position\":1,\"name\":\"Hjem\",\"item\":\"https:\\\/\\\/dodo-inflatables.com\\\/no\\\/\"},{\"@type\":\"ListItem\",\"position\":2,\"name\":\"Butikk\",\"item\":\"https:\\\/\\\/dodo-inflatables.com\\\/no\\\/butikk\\\/\"},{\"@type\":\"ListItem\",\"position\":3,\"name\":\"Tear-Aid reparasjonssett til hoppeslott\"}]},{\"@type\":\"WebSite\",\"@id\":\"https:\\\/\\\/dodo-inflatables.com\\\/no\\\/#website\",\"url\":\"https:\\\/\\\/dodo-inflatables.com\\\/no\\\/\",\"name\":\"dodo-inflatables.com\",\"description\":\"Kj\u00f8p hoppeslott og attraksjoner i butikken v\u00e5r.\",\"potentialAction\":[{\"@type\":\"SearchAction\",\"target\":{\"@type\":\"EntryPoint\",\"urlTemplate\":\"https:\\\/\\\/dodo-inflatables.com\\\/no\\\/?s={search_term_string}\"},\"query-input\":{\"@type\":\"PropertyValueSpecification\",\"valueRequired\":true,\"valueName\":\"search_term_string\"}}],\"inLanguage\":\"nb-NO\"}]}<\/script>\n<!-- \/ Yoast SEO plugin. -->","yoast_head_json":{"title":"Tear-Aid reparasjonssett til hoppeslott | Dodo Inflatables","description":"Tear-Aid reparasjonssett til hoppeslott \u2013 elastisk lapp 30 x 8 cm, vanntett, transparent. Rask og langvarig reparasjon av rifter og hull.","robots":{"index":"index","follow":"follow","max-snippet":"max-snippet:-1","max-image-preview":"max-image-preview:large","max-video-preview":"max-video-preview:-1"},"canonical":"https:\/\/dodo-inflatables.com\/no\/produkt\/tear-aid-reparasjonssett-til-hoppeslott\/","twitter_misc":{"Ansl. lesetid":"1 minutt"},"schema":{"@context":"https:\/\/schema.org","@graph":[{"@type":"WebPage","@id":"https:\/\/dodo-inflatables.com\/no\/produkt\/tear-aid-reparasjonssett-til-hoppeslott\/","url":"https:\/\/dodo-inflatables.com\/no\/produkt\/tear-aid-reparasjonssett-til-hoppeslott\/","name":"Tear-Aid reparasjonssett til hoppeslott | Dodo Inflatables","isPartOf":{"@id":"https:\/\/dodo-inflatables.com\/no\/#website"},"primaryImageOfPage":{"@id":"https:\/\/dodo-inflatables.com\/no\/produkt\/tear-aid-reparasjonssett-til-hoppeslott\/#primaryimage"},"image":{"@id":"https:\/\/dodo-inflatables.com\/no\/produkt\/tear-aid-reparasjonssett-til-hoppeslott\/#primaryimage"},"thumbnailUrl":"https:\/\/dodo-inflatables.com\/wp-content\/uploads\/2026\/04\/Tear-Aid-Reparatur-fur-Hupfburgen-_0004_TA-ZAK-TB-2.jpg","datePublished":"2026-04-04T11:54:47+00:00","description":"Tear-Aid reparasjonssett til hoppeslott \u2013 elastisk lapp 30 x 8 cm, vanntett, transparent. Rask og langvarig reparasjon av rifter og hull.","breadcrumb":{"@id":"https:\/\/dodo-inflatables.com\/no\/produkt\/tear-aid-reparasjonssett-til-hoppeslott\/#breadcrumb"},"inLanguage":"nb-NO","potentialAction":[{"@type":"ReadAction","target":["https:\/\/dodo-inflatables.com\/no\/produkt\/tear-aid-reparasjonssett-til-hoppeslott\/"]}]},{"@type":"ImageObject","inLanguage":"nb-NO","@id":"https:\/\/dodo-inflatables.com\/no\/produkt\/tear-aid-reparasjonssett-til-hoppeslott\/#primaryimage","url":"https:\/\/dodo-inflatables.com\/wp-content\/uploads\/2026\/04\/Tear-Aid-Reparatur-fur-Hupfburgen-_0004_TA-ZAK-TB-2.jpg","contentUrl":"https:\/\/dodo-inflatables.com\/wp-content\/uploads\/2026\/04\/Tear-Aid-Reparatur-fur-Hupfburgen-_0004_TA-ZAK-TB-2.jpg","width":1000,"height":1000,"caption":"Tear-Aid reparasjonssett til hoppeslott | Dodo Inflatables"},{"@type":"BreadcrumbList","@id":"https:\/\/dodo-inflatables.com\/no\/produkt\/tear-aid-reparasjonssett-til-hoppeslott\/#breadcrumb","itemListElement":[{"@type":"ListItem","position":1,"name":"Hjem","item":"https:\/\/dodo-inflatables.com\/no\/"},{"@type":"ListItem","position":2,"name":"Butikk","item":"https:\/\/dodo-inflatables.com\/no\/butikk\/"},{"@type":"ListItem","position":3,"name":"Tear-Aid reparasjonssett til hoppeslott"}]},{"@type":"WebSite","@id":"https:\/\/dodo-inflatables.com\/no\/#website","url":"https:\/\/dodo-inflatables.com\/no\/","name":"dodo-inflatables.com","description":"Kj\u00f8p hoppeslott og attraksjoner i butikken v\u00e5r.","potentialAction":[{"@type":"SearchAction","target":{"@type":"EntryPoint","urlTemplate":"https:\/\/dodo-inflatables.com\/no\/?s={search_term_string}"},"query-input":{"@type":"PropertyValueSpecification","valueRequired":true,"valueName":"search_term_string"}}],"inLanguage":"nb-NO"}]}},"uagb_featured_image_src":{"full":["https:\/\/dodo-inflatables.com\/wp-content\/uploads\/2026\/04\/Tear-Aid-Reparatur-fur-Hupfburgen-_0004_TA-ZAK-TB-2.jpg",1000,1000,false],"thumbnail":["https:\/\/dodo-inflatables.com\/wp-content\/uploads\/2026\/04\/Tear-Aid-Reparatur-fur-Hupfburgen-_0004_TA-ZAK-TB-2-150x150.jpg",150,150,true],"medium":["https:\/\/dodo-inflatables.com\/wp-content\/uploads\/2026\/04\/Tear-Aid-Reparatur-fur-Hupfburgen-_0004_TA-ZAK-TB-2-300x300.jpg",300,300,true],"medium_large":["https:\/\/dodo-inflatables.com\/wp-content\/uploads\/2026\/04\/Tear-Aid-Reparatur-fur-Hupfburgen-_0004_TA-ZAK-TB-2-768x768.jpg",768,768,true],"large":["https:\/\/dodo-inflatables.com\/wp-content\/uploads\/2026\/04\/Tear-Aid-Reparatur-fur-Hupfburgen-_0004_TA-ZAK-TB-2.jpg",1000,1000,false],"1536x1536":["https:\/\/dodo-inflatables.com\/wp-content\/uploads\/2026\/04\/Tear-Aid-Reparatur-fur-Hupfburgen-_0004_TA-ZAK-TB-2.jpg",1000,1000,false],"2048x2048":["https:\/\/dodo-inflatables.com\/wp-content\/uploads\/2026\/04\/Tear-Aid-Reparatur-fur-Hupfburgen-_0004_TA-ZAK-TB-2.jpg",1000,1000,false],"woocommerce_thumbnail":["https:\/\/dodo-inflatables.com\/wp-content\/uploads\/2026\/04\/Tear-Aid-Reparatur-fur-Hupfburgen-_0004_TA-ZAK-TB-2-900x900.jpg",900,900,true],"woocommerce_single":["https:\/\/dodo-inflatables.com\/wp-content\/uploads\/2026\/04\/Tear-Aid-Reparatur-fur-Hupfburgen-_0004_TA-ZAK-TB-2-900x900.jpg",900,900,true],"woocommerce_gallery_thumbnail":["https:\/\/dodo-inflatables.com\/wp-content\/uploads\/2026\/04\/Tear-Aid-Reparatur-fur-Hupfburgen-_0004_TA-ZAK-TB-2-100x100.jpg",100,100,true]},"uagb_author_info":{"display_name":"Andreas","author_link":"https:\/\/dodo-inflatables.com\/no\/author\/"},"uagb_comment_info":0,"uagb_excerpt":"1 Tear-Aid lapp (30 x 8 cm) 1 forsterkningsfilament for kantreparasjoner Alkohol renseputer Bruksanvisning","_links":{"self":[{"href":"https:\/\/dodo-inflatables.com\/no\/wp-json\/wp\/v2\/product\/105425","targetHints":{"allow":["GET"]}}],"collection":[{"href":"https:\/\/dodo-inflatables.com\/no\/wp-json\/wp\/v2\/product"}],"about":[{"href":"https:\/\/dodo-inflatables.com\/no\/wp-json\/wp\/v2\/types\/product"}],"replies":[{"embeddable":true,"href":"https:\/\/dodo-inflatables.com\/no\/wp-json\/wp\/v2\/comments?post=105425"}],"wp:featuredmedia":[{"embeddable":true,"href":"https:\/\/dodo-inflatables.com\/no\/wp-json\/wp\/v2\/media\/105415"}],"wp:attachment":[{"href":"https:\/\/dodo-inflatables.com\/no\/wp-json\/wp\/v2\/media?parent=105425"}],"wp:term":[{"taxonomy":"product_brand","embeddable":true,"href":"https:\/\/dodo-inflatables.com\/no\/wp-json\/wp\/v2\/product_brand?post=105425"},{"taxonomy":"product_cat","embeddable":true,"href":"https:\/\/dodo-inflatables.com\/no\/wp-json\/wp\/v2\/product_cat?post=105425"},{"taxonomy":"product_tag","embeddable":true,"href":"https:\/\/dodo-inflatables.com\/no\/wp-json\/wp\/v2\/product_tag?post=105425"}],"curies":[{"name":"wp","href":"https:\/\/api.w.org\/{rel}","templated":true}]}}