{"id":105726,"date":"2026-04-04T13:54:46","date_gmt":"2026-04-04T11:54:46","guid":{"rendered":"https:\/\/dodo-inflatables.com\/dodo-relaunch?product=6-profesionaliu-velcro-futbolo-kamuoliu-rinkinys-skersmuo-21-cm-puikus-sukibimas-maziau-pluostu-raudona-geltona-juoda-idealus-futbolo-streliu-zaidimui"},"modified":"2026-04-04T13:54:46","modified_gmt":"2026-04-04T11:54:46","slug":"6-profesionaliu-velcro-futbolo-kamuoliu-rinkinys-skersmuo-21-cm-puikus-sukibimas-maziau-pluostu-raudona-geltona-juoda-idealus-futbolo-streliu-zaidimui","status":"publish","type":"product","link":"https:\/\/dodo-inflatables.com\/no\/produkt\/6-profesionaliu-velcro-futbolo-kamuoliu-rinkinys-skersmuo-21-cm-puikus-sukibimas-maziau-pluostu-raudona-geltona-juoda-idealus-futbolo-streliu-zaidimui\/","title":{"rendered":"6 profesionali\u0173 velcro futbolo kamuoli\u0173 rinkinys \u2013 skersmuo 21 cm, puikus sukibimas, ma\u017eiau pluo\u0161t\u0173. Raudona, geltona, juoda \u2013 idealus futbolo str\u0117li\u0173 \u017eaidimui."},"content":{"rendered":"<h2><strong>Sett med 6 profesjonelle velcro fotballer \u2013 Mer moro i ett praktisk sett!<\/strong><\/h2>\n<p>Trenger du flere baller til ditt fotball dartspill? Da er v\u00e5rt <strong>sett med 6 profesjonelle velcro fotballer<\/strong> akkurat det du trenger! Disse h\u00f8ykvalitets velcro ballene gir utmerket grep og etterlater f\u00e6rre irriterende fibre p\u00e5 velcro overflaten. Takket v\u00e6re den optimaliserte velcro finishen er de holdbare og sikrer presise skudd.<br \/>\n<em>Dine fordeler:<\/em><br \/>\n\u2705 Premium kvalitet \u2013 F\u00e6rre fibre, utmerket grep!<br \/>\n\u2705 Praktisk settfordel \u2013 Ideell hvis du trenger flere baller til regelmessig bruk<br \/>\n<em>Produktdetaljer:<\/em><br \/>\n\u26bd Sett med 6 profesjonelle velcro fotballer<br \/>\n\u26bd Diameter: 21 cm<br \/>\n\u26bd Farger: r\u00f8d, gul, sort (farger velges tilfeldig)<br \/>\nFlere baller \u2013 mer moro! Bestill ditt sett med 6 profesjonelle velcro fotballer n\u00e5!<\/p>\n","protected":false},"excerpt":{"rendered":"<p>\u26bd Sett med 6 profesjonelle velcro fotballer<br \/>\n\u26bd Diameter: 21 cm<br \/>\n\u26bd Farger: r\u00f8d, gul, sort (farger velges tilfeldig)<\/p>\n","protected":false},"featured_media":105725,"comment_status":"open","ping_status":"closed","template":"","meta":{"_acf_changed":false,"_uag_custom_page_level_css":"","site-sidebar-layout":"default","site-content-layout":"boxed-container","ast-site-content-layout":"normal-width-container","site-content-style":"boxed","site-sidebar-style":"default","ast-global-header-display":"","ast-banner-title-visibility":"","ast-main-header-display":"","ast-hfb-above-header-display":"","ast-hfb-below-header-display":"","ast-hfb-mobile-header-display":"","site-post-title":"disabled","ast-breadcrumbs-content":"","ast-featured-img":"","footer-sml-layout":"","ast-disable-related-posts":"","theme-transparent-header-meta":"default","adv-header-id-meta":"","stick-header-meta":"default","header-above-stick-meta":"","header-main-stick-meta":"","header-below-stick-meta":"","astra-migrate-meta-layouts":"default","ast-page-background-enabled":"default","ast-page-background-meta":{"desktop":{"background-color":"var(--ast-global-color-4)","background-image":"","background-repeat":"repeat","background-position":"center center","background-size":"auto","background-attachment":"scroll","background-type":"","background-media":"","overlay-type":"","overlay-color":"","overlay-opacity":"","overlay-gradient":""},"tablet":{"background-color":"","background-image":"","background-repeat":"repeat","background-position":"center center","background-size":"auto","background-attachment":"scroll","background-type":"","background-media":"","overlay-type":"","overlay-color":"","overlay-opacity":"","overlay-gradient":""},"mobile":{"background-color":"","background-image":"","background-repeat":"repeat","background-position":"center center","background-size":"auto","background-attachment":"scroll","background-type":"","background-media":"","overlay-type":"","overlay-color":"","overlay-opacity":"","overlay-gradient":""}},"ast-content-background-meta":{"desktop":{"background-color":"var(--ast-global-color-5)","background-image":"","background-repeat":"repeat","background-position":"center center","background-size":"auto","background-attachment":"scroll","background-type":"","background-media":"","overlay-type":"","overlay-color":"","overlay-opacity":"","overlay-gradient":""},"tablet":{"background-color":"var(--ast-global-color-5)","background-image":"","background-repeat":"repeat","background-position":"center center","background-size":"auto","background-attachment":"scroll","background-type":"","background-media":"","overlay-type":"","overlay-color":"","overlay-opacity":"","overlay-gradient":""},"mobile":{"background-color":"var(--ast-global-color-5)","background-image":"","background-repeat":"repeat","background-position":"center center","background-size":"auto","background-attachment":"scroll","background-type":"","background-media":"","overlay-type":"","overlay-color":"","overlay-opacity":"","overlay-gradient":""}}},"product_brand":[],"product_cat":[2071],"product_tag":[],"class_list":{"0":"post-105726","1":"product","2":"type-product","3":"status-publish","4":"has-post-thumbnail","6":"product_cat-tilbehor-no","7":"product_shipping_class-tilbehor-no","8":"desktop-align-center","9":"tablet-align-center","10":"mobile-align-center","11":"ast-product-gallery-layout-horizontal","12":"ast-product-tabs-layout-horizontal","14":"first","15":"instock","16":"sale","17":"taxable","18":"shipping-taxable","19":"purchasable","20":"product-type-simple"},"acf":[],"yoast_head":"<!-- This site is optimized with the Yoast SEO plugin v27.5 - https:\/\/yoast.com\/product\/yoast-seo-wordpress\/ -->\n<title>Sett med 6 profesjonelle velcro fotballer | Dodo Inflatables<\/title>\n<meta name=\"description\" content=\"Sett med 6 profesjonelle velcro fotballer \u2013 diameter 21 cm, utmerket grep, f\u00e6rre fibre. R\u00f8d, gul, sort \u2013 ideell til fotball dartspill.\" \/>\n<meta name=\"robots\" content=\"index, follow, max-snippet:-1, max-image-preview:large, max-video-preview:-1\" \/>\n<link rel=\"canonical\" href=\"https:\/\/dodo-inflatables.com\/no\/produkt\/6-profesionaliu-velcro-futbolo-kamuoliu-rinkinys-skersmuo-21-cm-puikus-sukibimas-maziau-pluostu-raudona-geltona-juoda-idealus-futbolo-streliu-zaidimui\/\" \/>\n<meta name=\"twitter:label1\" content=\"Ansl. lesetid\" \/>\n\t<meta name=\"twitter:data1\" content=\"1 minutt\" \/>\n<script type=\"application\/ld+json\" class=\"yoast-schema-graph\">{\"@context\":\"https:\\\/\\\/schema.org\",\"@graph\":[{\"@type\":\"WebPage\",\"@id\":\"https:\\\/\\\/dodo-inflatables.com\\\/no\\\/produkt\\\/6-profesionaliu-velcro-futbolo-kamuoliu-rinkinys-skersmuo-21-cm-puikus-sukibimas-maziau-pluostu-raudona-geltona-juoda-idealus-futbolo-streliu-zaidimui\\\/\",\"url\":\"https:\\\/\\\/dodo-inflatables.com\\\/no\\\/produkt\\\/6-profesionaliu-velcro-futbolo-kamuoliu-rinkinys-skersmuo-21-cm-puikus-sukibimas-maziau-pluostu-raudona-geltona-juoda-idealus-futbolo-streliu-zaidimui\\\/\",\"name\":\"Sett med 6 profesjonelle velcro fotballer | Dodo Inflatables\",\"isPartOf\":{\"@id\":\"https:\\\/\\\/dodo-inflatables.com\\\/no\\\/#website\"},\"primaryImageOfPage\":{\"@id\":\"https:\\\/\\\/dodo-inflatables.com\\\/no\\\/produkt\\\/6-profesionaliu-velcro-futbolo-kamuoliu-rinkinys-skersmuo-21-cm-puikus-sukibimas-maziau-pluostu-raudona-geltona-juoda-idealus-futbolo-streliu-zaidimui\\\/#primaryimage\"},\"image\":{\"@id\":\"https:\\\/\\\/dodo-inflatables.com\\\/no\\\/produkt\\\/6-profesionaliu-velcro-futbolo-kamuoliu-rinkinys-skersmuo-21-cm-puikus-sukibimas-maziau-pluostu-raudona-geltona-juoda-idealus-futbolo-streliu-zaidimui\\\/#primaryimage\"},\"thumbnailUrl\":\"https:\\\/\\\/dodo-inflatables.com\\\/wp-content\\\/uploads\\\/2026\\\/04\\\/6er-set-klettbaelle-fussball-dart.jpg\",\"datePublished\":\"2026-04-04T11:54:46+00:00\",\"description\":\"Sett med 6 profesjonelle velcro fotballer \u2013 diameter 21 cm, utmerket grep, f\u00e6rre fibre. R\u00f8d, gul, sort \u2013 ideell til fotball dartspill.\",\"breadcrumb\":{\"@id\":\"https:\\\/\\\/dodo-inflatables.com\\\/no\\\/produkt\\\/6-profesionaliu-velcro-futbolo-kamuoliu-rinkinys-skersmuo-21-cm-puikus-sukibimas-maziau-pluostu-raudona-geltona-juoda-idealus-futbolo-streliu-zaidimui\\\/#breadcrumb\"},\"inLanguage\":\"nb-NO\",\"potentialAction\":[{\"@type\":\"ReadAction\",\"target\":[\"https:\\\/\\\/dodo-inflatables.com\\\/no\\\/produkt\\\/6-profesionaliu-velcro-futbolo-kamuoliu-rinkinys-skersmuo-21-cm-puikus-sukibimas-maziau-pluostu-raudona-geltona-juoda-idealus-futbolo-streliu-zaidimui\\\/\"]}]},{\"@type\":\"ImageObject\",\"inLanguage\":\"nb-NO\",\"@id\":\"https:\\\/\\\/dodo-inflatables.com\\\/no\\\/produkt\\\/6-profesionaliu-velcro-futbolo-kamuoliu-rinkinys-skersmuo-21-cm-puikus-sukibimas-maziau-pluostu-raudona-geltona-juoda-idealus-futbolo-streliu-zaidimui\\\/#primaryimage\",\"url\":\"https:\\\/\\\/dodo-inflatables.com\\\/wp-content\\\/uploads\\\/2026\\\/04\\\/6er-set-klettbaelle-fussball-dart.jpg\",\"contentUrl\":\"https:\\\/\\\/dodo-inflatables.com\\\/wp-content\\\/uploads\\\/2026\\\/04\\\/6er-set-klettbaelle-fussball-dart.jpg\",\"width\":1000,\"height\":1000,\"caption\":\"Sett med 6 profesjonelle velcro fotballer | Dodo Inflatables\"},{\"@type\":\"BreadcrumbList\",\"@id\":\"https:\\\/\\\/dodo-inflatables.com\\\/no\\\/produkt\\\/6-profesionaliu-velcro-futbolo-kamuoliu-rinkinys-skersmuo-21-cm-puikus-sukibimas-maziau-pluostu-raudona-geltona-juoda-idealus-futbolo-streliu-zaidimui\\\/#breadcrumb\",\"itemListElement\":[{\"@type\":\"ListItem\",\"position\":1,\"name\":\"Hjem\",\"item\":\"https:\\\/\\\/dodo-inflatables.com\\\/no\\\/\"},{\"@type\":\"ListItem\",\"position\":2,\"name\":\"Butikk\",\"item\":\"https:\\\/\\\/dodo-inflatables.com\\\/no\\\/butikk\\\/\"},{\"@type\":\"ListItem\",\"position\":3,\"name\":\"6 profesionali\u0173 velcro futbolo kamuoli\u0173 rinkinys \u2013 skersmuo 21 cm, puikus sukibimas, ma\u017eiau pluo\u0161t\u0173. Raudona, geltona, juoda \u2013 idealus futbolo str\u0117li\u0173 \u017eaidimui.\"}]},{\"@type\":\"WebSite\",\"@id\":\"https:\\\/\\\/dodo-inflatables.com\\\/no\\\/#website\",\"url\":\"https:\\\/\\\/dodo-inflatables.com\\\/no\\\/\",\"name\":\"dodo-inflatables.com\",\"description\":\"Kj\u00f8p hoppeslott og attraksjoner i butikken v\u00e5r.\",\"potentialAction\":[{\"@type\":\"SearchAction\",\"target\":{\"@type\":\"EntryPoint\",\"urlTemplate\":\"https:\\\/\\\/dodo-inflatables.com\\\/no\\\/?s={search_term_string}\"},\"query-input\":{\"@type\":\"PropertyValueSpecification\",\"valueRequired\":true,\"valueName\":\"search_term_string\"}}],\"inLanguage\":\"nb-NO\"}]}<\/script>\n<!-- \/ Yoast SEO plugin. -->","yoast_head_json":{"title":"Sett med 6 profesjonelle velcro fotballer | Dodo Inflatables","description":"Sett med 6 profesjonelle velcro fotballer \u2013 diameter 21 cm, utmerket grep, f\u00e6rre fibre. R\u00f8d, gul, sort \u2013 ideell til fotball dartspill.","robots":{"index":"index","follow":"follow","max-snippet":"max-snippet:-1","max-image-preview":"max-image-preview:large","max-video-preview":"max-video-preview:-1"},"canonical":"https:\/\/dodo-inflatables.com\/no\/produkt\/6-profesionaliu-velcro-futbolo-kamuoliu-rinkinys-skersmuo-21-cm-puikus-sukibimas-maziau-pluostu-raudona-geltona-juoda-idealus-futbolo-streliu-zaidimui\/","twitter_misc":{"Ansl. lesetid":"1 minutt"},"schema":{"@context":"https:\/\/schema.org","@graph":[{"@type":"WebPage","@id":"https:\/\/dodo-inflatables.com\/no\/produkt\/6-profesionaliu-velcro-futbolo-kamuoliu-rinkinys-skersmuo-21-cm-puikus-sukibimas-maziau-pluostu-raudona-geltona-juoda-idealus-futbolo-streliu-zaidimui\/","url":"https:\/\/dodo-inflatables.com\/no\/produkt\/6-profesionaliu-velcro-futbolo-kamuoliu-rinkinys-skersmuo-21-cm-puikus-sukibimas-maziau-pluostu-raudona-geltona-juoda-idealus-futbolo-streliu-zaidimui\/","name":"Sett med 6 profesjonelle velcro fotballer | Dodo Inflatables","isPartOf":{"@id":"https:\/\/dodo-inflatables.com\/no\/#website"},"primaryImageOfPage":{"@id":"https:\/\/dodo-inflatables.com\/no\/produkt\/6-profesionaliu-velcro-futbolo-kamuoliu-rinkinys-skersmuo-21-cm-puikus-sukibimas-maziau-pluostu-raudona-geltona-juoda-idealus-futbolo-streliu-zaidimui\/#primaryimage"},"image":{"@id":"https:\/\/dodo-inflatables.com\/no\/produkt\/6-profesionaliu-velcro-futbolo-kamuoliu-rinkinys-skersmuo-21-cm-puikus-sukibimas-maziau-pluostu-raudona-geltona-juoda-idealus-futbolo-streliu-zaidimui\/#primaryimage"},"thumbnailUrl":"https:\/\/dodo-inflatables.com\/wp-content\/uploads\/2026\/04\/6er-set-klettbaelle-fussball-dart.jpg","datePublished":"2026-04-04T11:54:46+00:00","description":"Sett med 6 profesjonelle velcro fotballer \u2013 diameter 21 cm, utmerket grep, f\u00e6rre fibre. R\u00f8d, gul, sort \u2013 ideell til fotball dartspill.","breadcrumb":{"@id":"https:\/\/dodo-inflatables.com\/no\/produkt\/6-profesionaliu-velcro-futbolo-kamuoliu-rinkinys-skersmuo-21-cm-puikus-sukibimas-maziau-pluostu-raudona-geltona-juoda-idealus-futbolo-streliu-zaidimui\/#breadcrumb"},"inLanguage":"nb-NO","potentialAction":[{"@type":"ReadAction","target":["https:\/\/dodo-inflatables.com\/no\/produkt\/6-profesionaliu-velcro-futbolo-kamuoliu-rinkinys-skersmuo-21-cm-puikus-sukibimas-maziau-pluostu-raudona-geltona-juoda-idealus-futbolo-streliu-zaidimui\/"]}]},{"@type":"ImageObject","inLanguage":"nb-NO","@id":"https:\/\/dodo-inflatables.com\/no\/produkt\/6-profesionaliu-velcro-futbolo-kamuoliu-rinkinys-skersmuo-21-cm-puikus-sukibimas-maziau-pluostu-raudona-geltona-juoda-idealus-futbolo-streliu-zaidimui\/#primaryimage","url":"https:\/\/dodo-inflatables.com\/wp-content\/uploads\/2026\/04\/6er-set-klettbaelle-fussball-dart.jpg","contentUrl":"https:\/\/dodo-inflatables.com\/wp-content\/uploads\/2026\/04\/6er-set-klettbaelle-fussball-dart.jpg","width":1000,"height":1000,"caption":"Sett med 6 profesjonelle velcro fotballer | Dodo Inflatables"},{"@type":"BreadcrumbList","@id":"https:\/\/dodo-inflatables.com\/no\/produkt\/6-profesionaliu-velcro-futbolo-kamuoliu-rinkinys-skersmuo-21-cm-puikus-sukibimas-maziau-pluostu-raudona-geltona-juoda-idealus-futbolo-streliu-zaidimui\/#breadcrumb","itemListElement":[{"@type":"ListItem","position":1,"name":"Hjem","item":"https:\/\/dodo-inflatables.com\/no\/"},{"@type":"ListItem","position":2,"name":"Butikk","item":"https:\/\/dodo-inflatables.com\/no\/butikk\/"},{"@type":"ListItem","position":3,"name":"6 profesionali\u0173 velcro futbolo kamuoli\u0173 rinkinys \u2013 skersmuo 21 cm, puikus sukibimas, ma\u017eiau pluo\u0161t\u0173. Raudona, geltona, juoda \u2013 idealus futbolo str\u0117li\u0173 \u017eaidimui."}]},{"@type":"WebSite","@id":"https:\/\/dodo-inflatables.com\/no\/#website","url":"https:\/\/dodo-inflatables.com\/no\/","name":"dodo-inflatables.com","description":"Kj\u00f8p hoppeslott og attraksjoner i butikken v\u00e5r.","potentialAction":[{"@type":"SearchAction","target":{"@type":"EntryPoint","urlTemplate":"https:\/\/dodo-inflatables.com\/no\/?s={search_term_string}"},"query-input":{"@type":"PropertyValueSpecification","valueRequired":true,"valueName":"search_term_string"}}],"inLanguage":"nb-NO"}]}},"uagb_featured_image_src":{"full":["https:\/\/dodo-inflatables.com\/wp-content\/uploads\/2026\/04\/6er-set-klettbaelle-fussball-dart.jpg",1000,1000,false],"thumbnail":["https:\/\/dodo-inflatables.com\/wp-content\/uploads\/2026\/04\/6er-set-klettbaelle-fussball-dart-150x150.jpg",150,150,true],"medium":["https:\/\/dodo-inflatables.com\/wp-content\/uploads\/2026\/04\/6er-set-klettbaelle-fussball-dart-300x300.jpg",300,300,true],"medium_large":["https:\/\/dodo-inflatables.com\/wp-content\/uploads\/2026\/04\/6er-set-klettbaelle-fussball-dart-768x768.jpg",768,768,true],"large":["https:\/\/dodo-inflatables.com\/wp-content\/uploads\/2026\/04\/6er-set-klettbaelle-fussball-dart.jpg",1000,1000,false],"1536x1536":["https:\/\/dodo-inflatables.com\/wp-content\/uploads\/2026\/04\/6er-set-klettbaelle-fussball-dart.jpg",1000,1000,false],"2048x2048":["https:\/\/dodo-inflatables.com\/wp-content\/uploads\/2026\/04\/6er-set-klettbaelle-fussball-dart.jpg",1000,1000,false],"woocommerce_thumbnail":["https:\/\/dodo-inflatables.com\/wp-content\/uploads\/2026\/04\/6er-set-klettbaelle-fussball-dart-900x900.jpg",900,900,true],"woocommerce_single":["https:\/\/dodo-inflatables.com\/wp-content\/uploads\/2026\/04\/6er-set-klettbaelle-fussball-dart-900x900.jpg",900,900,true],"woocommerce_gallery_thumbnail":["https:\/\/dodo-inflatables.com\/wp-content\/uploads\/2026\/04\/6er-set-klettbaelle-fussball-dart-100x100.jpg",100,100,true]},"uagb_author_info":{"display_name":"Andreas","author_link":"https:\/\/dodo-inflatables.com\/no\/author\/"},"uagb_comment_info":0,"uagb_excerpt":"\u26bd Sett med 6 profesjonelle velcro fotballer \u26bd Diameter: 21 cm \u26bd Farger: r\u00f8d, gul, sort (farger velges tilfeldig)","_links":{"self":[{"href":"https:\/\/dodo-inflatables.com\/no\/wp-json\/wp\/v2\/product\/105726","targetHints":{"allow":["GET"]}}],"collection":[{"href":"https:\/\/dodo-inflatables.com\/no\/wp-json\/wp\/v2\/product"}],"about":[{"href":"https:\/\/dodo-inflatables.com\/no\/wp-json\/wp\/v2\/types\/product"}],"replies":[{"embeddable":true,"href":"https:\/\/dodo-inflatables.com\/no\/wp-json\/wp\/v2\/comments?post=105726"}],"wp:featuredmedia":[{"embeddable":true,"href":"https:\/\/dodo-inflatables.com\/no\/wp-json\/wp\/v2\/media\/105725"}],"wp:attachment":[{"href":"https:\/\/dodo-inflatables.com\/no\/wp-json\/wp\/v2\/media?parent=105726"}],"wp:term":[{"taxonomy":"product_brand","embeddable":true,"href":"https:\/\/dodo-inflatables.com\/no\/wp-json\/wp\/v2\/product_brand?post=105726"},{"taxonomy":"product_cat","embeddable":true,"href":"https:\/\/dodo-inflatables.com\/no\/wp-json\/wp\/v2\/product_cat?post=105726"},{"taxonomy":"product_tag","embeddable":true,"href":"https:\/\/dodo-inflatables.com\/no\/wp-json\/wp\/v2\/product_tag?post=105726"}],"curies":[{"name":"wp","href":"https:\/\/api.w.org\/{rel}","templated":true}]}}