{"id":105835,"date":"2026-04-04T13:54:45","date_gmt":"2026-04-04T11:54:45","guid":{"rendered":"https:\/\/dodo-inflatables.com\/dodo-relaunch?product=starter-set-liten-huawei-2-hp"},"modified":"2026-04-04T13:54:45","modified_gmt":"2026-04-04T11:54:45","slug":"starter-set-liten-huawei-2-hp","status":"publish","type":"product","link":"https:\/\/dodo-inflatables.com\/no\/produkt\/starter-set-liten-huawei-2-hp\/","title":{"rendered":"Starter Set liten &#8211; Huawei 2 HP"},"content":{"rendered":"<h2>Starter Set liten &#8211; Huawei \u2013 Alt du trenger for den perfekte starten med hoppeslottet ditt!<\/h2>\n<p>&nbsp;<br \/>\nHar du kj\u00f8pt et hoppeslott og vil komme i gang med en gang? Da er v\u00e5rt Starter Set liten &#8211; Huawei akkurat det du trenger! Det inkluderer alle de viktige tilbeh\u00f8rene du trenger for sikker og problemfri drift av hoppeslottet ditt \u2013 og som en ekstra bonus er en deflator inkludert gratis!<br \/>\n<em><strong>Dette settet inneholder:<\/strong><\/em><br \/>\n\u2705 <strong>Huawei bl\u00e5ser (2 HP) &#8211; <\/strong><br \/>\nEn sterk og p\u00e5litelig bl\u00e5ser er hjertet i ethvert hoppeslott. Huawei bl\u00e5seren p\u00e5 2 HP sikrer rask og jevn oppbl\u00e5sing, slik at hoppeslottet ditt er klart til bruk p\u00e5 ingen tid. Den fungerer effektivt, er bygget for \u00e5 vare og er perfekt egnet til kravene til oppbl\u00e5sbare hoppeslott.<br \/>\n\u2705 <strong>Jordplugg for sikker forankring &#8211; <\/strong><br \/>\nFor \u00e5 holde hoppeslottet ditt stabilt og sikkert p\u00e5 plass er det inkludert h\u00f8ykvalitets jordplugg i settet. De bidrar til \u00e5 sikre at det oppbl\u00e5sbare forblir fast posisjonert, selv under intensiv bruk og energisk hopping, og gir ogs\u00e5 ekstra sikkerhet i lette vindforhold. Enkel \u00e5 bruke, maksimal sikkerhet!<br \/>\n\u2705 <strong>Underlagsduk (5 x 6 m) \u2013 Beskyttelse for hoppeslottet ditt &#8211; <\/strong><br \/>\nEn god underlagsduk er avgj\u00f8rende for \u00e5 beskytte hoppeslottet ditt mot skitt, sm\u00e5 steiner og ujevne overflater. Den medf\u00f8lgende underlagsduken p\u00e5 5 x 6 m gir et holdbart beskyttelseslag og bidrar til \u00e5 forlenge levetiden til det oppbl\u00e5sbare.<br \/>\n\ud83d\udca8 <strong>Inkludert gratis: Deflator \u2013 for raskere pakking! &#8211; <\/strong><br \/>\nN\u00e5r moroa er over, m\u00e5 hoppeslottet deflateres og pakkes bort \u2013 og det er akkurat her deflatoren kommer inn! Dette praktiske tilbeh\u00f8ret hjelper med \u00e5 fjerne luften mye raskere, noe som gj\u00f8r pakkingen rask og enkel.<br \/>\n<strong>Hvorfor velge dette starter settet?<\/strong><br \/>\n\u2714 <em>Perfekt matchende tilbeh\u00f8r<\/em> \u2013 Alt du trenger for \u00e5 komme i gang i ett praktisk sett.<br \/>\n\u2714 <em>Rask oppsett og sikker drift<\/em> \u2013 Takket v\u00e6re den kraftige bl\u00e5seren og solide jordpluggene.<br \/>\n\u2714 <em>Lengre levetid for hoppeslottet ditt<\/em> \u2013 Med den beskyttende underlagsduken.<br \/>\n\u2714 <em>Enklere pakking<\/em> \u2013 Den gratis deflatoren sparer deg tid og krefter!<br \/>\nMed Starter Set liten &#8211; Huawei er du fullt utstyrt og klar til \u00e5 komme i gang med en gang.<\/p>\n","protected":false},"excerpt":{"rendered":"<p>\u2714 <em>Perfekt matchende tilbeh\u00f8r<\/em> \u2013 Alt du trenger for \u00e5 komme i gang i ett praktisk sett.<br \/>\n\u2714 <em>Rask oppsett og sikker drift<\/em> \u2013 Takket v\u00e6re den kraftige bl\u00e5seren og solide jordpluggene.<br \/>\n\u2714 <em>Lengre levetid for hoppeslottet ditt<\/em> \u2013 Med den beskyttende underlagsduken.<br \/>\n\u2714 <em>Enklere pakking<\/em> \u2013 Den gratis deflatoren sparer deg tid og krefter!<\/p>\n","protected":false},"featured_media":105649,"comment_status":"open","ping_status":"closed","template":"","meta":{"_acf_changed":false,"_uag_custom_page_level_css":"","site-sidebar-layout":"default","site-content-layout":"boxed-container","ast-site-content-layout":"normal-width-container","site-content-style":"boxed","site-sidebar-style":"default","ast-global-header-display":"","ast-banner-title-visibility":"","ast-main-header-display":"","ast-hfb-above-header-display":"","ast-hfb-below-header-display":"","ast-hfb-mobile-header-display":"","site-post-title":"disabled","ast-breadcrumbs-content":"","ast-featured-img":"","footer-sml-layout":"","ast-disable-related-posts":"","theme-transparent-header-meta":"default","adv-header-id-meta":"","stick-header-meta":"default","header-above-stick-meta":"","header-main-stick-meta":"","header-below-stick-meta":"","astra-migrate-meta-layouts":"default","ast-page-background-enabled":"default","ast-page-background-meta":{"desktop":{"background-color":"var(--ast-global-color-4)","background-image":"","background-repeat":"repeat","background-position":"center center","background-size":"auto","background-attachment":"scroll","background-type":"","background-media":"","overlay-type":"","overlay-color":"","overlay-opacity":"","overlay-gradient":""},"tablet":{"background-color":"","background-image":"","background-repeat":"repeat","background-position":"center center","background-size":"auto","background-attachment":"scroll","background-type":"","background-media":"","overlay-type":"","overlay-color":"","overlay-opacity":"","overlay-gradient":""},"mobile":{"background-color":"","background-image":"","background-repeat":"repeat","background-position":"center center","background-size":"auto","background-attachment":"scroll","background-type":"","background-media":"","overlay-type":"","overlay-color":"","overlay-opacity":"","overlay-gradient":""}},"ast-content-background-meta":{"desktop":{"background-color":"var(--ast-global-color-5)","background-image":"","background-repeat":"repeat","background-position":"center center","background-size":"auto","background-attachment":"scroll","background-type":"","background-media":"","overlay-type":"","overlay-color":"","overlay-opacity":"","overlay-gradient":""},"tablet":{"background-color":"var(--ast-global-color-5)","background-image":"","background-repeat":"repeat","background-position":"center center","background-size":"auto","background-attachment":"scroll","background-type":"","background-media":"","overlay-type":"","overlay-color":"","overlay-opacity":"","overlay-gradient":""},"mobile":{"background-color":"var(--ast-global-color-5)","background-image":"","background-repeat":"repeat","background-position":"center center","background-size":"auto","background-attachment":"scroll","background-type":"","background-media":"","overlay-type":"","overlay-color":"","overlay-opacity":"","overlay-gradient":""}}},"product_brand":[],"product_cat":[2071],"product_tag":[],"class_list":{"0":"post-105835","1":"product","2":"type-product","3":"status-publish","4":"has-post-thumbnail","6":"product_cat-tilbehor-no","7":"product_shipping_class-tilbehor-no","8":"desktop-align-center","9":"tablet-align-center","10":"mobile-align-center","11":"ast-product-gallery-layout-horizontal","12":"ast-product-gallery-with-no-image","13":"ast-product-tabs-layout-horizontal","15":"first","16":"instock","17":"sale","18":"taxable","19":"shipping-taxable","20":"purchasable","21":"product-type-simple"},"acf":[],"yoast_head":"<!-- This site is optimized with the Yoast SEO plugin v27.5 - https:\/\/yoast.com\/product\/yoast-seo-wordpress\/ -->\n<title>Starter Set liten - Huawei 2 HP til hoppeslott | Dodo Inflatables<\/title>\n<meta name=\"description\" content=\"Starter Set liten - Huawei 2 HP \u2013 bl\u00e5ser, jordplugg, underlagsduk 5 x 6 m og gratis deflator. Alt du trenger for den perfekte starten med hoppeslottet ditt.\" \/>\n<meta name=\"robots\" content=\"index, follow, max-snippet:-1, max-image-preview:large, max-video-preview:-1\" \/>\n<link rel=\"canonical\" href=\"https:\/\/dodo-inflatables.com\/no\/produkt\/starter-set-liten-huawei-2-hp\/\" \/>\n<meta name=\"twitter:label1\" content=\"Ansl. lesetid\" \/>\n\t<meta name=\"twitter:data1\" content=\"2 minutter\" \/>\n<script type=\"application\/ld+json\" class=\"yoast-schema-graph\">{\"@context\":\"https:\\\/\\\/schema.org\",\"@graph\":[{\"@type\":\"WebPage\",\"@id\":\"https:\\\/\\\/dodo-inflatables.com\\\/no\\\/produkt\\\/starter-set-liten-huawei-2-hp\\\/\",\"url\":\"https:\\\/\\\/dodo-inflatables.com\\\/no\\\/produkt\\\/starter-set-liten-huawei-2-hp\\\/\",\"name\":\"Starter Set liten - Huawei 2 HP til hoppeslott | Dodo Inflatables\",\"isPartOf\":{\"@id\":\"https:\\\/\\\/dodo-inflatables.com\\\/no\\\/#website\"},\"primaryImageOfPage\":{\"@id\":\"https:\\\/\\\/dodo-inflatables.com\\\/no\\\/produkt\\\/starter-set-liten-huawei-2-hp\\\/#primaryimage\"},\"image\":{\"@id\":\"https:\\\/\\\/dodo-inflatables.com\\\/no\\\/produkt\\\/starter-set-liten-huawei-2-hp\\\/#primaryimage\"},\"thumbnailUrl\":\"https:\\\/\\\/dodo-inflatables.com\\\/wp-content\\\/uploads\\\/2026\\\/04\\\/starterset_transparent.png\",\"datePublished\":\"2026-04-04T11:54:45+00:00\",\"description\":\"Starter Set liten - Huawei 2 HP \u2013 bl\u00e5ser, jordplugg, underlagsduk 5 x 6 m og gratis deflator. Alt du trenger for den perfekte starten med hoppeslottet ditt.\",\"breadcrumb\":{\"@id\":\"https:\\\/\\\/dodo-inflatables.com\\\/no\\\/produkt\\\/starter-set-liten-huawei-2-hp\\\/#breadcrumb\"},\"inLanguage\":\"nb-NO\",\"potentialAction\":[{\"@type\":\"ReadAction\",\"target\":[\"https:\\\/\\\/dodo-inflatables.com\\\/no\\\/produkt\\\/starter-set-liten-huawei-2-hp\\\/\"]}]},{\"@type\":\"ImageObject\",\"inLanguage\":\"nb-NO\",\"@id\":\"https:\\\/\\\/dodo-inflatables.com\\\/no\\\/produkt\\\/starter-set-liten-huawei-2-hp\\\/#primaryimage\",\"url\":\"https:\\\/\\\/dodo-inflatables.com\\\/wp-content\\\/uploads\\\/2026\\\/04\\\/starterset_transparent.png\",\"contentUrl\":\"https:\\\/\\\/dodo-inflatables.com\\\/wp-content\\\/uploads\\\/2026\\\/04\\\/starterset_transparent.png\",\"width\":1000,\"height\":1000,\"caption\":\"Starter Set liten - Huawei 2 HP til hoppeslott | Dodo Inflatables\"},{\"@type\":\"BreadcrumbList\",\"@id\":\"https:\\\/\\\/dodo-inflatables.com\\\/no\\\/produkt\\\/starter-set-liten-huawei-2-hp\\\/#breadcrumb\",\"itemListElement\":[{\"@type\":\"ListItem\",\"position\":1,\"name\":\"Hjem\",\"item\":\"https:\\\/\\\/dodo-inflatables.com\\\/no\\\/\"},{\"@type\":\"ListItem\",\"position\":2,\"name\":\"Butikk\",\"item\":\"https:\\\/\\\/dodo-inflatables.com\\\/no\\\/butikk\\\/\"},{\"@type\":\"ListItem\",\"position\":3,\"name\":\"Starter Set liten &#8211; Huawei 2 HP\"}]},{\"@type\":\"WebSite\",\"@id\":\"https:\\\/\\\/dodo-inflatables.com\\\/no\\\/#website\",\"url\":\"https:\\\/\\\/dodo-inflatables.com\\\/no\\\/\",\"name\":\"dodo-inflatables.com\",\"description\":\"Kj\u00f8p hoppeslott og attraksjoner i butikken v\u00e5r.\",\"potentialAction\":[{\"@type\":\"SearchAction\",\"target\":{\"@type\":\"EntryPoint\",\"urlTemplate\":\"https:\\\/\\\/dodo-inflatables.com\\\/no\\\/?s={search_term_string}\"},\"query-input\":{\"@type\":\"PropertyValueSpecification\",\"valueRequired\":true,\"valueName\":\"search_term_string\"}}],\"inLanguage\":\"nb-NO\"}]}<\/script>\n<!-- \/ Yoast SEO plugin. -->","yoast_head_json":{"title":"Starter Set liten - Huawei 2 HP til hoppeslott | Dodo Inflatables","description":"Starter Set liten - Huawei 2 HP \u2013 bl\u00e5ser, jordplugg, underlagsduk 5 x 6 m og gratis deflator. Alt du trenger for den perfekte starten med hoppeslottet ditt.","robots":{"index":"index","follow":"follow","max-snippet":"max-snippet:-1","max-image-preview":"max-image-preview:large","max-video-preview":"max-video-preview:-1"},"canonical":"https:\/\/dodo-inflatables.com\/no\/produkt\/starter-set-liten-huawei-2-hp\/","twitter_misc":{"Ansl. lesetid":"2 minutter"},"schema":{"@context":"https:\/\/schema.org","@graph":[{"@type":"WebPage","@id":"https:\/\/dodo-inflatables.com\/no\/produkt\/starter-set-liten-huawei-2-hp\/","url":"https:\/\/dodo-inflatables.com\/no\/produkt\/starter-set-liten-huawei-2-hp\/","name":"Starter Set liten - Huawei 2 HP til hoppeslott | Dodo Inflatables","isPartOf":{"@id":"https:\/\/dodo-inflatables.com\/no\/#website"},"primaryImageOfPage":{"@id":"https:\/\/dodo-inflatables.com\/no\/produkt\/starter-set-liten-huawei-2-hp\/#primaryimage"},"image":{"@id":"https:\/\/dodo-inflatables.com\/no\/produkt\/starter-set-liten-huawei-2-hp\/#primaryimage"},"thumbnailUrl":"https:\/\/dodo-inflatables.com\/wp-content\/uploads\/2026\/04\/starterset_transparent.png","datePublished":"2026-04-04T11:54:45+00:00","description":"Starter Set liten - Huawei 2 HP \u2013 bl\u00e5ser, jordplugg, underlagsduk 5 x 6 m og gratis deflator. Alt du trenger for den perfekte starten med hoppeslottet ditt.","breadcrumb":{"@id":"https:\/\/dodo-inflatables.com\/no\/produkt\/starter-set-liten-huawei-2-hp\/#breadcrumb"},"inLanguage":"nb-NO","potentialAction":[{"@type":"ReadAction","target":["https:\/\/dodo-inflatables.com\/no\/produkt\/starter-set-liten-huawei-2-hp\/"]}]},{"@type":"ImageObject","inLanguage":"nb-NO","@id":"https:\/\/dodo-inflatables.com\/no\/produkt\/starter-set-liten-huawei-2-hp\/#primaryimage","url":"https:\/\/dodo-inflatables.com\/wp-content\/uploads\/2026\/04\/starterset_transparent.png","contentUrl":"https:\/\/dodo-inflatables.com\/wp-content\/uploads\/2026\/04\/starterset_transparent.png","width":1000,"height":1000,"caption":"Starter Set liten - Huawei 2 HP til hoppeslott | Dodo Inflatables"},{"@type":"BreadcrumbList","@id":"https:\/\/dodo-inflatables.com\/no\/produkt\/starter-set-liten-huawei-2-hp\/#breadcrumb","itemListElement":[{"@type":"ListItem","position":1,"name":"Hjem","item":"https:\/\/dodo-inflatables.com\/no\/"},{"@type":"ListItem","position":2,"name":"Butikk","item":"https:\/\/dodo-inflatables.com\/no\/butikk\/"},{"@type":"ListItem","position":3,"name":"Starter Set liten &#8211; Huawei 2 HP"}]},{"@type":"WebSite","@id":"https:\/\/dodo-inflatables.com\/no\/#website","url":"https:\/\/dodo-inflatables.com\/no\/","name":"dodo-inflatables.com","description":"Kj\u00f8p hoppeslott og attraksjoner i butikken v\u00e5r.","potentialAction":[{"@type":"SearchAction","target":{"@type":"EntryPoint","urlTemplate":"https:\/\/dodo-inflatables.com\/no\/?s={search_term_string}"},"query-input":{"@type":"PropertyValueSpecification","valueRequired":true,"valueName":"search_term_string"}}],"inLanguage":"nb-NO"}]}},"uagb_featured_image_src":{"full":["https:\/\/dodo-inflatables.com\/wp-content\/uploads\/2026\/04\/starterset_transparent.png",1000,1000,false],"thumbnail":["https:\/\/dodo-inflatables.com\/wp-content\/uploads\/2026\/04\/starterset_transparent-150x150.png",150,150,true],"medium":["https:\/\/dodo-inflatables.com\/wp-content\/uploads\/2026\/04\/starterset_transparent-300x300.png",300,300,true],"medium_large":["https:\/\/dodo-inflatables.com\/wp-content\/uploads\/2026\/04\/starterset_transparent-768x768.png",768,768,true],"large":["https:\/\/dodo-inflatables.com\/wp-content\/uploads\/2026\/04\/starterset_transparent.png",1000,1000,false],"1536x1536":["https:\/\/dodo-inflatables.com\/wp-content\/uploads\/2026\/04\/starterset_transparent.png",1000,1000,false],"2048x2048":["https:\/\/dodo-inflatables.com\/wp-content\/uploads\/2026\/04\/starterset_transparent.png",1000,1000,false],"woocommerce_thumbnail":["https:\/\/dodo-inflatables.com\/wp-content\/uploads\/2026\/04\/starterset_transparent-900x900.png",900,900,true],"woocommerce_single":["https:\/\/dodo-inflatables.com\/wp-content\/uploads\/2026\/04\/starterset_transparent-900x900.png",900,900,true],"woocommerce_gallery_thumbnail":["https:\/\/dodo-inflatables.com\/wp-content\/uploads\/2026\/04\/starterset_transparent-100x100.png",100,100,true]},"uagb_author_info":{"display_name":"Andreas","author_link":"https:\/\/dodo-inflatables.com\/no\/author\/"},"uagb_comment_info":0,"uagb_excerpt":"\u2714 Perfekt matchende tilbeh\u00f8r \u2013 Alt du trenger for \u00e5 komme i gang i ett praktisk sett. \u2714 Rask oppsett og sikker drift \u2013 Takket v\u00e6re den kraftige bl\u00e5seren og solide jordpluggene. \u2714 Lengre levetid for hoppeslottet ditt \u2013 Med den beskyttende underlagsduken. \u2714 Enklere pakking \u2013 Den gratis deflatoren sparer deg tid og krefter!","_links":{"self":[{"href":"https:\/\/dodo-inflatables.com\/no\/wp-json\/wp\/v2\/product\/105835","targetHints":{"allow":["GET"]}}],"collection":[{"href":"https:\/\/dodo-inflatables.com\/no\/wp-json\/wp\/v2\/product"}],"about":[{"href":"https:\/\/dodo-inflatables.com\/no\/wp-json\/wp\/v2\/types\/product"}],"replies":[{"embeddable":true,"href":"https:\/\/dodo-inflatables.com\/no\/wp-json\/wp\/v2\/comments?post=105835"}],"wp:featuredmedia":[{"embeddable":true,"href":"https:\/\/dodo-inflatables.com\/no\/wp-json\/wp\/v2\/media\/105649"}],"wp:attachment":[{"href":"https:\/\/dodo-inflatables.com\/no\/wp-json\/wp\/v2\/media?parent=105835"}],"wp:term":[{"taxonomy":"product_brand","embeddable":true,"href":"https:\/\/dodo-inflatables.com\/no\/wp-json\/wp\/v2\/product_brand?post=105835"},{"taxonomy":"product_cat","embeddable":true,"href":"https:\/\/dodo-inflatables.com\/no\/wp-json\/wp\/v2\/product_cat?post=105835"},{"taxonomy":"product_tag","embeddable":true,"href":"https:\/\/dodo-inflatables.com\/no\/wp-json\/wp\/v2\/product_tag?post=105835"}],"curies":[{"name":"wp","href":"https:\/\/api.w.org\/{rel}","templated":true}]}}