{"id":105919,"date":"2026-04-04T13:54:45","date_gmt":"2026-04-04T11:54:45","guid":{"rendered":"https:\/\/dodo-inflatables.com\/dodo-relaunch?product=lyddemper-blaserdeksel-til-hoppeslott-blasere"},"modified":"2026-04-04T13:54:45","modified_gmt":"2026-04-04T11:54:45","slug":"lyddemper-blaserdeksel-til-hoppeslott-blasere","status":"publish","type":"product","link":"https:\/\/dodo-inflatables.com\/no\/produkt\/lyddemper-blaserdeksel-til-hoppeslott-blasere\/","title":{"rendered":"Lyddemper \/ bl\u00e5serdeksel til hoppeslott bl\u00e5sere"},"content":{"rendered":"<h1>Kj\u00f8p lyddemper \/ bl\u00e5serdeksel til hoppeslott bl\u00e5sere<\/h1>\n<p>Huawei bl\u00e5serdekslet er en praktisk l\u00f8sning for \u00e5 redusere st\u00f8y og trygt avskjerme hoppeslott bl\u00e5sere. Det er spesielt utviklet for profesjonell bruk og oppfyller kravene i DIN EN 14960-1:2019.<br \/>\nI tillegg til \u00e5 redusere driftsst\u00f8yen sikrer bl\u00e5serdekslet prim\u00e6rt et klart skille mellom lekeomr\u00e5det og det tekniske omr\u00e5det, noe som \u00f8ker sikkerheten for oppsett i offentlige og kommersielle milj\u00f8er.<br \/>\n<strong>Mer sikkerhet under drift:<\/strong><br \/>\nBl\u00e5serdekslet begrenser fysisk direkte tilgang til bl\u00e5seren. Bevegelige deler er beskyttet og utilgjengelige for barn, noe som er en viktig faktor ved sikkerhetsinspeksjoner og samsvarskontroller.<br \/>\n<strong>St\u00f8yreduksjon:<\/strong><br \/>\nTakket v\u00e6re det polstrede, lukkede designet reduseres bl\u00e5serens driftsst\u00f8y merkbart. Ideell for bruk i boligomr\u00e5der, bysentre eller andre st\u00f8yf\u00f8lsomme milj\u00f8er.<br \/>\n<strong>I samsvar med EN 14960:<\/strong><br \/>\nBl\u00e5serdekslet oppfyller viktige krav i den europeiske standarden EN 14960-1:2019, inkludert: \u00e5 holde bl\u00e5sere utilgjengelige for barn, beskytte bevegelige deler og sikre et klart skille mellom lekeomr\u00e5det og det tekniske omr\u00e5det.<br \/>\n<strong>Robust og v\u00e6rbestandig:<\/strong><br \/>\nDekslet er brannbestandig og vannbestandig og er designet for intensiv profesjonell bruk. Det gir ogs\u00e5 ekstra beskyttelse for bl\u00e5seren mot eksterne p\u00e5virkninger.<br \/>\n<strong>Enkel installasjon:<\/strong><br \/>\nBl\u00e5serdekslet kan monteres og fjernes raskt. Dette gj\u00f8r vedlikehold, visuelle kontroller og inspeksjoner enkle \u00e5 utf\u00f8re.<\/p>\n<h3>Detaljer om lyddemperen \/ bl\u00e5serdekslet<\/h3>\n<ul>\n<li class=\"p1\">M\u00e5l (L \u00d7 B \u00d7 H): ca. 50 \u00d7 63 \u00d7 54 cm<\/li>\n<li class=\"p1\">Vekt: ca. 2,4 kg<\/li>\n<li class=\"p1\">Pakkede m\u00e5l: ca. 50 \u00d7 100 \u00d7 15 cm<\/li>\n<\/ul>\n","protected":false},"excerpt":{"rendered":"<ul>\n<li class=\"p1\">M\u00e5l (L \u00d7 B \u00d7 H): ca. 50 \u00d7 63 \u00d7 54 cm<\/li>\n<li class=\"p1\">Vekt: ca. 2,4 kg<\/li>\n<li class=\"p1\">Pakkede m\u00e5l: ca. 50 \u00d7 100 \u00d7 15 cm<\/li>\n<\/ul>\n","protected":false},"featured_media":105914,"comment_status":"open","ping_status":"closed","template":"","meta":{"_acf_changed":false,"_uag_custom_page_level_css":"","site-sidebar-layout":"default","site-content-layout":"boxed-container","ast-site-content-layout":"normal-width-container","site-content-style":"boxed","site-sidebar-style":"default","ast-global-header-display":"","ast-banner-title-visibility":"","ast-main-header-display":"","ast-hfb-above-header-display":"","ast-hfb-below-header-display":"","ast-hfb-mobile-header-display":"","site-post-title":"disabled","ast-breadcrumbs-content":"","ast-featured-img":"","footer-sml-layout":"","ast-disable-related-posts":"","theme-transparent-header-meta":"default","adv-header-id-meta":"","stick-header-meta":"default","header-above-stick-meta":"","header-main-stick-meta":"","header-below-stick-meta":"","astra-migrate-meta-layouts":"default","ast-page-background-enabled":"default","ast-page-background-meta":{"desktop":{"background-color":"var(--ast-global-color-4)","background-image":"","background-repeat":"repeat","background-position":"center center","background-size":"auto","background-attachment":"scroll","background-type":"","background-media":"","overlay-type":"","overlay-color":"","overlay-opacity":"","overlay-gradient":""},"tablet":{"background-color":"","background-image":"","background-repeat":"repeat","background-position":"center center","background-size":"auto","background-attachment":"scroll","background-type":"","background-media":"","overlay-type":"","overlay-color":"","overlay-opacity":"","overlay-gradient":""},"mobile":{"background-color":"","background-image":"","background-repeat":"repeat","background-position":"center center","background-size":"auto","background-attachment":"scroll","background-type":"","background-media":"","overlay-type":"","overlay-color":"","overlay-opacity":"","overlay-gradient":""}},"ast-content-background-meta":{"desktop":{"background-color":"var(--ast-global-color-5)","background-image":"","background-repeat":"repeat","background-position":"center center","background-size":"auto","background-attachment":"scroll","background-type":"","background-media":"","overlay-type":"","overlay-color":"","overlay-opacity":"","overlay-gradient":""},"tablet":{"background-color":"var(--ast-global-color-5)","background-image":"","background-repeat":"repeat","background-position":"center center","background-size":"auto","background-attachment":"scroll","background-type":"","background-media":"","overlay-type":"","overlay-color":"","overlay-opacity":"","overlay-gradient":""},"mobile":{"background-color":"var(--ast-global-color-5)","background-image":"","background-repeat":"repeat","background-position":"center center","background-size":"auto","background-attachment":"scroll","background-type":"","background-media":"","overlay-type":"","overlay-color":"","overlay-opacity":"","overlay-gradient":""}}},"product_brand":[],"product_cat":[2071],"product_tag":[],"class_list":{"0":"post-105919","1":"product","2":"type-product","3":"status-publish","4":"has-post-thumbnail","6":"product_cat-tilbehor-no","7":"product_shipping_class-tilbehor-no","8":"desktop-align-center","9":"tablet-align-center","10":"mobile-align-center","11":"ast-product-gallery-layout-horizontal","12":"ast-product-tabs-layout-horizontal","14":"first","15":"instock","16":"taxable","17":"shipping-taxable","18":"purchasable","19":"product-type-simple"},"acf":[],"yoast_head":"<!-- This site is optimized with the Yoast SEO plugin v27.5 - https:\/\/yoast.com\/product\/yoast-seo-wordpress\/ -->\n<title>Lyddemper \/ bl\u00e5serdeksel til hoppeslott bl\u00e5sere | Dodo Inflatables<\/title>\n<meta name=\"description\" content=\"Lyddemper \/ bl\u00e5serdeksel til hoppeslott bl\u00e5sere \u2013 i samsvar med EN 14960-1:2019, brannbestandig og vannbestandig, reduserer st\u00f8y. M\u00e5l ca. 50 \u00d7 63 \u00d7 54 cm, vekt ca. 2,4 kg.\" \/>\n<meta name=\"robots\" content=\"index, follow, max-snippet:-1, max-image-preview:large, max-video-preview:-1\" \/>\n<link rel=\"canonical\" href=\"https:\/\/dodo-inflatables.com\/no\/produkt\/lyddemper-blaserdeksel-til-hoppeslott-blasere\/\" \/>\n<meta name=\"twitter:label1\" content=\"Ansl. lesetid\" \/>\n\t<meta name=\"twitter:data1\" content=\"1 minutt\" \/>\n<script type=\"application\/ld+json\" class=\"yoast-schema-graph\">{\"@context\":\"https:\\\/\\\/schema.org\",\"@graph\":[{\"@type\":\"WebPage\",\"@id\":\"https:\\\/\\\/dodo-inflatables.com\\\/no\\\/produkt\\\/lyddemper-blaserdeksel-til-hoppeslott-blasere\\\/\",\"url\":\"https:\\\/\\\/dodo-inflatables.com\\\/no\\\/produkt\\\/lyddemper-blaserdeksel-til-hoppeslott-blasere\\\/\",\"name\":\"Lyddemper \\\/ bl\u00e5serdeksel til hoppeslott bl\u00e5sere | Dodo Inflatables\",\"isPartOf\":{\"@id\":\"https:\\\/\\\/dodo-inflatables.com\\\/no\\\/#website\"},\"primaryImageOfPage\":{\"@id\":\"https:\\\/\\\/dodo-inflatables.com\\\/no\\\/produkt\\\/lyddemper-blaserdeksel-til-hoppeslott-blasere\\\/#primaryimage\"},\"image\":{\"@id\":\"https:\\\/\\\/dodo-inflatables.com\\\/no\\\/produkt\\\/lyddemper-blaserdeksel-til-hoppeslott-blasere\\\/#primaryimage\"},\"thumbnailUrl\":\"https:\\\/\\\/dodo-inflatables.com\\\/wp-content\\\/uploads\\\/2026\\\/04\\\/Huawei-Schalldaemper-Blower-Cover-Huepfburgen-Geblaese-1.jpg\",\"datePublished\":\"2026-04-04T11:54:45+00:00\",\"description\":\"Lyddemper \\\/ bl\u00e5serdeksel til hoppeslott bl\u00e5sere \u2013 i samsvar med EN 14960-1:2019, brannbestandig og vannbestandig, reduserer st\u00f8y. M\u00e5l ca. 50 \u00d7 63 \u00d7 54 cm, vekt ca. 2,4 kg.\",\"breadcrumb\":{\"@id\":\"https:\\\/\\\/dodo-inflatables.com\\\/no\\\/produkt\\\/lyddemper-blaserdeksel-til-hoppeslott-blasere\\\/#breadcrumb\"},\"inLanguage\":\"nb-NO\",\"potentialAction\":[{\"@type\":\"ReadAction\",\"target\":[\"https:\\\/\\\/dodo-inflatables.com\\\/no\\\/produkt\\\/lyddemper-blaserdeksel-til-hoppeslott-blasere\\\/\"]}]},{\"@type\":\"ImageObject\",\"inLanguage\":\"nb-NO\",\"@id\":\"https:\\\/\\\/dodo-inflatables.com\\\/no\\\/produkt\\\/lyddemper-blaserdeksel-til-hoppeslott-blasere\\\/#primaryimage\",\"url\":\"https:\\\/\\\/dodo-inflatables.com\\\/wp-content\\\/uploads\\\/2026\\\/04\\\/Huawei-Schalldaemper-Blower-Cover-Huepfburgen-Geblaese-1.jpg\",\"contentUrl\":\"https:\\\/\\\/dodo-inflatables.com\\\/wp-content\\\/uploads\\\/2026\\\/04\\\/Huawei-Schalldaemper-Blower-Cover-Huepfburgen-Geblaese-1.jpg\",\"width\":700,\"height\":700,\"caption\":\"Lyddemper \\\/ bl\u00e5serdeksel til hoppeslott bl\u00e5sere | Dodo Inflatables\"},{\"@type\":\"BreadcrumbList\",\"@id\":\"https:\\\/\\\/dodo-inflatables.com\\\/no\\\/produkt\\\/lyddemper-blaserdeksel-til-hoppeslott-blasere\\\/#breadcrumb\",\"itemListElement\":[{\"@type\":\"ListItem\",\"position\":1,\"name\":\"Hjem\",\"item\":\"https:\\\/\\\/dodo-inflatables.com\\\/no\\\/\"},{\"@type\":\"ListItem\",\"position\":2,\"name\":\"Butikk\",\"item\":\"https:\\\/\\\/dodo-inflatables.com\\\/no\\\/butikk\\\/\"},{\"@type\":\"ListItem\",\"position\":3,\"name\":\"Lyddemper \\\/ bl\u00e5serdeksel til hoppeslott bl\u00e5sere\"}]},{\"@type\":\"WebSite\",\"@id\":\"https:\\\/\\\/dodo-inflatables.com\\\/no\\\/#website\",\"url\":\"https:\\\/\\\/dodo-inflatables.com\\\/no\\\/\",\"name\":\"dodo-inflatables.com\",\"description\":\"Kj\u00f8p hoppeslott og attraksjoner i butikken v\u00e5r.\",\"potentialAction\":[{\"@type\":\"SearchAction\",\"target\":{\"@type\":\"EntryPoint\",\"urlTemplate\":\"https:\\\/\\\/dodo-inflatables.com\\\/no\\\/?s={search_term_string}\"},\"query-input\":{\"@type\":\"PropertyValueSpecification\",\"valueRequired\":true,\"valueName\":\"search_term_string\"}}],\"inLanguage\":\"nb-NO\"}]}<\/script>\n<!-- \/ Yoast SEO plugin. -->","yoast_head_json":{"title":"Lyddemper \/ bl\u00e5serdeksel til hoppeslott bl\u00e5sere | Dodo Inflatables","description":"Lyddemper \/ bl\u00e5serdeksel til hoppeslott bl\u00e5sere \u2013 i samsvar med EN 14960-1:2019, brannbestandig og vannbestandig, reduserer st\u00f8y. M\u00e5l ca. 50 \u00d7 63 \u00d7 54 cm, vekt ca. 2,4 kg.","robots":{"index":"index","follow":"follow","max-snippet":"max-snippet:-1","max-image-preview":"max-image-preview:large","max-video-preview":"max-video-preview:-1"},"canonical":"https:\/\/dodo-inflatables.com\/no\/produkt\/lyddemper-blaserdeksel-til-hoppeslott-blasere\/","twitter_misc":{"Ansl. lesetid":"1 minutt"},"schema":{"@context":"https:\/\/schema.org","@graph":[{"@type":"WebPage","@id":"https:\/\/dodo-inflatables.com\/no\/produkt\/lyddemper-blaserdeksel-til-hoppeslott-blasere\/","url":"https:\/\/dodo-inflatables.com\/no\/produkt\/lyddemper-blaserdeksel-til-hoppeslott-blasere\/","name":"Lyddemper \/ bl\u00e5serdeksel til hoppeslott bl\u00e5sere | Dodo Inflatables","isPartOf":{"@id":"https:\/\/dodo-inflatables.com\/no\/#website"},"primaryImageOfPage":{"@id":"https:\/\/dodo-inflatables.com\/no\/produkt\/lyddemper-blaserdeksel-til-hoppeslott-blasere\/#primaryimage"},"image":{"@id":"https:\/\/dodo-inflatables.com\/no\/produkt\/lyddemper-blaserdeksel-til-hoppeslott-blasere\/#primaryimage"},"thumbnailUrl":"https:\/\/dodo-inflatables.com\/wp-content\/uploads\/2026\/04\/Huawei-Schalldaemper-Blower-Cover-Huepfburgen-Geblaese-1.jpg","datePublished":"2026-04-04T11:54:45+00:00","description":"Lyddemper \/ bl\u00e5serdeksel til hoppeslott bl\u00e5sere \u2013 i samsvar med EN 14960-1:2019, brannbestandig og vannbestandig, reduserer st\u00f8y. M\u00e5l ca. 50 \u00d7 63 \u00d7 54 cm, vekt ca. 2,4 kg.","breadcrumb":{"@id":"https:\/\/dodo-inflatables.com\/no\/produkt\/lyddemper-blaserdeksel-til-hoppeslott-blasere\/#breadcrumb"},"inLanguage":"nb-NO","potentialAction":[{"@type":"ReadAction","target":["https:\/\/dodo-inflatables.com\/no\/produkt\/lyddemper-blaserdeksel-til-hoppeslott-blasere\/"]}]},{"@type":"ImageObject","inLanguage":"nb-NO","@id":"https:\/\/dodo-inflatables.com\/no\/produkt\/lyddemper-blaserdeksel-til-hoppeslott-blasere\/#primaryimage","url":"https:\/\/dodo-inflatables.com\/wp-content\/uploads\/2026\/04\/Huawei-Schalldaemper-Blower-Cover-Huepfburgen-Geblaese-1.jpg","contentUrl":"https:\/\/dodo-inflatables.com\/wp-content\/uploads\/2026\/04\/Huawei-Schalldaemper-Blower-Cover-Huepfburgen-Geblaese-1.jpg","width":700,"height":700,"caption":"Lyddemper \/ bl\u00e5serdeksel til hoppeslott bl\u00e5sere | Dodo Inflatables"},{"@type":"BreadcrumbList","@id":"https:\/\/dodo-inflatables.com\/no\/produkt\/lyddemper-blaserdeksel-til-hoppeslott-blasere\/#breadcrumb","itemListElement":[{"@type":"ListItem","position":1,"name":"Hjem","item":"https:\/\/dodo-inflatables.com\/no\/"},{"@type":"ListItem","position":2,"name":"Butikk","item":"https:\/\/dodo-inflatables.com\/no\/butikk\/"},{"@type":"ListItem","position":3,"name":"Lyddemper \/ bl\u00e5serdeksel til hoppeslott bl\u00e5sere"}]},{"@type":"WebSite","@id":"https:\/\/dodo-inflatables.com\/no\/#website","url":"https:\/\/dodo-inflatables.com\/no\/","name":"dodo-inflatables.com","description":"Kj\u00f8p hoppeslott og attraksjoner i butikken v\u00e5r.","potentialAction":[{"@type":"SearchAction","target":{"@type":"EntryPoint","urlTemplate":"https:\/\/dodo-inflatables.com\/no\/?s={search_term_string}"},"query-input":{"@type":"PropertyValueSpecification","valueRequired":true,"valueName":"search_term_string"}}],"inLanguage":"nb-NO"}]}},"uagb_featured_image_src":{"full":["https:\/\/dodo-inflatables.com\/wp-content\/uploads\/2026\/04\/Huawei-Schalldaemper-Blower-Cover-Huepfburgen-Geblaese-1.jpg",700,700,false],"thumbnail":["https:\/\/dodo-inflatables.com\/wp-content\/uploads\/2026\/04\/Huawei-Schalldaemper-Blower-Cover-Huepfburgen-Geblaese-1-150x150.jpg",150,150,true],"medium":["https:\/\/dodo-inflatables.com\/wp-content\/uploads\/2026\/04\/Huawei-Schalldaemper-Blower-Cover-Huepfburgen-Geblaese-1-300x300.jpg",300,300,true],"medium_large":["https:\/\/dodo-inflatables.com\/wp-content\/uploads\/2026\/04\/Huawei-Schalldaemper-Blower-Cover-Huepfburgen-Geblaese-1.jpg",700,700,false],"large":["https:\/\/dodo-inflatables.com\/wp-content\/uploads\/2026\/04\/Huawei-Schalldaemper-Blower-Cover-Huepfburgen-Geblaese-1.jpg",700,700,false],"1536x1536":["https:\/\/dodo-inflatables.com\/wp-content\/uploads\/2026\/04\/Huawei-Schalldaemper-Blower-Cover-Huepfburgen-Geblaese-1.jpg",700,700,false],"2048x2048":["https:\/\/dodo-inflatables.com\/wp-content\/uploads\/2026\/04\/Huawei-Schalldaemper-Blower-Cover-Huepfburgen-Geblaese-1.jpg",700,700,false],"woocommerce_thumbnail":["https:\/\/dodo-inflatables.com\/wp-content\/uploads\/2026\/04\/Huawei-Schalldaemper-Blower-Cover-Huepfburgen-Geblaese-1.jpg",700,700,false],"woocommerce_single":["https:\/\/dodo-inflatables.com\/wp-content\/uploads\/2026\/04\/Huawei-Schalldaemper-Blower-Cover-Huepfburgen-Geblaese-1.jpg",700,700,false],"woocommerce_gallery_thumbnail":["https:\/\/dodo-inflatables.com\/wp-content\/uploads\/2026\/04\/Huawei-Schalldaemper-Blower-Cover-Huepfburgen-Geblaese-1-100x100.jpg",100,100,true]},"uagb_author_info":{"display_name":"Andreas","author_link":"https:\/\/dodo-inflatables.com\/no\/author\/"},"uagb_comment_info":0,"uagb_excerpt":"M\u00e5l (L \u00d7 B \u00d7 H): ca. 50 \u00d7 63 \u00d7 54 cm Vekt: ca. 2,4 kg Pakkede m\u00e5l: ca. 50 \u00d7 100 \u00d7 15 cm","_links":{"self":[{"href":"https:\/\/dodo-inflatables.com\/no\/wp-json\/wp\/v2\/product\/105919","targetHints":{"allow":["GET"]}}],"collection":[{"href":"https:\/\/dodo-inflatables.com\/no\/wp-json\/wp\/v2\/product"}],"about":[{"href":"https:\/\/dodo-inflatables.com\/no\/wp-json\/wp\/v2\/types\/product"}],"replies":[{"embeddable":true,"href":"https:\/\/dodo-inflatables.com\/no\/wp-json\/wp\/v2\/comments?post=105919"}],"wp:featuredmedia":[{"embeddable":true,"href":"https:\/\/dodo-inflatables.com\/no\/wp-json\/wp\/v2\/media\/105914"}],"wp:attachment":[{"href":"https:\/\/dodo-inflatables.com\/no\/wp-json\/wp\/v2\/media?parent=105919"}],"wp:term":[{"taxonomy":"product_brand","embeddable":true,"href":"https:\/\/dodo-inflatables.com\/no\/wp-json\/wp\/v2\/product_brand?post=105919"},{"taxonomy":"product_cat","embeddable":true,"href":"https:\/\/dodo-inflatables.com\/no\/wp-json\/wp\/v2\/product_cat?post=105919"},{"taxonomy":"product_tag","embeddable":true,"href":"https:\/\/dodo-inflatables.com\/no\/wp-json\/wp\/v2\/product_tag?post=105919"}],"curies":[{"name":"wp","href":"https:\/\/api.w.org\/{rel}","templated":true}]}}