{"id":105981,"date":"2026-04-04T13:54:45","date_gmt":"2026-04-04T11:54:45","guid":{"rendered":"https:\/\/dodo-inflatables.com\/dodo-relaunch?product=trykkovervaker-trykkmaler-til-hoppeslott-huawei-ny-s01"},"modified":"2026-04-04T13:54:45","modified_gmt":"2026-04-04T11:54:45","slug":"trykkovervaker-trykkmaler-til-hoppeslott-huawei-ny-s01","status":"publish","type":"product","link":"https:\/\/dodo-inflatables.com\/no\/produkt\/trykkovervaker-trykkmaler-til-hoppeslott-huawei-ny-s01\/","title":{"rendered":"Trykkoverv\u00e5ker \/ trykkm\u00e5ler til hoppeslott \u2013 Huawei NY-S01"},"content":{"rendered":"<h1><b>Kj\u00f8p trykkoverv\u00e5ker \/ trykkm\u00e5ler til hoppeslott \u2013 Huawei NY-S01<\/b><\/h1>\n<p>&nbsp;<\/p>\n<p class=\"p1\"><span class=\"s1\"><b>Huawei NY-S01 SafeAlert trykkoverv\u00e5ker<\/b><\/span> er designet for kontinuerlig overv\u00e5king av lufttrykk i hoppeslott og oppbl\u00e5sbart lekeutstyr.<br \/>\nDen m\u00e5ler det n\u00e5v\u00e6rende indre trykket i sanntid og gir visuelle og akustiske advarsler hvis trykket faller under et definert niv\u00e5.<br \/>\nDette bidrar til \u00e5 st\u00f8tte sikker drift av hoppeslottet og gj\u00f8r trykkoverv\u00e5keren s\u00e6rlig egnet for profesjonell bruk i utleiebedrifter, ved arrangementer og ved offentlige funksjoner.<\/p>\n<p class=\"p3\"><b>P\u00e5litelig trykkoverv\u00e5king:<br \/>\n<\/b>Den integrerte sensoren m\u00e5ler lufttrykk innenfor et omr\u00e5de p\u00e5 <span class=\"s1\"><b>0\u20133000 Pa<\/b><\/span> og viser verdiene tydelig p\u00e5 den digitale skjermen.<\/p>\n<p class=\"p3\"><b>Visuelle og akustiske advarselssignaler:<br \/>\n<\/b>Hvis trykket faller, utl\u00f8ses en umiddelbar advarsel via LED-display og h\u00f8rbart signal, noe som muliggj\u00f8r rask handling.<\/p>\n<p class=\"p3\"><b>Robust design:<br \/>\n<\/b>Trykkoverv\u00e5keren er brannbestandig og vannbestandig og er egnet for bruk under ulike v\u00e6rforhold.<\/p>\n<p class=\"p3\"><b>Kompakt og brukervennlig:<br \/>\n<\/b>Takket v\u00e6re det kompakte designet, lave vekten og enkle betjeningen er enheten enkel \u00e5 installere, justere og transportere.<\/p>\n<h3>Detaljer om trykkoverv\u00e5keren \/ trykkm\u00e5leren<\/h3>\n<ul>\n<li class=\"p1\">M\u00e5l (B \u00d7 D \u00d7 H): ca. 80 \u00d7 73 \u00d7 52 mm<\/li>\n<li class=\"p1\">Pakkede m\u00e5l: ca. 110 \u00d7 110 \u00d7 100 mm<\/li>\n<li>\n<p class=\"p1\">M\u00e5leomr\u00e5de: 0\u20133000 Pa<\/p>\n<\/li>\n<\/ul>\n","protected":false},"excerpt":{"rendered":"<ul>\n<li class=\"p1\">M\u00e5l (B \u00d7 D \u00d7 H): ca. 80 \u00d7 73 \u00d7 52 mm<\/li>\n<li class=\"p1\">Pakkede m\u00e5l: ca. 110 \u00d7 110 \u00d7 100 mm<\/li>\n<li>\n<p class=\"p1\">M\u00e5leomr\u00e5de: 0\u20133000 Pa<\/p>\n<\/li>\n<\/ul>\n","protected":false},"featured_media":105980,"comment_status":"open","ping_status":"closed","template":"","meta":{"_acf_changed":false,"_uag_custom_page_level_css":"","site-sidebar-layout":"default","site-content-layout":"boxed-container","ast-site-content-layout":"normal-width-container","site-content-style":"boxed","site-sidebar-style":"default","ast-global-header-display":"","ast-banner-title-visibility":"","ast-main-header-display":"","ast-hfb-above-header-display":"","ast-hfb-below-header-display":"","ast-hfb-mobile-header-display":"","site-post-title":"disabled","ast-breadcrumbs-content":"","ast-featured-img":"","footer-sml-layout":"","ast-disable-related-posts":"","theme-transparent-header-meta":"default","adv-header-id-meta":"","stick-header-meta":"default","header-above-stick-meta":"","header-main-stick-meta":"","header-below-stick-meta":"","astra-migrate-meta-layouts":"default","ast-page-background-enabled":"default","ast-page-background-meta":{"desktop":{"background-color":"var(--ast-global-color-4)","background-image":"","background-repeat":"repeat","background-position":"center center","background-size":"auto","background-attachment":"scroll","background-type":"","background-media":"","overlay-type":"","overlay-color":"","overlay-opacity":"","overlay-gradient":""},"tablet":{"background-color":"","background-image":"","background-repeat":"repeat","background-position":"center center","background-size":"auto","background-attachment":"scroll","background-type":"","background-media":"","overlay-type":"","overlay-color":"","overlay-opacity":"","overlay-gradient":""},"mobile":{"background-color":"","background-image":"","background-repeat":"repeat","background-position":"center center","background-size":"auto","background-attachment":"scroll","background-type":"","background-media":"","overlay-type":"","overlay-color":"","overlay-opacity":"","overlay-gradient":""}},"ast-content-background-meta":{"desktop":{"background-color":"var(--ast-global-color-5)","background-image":"","background-repeat":"repeat","background-position":"center center","background-size":"auto","background-attachment":"scroll","background-type":"","background-media":"","overlay-type":"","overlay-color":"","overlay-opacity":"","overlay-gradient":""},"tablet":{"background-color":"var(--ast-global-color-5)","background-image":"","background-repeat":"repeat","background-position":"center center","background-size":"auto","background-attachment":"scroll","background-type":"","background-media":"","overlay-type":"","overlay-color":"","overlay-opacity":"","overlay-gradient":""},"mobile":{"background-color":"var(--ast-global-color-5)","background-image":"","background-repeat":"repeat","background-position":"center center","background-size":"auto","background-attachment":"scroll","background-type":"","background-media":"","overlay-type":"","overlay-color":"","overlay-opacity":"","overlay-gradient":""}}},"product_brand":[],"product_cat":[2071],"product_tag":[],"class_list":{"0":"post-105981","1":"product","2":"type-product","3":"status-publish","4":"has-post-thumbnail","6":"product_cat-tilbehor-no","7":"product_shipping_class-tilbehor-no","8":"desktop-align-center","9":"tablet-align-center","10":"mobile-align-center","11":"ast-product-gallery-layout-horizontal","12":"ast-product-gallery-with-no-image","13":"ast-product-tabs-layout-horizontal","15":"first","16":"instock","17":"taxable","18":"shipping-taxable","19":"purchasable","20":"product-type-simple"},"acf":[],"yoast_head":"<!-- This site is optimized with the Yoast SEO plugin v27.5 - https:\/\/yoast.com\/product\/yoast-seo-wordpress\/ -->\n<title>Trykkoverv\u00e5ker \/ trykkm\u00e5ler til hoppeslott \u2013 Huawei NY-S01 | Dodo Inflatables<\/title>\n<meta name=\"description\" content=\"Huawei NY-S01 trykkoverv\u00e5ker til hoppeslott \u2013 sanntids trykkoverv\u00e5king 0\u20133000 Pa, visuelle og akustiske advarsler, brannbestandig og vannbestandig. Ideell for utleiebedrifter og arrangementer.\" \/>\n<meta name=\"robots\" content=\"index, follow, max-snippet:-1, max-image-preview:large, max-video-preview:-1\" \/>\n<link rel=\"canonical\" href=\"https:\/\/dodo-inflatables.com\/no\/produkt\/trykkovervaker-trykkmaler-til-hoppeslott-huawei-ny-s01\/\" \/>\n<meta name=\"twitter:label1\" content=\"Ansl. lesetid\" \/>\n\t<meta name=\"twitter:data1\" content=\"1 minutt\" \/>\n<script type=\"application\/ld+json\" class=\"yoast-schema-graph\">{\"@context\":\"https:\\\/\\\/schema.org\",\"@graph\":[{\"@type\":\"WebPage\",\"@id\":\"https:\\\/\\\/dodo-inflatables.com\\\/no\\\/produkt\\\/trykkovervaker-trykkmaler-til-hoppeslott-huawei-ny-s01\\\/\",\"url\":\"https:\\\/\\\/dodo-inflatables.com\\\/no\\\/produkt\\\/trykkovervaker-trykkmaler-til-hoppeslott-huawei-ny-s01\\\/\",\"name\":\"Trykkoverv\u00e5ker \\\/ trykkm\u00e5ler til hoppeslott \u2013 Huawei NY-S01 | Dodo Inflatables\",\"isPartOf\":{\"@id\":\"https:\\\/\\\/dodo-inflatables.com\\\/no\\\/#website\"},\"primaryImageOfPage\":{\"@id\":\"https:\\\/\\\/dodo-inflatables.com\\\/no\\\/produkt\\\/trykkovervaker-trykkmaler-til-hoppeslott-huawei-ny-s01\\\/#primaryimage\"},\"image\":{\"@id\":\"https:\\\/\\\/dodo-inflatables.com\\\/no\\\/produkt\\\/trykkovervaker-trykkmaler-til-hoppeslott-huawei-ny-s01\\\/#primaryimage\"},\"thumbnailUrl\":\"https:\\\/\\\/dodo-inflatables.com\\\/wp-content\\\/uploads\\\/2026\\\/04\\\/Druckwaechter-Druckmesser-fur-Huepfburgen.jpg\",\"datePublished\":\"2026-04-04T11:54:45+00:00\",\"description\":\"Huawei NY-S01 trykkoverv\u00e5ker til hoppeslott \u2013 sanntids trykkoverv\u00e5king 0\u20133000 Pa, visuelle og akustiske advarsler, brannbestandig og vannbestandig. Ideell for utleiebedrifter og arrangementer.\",\"breadcrumb\":{\"@id\":\"https:\\\/\\\/dodo-inflatables.com\\\/no\\\/produkt\\\/trykkovervaker-trykkmaler-til-hoppeslott-huawei-ny-s01\\\/#breadcrumb\"},\"inLanguage\":\"nb-NO\",\"potentialAction\":[{\"@type\":\"ReadAction\",\"target\":[\"https:\\\/\\\/dodo-inflatables.com\\\/no\\\/produkt\\\/trykkovervaker-trykkmaler-til-hoppeslott-huawei-ny-s01\\\/\"]}]},{\"@type\":\"ImageObject\",\"inLanguage\":\"nb-NO\",\"@id\":\"https:\\\/\\\/dodo-inflatables.com\\\/no\\\/produkt\\\/trykkovervaker-trykkmaler-til-hoppeslott-huawei-ny-s01\\\/#primaryimage\",\"url\":\"https:\\\/\\\/dodo-inflatables.com\\\/wp-content\\\/uploads\\\/2026\\\/04\\\/Druckwaechter-Druckmesser-fur-Huepfburgen.jpg\",\"contentUrl\":\"https:\\\/\\\/dodo-inflatables.com\\\/wp-content\\\/uploads\\\/2026\\\/04\\\/Druckwaechter-Druckmesser-fur-Huepfburgen.jpg\",\"width\":700,\"height\":700,\"caption\":\"Trykkoverv\u00e5ker \\\/ trykkm\u00e5ler til hoppeslott \u2013 Huawei NY-S01 | Dodo Inflatables\"},{\"@type\":\"BreadcrumbList\",\"@id\":\"https:\\\/\\\/dodo-inflatables.com\\\/no\\\/produkt\\\/trykkovervaker-trykkmaler-til-hoppeslott-huawei-ny-s01\\\/#breadcrumb\",\"itemListElement\":[{\"@type\":\"ListItem\",\"position\":1,\"name\":\"Hjem\",\"item\":\"https:\\\/\\\/dodo-inflatables.com\\\/no\\\/\"},{\"@type\":\"ListItem\",\"position\":2,\"name\":\"Butikk\",\"item\":\"https:\\\/\\\/dodo-inflatables.com\\\/no\\\/butikk\\\/\"},{\"@type\":\"ListItem\",\"position\":3,\"name\":\"Trykkoverv\u00e5ker \\\/ trykkm\u00e5ler til hoppeslott \u2013 Huawei NY-S01\"}]},{\"@type\":\"WebSite\",\"@id\":\"https:\\\/\\\/dodo-inflatables.com\\\/no\\\/#website\",\"url\":\"https:\\\/\\\/dodo-inflatables.com\\\/no\\\/\",\"name\":\"dodo-inflatables.com\",\"description\":\"Kj\u00f8p hoppeslott og attraksjoner i butikken v\u00e5r.\",\"potentialAction\":[{\"@type\":\"SearchAction\",\"target\":{\"@type\":\"EntryPoint\",\"urlTemplate\":\"https:\\\/\\\/dodo-inflatables.com\\\/no\\\/?s={search_term_string}\"},\"query-input\":{\"@type\":\"PropertyValueSpecification\",\"valueRequired\":true,\"valueName\":\"search_term_string\"}}],\"inLanguage\":\"nb-NO\"}]}<\/script>\n<!-- \/ Yoast SEO plugin. -->","yoast_head_json":{"title":"Trykkoverv\u00e5ker \/ trykkm\u00e5ler til hoppeslott \u2013 Huawei NY-S01 | Dodo Inflatables","description":"Huawei NY-S01 trykkoverv\u00e5ker til hoppeslott \u2013 sanntids trykkoverv\u00e5king 0\u20133000 Pa, visuelle og akustiske advarsler, brannbestandig og vannbestandig. Ideell for utleiebedrifter og arrangementer.","robots":{"index":"index","follow":"follow","max-snippet":"max-snippet:-1","max-image-preview":"max-image-preview:large","max-video-preview":"max-video-preview:-1"},"canonical":"https:\/\/dodo-inflatables.com\/no\/produkt\/trykkovervaker-trykkmaler-til-hoppeslott-huawei-ny-s01\/","twitter_misc":{"Ansl. lesetid":"1 minutt"},"schema":{"@context":"https:\/\/schema.org","@graph":[{"@type":"WebPage","@id":"https:\/\/dodo-inflatables.com\/no\/produkt\/trykkovervaker-trykkmaler-til-hoppeslott-huawei-ny-s01\/","url":"https:\/\/dodo-inflatables.com\/no\/produkt\/trykkovervaker-trykkmaler-til-hoppeslott-huawei-ny-s01\/","name":"Trykkoverv\u00e5ker \/ trykkm\u00e5ler til hoppeslott \u2013 Huawei NY-S01 | Dodo Inflatables","isPartOf":{"@id":"https:\/\/dodo-inflatables.com\/no\/#website"},"primaryImageOfPage":{"@id":"https:\/\/dodo-inflatables.com\/no\/produkt\/trykkovervaker-trykkmaler-til-hoppeslott-huawei-ny-s01\/#primaryimage"},"image":{"@id":"https:\/\/dodo-inflatables.com\/no\/produkt\/trykkovervaker-trykkmaler-til-hoppeslott-huawei-ny-s01\/#primaryimage"},"thumbnailUrl":"https:\/\/dodo-inflatables.com\/wp-content\/uploads\/2026\/04\/Druckwaechter-Druckmesser-fur-Huepfburgen.jpg","datePublished":"2026-04-04T11:54:45+00:00","description":"Huawei NY-S01 trykkoverv\u00e5ker til hoppeslott \u2013 sanntids trykkoverv\u00e5king 0\u20133000 Pa, visuelle og akustiske advarsler, brannbestandig og vannbestandig. Ideell for utleiebedrifter og arrangementer.","breadcrumb":{"@id":"https:\/\/dodo-inflatables.com\/no\/produkt\/trykkovervaker-trykkmaler-til-hoppeslott-huawei-ny-s01\/#breadcrumb"},"inLanguage":"nb-NO","potentialAction":[{"@type":"ReadAction","target":["https:\/\/dodo-inflatables.com\/no\/produkt\/trykkovervaker-trykkmaler-til-hoppeslott-huawei-ny-s01\/"]}]},{"@type":"ImageObject","inLanguage":"nb-NO","@id":"https:\/\/dodo-inflatables.com\/no\/produkt\/trykkovervaker-trykkmaler-til-hoppeslott-huawei-ny-s01\/#primaryimage","url":"https:\/\/dodo-inflatables.com\/wp-content\/uploads\/2026\/04\/Druckwaechter-Druckmesser-fur-Huepfburgen.jpg","contentUrl":"https:\/\/dodo-inflatables.com\/wp-content\/uploads\/2026\/04\/Druckwaechter-Druckmesser-fur-Huepfburgen.jpg","width":700,"height":700,"caption":"Trykkoverv\u00e5ker \/ trykkm\u00e5ler til hoppeslott \u2013 Huawei NY-S01 | Dodo Inflatables"},{"@type":"BreadcrumbList","@id":"https:\/\/dodo-inflatables.com\/no\/produkt\/trykkovervaker-trykkmaler-til-hoppeslott-huawei-ny-s01\/#breadcrumb","itemListElement":[{"@type":"ListItem","position":1,"name":"Hjem","item":"https:\/\/dodo-inflatables.com\/no\/"},{"@type":"ListItem","position":2,"name":"Butikk","item":"https:\/\/dodo-inflatables.com\/no\/butikk\/"},{"@type":"ListItem","position":3,"name":"Trykkoverv\u00e5ker \/ trykkm\u00e5ler til hoppeslott \u2013 Huawei NY-S01"}]},{"@type":"WebSite","@id":"https:\/\/dodo-inflatables.com\/no\/#website","url":"https:\/\/dodo-inflatables.com\/no\/","name":"dodo-inflatables.com","description":"Kj\u00f8p hoppeslott og attraksjoner i butikken v\u00e5r.","potentialAction":[{"@type":"SearchAction","target":{"@type":"EntryPoint","urlTemplate":"https:\/\/dodo-inflatables.com\/no\/?s={search_term_string}"},"query-input":{"@type":"PropertyValueSpecification","valueRequired":true,"valueName":"search_term_string"}}],"inLanguage":"nb-NO"}]}},"uagb_featured_image_src":{"full":["https:\/\/dodo-inflatables.com\/wp-content\/uploads\/2026\/04\/Druckwaechter-Druckmesser-fur-Huepfburgen.jpg",700,700,false],"thumbnail":["https:\/\/dodo-inflatables.com\/wp-content\/uploads\/2026\/04\/Druckwaechter-Druckmesser-fur-Huepfburgen-150x150.jpg",150,150,true],"medium":["https:\/\/dodo-inflatables.com\/wp-content\/uploads\/2026\/04\/Druckwaechter-Druckmesser-fur-Huepfburgen-300x300.jpg",300,300,true],"medium_large":["https:\/\/dodo-inflatables.com\/wp-content\/uploads\/2026\/04\/Druckwaechter-Druckmesser-fur-Huepfburgen.jpg",700,700,false],"large":["https:\/\/dodo-inflatables.com\/wp-content\/uploads\/2026\/04\/Druckwaechter-Druckmesser-fur-Huepfburgen.jpg",700,700,false],"1536x1536":["https:\/\/dodo-inflatables.com\/wp-content\/uploads\/2026\/04\/Druckwaechter-Druckmesser-fur-Huepfburgen.jpg",700,700,false],"2048x2048":["https:\/\/dodo-inflatables.com\/wp-content\/uploads\/2026\/04\/Druckwaechter-Druckmesser-fur-Huepfburgen.jpg",700,700,false],"woocommerce_thumbnail":["https:\/\/dodo-inflatables.com\/wp-content\/uploads\/2026\/04\/Druckwaechter-Druckmesser-fur-Huepfburgen.jpg",700,700,false],"woocommerce_single":["https:\/\/dodo-inflatables.com\/wp-content\/uploads\/2026\/04\/Druckwaechter-Druckmesser-fur-Huepfburgen.jpg",700,700,false],"woocommerce_gallery_thumbnail":["https:\/\/dodo-inflatables.com\/wp-content\/uploads\/2026\/04\/Druckwaechter-Druckmesser-fur-Huepfburgen-100x100.jpg",100,100,true]},"uagb_author_info":{"display_name":"Andreas","author_link":"https:\/\/dodo-inflatables.com\/no\/author\/"},"uagb_comment_info":0,"uagb_excerpt":"M\u00e5l (B \u00d7 D \u00d7 H): ca. 80 \u00d7 73 \u00d7 52 mm Pakkede m\u00e5l: ca. 110 \u00d7 110 \u00d7 100 mm M\u00e5leomr\u00e5de: 0\u20133000 Pa","_links":{"self":[{"href":"https:\/\/dodo-inflatables.com\/no\/wp-json\/wp\/v2\/product\/105981","targetHints":{"allow":["GET"]}}],"collection":[{"href":"https:\/\/dodo-inflatables.com\/no\/wp-json\/wp\/v2\/product"}],"about":[{"href":"https:\/\/dodo-inflatables.com\/no\/wp-json\/wp\/v2\/types\/product"}],"replies":[{"embeddable":true,"href":"https:\/\/dodo-inflatables.com\/no\/wp-json\/wp\/v2\/comments?post=105981"}],"wp:featuredmedia":[{"embeddable":true,"href":"https:\/\/dodo-inflatables.com\/no\/wp-json\/wp\/v2\/media\/105980"}],"wp:attachment":[{"href":"https:\/\/dodo-inflatables.com\/no\/wp-json\/wp\/v2\/media?parent=105981"}],"wp:term":[{"taxonomy":"product_brand","embeddable":true,"href":"https:\/\/dodo-inflatables.com\/no\/wp-json\/wp\/v2\/product_brand?post=105981"},{"taxonomy":"product_cat","embeddable":true,"href":"https:\/\/dodo-inflatables.com\/no\/wp-json\/wp\/v2\/product_cat?post=105981"},{"taxonomy":"product_tag","embeddable":true,"href":"https:\/\/dodo-inflatables.com\/no\/wp-json\/wp\/v2\/product_tag?post=105981"}],"curies":[{"name":"wp","href":"https:\/\/api.w.org\/{rel}","templated":true}]}}