{"id":17981,"date":"2017-01-06T20:54:55","date_gmt":"2017-01-06T19:54:55","guid":{"rendered":"https:\/\/dodo-inflatables.com\/product\/fotball-biljard\/"},"modified":"2024-07-17T15:12:39","modified_gmt":"2024-07-17T13:12:39","slug":"fotball-biljard","status":"publish","type":"product","link":"https:\/\/dodo-inflatables.com\/no\/produkt\/fotball-biljard\/","title":{"rendered":"Fotball Biljard"},"content":{"rendered":"<h3>Kj\u00f8p oppbl\u00e5sbare fotballbiljardbord<\/h3>\n<p>Er vanlig fotball for kjedelig for deg? Ikke noe problem! Med v\u00e5re fotballbiljard eller snookerfotball kan du variere spillet. Fotballbiljard eller biljard\/biljard kombinerer moroa fra begge spillene og gir moro for tilskuere og medspillere. Spillet spilles etter de vanlige biljardreglene, men din egen fot blir k\u00f8en. De hele og halve fotballene i biljardkuleutseende skal sparkes inn i hullene med den hvite k\u00f8ballen. Den f\u00f8rste spilleren som f\u00e5r sine baller i lomma og samtidig f\u00e5r den svarte \u00e5tteren i lomma, har vunnet spillet. Dette krever imidlertid mye n\u00f8yaktighet, god ballf\u00f8lelse og en sofistikert strategi. Spillet kan spilles i par eller som et lag. Spillet spilles best p\u00e5 fotballgress eller et annet flatt underlag. Fotballbiljard er alltid den rette attraksjonen! Den enorme spillebanen vil tiltrekke seg bes\u00f8kende langveisfra og gi den beste underholdningen for b\u00e5de spillere og tilskuere.<\/p>\n<p>&nbsp;<\/p>\n<h4>Detaljer om det oppbl\u00e5sbare fotballbiljardbordet<\/h4>\n<ul>\n<li>Dimensjoner (L x B x H): 8,00 m x 4,00 m x 0,75 m *.<\/li>\n<li>Vekt: ca. 60 kg *<\/li>\n<li>Pakkest\u00f8rrelse: 100 x 70 x 70 cm *.<\/li>\n<li>Monteringstid: 10 minutter<\/li>\n<li>Materiale: 0,55 mm PVC<\/li>\n<li>Glidel\u00e5s med borrel\u00e5s, forsterkede hj\u00f8rner<\/li>\n<\/ul>\n<p>&nbsp;<\/p>\n<p>Leveringsomfanget inkluderer fotballbiljardinnfatning<\/p>\n<p>Bl\u00e5semaskin, underlagspresenning, fotballbiljardkuler og fotballbiljardtriangel er ikke inkludert. Disse finner du i kategorien tilbeh\u00f8r.<\/p>\n<p>Den oppbl\u00e5sbare fotballbiljardetten er et kvalitetsprodukt som er produsert i henhold til strenge retningslinjer i samsvar med EN 14960. Alle v\u00e5re hoppeslott og oppbl\u00e5sbare attraksjoner er profesjonelle moduler som egner seg for profesjonell utleie og bruk i fritidsparker, innend\u00f8rs lekeplasser og lignende.<\/p>\n<p>&nbsp;<\/p>\n<p><strong>Viktige merknader om bruk<\/strong><\/p>\n<p>Viften (ikke inkludert) m\u00e5 g\u00e5 kontinuerlig under bruk.<br \/>\nDet er normalt med en liten luftlekkasje gjennom hullene i s\u00f8mmene.<\/p>\n<p>* Vekt og dimensjoner er omtrentlige og kan variere noe<\/p>\n","protected":false},"excerpt":{"rendered":"<p><i class=\"fa fa-arrows-alt\"><\/i>  Dimensjoner (L x B x H): 8,00 m x 4,00 m x 0,75 m *.<br \/>\n<i class=\"fa fa-plus\"><\/i>  Fotballer i biljardballdesign kan leveres som tilleggsutstyr<br \/>\n<i class=\"fa fa-check\"><\/i>  Profesjonell modul &#8211; egnet for kommersiell og privat bruk<\/p>\n<p><i class=\"fa fa-square\"><\/i>  PVC (0,55 mm \/ 621,3 g\/kvm) og borrel\u00e5s<br \/>\n<i class=\"fa fa-align-justify\"><\/i>  2 &#8211; 4-foldss\u00f8m (avhengig av belastning)<br \/>\n<i class=\"fa fa-fire\"><\/i>  Flammehemmende<\/p>\n<p>&nbsp;<\/p>\n","protected":false},"featured_media":17982,"comment_status":"open","ping_status":"closed","template":"","meta":{"_acf_changed":false,"_uag_custom_page_level_css":"","site-sidebar-layout":"default","site-content-layout":"boxed-container","ast-site-content-layout":"normal-width-container","site-content-style":"boxed","site-sidebar-style":"boxed","ast-global-header-display":"","ast-banner-title-visibility":"","ast-main-header-display":"","ast-hfb-above-header-display":"","ast-hfb-below-header-display":"","ast-hfb-mobile-header-display":"","site-post-title":"disabled","ast-breadcrumbs-content":"","ast-featured-img":"","footer-sml-layout":"","ast-disable-related-posts":"","theme-transparent-header-meta":"default","adv-header-id-meta":"","stick-header-meta":"default","header-above-stick-meta":"","header-main-stick-meta":"","header-below-stick-meta":"","astra-migrate-meta-layouts":"default","ast-page-background-enabled":"default","ast-page-background-meta":{"desktop":{"background-color":"var(--ast-global-color-4)","background-image":"","background-repeat":"repeat","background-position":"center center","background-size":"auto","background-attachment":"scroll","background-type":"","background-media":"","overlay-type":"","overlay-color":"","overlay-opacity":"","overlay-gradient":""},"tablet":{"background-color":"","background-image":"","background-repeat":"repeat","background-position":"center center","background-size":"auto","background-attachment":"scroll","background-type":"","background-media":"","overlay-type":"","overlay-color":"","overlay-opacity":"","overlay-gradient":""},"mobile":{"background-color":"","background-image":"","background-repeat":"repeat","background-position":"center center","background-size":"auto","background-attachment":"scroll","background-type":"","background-media":"","overlay-type":"","overlay-color":"","overlay-opacity":"","overlay-gradient":""}},"ast-content-background-meta":{"desktop":{"background-color":"var(--ast-global-color-5)","background-image":"","background-repeat":"repeat","background-position":"center center","background-size":"auto","background-attachment":"scroll","background-type":"","background-media":"","overlay-type":"","overlay-color":"","overlay-opacity":"","overlay-gradient":""},"tablet":{"background-color":"var(--ast-global-color-5)","background-image":"","background-repeat":"repeat","background-position":"center center","background-size":"auto","background-attachment":"scroll","background-type":"","background-media":"","overlay-type":"","overlay-color":"","overlay-opacity":"","overlay-gradient":""},"mobile":{"background-color":"var(--ast-global-color-5)","background-image":"","background-repeat":"repeat","background-position":"center center","background-size":"auto","background-attachment":"scroll","background-type":"","background-media":"","overlay-type":"","overlay-color":"","overlay-opacity":"","overlay-gradient":""}}},"product_brand":[],"product_cat":[2025],"product_tag":[],"class_list":{"0":"post-17981","1":"product","2":"type-product","3":"status-publish","4":"has-post-thumbnail","6":"product_cat-attraksjoner","7":"product_shipping_class-spedition-hupfburg-no","8":"desktop-align-center","9":"tablet-align-center","10":"mobile-align-center","11":"ast-product-gallery-layout-horizontal","12":"ast-product-tabs-layout-horizontal","14":"first","15":"instock","16":"taxable","17":"shipping-taxable","18":"purchasable","19":"product-type-simple"},"acf":[],"yoast_head":"<!-- This site is optimized with the Yoast SEO plugin v27.3 - https:\/\/yoast.com\/product\/yoast-seo-wordpress\/ -->\n<title>Aufblasbares Fu\u00dfball Billard kaufen | H\u00fcpfburg-g\u00fcnstig-kaufen.de<\/title>\n<meta name=\"description\" content=\"Kj\u00f8p oppbl\u00e5sbare fotballbasseng og fotballbiljard p\u00e5 dodo-inflatables.com! | Rimelige priser | Alltid p\u00e5 lager | Rask levering!\" \/>\n<meta name=\"robots\" content=\"index, follow, max-snippet:-1, max-image-preview:large, max-video-preview:-1\" \/>\n<link rel=\"canonical\" href=\"https:\/\/dodo-inflatables.com\/no\/produkt\/fotball-biljard\/\" \/>\n<meta name=\"twitter:label1\" content=\"Ansl. lesetid\" \/>\n\t<meta name=\"twitter:data1\" content=\"1 minutt\" \/>\n<script type=\"application\/ld+json\" class=\"yoast-schema-graph\">{\"@context\":\"https:\\\/\\\/schema.org\",\"@graph\":[{\"@type\":\"WebPage\",\"@id\":\"https:\\\/\\\/dodo-inflatables.com\\\/no\\\/produkt\\\/fotball-biljard\\\/\",\"url\":\"https:\\\/\\\/dodo-inflatables.com\\\/no\\\/produkt\\\/fotball-biljard\\\/\",\"name\":\"Aufblasbares Fu\u00dfball Billard kaufen | H\u00fcpfburg-g\u00fcnstig-kaufen.de\",\"isPartOf\":{\"@id\":\"https:\\\/\\\/dodo-inflatables.com\\\/no\\\/#website\"},\"primaryImageOfPage\":{\"@id\":\"https:\\\/\\\/dodo-inflatables.com\\\/no\\\/produkt\\\/fotball-biljard\\\/#primaryimage\"},\"image\":{\"@id\":\"https:\\\/\\\/dodo-inflatables.com\\\/no\\\/produkt\\\/fotball-biljard\\\/#primaryimage\"},\"thumbnailUrl\":\"https:\\\/\\\/dodo-inflatables.com\\\/wp-content\\\/uploads\\\/2017\\\/01\\\/snooker-football-fussball-billard-kaufen-4.png\",\"datePublished\":\"2017-01-06T19:54:55+00:00\",\"dateModified\":\"2024-07-17T13:12:39+00:00\",\"description\":\"Kj\u00f8p oppbl\u00e5sbare fotballbasseng og fotballbiljard p\u00e5 dodo-inflatables.com! | Rimelige priser | Alltid p\u00e5 lager | Rask levering!\",\"breadcrumb\":{\"@id\":\"https:\\\/\\\/dodo-inflatables.com\\\/no\\\/produkt\\\/fotball-biljard\\\/#breadcrumb\"},\"inLanguage\":\"nb-NO\",\"potentialAction\":[{\"@type\":\"ReadAction\",\"target\":[\"https:\\\/\\\/dodo-inflatables.com\\\/no\\\/produkt\\\/fotball-biljard\\\/\"]}]},{\"@type\":\"ImageObject\",\"inLanguage\":\"nb-NO\",\"@id\":\"https:\\\/\\\/dodo-inflatables.com\\\/no\\\/produkt\\\/fotball-biljard\\\/#primaryimage\",\"url\":\"https:\\\/\\\/dodo-inflatables.com\\\/wp-content\\\/uploads\\\/2017\\\/01\\\/snooker-football-fussball-billard-kaufen-4.png\",\"contentUrl\":\"https:\\\/\\\/dodo-inflatables.com\\\/wp-content\\\/uploads\\\/2017\\\/01\\\/snooker-football-fussball-billard-kaufen-4.png\",\"width\":500,\"height\":500},{\"@type\":\"BreadcrumbList\",\"@id\":\"https:\\\/\\\/dodo-inflatables.com\\\/no\\\/produkt\\\/fotball-biljard\\\/#breadcrumb\",\"itemListElement\":[{\"@type\":\"ListItem\",\"position\":1,\"name\":\"Hjem\",\"item\":\"https:\\\/\\\/dodo-inflatables.com\\\/no\\\/\"},{\"@type\":\"ListItem\",\"position\":2,\"name\":\"Butikk\",\"item\":\"https:\\\/\\\/dodo-inflatables.com\\\/no\\\/?page_id=16807\"},{\"@type\":\"ListItem\",\"position\":3,\"name\":\"Fotball Biljard\"}]},{\"@type\":\"WebSite\",\"@id\":\"https:\\\/\\\/dodo-inflatables.com\\\/no\\\/#website\",\"url\":\"https:\\\/\\\/dodo-inflatables.com\\\/no\\\/\",\"name\":\"dodo-inflatables.com\",\"description\":\"Kj\u00f8p hoppeslott og attraksjoner i butikken v\u00e5r.\",\"publisher\":{\"@id\":\"https:\\\/\\\/dodo-inflatables.com\\\/no\\\/#organization\"},\"potentialAction\":[{\"@type\":\"SearchAction\",\"target\":{\"@type\":\"EntryPoint\",\"urlTemplate\":\"https:\\\/\\\/dodo-inflatables.com\\\/no\\\/?s={search_term_string}\"},\"query-input\":{\"@type\":\"PropertyValueSpecification\",\"valueRequired\":true,\"valueName\":\"search_term_string\"}}],\"inLanguage\":\"nb-NO\"},{\"@type\":\"Organization\",\"@id\":\"https:\\\/\\\/dodo-inflatables.com\\\/no\\\/#organization\",\"name\":\"dodo-inflatables.com\",\"url\":\"https:\\\/\\\/dodo-inflatables.com\\\/no\\\/\",\"logo\":{\"@type\":\"ImageObject\",\"inLanguage\":\"nb-NO\",\"@id\":\"https:\\\/\\\/dodo-inflatables.com\\\/no\\\/#\\\/schema\\\/logo\\\/image\\\/\",\"url\":\"https:\\\/\\\/dodo-inflatables.com\\\/wp-content\\\/uploads\\\/2023\\\/04\\\/cropped-cropped-cropped-Dodo-Logo-scaled.png\",\"contentUrl\":\"https:\\\/\\\/dodo-inflatables.com\\\/wp-content\\\/uploads\\\/2023\\\/04\\\/cropped-cropped-cropped-Dodo-Logo-scaled.png\",\"width\":2560,\"height\":1320,\"caption\":\"dodo-inflatables.com\"},\"image\":{\"@id\":\"https:\\\/\\\/dodo-inflatables.com\\\/no\\\/#\\\/schema\\\/logo\\\/image\\\/\"}}]}<\/script>\n<!-- \/ Yoast SEO plugin. -->","yoast_head_json":{"title":"Aufblasbares Fu\u00dfball Billard kaufen | H\u00fcpfburg-g\u00fcnstig-kaufen.de","description":"Kj\u00f8p oppbl\u00e5sbare fotballbasseng og fotballbiljard p\u00e5 dodo-inflatables.com! | Rimelige priser | Alltid p\u00e5 lager | Rask levering!","robots":{"index":"index","follow":"follow","max-snippet":"max-snippet:-1","max-image-preview":"max-image-preview:large","max-video-preview":"max-video-preview:-1"},"canonical":"https:\/\/dodo-inflatables.com\/no\/produkt\/fotball-biljard\/","twitter_misc":{"Ansl. lesetid":"1 minutt"},"schema":{"@context":"https:\/\/schema.org","@graph":[{"@type":"WebPage","@id":"https:\/\/dodo-inflatables.com\/no\/produkt\/fotball-biljard\/","url":"https:\/\/dodo-inflatables.com\/no\/produkt\/fotball-biljard\/","name":"Aufblasbares Fu\u00dfball Billard kaufen | H\u00fcpfburg-g\u00fcnstig-kaufen.de","isPartOf":{"@id":"https:\/\/dodo-inflatables.com\/no\/#website"},"primaryImageOfPage":{"@id":"https:\/\/dodo-inflatables.com\/no\/produkt\/fotball-biljard\/#primaryimage"},"image":{"@id":"https:\/\/dodo-inflatables.com\/no\/produkt\/fotball-biljard\/#primaryimage"},"thumbnailUrl":"https:\/\/dodo-inflatables.com\/wp-content\/uploads\/2017\/01\/snooker-football-fussball-billard-kaufen-4.png","datePublished":"2017-01-06T19:54:55+00:00","dateModified":"2024-07-17T13:12:39+00:00","description":"Kj\u00f8p oppbl\u00e5sbare fotballbasseng og fotballbiljard p\u00e5 dodo-inflatables.com! | Rimelige priser | Alltid p\u00e5 lager | Rask levering!","breadcrumb":{"@id":"https:\/\/dodo-inflatables.com\/no\/produkt\/fotball-biljard\/#breadcrumb"},"inLanguage":"nb-NO","potentialAction":[{"@type":"ReadAction","target":["https:\/\/dodo-inflatables.com\/no\/produkt\/fotball-biljard\/"]}]},{"@type":"ImageObject","inLanguage":"nb-NO","@id":"https:\/\/dodo-inflatables.com\/no\/produkt\/fotball-biljard\/#primaryimage","url":"https:\/\/dodo-inflatables.com\/wp-content\/uploads\/2017\/01\/snooker-football-fussball-billard-kaufen-4.png","contentUrl":"https:\/\/dodo-inflatables.com\/wp-content\/uploads\/2017\/01\/snooker-football-fussball-billard-kaufen-4.png","width":500,"height":500},{"@type":"BreadcrumbList","@id":"https:\/\/dodo-inflatables.com\/no\/produkt\/fotball-biljard\/#breadcrumb","itemListElement":[{"@type":"ListItem","position":1,"name":"Hjem","item":"https:\/\/dodo-inflatables.com\/no\/"},{"@type":"ListItem","position":2,"name":"Butikk","item":"https:\/\/dodo-inflatables.com\/no\/?page_id=16807"},{"@type":"ListItem","position":3,"name":"Fotball Biljard"}]},{"@type":"WebSite","@id":"https:\/\/dodo-inflatables.com\/no\/#website","url":"https:\/\/dodo-inflatables.com\/no\/","name":"dodo-inflatables.com","description":"Kj\u00f8p hoppeslott og attraksjoner i butikken v\u00e5r.","publisher":{"@id":"https:\/\/dodo-inflatables.com\/no\/#organization"},"potentialAction":[{"@type":"SearchAction","target":{"@type":"EntryPoint","urlTemplate":"https:\/\/dodo-inflatables.com\/no\/?s={search_term_string}"},"query-input":{"@type":"PropertyValueSpecification","valueRequired":true,"valueName":"search_term_string"}}],"inLanguage":"nb-NO"},{"@type":"Organization","@id":"https:\/\/dodo-inflatables.com\/no\/#organization","name":"dodo-inflatables.com","url":"https:\/\/dodo-inflatables.com\/no\/","logo":{"@type":"ImageObject","inLanguage":"nb-NO","@id":"https:\/\/dodo-inflatables.com\/no\/#\/schema\/logo\/image\/","url":"https:\/\/dodo-inflatables.com\/wp-content\/uploads\/2023\/04\/cropped-cropped-cropped-Dodo-Logo-scaled.png","contentUrl":"https:\/\/dodo-inflatables.com\/wp-content\/uploads\/2023\/04\/cropped-cropped-cropped-Dodo-Logo-scaled.png","width":2560,"height":1320,"caption":"dodo-inflatables.com"},"image":{"@id":"https:\/\/dodo-inflatables.com\/no\/#\/schema\/logo\/image\/"}}]}},"uagb_featured_image_src":{"full":["https:\/\/dodo-inflatables.com\/wp-content\/uploads\/2017\/01\/snooker-football-fussball-billard-kaufen-4.png",500,500,false],"thumbnail":["https:\/\/dodo-inflatables.com\/wp-content\/uploads\/2017\/01\/snooker-football-fussball-billard-kaufen-4-150x150.png",150,150,true],"medium":["https:\/\/dodo-inflatables.com\/wp-content\/uploads\/2017\/01\/snooker-football-fussball-billard-kaufen-4-300x300.png",300,300,true],"medium_large":["https:\/\/dodo-inflatables.com\/wp-content\/uploads\/2017\/01\/snooker-football-fussball-billard-kaufen-4.png",500,500,false],"large":["https:\/\/dodo-inflatables.com\/wp-content\/uploads\/2017\/01\/snooker-football-fussball-billard-kaufen-4.png",500,500,false],"1536x1536":["https:\/\/dodo-inflatables.com\/wp-content\/uploads\/2017\/01\/snooker-football-fussball-billard-kaufen-4.png",500,500,false],"2048x2048":["https:\/\/dodo-inflatables.com\/wp-content\/uploads\/2017\/01\/snooker-football-fussball-billard-kaufen-4.png",500,500,false],"woocommerce_thumbnail":["https:\/\/dodo-inflatables.com\/wp-content\/uploads\/2017\/01\/snooker-football-fussball-billard-kaufen-4.png",500,500,false],"woocommerce_single":["https:\/\/dodo-inflatables.com\/wp-content\/uploads\/2017\/01\/snooker-football-fussball-billard-kaufen-4.png",500,500,false],"woocommerce_gallery_thumbnail":["https:\/\/dodo-inflatables.com\/wp-content\/uploads\/2017\/01\/snooker-football-fussball-billard-kaufen-4-100x100.png",100,100,true]},"uagb_author_info":{"display_name":"Andreas","author_link":"https:\/\/dodo-inflatables.com\/no\/author\/"},"uagb_comment_info":0,"uagb_excerpt":"Dimensjoner (L x B x H): 8,00 m x 4,00 m x 0,75 m *. Fotballer i biljardballdesign kan leveres som tilleggsutstyr Profesjonell modul - egnet for kommersiell og privat bruk PVC (0,55 mm \/ 621,3 g\/kvm) og borrel\u00e5s 2 - 4-foldss\u00f8m (avhengig av belastning) Flammehemmende &nbsp;","_links":{"self":[{"href":"https:\/\/dodo-inflatables.com\/no\/wp-json\/wp\/v2\/product\/17981","targetHints":{"allow":["GET"]}}],"collection":[{"href":"https:\/\/dodo-inflatables.com\/no\/wp-json\/wp\/v2\/product"}],"about":[{"href":"https:\/\/dodo-inflatables.com\/no\/wp-json\/wp\/v2\/types\/product"}],"replies":[{"embeddable":true,"href":"https:\/\/dodo-inflatables.com\/no\/wp-json\/wp\/v2\/comments?post=17981"}],"wp:featuredmedia":[{"embeddable":true,"href":"https:\/\/dodo-inflatables.com\/no\/wp-json\/wp\/v2\/media\/17982"}],"wp:attachment":[{"href":"https:\/\/dodo-inflatables.com\/no\/wp-json\/wp\/v2\/media?parent=17981"}],"wp:term":[{"taxonomy":"product_brand","embeddable":true,"href":"https:\/\/dodo-inflatables.com\/no\/wp-json\/wp\/v2\/product_brand?post=17981"},{"taxonomy":"product_cat","embeddable":true,"href":"https:\/\/dodo-inflatables.com\/no\/wp-json\/wp\/v2\/product_cat?post=17981"},{"taxonomy":"product_tag","embeddable":true,"href":"https:\/\/dodo-inflatables.com\/no\/wp-json\/wp\/v2\/product_tag?post=17981"}],"curies":[{"name":"wp","href":"https:\/\/api.w.org\/{rel}","templated":true}]}}