{"id":19301,"date":"2018-01-19T15:47:49","date_gmt":"2018-01-19T14:47:49","guid":{"rendered":"https:\/\/dodo-inflatables.com\/product\/fotball-dart\/"},"modified":"2026-02-04T15:43:26","modified_gmt":"2026-02-04T14:43:26","slug":"fotball-dart","status":"publish","type":"product","link":"https:\/\/dodo-inflatables.com\/no\/produkt\/fotball-dart\/","title":{"rendered":"Fotball Dart"},"content":{"rendered":"<h2>Kj\u00f8p oppbl\u00e5sbar fotball dart<\/h2>\n<p>Fotballdart er den nyeste trenden p\u00e5 arrangementer fra England. Fotballdart, ogs\u00e5 kjent som fotballdart eller fotdart, kombinerer de vanlige fotball- og dartferdighetene og g\u00e5r ut p\u00e5 \u00e5 skyte borrel\u00e5sfotballer mot en gigantisk oppbl\u00e5sbar dartskive.<\/p>\n<p>V\u00e5rt store oppbl\u00e5sbare fotballspil er 4,5 meter h\u00f8yt, noe som gj\u00f8r det til et flott blikkfang p\u00e5 ethvert fotballevent. La venner, gjester, kunder, kolleger eller familien din konkurrere mot hverandre i Soccer Darts, og finn ut hvem som er den beste skytteren blant dere. Spillerne har vanligvis tre fors\u00f8k p\u00e5 \u00e5 enten plassere ballen s\u00e5 n\u00e6r blink som mulig eller &laquo;skyte&raquo; et visst antall poeng. Det er ikke bare lagkameratene dine som vil heie p\u00e5 deg, ogs\u00e5 tilskuerne vil f\u00f8lge spent med.<\/p>\n<p>Fotballdart kan spilles p\u00e5 alle underlag som det vanligvis spilles fotball p\u00e5. De n\u00f8dvendige borrel\u00e5sfotballene f\u00f8lger med for \u00e5 passe til. Disse er laget av en spesiell borrel\u00e5s som fester seg spesielt godt til borrel\u00e5sen p\u00e5 den oppbl\u00e5sbare dartskiven. Disse spesielle <a href=\"https:\/\/dodo-inflatables.com\/product\/velcro-football-for-football-darts\/\">borrel\u00e5sfotballene<\/a> er ogs\u00e5 tilgjengelige enkeltvis i <a href=\"https:\/\/dodo-inflatables.com\/product-category\/accessories\/\">tilbeh\u00f8rskategorien<\/a>.<\/p>\n<p>&nbsp;<\/p>\n<h4>Detaljer om den oppbl\u00e5sbare fotballpilen<\/h4>\n<ul>\n<li>Dimensjoner (L x B x H): 4,50 m x 6,20 m x 4,50 m *.<\/li>\n<li>Vekt: ca. 95 kg *<\/li>\n<li>Emballasjest\u00f8rrelse: 100 x 70 x 70 cm *.<\/li>\n<li>Monteringstid: 10 minutter<\/li>\n<li>Materiale: 0,55 mm PVC og borrel\u00e5s<\/li>\n<li>Utskiftbar darttavle med borrel\u00e5s<\/li>\n<li>Glidel\u00e5s med borrel\u00e5sdeksel, forsterkede hj\u00f8rner, borrel\u00e5s av h\u00f8y kvalitet<\/li>\n<li>Tau for \u00e5 fjerne ballene<\/li>\n<\/ul>\n<p>Inkludert i leveringsomfanget: Fotballpiler og tre fotballer med borrel\u00e5sdeksel av h\u00f8y kvalitet<\/p>\n<p>Bl\u00e5seren og bunnplaten er ikke inkludert. Disse finner du i kategorien tilbeh\u00f8r.<\/p>\n<p>Alle v\u00e5re hoppeslott og oppbl\u00e5sbare attraksjoner er profesjonelle moduler som egner seg for profesjonell utleie og bruk i fritidsparker, innend\u00f8rs lekeplasser og lignende.<\/p>\n<p><strong>Viktige bruksanvisninger<\/strong><\/p>\n<p>Viften (ikke inkludert) m\u00e5 g\u00e5 kontinuerlig under bruk.<br \/>\nDet er normalt med litt luftlekkasje gjennom hullene i s\u00f8mmene.<\/p>\n<p>* Vekt og dimensjoner er omtrentlige og kan variere noe<\/p>\n","protected":false},"excerpt":{"rendered":"<p><i class=\"fa fa-arrows-alt\"><\/i>  Dimensjoner (L x B x H): 4,50 m x 6,20 m x 4,50 m *.<br \/>\n<i class=\"fa fa-plus\"><\/i>  Inkluderer tre fotballer med borrel\u00e5sdeksel, utskiftbar borrel\u00e5s Dartboard<i class=\"fa fa-check\"><\/i> Profesjonell modul &#8211; egnet for kommersiell og privat bruk<\/p>\n<p><i class=\"fa fa-square\"><\/i>  PVC (0,55 mm \/ 621,3 g\/kvm) og borrel\u00e5s<br \/>\n<i class=\"fa fa-align-justify\"><\/i>  2 &#8211; 4-foldss\u00f8m (avhengig av belastning)<br \/>\n<i class=\"fa fa-fire\"><\/i>  Flammehemmende<br \/>\n<i class=\"fas fa-edit\"><\/i>  Inkl. individuelt serienummer<\/p>\n","protected":false},"featured_media":19313,"comment_status":"open","ping_status":"closed","template":"","meta":{"_acf_changed":false,"_uag_custom_page_level_css":"","site-sidebar-layout":"default","site-content-layout":"boxed-container","ast-site-content-layout":"normal-width-container","site-content-style":"boxed","site-sidebar-style":"boxed","ast-global-header-display":"","ast-banner-title-visibility":"","ast-main-header-display":"","ast-hfb-above-header-display":"","ast-hfb-below-header-display":"","ast-hfb-mobile-header-display":"","site-post-title":"disabled","ast-breadcrumbs-content":"","ast-featured-img":"","footer-sml-layout":"","ast-disable-related-posts":"","theme-transparent-header-meta":"default","adv-header-id-meta":"","stick-header-meta":"default","header-above-stick-meta":"","header-main-stick-meta":"","header-below-stick-meta":"","astra-migrate-meta-layouts":"default","ast-page-background-enabled":"default","ast-page-background-meta":{"desktop":{"background-color":"var(--ast-global-color-4)","background-image":"","background-repeat":"repeat","background-position":"center center","background-size":"auto","background-attachment":"scroll","background-type":"","background-media":"","overlay-type":"","overlay-color":"","overlay-opacity":"","overlay-gradient":""},"tablet":{"background-color":"","background-image":"","background-repeat":"repeat","background-position":"center center","background-size":"auto","background-attachment":"scroll","background-type":"","background-media":"","overlay-type":"","overlay-color":"","overlay-opacity":"","overlay-gradient":""},"mobile":{"background-color":"","background-image":"","background-repeat":"repeat","background-position":"center center","background-size":"auto","background-attachment":"scroll","background-type":"","background-media":"","overlay-type":"","overlay-color":"","overlay-opacity":"","overlay-gradient":""}},"ast-content-background-meta":{"desktop":{"background-color":"var(--ast-global-color-5)","background-image":"","background-repeat":"repeat","background-position":"center center","background-size":"auto","background-attachment":"scroll","background-type":"","background-media":"","overlay-type":"","overlay-color":"","overlay-opacity":"","overlay-gradient":""},"tablet":{"background-color":"var(--ast-global-color-5)","background-image":"","background-repeat":"repeat","background-position":"center center","background-size":"auto","background-attachment":"scroll","background-type":"","background-media":"","overlay-type":"","overlay-color":"","overlay-opacity":"","overlay-gradient":""},"mobile":{"background-color":"var(--ast-global-color-5)","background-image":"","background-repeat":"repeat","background-position":"center center","background-size":"auto","background-attachment":"scroll","background-type":"","background-media":"","overlay-type":"","overlay-color":"","overlay-opacity":"","overlay-gradient":""}}},"product_brand":[],"product_cat":[2025],"product_tag":[],"class_list":{"0":"post-19301","1":"product","2":"type-product","3":"status-publish","4":"has-post-thumbnail","6":"product_cat-attraksjoner","7":"product_shipping_class-spedition-hupfburg-no","8":"pa_gtin-0669145336841-no","9":"desktop-align-center","10":"tablet-align-center","11":"mobile-align-center","12":"ast-product-gallery-layout-horizontal","13":"ast-product-tabs-layout-horizontal","15":"first","16":"instock","17":"taxable","18":"shipping-taxable","19":"purchasable","20":"product-type-simple"},"acf":[],"yoast_head":"<!-- This site is optimized with the Yoast SEO plugin v27.3 - https:\/\/yoast.com\/product\/yoast-seo-wordpress\/ -->\n<title>Kj\u00f8p oppbl\u00e5sbar fotball dart | Dodo-Inflatables.com<\/title>\n<meta name=\"description\" content=\"Kj\u00f8p Oppbl\u00e5sbar Fotball Soccerdart p\u00e5 dodo-inflatables.com! | Rimelige priser | Alltid p\u00e5 lager | Rask levering!\" \/>\n<meta name=\"robots\" content=\"index, follow, max-snippet:-1, max-image-preview:large, max-video-preview:-1\" \/>\n<link rel=\"canonical\" href=\"https:\/\/dodo-inflatables.com\/no\/produkt\/fotball-dart\/\" \/>\n<meta name=\"twitter:label1\" content=\"Ansl. lesetid\" \/>\n\t<meta name=\"twitter:data1\" content=\"2 minutter\" \/>\n<script type=\"application\/ld+json\" class=\"yoast-schema-graph\">{\"@context\":\"https:\\\/\\\/schema.org\",\"@graph\":[{\"@type\":\"WebPage\",\"@id\":\"https:\\\/\\\/dodo-inflatables.com\\\/no\\\/produkt\\\/fotball-dart\\\/\",\"url\":\"https:\\\/\\\/dodo-inflatables.com\\\/no\\\/produkt\\\/fotball-dart\\\/\",\"name\":\"Kj\u00f8p oppbl\u00e5sbar fotball dart | Dodo-Inflatables.com\",\"isPartOf\":{\"@id\":\"https:\\\/\\\/dodo-inflatables.com\\\/no\\\/#website\"},\"primaryImageOfPage\":{\"@id\":\"https:\\\/\\\/dodo-inflatables.com\\\/no\\\/produkt\\\/fotball-dart\\\/#primaryimage\"},\"image\":{\"@id\":\"https:\\\/\\\/dodo-inflatables.com\\\/no\\\/produkt\\\/fotball-dart\\\/#primaryimage\"},\"thumbnailUrl\":\"https:\\\/\\\/dodo-inflatables.com\\\/wp-content\\\/uploads\\\/2018\\\/01\\\/fussball-dart-neu-kaufen-1.png\",\"datePublished\":\"2018-01-19T14:47:49+00:00\",\"dateModified\":\"2026-02-04T14:43:26+00:00\",\"description\":\"Kj\u00f8p Oppbl\u00e5sbar Fotball Soccerdart p\u00e5 dodo-inflatables.com! | Rimelige priser | Alltid p\u00e5 lager | Rask levering!\",\"breadcrumb\":{\"@id\":\"https:\\\/\\\/dodo-inflatables.com\\\/no\\\/produkt\\\/fotball-dart\\\/#breadcrumb\"},\"inLanguage\":\"nb-NO\",\"potentialAction\":[{\"@type\":\"ReadAction\",\"target\":[\"https:\\\/\\\/dodo-inflatables.com\\\/no\\\/produkt\\\/fotball-dart\\\/\"]}]},{\"@type\":\"ImageObject\",\"inLanguage\":\"nb-NO\",\"@id\":\"https:\\\/\\\/dodo-inflatables.com\\\/no\\\/produkt\\\/fotball-dart\\\/#primaryimage\",\"url\":\"https:\\\/\\\/dodo-inflatables.com\\\/wp-content\\\/uploads\\\/2018\\\/01\\\/fussball-dart-neu-kaufen-1.png\",\"contentUrl\":\"https:\\\/\\\/dodo-inflatables.com\\\/wp-content\\\/uploads\\\/2018\\\/01\\\/fussball-dart-neu-kaufen-1.png\",\"width\":500,\"height\":500},{\"@type\":\"BreadcrumbList\",\"@id\":\"https:\\\/\\\/dodo-inflatables.com\\\/no\\\/produkt\\\/fotball-dart\\\/#breadcrumb\",\"itemListElement\":[{\"@type\":\"ListItem\",\"position\":1,\"name\":\"Hjem\",\"item\":\"https:\\\/\\\/dodo-inflatables.com\\\/no\\\/\"},{\"@type\":\"ListItem\",\"position\":2,\"name\":\"Butikk\",\"item\":\"https:\\\/\\\/dodo-inflatables.com\\\/no\\\/?page_id=16807\"},{\"@type\":\"ListItem\",\"position\":3,\"name\":\"Fotball Dart\"}]},{\"@type\":\"WebSite\",\"@id\":\"https:\\\/\\\/dodo-inflatables.com\\\/no\\\/#website\",\"url\":\"https:\\\/\\\/dodo-inflatables.com\\\/no\\\/\",\"name\":\"dodo-inflatables.com\",\"description\":\"Kj\u00f8p hoppeslott og attraksjoner i butikken v\u00e5r.\",\"publisher\":{\"@id\":\"https:\\\/\\\/dodo-inflatables.com\\\/no\\\/#organization\"},\"potentialAction\":[{\"@type\":\"SearchAction\",\"target\":{\"@type\":\"EntryPoint\",\"urlTemplate\":\"https:\\\/\\\/dodo-inflatables.com\\\/no\\\/?s={search_term_string}\"},\"query-input\":{\"@type\":\"PropertyValueSpecification\",\"valueRequired\":true,\"valueName\":\"search_term_string\"}}],\"inLanguage\":\"nb-NO\"},{\"@type\":\"Organization\",\"@id\":\"https:\\\/\\\/dodo-inflatables.com\\\/no\\\/#organization\",\"name\":\"dodo-inflatables.com\",\"url\":\"https:\\\/\\\/dodo-inflatables.com\\\/no\\\/\",\"logo\":{\"@type\":\"ImageObject\",\"inLanguage\":\"nb-NO\",\"@id\":\"https:\\\/\\\/dodo-inflatables.com\\\/no\\\/#\\\/schema\\\/logo\\\/image\\\/\",\"url\":\"https:\\\/\\\/dodo-inflatables.com\\\/wp-content\\\/uploads\\\/2023\\\/04\\\/cropped-cropped-cropped-Dodo-Logo-scaled.png\",\"contentUrl\":\"https:\\\/\\\/dodo-inflatables.com\\\/wp-content\\\/uploads\\\/2023\\\/04\\\/cropped-cropped-cropped-Dodo-Logo-scaled.png\",\"width\":2560,\"height\":1320,\"caption\":\"dodo-inflatables.com\"},\"image\":{\"@id\":\"https:\\\/\\\/dodo-inflatables.com\\\/no\\\/#\\\/schema\\\/logo\\\/image\\\/\"}}]}<\/script>\n<!-- \/ Yoast SEO plugin. -->","yoast_head_json":{"title":"Kj\u00f8p oppbl\u00e5sbar fotball dart | Dodo-Inflatables.com","description":"Kj\u00f8p Oppbl\u00e5sbar Fotball Soccerdart p\u00e5 dodo-inflatables.com! | Rimelige priser | Alltid p\u00e5 lager | Rask levering!","robots":{"index":"index","follow":"follow","max-snippet":"max-snippet:-1","max-image-preview":"max-image-preview:large","max-video-preview":"max-video-preview:-1"},"canonical":"https:\/\/dodo-inflatables.com\/no\/produkt\/fotball-dart\/","twitter_misc":{"Ansl. lesetid":"2 minutter"},"schema":{"@context":"https:\/\/schema.org","@graph":[{"@type":"WebPage","@id":"https:\/\/dodo-inflatables.com\/no\/produkt\/fotball-dart\/","url":"https:\/\/dodo-inflatables.com\/no\/produkt\/fotball-dart\/","name":"Kj\u00f8p oppbl\u00e5sbar fotball dart | Dodo-Inflatables.com","isPartOf":{"@id":"https:\/\/dodo-inflatables.com\/no\/#website"},"primaryImageOfPage":{"@id":"https:\/\/dodo-inflatables.com\/no\/produkt\/fotball-dart\/#primaryimage"},"image":{"@id":"https:\/\/dodo-inflatables.com\/no\/produkt\/fotball-dart\/#primaryimage"},"thumbnailUrl":"https:\/\/dodo-inflatables.com\/wp-content\/uploads\/2018\/01\/fussball-dart-neu-kaufen-1.png","datePublished":"2018-01-19T14:47:49+00:00","dateModified":"2026-02-04T14:43:26+00:00","description":"Kj\u00f8p Oppbl\u00e5sbar Fotball Soccerdart p\u00e5 dodo-inflatables.com! | Rimelige priser | Alltid p\u00e5 lager | Rask levering!","breadcrumb":{"@id":"https:\/\/dodo-inflatables.com\/no\/produkt\/fotball-dart\/#breadcrumb"},"inLanguage":"nb-NO","potentialAction":[{"@type":"ReadAction","target":["https:\/\/dodo-inflatables.com\/no\/produkt\/fotball-dart\/"]}]},{"@type":"ImageObject","inLanguage":"nb-NO","@id":"https:\/\/dodo-inflatables.com\/no\/produkt\/fotball-dart\/#primaryimage","url":"https:\/\/dodo-inflatables.com\/wp-content\/uploads\/2018\/01\/fussball-dart-neu-kaufen-1.png","contentUrl":"https:\/\/dodo-inflatables.com\/wp-content\/uploads\/2018\/01\/fussball-dart-neu-kaufen-1.png","width":500,"height":500},{"@type":"BreadcrumbList","@id":"https:\/\/dodo-inflatables.com\/no\/produkt\/fotball-dart\/#breadcrumb","itemListElement":[{"@type":"ListItem","position":1,"name":"Hjem","item":"https:\/\/dodo-inflatables.com\/no\/"},{"@type":"ListItem","position":2,"name":"Butikk","item":"https:\/\/dodo-inflatables.com\/no\/?page_id=16807"},{"@type":"ListItem","position":3,"name":"Fotball Dart"}]},{"@type":"WebSite","@id":"https:\/\/dodo-inflatables.com\/no\/#website","url":"https:\/\/dodo-inflatables.com\/no\/","name":"dodo-inflatables.com","description":"Kj\u00f8p hoppeslott og attraksjoner i butikken v\u00e5r.","publisher":{"@id":"https:\/\/dodo-inflatables.com\/no\/#organization"},"potentialAction":[{"@type":"SearchAction","target":{"@type":"EntryPoint","urlTemplate":"https:\/\/dodo-inflatables.com\/no\/?s={search_term_string}"},"query-input":{"@type":"PropertyValueSpecification","valueRequired":true,"valueName":"search_term_string"}}],"inLanguage":"nb-NO"},{"@type":"Organization","@id":"https:\/\/dodo-inflatables.com\/no\/#organization","name":"dodo-inflatables.com","url":"https:\/\/dodo-inflatables.com\/no\/","logo":{"@type":"ImageObject","inLanguage":"nb-NO","@id":"https:\/\/dodo-inflatables.com\/no\/#\/schema\/logo\/image\/","url":"https:\/\/dodo-inflatables.com\/wp-content\/uploads\/2023\/04\/cropped-cropped-cropped-Dodo-Logo-scaled.png","contentUrl":"https:\/\/dodo-inflatables.com\/wp-content\/uploads\/2023\/04\/cropped-cropped-cropped-Dodo-Logo-scaled.png","width":2560,"height":1320,"caption":"dodo-inflatables.com"},"image":{"@id":"https:\/\/dodo-inflatables.com\/no\/#\/schema\/logo\/image\/"}}]}},"uagb_featured_image_src":{"full":["https:\/\/dodo-inflatables.com\/wp-content\/uploads\/2018\/01\/fussball-dart-neu-kaufen-1.png",500,500,false],"thumbnail":["https:\/\/dodo-inflatables.com\/wp-content\/uploads\/2018\/01\/fussball-dart-neu-kaufen-1-150x150.png",150,150,true],"medium":["https:\/\/dodo-inflatables.com\/wp-content\/uploads\/2018\/01\/fussball-dart-neu-kaufen-1-300x300.png",300,300,true],"medium_large":["https:\/\/dodo-inflatables.com\/wp-content\/uploads\/2018\/01\/fussball-dart-neu-kaufen-1.png",500,500,false],"large":["https:\/\/dodo-inflatables.com\/wp-content\/uploads\/2018\/01\/fussball-dart-neu-kaufen-1.png",500,500,false],"1536x1536":["https:\/\/dodo-inflatables.com\/wp-content\/uploads\/2018\/01\/fussball-dart-neu-kaufen-1.png",500,500,false],"2048x2048":["https:\/\/dodo-inflatables.com\/wp-content\/uploads\/2018\/01\/fussball-dart-neu-kaufen-1.png",500,500,false],"woocommerce_thumbnail":["https:\/\/dodo-inflatables.com\/wp-content\/uploads\/2018\/01\/fussball-dart-neu-kaufen-1.png",500,500,false],"woocommerce_single":["https:\/\/dodo-inflatables.com\/wp-content\/uploads\/2018\/01\/fussball-dart-neu-kaufen-1.png",500,500,false],"woocommerce_gallery_thumbnail":["https:\/\/dodo-inflatables.com\/wp-content\/uploads\/2018\/01\/fussball-dart-neu-kaufen-1-100x100.png",100,100,true]},"uagb_author_info":{"display_name":"Andreas","author_link":"https:\/\/dodo-inflatables.com\/no\/author\/"},"uagb_comment_info":0,"uagb_excerpt":"Dimensjoner (L x B x H): 4,50 m x 6,20 m x 4,50 m *. Inkluderer tre fotballer med borrel\u00e5sdeksel, utskiftbar borrel\u00e5s Dartboard Profesjonell modul - egnet for kommersiell og privat bruk PVC (0,55 mm \/ 621,3 g\/kvm) og borrel\u00e5s 2 - 4-foldss\u00f8m (avhengig av belastning) Flammehemmende Inkl. individuelt serienummer","_links":{"self":[{"href":"https:\/\/dodo-inflatables.com\/no\/wp-json\/wp\/v2\/product\/19301","targetHints":{"allow":["GET"]}}],"collection":[{"href":"https:\/\/dodo-inflatables.com\/no\/wp-json\/wp\/v2\/product"}],"about":[{"href":"https:\/\/dodo-inflatables.com\/no\/wp-json\/wp\/v2\/types\/product"}],"replies":[{"embeddable":true,"href":"https:\/\/dodo-inflatables.com\/no\/wp-json\/wp\/v2\/comments?post=19301"}],"wp:featuredmedia":[{"embeddable":true,"href":"https:\/\/dodo-inflatables.com\/no\/wp-json\/wp\/v2\/media\/19313"}],"wp:attachment":[{"href":"https:\/\/dodo-inflatables.com\/no\/wp-json\/wp\/v2\/media?parent=19301"}],"wp:term":[{"taxonomy":"product_brand","embeddable":true,"href":"https:\/\/dodo-inflatables.com\/no\/wp-json\/wp\/v2\/product_brand?post=19301"},{"taxonomy":"product_cat","embeddable":true,"href":"https:\/\/dodo-inflatables.com\/no\/wp-json\/wp\/v2\/product_cat?post=19301"},{"taxonomy":"product_tag","embeddable":true,"href":"https:\/\/dodo-inflatables.com\/no\/wp-json\/wp\/v2\/product_tag?post=19301"}],"curies":[{"name":"wp","href":"https:\/\/api.w.org\/{rel}","templated":true}]}}