{"id":19493,"date":"2021-08-02T15:07:55","date_gmt":"2021-08-02T13:07:55","guid":{"rendered":"https:\/\/dodo-inflatables.com\/product\/hoppeslott-hinderloype-dangerzone\/"},"modified":"2026-02-06T07:23:26","modified_gmt":"2026-02-06T06:23:26","slug":"hoppeslott-hinderloype-dangerzone","status":"publish","type":"product","link":"https:\/\/dodo-inflatables.com\/no\/produkt\/hoppeslott-hinderloype-dangerzone\/","title":{"rendered":"Hoppeslott Hinderl\u00f8ype \u201cDangerZone\u201d"},"content":{"rendered":"<h2>Kj\u00f8p Hoppeslott Hinderl\u00f8ype \u201cDangerZone\u201d<\/h2>\n<p>V\u00e5r oppbl\u00e5sbare Hinderl\u00f8ype \u201cDangerZone\u201d er et ekte h\u00f8ydepunkt p\u00e5 enhver begivenhet og garanterer action og moro for de sm\u00e5 gjestene. Hinderl\u00f8ype DangerZone byr p\u00e5 en rekke spennende utfordringer som p\u00e5 en leken m\u00e5te fremmer barnas bevegelighet og koordinasjon. Sikkerhetsnettet over sklien gj\u00f8r hoppeslottet sv\u00e6rt trygt i bruk. Med en lengde p\u00e5 9 meter og en rekke hinder som klatrevegger, tunneler og rutsjebaner, tilbyr denne hinderl\u00f8ypen en spennende utfordring for aktive barn. Den raske og enkle monteringen gj\u00f8r at hinderl\u00f8ypen kan brukes fleksibelt og egner seg b\u00e5de for privat og kommersiell bruk.<\/p>\n<p>Hoppeslott Hinderl\u00f8ype \u201cDangerZone\u201dleveres i en passende transportsekk og er enkelt \u00e5 sette opp p\u00e5 omtrent 10 minutter. Leveransen inkluderer hoppeslottet, en transportsekk og et reparasjonssett. Vennligst merk at <a href=\"https:\/\/dodo-inflatables.com\/no\/produkt\/huawei-blaser-reh-1-5e-15ps\/\">bl\u00e5seren<\/a> og <a href=\"https:\/\/dodo-inflatables.com\/no\/produkt\/bunnplate-5-x-6-meter\/\">underlagsduken<\/a> ikke er inkludert; disse finner du i v\u00e5r <a href=\"https:\/\/dodo-inflatables.com\/no\/produktkategori\/tilbehor-no\/\">tilbeh\u00f8rskategori<\/a>. Begge tilbudte bl\u00e5sere (<a href=\"https:\/\/dodo-inflatables.com\/no\/produkt\/huawei-blaser-reh-1-5e-15ps\/\">Huawei<\/a> og <a href=\"https:\/\/dodo-inflatables.com\/no\/produkt\/gibbons-blaser-fp5005-15-hk\/\">Gibbons<\/a>) er egnet for hoppeslottet.<\/p>\n<p>Laget av robust PVC-duk (0,55 mm \/ 621,3 g\/m\u00b2) og sertifisert i henhold til DIN EN 14960, er Hoppeslott Hinderl\u00f8ype \u201cDangerZone\u201d et kvalitetsprodukt som oppfyller de h\u00f8yeste sikkerhetsstandardene.<\/p>\n<p>Vennligst bruk hoppeslottet utelukkende p\u00e5 egnede underlagsduker for \u00e5 beskytte det mot skarpe gjenstander p\u00e5 bakken og slitasje. Vi anbefaler \u00e5 sette opp hoppeslottet p\u00e5 en gressflate og sikre det med v\u00e5re <a href=\"https:\/\/dodo-inflatables.com\/no\/produkt\/bakkeplugger-for-oppblasbar-festing\/\">jordspyd<\/a> for maksimal sikkerhet. Etter hver bruk b\u00f8r hoppeslottet t\u00f8rkes og pakkes riktig for \u00e5 beskytte det mot ytre p\u00e5virkninger og transportskader.<\/p>\n<p>\u26a0\ufe0f For drift av hoppeslottet kreves kun <strong>\u00e9n bl\u00e5ser<\/strong>. Den andre luftslangen er kun et alternativ \u2013 for eksempel hvis det er plassproblemer p\u00e5 stedet og en annen tilkobling er mer praktisk \u2013 eller kan brukes under nedpakking for \u00e5 slippe ut luften raskere.<\/p>\n<div class=\"product-description\">\n<p><!-- Gul infoboks --><\/p>\n<div class=\"yellow-box\">\n<h2>Detaljer om Hoppeslott Hinderl\u00f8ype \u201cDangerZone\u201d<\/h2>\n<div class=\"info-container\">\n<p><!-- F\u00f8rste rad --><\/p>\n<div class=\"info-group\">\n<div class=\"info-column\">\n<h3>M\u00e5l &amp; Brukere<\/h3>\n<ul>\n<li><strong>M\u00e5l<\/strong>: 9,30 m x 3,10 m x 4,60 m * (L x B x H)<\/li>\n<li><strong>Hoppeflate<\/strong>: &#8211; * (L x B)<\/li>\n<li><strong>H\u00f8yde p\u00e5 sklien<\/strong>: 1,50 m + 50 cm h\u00f8yde fra bakken *<\/li>\n<li>Egnet for ca. <strong>12barn<\/strong> (avhengig av alder og st\u00f8rrelse)<\/li>\n<li><strong>Maksimal h\u00f8yde<\/strong> p\u00e5 brukere: 1,50 m<\/li>\n<\/ul>\n<\/div>\n<div class=\"info-column\">\n<h3>Oppsett og nedpakking<\/h3>\n<ul>\n<li><strong>Pakningsm\u00e5l<\/strong>: H\u00f8yde 130 cm, Diameter 120 cm<\/li>\n<li><strong>Vekt<\/strong>: ca. 165 kg kg<\/li>\n<li><strong>Oppsettstid<\/strong>: 10 \u2013 20 minutter<\/li>\n<li><strong>P\u00e5krevd bl\u00e5ser<\/strong>: <span style=\"color: #ffffff;\"><a style=\"color: #ffffff;\" href=\"https:\/\/dodo-inflatables.com\/no\/produkt\/huawei-blaser-reh-2e-2ps\/\">1 x Huawei REH-2E \u2013 2 PS<\/a><\/span><\/li>\n<li><strong>Plassbehov<\/strong>: 14,60 x 6,70 m (L x B) (i henhold til DIN EN14960) <span class=\"tooltip\"><em><span style=\"color: #ffffff;\">Hva betyr dette?<\/span><\/em><span class=\"tooltiptext\"> I f\u00f8lge DIN-standarden m\u00e5 det v\u00e6re 1,80 m plass rundt hele hoppeslottet og 3,50 m foran den \u00e5pne siden. Dette er for sikkerheten, og implementeringen er opp til den enkelte bruker.<\/span><\/span><\/li>\n<\/ul>\n<\/div>\n<div class=\"info-column\">\n<h3>Egenskaper<\/h3>\n<ul>\n<li><strong>Sertifisering<\/strong> i henhold til EN 14960<\/li>\n<li>Materiale: PVC (0,55 mm \/ 621,3 g\/kvm)<\/li>\n<li>2 \u2013 4-lags s\u00f8mmer<\/li>\n<li>Flammehemmende<\/li>\n<li>Hoppeflate med beskyttelsesstriper, glidel\u00e5s med borrel\u00e5sbeskyttelse, forsterkede hj\u00f8rner<\/li>\n<\/ul>\n<\/div>\n<\/div>\n<p><!-- Andre rad --><\/p>\n<div class=\"info-group\">\n<div class=\"info-column\">\n<h3>Inkludert<\/h3>\n<ul class=\"check-list\">\n<li>Omfattende veiledning med sikkerhetsinstrukser, opp- og nedpakkingsveiledning og utleietips<\/li>\n<li>Matchende transportsekk<\/li>\n<li>Reparasjonssett<\/li>\n<\/ul>\n<\/div>\n<div class=\"info-column\">\n<h3>Ikke inkludert<\/h3>\n<ul class=\"cross-list\">\n<li><a style=\"color: #ffffff;\" href=\"https:\/\/dodo-inflatables.com\/no\/produkt\/huawei-blaser-reh-1-5e-15ps\/\">Bl\u00e5ser<\/a><\/li>\n<li><a style=\"color: #ffffff;\" href=\"https:\/\/dodo-inflatables.com\/no\/produkt\/bunnplate-5-x-6-meter\/\">Underlagsduk<\/a><\/li>\n<li><a style=\"color: #ffffff;\" href=\"https:\/\/dodo-inflatables.com\/no\/produkt\/bakkeplugger-for-oppblasbar-festing\/\">Jordspyd<\/a><\/li>\n<li><a style=\"color: #ffffff;\" href=\"https:\/\/dodo-inflatables.com\/no\/produkt\/fallsikringsmatter-240-x-120-x-5-cm\/\">Fallmatter<\/a><\/li>\n<li>Ytterligere tilbeh\u00f8r<\/li>\n<\/ul>\n<\/div>\n<div class=\"info-column\"><\/div>\n<\/div>\n<\/div>\n<\/div>\n<\/div>\n<h3>Viktige instruksjoner for bruk<\/h3>\n<p>Hoppeslott Hinderl\u00f8ype \u201cDangerZone\u201d er et profesjonelt modul som er produsert og testet etter de strenge retningslinjene i DIN EN 14960, noe som betyr at det er trygt og p\u00e5litelig. Dette gj\u00f8r hoppeslottet ideelt for profesjonell utleie. Vennligst merk at bare barn f\u00e5r bruke hoppeslottet \u2013 ikke voksne!<\/p>\n<p>V\u00e6r oppmerksom p\u00e5 at bl\u00e5seren (ikke inkludert) m\u00e5 kj\u00f8re kontinuerlig under bruk, og en viss luftlekkasje er n\u00f8dvendig for \u00e5 forhindre overoppbl\u00e5sing.<\/p>\n<p>Skaff deg Hoppeslott Hinderl\u00f8ype \u201cDangerZone\u201d n\u00e5 og opplev uforglemmelige \u00f8yeblikk full av moro og eventyr!<\/p>\n<p>&nbsp;<\/p>\n<div class=\"green-box\">\n<p><img decoding=\"async\" src=\"https:\/\/dodo-inflatables.com\/wp-content\/uploads\/2025\/04\/975c8995-fd1b-4893-8cab-8a729b1671e1.png\" alt=\"Veiledning\" \/><\/p>\n<div class=\"text-container\">\n<h3>Etter kj\u00f8pet mottar du en 23-siders veiledning med f\u00f8lgende innhold:<\/h3>\n<ul>\n<li>Sikkerhetsinstrukser for oppsett, nedpakking og bruk av hoppeslottet<\/li>\n<li>Sertifikat i henhold til DIN EN 14960 og individuell serienummer<\/li>\n<li>Detaljert opp- og nedpakkingsveiledning<\/li>\n<li>Instrukser for inspeksjon og vedlikehold<\/li>\n<li>Anbefalte brukstips for utleie<\/li>\n<\/ul>\n<\/div>\n<\/div>\n","protected":false},"excerpt":{"rendered":"<h4>[gzd_product_delivery_time]<\/h4>\n<div class=\"delivery-info\">\n<p>Hvis bestillingen og betalingen mottas <b>f\u00f8r kl. 11:00<\/b>,<br \/>\nblir varen sendt samme dag!<\/p>\n<p><i class=\"fas fa-shipping-fast\"><\/i> \u00a0\u00a0Leveringstid ca. 4\u201310 virkedager (Forsendelse fra Tyskland)<br \/>\n<i class=\"fas fa-expand-arrows-alt\"><\/i> \u00a0\u00a0\u00a0M\u00e5l: 9,30 m x 3,10 m x 4,60 m * (L \u00d7 B \u00d7 H)<br \/>\n<i class=\"fas fa-users\"><\/i> \u00a0\u00a0Egnet for ca. 12 barn (avhengig av alder og st\u00f8rrelse)<br \/>\n<i class=\"fas fa-award\"><\/i> \u00a0\u00a0\u00a0Sertifisert i henhold til DIN EN 14960<br \/>\n<i class=\"fas fa-book\"><\/i> \u00a0\u00a0\u00a0Veiledning med sertifikat og serienummer<\/p>\n<\/div>\n","protected":false},"featured_media":65174,"comment_status":"open","ping_status":"closed","template":"","meta":{"_acf_changed":false,"_uag_custom_page_level_css":"","site-sidebar-layout":"default","site-content-layout":"boxed-container","ast-site-content-layout":"normal-width-container","site-content-style":"boxed","site-sidebar-style":"boxed","ast-global-header-display":"","ast-banner-title-visibility":"","ast-main-header-display":"","ast-hfb-above-header-display":"","ast-hfb-below-header-display":"","ast-hfb-mobile-header-display":"","site-post-title":"disabled","ast-breadcrumbs-content":"","ast-featured-img":"","footer-sml-layout":"","ast-disable-related-posts":"","theme-transparent-header-meta":"default","adv-header-id-meta":"","stick-header-meta":"default","header-above-stick-meta":"","header-main-stick-meta":"","header-below-stick-meta":"","astra-migrate-meta-layouts":"set","ast-page-background-enabled":"default","ast-page-background-meta":{"desktop":{"background-color":"var(--ast-global-color-4)","background-image":"","background-repeat":"repeat","background-position":"center center","background-size":"auto","background-attachment":"scroll","background-type":"","background-media":"","overlay-type":"","overlay-color":"","overlay-opacity":"","overlay-gradient":""},"tablet":{"background-color":"","background-image":"","background-repeat":"repeat","background-position":"center center","background-size":"auto","background-attachment":"scroll","background-type":"","background-media":"","overlay-type":"","overlay-color":"","overlay-opacity":"","overlay-gradient":""},"mobile":{"background-color":"","background-image":"","background-repeat":"repeat","background-position":"center center","background-size":"auto","background-attachment":"scroll","background-type":"","background-media":"","overlay-type":"","overlay-color":"","overlay-opacity":"","overlay-gradient":""}},"ast-content-background-meta":{"desktop":{"background-color":"var(--ast-global-color-5)","background-image":"","background-repeat":"repeat","background-position":"center center","background-size":"auto","background-attachment":"scroll","background-type":"","background-media":"","overlay-type":"","overlay-color":"","overlay-opacity":"","overlay-gradient":""},"tablet":{"background-color":"var(--ast-global-color-5)","background-image":"","background-repeat":"repeat","background-position":"center center","background-size":"auto","background-attachment":"scroll","background-type":"","background-media":"","overlay-type":"","overlay-color":"","overlay-opacity":"","overlay-gradient":""},"mobile":{"background-color":"var(--ast-global-color-5)","background-image":"","background-repeat":"repeat","background-position":"center center","background-size":"auto","background-attachment":"scroll","background-type":"","background-media":"","overlay-type":"","overlay-color":"","overlay-opacity":"","overlay-gradient":""}}},"product_brand":[],"product_cat":[1933,1935],"product_tag":[1941],"class_list":{"0":"post-19493","1":"product","2":"type-product","3":"status-publish","4":"has-post-thumbnail","6":"product_cat-hoppeslott","7":"product_cat-slides-no","8":"product_tag-med-lysbilde","9":"product_shipping_class-spedition-hupfburg-no","10":"pa_gtin-0664965405944-no","11":"pa_height-460-m-500-m-no-3","12":"pa_height-of-the-slide-110-m-150-m-no","13":"pa_type-of-bouncy-castle-obstacle-course-no","14":"pa_width-smaller-than-350-m-no","15":"desktop-align-center","16":"tablet-align-center","17":"mobile-align-center","18":"ast-product-gallery-layout-horizontal","19":"ast-product-tabs-layout-horizontal","21":"first","22":"instock","23":"taxable","24":"shipping-taxable","25":"purchasable","26":"product-type-simple"},"acf":[],"yoast_head":"<!-- This site is optimized with the Yoast SEO plugin v27.3 - https:\/\/yoast.com\/product\/yoast-seo-wordpress\/ -->\n<title>Kj\u00f8p Hoppeslott Hinderl\u00f8ype \u201cDangerZone\u201d n\u00e5<\/title>\n<meta name=\"description\" content=\"Kj\u00f8p Hoppeslott Hinderl\u00f8ype \u201cDangerZone\u201d for privat og kommersiell bruk i Norge. T\u00dcV-godkjent, EN 14960-sertifisert &amp; umiddelbart tilgjengelig.\" \/>\n<meta name=\"robots\" content=\"index, follow, max-snippet:-1, max-image-preview:large, max-video-preview:-1\" \/>\n<link rel=\"canonical\" href=\"https:\/\/dodo-inflatables.com\/no\/produkt\/hoppeslott-hinderloype-dangerzone\/\" \/>\n<meta name=\"twitter:label1\" content=\"Ansl. lesetid\" \/>\n\t<meta name=\"twitter:data1\" content=\"3 minutter\" \/>\n<script type=\"application\/ld+json\" class=\"yoast-schema-graph\">{\"@context\":\"https:\\\/\\\/schema.org\",\"@graph\":[{\"@type\":\"WebPage\",\"@id\":\"https:\\\/\\\/dodo-inflatables.com\\\/no\\\/produkt\\\/hoppeslott-hinderloype-dangerzone\\\/\",\"url\":\"https:\\\/\\\/dodo-inflatables.com\\\/no\\\/produkt\\\/hoppeslott-hinderloype-dangerzone\\\/\",\"name\":\"Kj\u00f8p Hoppeslott Hinderl\u00f8ype \u201cDangerZone\u201d n\u00e5\",\"isPartOf\":{\"@id\":\"https:\\\/\\\/dodo-inflatables.com\\\/no\\\/#website\"},\"primaryImageOfPage\":{\"@id\":\"https:\\\/\\\/dodo-inflatables.com\\\/no\\\/produkt\\\/hoppeslott-hinderloype-dangerzone\\\/#primaryimage\"},\"image\":{\"@id\":\"https:\\\/\\\/dodo-inflatables.com\\\/no\\\/produkt\\\/hoppeslott-hinderloype-dangerzone\\\/#primaryimage\"},\"thumbnailUrl\":\"https:\\\/\\\/dodo-inflatables.com\\\/wp-content\\\/uploads\\\/2021\\\/08\\\/neu-126.jpg\",\"datePublished\":\"2021-08-02T13:07:55+00:00\",\"dateModified\":\"2026-02-06T06:23:26+00:00\",\"description\":\"Kj\u00f8p Hoppeslott Hinderl\u00f8ype \u201cDangerZone\u201d for privat og kommersiell bruk i Norge. T\u00dcV-godkjent, EN 14960-sertifisert & umiddelbart tilgjengelig.\",\"breadcrumb\":{\"@id\":\"https:\\\/\\\/dodo-inflatables.com\\\/no\\\/produkt\\\/hoppeslott-hinderloype-dangerzone\\\/#breadcrumb\"},\"inLanguage\":\"nb-NO\",\"potentialAction\":[{\"@type\":\"ReadAction\",\"target\":[\"https:\\\/\\\/dodo-inflatables.com\\\/no\\\/produkt\\\/hoppeslott-hinderloype-dangerzone\\\/\"]}]},{\"@type\":\"ImageObject\",\"inLanguage\":\"nb-NO\",\"@id\":\"https:\\\/\\\/dodo-inflatables.com\\\/no\\\/produkt\\\/hoppeslott-hinderloype-dangerzone\\\/#primaryimage\",\"url\":\"https:\\\/\\\/dodo-inflatables.com\\\/wp-content\\\/uploads\\\/2021\\\/08\\\/neu-126.jpg\",\"contentUrl\":\"https:\\\/\\\/dodo-inflatables.com\\\/wp-content\\\/uploads\\\/2021\\\/08\\\/neu-126.jpg\",\"width\":1000,\"height\":1000},{\"@type\":\"BreadcrumbList\",\"@id\":\"https:\\\/\\\/dodo-inflatables.com\\\/no\\\/produkt\\\/hoppeslott-hinderloype-dangerzone\\\/#breadcrumb\",\"itemListElement\":[{\"@type\":\"ListItem\",\"position\":1,\"name\":\"Hjem\",\"item\":\"https:\\\/\\\/dodo-inflatables.com\\\/no\\\/\"},{\"@type\":\"ListItem\",\"position\":2,\"name\":\"Butikk\",\"item\":\"https:\\\/\\\/dodo-inflatables.com\\\/no\\\/?page_id=16807\"},{\"@type\":\"ListItem\",\"position\":3,\"name\":\"Hoppeslott Hinderl\u00f8ype \u201cDangerZone\u201d\"}]},{\"@type\":\"WebSite\",\"@id\":\"https:\\\/\\\/dodo-inflatables.com\\\/no\\\/#website\",\"url\":\"https:\\\/\\\/dodo-inflatables.com\\\/no\\\/\",\"name\":\"dodo-inflatables.com\",\"description\":\"Kj\u00f8p hoppeslott og attraksjoner i butikken v\u00e5r.\",\"publisher\":{\"@id\":\"https:\\\/\\\/dodo-inflatables.com\\\/no\\\/#organization\"},\"potentialAction\":[{\"@type\":\"SearchAction\",\"target\":{\"@type\":\"EntryPoint\",\"urlTemplate\":\"https:\\\/\\\/dodo-inflatables.com\\\/no\\\/?s={search_term_string}\"},\"query-input\":{\"@type\":\"PropertyValueSpecification\",\"valueRequired\":true,\"valueName\":\"search_term_string\"}}],\"inLanguage\":\"nb-NO\"},{\"@type\":\"Organization\",\"@id\":\"https:\\\/\\\/dodo-inflatables.com\\\/no\\\/#organization\",\"name\":\"dodo-inflatables.com\",\"url\":\"https:\\\/\\\/dodo-inflatables.com\\\/no\\\/\",\"logo\":{\"@type\":\"ImageObject\",\"inLanguage\":\"nb-NO\",\"@id\":\"https:\\\/\\\/dodo-inflatables.com\\\/no\\\/#\\\/schema\\\/logo\\\/image\\\/\",\"url\":\"https:\\\/\\\/dodo-inflatables.com\\\/wp-content\\\/uploads\\\/2023\\\/04\\\/cropped-cropped-cropped-Dodo-Logo-scaled.png\",\"contentUrl\":\"https:\\\/\\\/dodo-inflatables.com\\\/wp-content\\\/uploads\\\/2023\\\/04\\\/cropped-cropped-cropped-Dodo-Logo-scaled.png\",\"width\":2560,\"height\":1320,\"caption\":\"dodo-inflatables.com\"},\"image\":{\"@id\":\"https:\\\/\\\/dodo-inflatables.com\\\/no\\\/#\\\/schema\\\/logo\\\/image\\\/\"}}]}<\/script>\n<!-- \/ Yoast SEO plugin. -->","yoast_head_json":{"title":"Kj\u00f8p Hoppeslott Hinderl\u00f8ype \u201cDangerZone\u201d n\u00e5","description":"Kj\u00f8p Hoppeslott Hinderl\u00f8ype \u201cDangerZone\u201d for privat og kommersiell bruk i Norge. T\u00dcV-godkjent, EN 14960-sertifisert & umiddelbart tilgjengelig.","robots":{"index":"index","follow":"follow","max-snippet":"max-snippet:-1","max-image-preview":"max-image-preview:large","max-video-preview":"max-video-preview:-1"},"canonical":"https:\/\/dodo-inflatables.com\/no\/produkt\/hoppeslott-hinderloype-dangerzone\/","twitter_misc":{"Ansl. lesetid":"3 minutter"},"schema":{"@context":"https:\/\/schema.org","@graph":[{"@type":"WebPage","@id":"https:\/\/dodo-inflatables.com\/no\/produkt\/hoppeslott-hinderloype-dangerzone\/","url":"https:\/\/dodo-inflatables.com\/no\/produkt\/hoppeslott-hinderloype-dangerzone\/","name":"Kj\u00f8p Hoppeslott Hinderl\u00f8ype \u201cDangerZone\u201d n\u00e5","isPartOf":{"@id":"https:\/\/dodo-inflatables.com\/no\/#website"},"primaryImageOfPage":{"@id":"https:\/\/dodo-inflatables.com\/no\/produkt\/hoppeslott-hinderloype-dangerzone\/#primaryimage"},"image":{"@id":"https:\/\/dodo-inflatables.com\/no\/produkt\/hoppeslott-hinderloype-dangerzone\/#primaryimage"},"thumbnailUrl":"https:\/\/dodo-inflatables.com\/wp-content\/uploads\/2021\/08\/neu-126.jpg","datePublished":"2021-08-02T13:07:55+00:00","dateModified":"2026-02-06T06:23:26+00:00","description":"Kj\u00f8p Hoppeslott Hinderl\u00f8ype \u201cDangerZone\u201d for privat og kommersiell bruk i Norge. T\u00dcV-godkjent, EN 14960-sertifisert & umiddelbart tilgjengelig.","breadcrumb":{"@id":"https:\/\/dodo-inflatables.com\/no\/produkt\/hoppeslott-hinderloype-dangerzone\/#breadcrumb"},"inLanguage":"nb-NO","potentialAction":[{"@type":"ReadAction","target":["https:\/\/dodo-inflatables.com\/no\/produkt\/hoppeslott-hinderloype-dangerzone\/"]}]},{"@type":"ImageObject","inLanguage":"nb-NO","@id":"https:\/\/dodo-inflatables.com\/no\/produkt\/hoppeslott-hinderloype-dangerzone\/#primaryimage","url":"https:\/\/dodo-inflatables.com\/wp-content\/uploads\/2021\/08\/neu-126.jpg","contentUrl":"https:\/\/dodo-inflatables.com\/wp-content\/uploads\/2021\/08\/neu-126.jpg","width":1000,"height":1000},{"@type":"BreadcrumbList","@id":"https:\/\/dodo-inflatables.com\/no\/produkt\/hoppeslott-hinderloype-dangerzone\/#breadcrumb","itemListElement":[{"@type":"ListItem","position":1,"name":"Hjem","item":"https:\/\/dodo-inflatables.com\/no\/"},{"@type":"ListItem","position":2,"name":"Butikk","item":"https:\/\/dodo-inflatables.com\/no\/?page_id=16807"},{"@type":"ListItem","position":3,"name":"Hoppeslott Hinderl\u00f8ype \u201cDangerZone\u201d"}]},{"@type":"WebSite","@id":"https:\/\/dodo-inflatables.com\/no\/#website","url":"https:\/\/dodo-inflatables.com\/no\/","name":"dodo-inflatables.com","description":"Kj\u00f8p hoppeslott og attraksjoner i butikken v\u00e5r.","publisher":{"@id":"https:\/\/dodo-inflatables.com\/no\/#organization"},"potentialAction":[{"@type":"SearchAction","target":{"@type":"EntryPoint","urlTemplate":"https:\/\/dodo-inflatables.com\/no\/?s={search_term_string}"},"query-input":{"@type":"PropertyValueSpecification","valueRequired":true,"valueName":"search_term_string"}}],"inLanguage":"nb-NO"},{"@type":"Organization","@id":"https:\/\/dodo-inflatables.com\/no\/#organization","name":"dodo-inflatables.com","url":"https:\/\/dodo-inflatables.com\/no\/","logo":{"@type":"ImageObject","inLanguage":"nb-NO","@id":"https:\/\/dodo-inflatables.com\/no\/#\/schema\/logo\/image\/","url":"https:\/\/dodo-inflatables.com\/wp-content\/uploads\/2023\/04\/cropped-cropped-cropped-Dodo-Logo-scaled.png","contentUrl":"https:\/\/dodo-inflatables.com\/wp-content\/uploads\/2023\/04\/cropped-cropped-cropped-Dodo-Logo-scaled.png","width":2560,"height":1320,"caption":"dodo-inflatables.com"},"image":{"@id":"https:\/\/dodo-inflatables.com\/no\/#\/schema\/logo\/image\/"}}]}},"uagb_featured_image_src":{"full":["https:\/\/dodo-inflatables.com\/wp-content\/uploads\/2021\/08\/neu-126.jpg",1000,1000,false],"thumbnail":["https:\/\/dodo-inflatables.com\/wp-content\/uploads\/2021\/08\/neu-126-150x150.jpg",150,150,true],"medium":["https:\/\/dodo-inflatables.com\/wp-content\/uploads\/2021\/08\/neu-126-300x300.jpg",300,300,true],"medium_large":["https:\/\/dodo-inflatables.com\/wp-content\/uploads\/2021\/08\/neu-126-768x768.jpg",768,768,true],"large":["https:\/\/dodo-inflatables.com\/wp-content\/uploads\/2021\/08\/neu-126.jpg",1000,1000,false],"1536x1536":["https:\/\/dodo-inflatables.com\/wp-content\/uploads\/2021\/08\/neu-126.jpg",1000,1000,false],"2048x2048":["https:\/\/dodo-inflatables.com\/wp-content\/uploads\/2021\/08\/neu-126.jpg",1000,1000,false],"woocommerce_thumbnail":["https:\/\/dodo-inflatables.com\/wp-content\/uploads\/2021\/08\/neu-126-900x900.jpg",900,900,true],"woocommerce_single":["https:\/\/dodo-inflatables.com\/wp-content\/uploads\/2021\/08\/neu-126-900x900.jpg",900,900,true],"woocommerce_gallery_thumbnail":["https:\/\/dodo-inflatables.com\/wp-content\/uploads\/2021\/08\/neu-126-100x100.jpg",100,100,true]},"uagb_author_info":{"display_name":"Andreas","author_link":"https:\/\/dodo-inflatables.com\/no\/author\/"},"uagb_comment_info":0,"uagb_excerpt":"[gzd_product_delivery_time] Hvis bestillingen og betalingen mottas f\u00f8r kl. 11:00, blir varen sendt samme dag! \u00a0\u00a0Leveringstid ca. 4\u201310 virkedager (Forsendelse fra Tyskland) \u00a0\u00a0\u00a0M\u00e5l: 9,30 m x 3,10 m x 4,60 m * (L \u00d7 B \u00d7 H) \u00a0\u00a0Egnet for ca. 12 barn (avhengig av alder og st\u00f8rrelse) \u00a0\u00a0\u00a0Sertifisert i henhold til DIN EN 14960 \u00a0\u00a0\u00a0Veiledning med&hellip;","_links":{"self":[{"href":"https:\/\/dodo-inflatables.com\/no\/wp-json\/wp\/v2\/product\/19493","targetHints":{"allow":["GET"]}}],"collection":[{"href":"https:\/\/dodo-inflatables.com\/no\/wp-json\/wp\/v2\/product"}],"about":[{"href":"https:\/\/dodo-inflatables.com\/no\/wp-json\/wp\/v2\/types\/product"}],"replies":[{"embeddable":true,"href":"https:\/\/dodo-inflatables.com\/no\/wp-json\/wp\/v2\/comments?post=19493"}],"wp:featuredmedia":[{"embeddable":true,"href":"https:\/\/dodo-inflatables.com\/no\/wp-json\/wp\/v2\/media\/65174"}],"wp:attachment":[{"href":"https:\/\/dodo-inflatables.com\/no\/wp-json\/wp\/v2\/media?parent=19493"}],"wp:term":[{"taxonomy":"product_brand","embeddable":true,"href":"https:\/\/dodo-inflatables.com\/no\/wp-json\/wp\/v2\/product_brand?post=19493"},{"taxonomy":"product_cat","embeddable":true,"href":"https:\/\/dodo-inflatables.com\/no\/wp-json\/wp\/v2\/product_cat?post=19493"},{"taxonomy":"product_tag","embeddable":true,"href":"https:\/\/dodo-inflatables.com\/no\/wp-json\/wp\/v2\/product_tag?post=19493"}],"curies":[{"name":"wp","href":"https:\/\/api.w.org\/{rel}","templated":true}]}}