{"id":19561,"date":"2021-01-18T12:17:14","date_gmt":"2021-01-18T11:17:14","guid":{"rendered":"https:\/\/dodo-inflatables.com\/product\/oppblasbar-alpinhytte\/"},"modified":"2025-08-22T16:18:15","modified_gmt":"2025-08-22T14:18:15","slug":"oppblasbar-alpinhytte","status":"publish","type":"product","link":"https:\/\/dodo-inflatables.com\/no\/produkt\/oppblasbar-alpinhytte\/","title":{"rendered":"Oppbl\u00e5sbar alpinhytte"},"content":{"rendered":"<h1>Kj\u00f8p oppbl\u00e5sbar alpinhytte &#8211; teltet for spesielle anledninger<\/h1>\n<p>Her har vi et helt spesielt oppbl\u00e5sbart telt i form av en fjellhytte i tre. Denne oppbl\u00e5sbare trehytta er perfekt for arrangementer og salgsfremmende aktiviteter. Det oppbl\u00e5sbare teltet f\u00e5r permanent tilf\u00f8rt luft ved hjelp av en hoppeslottbl\u00e5ser og er derfor sv\u00e6rt stabilt. Det oppbl\u00e5sbare teltet har selvf\u00f8lgelig flere \u00f8yer for \u00e5 sikre det mot vind p\u00e5 best mulig m\u00e5te. Detaljene i alpinhytta er sv\u00e6rt gjennomtenkte, for eksempel kan d\u00f8ren \u00e5pnes og lukkes med glidel\u00e5s. Taksponene ser fantastisk ekte ut, og vinduene har avtagbare myggnett for avslappende kvelder i hytta. Hytta har ogs\u00e5 to maljer i \u00f8vre gavlomr\u00e5de, som er perfekte for \u00e5 feste et banner med \u00f8nsket inskripsjon, logo eller design. En ekte multifunksjonell hytte med en rekke bruksomr\u00e5der! Enten det er som bartelt, eventbar, kampanjetelt eller bare som blikkfang, vil denne oppbl\u00e5sbare fjellhytta garantert vekke oppmerksomhet.<\/p>\n<p>Vil du ha hytta i andre dimensjoner eller i et annet design, for eksempel som en irsk pub? Ikke noe problem, vi tilbyr deg gjerne alle alternativer.<\/p>\n<p>Vi anbefaler kun \u00e5 bruke den oppbl\u00e5sbare alpinhytta p\u00e5 egnet underlagspresenning. Du finner ogs\u00e5 disse i v\u00e5r tilbeh\u00f8rskategori. Vi anbefaler generelt \u00e5 sette opp den oppbl\u00e5sbare festhytta p\u00e5 en gressplen. V\u00e5re jordspyd er ogs\u00e5 perfekte for \u00e5 feste den der.<\/p>\n<p>Den oppbl\u00e5sbare trehytta leveres i en egnet transportbag. For \u00e5 beskytte den oppbl\u00e5sbare hytta mot ytre p\u00e5virkninger og transportskader, b\u00f8r hytta pakkes ordentlig sammen igjen etter hver bruk. Som utleiefirma b\u00f8r du ogs\u00e5 kreve at kunden pakker den oppbl\u00e5sbare hytta ordentlig sammen igjen.<\/p>\n<h3>Detaljer om den oppbl\u00e5sbare alpinhytta<\/h3>\n<ul>\n<li>Dimensjoner (L x B x H): 6,00 m x 4,00 m x 6,20 m *.<\/li>\n<li>Vekt: ca. 80 kg *<\/li>\n<li>Pakkest\u00f8rrelse: 80 x 80 x 110 cm *.<\/li>\n<li>Monteringstid: 10 minutter<\/li>\n<li>Materiale: PVC (0,55 mm \/ 621,3 g\/kvm)<\/li>\n<li>2 &#8211; 4 s\u00f8mmer (avhengig av bruk)<\/li>\n<li>Flammehemmende<\/li>\n<li>Godkjenningssertifikat i henhold til EN 14960<\/li>\n<li>Glidel\u00e5s med borrel\u00e5s, forsterkede hj\u00f8rner<\/li>\n<\/ul>\n<p>Leveringsomfanget inkluderer: oppbl\u00e5sbar alpinhytte, transportveske og reparasjonssett<\/p>\n<p>Bl\u00e5seren og bunnduken er ikke inkludert. Disse finner du i kategorien tilbeh\u00f8r.<\/p>\n<p>Den oppbl\u00e5sbare alpinhytta er et kvalitetsprodukt som er produsert i henhold til strenge retningslinjer i samsvar med EN 14960. Alle v\u00e5re hoppeslott og oppbl\u00e5sbare attraksjoner er profesjonelle moduler som egner seg for profesjonell utleie og bruk i forn\u00f8yelsesparker, innend\u00f8rs lekeplasser og lignende.<\/p>\n<p>Viktige bruksanvisninger<\/p>\n<p>Viften (ikke inkludert) m\u00e5 g\u00e5 kontinuerlig under bruk.<br \/>\nDet er normalt med en liten luftlekkasje gjennom hullene i s\u00f8mmene.<\/p>\n<p>* Vekt og dimensjoner er omtrentlige og kan variere noe<\/p>\n","protected":false},"excerpt":{"rendered":"<p><i class=\"fa fa-arrows-alt\"><\/i>  Dimensjoner (L x B x H): 6,00 m x 4,00 m x 6,20 m *.<br \/>\n<i class=\"fa fa-check\"><\/i>  Profesjonell modul &#8211; egnet for kommersiell og privat bruk<\/p>\n<p><i class=\"fa fa-square\"><\/i>  PVC (0,55 mm \/ 621,3 g\/kvm)<br \/>\n<i class=\"fa fa-align-justify\"><\/i>  2 &#8211; 4-foldss\u00f8m (avhengig av belastning)<br \/>\n<i class=\"fa fa-fire\"><\/i>  Flammehemmende<\/p>\n","protected":false},"featured_media":19566,"comment_status":"open","ping_status":"closed","template":"","meta":{"_acf_changed":false,"_uag_custom_page_level_css":"","site-sidebar-layout":"default","site-content-layout":"boxed-container","ast-site-content-layout":"normal-width-container","site-content-style":"boxed","site-sidebar-style":"boxed","ast-global-header-display":"","ast-banner-title-visibility":"","ast-main-header-display":"","ast-hfb-above-header-display":"","ast-hfb-below-header-display":"","ast-hfb-mobile-header-display":"","site-post-title":"disabled","ast-breadcrumbs-content":"","ast-featured-img":"","footer-sml-layout":"","ast-disable-related-posts":"","theme-transparent-header-meta":"default","adv-header-id-meta":"","stick-header-meta":"default","header-above-stick-meta":"","header-main-stick-meta":"","header-below-stick-meta":"","astra-migrate-meta-layouts":"default","ast-page-background-enabled":"default","ast-page-background-meta":{"desktop":{"background-color":"var(--ast-global-color-4)","background-image":"","background-repeat":"repeat","background-position":"center center","background-size":"auto","background-attachment":"scroll","background-type":"","background-media":"","overlay-type":"","overlay-color":"","overlay-opacity":"","overlay-gradient":""},"tablet":{"background-color":"","background-image":"","background-repeat":"repeat","background-position":"center center","background-size":"auto","background-attachment":"scroll","background-type":"","background-media":"","overlay-type":"","overlay-color":"","overlay-opacity":"","overlay-gradient":""},"mobile":{"background-color":"","background-image":"","background-repeat":"repeat","background-position":"center center","background-size":"auto","background-attachment":"scroll","background-type":"","background-media":"","overlay-type":"","overlay-color":"","overlay-opacity":"","overlay-gradient":""}},"ast-content-background-meta":{"desktop":{"background-color":"var(--ast-global-color-5)","background-image":"","background-repeat":"repeat","background-position":"center center","background-size":"auto","background-attachment":"scroll","background-type":"","background-media":"","overlay-type":"","overlay-color":"","overlay-opacity":"","overlay-gradient":""},"tablet":{"background-color":"var(--ast-global-color-5)","background-image":"","background-repeat":"repeat","background-position":"center center","background-size":"auto","background-attachment":"scroll","background-type":"","background-media":"","overlay-type":"","overlay-color":"","overlay-opacity":"","overlay-gradient":""},"mobile":{"background-color":"var(--ast-global-color-5)","background-image":"","background-repeat":"repeat","background-position":"center center","background-size":"auto","background-attachment":"scroll","background-type":"","background-media":"","overlay-type":"","overlay-color":"","overlay-opacity":"","overlay-gradient":""}}},"product_brand":[],"product_cat":[2025],"product_tag":[],"class_list":{"0":"post-19561","1":"product","2":"type-product","3":"status-publish","4":"has-post-thumbnail","6":"product_cat-attraksjoner","7":"product_shipping_class-spedition-hupfburg-no","8":"pa_gtin-0669145336636-no","9":"desktop-align-center","10":"tablet-align-center","11":"mobile-align-center","12":"ast-product-gallery-layout-horizontal","13":"ast-product-tabs-layout-horizontal","15":"first","16":"onbackorder","17":"taxable","18":"shipping-taxable","19":"purchasable","20":"product-type-simple"},"acf":[],"yoast_head":"<!-- This site is optimized with the Yoast SEO plugin v27.3 - https:\/\/yoast.com\/product\/yoast-seo-wordpress\/ -->\n<title>Kj\u00f8p Hoppeslott Dykkeparadis med sklie - leveres raskt<\/title>\n<meta name=\"description\" content=\"Kj\u00f8p v\u00e5r oppbl\u00e5sbare trehytte som partytelt direkte p\u00e5 nettet hos Dodo-Inflatables.com | Mange modeller p\u00e5 lager | Rask frakt | Beste kvalitet\" \/>\n<meta name=\"robots\" content=\"index, follow, max-snippet:-1, max-image-preview:large, max-video-preview:-1\" \/>\n<link rel=\"canonical\" href=\"https:\/\/dodo-inflatables.com\/no\/produkt\/oppblasbar-alpinhytte\/\" \/>\n<meta name=\"twitter:label1\" content=\"Ansl. lesetid\" \/>\n\t<meta name=\"twitter:data1\" content=\"2 minutter\" \/>\n<script type=\"application\/ld+json\" class=\"yoast-schema-graph\">{\"@context\":\"https:\\\/\\\/schema.org\",\"@graph\":[{\"@type\":\"WebPage\",\"@id\":\"https:\\\/\\\/dodo-inflatables.com\\\/no\\\/produkt\\\/oppblasbar-alpinhytte\\\/\",\"url\":\"https:\\\/\\\/dodo-inflatables.com\\\/no\\\/produkt\\\/oppblasbar-alpinhytte\\\/\",\"name\":\"Kj\u00f8p Hoppeslott Dykkeparadis med sklie - leveres raskt\",\"isPartOf\":{\"@id\":\"https:\\\/\\\/dodo-inflatables.com\\\/no\\\/#website\"},\"primaryImageOfPage\":{\"@id\":\"https:\\\/\\\/dodo-inflatables.com\\\/no\\\/produkt\\\/oppblasbar-alpinhytte\\\/#primaryimage\"},\"image\":{\"@id\":\"https:\\\/\\\/dodo-inflatables.com\\\/no\\\/produkt\\\/oppblasbar-alpinhytte\\\/#primaryimage\"},\"thumbnailUrl\":\"https:\\\/\\\/dodo-inflatables.com\\\/wp-content\\\/uploads\\\/2021\\\/01\\\/Aufblasbare-Almhuette-Partyzelt-kaufen_0006_Ebene-3.jpg\",\"datePublished\":\"2021-01-18T11:17:14+00:00\",\"dateModified\":\"2025-08-22T14:18:15+00:00\",\"description\":\"Kj\u00f8p v\u00e5r oppbl\u00e5sbare trehytte som partytelt direkte p\u00e5 nettet hos Dodo-Inflatables.com | Mange modeller p\u00e5 lager | Rask frakt | Beste kvalitet\",\"breadcrumb\":{\"@id\":\"https:\\\/\\\/dodo-inflatables.com\\\/no\\\/produkt\\\/oppblasbar-alpinhytte\\\/#breadcrumb\"},\"inLanguage\":\"nb-NO\",\"potentialAction\":[{\"@type\":\"ReadAction\",\"target\":[\"https:\\\/\\\/dodo-inflatables.com\\\/no\\\/produkt\\\/oppblasbar-alpinhytte\\\/\"]}]},{\"@type\":\"ImageObject\",\"inLanguage\":\"nb-NO\",\"@id\":\"https:\\\/\\\/dodo-inflatables.com\\\/no\\\/produkt\\\/oppblasbar-alpinhytte\\\/#primaryimage\",\"url\":\"https:\\\/\\\/dodo-inflatables.com\\\/wp-content\\\/uploads\\\/2021\\\/01\\\/Aufblasbare-Almhuette-Partyzelt-kaufen_0006_Ebene-3.jpg\",\"contentUrl\":\"https:\\\/\\\/dodo-inflatables.com\\\/wp-content\\\/uploads\\\/2021\\\/01\\\/Aufblasbare-Almhuette-Partyzelt-kaufen_0006_Ebene-3.jpg\",\"width\":500,\"height\":500},{\"@type\":\"BreadcrumbList\",\"@id\":\"https:\\\/\\\/dodo-inflatables.com\\\/no\\\/produkt\\\/oppblasbar-alpinhytte\\\/#breadcrumb\",\"itemListElement\":[{\"@type\":\"ListItem\",\"position\":1,\"name\":\"Hjem\",\"item\":\"https:\\\/\\\/dodo-inflatables.com\\\/no\\\/\"},{\"@type\":\"ListItem\",\"position\":2,\"name\":\"Butikk\",\"item\":\"https:\\\/\\\/dodo-inflatables.com\\\/no\\\/?page_id=16807\"},{\"@type\":\"ListItem\",\"position\":3,\"name\":\"Oppbl\u00e5sbar alpinhytte\"}]},{\"@type\":\"WebSite\",\"@id\":\"https:\\\/\\\/dodo-inflatables.com\\\/no\\\/#website\",\"url\":\"https:\\\/\\\/dodo-inflatables.com\\\/no\\\/\",\"name\":\"dodo-inflatables.com\",\"description\":\"Kj\u00f8p hoppeslott og attraksjoner i butikken v\u00e5r.\",\"publisher\":{\"@id\":\"https:\\\/\\\/dodo-inflatables.com\\\/no\\\/#organization\"},\"potentialAction\":[{\"@type\":\"SearchAction\",\"target\":{\"@type\":\"EntryPoint\",\"urlTemplate\":\"https:\\\/\\\/dodo-inflatables.com\\\/no\\\/?s={search_term_string}\"},\"query-input\":{\"@type\":\"PropertyValueSpecification\",\"valueRequired\":true,\"valueName\":\"search_term_string\"}}],\"inLanguage\":\"nb-NO\"},{\"@type\":\"Organization\",\"@id\":\"https:\\\/\\\/dodo-inflatables.com\\\/no\\\/#organization\",\"name\":\"dodo-inflatables.com\",\"url\":\"https:\\\/\\\/dodo-inflatables.com\\\/no\\\/\",\"logo\":{\"@type\":\"ImageObject\",\"inLanguage\":\"nb-NO\",\"@id\":\"https:\\\/\\\/dodo-inflatables.com\\\/no\\\/#\\\/schema\\\/logo\\\/image\\\/\",\"url\":\"https:\\\/\\\/dodo-inflatables.com\\\/wp-content\\\/uploads\\\/2023\\\/04\\\/cropped-cropped-cropped-Dodo-Logo-scaled.png\",\"contentUrl\":\"https:\\\/\\\/dodo-inflatables.com\\\/wp-content\\\/uploads\\\/2023\\\/04\\\/cropped-cropped-cropped-Dodo-Logo-scaled.png\",\"width\":2560,\"height\":1320,\"caption\":\"dodo-inflatables.com\"},\"image\":{\"@id\":\"https:\\\/\\\/dodo-inflatables.com\\\/no\\\/#\\\/schema\\\/logo\\\/image\\\/\"}}]}<\/script>\n<!-- \/ Yoast SEO plugin. -->","yoast_head_json":{"title":"Kj\u00f8p Hoppeslott Dykkeparadis med sklie - leveres raskt","description":"Kj\u00f8p v\u00e5r oppbl\u00e5sbare trehytte som partytelt direkte p\u00e5 nettet hos Dodo-Inflatables.com | Mange modeller p\u00e5 lager | Rask frakt | Beste kvalitet","robots":{"index":"index","follow":"follow","max-snippet":"max-snippet:-1","max-image-preview":"max-image-preview:large","max-video-preview":"max-video-preview:-1"},"canonical":"https:\/\/dodo-inflatables.com\/no\/produkt\/oppblasbar-alpinhytte\/","twitter_misc":{"Ansl. lesetid":"2 minutter"},"schema":{"@context":"https:\/\/schema.org","@graph":[{"@type":"WebPage","@id":"https:\/\/dodo-inflatables.com\/no\/produkt\/oppblasbar-alpinhytte\/","url":"https:\/\/dodo-inflatables.com\/no\/produkt\/oppblasbar-alpinhytte\/","name":"Kj\u00f8p Hoppeslott Dykkeparadis med sklie - leveres raskt","isPartOf":{"@id":"https:\/\/dodo-inflatables.com\/no\/#website"},"primaryImageOfPage":{"@id":"https:\/\/dodo-inflatables.com\/no\/produkt\/oppblasbar-alpinhytte\/#primaryimage"},"image":{"@id":"https:\/\/dodo-inflatables.com\/no\/produkt\/oppblasbar-alpinhytte\/#primaryimage"},"thumbnailUrl":"https:\/\/dodo-inflatables.com\/wp-content\/uploads\/2021\/01\/Aufblasbare-Almhuette-Partyzelt-kaufen_0006_Ebene-3.jpg","datePublished":"2021-01-18T11:17:14+00:00","dateModified":"2025-08-22T14:18:15+00:00","description":"Kj\u00f8p v\u00e5r oppbl\u00e5sbare trehytte som partytelt direkte p\u00e5 nettet hos Dodo-Inflatables.com | Mange modeller p\u00e5 lager | Rask frakt | Beste kvalitet","breadcrumb":{"@id":"https:\/\/dodo-inflatables.com\/no\/produkt\/oppblasbar-alpinhytte\/#breadcrumb"},"inLanguage":"nb-NO","potentialAction":[{"@type":"ReadAction","target":["https:\/\/dodo-inflatables.com\/no\/produkt\/oppblasbar-alpinhytte\/"]}]},{"@type":"ImageObject","inLanguage":"nb-NO","@id":"https:\/\/dodo-inflatables.com\/no\/produkt\/oppblasbar-alpinhytte\/#primaryimage","url":"https:\/\/dodo-inflatables.com\/wp-content\/uploads\/2021\/01\/Aufblasbare-Almhuette-Partyzelt-kaufen_0006_Ebene-3.jpg","contentUrl":"https:\/\/dodo-inflatables.com\/wp-content\/uploads\/2021\/01\/Aufblasbare-Almhuette-Partyzelt-kaufen_0006_Ebene-3.jpg","width":500,"height":500},{"@type":"BreadcrumbList","@id":"https:\/\/dodo-inflatables.com\/no\/produkt\/oppblasbar-alpinhytte\/#breadcrumb","itemListElement":[{"@type":"ListItem","position":1,"name":"Hjem","item":"https:\/\/dodo-inflatables.com\/no\/"},{"@type":"ListItem","position":2,"name":"Butikk","item":"https:\/\/dodo-inflatables.com\/no\/?page_id=16807"},{"@type":"ListItem","position":3,"name":"Oppbl\u00e5sbar alpinhytte"}]},{"@type":"WebSite","@id":"https:\/\/dodo-inflatables.com\/no\/#website","url":"https:\/\/dodo-inflatables.com\/no\/","name":"dodo-inflatables.com","description":"Kj\u00f8p hoppeslott og attraksjoner i butikken v\u00e5r.","publisher":{"@id":"https:\/\/dodo-inflatables.com\/no\/#organization"},"potentialAction":[{"@type":"SearchAction","target":{"@type":"EntryPoint","urlTemplate":"https:\/\/dodo-inflatables.com\/no\/?s={search_term_string}"},"query-input":{"@type":"PropertyValueSpecification","valueRequired":true,"valueName":"search_term_string"}}],"inLanguage":"nb-NO"},{"@type":"Organization","@id":"https:\/\/dodo-inflatables.com\/no\/#organization","name":"dodo-inflatables.com","url":"https:\/\/dodo-inflatables.com\/no\/","logo":{"@type":"ImageObject","inLanguage":"nb-NO","@id":"https:\/\/dodo-inflatables.com\/no\/#\/schema\/logo\/image\/","url":"https:\/\/dodo-inflatables.com\/wp-content\/uploads\/2023\/04\/cropped-cropped-cropped-Dodo-Logo-scaled.png","contentUrl":"https:\/\/dodo-inflatables.com\/wp-content\/uploads\/2023\/04\/cropped-cropped-cropped-Dodo-Logo-scaled.png","width":2560,"height":1320,"caption":"dodo-inflatables.com"},"image":{"@id":"https:\/\/dodo-inflatables.com\/no\/#\/schema\/logo\/image\/"}}]}},"uagb_featured_image_src":{"full":["https:\/\/dodo-inflatables.com\/wp-content\/uploads\/2021\/01\/Aufblasbare-Almhuette-Partyzelt-kaufen_0006_Ebene-3.jpg",500,500,false],"thumbnail":["https:\/\/dodo-inflatables.com\/wp-content\/uploads\/2021\/01\/Aufblasbare-Almhuette-Partyzelt-kaufen_0006_Ebene-3-150x150.jpg",150,150,true],"medium":["https:\/\/dodo-inflatables.com\/wp-content\/uploads\/2021\/01\/Aufblasbare-Almhuette-Partyzelt-kaufen_0006_Ebene-3-300x300.jpg",300,300,true],"medium_large":["https:\/\/dodo-inflatables.com\/wp-content\/uploads\/2021\/01\/Aufblasbare-Almhuette-Partyzelt-kaufen_0006_Ebene-3.jpg",500,500,false],"large":["https:\/\/dodo-inflatables.com\/wp-content\/uploads\/2021\/01\/Aufblasbare-Almhuette-Partyzelt-kaufen_0006_Ebene-3.jpg",500,500,false],"1536x1536":["https:\/\/dodo-inflatables.com\/wp-content\/uploads\/2021\/01\/Aufblasbare-Almhuette-Partyzelt-kaufen_0006_Ebene-3.jpg",500,500,false],"2048x2048":["https:\/\/dodo-inflatables.com\/wp-content\/uploads\/2021\/01\/Aufblasbare-Almhuette-Partyzelt-kaufen_0006_Ebene-3.jpg",500,500,false],"woocommerce_thumbnail":["https:\/\/dodo-inflatables.com\/wp-content\/uploads\/2021\/01\/Aufblasbare-Almhuette-Partyzelt-kaufen_0006_Ebene-3.jpg",500,500,false],"woocommerce_single":["https:\/\/dodo-inflatables.com\/wp-content\/uploads\/2021\/01\/Aufblasbare-Almhuette-Partyzelt-kaufen_0006_Ebene-3.jpg",500,500,false],"woocommerce_gallery_thumbnail":["https:\/\/dodo-inflatables.com\/wp-content\/uploads\/2021\/01\/Aufblasbare-Almhuette-Partyzelt-kaufen_0006_Ebene-3-100x100.jpg",100,100,true]},"uagb_author_info":{"display_name":"Andreas","author_link":"https:\/\/dodo-inflatables.com\/no\/author\/"},"uagb_comment_info":0,"uagb_excerpt":"Dimensjoner (L x B x H): 6,00 m x 4,00 m x 6,20 m *. Profesjonell modul - egnet for kommersiell og privat bruk PVC (0,55 mm \/ 621,3 g\/kvm) 2 - 4-foldss\u00f8m (avhengig av belastning) Flammehemmende","_links":{"self":[{"href":"https:\/\/dodo-inflatables.com\/no\/wp-json\/wp\/v2\/product\/19561","targetHints":{"allow":["GET"]}}],"collection":[{"href":"https:\/\/dodo-inflatables.com\/no\/wp-json\/wp\/v2\/product"}],"about":[{"href":"https:\/\/dodo-inflatables.com\/no\/wp-json\/wp\/v2\/types\/product"}],"replies":[{"embeddable":true,"href":"https:\/\/dodo-inflatables.com\/no\/wp-json\/wp\/v2\/comments?post=19561"}],"wp:featuredmedia":[{"embeddable":true,"href":"https:\/\/dodo-inflatables.com\/no\/wp-json\/wp\/v2\/media\/19566"}],"wp:attachment":[{"href":"https:\/\/dodo-inflatables.com\/no\/wp-json\/wp\/v2\/media?parent=19561"}],"wp:term":[{"taxonomy":"product_brand","embeddable":true,"href":"https:\/\/dodo-inflatables.com\/no\/wp-json\/wp\/v2\/product_brand?post=19561"},{"taxonomy":"product_cat","embeddable":true,"href":"https:\/\/dodo-inflatables.com\/no\/wp-json\/wp\/v2\/product_cat?post=19561"},{"taxonomy":"product_tag","embeddable":true,"href":"https:\/\/dodo-inflatables.com\/no\/wp-json\/wp\/v2\/product_tag?post=19561"}],"curies":[{"name":"wp","href":"https:\/\/api.w.org\/{rel}","templated":true}]}}