{"id":11078,"date":"2024-03-07T18:35:18","date_gmt":"2024-03-07T17:35:18","guid":{"rendered":"https:\/\/dodo-inflatables.com\/nakup-nafukovacich-skluzavek-a-skakacich-hradu-do-ceske-republiky\/"},"modified":"2024-07-10T13:55:55","modified_gmt":"2024-07-10T11:55:55","slug":"nakup-nafukovacich-skluzavek-a-skakacich-hradu-do-ceske-republiky","status":"publish","type":"page","link":"https:\/\/dodo-inflatables.com\/pl\/nakup-nafukovacich-skluzavek-a-skakacich-hradu-do-ceske-republiky\/","title":{"rendered":"N\u00e1kup nafukovac\u00edch skluzavek a sk\u00e1kac\u00edch hrad\u016f do \u010cesk\u00e9 republiky"},"content":{"rendered":"\n<h2 class=\"wp-block-heading has-text-align-center\"><strong>N\u00e1kup nafukovac\u00edch skluzavek a sk\u00e1kac\u00edch hrad\u016f do \u010cesk\u00e9 republiky<\/strong><\/h2>\n\n<figure class=\"wp-block-image aligncenter size-large\"><a href=\"https:\/\/dodo-inflatables.com\/wp-content\/uploads\/2022\/01\/seperator-kleiner.png\"><img loading=\"lazy\" decoding=\"async\" width=\"1024\" height=\"102\" src=\"https:\/\/dodo-inflatables.com\/wp-content\/uploads\/2022\/01\/seperator-kleiner-1024x102.png\" alt=\"\" class=\"wp-image-4026\" srcset=\"https:\/\/dodo-inflatables.com\/wp-content\/uploads\/2022\/01\/seperator-kleiner-1024x102.png 1024w, https:\/\/dodo-inflatables.com\/wp-content\/uploads\/2022\/01\/seperator-kleiner-900x90.png 900w, https:\/\/dodo-inflatables.com\/wp-content\/uploads\/2022\/01\/seperator-kleiner-300x30.png 300w, https:\/\/dodo-inflatables.com\/wp-content\/uploads\/2022\/01\/seperator-kleiner-768x77.png 768w, https:\/\/dodo-inflatables.com\/wp-content\/uploads\/2022\/01\/seperator-kleiner-1536x154.png 1536w, https:\/\/dodo-inflatables.com\/wp-content\/uploads\/2022\/01\/seperator-kleiner-340x34.png 340w, https:\/\/dodo-inflatables.com\/wp-content\/uploads\/2022\/01\/seperator-kleiner.png 2000w\" sizes=\"auto, (max-width: 1024px) 100vw, 1024px\" \/><\/a><\/figure>\n\n<h3 class=\"wp-block-heading has-text-align-center\">Wejd\u017a na Dodo-Inflatables.com &#8211; stron\u0119 internetow\u0105, na kt\u00f3rej mo\u017cna znale\u017a\u0107 najlepsze gry w Europie!<\/h3>\n\n<p style=\"font-size:17px\">W ten spos\u00f3b mo\u017cna uzyska\u0107 dost\u0119p do nafaszerowanych atrakcjami nafaszerowanych atrakcjami nafaszerowanych atrakcjami nafaszerowanych atrakcjami nafaszerowanych atrakcjami nafaszerowanych atrakcjami nafaszerowanych atrakcjami nafaszerowanych atrakcjami nafaszerowanych atrakcjami nafaszerowanych atrakcjami nafaszerowanych atrakcjami nafaszerowanych atrakcjami, a tak\u017ce do skluzavek, kt\u00f3re mo\u017cna doda\u0107 do innych produkt\u00f3w. Nie ma tu miejsca na \u017cadne inne nafukowa\u0144ce, ani nafukowa\u0144ce, ani nafukowa\u0144ce, ani nafukowa\u0144ce, ani nafukowa\u0144ce, ani nafukowa\u0144ce, ani nafukowa\u0144ce, ani nafukowa\u0144ce, ani nafukowa\u0144ce, ani nafukowa\u0144ce, ani nafukowa\u0144ce, ani nafukowa\u0144ce, ani nafukowa\u0144ce, ani nafukowa\u0144ce, ani nafukowa\u0144ce, ani nafukowa\u0144ce, ani nafukowa\u0144ce, ani nafukowa\u0144ce, ani nafukowa\u0144ce, ani nafukowa\u0144ce, ani nafukowa\u0144ce!<\/p>\n\n<p style=\"font-size:17px\">Na razie nabyto nowe urz\u0105dzenia, ale tak naprawd\u0119 s\u0105 to p\u0159\u00edslu\u0161enstv\u00ed, v\u010detn\u011b Gibbon\u016f i fouka\u010dek Huawei pro sk\u00e1kac\u00ed hrady.<\/p>\n\n<p style=\"font-size:17px\">Doprava sk\u00e1kac\u00edho hradu a p\u0159\u00edslu\u0161enstv\u00ed do <strong>\u010cesk\u00e9 republiky stoj\u00ed 185,00 \u20ac<\/strong>. Bal\u00ed\u010dek nafukovac\u00edch dopl\u0148k\u016f stoj\u00ed 29,00 \u20ac. Pokud je nafukovadlo skladem, bude v\u00e1m odesl\u00e1no ihned po obdr\u017een\u00ed platby. Dod\u00e1n\u00ed do \u010cesk\u00e9 republiky trv\u00e1 p\u0159ibli\u017en\u011b <strong>4 &#8211; 6 pracovn\u00edch dn\u016f<\/strong>. Sk\u00e1kac\u00ed hrad je mo\u017en\u00e9 si osobn\u011b vyzvednout v na\u0161em skladu v Mnichov\u011b v N\u011bmecku.<\/p>\n\n<p style=\"font-size:17px\">W\u0105skie nabojowe uchwyty s\u0105 zgodne z norm\u0105 <strong>DIN EN 14960<\/strong> i nadaj\u0105 si\u0119 do u\u017cytku komercyjnego. Po odej\u015bciu z nafukovac\u00edho hradu obdr\u017e\u00edte podrobn\u00fd n\u00e1vod a p\u0159\u00edslu\u0161n\u00fd certifik\u00e1t k va\u0161emu nov\u00e9mu nafukovac\u00edmu hradu.<\/p>\n\n<p style=\"font-size:17px\">Osvobozen\u00ed od DPH dla firm! Pokud nakupujete jako firma, zadejte u pokladny sv\u00e9 identifika\u010dn\u00ed \u010d\u00edslo pro DPH, abyste mohli nakupovat bez dan\u011b.<\/p>\n\n<p style=\"font-size:17px\">S\u0105 to osoby, kt\u00f3re nie s\u0105 w stanie poradzi\u0107 sobie z trudnymi warunkami panuj\u0105cymi w okolicy, a tak\u017ce osoby, kt\u00f3re nie s\u0105 w stanie poradzi\u0107 sobie z trudnymi warunkami panuj\u0105cymi w okolicy, poniewa\u017c nie s\u0105 w stanie poradzi\u0107 sobie z trudnymi warunkami panuj\u0105cymi w okolicy. W zwi\u0105zku z tym, \u017ce na terenie ca\u0142ej Europy znajduj\u0105 si\u0119 r\u00f3\u017cne hale, na kt\u00f3rych znajduj\u0105 si\u0119 r\u00f3\u017cne obiekty, nie ma potrzeby dokonywania jakichkolwiek zmian w tym zakresie.<\/p>\n\n<p style=\"font-size:17px\">W\u0105tpi\u0119, aby w przypadku korzystania z Internetu nie by\u0142o to trudne, a na stronie <a href=\"mailto:contact@dodo-inflatables.com\">contact@dodo-inflatables.com<\/a> mo\u017cna znale\u017a\u0107 wiele przydatnych informacji!<\/p>\n","protected":false},"excerpt":{"rendered":"<p>N\u00e1kup nafukovac\u00edch skluzavek a sk\u00e1kac\u00edch hrad\u016f do \u010cesk\u00e9 republiky Wejd\u017a na Dodo-Inflatables.com &#8211; stron\u0119 internetow\u0105, na kt\u00f3rej mo\u017cna znale\u017a\u0107 najlepsze gry w Europie! W ten spos\u00f3b mo\u017cna uzyska\u0107 dost\u0119p do nafaszerowanych atrakcjami nafaszerowanych atrakcjami nafaszerowanych atrakcjami nafaszerowanych atrakcjami nafaszerowanych atrakcjami nafaszerowanych atrakcjami nafaszerowanych atrakcjami nafaszerowanych atrakcjami nafaszerowanych atrakcjami nafaszerowanych atrakcjami nafaszerowanych atrakcjami nafaszerowanych atrakcjami, a [&hellip;]<\/p>\n","protected":false},"author":1,"featured_media":0,"parent":0,"menu_order":0,"comment_status":"closed","ping_status":"closed","template":"","meta":{"_acf_changed":false,"_uag_custom_page_level_css":"","site-sidebar-layout":"default","site-content-layout":"","ast-site-content-layout":"normal-width-container","site-content-style":"boxed","site-sidebar-style":"default","ast-global-header-display":"","ast-banner-title-visibility":"","ast-main-header-display":"","ast-hfb-above-header-display":"","ast-hfb-below-header-display":"","ast-hfb-mobile-header-display":"","site-post-title":"","ast-breadcrumbs-content":"","ast-featured-img":"","footer-sml-layout":"","ast-disable-related-posts":"","theme-transparent-header-meta":"","adv-header-id-meta":"4069","stick-header-meta":"","header-above-stick-meta":"","header-main-stick-meta":"","header-below-stick-meta":"","astra-migrate-meta-layouts":"default","ast-page-background-enabled":"default","ast-page-background-meta":{"desktop":{"background-color":"var(--ast-global-color-4)","background-image":"","background-repeat":"repeat","background-position":"center center","background-size":"auto","background-attachment":"scroll","background-type":"","background-media":"","overlay-type":"","overlay-color":"","overlay-opacity":"","overlay-gradient":""},"tablet":{"background-color":"","background-image":"","background-repeat":"repeat","background-position":"center center","background-size":"auto","background-attachment":"scroll","background-type":"","background-media":"","overlay-type":"","overlay-color":"","overlay-opacity":"","overlay-gradient":""},"mobile":{"background-color":"","background-image":"","background-repeat":"repeat","background-position":"center center","background-size":"auto","background-attachment":"scroll","background-type":"","background-media":"","overlay-type":"","overlay-color":"","overlay-opacity":"","overlay-gradient":""}},"ast-content-background-meta":{"desktop":{"background-color":"var(--ast-global-color-5)","background-image":"","background-repeat":"repeat","background-position":"center center","background-size":"auto","background-attachment":"scroll","background-type":"","background-media":"","overlay-type":"","overlay-color":"","overlay-opacity":"","overlay-gradient":""},"tablet":{"background-color":"var(--ast-global-color-5)","background-image":"","background-repeat":"repeat","background-position":"center center","background-size":"auto","background-attachment":"scroll","background-type":"","background-media":"","overlay-type":"","overlay-color":"","overlay-opacity":"","overlay-gradient":""},"mobile":{"background-color":"var(--ast-global-color-5)","background-image":"","background-repeat":"repeat","background-position":"center center","background-size":"auto","background-attachment":"scroll","background-type":"","background-media":"","overlay-type":"","overlay-color":"","overlay-opacity":"","overlay-gradient":""}},"footnotes":""},"class_list":["post-11078","page","type-page","status-publish","hentry"],"acf":[],"yoast_head":"<!-- This site is optimized with the Yoast SEO plugin v27.4 - https:\/\/yoast.com\/product\/yoast-seo-wordpress\/ -->\n<title>N\u00e1kup nafukovac\u00edch skluzavek a sk\u00e1kac\u00edch hrad\u016f do \u010cesk\u00e9 republiky - dodo-inflatables.com<\/title>\n<meta name=\"robots\" content=\"index, follow, max-snippet:-1, max-image-preview:large, max-video-preview:-1\" \/>\n<link rel=\"canonical\" href=\"https:\/\/dodo-inflatables.com\/pl\/nakup-nafukovacich-skluzavek-a-skakacich-hradu-do-ceske-republiky\/\" \/>\n<meta name=\"twitter:label1\" content=\"Szacowany czas czytania\" \/>\n\t<meta name=\"twitter:data1\" content=\"2 minuty\" \/>\n<script type=\"application\/ld+json\" class=\"yoast-schema-graph\">{\"@context\":\"https:\\\/\\\/schema.org\",\"@graph\":[{\"@type\":\"WebPage\",\"@id\":\"https:\\\/\\\/dodo-inflatables.com\\\/pl\\\/nakup-nafukovacich-skluzavek-a-skakacich-hradu-do-ceske-republiky\\\/\",\"url\":\"https:\\\/\\\/dodo-inflatables.com\\\/pl\\\/nakup-nafukovacich-skluzavek-a-skakacich-hradu-do-ceske-republiky\\\/\",\"name\":\"N\u00e1kup nafukovac\u00edch skluzavek a sk\u00e1kac\u00edch hrad\u016f do \u010cesk\u00e9 republiky - dodo-inflatables.com\",\"isPartOf\":{\"@id\":\"https:\\\/\\\/dodo-inflatables.com\\\/pl\\\/#website\"},\"primaryImageOfPage\":{\"@id\":\"https:\\\/\\\/dodo-inflatables.com\\\/pl\\\/nakup-nafukovacich-skluzavek-a-skakacich-hradu-do-ceske-republiky\\\/#primaryimage\"},\"image\":{\"@id\":\"https:\\\/\\\/dodo-inflatables.com\\\/pl\\\/nakup-nafukovacich-skluzavek-a-skakacich-hradu-do-ceske-republiky\\\/#primaryimage\"},\"thumbnailUrl\":\"https:\\\/\\\/dodo-inflatables.com\\\/wp-content\\\/uploads\\\/2022\\\/01\\\/seperator-kleiner-1024x102.png\",\"datePublished\":\"2024-03-07T17:35:18+00:00\",\"dateModified\":\"2024-07-10T11:55:55+00:00\",\"breadcrumb\":{\"@id\":\"https:\\\/\\\/dodo-inflatables.com\\\/pl\\\/nakup-nafukovacich-skluzavek-a-skakacich-hradu-do-ceske-republiky\\\/#breadcrumb\"},\"inLanguage\":\"pl-PL\",\"potentialAction\":[{\"@type\":\"ReadAction\",\"target\":[\"https:\\\/\\\/dodo-inflatables.com\\\/pl\\\/nakup-nafukovacich-skluzavek-a-skakacich-hradu-do-ceske-republiky\\\/\"]}]},{\"@type\":\"ImageObject\",\"inLanguage\":\"pl-PL\",\"@id\":\"https:\\\/\\\/dodo-inflatables.com\\\/pl\\\/nakup-nafukovacich-skluzavek-a-skakacich-hradu-do-ceske-republiky\\\/#primaryimage\",\"url\":\"https:\\\/\\\/dodo-inflatables.com\\\/wp-content\\\/uploads\\\/2022\\\/01\\\/seperator-kleiner-1024x102.png\",\"contentUrl\":\"https:\\\/\\\/dodo-inflatables.com\\\/wp-content\\\/uploads\\\/2022\\\/01\\\/seperator-kleiner-1024x102.png\"},{\"@type\":\"BreadcrumbList\",\"@id\":\"https:\\\/\\\/dodo-inflatables.com\\\/pl\\\/nakup-nafukovacich-skluzavek-a-skakacich-hradu-do-ceske-republiky\\\/#breadcrumb\",\"itemListElement\":[{\"@type\":\"ListItem\",\"position\":1,\"name\":\"Strona g\u0142\u00f3wna\",\"item\":\"https:\\\/\\\/dodo-inflatables.com\\\/pl\\\/\"},{\"@type\":\"ListItem\",\"position\":2,\"name\":\"N\u00e1kup nafukovac\u00edch skluzavek a sk\u00e1kac\u00edch hrad\u016f do \u010cesk\u00e9 republiky\"}]},{\"@type\":\"WebSite\",\"@id\":\"https:\\\/\\\/dodo-inflatables.com\\\/pl\\\/#website\",\"url\":\"https:\\\/\\\/dodo-inflatables.com\\\/pl\\\/\",\"name\":\"dodo-inflatables.com\",\"description\":\"Kup dmuchane zamki i atrakcje w naszym sklepie.\",\"publisher\":{\"@id\":\"https:\\\/\\\/dodo-inflatables.com\\\/pl\\\/#organization\"},\"potentialAction\":[{\"@type\":\"SearchAction\",\"target\":{\"@type\":\"EntryPoint\",\"urlTemplate\":\"https:\\\/\\\/dodo-inflatables.com\\\/pl\\\/?s={search_term_string}\"},\"query-input\":{\"@type\":\"PropertyValueSpecification\",\"valueRequired\":true,\"valueName\":\"search_term_string\"}}],\"inLanguage\":\"pl-PL\"},{\"@type\":\"Organization\",\"@id\":\"https:\\\/\\\/dodo-inflatables.com\\\/pl\\\/#organization\",\"name\":\"dodo-inflatables.com\",\"url\":\"https:\\\/\\\/dodo-inflatables.com\\\/pl\\\/\",\"logo\":{\"@type\":\"ImageObject\",\"inLanguage\":\"pl-PL\",\"@id\":\"https:\\\/\\\/dodo-inflatables.com\\\/pl\\\/#\\\/schema\\\/logo\\\/image\\\/\",\"url\":\"https:\\\/\\\/dodo-inflatables.com\\\/wp-content\\\/uploads\\\/2023\\\/04\\\/cropped-cropped-cropped-Dodo-Logo.png\",\"contentUrl\":\"https:\\\/\\\/dodo-inflatables.com\\\/wp-content\\\/uploads\\\/2023\\\/04\\\/cropped-cropped-cropped-Dodo-Logo.png\",\"width\":2996,\"height\":1545,\"caption\":\"dodo-inflatables.com\"},\"image\":{\"@id\":\"https:\\\/\\\/dodo-inflatables.com\\\/pl\\\/#\\\/schema\\\/logo\\\/image\\\/\"}}]}<\/script>\n<!-- \/ Yoast SEO plugin. -->","yoast_head_json":{"title":"N\u00e1kup nafukovac\u00edch skluzavek a sk\u00e1kac\u00edch hrad\u016f do \u010cesk\u00e9 republiky - dodo-inflatables.com","robots":{"index":"index","follow":"follow","max-snippet":"max-snippet:-1","max-image-preview":"max-image-preview:large","max-video-preview":"max-video-preview:-1"},"canonical":"https:\/\/dodo-inflatables.com\/pl\/nakup-nafukovacich-skluzavek-a-skakacich-hradu-do-ceske-republiky\/","twitter_misc":{"Szacowany czas czytania":"2 minuty"},"schema":{"@context":"https:\/\/schema.org","@graph":[{"@type":"WebPage","@id":"https:\/\/dodo-inflatables.com\/pl\/nakup-nafukovacich-skluzavek-a-skakacich-hradu-do-ceske-republiky\/","url":"https:\/\/dodo-inflatables.com\/pl\/nakup-nafukovacich-skluzavek-a-skakacich-hradu-do-ceske-republiky\/","name":"N\u00e1kup nafukovac\u00edch skluzavek a sk\u00e1kac\u00edch hrad\u016f do \u010cesk\u00e9 republiky - dodo-inflatables.com","isPartOf":{"@id":"https:\/\/dodo-inflatables.com\/pl\/#website"},"primaryImageOfPage":{"@id":"https:\/\/dodo-inflatables.com\/pl\/nakup-nafukovacich-skluzavek-a-skakacich-hradu-do-ceske-republiky\/#primaryimage"},"image":{"@id":"https:\/\/dodo-inflatables.com\/pl\/nakup-nafukovacich-skluzavek-a-skakacich-hradu-do-ceske-republiky\/#primaryimage"},"thumbnailUrl":"https:\/\/dodo-inflatables.com\/wp-content\/uploads\/2022\/01\/seperator-kleiner-1024x102.png","datePublished":"2024-03-07T17:35:18+00:00","dateModified":"2024-07-10T11:55:55+00:00","breadcrumb":{"@id":"https:\/\/dodo-inflatables.com\/pl\/nakup-nafukovacich-skluzavek-a-skakacich-hradu-do-ceske-republiky\/#breadcrumb"},"inLanguage":"pl-PL","potentialAction":[{"@type":"ReadAction","target":["https:\/\/dodo-inflatables.com\/pl\/nakup-nafukovacich-skluzavek-a-skakacich-hradu-do-ceske-republiky\/"]}]},{"@type":"ImageObject","inLanguage":"pl-PL","@id":"https:\/\/dodo-inflatables.com\/pl\/nakup-nafukovacich-skluzavek-a-skakacich-hradu-do-ceske-republiky\/#primaryimage","url":"https:\/\/dodo-inflatables.com\/wp-content\/uploads\/2022\/01\/seperator-kleiner-1024x102.png","contentUrl":"https:\/\/dodo-inflatables.com\/wp-content\/uploads\/2022\/01\/seperator-kleiner-1024x102.png"},{"@type":"BreadcrumbList","@id":"https:\/\/dodo-inflatables.com\/pl\/nakup-nafukovacich-skluzavek-a-skakacich-hradu-do-ceske-republiky\/#breadcrumb","itemListElement":[{"@type":"ListItem","position":1,"name":"Strona g\u0142\u00f3wna","item":"https:\/\/dodo-inflatables.com\/pl\/"},{"@type":"ListItem","position":2,"name":"N\u00e1kup nafukovac\u00edch skluzavek a sk\u00e1kac\u00edch hrad\u016f do \u010cesk\u00e9 republiky"}]},{"@type":"WebSite","@id":"https:\/\/dodo-inflatables.com\/pl\/#website","url":"https:\/\/dodo-inflatables.com\/pl\/","name":"dodo-inflatables.com","description":"Kup dmuchane zamki i atrakcje w naszym sklepie.","publisher":{"@id":"https:\/\/dodo-inflatables.com\/pl\/#organization"},"potentialAction":[{"@type":"SearchAction","target":{"@type":"EntryPoint","urlTemplate":"https:\/\/dodo-inflatables.com\/pl\/?s={search_term_string}"},"query-input":{"@type":"PropertyValueSpecification","valueRequired":true,"valueName":"search_term_string"}}],"inLanguage":"pl-PL"},{"@type":"Organization","@id":"https:\/\/dodo-inflatables.com\/pl\/#organization","name":"dodo-inflatables.com","url":"https:\/\/dodo-inflatables.com\/pl\/","logo":{"@type":"ImageObject","inLanguage":"pl-PL","@id":"https:\/\/dodo-inflatables.com\/pl\/#\/schema\/logo\/image\/","url":"https:\/\/dodo-inflatables.com\/wp-content\/uploads\/2023\/04\/cropped-cropped-cropped-Dodo-Logo.png","contentUrl":"https:\/\/dodo-inflatables.com\/wp-content\/uploads\/2023\/04\/cropped-cropped-cropped-Dodo-Logo.png","width":2996,"height":1545,"caption":"dodo-inflatables.com"},"image":{"@id":"https:\/\/dodo-inflatables.com\/pl\/#\/schema\/logo\/image\/"}}]}},"uagb_featured_image_src":{"full":false,"thumbnail":false,"medium":false,"medium_large":false,"large":false,"1536x1536":false,"2048x2048":false,"woocommerce_thumbnail":false,"woocommerce_single":false,"woocommerce_gallery_thumbnail":false},"uagb_author_info":{"display_name":"Andreas","author_link":"https:\/\/dodo-inflatables.com\/pl\/author\/andreas\/"},"uagb_comment_info":0,"uagb_excerpt":"N\u00e1kup nafukovac\u00edch skluzavek a sk\u00e1kac\u00edch hrad\u016f do \u010cesk\u00e9 republiky Wejd\u017a na Dodo-Inflatables.com &#8211; stron\u0119 internetow\u0105, na kt\u00f3rej mo\u017cna znale\u017a\u0107 najlepsze gry w Europie! W ten spos\u00f3b mo\u017cna uzyska\u0107 dost\u0119p do nafaszerowanych atrakcjami nafaszerowanych atrakcjami nafaszerowanych atrakcjami nafaszerowanych atrakcjami nafaszerowanych atrakcjami nafaszerowanych atrakcjami nafaszerowanych atrakcjami nafaszerowanych atrakcjami nafaszerowanych atrakcjami nafaszerowanych atrakcjami nafaszerowanych atrakcjami nafaszerowanych atrakcjami, a&hellip;","_links":{"self":[{"href":"https:\/\/dodo-inflatables.com\/pl\/wp-json\/wp\/v2\/pages\/11078","targetHints":{"allow":["GET"]}}],"collection":[{"href":"https:\/\/dodo-inflatables.com\/pl\/wp-json\/wp\/v2\/pages"}],"about":[{"href":"https:\/\/dodo-inflatables.com\/pl\/wp-json\/wp\/v2\/types\/page"}],"author":[{"embeddable":true,"href":"https:\/\/dodo-inflatables.com\/pl\/wp-json\/wp\/v2\/users\/1"}],"replies":[{"embeddable":true,"href":"https:\/\/dodo-inflatables.com\/pl\/wp-json\/wp\/v2\/comments?post=11078"}],"version-history":[{"count":2,"href":"https:\/\/dodo-inflatables.com\/pl\/wp-json\/wp\/v2\/pages\/11078\/revisions"}],"predecessor-version":[{"id":11080,"href":"https:\/\/dodo-inflatables.com\/pl\/wp-json\/wp\/v2\/pages\/11078\/revisions\/11080"}],"wp:attachment":[{"href":"https:\/\/dodo-inflatables.com\/pl\/wp-json\/wp\/v2\/media?parent=11078"}],"curies":[{"name":"wp","href":"https:\/\/api.w.org\/{rel}","templated":true}]}}