{"id":11117,"date":"2024-03-05T17:03:53","date_gmt":"2024-03-05T16:03:53","guid":{"rendered":"https:\/\/dodo-inflatables.com\/kupite-tobogane-i-dvorce-na-napuhavanje-u-hrvatskoj\/"},"modified":"2024-07-10T13:55:09","modified_gmt":"2024-07-10T11:55:09","slug":"kupite-tobogane-i-dvorce-na-napuhavanje-u-hrvatskoj","status":"publish","type":"page","link":"https:\/\/dodo-inflatables.com\/pl\/kupite-tobogane-i-dvorce-na-napuhavanje-u-hrvatskoj\/","title":{"rendered":"Kupite tobogane i dvorce na napuhavanje u Hrvatskoj"},"content":{"rendered":"\n<h2 class=\"wp-block-heading has-text-align-center\">Kupite tobogane i dvorce na napuhavanje u Hrvatskoj<\/h2>\n\n<figure class=\"wp-block-image aligncenter size-large\"><a href=\"https:\/\/dodo-inflatables.com\/wp-content\/uploads\/2022\/01\/seperator-kleiner.png\"><img fetchpriority=\"high\" decoding=\"async\" width=\"1024\" height=\"102\" src=\"https:\/\/dodo-inflatables.com\/wp-content\/uploads\/2022\/01\/seperator-kleiner-1024x102.png\" alt=\"\" class=\"wp-image-4026\" srcset=\"https:\/\/dodo-inflatables.com\/wp-content\/uploads\/2022\/01\/seperator-kleiner-1024x102.png 1024w, https:\/\/dodo-inflatables.com\/wp-content\/uploads\/2022\/01\/seperator-kleiner-900x90.png 900w, https:\/\/dodo-inflatables.com\/wp-content\/uploads\/2022\/01\/seperator-kleiner-300x30.png 300w, https:\/\/dodo-inflatables.com\/wp-content\/uploads\/2022\/01\/seperator-kleiner-768x77.png 768w, https:\/\/dodo-inflatables.com\/wp-content\/uploads\/2022\/01\/seperator-kleiner-1536x154.png 1536w, https:\/\/dodo-inflatables.com\/wp-content\/uploads\/2022\/01\/seperator-kleiner-340x34.png 340w, https:\/\/dodo-inflatables.com\/wp-content\/uploads\/2022\/01\/seperator-kleiner.png 2000w\" sizes=\"(max-width: 1024px) 100vw, 1024px\" \/><\/a><\/figure>\n\n<h3 class=\"wp-block-heading has-text-align-center\">Dobrodo\u0161li u Dodo-Inflatables.com &#8211; na\u0161u internetsku trgovinu dvoraca na napuhavanje u Europi!<\/h3>\n\n<p style=\"font-size:17px\">Uronite u na\u0161 opse\u017eni izbor visokokvalitetnih dvoraca na napuhavanje, dvoraca na napuhavanje i tobogana koji svakoj prilici dodaju ono malo vi\u0161e. W tym celu nale\u017cy wybra\u0107 odpowiednie rozwi\u0105zanie, kt\u00f3re zapewni nam dost\u0119p do wielu r\u00f3\u017cnych produkt\u00f3w, a tak\u017ce rozwi\u0105zanie, kt\u00f3re zapewni nam dost\u0119p do wielu r\u00f3\u017cnych produkt\u00f3w, a tak\u017ce rozwi\u0105zanie, kt\u00f3re zapewni nam dost\u0119p do wielu r\u00f3\u017cnych produkt\u00f3w, a tak\u017ce rozwi\u0105zanie, kt\u00f3re zapewni nam dost\u0119p do wielu r\u00f3\u017cnych produkt\u00f3w, a tak\u017ce rozwi\u0105zanie, kt\u00f3re zapewni nam dost\u0119p do wielu r\u00f3\u017cnych produkt\u00f3w, a tak\u017ce rozwi\u0105zanie, kt\u00f3re zapewni nam dost\u0119p do wielu r\u00f3\u017cnych produkt\u00f3w, a tak\u017ce rozwi\u0105zanie, kt\u00f3re zapewni nam dost\u0119p do wielu r\u00f3\u017cnych produkt\u00f3w, a tak\u017ce rozwi\u0105zanie, kt\u00f3re zapewni nam dost\u0119p do wielu r\u00f3\u017cnych produkt\u00f3w, a tak\u017ce rozwi\u0105zanie, kt\u00f3re zapewni nam dost\u0119p do wielu r\u00f3\u017cnych produkt\u00f3w, a tak\u017ce rozwi\u0105zanie, kt\u00f3re zapewni nam dost\u0119p do wielu r\u00f3\u017cnych produkt\u00f3w, a tak\u017ce rozwi\u0105zanie, kt\u00f3re zapewni nam dost\u0119p do wielu r\u00f3\u017cnych produkt\u00f3w.<\/p>\n\n<p style=\"font-size:17px\">Na\u0161 asortiman ne uklju\u010duje samo razne dvorce na napuhavanje, ve\u0107 i \u0161irok raspon dodataka, uklju\u010duju\u0107i Gibbons i Huawei puha\u010de za dvorce na napuhavanje.<\/p>\n\n<p style=\"font-size:17px\">Dostava dvorca na napuhavanje i pripadaju\u0107ih dodataka u <strong>Hrvatsku ko\u0161ta 230,00 \u20ac <\/strong>. Paket s priborom za dvorac na napuhavanje ko\u0161ta 30,00 \u20ac. Ako je dvorac na napuhavanje na zalihi, bit \u0107e vam poslan odmah nakon primitka uplate. Dostava u Hrvatsku traje cca <strong>4 &#8211; 6 radnih dana<\/strong>. Preuzimanje je mogu\u0107e iz na\u0161eg skladi\u0161ta u M\u00fcnchenu, Njema\u010dka.<\/p>\n\n<p style=\"font-size:17px\">Nasze rozwi\u0105zania w zakresie bezpiecze\u0144stwa s\u0105 zgodne z norm\u0105 <strong>DIN EN 14960<\/strong> i s\u0105 przeznaczone do u\u017cytku prywatnego i komercyjnego. W tym celu nale\u017cy uzyska\u0107 szczeg\u00f3\u0142owe informacje i certyfikaty dotycz\u0105ce nowych rozwi\u0105za\u0144 na napuhavanje.<br\/>Osloba\u0111anje PDV-a za tvrtke! Ako kupujete kao tvrtka, navedite svoj PDV broj na blagajni kako biste kupovali bez poreza.<br\/>Bez wzgl\u0119du na to, czy jest to osoba prywatna, czy te\u017c osoba fizyczna, kt\u00f3ra nie jest w stanie sprosta\u0107 wymaganiom stawianym przez prawo i jest komercjalizowana, nie jest w stanie sprosta\u0107 wymaganiom stawianym przez prawo i jest w stanie sprosta\u0107 wymaganiom stawianym przez prawo i jest w stanie sprosta\u0107 wymaganiom stawianym przez prawo i jest w stanie sprosta\u0107 wymaganiom stawianym przez prawo i jest w stanie sprosta\u0107 wymaganiom stawianym przez prawo i jest w stanie sprosta\u0107 wymaganiom stawianym przez prawo i jest w stanie sprosta\u0107 wymaganiom stawianym przez prawo. W zwi\u0105zku z tym, \u017ce Europa jest krajem, w kt\u00f3rym obowi\u0105zuj\u0105 przepisy dotycz\u0105ce bezpiecze\u0144stwa i higieny pracy, nie ma \u017cadnych przeszk\u00f3d, aby je realizowa\u0107.<\/p>\n\n<p style=\"font-size:17px\">Nadamo se da \u0107ete u\u017eivati u pregledavanju na\u0161e online trgovine i dostupni smo ako imate pitanja na <a href=\"mailto:contact@dodo-inflatables.com\">contact@dodo-inflatables.com!<\/a><\/p>\n\n<div style=\"height:100px\" aria-hidden=\"true\" class=\"wp-block-spacer\"><\/div>\n","protected":false},"excerpt":{"rendered":"<p>Kupite tobogane i dvorce na napuhavanje u Hrvatskoj Dobrodo\u0161li u Dodo-Inflatables.com &#8211; na\u0161u internetsku trgovinu dvoraca na napuhavanje u Europi! Uronite u na\u0161 opse\u017eni izbor visokokvalitetnih dvoraca na napuhavanje, dvoraca na napuhavanje i tobogana koji svakoj prilici dodaju ono malo vi\u0161e. W tym celu nale\u017cy wybra\u0107 odpowiednie rozwi\u0105zanie, kt\u00f3re zapewni nam dost\u0119p do wielu r\u00f3\u017cnych [&hellip;]<\/p>\n","protected":false},"author":1,"featured_media":0,"parent":0,"menu_order":0,"comment_status":"closed","ping_status":"closed","template":"","meta":{"_acf_changed":false,"_uag_custom_page_level_css":"","site-sidebar-layout":"default","site-content-layout":"","ast-site-content-layout":"normal-width-container","site-content-style":"boxed","site-sidebar-style":"default","ast-global-header-display":"","ast-banner-title-visibility":"","ast-main-header-display":"","ast-hfb-above-header-display":"","ast-hfb-below-header-display":"","ast-hfb-mobile-header-display":"","site-post-title":"","ast-breadcrumbs-content":"","ast-featured-img":"","footer-sml-layout":"","ast-disable-related-posts":"","theme-transparent-header-meta":"","adv-header-id-meta":"4069","stick-header-meta":"","header-above-stick-meta":"","header-main-stick-meta":"","header-below-stick-meta":"","astra-migrate-meta-layouts":"default","ast-page-background-enabled":"default","ast-page-background-meta":{"desktop":{"background-color":"var(--ast-global-color-4)","background-image":"","background-repeat":"repeat","background-position":"center center","background-size":"auto","background-attachment":"scroll","background-type":"","background-media":"","overlay-type":"","overlay-color":"","overlay-opacity":"","overlay-gradient":""},"tablet":{"background-color":"","background-image":"","background-repeat":"repeat","background-position":"center center","background-size":"auto","background-attachment":"scroll","background-type":"","background-media":"","overlay-type":"","overlay-color":"","overlay-opacity":"","overlay-gradient":""},"mobile":{"background-color":"","background-image":"","background-repeat":"repeat","background-position":"center center","background-size":"auto","background-attachment":"scroll","background-type":"","background-media":"","overlay-type":"","overlay-color":"","overlay-opacity":"","overlay-gradient":""}},"ast-content-background-meta":{"desktop":{"background-color":"var(--ast-global-color-5)","background-image":"","background-repeat":"repeat","background-position":"center center","background-size":"auto","background-attachment":"scroll","background-type":"","background-media":"","overlay-type":"","overlay-color":"","overlay-opacity":"","overlay-gradient":""},"tablet":{"background-color":"var(--ast-global-color-5)","background-image":"","background-repeat":"repeat","background-position":"center center","background-size":"auto","background-attachment":"scroll","background-type":"","background-media":"","overlay-type":"","overlay-color":"","overlay-opacity":"","overlay-gradient":""},"mobile":{"background-color":"var(--ast-global-color-5)","background-image":"","background-repeat":"repeat","background-position":"center center","background-size":"auto","background-attachment":"scroll","background-type":"","background-media":"","overlay-type":"","overlay-color":"","overlay-opacity":"","overlay-gradient":""}},"footnotes":""},"class_list":["post-11117","page","type-page","status-publish","hentry"],"acf":[],"yoast_head":"<!-- This site is optimized with the Yoast SEO plugin v27.5 - https:\/\/yoast.com\/product\/yoast-seo-wordpress\/ -->\n<title>Kupite tobogane i dvorce na napuhavanje u Hrvatskoj - dodo-inflatables.com<\/title>\n<meta name=\"robots\" content=\"index, follow, max-snippet:-1, max-image-preview:large, max-video-preview:-1\" \/>\n<link rel=\"canonical\" href=\"https:\/\/dodo-inflatables.com\/pl\/kupite-tobogane-i-dvorce-na-napuhavanje-u-hrvatskoj\/\" \/>\n<meta name=\"twitter:label1\" content=\"Szacowany czas czytania\" \/>\n\t<meta name=\"twitter:data1\" content=\"3 minuty\" \/>\n<script type=\"application\/ld+json\" class=\"yoast-schema-graph\">{\"@context\":\"https:\\\/\\\/schema.org\",\"@graph\":[{\"@type\":\"WebPage\",\"@id\":\"https:\\\/\\\/dodo-inflatables.com\\\/pl\\\/kupite-tobogane-i-dvorce-na-napuhavanje-u-hrvatskoj\\\/\",\"url\":\"https:\\\/\\\/dodo-inflatables.com\\\/pl\\\/kupite-tobogane-i-dvorce-na-napuhavanje-u-hrvatskoj\\\/\",\"name\":\"Kupite tobogane i dvorce na napuhavanje u Hrvatskoj - dodo-inflatables.com\",\"isPartOf\":{\"@id\":\"https:\\\/\\\/dodo-inflatables.com\\\/pl\\\/#website\"},\"primaryImageOfPage\":{\"@id\":\"https:\\\/\\\/dodo-inflatables.com\\\/pl\\\/kupite-tobogane-i-dvorce-na-napuhavanje-u-hrvatskoj\\\/#primaryimage\"},\"image\":{\"@id\":\"https:\\\/\\\/dodo-inflatables.com\\\/pl\\\/kupite-tobogane-i-dvorce-na-napuhavanje-u-hrvatskoj\\\/#primaryimage\"},\"thumbnailUrl\":\"https:\\\/\\\/dodo-inflatables.com\\\/wp-content\\\/uploads\\\/2022\\\/01\\\/seperator-kleiner-1024x102.png\",\"datePublished\":\"2024-03-05T16:03:53+00:00\",\"dateModified\":\"2024-07-10T11:55:09+00:00\",\"breadcrumb\":{\"@id\":\"https:\\\/\\\/dodo-inflatables.com\\\/pl\\\/kupite-tobogane-i-dvorce-na-napuhavanje-u-hrvatskoj\\\/#breadcrumb\"},\"inLanguage\":\"pl-PL\",\"potentialAction\":[{\"@type\":\"ReadAction\",\"target\":[\"https:\\\/\\\/dodo-inflatables.com\\\/pl\\\/kupite-tobogane-i-dvorce-na-napuhavanje-u-hrvatskoj\\\/\"]}]},{\"@type\":\"ImageObject\",\"inLanguage\":\"pl-PL\",\"@id\":\"https:\\\/\\\/dodo-inflatables.com\\\/pl\\\/kupite-tobogane-i-dvorce-na-napuhavanje-u-hrvatskoj\\\/#primaryimage\",\"url\":\"https:\\\/\\\/dodo-inflatables.com\\\/wp-content\\\/uploads\\\/2022\\\/01\\\/seperator-kleiner-1024x102.png\",\"contentUrl\":\"https:\\\/\\\/dodo-inflatables.com\\\/wp-content\\\/uploads\\\/2022\\\/01\\\/seperator-kleiner-1024x102.png\"},{\"@type\":\"BreadcrumbList\",\"@id\":\"https:\\\/\\\/dodo-inflatables.com\\\/pl\\\/kupite-tobogane-i-dvorce-na-napuhavanje-u-hrvatskoj\\\/#breadcrumb\",\"itemListElement\":[{\"@type\":\"ListItem\",\"position\":1,\"name\":\"Strona g\u0142\u00f3wna\",\"item\":\"https:\\\/\\\/dodo-inflatables.com\\\/pl\\\/\"},{\"@type\":\"ListItem\",\"position\":2,\"name\":\"Kupite tobogane i dvorce na napuhavanje u Hrvatskoj\"}]},{\"@type\":\"WebSite\",\"@id\":\"https:\\\/\\\/dodo-inflatables.com\\\/pl\\\/#website\",\"url\":\"https:\\\/\\\/dodo-inflatables.com\\\/pl\\\/\",\"name\":\"dodo-inflatables.com\",\"description\":\"Kup dmuchane zamki i atrakcje w naszym sklepie.\",\"potentialAction\":[{\"@type\":\"SearchAction\",\"target\":{\"@type\":\"EntryPoint\",\"urlTemplate\":\"https:\\\/\\\/dodo-inflatables.com\\\/pl\\\/?s={search_term_string}\"},\"query-input\":{\"@type\":\"PropertyValueSpecification\",\"valueRequired\":true,\"valueName\":\"search_term_string\"}}],\"inLanguage\":\"pl-PL\"}]}<\/script>\n<!-- \/ Yoast SEO plugin. -->","yoast_head_json":{"title":"Kupite tobogane i dvorce na napuhavanje u Hrvatskoj - dodo-inflatables.com","robots":{"index":"index","follow":"follow","max-snippet":"max-snippet:-1","max-image-preview":"max-image-preview:large","max-video-preview":"max-video-preview:-1"},"canonical":"https:\/\/dodo-inflatables.com\/pl\/kupite-tobogane-i-dvorce-na-napuhavanje-u-hrvatskoj\/","twitter_misc":{"Szacowany czas czytania":"3 minuty"},"schema":{"@context":"https:\/\/schema.org","@graph":[{"@type":"WebPage","@id":"https:\/\/dodo-inflatables.com\/pl\/kupite-tobogane-i-dvorce-na-napuhavanje-u-hrvatskoj\/","url":"https:\/\/dodo-inflatables.com\/pl\/kupite-tobogane-i-dvorce-na-napuhavanje-u-hrvatskoj\/","name":"Kupite tobogane i dvorce na napuhavanje u Hrvatskoj - dodo-inflatables.com","isPartOf":{"@id":"https:\/\/dodo-inflatables.com\/pl\/#website"},"primaryImageOfPage":{"@id":"https:\/\/dodo-inflatables.com\/pl\/kupite-tobogane-i-dvorce-na-napuhavanje-u-hrvatskoj\/#primaryimage"},"image":{"@id":"https:\/\/dodo-inflatables.com\/pl\/kupite-tobogane-i-dvorce-na-napuhavanje-u-hrvatskoj\/#primaryimage"},"thumbnailUrl":"https:\/\/dodo-inflatables.com\/wp-content\/uploads\/2022\/01\/seperator-kleiner-1024x102.png","datePublished":"2024-03-05T16:03:53+00:00","dateModified":"2024-07-10T11:55:09+00:00","breadcrumb":{"@id":"https:\/\/dodo-inflatables.com\/pl\/kupite-tobogane-i-dvorce-na-napuhavanje-u-hrvatskoj\/#breadcrumb"},"inLanguage":"pl-PL","potentialAction":[{"@type":"ReadAction","target":["https:\/\/dodo-inflatables.com\/pl\/kupite-tobogane-i-dvorce-na-napuhavanje-u-hrvatskoj\/"]}]},{"@type":"ImageObject","inLanguage":"pl-PL","@id":"https:\/\/dodo-inflatables.com\/pl\/kupite-tobogane-i-dvorce-na-napuhavanje-u-hrvatskoj\/#primaryimage","url":"https:\/\/dodo-inflatables.com\/wp-content\/uploads\/2022\/01\/seperator-kleiner-1024x102.png","contentUrl":"https:\/\/dodo-inflatables.com\/wp-content\/uploads\/2022\/01\/seperator-kleiner-1024x102.png"},{"@type":"BreadcrumbList","@id":"https:\/\/dodo-inflatables.com\/pl\/kupite-tobogane-i-dvorce-na-napuhavanje-u-hrvatskoj\/#breadcrumb","itemListElement":[{"@type":"ListItem","position":1,"name":"Strona g\u0142\u00f3wna","item":"https:\/\/dodo-inflatables.com\/pl\/"},{"@type":"ListItem","position":2,"name":"Kupite tobogane i dvorce na napuhavanje u Hrvatskoj"}]},{"@type":"WebSite","@id":"https:\/\/dodo-inflatables.com\/pl\/#website","url":"https:\/\/dodo-inflatables.com\/pl\/","name":"dodo-inflatables.com","description":"Kup dmuchane zamki i atrakcje w naszym sklepie.","potentialAction":[{"@type":"SearchAction","target":{"@type":"EntryPoint","urlTemplate":"https:\/\/dodo-inflatables.com\/pl\/?s={search_term_string}"},"query-input":{"@type":"PropertyValueSpecification","valueRequired":true,"valueName":"search_term_string"}}],"inLanguage":"pl-PL"}]}},"uagb_featured_image_src":{"full":false,"thumbnail":false,"medium":false,"medium_large":false,"large":false,"1536x1536":false,"2048x2048":false,"woocommerce_thumbnail":false,"woocommerce_single":false,"woocommerce_gallery_thumbnail":false},"uagb_author_info":{"display_name":"Andreas","author_link":"https:\/\/dodo-inflatables.com\/pl\/author\/andreas\/"},"uagb_comment_info":0,"uagb_excerpt":"Kupite tobogane i dvorce na napuhavanje u Hrvatskoj Dobrodo\u0161li u Dodo-Inflatables.com &#8211; na\u0161u internetsku trgovinu dvoraca na napuhavanje u Europi! Uronite u na\u0161 opse\u017eni izbor visokokvalitetnih dvoraca na napuhavanje, dvoraca na napuhavanje i tobogana koji svakoj prilici dodaju ono malo vi\u0161e. W tym celu nale\u017cy wybra\u0107 odpowiednie rozwi\u0105zanie, kt\u00f3re zapewni nam dost\u0119p do wielu r\u00f3\u017cnych&hellip;","_links":{"self":[{"href":"https:\/\/dodo-inflatables.com\/pl\/wp-json\/wp\/v2\/pages\/11117","targetHints":{"allow":["GET"]}}],"collection":[{"href":"https:\/\/dodo-inflatables.com\/pl\/wp-json\/wp\/v2\/pages"}],"about":[{"href":"https:\/\/dodo-inflatables.com\/pl\/wp-json\/wp\/v2\/types\/page"}],"author":[{"embeddable":true,"href":"https:\/\/dodo-inflatables.com\/pl\/wp-json\/wp\/v2\/users\/1"}],"replies":[{"embeddable":true,"href":"https:\/\/dodo-inflatables.com\/pl\/wp-json\/wp\/v2\/comments?post=11117"}],"version-history":[{"count":2,"href":"https:\/\/dodo-inflatables.com\/pl\/wp-json\/wp\/v2\/pages\/11117\/revisions"}],"predecessor-version":[{"id":11119,"href":"https:\/\/dodo-inflatables.com\/pl\/wp-json\/wp\/v2\/pages\/11117\/revisions\/11119"}],"wp:attachment":[{"href":"https:\/\/dodo-inflatables.com\/pl\/wp-json\/wp\/v2\/media?parent=11117"}],"curies":[{"name":"wp","href":"https:\/\/api.w.org\/{rel}","templated":true}]}}