{"id":11123,"date":"2024-03-05T16:49:21","date_gmt":"2024-03-05T15:49:21","guid":{"rendered":"https:\/\/dodo-inflatables.com\/osta-taispuhutavad-liumaed-ja-huppelinnakud-eestist\/"},"modified":"2024-07-10T13:54:40","modified_gmt":"2024-07-10T11:54:40","slug":"osta-taispuhutavad-liumaed-ja-huppelinnakud-eestist","status":"publish","type":"page","link":"https:\/\/dodo-inflatables.com\/pl\/osta-taispuhutavad-liumaed-ja-huppelinnakud-eestist\/","title":{"rendered":"Osta t\u00e4ispuhutavad lium\u00e4ed ja h\u00fcppelinnakud Eestist"},"content":{"rendered":"\n<h2 class=\"wp-block-heading has-text-align-center\">Osta t\u00e4ispuhutavad lium\u00e4ed ja h\u00fcppelinnakud Eestist<\/h2>\n\n<figure class=\"wp-block-image aligncenter size-large\"><a href=\"https:\/\/dodo-inflatables.com\/wp-content\/uploads\/2022\/01\/seperator-kleiner.png\"><img loading=\"lazy\" decoding=\"async\" width=\"1024\" height=\"102\" src=\"https:\/\/dodo-inflatables.com\/wp-content\/uploads\/2022\/01\/seperator-kleiner-1024x102.png\" alt=\"\" class=\"wp-image-4026\" srcset=\"https:\/\/dodo-inflatables.com\/wp-content\/uploads\/2022\/01\/seperator-kleiner-1024x102.png 1024w, https:\/\/dodo-inflatables.com\/wp-content\/uploads\/2022\/01\/seperator-kleiner-900x90.png 900w, https:\/\/dodo-inflatables.com\/wp-content\/uploads\/2022\/01\/seperator-kleiner-300x30.png 300w, https:\/\/dodo-inflatables.com\/wp-content\/uploads\/2022\/01\/seperator-kleiner-768x77.png 768w, https:\/\/dodo-inflatables.com\/wp-content\/uploads\/2022\/01\/seperator-kleiner-1536x154.png 1536w, https:\/\/dodo-inflatables.com\/wp-content\/uploads\/2022\/01\/seperator-kleiner-340x34.png 340w, https:\/\/dodo-inflatables.com\/wp-content\/uploads\/2022\/01\/seperator-kleiner.png 2000w\" sizes=\"auto, (max-width: 1024px) 100vw, 1024px\" \/><\/a><\/figure>\n\n<h3 class=\"wp-block-heading has-text-align-center\">Dodo-Inflatables.com &#8211; najlepsze atrakcje w Euroopas!<\/h3>\n\n<p style=\"font-size:17px\">W zwi\u0105zku z tym, \u017ce nie jest to mo\u017cliwe, nie jest to mo\u017cliwe, aby w og\u00f3le by\u0142o to mo\u017cliwe, nie jest to mo\u017cliwe, aby w og\u00f3le by\u0142o to mo\u017cliwe, nie jest to mo\u017cliwe, aby w og\u00f3le by\u0142o to mo\u017cliwe. Na naszej stronie internetowej mo\u017cna znale\u017a\u0107 wiele atrakcji dla firm i os\u00f3b, kt\u00f3re nie mog\u0105 si\u0119 doczeka\u0107, aby si\u0119 z nimi skontaktowa\u0107 &#8211; dzi\u0119ki temu mo\u017cesz mie\u0107 pewno\u015b\u0107, \u017ce wszystko b\u0119dzie w porz\u0105dku!<\/p>\n\n<p style=\"font-size:17px\">W tym samym czasie, w kt\u00f3rym si\u0119 znajdujemy, mo\u017cemy obserwowa\u0107, jak fokbony Gibbonid i Huawei puhurid h\u00fcppelinnadele.<\/p>\n\n<p style=\"font-size:17px\">H\u00fcppelinnuse ja tarvikute saatmine Eestisse maksab 349,00 eurot. Cena pakietu wynosi maksymalnie 49,00 euro. W tym celu nale\u017cy zobaczy\u0107, co dzieje si\u0119 w laosie. Tarne Eestisse kestab umbes 4-6 t\u00f6\u00f6p\u00e4eva. H\u00fcppelaud jest bardzo zadowolony z tego, \u017ce w Monachium nie ma ju\u017c Saksamaal.<\/p>\n\n<p style=\"font-size:17px\">Nale\u017cy zwr\u00f3ci\u0107 uwag\u0119 na szeroki zakres standard\u00f3w DIN EN 14960, kt\u00f3re obowi\u0105zuj\u0105 do dzi\u015b. W zwi\u0105zku z tym, \u017ce nie ma mo\u017cliwo\u015bci wyboru, nie ma mo\u017cliwo\u015bci zmiany ustawie\u0144 i nie ma mo\u017cliwo\u015bci zmiany ustawie\u0144.<\/p>\n\n<p style=\"font-size:17px\">K\u00e4ibemaksuvabastus ettev\u00f5tetele! W ostatecznym rozrachunku numer rejestracyjny nie jest ju\u017c dost\u0119pny.<\/p>\n\n<p style=\"font-size:17px\">Olenemata sellest, kas olete eraisik, kes otsib h\u00fcppelinnakut oma j\u00e4rgmisele perepeole, v\u00f5i olete kommertsiaalne rendifirma, kes soovib oma valikut laiendada, meie h\u00fcppelinnakud sobivad k\u00f5igile. Tegelikult jest jednym z najwi\u0119kszych klient\u00f3w w Europie, poniewa\u017c jest to dla nich bardzo wa\u017cne.<\/p>\n\n<p style=\"font-size:17px\">Zapraszam na nasz\u0105 stron\u0119 <a href=\"mailto:contact@dodo-inflatables.com\">contact@dodo-inflatables.com<\/a>!<\/p>\n\n<div style=\"height:100px\" aria-hidden=\"true\" class=\"wp-block-spacer\"><\/div>\n","protected":false},"excerpt":{"rendered":"<p>Osta t\u00e4ispuhutavad lium\u00e4ed ja h\u00fcppelinnakud Eestist Dodo-Inflatables.com &#8211; najlepsze atrakcje w Euroopas! W zwi\u0105zku z tym, \u017ce nie jest to mo\u017cliwe, nie jest to mo\u017cliwe, aby w og\u00f3le by\u0142o to mo\u017cliwe, nie jest to mo\u017cliwe, aby w og\u00f3le by\u0142o to mo\u017cliwe, nie jest to mo\u017cliwe, aby w og\u00f3le by\u0142o to mo\u017cliwe. Na naszej stronie internetowej [&hellip;]<\/p>\n","protected":false},"author":1,"featured_media":0,"parent":0,"menu_order":0,"comment_status":"closed","ping_status":"closed","template":"","meta":{"_acf_changed":false,"_uag_custom_page_level_css":"","site-sidebar-layout":"default","site-content-layout":"","ast-site-content-layout":"normal-width-container","site-content-style":"boxed","site-sidebar-style":"default","ast-global-header-display":"","ast-banner-title-visibility":"","ast-main-header-display":"","ast-hfb-above-header-display":"","ast-hfb-below-header-display":"","ast-hfb-mobile-header-display":"","site-post-title":"","ast-breadcrumbs-content":"","ast-featured-img":"","footer-sml-layout":"","ast-disable-related-posts":"","theme-transparent-header-meta":"","adv-header-id-meta":"4069","stick-header-meta":"","header-above-stick-meta":"","header-main-stick-meta":"","header-below-stick-meta":"","astra-migrate-meta-layouts":"default","ast-page-background-enabled":"default","ast-page-background-meta":{"desktop":{"background-color":"var(--ast-global-color-4)","background-image":"","background-repeat":"repeat","background-position":"center center","background-size":"auto","background-attachment":"scroll","background-type":"","background-media":"","overlay-type":"","overlay-color":"","overlay-opacity":"","overlay-gradient":""},"tablet":{"background-color":"","background-image":"","background-repeat":"repeat","background-position":"center center","background-size":"auto","background-attachment":"scroll","background-type":"","background-media":"","overlay-type":"","overlay-color":"","overlay-opacity":"","overlay-gradient":""},"mobile":{"background-color":"","background-image":"","background-repeat":"repeat","background-position":"center center","background-size":"auto","background-attachment":"scroll","background-type":"","background-media":"","overlay-type":"","overlay-color":"","overlay-opacity":"","overlay-gradient":""}},"ast-content-background-meta":{"desktop":{"background-color":"var(--ast-global-color-5)","background-image":"","background-repeat":"repeat","background-position":"center center","background-size":"auto","background-attachment":"scroll","background-type":"","background-media":"","overlay-type":"","overlay-color":"","overlay-opacity":"","overlay-gradient":""},"tablet":{"background-color":"var(--ast-global-color-5)","background-image":"","background-repeat":"repeat","background-position":"center center","background-size":"auto","background-attachment":"scroll","background-type":"","background-media":"","overlay-type":"","overlay-color":"","overlay-opacity":"","overlay-gradient":""},"mobile":{"background-color":"var(--ast-global-color-5)","background-image":"","background-repeat":"repeat","background-position":"center center","background-size":"auto","background-attachment":"scroll","background-type":"","background-media":"","overlay-type":"","overlay-color":"","overlay-opacity":"","overlay-gradient":""}},"footnotes":""},"class_list":["post-11123","page","type-page","status-publish","hentry"],"acf":[],"yoast_head":"<!-- This site is optimized with the Yoast SEO plugin v27.4 - https:\/\/yoast.com\/product\/yoast-seo-wordpress\/ -->\n<title>Osta t\u00e4ispuhutavad lium\u00e4ed ja h\u00fcppelinnakud Eestist - dodo-inflatables.com<\/title>\n<meta name=\"robots\" content=\"index, follow, max-snippet:-1, max-image-preview:large, max-video-preview:-1\" \/>\n<link rel=\"canonical\" href=\"https:\/\/dodo-inflatables.com\/pl\/osta-taispuhutavad-liumaed-ja-huppelinnakud-eestist\/\" \/>\n<meta name=\"twitter:label1\" content=\"Szacowany czas czytania\" \/>\n\t<meta name=\"twitter:data1\" content=\"1 minuta\" \/>\n<script type=\"application\/ld+json\" class=\"yoast-schema-graph\">{\"@context\":\"https:\\\/\\\/schema.org\",\"@graph\":[{\"@type\":\"WebPage\",\"@id\":\"https:\\\/\\\/dodo-inflatables.com\\\/pl\\\/osta-taispuhutavad-liumaed-ja-huppelinnakud-eestist\\\/\",\"url\":\"https:\\\/\\\/dodo-inflatables.com\\\/pl\\\/osta-taispuhutavad-liumaed-ja-huppelinnakud-eestist\\\/\",\"name\":\"Osta t\u00e4ispuhutavad lium\u00e4ed ja h\u00fcppelinnakud Eestist - dodo-inflatables.com\",\"isPartOf\":{\"@id\":\"https:\\\/\\\/dodo-inflatables.com\\\/pl\\\/#website\"},\"primaryImageOfPage\":{\"@id\":\"https:\\\/\\\/dodo-inflatables.com\\\/pl\\\/osta-taispuhutavad-liumaed-ja-huppelinnakud-eestist\\\/#primaryimage\"},\"image\":{\"@id\":\"https:\\\/\\\/dodo-inflatables.com\\\/pl\\\/osta-taispuhutavad-liumaed-ja-huppelinnakud-eestist\\\/#primaryimage\"},\"thumbnailUrl\":\"https:\\\/\\\/dodo-inflatables.com\\\/wp-content\\\/uploads\\\/2022\\\/01\\\/seperator-kleiner-1024x102.png\",\"datePublished\":\"2024-03-05T15:49:21+00:00\",\"dateModified\":\"2024-07-10T11:54:40+00:00\",\"breadcrumb\":{\"@id\":\"https:\\\/\\\/dodo-inflatables.com\\\/pl\\\/osta-taispuhutavad-liumaed-ja-huppelinnakud-eestist\\\/#breadcrumb\"},\"inLanguage\":\"pl-PL\",\"potentialAction\":[{\"@type\":\"ReadAction\",\"target\":[\"https:\\\/\\\/dodo-inflatables.com\\\/pl\\\/osta-taispuhutavad-liumaed-ja-huppelinnakud-eestist\\\/\"]}]},{\"@type\":\"ImageObject\",\"inLanguage\":\"pl-PL\",\"@id\":\"https:\\\/\\\/dodo-inflatables.com\\\/pl\\\/osta-taispuhutavad-liumaed-ja-huppelinnakud-eestist\\\/#primaryimage\",\"url\":\"https:\\\/\\\/dodo-inflatables.com\\\/wp-content\\\/uploads\\\/2022\\\/01\\\/seperator-kleiner-1024x102.png\",\"contentUrl\":\"https:\\\/\\\/dodo-inflatables.com\\\/wp-content\\\/uploads\\\/2022\\\/01\\\/seperator-kleiner-1024x102.png\"},{\"@type\":\"BreadcrumbList\",\"@id\":\"https:\\\/\\\/dodo-inflatables.com\\\/pl\\\/osta-taispuhutavad-liumaed-ja-huppelinnakud-eestist\\\/#breadcrumb\",\"itemListElement\":[{\"@type\":\"ListItem\",\"position\":1,\"name\":\"Strona g\u0142\u00f3wna\",\"item\":\"https:\\\/\\\/dodo-inflatables.com\\\/pl\\\/\"},{\"@type\":\"ListItem\",\"position\":2,\"name\":\"Osta t\u00e4ispuhutavad lium\u00e4ed ja h\u00fcppelinnakud Eestist\"}]},{\"@type\":\"WebSite\",\"@id\":\"https:\\\/\\\/dodo-inflatables.com\\\/pl\\\/#website\",\"url\":\"https:\\\/\\\/dodo-inflatables.com\\\/pl\\\/\",\"name\":\"dodo-inflatables.com\",\"description\":\"Kup dmuchane zamki i atrakcje w naszym sklepie.\",\"publisher\":{\"@id\":\"https:\\\/\\\/dodo-inflatables.com\\\/pl\\\/#organization\"},\"potentialAction\":[{\"@type\":\"SearchAction\",\"target\":{\"@type\":\"EntryPoint\",\"urlTemplate\":\"https:\\\/\\\/dodo-inflatables.com\\\/pl\\\/?s={search_term_string}\"},\"query-input\":{\"@type\":\"PropertyValueSpecification\",\"valueRequired\":true,\"valueName\":\"search_term_string\"}}],\"inLanguage\":\"pl-PL\"},{\"@type\":\"Organization\",\"@id\":\"https:\\\/\\\/dodo-inflatables.com\\\/pl\\\/#organization\",\"name\":\"dodo-inflatables.com\",\"url\":\"https:\\\/\\\/dodo-inflatables.com\\\/pl\\\/\",\"logo\":{\"@type\":\"ImageObject\",\"inLanguage\":\"pl-PL\",\"@id\":\"https:\\\/\\\/dodo-inflatables.com\\\/pl\\\/#\\\/schema\\\/logo\\\/image\\\/\",\"url\":\"https:\\\/\\\/dodo-inflatables.com\\\/wp-content\\\/uploads\\\/2023\\\/04\\\/cropped-cropped-cropped-Dodo-Logo.png\",\"contentUrl\":\"https:\\\/\\\/dodo-inflatables.com\\\/wp-content\\\/uploads\\\/2023\\\/04\\\/cropped-cropped-cropped-Dodo-Logo.png\",\"width\":2996,\"height\":1545,\"caption\":\"dodo-inflatables.com\"},\"image\":{\"@id\":\"https:\\\/\\\/dodo-inflatables.com\\\/pl\\\/#\\\/schema\\\/logo\\\/image\\\/\"}}]}<\/script>\n<!-- \/ Yoast SEO plugin. -->","yoast_head_json":{"title":"Osta t\u00e4ispuhutavad lium\u00e4ed ja h\u00fcppelinnakud Eestist - dodo-inflatables.com","robots":{"index":"index","follow":"follow","max-snippet":"max-snippet:-1","max-image-preview":"max-image-preview:large","max-video-preview":"max-video-preview:-1"},"canonical":"https:\/\/dodo-inflatables.com\/pl\/osta-taispuhutavad-liumaed-ja-huppelinnakud-eestist\/","twitter_misc":{"Szacowany czas czytania":"1 minuta"},"schema":{"@context":"https:\/\/schema.org","@graph":[{"@type":"WebPage","@id":"https:\/\/dodo-inflatables.com\/pl\/osta-taispuhutavad-liumaed-ja-huppelinnakud-eestist\/","url":"https:\/\/dodo-inflatables.com\/pl\/osta-taispuhutavad-liumaed-ja-huppelinnakud-eestist\/","name":"Osta t\u00e4ispuhutavad lium\u00e4ed ja h\u00fcppelinnakud Eestist - dodo-inflatables.com","isPartOf":{"@id":"https:\/\/dodo-inflatables.com\/pl\/#website"},"primaryImageOfPage":{"@id":"https:\/\/dodo-inflatables.com\/pl\/osta-taispuhutavad-liumaed-ja-huppelinnakud-eestist\/#primaryimage"},"image":{"@id":"https:\/\/dodo-inflatables.com\/pl\/osta-taispuhutavad-liumaed-ja-huppelinnakud-eestist\/#primaryimage"},"thumbnailUrl":"https:\/\/dodo-inflatables.com\/wp-content\/uploads\/2022\/01\/seperator-kleiner-1024x102.png","datePublished":"2024-03-05T15:49:21+00:00","dateModified":"2024-07-10T11:54:40+00:00","breadcrumb":{"@id":"https:\/\/dodo-inflatables.com\/pl\/osta-taispuhutavad-liumaed-ja-huppelinnakud-eestist\/#breadcrumb"},"inLanguage":"pl-PL","potentialAction":[{"@type":"ReadAction","target":["https:\/\/dodo-inflatables.com\/pl\/osta-taispuhutavad-liumaed-ja-huppelinnakud-eestist\/"]}]},{"@type":"ImageObject","inLanguage":"pl-PL","@id":"https:\/\/dodo-inflatables.com\/pl\/osta-taispuhutavad-liumaed-ja-huppelinnakud-eestist\/#primaryimage","url":"https:\/\/dodo-inflatables.com\/wp-content\/uploads\/2022\/01\/seperator-kleiner-1024x102.png","contentUrl":"https:\/\/dodo-inflatables.com\/wp-content\/uploads\/2022\/01\/seperator-kleiner-1024x102.png"},{"@type":"BreadcrumbList","@id":"https:\/\/dodo-inflatables.com\/pl\/osta-taispuhutavad-liumaed-ja-huppelinnakud-eestist\/#breadcrumb","itemListElement":[{"@type":"ListItem","position":1,"name":"Strona g\u0142\u00f3wna","item":"https:\/\/dodo-inflatables.com\/pl\/"},{"@type":"ListItem","position":2,"name":"Osta t\u00e4ispuhutavad lium\u00e4ed ja h\u00fcppelinnakud Eestist"}]},{"@type":"WebSite","@id":"https:\/\/dodo-inflatables.com\/pl\/#website","url":"https:\/\/dodo-inflatables.com\/pl\/","name":"dodo-inflatables.com","description":"Kup dmuchane zamki i atrakcje w naszym sklepie.","publisher":{"@id":"https:\/\/dodo-inflatables.com\/pl\/#organization"},"potentialAction":[{"@type":"SearchAction","target":{"@type":"EntryPoint","urlTemplate":"https:\/\/dodo-inflatables.com\/pl\/?s={search_term_string}"},"query-input":{"@type":"PropertyValueSpecification","valueRequired":true,"valueName":"search_term_string"}}],"inLanguage":"pl-PL"},{"@type":"Organization","@id":"https:\/\/dodo-inflatables.com\/pl\/#organization","name":"dodo-inflatables.com","url":"https:\/\/dodo-inflatables.com\/pl\/","logo":{"@type":"ImageObject","inLanguage":"pl-PL","@id":"https:\/\/dodo-inflatables.com\/pl\/#\/schema\/logo\/image\/","url":"https:\/\/dodo-inflatables.com\/wp-content\/uploads\/2023\/04\/cropped-cropped-cropped-Dodo-Logo.png","contentUrl":"https:\/\/dodo-inflatables.com\/wp-content\/uploads\/2023\/04\/cropped-cropped-cropped-Dodo-Logo.png","width":2996,"height":1545,"caption":"dodo-inflatables.com"},"image":{"@id":"https:\/\/dodo-inflatables.com\/pl\/#\/schema\/logo\/image\/"}}]}},"uagb_featured_image_src":{"full":false,"thumbnail":false,"medium":false,"medium_large":false,"large":false,"1536x1536":false,"2048x2048":false,"woocommerce_thumbnail":false,"woocommerce_single":false,"woocommerce_gallery_thumbnail":false},"uagb_author_info":{"display_name":"Andreas","author_link":"https:\/\/dodo-inflatables.com\/pl\/author\/andreas\/"},"uagb_comment_info":0,"uagb_excerpt":"Osta t\u00e4ispuhutavad lium\u00e4ed ja h\u00fcppelinnakud Eestist Dodo-Inflatables.com &#8211; najlepsze atrakcje w Euroopas! W zwi\u0105zku z tym, \u017ce nie jest to mo\u017cliwe, nie jest to mo\u017cliwe, aby w og\u00f3le by\u0142o to mo\u017cliwe, nie jest to mo\u017cliwe, aby w og\u00f3le by\u0142o to mo\u017cliwe, nie jest to mo\u017cliwe, aby w og\u00f3le by\u0142o to mo\u017cliwe. Na naszej stronie internetowej&hellip;","_links":{"self":[{"href":"https:\/\/dodo-inflatables.com\/pl\/wp-json\/wp\/v2\/pages\/11123","targetHints":{"allow":["GET"]}}],"collection":[{"href":"https:\/\/dodo-inflatables.com\/pl\/wp-json\/wp\/v2\/pages"}],"about":[{"href":"https:\/\/dodo-inflatables.com\/pl\/wp-json\/wp\/v2\/types\/page"}],"author":[{"embeddable":true,"href":"https:\/\/dodo-inflatables.com\/pl\/wp-json\/wp\/v2\/users\/1"}],"replies":[{"embeddable":true,"href":"https:\/\/dodo-inflatables.com\/pl\/wp-json\/wp\/v2\/comments?post=11123"}],"version-history":[{"count":2,"href":"https:\/\/dodo-inflatables.com\/pl\/wp-json\/wp\/v2\/pages\/11123\/revisions"}],"predecessor-version":[{"id":11126,"href":"https:\/\/dodo-inflatables.com\/pl\/wp-json\/wp\/v2\/pages\/11123\/revisions\/11126"}],"wp:attachment":[{"href":"https:\/\/dodo-inflatables.com\/pl\/wp-json\/wp\/v2\/media?parent=11123"}],"curies":[{"name":"wp","href":"https:\/\/api.w.org\/{rel}","templated":true}]}}