{"id":11137,"date":"2024-03-05T16:58:32","date_gmt":"2024-03-05T15:58:32","guid":{"rendered":"https:\/\/dodo-inflatables.com\/acheter-des-toboggans-gonflables-et-des-structures-gonflables-en-france\/"},"modified":"2024-07-10T13:54:35","modified_gmt":"2024-07-10T11:54:35","slug":"acheter-des-toboggans-gonflables-et-des-structures-gonflables-en-france","status":"publish","type":"page","link":"https:\/\/dodo-inflatables.com\/pl\/acheter-des-toboggans-gonflables-et-des-structures-gonflables-en-france\/","title":{"rendered":"Acheter des toboggans gonflables et des structures gonflables en France"},"content":{"rendered":"\n<h2 class=\"wp-block-heading has-text-align-center\">Acheter des toboggans gonflables et des structures gonflables en France<\/h2>\n\n<figure class=\"wp-block-image aligncenter size-large\"><a href=\"https:\/\/dodo-inflatables.com\/wp-content\/uploads\/2022\/01\/seperator-kleiner.png\"><img loading=\"lazy\" decoding=\"async\" width=\"1024\" height=\"102\" src=\"https:\/\/dodo-inflatables.com\/wp-content\/uploads\/2022\/01\/seperator-kleiner-1024x102.png\" alt=\"\" class=\"wp-image-4026\" srcset=\"https:\/\/dodo-inflatables.com\/wp-content\/uploads\/2022\/01\/seperator-kleiner-1024x102.png 1024w, https:\/\/dodo-inflatables.com\/wp-content\/uploads\/2022\/01\/seperator-kleiner-900x90.png 900w, https:\/\/dodo-inflatables.com\/wp-content\/uploads\/2022\/01\/seperator-kleiner-300x30.png 300w, https:\/\/dodo-inflatables.com\/wp-content\/uploads\/2022\/01\/seperator-kleiner-768x77.png 768w, https:\/\/dodo-inflatables.com\/wp-content\/uploads\/2022\/01\/seperator-kleiner-1536x154.png 1536w, https:\/\/dodo-inflatables.com\/wp-content\/uploads\/2022\/01\/seperator-kleiner-340x34.png 340w, https:\/\/dodo-inflatables.com\/wp-content\/uploads\/2022\/01\/seperator-kleiner.png 2000w\" sizes=\"auto, (max-width: 1024px) 100vw, 1024px\" \/><\/a><\/figure>\n\n<h3 class=\"wp-block-heading has-text-align-center\">Witamy w Dodo-Inflatables.com &#8211; naszym butiku internetowym z konstrukcjami gonflables w Europie!<\/h3>\n\n<p style=\"font-size:17px\">Skorzystaj z naszej szerokiej gamy konstrukcji gondolowych, <a href=\"https:\/\/dodo-inflatables.com\/pl\/kategoria-produktu\/zamki-bouncy\/\">gondolowych zamk\u00f3w<\/a> i <a href=\"https:\/\/dodo-inflatables.com\/pl\/kategoria-produktu\/slajdy\/\">gokart\u00f3w saneczkowych<\/a> o wysokiej jako\u015bci, kt\u00f3re stanowi\u0105 dodatkowy atut ka\u017cdej imprezy. Bez wzgl\u0119du na to, czy zale\u017cy Ci na du\u017cej konstrukcji gonflable na imprez\u0119 firmow\u0105, ma\u0142ym zamku gonflable na rocznic\u0119 dziecka, czy te\u017c konstrukcji gonflable z toboganem na \u015bwi\u0119to \u00e9t\u00e9, na pewno znajdziesz u nas to, czego potrzebujesz!<\/p>\n\n<p style=\"font-size:17px\">W naszym asortymencie znajduje si\u0119 nie tylko szeroka gama struktur gonflables, ale tak\u017ce du\u017cy zestaw <a href=\"https:\/\/dodo-inflatables.com\/pl\/kategoria-produktu\/akcesoria\/\">akcesori\u00f3w<\/a>, w tym sufleury <a href=\"https:\/\/dodo-inflatables.com\/pl\/produkt\/dmuchawa-gibbons-fp5005-15ps\/\" data-type=\"product\" data-id=\"81\">Gibbons<\/a> i <a href=\"https:\/\/dodo-inflatables.com\/pl\/produkt\/dmuchawa-huawei-reh-1-5e-15ps\/\" data-type=\"product\" data-id=\"2724\">Huawei<\/a> do struktur gonflables.<\/p>\n\n<p style=\"font-size:17px\">Wysy\u0142ka struktury gonflable i akcesori\u00f3w do Francji <strong>kosztuje 167,99 \u20ac<\/strong>. Zestaw akcesori\u00f3w do struktur gonflables kosztuje 18,99 \u20ac. W przypadku, gdy struktura gonflable jest w magazynie, zostanie ona wys\u0142ana natychmiast po otrzymaniu p\u0142atno\u015bci. Wysy\u0142ka we Francji trwa oko\u0142o <strong>4 do 6<\/strong> godzin. W naszym oddziale w Monachium, w Allemagne, mo\u017cna uzyska\u0107 dost\u0119p do opieki medycznej.<\/p>\n\n<p style=\"font-size:17px\">Wszystkie nasze konstrukcje przeno\u015bne spe\u0142niaj\u0105 surowe normy bezpiecze\u0144stwa <strong>DIN EN 14960<\/strong> i s\u0105 przystosowane do u\u017cytku prywatnego i profesjonalnego. Po przes\u0142aniu struktury gonflable otrzymasz szczeg\u00f3\u0142owy przewodnik oraz odpowiedni certyfikat dla nowej struktury gonflable.<\/p>\n\n<p style=\"font-size:17px\">Zwolnienie z TVA dla przedsi\u0119biorstw! Je\u015bli kupujesz jako firma, podaj w kasie numer wewn\u0119trznej TVA, aby m\u00f3c kupowa\u0107 bez podatku.<\/p>\n\n<p style=\"font-size:17px\">Niezale\u017cnie od tego, czy jeste\u015b osob\u0105 poszukuj\u0105c\u0105 konstrukcji gonflable na najbli\u017csz\u0105 uroczysto\u015b\u0107 rodzinn\u0105, czy te\u017c jeste\u015b profesjonalnym klientem, kt\u00f3ry chce poszerzy\u0107 swoj\u0105 ofert\u0119, nasze konstrukcje gonflables s\u0105 odpowiednie dla ca\u0142ego \u015bwiata. W rzeczywisto\u015bci wi\u0119kszo\u015b\u0107 naszych klient\u00f3w w ca\u0142ej Europie to klienci struktur gonflables, kt\u00f3rzy doceniaj\u0105 nasze produkty na wszelkiego rodzaju imprezy.<\/p>\n\n<p style=\"font-size:17px\">Z przyjemno\u015bci\u0105 odwiedzimy nasz sklep internetowy i odpowiemy na wszelkie pytania pod adresem <a href=\"mailto:contact@dodo-inflatables.com\">contact@dodo-inflatables.com<\/a> lub bezpo\u015brednio w naszym sklepie internetowym we Francji: <a href=\"https:\/\/acheter-chateau-gonflable.fr\/\">acheter-chateau-gonflable.fr<\/a>!<\/p>\n\n<div style=\"height:100px\" aria-hidden=\"true\" class=\"wp-block-spacer\"><\/div>\n","protected":false},"excerpt":{"rendered":"<p>Acheter des toboggans gonflables et des structures gonflables en France Witamy w Dodo-Inflatables.com &#8211; naszym butiku internetowym z konstrukcjami gonflables w Europie! Skorzystaj z naszej szerokiej gamy konstrukcji gondolowych, gondolowych zamk\u00f3w i gokart\u00f3w saneczkowych o wysokiej jako\u015bci, kt\u00f3re stanowi\u0105 dodatkowy atut ka\u017cdej imprezy. Bez wzgl\u0119du na to, czy zale\u017cy Ci na du\u017cej konstrukcji gonflable na [&hellip;]<\/p>\n","protected":false},"author":1,"featured_media":0,"parent":0,"menu_order":0,"comment_status":"closed","ping_status":"closed","template":"","meta":{"_acf_changed":false,"_uag_custom_page_level_css":"","site-sidebar-layout":"default","site-content-layout":"","ast-site-content-layout":"normal-width-container","site-content-style":"boxed","site-sidebar-style":"default","ast-global-header-display":"","ast-banner-title-visibility":"","ast-main-header-display":"","ast-hfb-above-header-display":"","ast-hfb-below-header-display":"","ast-hfb-mobile-header-display":"","site-post-title":"","ast-breadcrumbs-content":"","ast-featured-img":"","footer-sml-layout":"","ast-disable-related-posts":"","theme-transparent-header-meta":"","adv-header-id-meta":"4069","stick-header-meta":"","header-above-stick-meta":"","header-main-stick-meta":"","header-below-stick-meta":"","astra-migrate-meta-layouts":"default","ast-page-background-enabled":"default","ast-page-background-meta":{"desktop":{"background-color":"var(--ast-global-color-4)","background-image":"","background-repeat":"repeat","background-position":"center center","background-size":"auto","background-attachment":"scroll","background-type":"","background-media":"","overlay-type":"","overlay-color":"","overlay-opacity":"","overlay-gradient":""},"tablet":{"background-color":"","background-image":"","background-repeat":"repeat","background-position":"center center","background-size":"auto","background-attachment":"scroll","background-type":"","background-media":"","overlay-type":"","overlay-color":"","overlay-opacity":"","overlay-gradient":""},"mobile":{"background-color":"","background-image":"","background-repeat":"repeat","background-position":"center center","background-size":"auto","background-attachment":"scroll","background-type":"","background-media":"","overlay-type":"","overlay-color":"","overlay-opacity":"","overlay-gradient":""}},"ast-content-background-meta":{"desktop":{"background-color":"var(--ast-global-color-5)","background-image":"","background-repeat":"repeat","background-position":"center center","background-size":"auto","background-attachment":"scroll","background-type":"","background-media":"","overlay-type":"","overlay-color":"","overlay-opacity":"","overlay-gradient":""},"tablet":{"background-color":"var(--ast-global-color-5)","background-image":"","background-repeat":"repeat","background-position":"center center","background-size":"auto","background-attachment":"scroll","background-type":"","background-media":"","overlay-type":"","overlay-color":"","overlay-opacity":"","overlay-gradient":""},"mobile":{"background-color":"var(--ast-global-color-5)","background-image":"","background-repeat":"repeat","background-position":"center center","background-size":"auto","background-attachment":"scroll","background-type":"","background-media":"","overlay-type":"","overlay-color":"","overlay-opacity":"","overlay-gradient":""}},"footnotes":""},"class_list":["post-11137","page","type-page","status-publish","hentry"],"acf":[],"yoast_head":"<!-- This site is optimized with the Yoast SEO plugin v27.4 - https:\/\/yoast.com\/product\/yoast-seo-wordpress\/ -->\n<title>Acheter des toboggans gonflables et des structures gonflables en France - dodo-inflatables.com<\/title>\n<meta name=\"robots\" content=\"index, follow, max-snippet:-1, max-image-preview:large, max-video-preview:-1\" \/>\n<link rel=\"canonical\" href=\"https:\/\/dodo-inflatables.com\/pl\/acheter-des-toboggans-gonflables-et-des-structures-gonflables-en-france\/\" \/>\n<meta name=\"twitter:label1\" content=\"Szacowany czas czytania\" \/>\n\t<meta name=\"twitter:data1\" content=\"2 minuty\" \/>\n<script type=\"application\/ld+json\" class=\"yoast-schema-graph\">{\"@context\":\"https:\\\/\\\/schema.org\",\"@graph\":[{\"@type\":\"WebPage\",\"@id\":\"https:\\\/\\\/dodo-inflatables.com\\\/pl\\\/acheter-des-toboggans-gonflables-et-des-structures-gonflables-en-france\\\/\",\"url\":\"https:\\\/\\\/dodo-inflatables.com\\\/pl\\\/acheter-des-toboggans-gonflables-et-des-structures-gonflables-en-france\\\/\",\"name\":\"Acheter des toboggans gonflables et des structures gonflables en France - dodo-inflatables.com\",\"isPartOf\":{\"@id\":\"https:\\\/\\\/dodo-inflatables.com\\\/pl\\\/#website\"},\"primaryImageOfPage\":{\"@id\":\"https:\\\/\\\/dodo-inflatables.com\\\/pl\\\/acheter-des-toboggans-gonflables-et-des-structures-gonflables-en-france\\\/#primaryimage\"},\"image\":{\"@id\":\"https:\\\/\\\/dodo-inflatables.com\\\/pl\\\/acheter-des-toboggans-gonflables-et-des-structures-gonflables-en-france\\\/#primaryimage\"},\"thumbnailUrl\":\"https:\\\/\\\/dodo-inflatables.com\\\/wp-content\\\/uploads\\\/2022\\\/01\\\/seperator-kleiner-1024x102.png\",\"datePublished\":\"2024-03-05T15:58:32+00:00\",\"dateModified\":\"2024-07-10T11:54:35+00:00\",\"breadcrumb\":{\"@id\":\"https:\\\/\\\/dodo-inflatables.com\\\/pl\\\/acheter-des-toboggans-gonflables-et-des-structures-gonflables-en-france\\\/#breadcrumb\"},\"inLanguage\":\"pl-PL\",\"potentialAction\":[{\"@type\":\"ReadAction\",\"target\":[\"https:\\\/\\\/dodo-inflatables.com\\\/pl\\\/acheter-des-toboggans-gonflables-et-des-structures-gonflables-en-france\\\/\"]}]},{\"@type\":\"ImageObject\",\"inLanguage\":\"pl-PL\",\"@id\":\"https:\\\/\\\/dodo-inflatables.com\\\/pl\\\/acheter-des-toboggans-gonflables-et-des-structures-gonflables-en-france\\\/#primaryimage\",\"url\":\"https:\\\/\\\/dodo-inflatables.com\\\/wp-content\\\/uploads\\\/2022\\\/01\\\/seperator-kleiner-1024x102.png\",\"contentUrl\":\"https:\\\/\\\/dodo-inflatables.com\\\/wp-content\\\/uploads\\\/2022\\\/01\\\/seperator-kleiner-1024x102.png\"},{\"@type\":\"BreadcrumbList\",\"@id\":\"https:\\\/\\\/dodo-inflatables.com\\\/pl\\\/acheter-des-toboggans-gonflables-et-des-structures-gonflables-en-france\\\/#breadcrumb\",\"itemListElement\":[{\"@type\":\"ListItem\",\"position\":1,\"name\":\"Strona g\u0142\u00f3wna\",\"item\":\"https:\\\/\\\/dodo-inflatables.com\\\/pl\\\/\"},{\"@type\":\"ListItem\",\"position\":2,\"name\":\"Acheter des toboggans gonflables et des structures gonflables en France\"}]},{\"@type\":\"WebSite\",\"@id\":\"https:\\\/\\\/dodo-inflatables.com\\\/pl\\\/#website\",\"url\":\"https:\\\/\\\/dodo-inflatables.com\\\/pl\\\/\",\"name\":\"dodo-inflatables.com\",\"description\":\"Kup dmuchane zamki i atrakcje w naszym sklepie.\",\"publisher\":{\"@id\":\"https:\\\/\\\/dodo-inflatables.com\\\/pl\\\/#organization\"},\"potentialAction\":[{\"@type\":\"SearchAction\",\"target\":{\"@type\":\"EntryPoint\",\"urlTemplate\":\"https:\\\/\\\/dodo-inflatables.com\\\/pl\\\/?s={search_term_string}\"},\"query-input\":{\"@type\":\"PropertyValueSpecification\",\"valueRequired\":true,\"valueName\":\"search_term_string\"}}],\"inLanguage\":\"pl-PL\"},{\"@type\":\"Organization\",\"@id\":\"https:\\\/\\\/dodo-inflatables.com\\\/pl\\\/#organization\",\"name\":\"dodo-inflatables.com\",\"url\":\"https:\\\/\\\/dodo-inflatables.com\\\/pl\\\/\",\"logo\":{\"@type\":\"ImageObject\",\"inLanguage\":\"pl-PL\",\"@id\":\"https:\\\/\\\/dodo-inflatables.com\\\/pl\\\/#\\\/schema\\\/logo\\\/image\\\/\",\"url\":\"https:\\\/\\\/dodo-inflatables.com\\\/wp-content\\\/uploads\\\/2023\\\/04\\\/cropped-cropped-cropped-Dodo-Logo.png\",\"contentUrl\":\"https:\\\/\\\/dodo-inflatables.com\\\/wp-content\\\/uploads\\\/2023\\\/04\\\/cropped-cropped-cropped-Dodo-Logo.png\",\"width\":2996,\"height\":1545,\"caption\":\"dodo-inflatables.com\"},\"image\":{\"@id\":\"https:\\\/\\\/dodo-inflatables.com\\\/pl\\\/#\\\/schema\\\/logo\\\/image\\\/\"}}]}<\/script>\n<!-- \/ Yoast SEO plugin. -->","yoast_head_json":{"title":"Acheter des toboggans gonflables et des structures gonflables en France - dodo-inflatables.com","robots":{"index":"index","follow":"follow","max-snippet":"max-snippet:-1","max-image-preview":"max-image-preview:large","max-video-preview":"max-video-preview:-1"},"canonical":"https:\/\/dodo-inflatables.com\/pl\/acheter-des-toboggans-gonflables-et-des-structures-gonflables-en-france\/","twitter_misc":{"Szacowany czas czytania":"2 minuty"},"schema":{"@context":"https:\/\/schema.org","@graph":[{"@type":"WebPage","@id":"https:\/\/dodo-inflatables.com\/pl\/acheter-des-toboggans-gonflables-et-des-structures-gonflables-en-france\/","url":"https:\/\/dodo-inflatables.com\/pl\/acheter-des-toboggans-gonflables-et-des-structures-gonflables-en-france\/","name":"Acheter des toboggans gonflables et des structures gonflables en France - dodo-inflatables.com","isPartOf":{"@id":"https:\/\/dodo-inflatables.com\/pl\/#website"},"primaryImageOfPage":{"@id":"https:\/\/dodo-inflatables.com\/pl\/acheter-des-toboggans-gonflables-et-des-structures-gonflables-en-france\/#primaryimage"},"image":{"@id":"https:\/\/dodo-inflatables.com\/pl\/acheter-des-toboggans-gonflables-et-des-structures-gonflables-en-france\/#primaryimage"},"thumbnailUrl":"https:\/\/dodo-inflatables.com\/wp-content\/uploads\/2022\/01\/seperator-kleiner-1024x102.png","datePublished":"2024-03-05T15:58:32+00:00","dateModified":"2024-07-10T11:54:35+00:00","breadcrumb":{"@id":"https:\/\/dodo-inflatables.com\/pl\/acheter-des-toboggans-gonflables-et-des-structures-gonflables-en-france\/#breadcrumb"},"inLanguage":"pl-PL","potentialAction":[{"@type":"ReadAction","target":["https:\/\/dodo-inflatables.com\/pl\/acheter-des-toboggans-gonflables-et-des-structures-gonflables-en-france\/"]}]},{"@type":"ImageObject","inLanguage":"pl-PL","@id":"https:\/\/dodo-inflatables.com\/pl\/acheter-des-toboggans-gonflables-et-des-structures-gonflables-en-france\/#primaryimage","url":"https:\/\/dodo-inflatables.com\/wp-content\/uploads\/2022\/01\/seperator-kleiner-1024x102.png","contentUrl":"https:\/\/dodo-inflatables.com\/wp-content\/uploads\/2022\/01\/seperator-kleiner-1024x102.png"},{"@type":"BreadcrumbList","@id":"https:\/\/dodo-inflatables.com\/pl\/acheter-des-toboggans-gonflables-et-des-structures-gonflables-en-france\/#breadcrumb","itemListElement":[{"@type":"ListItem","position":1,"name":"Strona g\u0142\u00f3wna","item":"https:\/\/dodo-inflatables.com\/pl\/"},{"@type":"ListItem","position":2,"name":"Acheter des toboggans gonflables et des structures gonflables en France"}]},{"@type":"WebSite","@id":"https:\/\/dodo-inflatables.com\/pl\/#website","url":"https:\/\/dodo-inflatables.com\/pl\/","name":"dodo-inflatables.com","description":"Kup dmuchane zamki i atrakcje w naszym sklepie.","publisher":{"@id":"https:\/\/dodo-inflatables.com\/pl\/#organization"},"potentialAction":[{"@type":"SearchAction","target":{"@type":"EntryPoint","urlTemplate":"https:\/\/dodo-inflatables.com\/pl\/?s={search_term_string}"},"query-input":{"@type":"PropertyValueSpecification","valueRequired":true,"valueName":"search_term_string"}}],"inLanguage":"pl-PL"},{"@type":"Organization","@id":"https:\/\/dodo-inflatables.com\/pl\/#organization","name":"dodo-inflatables.com","url":"https:\/\/dodo-inflatables.com\/pl\/","logo":{"@type":"ImageObject","inLanguage":"pl-PL","@id":"https:\/\/dodo-inflatables.com\/pl\/#\/schema\/logo\/image\/","url":"https:\/\/dodo-inflatables.com\/wp-content\/uploads\/2023\/04\/cropped-cropped-cropped-Dodo-Logo.png","contentUrl":"https:\/\/dodo-inflatables.com\/wp-content\/uploads\/2023\/04\/cropped-cropped-cropped-Dodo-Logo.png","width":2996,"height":1545,"caption":"dodo-inflatables.com"},"image":{"@id":"https:\/\/dodo-inflatables.com\/pl\/#\/schema\/logo\/image\/"}}]}},"uagb_featured_image_src":{"full":false,"thumbnail":false,"medium":false,"medium_large":false,"large":false,"1536x1536":false,"2048x2048":false,"woocommerce_thumbnail":false,"woocommerce_single":false,"woocommerce_gallery_thumbnail":false},"uagb_author_info":{"display_name":"Andreas","author_link":"https:\/\/dodo-inflatables.com\/pl\/author\/andreas\/"},"uagb_comment_info":0,"uagb_excerpt":"Acheter des toboggans gonflables et des structures gonflables en France Witamy w Dodo-Inflatables.com &#8211; naszym butiku internetowym z konstrukcjami gonflables w Europie! Skorzystaj z naszej szerokiej gamy konstrukcji gondolowych, gondolowych zamk\u00f3w i gokart\u00f3w saneczkowych o wysokiej jako\u015bci, kt\u00f3re stanowi\u0105 dodatkowy atut ka\u017cdej imprezy. Bez wzgl\u0119du na to, czy zale\u017cy Ci na du\u017cej konstrukcji gonflable na&hellip;","_links":{"self":[{"href":"https:\/\/dodo-inflatables.com\/pl\/wp-json\/wp\/v2\/pages\/11137","targetHints":{"allow":["GET"]}}],"collection":[{"href":"https:\/\/dodo-inflatables.com\/pl\/wp-json\/wp\/v2\/pages"}],"about":[{"href":"https:\/\/dodo-inflatables.com\/pl\/wp-json\/wp\/v2\/types\/page"}],"author":[{"embeddable":true,"href":"https:\/\/dodo-inflatables.com\/pl\/wp-json\/wp\/v2\/users\/1"}],"replies":[{"embeddable":true,"href":"https:\/\/dodo-inflatables.com\/pl\/wp-json\/wp\/v2\/comments?post=11137"}],"version-history":[{"count":4,"href":"https:\/\/dodo-inflatables.com\/pl\/wp-json\/wp\/v2\/pages\/11137\/revisions"}],"predecessor-version":[{"id":16455,"href":"https:\/\/dodo-inflatables.com\/pl\/wp-json\/wp\/v2\/pages\/11137\/revisions\/16455"}],"wp:attachment":[{"href":"https:\/\/dodo-inflatables.com\/pl\/wp-json\/wp\/v2\/media?parent=11137"}],"curies":[{"name":"wp","href":"https:\/\/api.w.org\/{rel}","templated":true}]}}