{"id":11219,"date":"2024-03-04T17:43:45","date_gmt":"2024-03-04T16:43:45","guid":{"rendered":"https:\/\/dodo-inflatables.com\/kupowanie-gonitw-i-gonitw-w-skandynawii\/"},"modified":"2024-07-10T13:53:25","modified_gmt":"2024-07-10T11:53:25","slug":"kupowanie-gonitw-i-gonitw-w-skandynawii","status":"publish","type":"page","link":"https:\/\/dodo-inflatables.com\/pl\/kupowanie-gonitw-i-gonitw-w-skandynawii\/","title":{"rendered":"Kupowanie gonitw i gonitw w Skandynawii"},"content":{"rendered":"\n<h2 class=\"wp-block-heading has-text-align-center\"><strong>Kupowanie gonitw i gonitw w Skandynawii<\/strong><\/h2>\n\n<figure class=\"wp-block-image aligncenter size-large\"><a href=\"https:\/\/dodo-inflatables.com\/wp-content\/uploads\/2022\/01\/seperator-kleiner.png\"><img fetchpriority=\"high\" decoding=\"async\" width=\"1024\" height=\"102\" src=\"https:\/\/dodo-inflatables.com\/wp-content\/uploads\/2022\/01\/seperator-kleiner-1024x102.png\" alt=\"\" class=\"wp-image-4026\" srcset=\"https:\/\/dodo-inflatables.com\/wp-content\/uploads\/2022\/01\/seperator-kleiner-1024x102.png 1024w, https:\/\/dodo-inflatables.com\/wp-content\/uploads\/2022\/01\/seperator-kleiner-900x90.png 900w, https:\/\/dodo-inflatables.com\/wp-content\/uploads\/2022\/01\/seperator-kleiner-300x30.png 300w, https:\/\/dodo-inflatables.com\/wp-content\/uploads\/2022\/01\/seperator-kleiner-768x77.png 768w, https:\/\/dodo-inflatables.com\/wp-content\/uploads\/2022\/01\/seperator-kleiner-1536x154.png 1536w, https:\/\/dodo-inflatables.com\/wp-content\/uploads\/2022\/01\/seperator-kleiner-340x34.png 340w, https:\/\/dodo-inflatables.com\/wp-content\/uploads\/2022\/01\/seperator-kleiner.png 2000w\" sizes=\"(max-width: 1024px) 100vw, 1024px\" \/><\/a><\/figure>\n\n<h3 class=\"wp-block-heading has-text-align-center\">Witamy w Dodo-Inflatables.com, naszym sklepie internetowym z gontami w Europie!<\/h3>\n\n<p style=\"font-size:17px\">Zanurz si\u0119 w naszej szerokiej gamie gonfiabili o wysokiej jako\u015bci, <a href=\"https:\/\/dodo-inflatables.com\/pl\/kategoria-produktu\/zamki-bouncy\/\">castelli gonfiabili<\/a> i <a href=\"https:\/\/dodo-inflatables.com\/pl\/kategoria-produktu\/slajdy\/\">scivoli<\/a>, kt\u00f3re dodadz\u0105 co\u015b wi\u0119cej na ka\u017cd\u0105 okazj\u0119. Niezale\u017cnie od tego, czy chodzi o du\u017ce gondole na imprez\u0119 firmow\u0105, ma\u0142e gondole na festyn dla dzieci, czy te\u017c gondole ze zje\u017cd\u017calni\u0105 na imprez\u0119 okoliczno\u015bciow\u0105, z pewno\u015bci\u0105 znajdziesz co\u015b dla siebie!<\/p>\n\n<p style=\"font-size:17px\">Nasz asortyment obejmuje nie tylko r\u00f3\u017cnorodne odlewy gonfiabili, ale tak\u017ce szerok\u0105 gam\u0119 <a href=\"https:\/\/dodo-inflatables.com\/pl\/kategoria-produktu\/akcesoria\/\">akcesori\u00f3w,<\/a> w tym <a href=\"https:\/\/dodo-inflatables.com\/pl\/produkt\/dmuchawa-gibbons-fp5005-15ps\/\" data-type=\"product\" data-id=\"81\">Gibbons<\/a> i podeszwy <a href=\"https:\/\/dodo-inflatables.com\/pl\/produkt\/dmuchawa-huawei-reh-1-5e-15ps\/\" data-type=\"product\" data-id=\"2724\">Huawei<\/a> do odlew\u00f3w gonfiabili.<\/p>\n\n<p style=\"font-size:17px\">Wysy\u0142ka gondoli i zwi\u0105zanych z ni\u0105 akcesori\u00f3w do <strong>Skandynawii kosztowa\u0142a 464,00 euro<\/strong>. Je\u015bli produkt jest dost\u0119pny w magazynie, zostanie wys\u0142any natychmiast po otrzymaniu p\u0142atno\u015bci. Konsumpcja w Skandynawii wymaga oko\u0142o <strong>4-6 dni pracy<\/strong>. Mo\u017cliwe jest osobiste z\u0142o\u017cenie zam\u00f3wienia w naszym magazynie w Monako, w Niemczech.<\/p>\n\n<p style=\"font-size:17px\">Wszystkie nasze gonfiabili s\u0105 zgodne z surowymi normami bezpiecze\u0144stwa <strong>DIN EN 14960<\/strong> i nadaj\u0105 si\u0119 do u\u017cytku prywatnego i komercyjnego. Po wys\u0142aniu otrzymasz szczeg\u00f3\u0142ow\u0105 instrukcj\u0119 i odpowiedni certyfikat dla swojej nowej opony.<\/p>\n\n<p style=\"font-size:17px\">Jako klienci z kraj\u00f3w nienale\u017c\u0105cych do Unii Europejskiej, mo\u017cemy dokonywa\u0107 zakup\u00f3w bez IVA. Ceny podane w sklepie internetowym obejmuj\u0105 pocz\u0105tkowo tedesca IVA (19%), kt\u00f3ra zostanie p\u00f3\u017aniej uszczeg\u00f3\u0142owiona. Quando spedite in Svizzera, siete considerati &#8222;importatori&#8221;. Pertanto, vi verranno addebitati l&#8217;imposta sulle vendite e il dazio all&#8217;importazione svizzeri. Nasze koszty wysy\u0142ki do Skandynawii obejmuj\u0105 koszty transportu, zakwaterowania i przygotowania ABD.<\/p>\n\n<p style=\"font-size:17px\">Niezale\u017cnie od tego, czy jeste\u015b osob\u0105 prywatn\u0105 poszukuj\u0105c\u0105 gonfiabile castello na najbli\u017cszy festyn rodzinny, czy te\u017c firm\u0105 handlow\u0105, kt\u00f3ra chce poszerzy\u0107 w\u0142asn\u0105 gam\u0119, nasze gonfiabile castelli s\u0105 odpowiednie dla wszystkich. Co wi\u0119cej, wi\u0119kszo\u015b\u0107 naszych klient\u00f3w w ca\u0142ej Europie to firmy zajmuj\u0105ce si\u0119 sprzeda\u017c\u0105 odlew\u00f3w gonfiabili, kt\u00f3re doceniaj\u0105 nasze produkty do obs\u0142ugi imprez w ka\u017cdym wymiarze.<\/p>\n\n<p style=\"font-size:17px\">\u017byczymy przyjemnej nawigacji w naszym sklepie internetowym i ch\u0119tnie odpowiemy na wszystkie Twoje pytania dotycz\u0105ce contact@dodo-inflatables.com!<\/p>\n\n<div style=\"height:100px\" aria-hidden=\"true\" class=\"wp-block-spacer\"><\/div>\n","protected":false},"excerpt":{"rendered":"<p>Kupowanie gonitw i gonitw w Skandynawii Witamy w Dodo-Inflatables.com, naszym sklepie internetowym z gontami w Europie! Zanurz si\u0119 w naszej szerokiej gamie gonfiabili o wysokiej jako\u015bci, castelli gonfiabili i scivoli, kt\u00f3re dodadz\u0105 co\u015b wi\u0119cej na ka\u017cd\u0105 okazj\u0119. Niezale\u017cnie od tego, czy chodzi o du\u017ce gondole na imprez\u0119 firmow\u0105, ma\u0142e gondole na festyn dla dzieci, czy [&hellip;]<\/p>\n","protected":false},"author":1,"featured_media":0,"parent":0,"menu_order":0,"comment_status":"closed","ping_status":"closed","template":"","meta":{"_acf_changed":false,"_uag_custom_page_level_css":"","site-sidebar-layout":"default","site-content-layout":"","ast-site-content-layout":"normal-width-container","site-content-style":"boxed","site-sidebar-style":"default","ast-global-header-display":"","ast-banner-title-visibility":"","ast-main-header-display":"","ast-hfb-above-header-display":"","ast-hfb-below-header-display":"","ast-hfb-mobile-header-display":"","site-post-title":"","ast-breadcrumbs-content":"","ast-featured-img":"","footer-sml-layout":"","ast-disable-related-posts":"","theme-transparent-header-meta":"","adv-header-id-meta":"4069","stick-header-meta":"","header-above-stick-meta":"","header-main-stick-meta":"","header-below-stick-meta":"","astra-migrate-meta-layouts":"default","ast-page-background-enabled":"default","ast-page-background-meta":{"desktop":{"background-color":"var(--ast-global-color-4)","background-image":"","background-repeat":"repeat","background-position":"center center","background-size":"auto","background-attachment":"scroll","background-type":"","background-media":"","overlay-type":"","overlay-color":"","overlay-opacity":"","overlay-gradient":""},"tablet":{"background-color":"","background-image":"","background-repeat":"repeat","background-position":"center center","background-size":"auto","background-attachment":"scroll","background-type":"","background-media":"","overlay-type":"","overlay-color":"","overlay-opacity":"","overlay-gradient":""},"mobile":{"background-color":"","background-image":"","background-repeat":"repeat","background-position":"center center","background-size":"auto","background-attachment":"scroll","background-type":"","background-media":"","overlay-type":"","overlay-color":"","overlay-opacity":"","overlay-gradient":""}},"ast-content-background-meta":{"desktop":{"background-color":"var(--ast-global-color-5)","background-image":"","background-repeat":"repeat","background-position":"center center","background-size":"auto","background-attachment":"scroll","background-type":"","background-media":"","overlay-type":"","overlay-color":"","overlay-opacity":"","overlay-gradient":""},"tablet":{"background-color":"var(--ast-global-color-5)","background-image":"","background-repeat":"repeat","background-position":"center center","background-size":"auto","background-attachment":"scroll","background-type":"","background-media":"","overlay-type":"","overlay-color":"","overlay-opacity":"","overlay-gradient":""},"mobile":{"background-color":"var(--ast-global-color-5)","background-image":"","background-repeat":"repeat","background-position":"center center","background-size":"auto","background-attachment":"scroll","background-type":"","background-media":"","overlay-type":"","overlay-color":"","overlay-opacity":"","overlay-gradient":""}},"footnotes":""},"class_list":["post-11219","page","type-page","status-publish","hentry"],"acf":[],"yoast_head":"<!-- This site is optimized with the Yoast SEO plugin v27.5 - https:\/\/yoast.com\/product\/yoast-seo-wordpress\/ -->\n<title>Kupowanie gonitw i gonitw w Skandynawii - dodo-inflatables.com<\/title>\n<meta name=\"robots\" content=\"index, follow, max-snippet:-1, max-image-preview:large, max-video-preview:-1\" \/>\n<link rel=\"canonical\" href=\"https:\/\/dodo-inflatables.com\/pl\/kupowanie-gonitw-i-gonitw-w-skandynawii\/\" \/>\n<meta name=\"twitter:label1\" content=\"Szacowany czas czytania\" \/>\n\t<meta name=\"twitter:data1\" content=\"2 minuty\" \/>\n<script type=\"application\/ld+json\" class=\"yoast-schema-graph\">{\"@context\":\"https:\\\/\\\/schema.org\",\"@graph\":[{\"@type\":\"WebPage\",\"@id\":\"https:\\\/\\\/dodo-inflatables.com\\\/pl\\\/kupowanie-gonitw-i-gonitw-w-skandynawii\\\/\",\"url\":\"https:\\\/\\\/dodo-inflatables.com\\\/pl\\\/kupowanie-gonitw-i-gonitw-w-skandynawii\\\/\",\"name\":\"Kupowanie gonitw i gonitw w Skandynawii - dodo-inflatables.com\",\"isPartOf\":{\"@id\":\"https:\\\/\\\/dodo-inflatables.com\\\/pl\\\/#website\"},\"primaryImageOfPage\":{\"@id\":\"https:\\\/\\\/dodo-inflatables.com\\\/pl\\\/kupowanie-gonitw-i-gonitw-w-skandynawii\\\/#primaryimage\"},\"image\":{\"@id\":\"https:\\\/\\\/dodo-inflatables.com\\\/pl\\\/kupowanie-gonitw-i-gonitw-w-skandynawii\\\/#primaryimage\"},\"thumbnailUrl\":\"https:\\\/\\\/dodo-inflatables.com\\\/wp-content\\\/uploads\\\/2022\\\/01\\\/seperator-kleiner-1024x102.png\",\"datePublished\":\"2024-03-04T16:43:45+00:00\",\"dateModified\":\"2024-07-10T11:53:25+00:00\",\"breadcrumb\":{\"@id\":\"https:\\\/\\\/dodo-inflatables.com\\\/pl\\\/kupowanie-gonitw-i-gonitw-w-skandynawii\\\/#breadcrumb\"},\"inLanguage\":\"pl-PL\",\"potentialAction\":[{\"@type\":\"ReadAction\",\"target\":[\"https:\\\/\\\/dodo-inflatables.com\\\/pl\\\/kupowanie-gonitw-i-gonitw-w-skandynawii\\\/\"]}]},{\"@type\":\"ImageObject\",\"inLanguage\":\"pl-PL\",\"@id\":\"https:\\\/\\\/dodo-inflatables.com\\\/pl\\\/kupowanie-gonitw-i-gonitw-w-skandynawii\\\/#primaryimage\",\"url\":\"https:\\\/\\\/dodo-inflatables.com\\\/wp-content\\\/uploads\\\/2022\\\/01\\\/seperator-kleiner-1024x102.png\",\"contentUrl\":\"https:\\\/\\\/dodo-inflatables.com\\\/wp-content\\\/uploads\\\/2022\\\/01\\\/seperator-kleiner-1024x102.png\"},{\"@type\":\"BreadcrumbList\",\"@id\":\"https:\\\/\\\/dodo-inflatables.com\\\/pl\\\/kupowanie-gonitw-i-gonitw-w-skandynawii\\\/#breadcrumb\",\"itemListElement\":[{\"@type\":\"ListItem\",\"position\":1,\"name\":\"Strona g\u0142\u00f3wna\",\"item\":\"https:\\\/\\\/dodo-inflatables.com\\\/pl\\\/\"},{\"@type\":\"ListItem\",\"position\":2,\"name\":\"Kupowanie gonitw i gonitw w Skandynawii\"}]},{\"@type\":\"WebSite\",\"@id\":\"https:\\\/\\\/dodo-inflatables.com\\\/pl\\\/#website\",\"url\":\"https:\\\/\\\/dodo-inflatables.com\\\/pl\\\/\",\"name\":\"dodo-inflatables.com\",\"description\":\"Kup dmuchane zamki i atrakcje w naszym sklepie.\",\"potentialAction\":[{\"@type\":\"SearchAction\",\"target\":{\"@type\":\"EntryPoint\",\"urlTemplate\":\"https:\\\/\\\/dodo-inflatables.com\\\/pl\\\/?s={search_term_string}\"},\"query-input\":{\"@type\":\"PropertyValueSpecification\",\"valueRequired\":true,\"valueName\":\"search_term_string\"}}],\"inLanguage\":\"pl-PL\"}]}<\/script>\n<!-- \/ Yoast SEO plugin. -->","yoast_head_json":{"title":"Kupowanie gonitw i gonitw w Skandynawii - dodo-inflatables.com","robots":{"index":"index","follow":"follow","max-snippet":"max-snippet:-1","max-image-preview":"max-image-preview:large","max-video-preview":"max-video-preview:-1"},"canonical":"https:\/\/dodo-inflatables.com\/pl\/kupowanie-gonitw-i-gonitw-w-skandynawii\/","twitter_misc":{"Szacowany czas czytania":"2 minuty"},"schema":{"@context":"https:\/\/schema.org","@graph":[{"@type":"WebPage","@id":"https:\/\/dodo-inflatables.com\/pl\/kupowanie-gonitw-i-gonitw-w-skandynawii\/","url":"https:\/\/dodo-inflatables.com\/pl\/kupowanie-gonitw-i-gonitw-w-skandynawii\/","name":"Kupowanie gonitw i gonitw w Skandynawii - dodo-inflatables.com","isPartOf":{"@id":"https:\/\/dodo-inflatables.com\/pl\/#website"},"primaryImageOfPage":{"@id":"https:\/\/dodo-inflatables.com\/pl\/kupowanie-gonitw-i-gonitw-w-skandynawii\/#primaryimage"},"image":{"@id":"https:\/\/dodo-inflatables.com\/pl\/kupowanie-gonitw-i-gonitw-w-skandynawii\/#primaryimage"},"thumbnailUrl":"https:\/\/dodo-inflatables.com\/wp-content\/uploads\/2022\/01\/seperator-kleiner-1024x102.png","datePublished":"2024-03-04T16:43:45+00:00","dateModified":"2024-07-10T11:53:25+00:00","breadcrumb":{"@id":"https:\/\/dodo-inflatables.com\/pl\/kupowanie-gonitw-i-gonitw-w-skandynawii\/#breadcrumb"},"inLanguage":"pl-PL","potentialAction":[{"@type":"ReadAction","target":["https:\/\/dodo-inflatables.com\/pl\/kupowanie-gonitw-i-gonitw-w-skandynawii\/"]}]},{"@type":"ImageObject","inLanguage":"pl-PL","@id":"https:\/\/dodo-inflatables.com\/pl\/kupowanie-gonitw-i-gonitw-w-skandynawii\/#primaryimage","url":"https:\/\/dodo-inflatables.com\/wp-content\/uploads\/2022\/01\/seperator-kleiner-1024x102.png","contentUrl":"https:\/\/dodo-inflatables.com\/wp-content\/uploads\/2022\/01\/seperator-kleiner-1024x102.png"},{"@type":"BreadcrumbList","@id":"https:\/\/dodo-inflatables.com\/pl\/kupowanie-gonitw-i-gonitw-w-skandynawii\/#breadcrumb","itemListElement":[{"@type":"ListItem","position":1,"name":"Strona g\u0142\u00f3wna","item":"https:\/\/dodo-inflatables.com\/pl\/"},{"@type":"ListItem","position":2,"name":"Kupowanie gonitw i gonitw w Skandynawii"}]},{"@type":"WebSite","@id":"https:\/\/dodo-inflatables.com\/pl\/#website","url":"https:\/\/dodo-inflatables.com\/pl\/","name":"dodo-inflatables.com","description":"Kup dmuchane zamki i atrakcje w naszym sklepie.","potentialAction":[{"@type":"SearchAction","target":{"@type":"EntryPoint","urlTemplate":"https:\/\/dodo-inflatables.com\/pl\/?s={search_term_string}"},"query-input":{"@type":"PropertyValueSpecification","valueRequired":true,"valueName":"search_term_string"}}],"inLanguage":"pl-PL"}]}},"uagb_featured_image_src":{"full":false,"thumbnail":false,"medium":false,"medium_large":false,"large":false,"1536x1536":false,"2048x2048":false,"woocommerce_thumbnail":false,"woocommerce_single":false,"woocommerce_gallery_thumbnail":false},"uagb_author_info":{"display_name":"Andreas","author_link":"https:\/\/dodo-inflatables.com\/pl\/author\/andreas\/"},"uagb_comment_info":0,"uagb_excerpt":"Kupowanie gonitw i gonitw w Skandynawii Witamy w Dodo-Inflatables.com, naszym sklepie internetowym z gontami w Europie! Zanurz si\u0119 w naszej szerokiej gamie gonfiabili o wysokiej jako\u015bci, castelli gonfiabili i scivoli, kt\u00f3re dodadz\u0105 co\u015b wi\u0119cej na ka\u017cd\u0105 okazj\u0119. Niezale\u017cnie od tego, czy chodzi o du\u017ce gondole na imprez\u0119 firmow\u0105, ma\u0142e gondole na festyn dla dzieci, czy&hellip;","_links":{"self":[{"href":"https:\/\/dodo-inflatables.com\/pl\/wp-json\/wp\/v2\/pages\/11219","targetHints":{"allow":["GET"]}}],"collection":[{"href":"https:\/\/dodo-inflatables.com\/pl\/wp-json\/wp\/v2\/pages"}],"about":[{"href":"https:\/\/dodo-inflatables.com\/pl\/wp-json\/wp\/v2\/types\/page"}],"author":[{"embeddable":true,"href":"https:\/\/dodo-inflatables.com\/pl\/wp-json\/wp\/v2\/users\/1"}],"replies":[{"embeddable":true,"href":"https:\/\/dodo-inflatables.com\/pl\/wp-json\/wp\/v2\/comments?post=11219"}],"version-history":[{"count":4,"href":"https:\/\/dodo-inflatables.com\/pl\/wp-json\/wp\/v2\/pages\/11219\/revisions"}],"predecessor-version":[{"id":16383,"href":"https:\/\/dodo-inflatables.com\/pl\/wp-json\/wp\/v2\/pages\/11219\/revisions\/16383"}],"wp:attachment":[{"href":"https:\/\/dodo-inflatables.com\/pl\/wp-json\/wp\/v2\/media?parent=11219"}],"curies":[{"name":"wp","href":"https:\/\/api.w.org\/{rel}","templated":true}]}}