{"id":11222,"date":"2024-03-05T07:52:40","date_gmt":"2024-03-05T06:52:40","guid":{"rendered":"https:\/\/dodo-inflatables.com\/nakup-napihljivih-toboganov-in-nabitih-gradov-v-sloveniji\/"},"modified":"2024-07-10T13:53:17","modified_gmt":"2024-07-10T11:53:17","slug":"nakup-napihljivih-toboganov-in-nabitih-gradov-v-sloveniji","status":"publish","type":"page","link":"https:\/\/dodo-inflatables.com\/pl\/nakup-napihljivih-toboganov-in-nabitih-gradov-v-sloveniji\/","title":{"rendered":"Nakup napihljivih toboganov in nabitih gradov v Sloveniji"},"content":{"rendered":"\n<h2 class=\"wp-block-heading has-text-align-center\"><strong>Nakup napihljivih toboganov in nabitih gradov v Sloveniji<\/strong><\/h2>\n\n<figure class=\"wp-block-image aligncenter size-large\"><a href=\"https:\/\/dodo-inflatables.com\/wp-content\/uploads\/2022\/01\/seperator-kleiner.png\"><img loading=\"lazy\" decoding=\"async\" width=\"1024\" height=\"102\" src=\"https:\/\/dodo-inflatables.com\/wp-content\/uploads\/2022\/01\/seperator-kleiner-1024x102.png\" alt=\"\" class=\"wp-image-4026\" srcset=\"https:\/\/dodo-inflatables.com\/wp-content\/uploads\/2022\/01\/seperator-kleiner-1024x102.png 1024w, https:\/\/dodo-inflatables.com\/wp-content\/uploads\/2022\/01\/seperator-kleiner-900x90.png 900w, https:\/\/dodo-inflatables.com\/wp-content\/uploads\/2022\/01\/seperator-kleiner-300x30.png 300w, https:\/\/dodo-inflatables.com\/wp-content\/uploads\/2022\/01\/seperator-kleiner-768x77.png 768w, https:\/\/dodo-inflatables.com\/wp-content\/uploads\/2022\/01\/seperator-kleiner-1536x154.png 1536w, https:\/\/dodo-inflatables.com\/wp-content\/uploads\/2022\/01\/seperator-kleiner-340x34.png 340w, https:\/\/dodo-inflatables.com\/wp-content\/uploads\/2022\/01\/seperator-kleiner.png 2000w\" sizes=\"auto, (max-width: 1024px) 100vw, 1024px\" \/><\/a><\/figure>\n\n<h3 class=\"wp-block-heading has-text-align-center\">Dobrodo\u0161li na Dodo-Inflatables.com &#8211; na\u0161i spletni trgovini z napihljivimi objekti v Evropi!<\/h3>\n\n<p>Potopite se v na\u0161o bogato izbiro visokokakovostnih napihljivih izdelkov, <a href=\"https:\/\/dodo-inflatables.com\/pl\/kategoria-produktu\/zamki-bouncy\/\">napihljivih gradov<\/a> in <a href=\"https:\/\/dodo-inflatables.com\/pl\/kategoria-produktu\/slajdy\/\">toboganov<\/a>, ki bodo vsaki prilo\u017enosti dodali nekaj ve\u010d. Ne glede na to, ali i\u0161\u010dete velik napihljiv grad za poslovni dogodek, majhen napihljiv grad za otro\u0161ko rojstnodnevno zabavo ali skakalni grad s toboganom za poletno zabavo &#8211; tu boste zagotovo na\u0161li nekaj primernega!<\/p>\n\n<p>Na\u0161a ponudba ne vklju\u010duje le razli\u010dnih nabitih gradov, temve\u010d tudi \u0161iroko paleto dodatne opreme, vklju\u010dno z napihljivimi gradovi <a href=\"https:\/\/dodo-inflatables.com\/pl\/produkt\/dmuchawa-gibbons-fp5005-15ps\/\" data-type=\"product\" data-id=\"81\">Gibbons<\/a> in <a href=\"https:\/\/dodo-inflatables.com\/pl\/produkt\/dmuchawa-huawei-reh-1-5e-15ps\/\" data-type=\"product\" data-id=\"2724\">pihalniki Huawei<\/a> za napihljive gradove.<\/p>\n\n<p>Po\u0161iljka navija\u0161kega gradu in dodatkov v <strong>Slovenijo stane 194,00 EUR<\/strong>. Paket napihljivih dodatkov stane 35,00 EUR. Je\u015bli chodzi o balon na zalogi, to na pewno b\u0119dzie to mo\u017cliwe po zako\u0144czeniu gry. Dostava v Slovenijo traja pribli\u017eno <strong>4 do 6 delovnih dni<\/strong>. Napihljivko lahko sami prevzamete v na\u0161em skladi\u0161\u010du v M\u00fcnchnu v Nem\u010diji.<\/p>\n\n<p>W tym celu nale\u017cy przestrzega\u0107 r\u00f3\u017cnych standard\u00f3w normy <strong>DIN EN 14960 <\/strong>, a wi\u0119c podstawowych zasad dotycz\u0105cych zastosowa\u0144 komercyjnych. W zwi\u0105zku z tym, \u017ce jest to nowa pozycja na rynku, prosimy o zapoznanie si\u0119 z podrobn\u0105 navodila i ustrezen certifikat zanj.<\/p>\n\n<p>Oprostitev DDV za podjetja! Kupuj kot podjetje, na blagajni vpi\u0161ite svojo identifikacijsko \u0161tevilko za DDV, da bo nakup opro\u0161\u010den davka.<\/p>\n\n<p>Ne glede na to, ali ste zasebnik, ki i\u0161\u010de napihljiv grad za naslednjo dru\u017einsko zabavo, ali ste podjetje za komercialni najem, ki \u017eeli raz\u0161iriti svojo ponudbo, so na\u0161i napihljivi gradovi primerni za vse. Pravzaprav je ve\u010dina na\u0161ih strank po vsej Evropi podjetij za najem nabitih gradov, ki cenijo na\u0161e izdelke za dogodke vseh velikosti.<\/p>\n\n<p>Upamo, da boste u\u017eivali v brskanju po na\u0161i spletni trgovini, na morebitna vpra\u0161anja pa vam bomo z veseljem odgovorili na spletni strani contact@dodo-inflatables.com!<\/p>\n\n<div style=\"height:100px\" aria-hidden=\"true\" class=\"wp-block-spacer\"><\/div>\n","protected":false},"excerpt":{"rendered":"<p>Nakup napihljivih toboganov in nabitih gradov v Sloveniji Dobrodo\u0161li na Dodo-Inflatables.com &#8211; na\u0161i spletni trgovini z napihljivimi objekti v Evropi! Potopite se v na\u0161o bogato izbiro visokokakovostnih napihljivih izdelkov, napihljivih gradov in toboganov, ki bodo vsaki prilo\u017enosti dodali nekaj ve\u010d. Ne glede na to, ali i\u0161\u010dete velik napihljiv grad za poslovni dogodek, majhen napihljiv grad [&hellip;]<\/p>\n","protected":false},"author":1,"featured_media":0,"parent":0,"menu_order":0,"comment_status":"closed","ping_status":"closed","template":"","meta":{"_acf_changed":false,"_uag_custom_page_level_css":"","site-sidebar-layout":"default","site-content-layout":"","ast-site-content-layout":"normal-width-container","site-content-style":"boxed","site-sidebar-style":"default","ast-global-header-display":"","ast-banner-title-visibility":"","ast-main-header-display":"","ast-hfb-above-header-display":"","ast-hfb-below-header-display":"","ast-hfb-mobile-header-display":"","site-post-title":"","ast-breadcrumbs-content":"","ast-featured-img":"","footer-sml-layout":"","ast-disable-related-posts":"","theme-transparent-header-meta":"","adv-header-id-meta":"4069","stick-header-meta":"","header-above-stick-meta":"","header-main-stick-meta":"","header-below-stick-meta":"","astra-migrate-meta-layouts":"default","ast-page-background-enabled":"default","ast-page-background-meta":{"desktop":{"background-color":"var(--ast-global-color-4)","background-image":"","background-repeat":"repeat","background-position":"center center","background-size":"auto","background-attachment":"scroll","background-type":"","background-media":"","overlay-type":"","overlay-color":"","overlay-opacity":"","overlay-gradient":""},"tablet":{"background-color":"","background-image":"","background-repeat":"repeat","background-position":"center center","background-size":"auto","background-attachment":"scroll","background-type":"","background-media":"","overlay-type":"","overlay-color":"","overlay-opacity":"","overlay-gradient":""},"mobile":{"background-color":"","background-image":"","background-repeat":"repeat","background-position":"center center","background-size":"auto","background-attachment":"scroll","background-type":"","background-media":"","overlay-type":"","overlay-color":"","overlay-opacity":"","overlay-gradient":""}},"ast-content-background-meta":{"desktop":{"background-color":"var(--ast-global-color-5)","background-image":"","background-repeat":"repeat","background-position":"center center","background-size":"auto","background-attachment":"scroll","background-type":"","background-media":"","overlay-type":"","overlay-color":"","overlay-opacity":"","overlay-gradient":""},"tablet":{"background-color":"var(--ast-global-color-5)","background-image":"","background-repeat":"repeat","background-position":"center center","background-size":"auto","background-attachment":"scroll","background-type":"","background-media":"","overlay-type":"","overlay-color":"","overlay-opacity":"","overlay-gradient":""},"mobile":{"background-color":"var(--ast-global-color-5)","background-image":"","background-repeat":"repeat","background-position":"center center","background-size":"auto","background-attachment":"scroll","background-type":"","background-media":"","overlay-type":"","overlay-color":"","overlay-opacity":"","overlay-gradient":""}},"footnotes":""},"class_list":["post-11222","page","type-page","status-publish","hentry"],"acf":[],"yoast_head":"<!-- This site is optimized with the Yoast SEO plugin v27.3 - https:\/\/yoast.com\/product\/yoast-seo-wordpress\/ -->\n<title>Nakup napihljivih toboganov in nabitih gradov v Sloveniji - dodo-inflatables.com<\/title>\n<meta name=\"robots\" content=\"index, follow, max-snippet:-1, max-image-preview:large, max-video-preview:-1\" \/>\n<link rel=\"canonical\" href=\"https:\/\/dodo-inflatables.com\/pl\/nakup-napihljivih-toboganov-in-nabitih-gradov-v-sloveniji\/\" \/>\n<meta name=\"twitter:label1\" content=\"Szacowany czas czytania\" \/>\n\t<meta name=\"twitter:data1\" content=\"2 minuty\" \/>\n<script type=\"application\/ld+json\" class=\"yoast-schema-graph\">{\"@context\":\"https:\\\/\\\/schema.org\",\"@graph\":[{\"@type\":\"WebPage\",\"@id\":\"https:\\\/\\\/dodo-inflatables.com\\\/pl\\\/nakup-napihljivih-toboganov-in-nabitih-gradov-v-sloveniji\\\/\",\"url\":\"https:\\\/\\\/dodo-inflatables.com\\\/pl\\\/nakup-napihljivih-toboganov-in-nabitih-gradov-v-sloveniji\\\/\",\"name\":\"Nakup napihljivih toboganov in nabitih gradov v Sloveniji - dodo-inflatables.com\",\"isPartOf\":{\"@id\":\"https:\\\/\\\/dodo-inflatables.com\\\/pl\\\/#website\"},\"primaryImageOfPage\":{\"@id\":\"https:\\\/\\\/dodo-inflatables.com\\\/pl\\\/nakup-napihljivih-toboganov-in-nabitih-gradov-v-sloveniji\\\/#primaryimage\"},\"image\":{\"@id\":\"https:\\\/\\\/dodo-inflatables.com\\\/pl\\\/nakup-napihljivih-toboganov-in-nabitih-gradov-v-sloveniji\\\/#primaryimage\"},\"thumbnailUrl\":\"https:\\\/\\\/dodo-inflatables.com\\\/wp-content\\\/uploads\\\/2022\\\/01\\\/seperator-kleiner-1024x102.png\",\"datePublished\":\"2024-03-05T06:52:40+00:00\",\"dateModified\":\"2024-07-10T11:53:17+00:00\",\"breadcrumb\":{\"@id\":\"https:\\\/\\\/dodo-inflatables.com\\\/pl\\\/nakup-napihljivih-toboganov-in-nabitih-gradov-v-sloveniji\\\/#breadcrumb\"},\"inLanguage\":\"pl-PL\",\"potentialAction\":[{\"@type\":\"ReadAction\",\"target\":[\"https:\\\/\\\/dodo-inflatables.com\\\/pl\\\/nakup-napihljivih-toboganov-in-nabitih-gradov-v-sloveniji\\\/\"]}]},{\"@type\":\"ImageObject\",\"inLanguage\":\"pl-PL\",\"@id\":\"https:\\\/\\\/dodo-inflatables.com\\\/pl\\\/nakup-napihljivih-toboganov-in-nabitih-gradov-v-sloveniji\\\/#primaryimage\",\"url\":\"https:\\\/\\\/dodo-inflatables.com\\\/wp-content\\\/uploads\\\/2022\\\/01\\\/seperator-kleiner-1024x102.png\",\"contentUrl\":\"https:\\\/\\\/dodo-inflatables.com\\\/wp-content\\\/uploads\\\/2022\\\/01\\\/seperator-kleiner-1024x102.png\"},{\"@type\":\"BreadcrumbList\",\"@id\":\"https:\\\/\\\/dodo-inflatables.com\\\/pl\\\/nakup-napihljivih-toboganov-in-nabitih-gradov-v-sloveniji\\\/#breadcrumb\",\"itemListElement\":[{\"@type\":\"ListItem\",\"position\":1,\"name\":\"Strona g\u0142\u00f3wna\",\"item\":\"https:\\\/\\\/dodo-inflatables.com\\\/pl\\\/\"},{\"@type\":\"ListItem\",\"position\":2,\"name\":\"Nakup napihljivih toboganov in nabitih gradov v Sloveniji\"}]},{\"@type\":\"WebSite\",\"@id\":\"https:\\\/\\\/dodo-inflatables.com\\\/pl\\\/#website\",\"url\":\"https:\\\/\\\/dodo-inflatables.com\\\/pl\\\/\",\"name\":\"dodo-inflatables.com\",\"description\":\"Kup dmuchane zamki i atrakcje w naszym sklepie.\",\"publisher\":{\"@id\":\"https:\\\/\\\/dodo-inflatables.com\\\/pl\\\/#organization\"},\"potentialAction\":[{\"@type\":\"SearchAction\",\"target\":{\"@type\":\"EntryPoint\",\"urlTemplate\":\"https:\\\/\\\/dodo-inflatables.com\\\/pl\\\/?s={search_term_string}\"},\"query-input\":{\"@type\":\"PropertyValueSpecification\",\"valueRequired\":true,\"valueName\":\"search_term_string\"}}],\"inLanguage\":\"pl-PL\"},{\"@type\":\"Organization\",\"@id\":\"https:\\\/\\\/dodo-inflatables.com\\\/pl\\\/#organization\",\"name\":\"dodo-inflatables.com\",\"url\":\"https:\\\/\\\/dodo-inflatables.com\\\/pl\\\/\",\"logo\":{\"@type\":\"ImageObject\",\"inLanguage\":\"pl-PL\",\"@id\":\"https:\\\/\\\/dodo-inflatables.com\\\/pl\\\/#\\\/schema\\\/logo\\\/image\\\/\",\"url\":\"https:\\\/\\\/dodo-inflatables.com\\\/wp-content\\\/uploads\\\/2023\\\/04\\\/cropped-cropped-cropped-Dodo-Logo.png\",\"contentUrl\":\"https:\\\/\\\/dodo-inflatables.com\\\/wp-content\\\/uploads\\\/2023\\\/04\\\/cropped-cropped-cropped-Dodo-Logo.png\",\"width\":2996,\"height\":1545,\"caption\":\"dodo-inflatables.com\"},\"image\":{\"@id\":\"https:\\\/\\\/dodo-inflatables.com\\\/pl\\\/#\\\/schema\\\/logo\\\/image\\\/\"}}]}<\/script>\n<!-- \/ Yoast SEO plugin. -->","yoast_head_json":{"title":"Nakup napihljivih toboganov in nabitih gradov v Sloveniji - dodo-inflatables.com","robots":{"index":"index","follow":"follow","max-snippet":"max-snippet:-1","max-image-preview":"max-image-preview:large","max-video-preview":"max-video-preview:-1"},"canonical":"https:\/\/dodo-inflatables.com\/pl\/nakup-napihljivih-toboganov-in-nabitih-gradov-v-sloveniji\/","twitter_misc":{"Szacowany czas czytania":"2 minuty"},"schema":{"@context":"https:\/\/schema.org","@graph":[{"@type":"WebPage","@id":"https:\/\/dodo-inflatables.com\/pl\/nakup-napihljivih-toboganov-in-nabitih-gradov-v-sloveniji\/","url":"https:\/\/dodo-inflatables.com\/pl\/nakup-napihljivih-toboganov-in-nabitih-gradov-v-sloveniji\/","name":"Nakup napihljivih toboganov in nabitih gradov v Sloveniji - dodo-inflatables.com","isPartOf":{"@id":"https:\/\/dodo-inflatables.com\/pl\/#website"},"primaryImageOfPage":{"@id":"https:\/\/dodo-inflatables.com\/pl\/nakup-napihljivih-toboganov-in-nabitih-gradov-v-sloveniji\/#primaryimage"},"image":{"@id":"https:\/\/dodo-inflatables.com\/pl\/nakup-napihljivih-toboganov-in-nabitih-gradov-v-sloveniji\/#primaryimage"},"thumbnailUrl":"https:\/\/dodo-inflatables.com\/wp-content\/uploads\/2022\/01\/seperator-kleiner-1024x102.png","datePublished":"2024-03-05T06:52:40+00:00","dateModified":"2024-07-10T11:53:17+00:00","breadcrumb":{"@id":"https:\/\/dodo-inflatables.com\/pl\/nakup-napihljivih-toboganov-in-nabitih-gradov-v-sloveniji\/#breadcrumb"},"inLanguage":"pl-PL","potentialAction":[{"@type":"ReadAction","target":["https:\/\/dodo-inflatables.com\/pl\/nakup-napihljivih-toboganov-in-nabitih-gradov-v-sloveniji\/"]}]},{"@type":"ImageObject","inLanguage":"pl-PL","@id":"https:\/\/dodo-inflatables.com\/pl\/nakup-napihljivih-toboganov-in-nabitih-gradov-v-sloveniji\/#primaryimage","url":"https:\/\/dodo-inflatables.com\/wp-content\/uploads\/2022\/01\/seperator-kleiner-1024x102.png","contentUrl":"https:\/\/dodo-inflatables.com\/wp-content\/uploads\/2022\/01\/seperator-kleiner-1024x102.png"},{"@type":"BreadcrumbList","@id":"https:\/\/dodo-inflatables.com\/pl\/nakup-napihljivih-toboganov-in-nabitih-gradov-v-sloveniji\/#breadcrumb","itemListElement":[{"@type":"ListItem","position":1,"name":"Strona g\u0142\u00f3wna","item":"https:\/\/dodo-inflatables.com\/pl\/"},{"@type":"ListItem","position":2,"name":"Nakup napihljivih toboganov in nabitih gradov v Sloveniji"}]},{"@type":"WebSite","@id":"https:\/\/dodo-inflatables.com\/pl\/#website","url":"https:\/\/dodo-inflatables.com\/pl\/","name":"dodo-inflatables.com","description":"Kup dmuchane zamki i atrakcje w naszym sklepie.","publisher":{"@id":"https:\/\/dodo-inflatables.com\/pl\/#organization"},"potentialAction":[{"@type":"SearchAction","target":{"@type":"EntryPoint","urlTemplate":"https:\/\/dodo-inflatables.com\/pl\/?s={search_term_string}"},"query-input":{"@type":"PropertyValueSpecification","valueRequired":true,"valueName":"search_term_string"}}],"inLanguage":"pl-PL"},{"@type":"Organization","@id":"https:\/\/dodo-inflatables.com\/pl\/#organization","name":"dodo-inflatables.com","url":"https:\/\/dodo-inflatables.com\/pl\/","logo":{"@type":"ImageObject","inLanguage":"pl-PL","@id":"https:\/\/dodo-inflatables.com\/pl\/#\/schema\/logo\/image\/","url":"https:\/\/dodo-inflatables.com\/wp-content\/uploads\/2023\/04\/cropped-cropped-cropped-Dodo-Logo.png","contentUrl":"https:\/\/dodo-inflatables.com\/wp-content\/uploads\/2023\/04\/cropped-cropped-cropped-Dodo-Logo.png","width":2996,"height":1545,"caption":"dodo-inflatables.com"},"image":{"@id":"https:\/\/dodo-inflatables.com\/pl\/#\/schema\/logo\/image\/"}}]}},"uagb_featured_image_src":{"full":false,"thumbnail":false,"medium":false,"medium_large":false,"large":false,"1536x1536":false,"2048x2048":false,"woocommerce_thumbnail":false,"woocommerce_single":false,"woocommerce_gallery_thumbnail":false},"uagb_author_info":{"display_name":"Andreas","author_link":"https:\/\/dodo-inflatables.com\/pl\/author\/andreas\/"},"uagb_comment_info":0,"uagb_excerpt":"Nakup napihljivih toboganov in nabitih gradov v Sloveniji Dobrodo\u0161li na Dodo-Inflatables.com &#8211; na\u0161i spletni trgovini z napihljivimi objekti v Evropi! Potopite se v na\u0161o bogato izbiro visokokakovostnih napihljivih izdelkov, napihljivih gradov in toboganov, ki bodo vsaki prilo\u017enosti dodali nekaj ve\u010d. Ne glede na to, ali i\u0161\u010dete velik napihljiv grad za poslovni dogodek, majhen napihljiv grad&hellip;","_links":{"self":[{"href":"https:\/\/dodo-inflatables.com\/pl\/wp-json\/wp\/v2\/pages\/11222","targetHints":{"allow":["GET"]}}],"collection":[{"href":"https:\/\/dodo-inflatables.com\/pl\/wp-json\/wp\/v2\/pages"}],"about":[{"href":"https:\/\/dodo-inflatables.com\/pl\/wp-json\/wp\/v2\/types\/page"}],"author":[{"embeddable":true,"href":"https:\/\/dodo-inflatables.com\/pl\/wp-json\/wp\/v2\/users\/1"}],"replies":[{"embeddable":true,"href":"https:\/\/dodo-inflatables.com\/pl\/wp-json\/wp\/v2\/comments?post=11222"}],"version-history":[{"count":4,"href":"https:\/\/dodo-inflatables.com\/pl\/wp-json\/wp\/v2\/pages\/11222\/revisions"}],"predecessor-version":[{"id":16354,"href":"https:\/\/dodo-inflatables.com\/pl\/wp-json\/wp\/v2\/pages\/11222\/revisions\/16354"}],"wp:attachment":[{"href":"https:\/\/dodo-inflatables.com\/pl\/wp-json\/wp\/v2\/media?parent=11222"}],"curies":[{"name":"wp","href":"https:\/\/api.w.org\/{rel}","templated":true}]}}