{"id":11245,"date":"2023-12-15T18:04:24","date_gmt":"2023-12-15T17:04:24","guid":{"rendered":"https:\/\/dodo-inflatables.com\/najczesciej-zadawane-pytania\/"},"modified":"2024-07-18T07:08:52","modified_gmt":"2024-07-18T05:08:52","slug":"najczesciej-zadawane-pytania","status":"publish","type":"page","link":"https:\/\/dodo-inflatables.com\/pl\/najczesciej-zadawane-pytania\/","title":{"rendered":"Najcz\u0119\u015bciej zadawane pytania"},"content":{"rendered":"\n<div style=\"height:79px\" aria-hidden=\"true\" class=\"wp-block-spacer\"><\/div>\n\n<h2 class=\"wp-block-heading has-text-align-center\">Cz\u0119sto zadawane pytania<\/h2>\n\n<div style=\"height:38px\" aria-hidden=\"true\" class=\"wp-block-spacer\"><\/div>\n<div class=\"wp-block-uagb-faq uagb-faq__outer-wrap uagb-block-26519e15 uagb-faq-icon-row uagb-faq-layout-accordion uagb-faq-expand-first-true uagb-faq-inactive-other-true uagb-faq__wrap uagb-buttons-layout-wrap uagb-faq-equal-height     \" data-faqtoggle=\"true\" role=\"tablist\"><div class=\"wp-block-uagb-faq-child uagb-faq-child__outer-wrap uagb-faq-item uagb-block-870a750c \" role=\"tab\" tabindex=\"0\"><div class=\"uagb-faq-questions-button uagb-faq-questions\">\t\t\t<span class=\"uagb-icon uagb-faq-icon-wrap\">\n\t\t\t\t\t\t\t\t<svg xmlns=\"https:\/\/www.w3.org\/2000\/svg\" viewBox= \"0 0 448 512\"><path d=\"M432 256c0 17.69-14.33 32.01-32 32.01H256v144c0 17.69-14.33 31.99-32 31.99s-32-14.3-32-31.99v-144H48c-17.67 0-32-14.32-32-32.01s14.33-31.99 32-31.99H192v-144c0-17.69 14.33-32.01 32-32.01s32 14.32 32 32.01v144h144C417.7 224 432 238.3 432 256z\"><\/path><\/svg>\n\t\t\t\t\t\t\t<\/span>\n\t\t\t\t\t\t<span class=\"uagb-icon-active uagb-faq-icon-wrap\">\n\t\t\t\t\t\t\t\t<svg xmlns=\"https:\/\/www.w3.org\/2000\/svg\" viewBox= \"0 0 448 512\"><path d=\"M400 288h-352c-17.69 0-32-14.32-32-32.01s14.31-31.99 32-31.99h352c17.69 0 32 14.3 32 31.99S417.7 288 400 288z\"><\/path><\/svg>\n\t\t\t\t\t\t\t<\/span>\n\t\t\t<span class=\"uagb-question\"><strong>Czy zamek do skakania, kt\u00f3ry chcesz kupi\u0107, jest zawsze wyprzedany, a podany czas dostawy ci\u0105gle si\u0119 przesuwa?<\/strong><\/span><\/div><div class=\"uagb-faq-content\"><p>Poniewa\u017c popyt jest prawie zawsze wy\u017cszy ni\u017c poda\u017c, pracujemy g\u0142\u00f3wnie z zam\u00f3wieniami w przedsprzeda\u017cy. Je\u015bli wybra\u0142e\u015b dmuchany zamek, kt\u00f3ry nie jest dost\u0119pny od r\u0119ki, ale jest w magazynie, najlepiej zam\u00f3wi\u0107 go w przedsprzeda\u017cy. Prawie nigdy nie mamy w magazynie szczeg\u00f3lnie popularnych modeli, poniewa\u017c zawsze s\u0105 one wyprzedane, zanim do nas dotr\u0105.<br>Mo\u017cesz po prostu z\u0142o\u017cy\u0107 zam\u00f3wienie w sklepie, a je\u015bli dmuchanego zamku nie ma w magazynie, Twoje zam\u00f3wienie zostanie automatycznie zarejestrowane jako zam\u00f3wienie w przedsprzeda\u017cy. Mo\u017cesz r\u00f3wnie\u017c wys\u0142a\u0107 do nas wiadomo\u015b\u0107 e-mail z zam\u00f3wieniem. Gdy tylko b\u0119dziemy w stanie przewidzie\u0107 dat\u0119 dostawy, poinformujemy Ci\u0119 o tym, aby\u015b m\u00f3g\u0142 dokona\u0107 p\u0142atno\u015bci na czas.<\/p><\/div><\/div><div class=\"wp-block-uagb-faq-child uagb-faq-child__outer-wrap uagb-faq-item uagb-block-8d8ddae3 \" role=\"tab\" tabindex=\"0\"><div class=\"uagb-faq-questions-button uagb-faq-questions\">\t\t\t<span class=\"uagb-icon uagb-faq-icon-wrap\">\n\t\t\t\t\t\t\t\t<svg xmlns=\"https:\/\/www.w3.org\/2000\/svg\" viewBox= \"0 0 448 512\"><path d=\"M432 256c0 17.69-14.33 32.01-32 32.01H256v144c0 17.69-14.33 31.99-32 31.99s-32-14.3-32-31.99v-144H48c-17.67 0-32-14.32-32-32.01s14.33-31.99 32-31.99H192v-144c0-17.69 14.33-32.01 32-32.01s32 14.32 32 32.01v144h144C417.7 224 432 238.3 432 256z\"><\/path><\/svg>\n\t\t\t\t\t\t\t<\/span>\n\t\t\t\t\t\t<span class=\"uagb-icon-active uagb-faq-icon-wrap\">\n\t\t\t\t\t\t\t\t<svg xmlns=\"https:\/\/www.w3.org\/2000\/svg\" viewBox= \"0 0 448 512\"><path d=\"M400 288h-352c-17.69 0-32-14.32-32-32.01s14.31-31.99 32-31.99h352c17.69 0 32 14.3 32 31.99S417.7 288 400 288z\"><\/path><\/svg>\n\t\t\t\t\t\t\t<\/span>\n\t\t\t<span class=\"uagb-question\"><strong>Czy zam\u00f3wi\u0142e\u015b dmuchany zamek, a okre\u015blony czas dostawy coraz bardziej si\u0119 przesuwa?<\/strong><\/span><\/div><div class=\"uagb-faq-content\"><p>Bez obaw! Zarejestrowali\u015bmy Twoje zam\u00f3wienie przedpremierowe i zaplanowali\u015bmy je dla nas. Czas dostawy podany w sklepie to zawsze czas, w kt\u00f3rym najbli\u017cszy dost\u0119pny dmuchany zamek by\u0142by dost\u0119pny, gdyby zam\u00f3wienie zosta\u0142o z\u0142o\u017cone teraz.<\/p><\/div><\/div><div class=\"wp-block-uagb-faq-child uagb-faq-child__outer-wrap uagb-faq-item uagb-block-3d56f3eb \" role=\"tab\" tabindex=\"0\"><div class=\"uagb-faq-questions-button uagb-faq-questions\">\t\t\t<span class=\"uagb-icon uagb-faq-icon-wrap\">\n\t\t\t\t\t\t\t\t<svg xmlns=\"https:\/\/www.w3.org\/2000\/svg\" viewBox= \"0 0 448 512\"><path d=\"M432 256c0 17.69-14.33 32.01-32 32.01H256v144c0 17.69-14.33 31.99-32 31.99s-32-14.3-32-31.99v-144H48c-17.67 0-32-14.32-32-32.01s14.33-31.99 32-31.99H192v-144c0-17.69 14.33-32.01 32-32.01s32 14.32 32 32.01v144h144C417.7 224 432 238.3 432 256z\"><\/path><\/svg>\n\t\t\t\t\t\t\t<\/span>\n\t\t\t\t\t\t<span class=\"uagb-icon-active uagb-faq-icon-wrap\">\n\t\t\t\t\t\t\t\t<svg xmlns=\"https:\/\/www.w3.org\/2000\/svg\" viewBox= \"0 0 448 512\"><path d=\"M400 288h-352c-17.69 0-32-14.32-32-32.01s14.31-31.99 32-31.99h352c17.69 0 32 14.3 32 31.99S417.7 288 400 288z\"><\/path><\/svg>\n\t\t\t\t\t\t\t<\/span>\n\t\t\t<span class=\"uagb-question\"><strong>Jak d\u0142uga jest gwarancja na nasze pontony?<\/strong><\/span><\/div><div class=\"uagb-faq-content\"><p>Oferujemy wymagan\u0105 prawem gwarancj\u0119 na wady materia\u0142owe i wykonawcze. Okres ten wynosi 24 miesi\u0105ce dla klient\u00f3w prywatnych i 12 miesi\u0119cy dla klient\u00f3w komercyjnych. Nale\u017cy jednak pami\u0119ta\u0107, \u017ce uszkodzenia spowodowane normalnym zu\u017cyciem, brakiem opieki lub niew\u0142a\u015bciwym u\u017cytkowaniem s\u0105 wykluczone. Upewnij si\u0119, \u017ce dobrze dbasz o sw\u00f3j dmuchany zamek i post\u0119pujesz zgodnie z za\u0142\u0105czonymi instrukcjami u\u017cytkowania.<\/p><\/div><\/div><div class=\"wp-block-uagb-faq-child uagb-faq-child__outer-wrap uagb-faq-item uagb-block-0b20eca9 \" role=\"tab\" tabindex=\"0\"><div class=\"uagb-faq-questions-button uagb-faq-questions\">\t\t\t<span class=\"uagb-icon uagb-faq-icon-wrap\">\n\t\t\t\t\t\t\t\t<svg xmlns=\"https:\/\/www.w3.org\/2000\/svg\" viewBox= \"0 0 448 512\"><path d=\"M432 256c0 17.69-14.33 32.01-32 32.01H256v144c0 17.69-14.33 31.99-32 31.99s-32-14.3-32-31.99v-144H48c-17.67 0-32-14.32-32-32.01s14.33-31.99 32-31.99H192v-144c0-17.69 14.33-32.01 32-32.01s32 14.32 32 32.01v144h144C417.7 224 432 238.3 432 256z\"><\/path><\/svg>\n\t\t\t\t\t\t\t<\/span>\n\t\t\t\t\t\t<span class=\"uagb-icon-active uagb-faq-icon-wrap\">\n\t\t\t\t\t\t\t\t<svg xmlns=\"https:\/\/www.w3.org\/2000\/svg\" viewBox= \"0 0 448 512\"><path d=\"M400 288h-352c-17.69 0-32-14.32-32-32.01s14.31-31.99 32-31.99h352c17.69 0 32 14.3 32 31.99S417.7 288 400 288z\"><\/path><\/svg>\n\t\t\t\t\t\t\t<\/span>\n\t\t\t<span class=\"uagb-question\"><strong>Czy dmuchany zamek mo\u017ce zosta\u0107 dostarczony wcze\u015bniej lub p\u00f3\u017aniej ni\u017c podany czas dostawy?<\/strong><\/span><\/div><div class=\"uagb-faq-content\"><p>Zawsze planujemy dostaw\u0119 z du\u017cym zapasem. Z regu\u0142y, je\u015bli wszystko p\u00f3jdzie g\u0142adko, dmuchany zamek dociera w pierwszym wymienionym miesi\u0105cu, a czasem nawet wcze\u015bniej. Je\u015bli wyst\u0105pi\u0105 pewne op\u00f3\u017anienia, b\u0119dzie to raczej pocz\u0105tek lub po\u0142owa drugiego miesi\u0105ca.<br>Niestety, mo\u017cna zaplanowa\u0107 niesko\u0144czon\u0105 ilo\u015b\u0107 bufora, ale je\u015bli wszystko na \u015bwiecie p\u00f3jdzie nie tak, w wyj\u0105tkowych przypadkach czas dostawy mo\u017ce zosta\u0107 przekroczony. Ale jak ju\u017c wspomniano, jest to rzadki, wyj\u0105tkowy przypadek.<\/p><\/div><\/div><div class=\"wp-block-uagb-faq-child uagb-faq-child__outer-wrap uagb-faq-item uagb-block-53e65bb7 \" role=\"tab\" tabindex=\"0\"><div class=\"uagb-faq-questions-button uagb-faq-questions\">\t\t\t<span class=\"uagb-icon uagb-faq-icon-wrap\">\n\t\t\t\t\t\t\t\t<svg xmlns=\"https:\/\/www.w3.org\/2000\/svg\" viewBox= \"0 0 448 512\"><path d=\"M432 256c0 17.69-14.33 32.01-32 32.01H256v144c0 17.69-14.33 31.99-32 31.99s-32-14.3-32-31.99v-144H48c-17.67 0-32-14.32-32-32.01s14.33-31.99 32-31.99H192v-144c0-17.69 14.33-32.01 32-32.01s32 14.32 32 32.01v144h144C417.7 224 432 238.3 432 256z\"><\/path><\/svg>\n\t\t\t\t\t\t\t<\/span>\n\t\t\t\t\t\t<span class=\"uagb-icon-active uagb-faq-icon-wrap\">\n\t\t\t\t\t\t\t\t<svg xmlns=\"https:\/\/www.w3.org\/2000\/svg\" viewBox= \"0 0 448 512\"><path d=\"M400 288h-352c-17.69 0-32-14.32-32-32.01s14.31-31.99 32-31.99h352c17.69 0 32 14.3 32 31.99S417.7 288 400 288z\"><\/path><\/svg>\n\t\t\t\t\t\t\t<\/span>\n\t\t\t<span class=\"uagb-question\"><strong>Co oznacza czas dostawy &#8222;Brak w magazynie &#8211; Na \u017c\u0105danie&#8221;?<\/strong><\/span><\/div><div class=\"uagb-faq-content\"><p>W przypadku zamk\u00f3w do skakania z tym terminem dostawy wszystkie nadchodz\u0105ce zamki zosta\u0142y ju\u017c zam\u00f3wione w przedsprzeda\u017cy lub nie mamy du\u017cego popytu i dlatego usun\u0119li\u015bmy je ze sta\u0142ej oferty. Je\u015bli chcesz je mie\u0107, mo\u017cesz zam\u00f3wi\u0107 je u nas w przedsprzeda\u017cy. Nast\u0119pnie zostanie on wykonany na zam\u00f3wienie. Czas dostawy (w zale\u017cno\u015bci od sezonu) powinien wynosi\u0107 ok. 5 &#8211; 6 miesi\u0119cy.<\/p><\/div><\/div><div class=\"wp-block-uagb-faq-child uagb-faq-child__outer-wrap uagb-faq-item uagb-block-37a26ef9 \" role=\"tab\" tabindex=\"0\"><div class=\"uagb-faq-questions-button uagb-faq-questions\">\t\t\t<span class=\"uagb-icon uagb-faq-icon-wrap\">\n\t\t\t\t\t\t\t\t<svg xmlns=\"https:\/\/www.w3.org\/2000\/svg\" viewBox= \"0 0 448 512\"><path d=\"M432 256c0 17.69-14.33 32.01-32 32.01H256v144c0 17.69-14.33 31.99-32 31.99s-32-14.3-32-31.99v-144H48c-17.67 0-32-14.32-32-32.01s14.33-31.99 32-31.99H192v-144c0-17.69 14.33-32.01 32-32.01s32 14.32 32 32.01v144h144C417.7 224 432 238.3 432 256z\"><\/path><\/svg>\n\t\t\t\t\t\t\t<\/span>\n\t\t\t\t\t\t<span class=\"uagb-icon-active uagb-faq-icon-wrap\">\n\t\t\t\t\t\t\t\t<svg xmlns=\"https:\/\/www.w3.org\/2000\/svg\" viewBox= \"0 0 448 512\"><path d=\"M400 288h-352c-17.69 0-32-14.32-32-32.01s14.31-31.99 32-31.99h352c17.69 0 32 14.3 32 31.99S417.7 288 400 288z\"><\/path><\/svg>\n\t\t\t\t\t\t\t<\/span>\n\t\t\t<span class=\"uagb-question\"><strong>Jak d\u0142ugo trwa dostawa?<\/strong><\/span><\/div><div class=\"uagb-faq-content\"><p>Je\u015bli p\u0142atno\u015b\u0107 zostanie otrzymana dzisiaj, mo\u017cemy zapakowa\u0107 dmuchany zamek bezpo\u015brednio i przekaza\u0107 go firmie spedycyjnej jutro. Nast\u0119pnie wysy\u0142ka trwa ok. 2-3 dni robocze.<br>Przed z\u0142o\u017ceniem zam\u00f3wienia nale\u017cy sprawdzi\u0107 czas dostawy podany dla wybranego dmuchanego zamku. Najlepiej od\u015bwie\u017ca\u0107 stron\u0119, poniewa\u017c czas dostawy mo\u017ce zmienia\u0107 si\u0119 co godzin\u0119.<\/p><\/div><\/div><div class=\"wp-block-uagb-faq-child uagb-faq-child__outer-wrap uagb-faq-item uagb-block-1c1c42ec \" role=\"tab\" tabindex=\"0\"><div class=\"uagb-faq-questions-button uagb-faq-questions\">\t\t\t<span class=\"uagb-icon uagb-faq-icon-wrap\">\n\t\t\t\t\t\t\t\t<svg xmlns=\"https:\/\/www.w3.org\/2000\/svg\" viewBox= \"0 0 448 512\"><path d=\"M432 256c0 17.69-14.33 32.01-32 32.01H256v144c0 17.69-14.33 31.99-32 31.99s-32-14.3-32-31.99v-144H48c-17.67 0-32-14.32-32-32.01s14.33-31.99 32-31.99H192v-144c0-17.69 14.33-32.01 32-32.01s32 14.32 32 32.01v144h144C417.7 224 432 238.3 432 256z\"><\/path><\/svg>\n\t\t\t\t\t\t\t<\/span>\n\t\t\t\t\t\t<span class=\"uagb-icon-active uagb-faq-icon-wrap\">\n\t\t\t\t\t\t\t\t<svg xmlns=\"https:\/\/www.w3.org\/2000\/svg\" viewBox= \"0 0 448 512\"><path d=\"M400 288h-352c-17.69 0-32-14.32-32-32.01s14.31-31.99 32-31.99h352c17.69 0 32 14.3 32 31.99S417.7 288 400 288z\"><\/path><\/svg>\n\t\t\t\t\t\t\t<\/span>\n\t\t\t<span class=\"uagb-question\"><strong>Jak d\u0142ugo \u015brednio wytrzymuje dmuchany zamek?<\/strong><\/span><\/div><div class=\"uagb-faq-content\"><p>W du\u017cej mierze zale\u017cy to od sposobu u\u017cytkowania i konserwacji dmuchanego zamku. Z regu\u0142y dmuchany zamek przetrwa wiele lat, je\u015bli b\u0119dzie dobrze piel\u0119gnowany. Nale\u017cy zapozna\u0107 si\u0119 z informacjami zawartymi w instrukcji obs\u0142ugi.<br>Jednak nasi klienci komercyjni cz\u0119sto wymieniaj\u0105 swoje zamki do skakania co kilka lat, aby zachwyci\u0107 swoich klient\u00f3w nowymi modelami. Ponadto u\u017cywany dmuchany zamek nadal ma wysok\u0105 warto\u015b\u0107 odsprzeda\u017cy.<\/p><\/div><\/div><div class=\"wp-block-uagb-faq-child uagb-faq-child__outer-wrap uagb-faq-item uagb-block-ff0c1f1c \" role=\"tab\" tabindex=\"0\"><div class=\"uagb-faq-questions-button uagb-faq-questions\">\t\t\t<span class=\"uagb-icon uagb-faq-icon-wrap\">\n\t\t\t\t\t\t\t\t<svg xmlns=\"https:\/\/www.w3.org\/2000\/svg\" viewBox= \"0 0 448 512\"><path d=\"M432 256c0 17.69-14.33 32.01-32 32.01H256v144c0 17.69-14.33 31.99-32 31.99s-32-14.3-32-31.99v-144H48c-17.67 0-32-14.32-32-32.01s14.33-31.99 32-31.99H192v-144c0-17.69 14.33-32.01 32-32.01s32 14.32 32 32.01v144h144C417.7 224 432 238.3 432 256z\"><\/path><\/svg>\n\t\t\t\t\t\t\t<\/span>\n\t\t\t\t\t\t<span class=\"uagb-icon-active uagb-faq-icon-wrap\">\n\t\t\t\t\t\t\t\t<svg xmlns=\"https:\/\/www.w3.org\/2000\/svg\" viewBox= \"0 0 448 512\"><path d=\"M400 288h-352c-17.69 0-32-14.32-32-32.01s14.31-31.99 32-31.99h352c17.69 0 32 14.3 32 31.99S417.7 288 400 288z\"><\/path><\/svg>\n\t\t\t\t\t\t\t<\/span>\n\t\t\t<span class=\"uagb-question\"><strong>Czy samodzielne zbieranie danych jest mo\u017cliwe?<\/strong><\/span><\/div><div class=\"uagb-faq-content\"><p>Zapraszamy r\u00f3wnie\u017c do samodzielnego odbioru zam\u00f3wionego u nas dmuchanego zamku.\nNasz magazyn znajduje si\u0119 w Gilching, na zach\u00f3d od Monachium.  Pami\u0119taj, aby um\u00f3wi\u0107 si\u0119 z nami na odbi\u00f3r, poniewa\u017c nasz magazyn nie jest obs\u0142ugiwany przez ca\u0142y czas.<\/p><\/div><\/div><div class=\"wp-block-uagb-faq-child uagb-faq-child__outer-wrap uagb-faq-item uagb-block-af23d7c6 \" role=\"tab\" tabindex=\"0\"><div class=\"uagb-faq-questions-button uagb-faq-questions\">\t\t\t<span class=\"uagb-icon uagb-faq-icon-wrap\">\n\t\t\t\t\t\t\t\t<svg xmlns=\"https:\/\/www.w3.org\/2000\/svg\" viewBox= \"0 0 448 512\"><path d=\"M432 256c0 17.69-14.33 32.01-32 32.01H256v144c0 17.69-14.33 31.99-32 31.99s-32-14.3-32-31.99v-144H48c-17.67 0-32-14.32-32-32.01s14.33-31.99 32-31.99H192v-144c0-17.69 14.33-32.01 32-32.01s32 14.32 32 32.01v144h144C417.7 224 432 238.3 432 256z\"><\/path><\/svg>\n\t\t\t\t\t\t\t<\/span>\n\t\t\t\t\t\t<span class=\"uagb-icon-active uagb-faq-icon-wrap\">\n\t\t\t\t\t\t\t\t<svg xmlns=\"https:\/\/www.w3.org\/2000\/svg\" viewBox= \"0 0 448 512\"><path d=\"M400 288h-352c-17.69 0-32-14.32-32-32.01s14.31-31.99 32-31.99h352c17.69 0 32 14.3 32 31.99S417.7 288 400 288z\"><\/path><\/svg>\n\t\t\t\t\t\t\t<\/span>\n\t\t\t<span class=\"uagb-question\"><strong>Czy nasze zamki do skakania s\u0105 testowane?<\/strong><\/span><\/div><div class=\"uagb-faq-content\"><p>Wszystkie pontony s\u0105 produkowane i testowane zgodnie z norm\u0105 DIN EN 14960. Po dokonaniu zakupu otrzymasz e-mailem przewodnik zawieraj\u0105cy wszystkie wa\u017cne wskaz\u00f3wki. Znajdziesz tam r\u00f3wnie\u017c certyfikat.<\/p><\/div><\/div><div class=\"wp-block-uagb-faq-child uagb-faq-child__outer-wrap uagb-faq-item uagb-block-7d02841e \" role=\"tab\" tabindex=\"0\"><div class=\"uagb-faq-questions-button uagb-faq-questions\">\t\t\t<span class=\"uagb-icon uagb-faq-icon-wrap\">\n\t\t\t\t\t\t\t\t<svg xmlns=\"https:\/\/www.w3.org\/2000\/svg\" viewBox= \"0 0 448 512\"><path d=\"M432 256c0 17.69-14.33 32.01-32 32.01H256v144c0 17.69-14.33 31.99-32 31.99s-32-14.3-32-31.99v-144H48c-17.67 0-32-14.32-32-32.01s14.33-31.99 32-31.99H192v-144c0-17.69 14.33-32.01 32-32.01s32 14.32 32 32.01v144h144C417.7 224 432 238.3 432 256z\"><\/path><\/svg>\n\t\t\t\t\t\t\t<\/span>\n\t\t\t\t\t\t<span class=\"uagb-icon-active uagb-faq-icon-wrap\">\n\t\t\t\t\t\t\t\t<svg xmlns=\"https:\/\/www.w3.org\/2000\/svg\" viewBox= \"0 0 448 512\"><path d=\"M400 288h-352c-17.69 0-32-14.32-32-32.01s14.31-31.99 32-31.99h352c17.69 0 32 14.3 32 31.99S417.7 288 400 288z\"><\/path><\/svg>\n\t\t\t\t\t\t\t<\/span>\n\t\t\t<span class=\"uagb-question\"><strong>Czy doro\u015bli r\u00f3wnie\u017c mog\u0105 korzysta\u0107 z dmucha\u0144c\u00f3w?<\/strong><\/span><\/div><div class=\"uagb-faq-content\"><p>Nie! Nasze zamki do skakania s\u0105 budowane i zatwierdzane wy\u0142\u0105cznie dla dzieci. Wysoko\u015bci \u015bcian itp. sprawdzane podczas certyfikacji s\u0105 r\u00f3wnie\u017c przeznaczone tylko dla dzieci do maksymalnie 1,50 m. Du\u017ce obci\u0105\u017cenie punktowe ci\u0119\u017carem osoby doros\u0142ej mo\u017ce skr\u00f3ci\u0107 \u017cywotno\u015b\u0107 dmuchanego zamku.<\/p><\/div><\/div><\/div>\n<div style=\"height:79px\" aria-hidden=\"true\" class=\"wp-block-spacer\"><\/div>\n","protected":false},"excerpt":{"rendered":"<p>Cz\u0119sto zadawane pytania<\/p>\n","protected":false},"author":1,"featured_media":0,"parent":0,"menu_order":0,"comment_status":"closed","ping_status":"closed","template":"","meta":{"_acf_changed":false,"_uag_custom_page_level_css":"","site-sidebar-layout":"default","site-content-layout":"","ast-site-content-layout":"normal-width-container","site-content-style":"default","site-sidebar-style":"default","ast-global-header-display":"","ast-banner-title-visibility":"","ast-main-header-display":"","ast-hfb-above-header-display":"","ast-hfb-below-header-display":"","ast-hfb-mobile-header-display":"","site-post-title":"","ast-breadcrumbs-content":"","ast-featured-img":"","footer-sml-layout":"","ast-disable-related-posts":"","theme-transparent-header-meta":"","adv-header-id-meta":"7189","stick-header-meta":"","header-above-stick-meta":"","header-main-stick-meta":"","header-below-stick-meta":"","astra-migrate-meta-layouts":"default","ast-page-background-enabled":"default","ast-page-background-meta":{"desktop":{"background-color":"var(--ast-global-color-4)","background-image":"","background-repeat":"repeat","background-position":"center center","background-size":"auto","background-attachment":"scroll","background-type":"","background-media":"","overlay-type":"","overlay-color":"","overlay-opacity":"","overlay-gradient":""},"tablet":{"background-color":"","background-image":"","background-repeat":"repeat","background-position":"center center","background-size":"auto","background-attachment":"scroll","background-type":"","background-media":"","overlay-type":"","overlay-color":"","overlay-opacity":"","overlay-gradient":""},"mobile":{"background-color":"","background-image":"","background-repeat":"repeat","background-position":"center center","background-size":"auto","background-attachment":"scroll","background-type":"","background-media":"","overlay-type":"","overlay-color":"","overlay-opacity":"","overlay-gradient":""}},"ast-content-background-meta":{"desktop":{"background-color":"var(--ast-global-color-5)","background-image":"","background-repeat":"repeat","background-position":"center center","background-size":"auto","background-attachment":"scroll","background-type":"","background-media":"","overlay-type":"","overlay-color":"","overlay-opacity":"","overlay-gradient":""},"tablet":{"background-color":"var(--ast-global-color-5)","background-image":"","background-repeat":"repeat","background-position":"center center","background-size":"auto","background-attachment":"scroll","background-type":"","background-media":"","overlay-type":"","overlay-color":"","overlay-opacity":"","overlay-gradient":""},"mobile":{"background-color":"var(--ast-global-color-5)","background-image":"","background-repeat":"repeat","background-position":"center center","background-size":"auto","background-attachment":"scroll","background-type":"","background-media":"","overlay-type":"","overlay-color":"","overlay-opacity":"","overlay-gradient":""}},"footnotes":""},"class_list":["post-11245","page","type-page","status-publish","hentry"],"acf":[],"yoast_head":"<!-- This site is optimized with the Yoast SEO plugin v27.5 - https:\/\/yoast.com\/product\/yoast-seo-wordpress\/ -->\n<title>Masz pytania? Najcz\u0119\u015bciej zadawane pytania dotycz\u0105ce dmucha\u0144c\u00f3w Dodo<\/title>\n<meta name=\"description\" content=\"Znajd\u017a odpowiedzi na wszystkie pytania dotycz\u0105ce naszych zamk\u00f3w do skakania z certyfikatem DIN EN 14960 i rozpocz\u0119cia dzia\u0142alno\u015bci w zakresie wynajmu z Inflatables.\" \/>\n<meta name=\"robots\" content=\"index, follow, max-snippet:-1, max-image-preview:large, max-video-preview:-1\" \/>\n<link rel=\"canonical\" href=\"https:\/\/dodo-inflatables.com\/pl\/najczesciej-zadawane-pytania\/\" \/>\n<meta name=\"twitter:label1\" content=\"Szacowany czas czytania\" \/>\n\t<meta name=\"twitter:data1\" content=\"4 minuty\" \/>\n<script type=\"application\/ld+json\" class=\"yoast-schema-graph\">{\"@context\":\"https:\\\/\\\/schema.org\",\"@graph\":[{\"@type\":\"WebPage\",\"@id\":\"https:\\\/\\\/dodo-inflatables.com\\\/pl\\\/najczesciej-zadawane-pytania\\\/\",\"url\":\"https:\\\/\\\/dodo-inflatables.com\\\/pl\\\/najczesciej-zadawane-pytania\\\/\",\"name\":\"Masz pytania? Najcz\u0119\u015bciej zadawane pytania dotycz\u0105ce dmucha\u0144c\u00f3w Dodo\",\"isPartOf\":{\"@id\":\"https:\\\/\\\/dodo-inflatables.com\\\/pl\\\/#website\"},\"datePublished\":\"2023-12-15T17:04:24+00:00\",\"dateModified\":\"2024-07-18T05:08:52+00:00\",\"description\":\"Znajd\u017a odpowiedzi na wszystkie pytania dotycz\u0105ce naszych zamk\u00f3w do skakania z certyfikatem DIN EN 14960 i rozpocz\u0119cia dzia\u0142alno\u015bci w zakresie wynajmu z Inflatables.\",\"breadcrumb\":{\"@id\":\"https:\\\/\\\/dodo-inflatables.com\\\/pl\\\/najczesciej-zadawane-pytania\\\/#breadcrumb\"},\"inLanguage\":\"pl-PL\",\"potentialAction\":[{\"@type\":\"ReadAction\",\"target\":[\"https:\\\/\\\/dodo-inflatables.com\\\/pl\\\/najczesciej-zadawane-pytania\\\/\"]}]},{\"@type\":\"BreadcrumbList\",\"@id\":\"https:\\\/\\\/dodo-inflatables.com\\\/pl\\\/najczesciej-zadawane-pytania\\\/#breadcrumb\",\"itemListElement\":[{\"@type\":\"ListItem\",\"position\":1,\"name\":\"Strona g\u0142\u00f3wna\",\"item\":\"https:\\\/\\\/dodo-inflatables.com\\\/pl\\\/\"},{\"@type\":\"ListItem\",\"position\":2,\"name\":\"Najcz\u0119\u015bciej zadawane pytania\"}]},{\"@type\":\"WebSite\",\"@id\":\"https:\\\/\\\/dodo-inflatables.com\\\/pl\\\/#website\",\"url\":\"https:\\\/\\\/dodo-inflatables.com\\\/pl\\\/\",\"name\":\"dodo-inflatables.com\",\"description\":\"Kup dmuchane zamki i atrakcje w naszym sklepie.\",\"potentialAction\":[{\"@type\":\"SearchAction\",\"target\":{\"@type\":\"EntryPoint\",\"urlTemplate\":\"https:\\\/\\\/dodo-inflatables.com\\\/pl\\\/?s={search_term_string}\"},\"query-input\":{\"@type\":\"PropertyValueSpecification\",\"valueRequired\":true,\"valueName\":\"search_term_string\"}}],\"inLanguage\":\"pl-PL\"}]}<\/script>\n<!-- \/ Yoast SEO plugin. -->","yoast_head_json":{"title":"Masz pytania? Najcz\u0119\u015bciej zadawane pytania dotycz\u0105ce dmucha\u0144c\u00f3w Dodo","description":"Znajd\u017a odpowiedzi na wszystkie pytania dotycz\u0105ce naszych zamk\u00f3w do skakania z certyfikatem DIN EN 14960 i rozpocz\u0119cia dzia\u0142alno\u015bci w zakresie wynajmu z Inflatables.","robots":{"index":"index","follow":"follow","max-snippet":"max-snippet:-1","max-image-preview":"max-image-preview:large","max-video-preview":"max-video-preview:-1"},"canonical":"https:\/\/dodo-inflatables.com\/pl\/najczesciej-zadawane-pytania\/","twitter_misc":{"Szacowany czas czytania":"4 minuty"},"schema":{"@context":"https:\/\/schema.org","@graph":[{"@type":"WebPage","@id":"https:\/\/dodo-inflatables.com\/pl\/najczesciej-zadawane-pytania\/","url":"https:\/\/dodo-inflatables.com\/pl\/najczesciej-zadawane-pytania\/","name":"Masz pytania? Najcz\u0119\u015bciej zadawane pytania dotycz\u0105ce dmucha\u0144c\u00f3w Dodo","isPartOf":{"@id":"https:\/\/dodo-inflatables.com\/pl\/#website"},"datePublished":"2023-12-15T17:04:24+00:00","dateModified":"2024-07-18T05:08:52+00:00","description":"Znajd\u017a odpowiedzi na wszystkie pytania dotycz\u0105ce naszych zamk\u00f3w do skakania z certyfikatem DIN EN 14960 i rozpocz\u0119cia dzia\u0142alno\u015bci w zakresie wynajmu z Inflatables.","breadcrumb":{"@id":"https:\/\/dodo-inflatables.com\/pl\/najczesciej-zadawane-pytania\/#breadcrumb"},"inLanguage":"pl-PL","potentialAction":[{"@type":"ReadAction","target":["https:\/\/dodo-inflatables.com\/pl\/najczesciej-zadawane-pytania\/"]}]},{"@type":"BreadcrumbList","@id":"https:\/\/dodo-inflatables.com\/pl\/najczesciej-zadawane-pytania\/#breadcrumb","itemListElement":[{"@type":"ListItem","position":1,"name":"Strona g\u0142\u00f3wna","item":"https:\/\/dodo-inflatables.com\/pl\/"},{"@type":"ListItem","position":2,"name":"Najcz\u0119\u015bciej zadawane pytania"}]},{"@type":"WebSite","@id":"https:\/\/dodo-inflatables.com\/pl\/#website","url":"https:\/\/dodo-inflatables.com\/pl\/","name":"dodo-inflatables.com","description":"Kup dmuchane zamki i atrakcje w naszym sklepie.","potentialAction":[{"@type":"SearchAction","target":{"@type":"EntryPoint","urlTemplate":"https:\/\/dodo-inflatables.com\/pl\/?s={search_term_string}"},"query-input":{"@type":"PropertyValueSpecification","valueRequired":true,"valueName":"search_term_string"}}],"inLanguage":"pl-PL"}]}},"uagb_featured_image_src":{"full":false,"thumbnail":false,"medium":false,"medium_large":false,"large":false,"1536x1536":false,"2048x2048":false,"woocommerce_thumbnail":false,"woocommerce_single":false,"woocommerce_gallery_thumbnail":false},"uagb_author_info":{"display_name":"Andreas","author_link":"https:\/\/dodo-inflatables.com\/pl\/author\/andreas\/"},"uagb_comment_info":0,"uagb_excerpt":"Cz\u0119sto zadawane pytania","_links":{"self":[{"href":"https:\/\/dodo-inflatables.com\/pl\/wp-json\/wp\/v2\/pages\/11245","targetHints":{"allow":["GET"]}}],"collection":[{"href":"https:\/\/dodo-inflatables.com\/pl\/wp-json\/wp\/v2\/pages"}],"about":[{"href":"https:\/\/dodo-inflatables.com\/pl\/wp-json\/wp\/v2\/types\/page"}],"author":[{"embeddable":true,"href":"https:\/\/dodo-inflatables.com\/pl\/wp-json\/wp\/v2\/users\/1"}],"replies":[{"embeddable":true,"href":"https:\/\/dodo-inflatables.com\/pl\/wp-json\/wp\/v2\/comments?post=11245"}],"version-history":[{"count":10,"href":"https:\/\/dodo-inflatables.com\/pl\/wp-json\/wp\/v2\/pages\/11245\/revisions"}],"predecessor-version":[{"id":21879,"href":"https:\/\/dodo-inflatables.com\/pl\/wp-json\/wp\/v2\/pages\/11245\/revisions\/21879"}],"wp:attachment":[{"href":"https:\/\/dodo-inflatables.com\/pl\/wp-json\/wp\/v2\/media?parent=11245"}],"curies":[{"name":"wp","href":"https:\/\/api.w.org\/{rel}","templated":true}]}}