{"id":11261,"date":"2024-03-01T20:02:30","date_gmt":"2024-03-01T19:02:30","guid":{"rendered":"https:\/\/dodo-inflatables.com\/kup-nadmuchiwane-zjezdzalnie-i-dmuchane-zamki-w-wielkiej-brytanii\/"},"modified":"2026-04-29T15:15:45","modified_gmt":"2026-04-29T13:15:45","slug":"kup-dmuchany-zamek-i-dmuchane-zjezdzalnie-w-polsce","status":"publish","type":"page","link":"https:\/\/dodo-inflatables.com\/pl\/kup-dmuchany-zamek-i-dmuchane-zjezdzalnie-w-polsce\/","title":{"rendered":"Kup dmuchany zamek i dmuchane zje\u017cd\u017calnie w Polsce"},"content":{"rendered":"\n<h2 class=\"wp-block-heading has-text-align-center\">Kup dmuchany zamek i dmuchane zje\u017cd\u017calnie w Polsce<\/h2>\n\n<figure class=\"wp-block-image aligncenter size-large\"><a href=\"https:\/\/dodo-inflatables.com\/wp-content\/uploads\/2022\/01\/seperator-kleiner.png\"><img fetchpriority=\"high\" decoding=\"async\" width=\"1024\" height=\"102\" src=\"https:\/\/dodo-inflatables.com\/wp-content\/uploads\/2022\/01\/seperator-kleiner-1024x102.png\" alt=\"\" class=\"wp-image-4026\" srcset=\"https:\/\/dodo-inflatables.com\/wp-content\/uploads\/2022\/01\/seperator-kleiner-1024x102.png 1024w, https:\/\/dodo-inflatables.com\/wp-content\/uploads\/2022\/01\/seperator-kleiner-900x90.png 900w, https:\/\/dodo-inflatables.com\/wp-content\/uploads\/2022\/01\/seperator-kleiner-300x30.png 300w, https:\/\/dodo-inflatables.com\/wp-content\/uploads\/2022\/01\/seperator-kleiner-768x77.png 768w, https:\/\/dodo-inflatables.com\/wp-content\/uploads\/2022\/01\/seperator-kleiner-1536x154.png 1536w, https:\/\/dodo-inflatables.com\/wp-content\/uploads\/2022\/01\/seperator-kleiner-340x34.png 340w, https:\/\/dodo-inflatables.com\/wp-content\/uploads\/2022\/01\/seperator-kleiner.png 2000w\" sizes=\"(max-width: 1024px) 100vw, 1024px\" \/><\/a><\/figure>\n\n<h3 class=\"wp-block-heading has-text-align-center\">Witamy w Dodo-Inflatables.com &#8211; naszym sklepie internetowym z pontonami w Europie!<\/h3>\n\n<div style=\"height:45px\" aria-hidden=\"true\" class=\"wp-block-spacer\"><\/div>\n\n<p style=\"font-size:17px\">Zanurz si\u0119 w naszej szerokiej ofercie wysokiej jako\u015bci dmucha\u0144c\u00f3w, <a href=\"https:\/\/dodo-inflatables.com\/product-category\/bouncy-castles\/\" data-type=\"link\" data-id=\"https:\/\/dodo-inflatables.com\/product-category\/bouncy-castles\/\">dmuchanych zamk\u00f3w<\/a> i <a href=\"https:\/\/dodo-inflatables.com\/product-category\/slides\/\" data-type=\"link\" data-id=\"https:\/\/dodo-inflatables.com\/product-category\/slides\/\">zje\u017cd\u017calni<\/a>, kt\u00f3re dodadz\u0105 odrobin\u0119 wi\u0119cej do ka\u017cdej okazji. Niezale\u017cnie od tego, czy szukasz du\u017cego dmuchanego zamku na imprez\u0119 firmow\u0105, ma\u0142ego domku do skakania na przyj\u0119cie urodzinowe dla dzieci, czy zamku do skakania ze zje\u017cd\u017calni\u0105 na letni\u0105 imprez\u0119 &#8211; na pewno znajdziesz tutaj co\u015b odpowiedniego!<\/p>\n\n<p style=\"font-size:17px\">Nasza oferta obejmuje nie tylko r\u00f3\u017cnorodne zamki do skakania, ale tak\u017ce szerok\u0105 gam\u0119 <a href=\"https:\/\/dodo-inflatables.com\/product-category\/accessories\/\" data-type=\"link\" data-id=\"https:\/\/dodo-inflatables.com\/product-category\/accessories\/\">akcesori\u00f3w<\/a>, w tym <a href=\"https:\/\/dodo-inflatables.com\/pl\/produkt\/dmuchawa-gibbons-fp5005-15ps\/\" data-type=\"product\" data-id=\"81\">Gibbons<\/a> i dmuchawy <a href=\"https:\/\/dodo-inflatables.com\/pl\/produkt\/dmuchawa-huawei-reh-1-5e-15ps\/\" data-type=\"product\" data-id=\"2724\">Huawei<\/a> do zamk\u00f3w do skakania.<\/p>\n\n<p style=\"font-size:17px\">Wysy\u0142ka dmuchanego zamku i akcesori\u00f3w <strong>do Anglii kosztuje \u20ac339.00<\/strong>. Je\u015bli potrzebujesz tylko akcesori\u00f3w, wysy\u0142ka paczki kosztuje 29,00 \u20ac.<\/p>\n\n<p style=\"font-size:17px\">Je\u015bli nadmuchiwany produkt znajduje si\u0119 w magazynie, zostanie wys\u0142any natychmiast po otrzymaniu p\u0142atno\u015bci. Dostawa do Wielkiej Brytanii zajmuje oko\u0142o <strong>4-6 dni roboczych<\/strong>. Odbi\u00f3r w\u0142asny jest mo\u017cliwy z naszego magazynu w <strong>Monachium w Niemczech<\/strong>.<\/p>\n\n<p style=\"font-size:17px\">Wszystkie nasze pontony s\u0105 zgodne z surowymi normami bezpiecze\u0144stwa <strong>DIN EN 14960 <\/strong>i nadaj\u0105 si\u0119 do u\u017cytku prywatnego i komercyjnego. Po wys\u0142aniu nowego nadmuchiwanego produktu otrzymasz <strong>szczeg\u00f3\u0142owy przewodnik <\/strong>i<strong> odpowiedni certyfikat <\/strong>.<\/p>\n\n<p style=\"font-size:17px\">Jako klient spoza UE mo\u017cesz robi\u0107 u nas zakupy <strong>bez podatku VAT<\/strong>. Ceny podane w sklepie internetowym pocz\u0105tkowo zawieraj\u0105 niemiecki podatek VAT (19%), kt\u00f3ry nast\u0119pnie zostanie odliczony. W przypadku wysy\u0142ki do Wielkiej Brytanii u\u017cytkownik jest uwa\u017cany za &#8222;importera&#8221;. W zwi\u0105zku z tym zostaniesz obci\u0105\u017cony kosztami podatku od sprzeda\u017cy i c\u0142a importowego. Nasze koszty wysy\u0142ki do Wielkiej Brytanii obejmuj\u0105 cen\u0119 frachtu, odpraw\u0119 celn\u0105 i przygotowanie ABD.<\/p>\n\n<p style=\"font-size:17px\">Niezale\u017cnie od tego, czy jeste\u015b prywatnym u\u017cytkownikiem szukaj\u0105cym dmuchanego zamku na nast\u0119pn\u0105 imprez\u0119 rodzinn\u0105, czy komercyjn\u0105 firm\u0105 wynajmuj\u0105c\u0105, kt\u00f3ra chce rozszerzy\u0107 swoj\u0105 ofert\u0119, nasze dmuchane zamki s\u0105 odpowiednie dla ka\u017cdego. W rzeczywisto\u015bci wi\u0119kszo\u015b\u0107 naszych klient\u00f3w w ca\u0142ej Europie to firmy wynajmuj\u0105ce dmuchane zamki, kt\u00f3re ceni\u0105 nasze produkty na imprezy r\u00f3\u017cnej wielko\u015bci.<\/p>\n\n<p style=\"font-size:17px\">Mamy nadziej\u0119, \u017ce spodoba Ci si\u0119 przegl\u0105danie naszego sklepu internetowego i ch\u0119tnie odpowiemy na wszelkie pytania pod adresem <a href=\"mailto:contact@dodo-inflatables.com\">contact@dodo-inflatables.com!<\/a><\/p>\n\n<div style=\"height:45px\" aria-hidden=\"true\" class=\"wp-block-spacer\"><\/div>\n","protected":false},"excerpt":{"rendered":"<p>Kup dmuchany zamek i dmuchane zje\u017cd\u017calnie w Polsce Witamy w Dodo-Inflatables.com &#8211; naszym sklepie internetowym z pontonami w Europie! Zanurz si\u0119 w naszej szerokiej ofercie wysokiej jako\u015bci dmucha\u0144c\u00f3w, dmuchanych zamk\u00f3w i zje\u017cd\u017calni, kt\u00f3re dodadz\u0105 odrobin\u0119 wi\u0119cej do ka\u017cdej okazji. Niezale\u017cnie od tego, czy szukasz du\u017cego dmuchanego zamku na imprez\u0119 firmow\u0105, ma\u0142ego domku do skakania na [&hellip;]<\/p>\n","protected":false},"author":1,"featured_media":0,"parent":0,"menu_order":0,"comment_status":"closed","ping_status":"closed","template":"","meta":{"_acf_changed":false,"_uag_custom_page_level_css":"","site-sidebar-layout":"default","site-content-layout":"","ast-site-content-layout":"default","site-content-style":"boxed","site-sidebar-style":"default","ast-global-header-display":"","ast-banner-title-visibility":"","ast-main-header-display":"","ast-hfb-above-header-display":"","ast-hfb-below-header-display":"","ast-hfb-mobile-header-display":"","site-post-title":"","ast-breadcrumbs-content":"","ast-featured-img":"","footer-sml-layout":"","ast-disable-related-posts":"","theme-transparent-header-meta":"","adv-header-id-meta":"4069","stick-header-meta":"","header-above-stick-meta":"","header-main-stick-meta":"","header-below-stick-meta":"","astra-migrate-meta-layouts":"default","ast-page-background-enabled":"default","ast-page-background-meta":{"desktop":{"background-color":"var(--ast-global-color-4)","background-image":"","background-repeat":"repeat","background-position":"center center","background-size":"auto","background-attachment":"scroll","background-type":"","background-media":"","overlay-type":"","overlay-color":"","overlay-opacity":"","overlay-gradient":""},"tablet":{"background-color":"","background-image":"","background-repeat":"repeat","background-position":"center center","background-size":"auto","background-attachment":"scroll","background-type":"","background-media":"","overlay-type":"","overlay-color":"","overlay-opacity":"","overlay-gradient":""},"mobile":{"background-color":"","background-image":"","background-repeat":"repeat","background-position":"center center","background-size":"auto","background-attachment":"scroll","background-type":"","background-media":"","overlay-type":"","overlay-color":"","overlay-opacity":"","overlay-gradient":""}},"ast-content-background-meta":{"desktop":{"background-color":"var(--ast-global-color-5)","background-image":"","background-repeat":"repeat","background-position":"center center","background-size":"auto","background-attachment":"scroll","background-type":"","background-media":"","overlay-type":"","overlay-color":"","overlay-opacity":"","overlay-gradient":""},"tablet":{"background-color":"var(--ast-global-color-5)","background-image":"","background-repeat":"repeat","background-position":"center center","background-size":"auto","background-attachment":"scroll","background-type":"","background-media":"","overlay-type":"","overlay-color":"","overlay-opacity":"","overlay-gradient":""},"mobile":{"background-color":"var(--ast-global-color-5)","background-image":"","background-repeat":"repeat","background-position":"center center","background-size":"auto","background-attachment":"scroll","background-type":"","background-media":"","overlay-type":"","overlay-color":"","overlay-opacity":"","overlay-gradient":""}},"footnotes":""},"class_list":["post-11261","page","type-page","status-publish","hentry"],"acf":[],"yoast_head":"<!-- This site is optimized with the Yoast SEO plugin v27.5 - https:\/\/yoast.com\/product\/yoast-seo-wordpress\/ -->\n<title>Kup dmuchany zamek i dmuchane zje\u017cd\u017calnie w Polsce - dodo-inflatables.com<\/title>\n<meta name=\"robots\" content=\"index, follow, max-snippet:-1, max-image-preview:large, max-video-preview:-1\" \/>\n<link rel=\"canonical\" href=\"https:\/\/dodo-inflatables.com\/pl\/kup-dmuchany-zamek-i-dmuchane-zjezdzalnie-w-polsce\/\" \/>\n<meta name=\"twitter:label1\" content=\"Szacowany czas czytania\" \/>\n\t<meta name=\"twitter:data1\" content=\"2 minuty\" \/>\n<script type=\"application\/ld+json\" class=\"yoast-schema-graph\">{\"@context\":\"https:\\\/\\\/schema.org\",\"@graph\":[{\"@type\":\"WebPage\",\"@id\":\"https:\\\/\\\/dodo-inflatables.com\\\/pl\\\/kup-dmuchany-zamek-i-dmuchane-zjezdzalnie-w-polsce\\\/\",\"url\":\"https:\\\/\\\/dodo-inflatables.com\\\/pl\\\/kup-dmuchany-zamek-i-dmuchane-zjezdzalnie-w-polsce\\\/\",\"name\":\"Kup dmuchany zamek i dmuchane zje\u017cd\u017calnie w Polsce - dodo-inflatables.com\",\"isPartOf\":{\"@id\":\"https:\\\/\\\/dodo-inflatables.com\\\/pl\\\/#website\"},\"primaryImageOfPage\":{\"@id\":\"https:\\\/\\\/dodo-inflatables.com\\\/pl\\\/kup-dmuchany-zamek-i-dmuchane-zjezdzalnie-w-polsce\\\/#primaryimage\"},\"image\":{\"@id\":\"https:\\\/\\\/dodo-inflatables.com\\\/pl\\\/kup-dmuchany-zamek-i-dmuchane-zjezdzalnie-w-polsce\\\/#primaryimage\"},\"thumbnailUrl\":\"https:\\\/\\\/dodo-inflatables.com\\\/wp-content\\\/uploads\\\/2022\\\/01\\\/seperator-kleiner-1024x102.png\",\"datePublished\":\"2024-03-01T19:02:30+00:00\",\"dateModified\":\"2026-04-29T13:15:45+00:00\",\"breadcrumb\":{\"@id\":\"https:\\\/\\\/dodo-inflatables.com\\\/pl\\\/kup-dmuchany-zamek-i-dmuchane-zjezdzalnie-w-polsce\\\/#breadcrumb\"},\"inLanguage\":\"pl-PL\",\"potentialAction\":[{\"@type\":\"ReadAction\",\"target\":[\"https:\\\/\\\/dodo-inflatables.com\\\/pl\\\/kup-dmuchany-zamek-i-dmuchane-zjezdzalnie-w-polsce\\\/\"]}]},{\"@type\":\"ImageObject\",\"inLanguage\":\"pl-PL\",\"@id\":\"https:\\\/\\\/dodo-inflatables.com\\\/pl\\\/kup-dmuchany-zamek-i-dmuchane-zjezdzalnie-w-polsce\\\/#primaryimage\",\"url\":\"https:\\\/\\\/dodo-inflatables.com\\\/wp-content\\\/uploads\\\/2022\\\/01\\\/seperator-kleiner-1024x102.png\",\"contentUrl\":\"https:\\\/\\\/dodo-inflatables.com\\\/wp-content\\\/uploads\\\/2022\\\/01\\\/seperator-kleiner-1024x102.png\"},{\"@type\":\"BreadcrumbList\",\"@id\":\"https:\\\/\\\/dodo-inflatables.com\\\/pl\\\/kup-dmuchany-zamek-i-dmuchane-zjezdzalnie-w-polsce\\\/#breadcrumb\",\"itemListElement\":[{\"@type\":\"ListItem\",\"position\":1,\"name\":\"Strona g\u0142\u00f3wna\",\"item\":\"https:\\\/\\\/dodo-inflatables.com\\\/pl\\\/\"},{\"@type\":\"ListItem\",\"position\":2,\"name\":\"Kup dmuchany zamek i dmuchane zje\u017cd\u017calnie w Polsce\"}]},{\"@type\":\"WebSite\",\"@id\":\"https:\\\/\\\/dodo-inflatables.com\\\/pl\\\/#website\",\"url\":\"https:\\\/\\\/dodo-inflatables.com\\\/pl\\\/\",\"name\":\"dodo-inflatables.com\",\"description\":\"Kup dmuchane zamki i atrakcje w naszym sklepie.\",\"potentialAction\":[{\"@type\":\"SearchAction\",\"target\":{\"@type\":\"EntryPoint\",\"urlTemplate\":\"https:\\\/\\\/dodo-inflatables.com\\\/pl\\\/?s={search_term_string}\"},\"query-input\":{\"@type\":\"PropertyValueSpecification\",\"valueRequired\":true,\"valueName\":\"search_term_string\"}}],\"inLanguage\":\"pl-PL\"}]}<\/script>\n<!-- \/ Yoast SEO plugin. -->","yoast_head_json":{"title":"Kup dmuchany zamek i dmuchane zje\u017cd\u017calnie w Polsce - dodo-inflatables.com","robots":{"index":"index","follow":"follow","max-snippet":"max-snippet:-1","max-image-preview":"max-image-preview:large","max-video-preview":"max-video-preview:-1"},"canonical":"https:\/\/dodo-inflatables.com\/pl\/kup-dmuchany-zamek-i-dmuchane-zjezdzalnie-w-polsce\/","twitter_misc":{"Szacowany czas czytania":"2 minuty"},"schema":{"@context":"https:\/\/schema.org","@graph":[{"@type":"WebPage","@id":"https:\/\/dodo-inflatables.com\/pl\/kup-dmuchany-zamek-i-dmuchane-zjezdzalnie-w-polsce\/","url":"https:\/\/dodo-inflatables.com\/pl\/kup-dmuchany-zamek-i-dmuchane-zjezdzalnie-w-polsce\/","name":"Kup dmuchany zamek i dmuchane zje\u017cd\u017calnie w Polsce - dodo-inflatables.com","isPartOf":{"@id":"https:\/\/dodo-inflatables.com\/pl\/#website"},"primaryImageOfPage":{"@id":"https:\/\/dodo-inflatables.com\/pl\/kup-dmuchany-zamek-i-dmuchane-zjezdzalnie-w-polsce\/#primaryimage"},"image":{"@id":"https:\/\/dodo-inflatables.com\/pl\/kup-dmuchany-zamek-i-dmuchane-zjezdzalnie-w-polsce\/#primaryimage"},"thumbnailUrl":"https:\/\/dodo-inflatables.com\/wp-content\/uploads\/2022\/01\/seperator-kleiner-1024x102.png","datePublished":"2024-03-01T19:02:30+00:00","dateModified":"2026-04-29T13:15:45+00:00","breadcrumb":{"@id":"https:\/\/dodo-inflatables.com\/pl\/kup-dmuchany-zamek-i-dmuchane-zjezdzalnie-w-polsce\/#breadcrumb"},"inLanguage":"pl-PL","potentialAction":[{"@type":"ReadAction","target":["https:\/\/dodo-inflatables.com\/pl\/kup-dmuchany-zamek-i-dmuchane-zjezdzalnie-w-polsce\/"]}]},{"@type":"ImageObject","inLanguage":"pl-PL","@id":"https:\/\/dodo-inflatables.com\/pl\/kup-dmuchany-zamek-i-dmuchane-zjezdzalnie-w-polsce\/#primaryimage","url":"https:\/\/dodo-inflatables.com\/wp-content\/uploads\/2022\/01\/seperator-kleiner-1024x102.png","contentUrl":"https:\/\/dodo-inflatables.com\/wp-content\/uploads\/2022\/01\/seperator-kleiner-1024x102.png"},{"@type":"BreadcrumbList","@id":"https:\/\/dodo-inflatables.com\/pl\/kup-dmuchany-zamek-i-dmuchane-zjezdzalnie-w-polsce\/#breadcrumb","itemListElement":[{"@type":"ListItem","position":1,"name":"Strona g\u0142\u00f3wna","item":"https:\/\/dodo-inflatables.com\/pl\/"},{"@type":"ListItem","position":2,"name":"Kup dmuchany zamek i dmuchane zje\u017cd\u017calnie w Polsce"}]},{"@type":"WebSite","@id":"https:\/\/dodo-inflatables.com\/pl\/#website","url":"https:\/\/dodo-inflatables.com\/pl\/","name":"dodo-inflatables.com","description":"Kup dmuchane zamki i atrakcje w naszym sklepie.","potentialAction":[{"@type":"SearchAction","target":{"@type":"EntryPoint","urlTemplate":"https:\/\/dodo-inflatables.com\/pl\/?s={search_term_string}"},"query-input":{"@type":"PropertyValueSpecification","valueRequired":true,"valueName":"search_term_string"}}],"inLanguage":"pl-PL"}]}},"uagb_featured_image_src":{"full":false,"thumbnail":false,"medium":false,"medium_large":false,"large":false,"1536x1536":false,"2048x2048":false,"woocommerce_thumbnail":false,"woocommerce_single":false,"woocommerce_gallery_thumbnail":false},"uagb_author_info":{"display_name":"Andreas","author_link":"https:\/\/dodo-inflatables.com\/pl\/author\/andreas\/"},"uagb_comment_info":0,"uagb_excerpt":"Kup dmuchany zamek i dmuchane zje\u017cd\u017calnie w Polsce Witamy w Dodo-Inflatables.com &#8211; naszym sklepie internetowym z pontonami w Europie! Zanurz si\u0119 w naszej szerokiej ofercie wysokiej jako\u015bci dmucha\u0144c\u00f3w, dmuchanych zamk\u00f3w i zje\u017cd\u017calni, kt\u00f3re dodadz\u0105 odrobin\u0119 wi\u0119cej do ka\u017cdej okazji. Niezale\u017cnie od tego, czy szukasz du\u017cego dmuchanego zamku na imprez\u0119 firmow\u0105, ma\u0142ego domku do skakania na&hellip;","_links":{"self":[{"href":"https:\/\/dodo-inflatables.com\/pl\/wp-json\/wp\/v2\/pages\/11261","targetHints":{"allow":["GET"]}}],"collection":[{"href":"https:\/\/dodo-inflatables.com\/pl\/wp-json\/wp\/v2\/pages"}],"about":[{"href":"https:\/\/dodo-inflatables.com\/pl\/wp-json\/wp\/v2\/types\/page"}],"author":[{"embeddable":true,"href":"https:\/\/dodo-inflatables.com\/pl\/wp-json\/wp\/v2\/users\/1"}],"replies":[{"embeddable":true,"href":"https:\/\/dodo-inflatables.com\/pl\/wp-json\/wp\/v2\/comments?post=11261"}],"version-history":[{"count":6,"href":"https:\/\/dodo-inflatables.com\/pl\/wp-json\/wp\/v2\/pages\/11261\/revisions"}],"predecessor-version":[{"id":107644,"href":"https:\/\/dodo-inflatables.com\/pl\/wp-json\/wp\/v2\/pages\/11261\/revisions\/107644"}],"wp:attachment":[{"href":"https:\/\/dodo-inflatables.com\/pl\/wp-json\/wp\/v2\/media?parent=11261"}],"curies":[{"name":"wp","href":"https:\/\/api.w.org\/{rel}","templated":true}]}}