{"id":11271,"date":"2020-04-22T12:15:24","date_gmt":"2020-04-22T10:15:24","guid":{"rendered":"https:\/\/dodo-inflatables.com\/piegade-uz-latviju\/"},"modified":"2024-06-01T17:18:19","modified_gmt":"2024-06-01T15:18:19","slug":"piegade-uz-latviju","status":"publish","type":"page","link":"https:\/\/dodo-inflatables.com\/pl\/piegade-uz-latviju\/","title":{"rendered":"Pieg\u0101de uz Latviju"},"content":{"rendered":"\n<h2 class=\"wp-block-heading\" id=\"piegade-uz-latviju\">Pieg\u0101de uz Latviju<\/h2>\n\n<p>Na \u0141otwie jest bardzo du\u017co do zrobienia.<\/p>\n\n<p>K\u0101 priv\u0101tpersonai no jums tiks iekas\u0113ts PVN no V\u0101cijas. Pas\u016bt\u012bjumu var regul\u0101ri veikt tie\u0161saistes veikal\u0101.<\/p>\n\n<p>W jaki spos\u00f3b mo\u017cna zwi\u0119kszy\u0107 liczb\u0119 os\u00f3b, kt\u00f3re maj\u0105 problemy z liczeniem (PVN)? Tad m\u0113s varam jums preces p\u0101rdot bez nodok\u013ciem. L\u016bdzu, pas\u016btiet mums pa e-pastu.<\/p>\n","protected":false},"excerpt":{"rendered":"<p>Pieg\u0101de uz Latviju Na \u0141otwie jest bardzo du\u017co do zrobienia. K\u0101 priv\u0101tpersonai no jums tiks iekas\u0113ts PVN no V\u0101cijas. Pas\u016bt\u012bjumu var regul\u0101ri veikt tie\u0161saistes veikal\u0101. W jaki spos\u00f3b mo\u017cna zwi\u0119kszy\u0107 liczb\u0119 os\u00f3b, kt\u00f3re maj\u0105 problemy z liczeniem (PVN)? Tad m\u0113s varam jums preces p\u0101rdot bez nodok\u013ciem. L\u016bdzu, pas\u016btiet mums pa e-pastu.<\/p>\n","protected":false},"author":1,"featured_media":0,"parent":0,"menu_order":0,"comment_status":"closed","ping_status":"closed","template":"","meta":{"_acf_changed":false,"_uag_custom_page_level_css":"","site-sidebar-layout":"default","site-content-layout":"content-boxed-container","ast-site-content-layout":"default","site-content-style":"default","site-sidebar-style":"default","ast-global-header-display":"","ast-banner-title-visibility":"","ast-main-header-display":"","ast-hfb-above-header-display":"","ast-hfb-below-header-display":"","ast-hfb-mobile-header-display":"","site-post-title":"disabled","ast-breadcrumbs-content":"disabled","ast-featured-img":"disabled","footer-sml-layout":"","ast-disable-related-posts":"","theme-transparent-header-meta":"","adv-header-id-meta":"4069","stick-header-meta":"","header-above-stick-meta":"","header-main-stick-meta":"","header-below-stick-meta":"","astra-migrate-meta-layouts":"default","ast-page-background-enabled":"default","ast-page-background-meta":{"desktop":{"background-color":"var(--ast-global-color-4)","background-image":"","background-repeat":"repeat","background-position":"center center","background-size":"auto","background-attachment":"scroll","background-type":"","background-media":"","overlay-type":"","overlay-color":"","overlay-opacity":"","overlay-gradient":""},"tablet":{"background-color":"","background-image":"","background-repeat":"repeat","background-position":"center center","background-size":"auto","background-attachment":"scroll","background-type":"","background-media":"","overlay-type":"","overlay-color":"","overlay-opacity":"","overlay-gradient":""},"mobile":{"background-color":"","background-image":"","background-repeat":"repeat","background-position":"center center","background-size":"auto","background-attachment":"scroll","background-type":"","background-media":"","overlay-type":"","overlay-color":"","overlay-opacity":"","overlay-gradient":""}},"ast-content-background-meta":{"desktop":{"background-color":"var(--ast-global-color-5)","background-image":"","background-repeat":"repeat","background-position":"center center","background-size":"auto","background-attachment":"scroll","background-type":"","background-media":"","overlay-type":"","overlay-color":"","overlay-opacity":"","overlay-gradient":""},"tablet":{"background-color":"var(--ast-global-color-5)","background-image":"","background-repeat":"repeat","background-position":"center center","background-size":"auto","background-attachment":"scroll","background-type":"","background-media":"","overlay-type":"","overlay-color":"","overlay-opacity":"","overlay-gradient":""},"mobile":{"background-color":"var(--ast-global-color-5)","background-image":"","background-repeat":"repeat","background-position":"center center","background-size":"auto","background-attachment":"scroll","background-type":"","background-media":"","overlay-type":"","overlay-color":"","overlay-opacity":"","overlay-gradient":""}},"footnotes":""},"class_list":["post-11271","page","type-page","status-publish","hentry"],"acf":[],"yoast_head":"<!-- This site is optimized with the Yoast SEO plugin v27.4 - https:\/\/yoast.com\/product\/yoast-seo-wordpress\/ -->\n<title>Pieni\u0105dze na \u0141otwie | Pieni\u0105dze na \u0141otwie<\/title>\n<meta name=\"description\" content=\"Pie mums j\u016bs atrad\u012bsit lielu augstas kvalit\u0101tes piep\u016b\u0161amo materi\u0101lu kl\u0101stu lielisk\u0101 dizain\u0101! Pieg\u0101de iesp\u0113jama vis\u0101 Eirop\u0101! \u2713 \u0100tra pieg\u0101de!\" \/>\n<meta name=\"robots\" content=\"index, follow, max-snippet:-1, max-image-preview:large, max-video-preview:-1\" \/>\n<link rel=\"canonical\" href=\"https:\/\/dodo-inflatables.com\/pl\/piegade-uz-latviju\/\" \/>\n<script type=\"application\/ld+json\" class=\"yoast-schema-graph\">{\"@context\":\"https:\\\/\\\/schema.org\",\"@graph\":[{\"@type\":\"WebPage\",\"@id\":\"https:\\\/\\\/dodo-inflatables.com\\\/pl\\\/piegade-uz-latviju\\\/\",\"url\":\"https:\\\/\\\/dodo-inflatables.com\\\/pl\\\/piegade-uz-latviju\\\/\",\"name\":\"Pieni\u0105dze na \u0141otwie | Pieni\u0105dze na \u0141otwie\",\"isPartOf\":{\"@id\":\"https:\\\/\\\/dodo-inflatables.com\\\/pl\\\/#website\"},\"datePublished\":\"2020-04-22T10:15:24+00:00\",\"dateModified\":\"2024-06-01T15:18:19+00:00\",\"description\":\"Pie mums j\u016bs atrad\u012bsit lielu augstas kvalit\u0101tes piep\u016b\u0161amo materi\u0101lu kl\u0101stu lielisk\u0101 dizain\u0101! Pieg\u0101de iesp\u0113jama vis\u0101 Eirop\u0101! \u2713 \u0100tra pieg\u0101de!\",\"breadcrumb\":{\"@id\":\"https:\\\/\\\/dodo-inflatables.com\\\/pl\\\/piegade-uz-latviju\\\/#breadcrumb\"},\"inLanguage\":\"pl-PL\",\"potentialAction\":[{\"@type\":\"ReadAction\",\"target\":[\"https:\\\/\\\/dodo-inflatables.com\\\/pl\\\/piegade-uz-latviju\\\/\"]}]},{\"@type\":\"BreadcrumbList\",\"@id\":\"https:\\\/\\\/dodo-inflatables.com\\\/pl\\\/piegade-uz-latviju\\\/#breadcrumb\",\"itemListElement\":[{\"@type\":\"ListItem\",\"position\":1,\"name\":\"Strona g\u0142\u00f3wna\",\"item\":\"https:\\\/\\\/dodo-inflatables.com\\\/pl\\\/\"},{\"@type\":\"ListItem\",\"position\":2,\"name\":\"Pieg\u0101de uz Latviju\"}]},{\"@type\":\"WebSite\",\"@id\":\"https:\\\/\\\/dodo-inflatables.com\\\/pl\\\/#website\",\"url\":\"https:\\\/\\\/dodo-inflatables.com\\\/pl\\\/\",\"name\":\"dodo-inflatables.com\",\"description\":\"Kup dmuchane zamki i atrakcje w naszym sklepie.\",\"publisher\":{\"@id\":\"https:\\\/\\\/dodo-inflatables.com\\\/pl\\\/#organization\"},\"potentialAction\":[{\"@type\":\"SearchAction\",\"target\":{\"@type\":\"EntryPoint\",\"urlTemplate\":\"https:\\\/\\\/dodo-inflatables.com\\\/pl\\\/?s={search_term_string}\"},\"query-input\":{\"@type\":\"PropertyValueSpecification\",\"valueRequired\":true,\"valueName\":\"search_term_string\"}}],\"inLanguage\":\"pl-PL\"},{\"@type\":\"Organization\",\"@id\":\"https:\\\/\\\/dodo-inflatables.com\\\/pl\\\/#organization\",\"name\":\"dodo-inflatables.com\",\"url\":\"https:\\\/\\\/dodo-inflatables.com\\\/pl\\\/\",\"logo\":{\"@type\":\"ImageObject\",\"inLanguage\":\"pl-PL\",\"@id\":\"https:\\\/\\\/dodo-inflatables.com\\\/pl\\\/#\\\/schema\\\/logo\\\/image\\\/\",\"url\":\"https:\\\/\\\/dodo-inflatables.com\\\/wp-content\\\/uploads\\\/2023\\\/04\\\/cropped-cropped-cropped-Dodo-Logo.png\",\"contentUrl\":\"https:\\\/\\\/dodo-inflatables.com\\\/wp-content\\\/uploads\\\/2023\\\/04\\\/cropped-cropped-cropped-Dodo-Logo.png\",\"width\":2996,\"height\":1545,\"caption\":\"dodo-inflatables.com\"},\"image\":{\"@id\":\"https:\\\/\\\/dodo-inflatables.com\\\/pl\\\/#\\\/schema\\\/logo\\\/image\\\/\"}}]}<\/script>\n<!-- \/ Yoast SEO plugin. -->","yoast_head_json":{"title":"Pieni\u0105dze na \u0141otwie | Pieni\u0105dze na \u0141otwie","description":"Pie mums j\u016bs atrad\u012bsit lielu augstas kvalit\u0101tes piep\u016b\u0161amo materi\u0101lu kl\u0101stu lielisk\u0101 dizain\u0101! Pieg\u0101de iesp\u0113jama vis\u0101 Eirop\u0101! \u2713 \u0100tra pieg\u0101de!","robots":{"index":"index","follow":"follow","max-snippet":"max-snippet:-1","max-image-preview":"max-image-preview:large","max-video-preview":"max-video-preview:-1"},"canonical":"https:\/\/dodo-inflatables.com\/pl\/piegade-uz-latviju\/","schema":{"@context":"https:\/\/schema.org","@graph":[{"@type":"WebPage","@id":"https:\/\/dodo-inflatables.com\/pl\/piegade-uz-latviju\/","url":"https:\/\/dodo-inflatables.com\/pl\/piegade-uz-latviju\/","name":"Pieni\u0105dze na \u0141otwie | Pieni\u0105dze na \u0141otwie","isPartOf":{"@id":"https:\/\/dodo-inflatables.com\/pl\/#website"},"datePublished":"2020-04-22T10:15:24+00:00","dateModified":"2024-06-01T15:18:19+00:00","description":"Pie mums j\u016bs atrad\u012bsit lielu augstas kvalit\u0101tes piep\u016b\u0161amo materi\u0101lu kl\u0101stu lielisk\u0101 dizain\u0101! Pieg\u0101de iesp\u0113jama vis\u0101 Eirop\u0101! \u2713 \u0100tra pieg\u0101de!","breadcrumb":{"@id":"https:\/\/dodo-inflatables.com\/pl\/piegade-uz-latviju\/#breadcrumb"},"inLanguage":"pl-PL","potentialAction":[{"@type":"ReadAction","target":["https:\/\/dodo-inflatables.com\/pl\/piegade-uz-latviju\/"]}]},{"@type":"BreadcrumbList","@id":"https:\/\/dodo-inflatables.com\/pl\/piegade-uz-latviju\/#breadcrumb","itemListElement":[{"@type":"ListItem","position":1,"name":"Strona g\u0142\u00f3wna","item":"https:\/\/dodo-inflatables.com\/pl\/"},{"@type":"ListItem","position":2,"name":"Pieg\u0101de uz Latviju"}]},{"@type":"WebSite","@id":"https:\/\/dodo-inflatables.com\/pl\/#website","url":"https:\/\/dodo-inflatables.com\/pl\/","name":"dodo-inflatables.com","description":"Kup dmuchane zamki i atrakcje w naszym sklepie.","publisher":{"@id":"https:\/\/dodo-inflatables.com\/pl\/#organization"},"potentialAction":[{"@type":"SearchAction","target":{"@type":"EntryPoint","urlTemplate":"https:\/\/dodo-inflatables.com\/pl\/?s={search_term_string}"},"query-input":{"@type":"PropertyValueSpecification","valueRequired":true,"valueName":"search_term_string"}}],"inLanguage":"pl-PL"},{"@type":"Organization","@id":"https:\/\/dodo-inflatables.com\/pl\/#organization","name":"dodo-inflatables.com","url":"https:\/\/dodo-inflatables.com\/pl\/","logo":{"@type":"ImageObject","inLanguage":"pl-PL","@id":"https:\/\/dodo-inflatables.com\/pl\/#\/schema\/logo\/image\/","url":"https:\/\/dodo-inflatables.com\/wp-content\/uploads\/2023\/04\/cropped-cropped-cropped-Dodo-Logo.png","contentUrl":"https:\/\/dodo-inflatables.com\/wp-content\/uploads\/2023\/04\/cropped-cropped-cropped-Dodo-Logo.png","width":2996,"height":1545,"caption":"dodo-inflatables.com"},"image":{"@id":"https:\/\/dodo-inflatables.com\/pl\/#\/schema\/logo\/image\/"}}]}},"uagb_featured_image_src":{"full":false,"thumbnail":false,"medium":false,"medium_large":false,"large":false,"1536x1536":false,"2048x2048":false,"woocommerce_thumbnail":false,"woocommerce_single":false,"woocommerce_gallery_thumbnail":false},"uagb_author_info":{"display_name":"Andreas","author_link":"https:\/\/dodo-inflatables.com\/pl\/author\/andreas\/"},"uagb_comment_info":0,"uagb_excerpt":"Pieg\u0101de uz Latviju Na \u0141otwie jest bardzo du\u017co do zrobienia. K\u0101 priv\u0101tpersonai no jums tiks iekas\u0113ts PVN no V\u0101cijas. Pas\u016bt\u012bjumu var regul\u0101ri veikt tie\u0161saistes veikal\u0101. W jaki spos\u00f3b mo\u017cna zwi\u0119kszy\u0107 liczb\u0119 os\u00f3b, kt\u00f3re maj\u0105 problemy z liczeniem (PVN)? Tad m\u0113s varam jums preces p\u0101rdot bez nodok\u013ciem. L\u016bdzu, pas\u016btiet mums pa e-pastu.","_links":{"self":[{"href":"https:\/\/dodo-inflatables.com\/pl\/wp-json\/wp\/v2\/pages\/11271","targetHints":{"allow":["GET"]}}],"collection":[{"href":"https:\/\/dodo-inflatables.com\/pl\/wp-json\/wp\/v2\/pages"}],"about":[{"href":"https:\/\/dodo-inflatables.com\/pl\/wp-json\/wp\/v2\/types\/page"}],"author":[{"embeddable":true,"href":"https:\/\/dodo-inflatables.com\/pl\/wp-json\/wp\/v2\/users\/1"}],"replies":[{"embeddable":true,"href":"https:\/\/dodo-inflatables.com\/pl\/wp-json\/wp\/v2\/comments?post=11271"}],"version-history":[{"count":2,"href":"https:\/\/dodo-inflatables.com\/pl\/wp-json\/wp\/v2\/pages\/11271\/revisions"}],"predecessor-version":[{"id":11275,"href":"https:\/\/dodo-inflatables.com\/pl\/wp-json\/wp\/v2\/pages\/11271\/revisions\/11275"}],"wp:attachment":[{"href":"https:\/\/dodo-inflatables.com\/pl\/wp-json\/wp\/v2\/media?parent=11271"}],"curies":[{"name":"wp","href":"https:\/\/api.w.org\/{rel}","templated":true}]}}