{"id":11297,"date":"2020-04-22T12:16:39","date_gmt":"2020-04-22T10:16:39","guid":{"rendered":"https:\/\/dodo-inflatables.com\/dostawa-do-polski\/"},"modified":"2024-06-01T17:18:20","modified_gmt":"2024-06-01T15:18:20","slug":"dostawa-do-polski","status":"publish","type":"page","link":"https:\/\/dodo-inflatables.com\/pl\/dostawa-do-polski\/","title":{"rendered":"Dostawa do Polski"},"content":{"rendered":"\n<h2 class=\"wp-block-heading\" id=\"dostawa-do-polski\">Dostawa do Polski<\/h2>\n\n<p>Z przyjemno\u015bci\u0105 dostarczamy po\u017c\u0105dany dmuchany zamek do Polski.<\/p>\n\n<p>Jako osoba prywatna zostanie naliczony niemiecki podatek VAT. Mo\u017cesz regularnie realizowa\u0107 zam\u00f3wienie za po\u015brednictwem sklepu internetowego.<\/p>\n\n<p>Zamawia\u0107 jako firma i mie\u0107 wa\u017cny numer podatku od sprzeda\u017cy (VAT)? Nast\u0119pnie mo\u017cemy sprzeda\u0107 ci towary wolne od podatku. W tym celu prosimy o z\u0142o\u017cenie zam\u00f3wienia przez e-mail.<\/p>\n","protected":false},"excerpt":{"rendered":"<p>Dostawa do Polski Z przyjemno\u015bci\u0105 dostarczamy po\u017c\u0105dany dmuchany zamek do Polski. Jako osoba prywatna zostanie naliczony niemiecki podatek VAT. Mo\u017cesz regularnie realizowa\u0107 zam\u00f3wienie za po\u015brednictwem sklepu internetowego. Zamawia\u0107 jako firma i mie\u0107 wa\u017cny numer podatku od sprzeda\u017cy (VAT)? Nast\u0119pnie mo\u017cemy sprzeda\u0107 ci towary wolne od podatku. W tym celu prosimy o z\u0142o\u017cenie zam\u00f3wienia przez e-mail.<\/p>\n","protected":false},"author":1,"featured_media":0,"parent":0,"menu_order":0,"comment_status":"closed","ping_status":"closed","template":"","meta":{"_acf_changed":false,"_uag_custom_page_level_css":"","site-sidebar-layout":"default","site-content-layout":"content-boxed-container","ast-site-content-layout":"default","site-content-style":"default","site-sidebar-style":"default","ast-global-header-display":"","ast-banner-title-visibility":"","ast-main-header-display":"","ast-hfb-above-header-display":"","ast-hfb-below-header-display":"","ast-hfb-mobile-header-display":"","site-post-title":"disabled","ast-breadcrumbs-content":"disabled","ast-featured-img":"disabled","footer-sml-layout":"","ast-disable-related-posts":"","theme-transparent-header-meta":"","adv-header-id-meta":"4069","stick-header-meta":"","header-above-stick-meta":"","header-main-stick-meta":"","header-below-stick-meta":"","astra-migrate-meta-layouts":"default","ast-page-background-enabled":"default","ast-page-background-meta":{"desktop":{"background-color":"var(--ast-global-color-4)","background-image":"","background-repeat":"repeat","background-position":"center center","background-size":"auto","background-attachment":"scroll","background-type":"","background-media":"","overlay-type":"","overlay-color":"","overlay-opacity":"","overlay-gradient":""},"tablet":{"background-color":"","background-image":"","background-repeat":"repeat","background-position":"center center","background-size":"auto","background-attachment":"scroll","background-type":"","background-media":"","overlay-type":"","overlay-color":"","overlay-opacity":"","overlay-gradient":""},"mobile":{"background-color":"","background-image":"","background-repeat":"repeat","background-position":"center center","background-size":"auto","background-attachment":"scroll","background-type":"","background-media":"","overlay-type":"","overlay-color":"","overlay-opacity":"","overlay-gradient":""}},"ast-content-background-meta":{"desktop":{"background-color":"var(--ast-global-color-5)","background-image":"","background-repeat":"repeat","background-position":"center center","background-size":"auto","background-attachment":"scroll","background-type":"","background-media":"","overlay-type":"","overlay-color":"","overlay-opacity":"","overlay-gradient":""},"tablet":{"background-color":"var(--ast-global-color-5)","background-image":"","background-repeat":"repeat","background-position":"center center","background-size":"auto","background-attachment":"scroll","background-type":"","background-media":"","overlay-type":"","overlay-color":"","overlay-opacity":"","overlay-gradient":""},"mobile":{"background-color":"var(--ast-global-color-5)","background-image":"","background-repeat":"repeat","background-position":"center center","background-size":"auto","background-attachment":"scroll","background-type":"","background-media":"","overlay-type":"","overlay-color":"","overlay-opacity":"","overlay-gradient":""}},"footnotes":""},"class_list":["post-11297","page","type-page","status-publish","hentry"],"acf":[],"yoast_head":"<!-- This site is optimized with the Yoast SEO plugin v27.4 - https:\/\/yoast.com\/product\/yoast-seo-wordpress\/ -->\n<title>Kup dmuchany zamek | Dostawa do Polski<\/title>\n<meta name=\"description\" content=\"Z nami znajdziesz du\u017cy wyb\u00f3r wysokiej jako\u015bci ponton\u00f3w w \u015bwietnych wzorach! Dostawa mo\u017cliwa w ca\u0142ej Europie! Szybka wysy\u0142ka!\" \/>\n<meta name=\"robots\" content=\"index, follow, max-snippet:-1, max-image-preview:large, max-video-preview:-1\" \/>\n<link rel=\"canonical\" href=\"https:\/\/dodo-inflatables.com\/pl\/dostawa-do-polski\/\" \/>\n<script type=\"application\/ld+json\" class=\"yoast-schema-graph\">{\"@context\":\"https:\\\/\\\/schema.org\",\"@graph\":[{\"@type\":\"WebPage\",\"@id\":\"https:\\\/\\\/dodo-inflatables.com\\\/pl\\\/dostawa-do-polski\\\/\",\"url\":\"https:\\\/\\\/dodo-inflatables.com\\\/pl\\\/dostawa-do-polski\\\/\",\"name\":\"Kup dmuchany zamek | Dostawa do Polski\",\"isPartOf\":{\"@id\":\"https:\\\/\\\/dodo-inflatables.com\\\/pl\\\/#website\"},\"datePublished\":\"2020-04-22T10:16:39+00:00\",\"dateModified\":\"2024-06-01T15:18:20+00:00\",\"description\":\"Z nami znajdziesz du\u017cy wyb\u00f3r wysokiej jako\u015bci ponton\u00f3w w \u015bwietnych wzorach! Dostawa mo\u017cliwa w ca\u0142ej Europie! Szybka wysy\u0142ka!\",\"breadcrumb\":{\"@id\":\"https:\\\/\\\/dodo-inflatables.com\\\/pl\\\/dostawa-do-polski\\\/#breadcrumb\"},\"inLanguage\":\"pl-PL\",\"potentialAction\":[{\"@type\":\"ReadAction\",\"target\":[\"https:\\\/\\\/dodo-inflatables.com\\\/pl\\\/dostawa-do-polski\\\/\"]}]},{\"@type\":\"BreadcrumbList\",\"@id\":\"https:\\\/\\\/dodo-inflatables.com\\\/pl\\\/dostawa-do-polski\\\/#breadcrumb\",\"itemListElement\":[{\"@type\":\"ListItem\",\"position\":1,\"name\":\"Strona g\u0142\u00f3wna\",\"item\":\"https:\\\/\\\/dodo-inflatables.com\\\/pl\\\/\"},{\"@type\":\"ListItem\",\"position\":2,\"name\":\"Dostawa do Polski\"}]},{\"@type\":\"WebSite\",\"@id\":\"https:\\\/\\\/dodo-inflatables.com\\\/pl\\\/#website\",\"url\":\"https:\\\/\\\/dodo-inflatables.com\\\/pl\\\/\",\"name\":\"dodo-inflatables.com\",\"description\":\"Kup dmuchane zamki i atrakcje w naszym sklepie.\",\"publisher\":{\"@id\":\"https:\\\/\\\/dodo-inflatables.com\\\/pl\\\/#organization\"},\"potentialAction\":[{\"@type\":\"SearchAction\",\"target\":{\"@type\":\"EntryPoint\",\"urlTemplate\":\"https:\\\/\\\/dodo-inflatables.com\\\/pl\\\/?s={search_term_string}\"},\"query-input\":{\"@type\":\"PropertyValueSpecification\",\"valueRequired\":true,\"valueName\":\"search_term_string\"}}],\"inLanguage\":\"pl-PL\"},{\"@type\":\"Organization\",\"@id\":\"https:\\\/\\\/dodo-inflatables.com\\\/pl\\\/#organization\",\"name\":\"dodo-inflatables.com\",\"url\":\"https:\\\/\\\/dodo-inflatables.com\\\/pl\\\/\",\"logo\":{\"@type\":\"ImageObject\",\"inLanguage\":\"pl-PL\",\"@id\":\"https:\\\/\\\/dodo-inflatables.com\\\/pl\\\/#\\\/schema\\\/logo\\\/image\\\/\",\"url\":\"https:\\\/\\\/dodo-inflatables.com\\\/wp-content\\\/uploads\\\/2023\\\/04\\\/cropped-cropped-cropped-Dodo-Logo.png\",\"contentUrl\":\"https:\\\/\\\/dodo-inflatables.com\\\/wp-content\\\/uploads\\\/2023\\\/04\\\/cropped-cropped-cropped-Dodo-Logo.png\",\"width\":2996,\"height\":1545,\"caption\":\"dodo-inflatables.com\"},\"image\":{\"@id\":\"https:\\\/\\\/dodo-inflatables.com\\\/pl\\\/#\\\/schema\\\/logo\\\/image\\\/\"}}]}<\/script>\n<!-- \/ Yoast SEO plugin. -->","yoast_head_json":{"title":"Kup dmuchany zamek | Dostawa do Polski","description":"Z nami znajdziesz du\u017cy wyb\u00f3r wysokiej jako\u015bci ponton\u00f3w w \u015bwietnych wzorach! Dostawa mo\u017cliwa w ca\u0142ej Europie! Szybka wysy\u0142ka!","robots":{"index":"index","follow":"follow","max-snippet":"max-snippet:-1","max-image-preview":"max-image-preview:large","max-video-preview":"max-video-preview:-1"},"canonical":"https:\/\/dodo-inflatables.com\/pl\/dostawa-do-polski\/","schema":{"@context":"https:\/\/schema.org","@graph":[{"@type":"WebPage","@id":"https:\/\/dodo-inflatables.com\/pl\/dostawa-do-polski\/","url":"https:\/\/dodo-inflatables.com\/pl\/dostawa-do-polski\/","name":"Kup dmuchany zamek | Dostawa do Polski","isPartOf":{"@id":"https:\/\/dodo-inflatables.com\/pl\/#website"},"datePublished":"2020-04-22T10:16:39+00:00","dateModified":"2024-06-01T15:18:20+00:00","description":"Z nami znajdziesz du\u017cy wyb\u00f3r wysokiej jako\u015bci ponton\u00f3w w \u015bwietnych wzorach! Dostawa mo\u017cliwa w ca\u0142ej Europie! Szybka wysy\u0142ka!","breadcrumb":{"@id":"https:\/\/dodo-inflatables.com\/pl\/dostawa-do-polski\/#breadcrumb"},"inLanguage":"pl-PL","potentialAction":[{"@type":"ReadAction","target":["https:\/\/dodo-inflatables.com\/pl\/dostawa-do-polski\/"]}]},{"@type":"BreadcrumbList","@id":"https:\/\/dodo-inflatables.com\/pl\/dostawa-do-polski\/#breadcrumb","itemListElement":[{"@type":"ListItem","position":1,"name":"Strona g\u0142\u00f3wna","item":"https:\/\/dodo-inflatables.com\/pl\/"},{"@type":"ListItem","position":2,"name":"Dostawa do Polski"}]},{"@type":"WebSite","@id":"https:\/\/dodo-inflatables.com\/pl\/#website","url":"https:\/\/dodo-inflatables.com\/pl\/","name":"dodo-inflatables.com","description":"Kup dmuchane zamki i atrakcje w naszym sklepie.","publisher":{"@id":"https:\/\/dodo-inflatables.com\/pl\/#organization"},"potentialAction":[{"@type":"SearchAction","target":{"@type":"EntryPoint","urlTemplate":"https:\/\/dodo-inflatables.com\/pl\/?s={search_term_string}"},"query-input":{"@type":"PropertyValueSpecification","valueRequired":true,"valueName":"search_term_string"}}],"inLanguage":"pl-PL"},{"@type":"Organization","@id":"https:\/\/dodo-inflatables.com\/pl\/#organization","name":"dodo-inflatables.com","url":"https:\/\/dodo-inflatables.com\/pl\/","logo":{"@type":"ImageObject","inLanguage":"pl-PL","@id":"https:\/\/dodo-inflatables.com\/pl\/#\/schema\/logo\/image\/","url":"https:\/\/dodo-inflatables.com\/wp-content\/uploads\/2023\/04\/cropped-cropped-cropped-Dodo-Logo.png","contentUrl":"https:\/\/dodo-inflatables.com\/wp-content\/uploads\/2023\/04\/cropped-cropped-cropped-Dodo-Logo.png","width":2996,"height":1545,"caption":"dodo-inflatables.com"},"image":{"@id":"https:\/\/dodo-inflatables.com\/pl\/#\/schema\/logo\/image\/"}}]}},"uagb_featured_image_src":{"full":false,"thumbnail":false,"medium":false,"medium_large":false,"large":false,"1536x1536":false,"2048x2048":false,"woocommerce_thumbnail":false,"woocommerce_single":false,"woocommerce_gallery_thumbnail":false},"uagb_author_info":{"display_name":"Andreas","author_link":"https:\/\/dodo-inflatables.com\/pl\/author\/andreas\/"},"uagb_comment_info":0,"uagb_excerpt":"Dostawa do Polski Z przyjemno\u015bci\u0105 dostarczamy po\u017c\u0105dany dmuchany zamek do Polski. Jako osoba prywatna zostanie naliczony niemiecki podatek VAT. Mo\u017cesz regularnie realizowa\u0107 zam\u00f3wienie za po\u015brednictwem sklepu internetowego. Zamawia\u0107 jako firma i mie\u0107 wa\u017cny numer podatku od sprzeda\u017cy (VAT)? Nast\u0119pnie mo\u017cemy sprzeda\u0107 ci towary wolne od podatku. W tym celu prosimy o z\u0142o\u017cenie zam\u00f3wienia przez e-mail.","_links":{"self":[{"href":"https:\/\/dodo-inflatables.com\/pl\/wp-json\/wp\/v2\/pages\/11297","targetHints":{"allow":["GET"]}}],"collection":[{"href":"https:\/\/dodo-inflatables.com\/pl\/wp-json\/wp\/v2\/pages"}],"about":[{"href":"https:\/\/dodo-inflatables.com\/pl\/wp-json\/wp\/v2\/types\/page"}],"author":[{"embeddable":true,"href":"https:\/\/dodo-inflatables.com\/pl\/wp-json\/wp\/v2\/users\/1"}],"replies":[{"embeddable":true,"href":"https:\/\/dodo-inflatables.com\/pl\/wp-json\/wp\/v2\/comments?post=11297"}],"version-history":[{"count":2,"href":"https:\/\/dodo-inflatables.com\/pl\/wp-json\/wp\/v2\/pages\/11297\/revisions"}],"predecessor-version":[{"id":11299,"href":"https:\/\/dodo-inflatables.com\/pl\/wp-json\/wp\/v2\/pages\/11297\/revisions\/11299"}],"wp:attachment":[{"href":"https:\/\/dodo-inflatables.com\/pl\/wp-json\/wp\/v2\/media?parent=11297"}],"curies":[{"name":"wp","href":"https:\/\/api.w.org\/{rel}","templated":true}]}}