{"id":11300,"date":"2019-03-01T12:01:47","date_gmt":"2019-03-01T11:01:47","guid":{"rendered":"https:\/\/dodo-inflatables.com\/nasi-partnerzy\/"},"modified":"2024-08-19T14:35:52","modified_gmt":"2024-08-19T12:35:52","slug":"nasi-partnerzy","status":"publish","type":"page","link":"https:\/\/dodo-inflatables.com\/pl\/nasi-partnerzy\/","title":{"rendered":"Nasi partnerzy"},"content":{"rendered":"\n<figure class=\"wp-block-image alignfull size-large\"><a href=\"https:\/\/dodo-inflatables.com\/wp-content\/uploads\/2022\/01\/banner_dunkel-kleiner-1.jpg\"><img decoding=\"async\" src=\"https:\/\/dodo-inflatables.com\/wp-content\/uploads\/2022\/01\/banner_dunkel-kleiner-1-1024x397.jpg\" alt=\"\" class=\"wp-image-4055\"\/><\/a><\/figure>\n\n<div style=\"height:100px\" aria-hidden=\"true\" class=\"wp-block-spacer\"><\/div>\n\n<h1 class=\"wp-block-heading has-text-align-center\" id=\"unser-vermieter-netzwerk\">Nasza sie\u0107 wypo\u017cyczalni<\/h1>\n\n<figure class=\"wp-block-image aligncenter size-large\"><a href=\"https:\/\/dodo-inflatables.com\/wp-content\/uploads\/2022\/01\/seperator-kleiner.png\"><img fetchpriority=\"high\" decoding=\"async\" width=\"1024\" height=\"102\" src=\"https:\/\/dodo-inflatables.com\/wp-content\/uploads\/2022\/01\/seperator-kleiner-1024x102.png\" alt=\"\" class=\"wp-image-4026\" srcset=\"https:\/\/dodo-inflatables.com\/wp-content\/uploads\/2022\/01\/seperator-kleiner-1024x102.png 1024w, https:\/\/dodo-inflatables.com\/wp-content\/uploads\/2022\/01\/seperator-kleiner-900x90.png 900w, https:\/\/dodo-inflatables.com\/wp-content\/uploads\/2022\/01\/seperator-kleiner-300x30.png 300w, https:\/\/dodo-inflatables.com\/wp-content\/uploads\/2022\/01\/seperator-kleiner-768x77.png 768w, https:\/\/dodo-inflatables.com\/wp-content\/uploads\/2022\/01\/seperator-kleiner-1536x154.png 1536w, https:\/\/dodo-inflatables.com\/wp-content\/uploads\/2022\/01\/seperator-kleiner-340x34.png 340w, https:\/\/dodo-inflatables.com\/wp-content\/uploads\/2022\/01\/seperator-kleiner.png 2000w\" sizes=\"(max-width: 1024px) 100vw, 1024px\" \/><\/a><\/figure>\n\n<div class=\"wp-block-columns has-2-columns is-layout-flex wp-container-core-columns-is-layout-28f84493 wp-block-columns-is-layout-flex\">\n<div class=\"wp-block-column is-layout-flow wp-block-column-is-layout-flow\">\n<h3 class=\"wp-block-heading has-text-align-center\" id=\"ihre-vorteile-als-interessent\">Korzy\u015bci dla zainteresowanej strony<\/h3>\n\n\n\n<p>Czy uwa\u017casz, \u017ce nasze nadmuchiwane modele s\u0105 szczeg\u00f3lnie atrakcyjne i chcia\u0142by\u015b wynaj\u0105\u0107 jeden z naszych nadmuchiwanych modeli poza Monachium? A mo\u017ce sam jeste\u015b wypo\u017cyczalni\u0105 i chcia\u0142by\u015b zobaczy\u0107 nasze dmucha\u0144ce z bliska?<\/p>\n\n\n\n<p>W takim razie mamy co\u015b dla Ciebie! W naszym ekskluzywnym przegl\u0105dzie firm wynajmuj\u0105cych znajdziesz firmy wynajmuj\u0105ce w Twojej okolicy, kt\u00f3re ju\u017c maj\u0105 nasze dmucha\u0144ce w swoim asortymencie.<\/p>\n<\/div>\n\n\n\n<div class=\"wp-block-column is-layout-flow wp-block-column-is-layout-flow\">\n<h3 class=\"wp-block-heading has-text-align-center\" id=\"ihre-vorteile-als-vermieter\">Zalety dzia\u0142alno\u015bci w zakresie wynajmu<\/h3>\n\n\n\n<p>Prowadzisz wypo\u017cyczalni\u0119 i masz ju\u017c w swojej ofercie dwa lub wi\u0119cej naszych ponton\u00f3w? Skorzystaj z okazji i zosta\u0144 naszym wy\u0142\u0105cznym partnerem w zakresie wynajmu. Wielu potencjalnych najemc\u00f3w pyta nas, czy wynajmujemy r\u00f3wnie\u017c nasze pontony w ca\u0142ych Niemczech. Poniewa\u017c sami sprzedajemy i wynajmujemy pontony w Monachium, oferujemy mo\u017cliwo\u015b\u0107 zaprezentowania si\u0119 tym zainteresowanym stronom.<\/p>\n<\/div>\n<\/div>\n\r\n            \r\n            \r\n            \r\n            <a name='map1'><\/a>\r\n            \r\n            \r\n            \r\n            \r\n            <div class=\"wpgmza_map \"  id=\"wpgmza_map_1\" style=\"display:block; overflow:auto; width:100%; height:600px; float:left;\" data-settings='{\"id\":\"1\",\"map_title\":\"Meine erste Karte\",\"map_width\":\"100\",\"map_height\":\"600\",\"map_start_lat\":\"54.24117800000002\",\"map_start_lng\":\"12.419100999999987\",\"map_start_location\":\"53.574361,9.720493\",\"map_start_zoom\":\"5\",\"default_marker\":\"\",\"type\":\"1\",\"alignment\":\"1\",\"directions_enabled\":\"1\",\"styling_enabled\":\"0\",\"styling_json\":\"\",\"active\":\"0\",\"kml\":\"\",\"bicycle\":\"0\",\"traffic\":\"0\",\"dbox\":\"1\",\"dbox_width\":\"100\",\"listmarkers\":\"0\",\"listmarkers_advanced\":\"0\",\"filterbycat\":\"0\",\"ugm_enabled\":\"0\",\"ugm_category_enabled\":\"0\",\"fusion\":\"\",\"map_width_type\":\"%\",\"map_height_type\":\"px\",\"mass_marker_support\":\"1\",\"ugm_access\":\"0\",\"order_markers_by\":\"1\",\"order_markers_choice\":\"2\",\"show_user_location\":\"1\",\"default_to\":\"\",\"other_settings\":{\"store_locator_style\":\"legacy\",\"wpgmza_store_locator_radius_style\":\"legacy\",\"directions_box_style\":\"default\",\"wpgmza_dbox_width_type\":\"%\",\"map_max_zoom\":\"1\",\"map_min_zoom\":\"21\",\"sl_stroke_color\":\"#000000\",\"sl_stroke_opacity\":\"\",\"sl_fill_color\":\"#000000\",\"sl_fill_opacity\":\"\",\"automatically_pan_to_users_location\":false,\"override_users_location_zoom_level\":false,\"click_open_link\":true,\"hide_point_of_interest\":true,\"wpgmza_auto_night\":0,\"transport_layer\":false,\"iw_primary_color\":\"#000000\",\"iw_accent_color\":\"#000000\",\"iw_text_color\":\"#000000\",\"wpgmza_iw_type\":\"0\",\"list_markers_by\":\"2\",\"push_in_map\":\"\",\"push_in_map_placement\":\"9\",\"wpgmza_push_in_map_width\":\"\",\"wpgmza_push_in_map_height\":\"\",\"wpgmza_theme_data\":\"\",\"upload_default_ul_marker\":\"\",\"upload_default_sl_marker\":\"\",\"shortcodeAttributes\":{\"id\":\"1\"},\"action\":\"wpgmza_save_map\",\"redirect_to\":\"\\\/wp-admin\\\/admin-post.php\",\"map_id\":\"1\",\"http_referer\":\"\\\/wp-admin\\\/admin.php?page=wp-google-maps-menu&amp;amp;action=edit&amp;amp;map_id=1\",\"wpgmza_id\":\"1\",\"wpgmza_start_location\":\"54.24117800000002,12.419100999999987\",\"wpgmza_start_zoom\":\"5\",\"default_from\":\"\",\"directions_behaviour\":\"default\",\"force_google_directions_app\":false,\"directions_route_origin_icon\":\"https:\\\/\\\/dodo-inflatables.com\\\/wp-content\\\/plugins\\\/wp-google-maps\\\/images\\\/spotlight-poi2.png\",\"directions_origin_retina\":false,\"directions_route_destination_icon\":\"https:\\\/\\\/dodo-inflatables.com\\\/wp-content\\\/plugins\\\/wp-google-maps\\\/images\\\/spotlight-poi2.png\",\"directions_destination_retina\":false,\"directions_route_stroke_color\":\"#4f8df5\",\"directions_route_stroke_weight\":\"4\",\"directions_route_stroke_opacity\":\"0.8\",\"store_locator_enabled\":false,\"store_locator_search_area\":\"radial\",\"wpgmza_store_locator_default_radius\":\"10\",\"store_locator_auto_area_max_zoom\":\"\",\"wpgmza_store_locator_restrict\":\"\",\"store_locator_distance\":false,\"wpgmza_store_locator_position\":false,\"wpgmza_store_locator_category_enabled\":false,\"wpgmza_store_locator_use_their_location\":false,\"wpgmza_store_locator_bounce\":false,\"retina\":false,\"wpgmza_sl_animation\":\"0\",\"wpgmza_store_locator_hide_before_search\":false,\"wpgmza_store_locator_query_string\":\"\",\"wpgmza_store_locator_default_address\":\"\",\"wpgmza_store_locator_name_search\":false,\"wpgmza_store_locator_name_string\":\"\",\"wpgmza_store_locator_not_found_message\":\"\",\"wpgmza_map_align\":\"1\",\"jump_to_nearest_marker_on_initialization\":false,\"show_distance_from_location\":false,\"fit_maps_bounds_to_markers\":false,\"fit_maps_bounds_to_markers_after_filtering\":false,\"wpgmza_zoom_on_marker_click\":false,\"wpgmza_zoom_on_marker_click_slider\":\"\",\"close_infowindow_on_map_click\":false,\"disable_lightbox_images\":false,\"use_Raw_Jpeg_Coordinates\":false,\"polygon_labels\":false,\"wpgmza_kml\":\"\",\"enable_advanced_custom_fields_integration\":false,\"enable_toolset_woocommerce_integration\":false,\"only_load_markers_within_viewport\":false,\"wpgmza_listmarkers_by\":\"4\",\"wpgmza_marker_listing_position\":false,\"wpgmza_push_in_map\":false,\"wpgmza_push_in_map_placement\":\"1\",\"datatable_no_result_message\":\"\",\"remove_search_box_datables\":false,\"dataTable_pagination_style\":\"default\",\"datatable_search_string\":\"\",\"datatable_result_start\":\"\",\"datatable_result_of\":\"\",\"datatable_result_to\":\"\",\"datatable_result_total\":\"\",\"datatable_result_show\":\"\",\"datatable_result_entries\":\"\",\"wpgmza_savemap\":\"Karte speichern \\u00bb\",\"directions_fit_bounds_to_route\":false,\"store_locator_show_distance\":false,\"store_locator_category\":false,\"upload_default_sl_marker_retina\":false,\"store_locator_query_string\":\"\",\"store_locator_default_address\":\"\",\"store_locator_name_search\":false,\"store_locator_name_string\":\"\",\"store_locator_not_found_message\":\"\",\"upload_default_ul_marker_retina\":false,\"override_users_location_zoom_levels\":\"\",\"disable_polygon_info_windows\":false,\"zoom_level_on_marker_listing_override\":false,\"zoom_level_on_marker_listing_click\":\"\",\"store_locator_location_placeholder\":\"\",\"marker_listing_disable_zoom\":false}}' data-map-id='1' data-shortcode-attributes='{\"id\":\"1\"}'> <\/div>\r\n            \r\n            <div data-wpgmza-table data-wpgmza-php-class=\"WPGMZA\\MarkerListing\\BasicList\" data-wpgmza-rest-api-route=\"\/marker-listing\/\" data-wpgmza-marker-listing=\"true\" class=\"wpgmza_marker_list_class\" style=\"width:100%;\" data-wpgmza-ajax-parameters='{\"map_id\":\"1\"}' id=\"wpgmza_marker_list_1\"><\/div>   \r\n        <div style=\"display:block; width:100%;\">\r\n\t\t\t\t\r\n\t\t\t\t<div class=\"wpgmza-directions-box wpgmaps_directions_outer_div style-default\" data-map-id=\"1\" style=\"width:100%;display:none;clear:both;\" id=\"wpgmaps_directions_edit_1\">\n\t<h2 class=\"wpgmza-directions-box__title\">Wyznaczanie trasy<\/h2>\n\t\n\t<div class=\"wpgmza-directions-box-inner\" id=\"wpgmaps_directions_editbox_1\">\n\t\t<div class=\"wpgmza-directions-actions wpgmza-form-field\">\n\t\t\t<div class=\"wpgmza-directions__travel-mode\">\n\t\t\t\t<span class=\"wpgmza-travel-mode-option wpgmza-travel-option__selected\" data-mode=\"driving\">\n\t\t\t\t\t<img decoding=\"async\" src=\"https:\/\/dodo-inflatables.com\/wp-content\/plugins\/wp-google-maps-pro\/images\/icons\/directions_car.png\">\n\t\t\t\t<\/span>\n\t\t\t\t<span class=\"wpgmza-travel-mode-option\" data-mode=\"walking\">\n\t\t\t\t\t<img decoding=\"async\" src=\"https:\/\/dodo-inflatables.com\/wp-content\/plugins\/wp-google-maps-pro\/images\/icons\/directions_walking.png\">\n\t\t\t\t<\/span>\n\t\t\t\t<span class=\"wpgmza-travel-mode-option\" data-mode=\"transit\">\n\t\t\t\t\t<img decoding=\"async\" src=\"https:\/\/dodo-inflatables.com\/wp-content\/plugins\/wp-google-maps-pro\/images\/icons\/directions_transit.png\">\n\t\t\t\t<\/span>\n\t\t\t\t<span class=\"wpgmza-travel-mode-option\" data-mode=\"bicycling\">\n\t\t\t\t\t<img decoding=\"async\" src=\"https:\/\/dodo-inflatables.com\/wp-content\/plugins\/wp-google-maps-pro\/images\/icons\/directions_bike.png\">\n\t\t\t\t<\/span>\n\t\t\t<\/div>\n\n\t\t\t<div class=\"wpgmza-directions-locations\">\n\t\t\t\t<div class=\"wpgmza-directions-from wpgmza-form-field\">\n\n\t\t\t\t\t<i class=\"wpgmza-directions-from__icon fa fa-circle\"><\/i>\n\t\t\t\n\t\t\t\t\t<label class=\"wpgmza-form-field__label\" for=\"wpgmza_input_from_1\">\n\t\t\t\t\t\tz\t\t\t\t\t<\/label>\n\t\t\t\t\t\n\t\t\t\t\t<input class=\"wpgmza-address wpgmza-directions-from wpgmza-form-field__input\" type=\"text\" placeholder=\"z\" value=\"\" id=\"wpgmza_input_from_1\" aria-label=\"z\">\n\t\t\t\t\n\t\t\t\t<\/div>\n\n\t\t\t\t<div class=\"wpgmza-directions-to wpgmza-form-field wpgmaps_to_row\">\n\n\t\t\t\t\t<i class=\"wpgmza-directions-to__icon fa fas fa-map-marker\"><\/i>\n\n\t\t\t\t\t<label class=\"wpgmza-form-field__label\" for=\"wpgmza_input_to_1\">\n\t\t\t\t\t\tdo\t\t\t\t\t<\/label>\n\t\t\t\t\t<input class=\"wpgmza-address wpgmza-form-field__input wpgmza-directions-to\" type=\"text\" placeholder=\"do\" value=\"\" id=\"wpgmza_input_to_1\" aria-label=\"do\">\n\t\t\t\t<\/div>\n\t\t\t\t\n\t\t\t\t<div class=\"wpgmza-waypoint-via wpgmza-form-field wpgmza-form-field--no-pad wpgmaps_via wpgmaps_template\">\n\n\t\t\t\t\t<i class=\"wpgmza-directions-from__icon fa fa-circle\"><\/i>\n\t\t\t\t\n\t\t\t\t\t<input class=\"wpgmza-waypoint-via wpgmza-form-field__input wpgmaps_via\" type=\"text\" placeholder=\"Via\">\n\t\t\t\t\t\n\t\t\t\t\t<button href=\"javascript:%20;\" class=\"wpgmza_remove_via\">\n\t\t\t\t\t\t<i class=\"fa fa-times\"><\/i>\n\t\t\t\t\t<\/button>\n\t\t\t\t\t\n\t\t\t\t<\/div>\n\t\t\t\t\n\t\t\t\t<div class=\"wpgmza-add-waypoint wpgmza-form-field wpgmza-form-field--no-pad wpgmaps_add_waypoint\">\n\t\t\t\t\t<div class=\"wpgmaps_add_waypoint\">\n\t\t\t\t\t\t<a href=\"javascript:%20;\" class=\"wpgmaps_add_waypoint\" mapid=\"1\">\n\t\t\t\t\t\t\t<i class=\"fa fa-plus-circle\" aria-hidden=\"true\"><\/i>\n\t\t\t\t\t\t\tDodaj linie \u0142aman\u0105\t\t\t\t\t\t<\/a>\n\t\t\t\t\t<\/div>\n\t\t\t\t<\/div>\n\t\t\t<\/div>\n\n\t\t\t<div class=\"wpgmza-hidden\">\n\t\t\t<label class=\"wpgmza-travel-mode wpgmza-form-field__label\" for=\"wpgmza_dir_type_1\">\n\t\t\t\tdla\t\t\t<\/label>\n\t\t\t<select class=\"wpgmza-travel-mode wpgmza-form-field__input\" name=\"wpgmza_dir_type_1\" id=\"wpgmza_dir_type_1\" aria-label=\"dla\">\n\t\t\t\t<option value=\"driving\">\n\t\t\t\t\tsamochodem\t\t\t\t<\/option>\n\t\t\t\t<option value=\"walking\">\n\t\t\t\t\tspacerem\t\t\t\t<\/option>\n\t\t\t\t<option value=\"transit\">\n\t\t\t\t\tTransit\t\t\t\t<\/option>\n\t\t\t\t<option value=\"bicycling\">\n\t\t\t\t\tna rowerze\t\t\t\t<\/option>\n\t\t\t<\/select>\n\t\t\t<\/div>\n\t\t<\/div>\n\t\t\t\n\t\t<div class=\"wpgmza-directions-options__section\">\n\t\t\t<a href=\"javascript:;\" class=\"wpgmza-show-directions-options\" id=\"wpgmza_show_options_1\" mapid=\"1\">\n\t\t\t\tpoka\u017c opcje\t\t\t<\/a>\n\t\t\t\n\t\t\t<a href=\"javascript:;\" class=\"wpgmza-hide-directions-options\" id=\"wpgmza_hide_options_1\" mapid=\"1\">\n\t\t\t\tukryj opcje\t\t\t<\/a>\n\t\t\t\n\t\t\t<div class=\"wpgmza-directions-options wpgmza-form-field wpgmza-form-field--no-pad wpgmza_dir_options\">\n\t\t\t\t<label class=\"class\">\n\t\t\t\t\t<input type=\"checkbox\" class=\"wpgmza-avoid-tolls\" value=\"tolls\" name=\"wpgmza_tolls_1\" id=\"wpgmza_tolls_1\">\n\t\t\t\t\tunikaj dr\u00f3g p\u0142atnych\t\t\t\t<\/label>\n\t\t\t\t<label class=\"class\">\n\t\t\t\t\t<input type=\"checkbox\" class=\"wpgmza-avoid-highways\" value=\"highways\" name=\"wpgmza_highways_1\" id=\"wpgmza_highways_1\">\n\t\t\t\t\tunikaj autostrad\t\t\t\t<\/label>\n\t\t\t\t<label class=\"class\">\n\t\t\t\t\t<input type=\"checkbox\" class=\"wpgmza-avoid-ferries\" value=\"ferries\" name=\"wpgmza_ferries_1\" id=\"wpgmza_ferries_1\">\n\t\t\t\t\tAvoid Ferries\t\t\t\t<\/label>\n\t\t\t<\/div>\n\t\t<\/div>\n\t\t\n\t<\/div>\n\t\n\t<div class=\"wpgmza-directions-buttons wpgmza-form-field wpgmaps_to_row\">\n\t\t<input class=\"wpgmza-get-directions wpgmaps_get_directions\" onclick=\"javascript: ;\" type=\"button\" value=\"Start\" id=\"1\">\n\t\t\n\t\t<span class=\"wpgmza-directions-result__buttons\">\n\t\t\t<a class=\"wpgmza-print-directions\" style=\"display: none;\" onclick=\"javascript: ;\" mapid=\"1\">\n\t\t\t\tWyznaczanie trasy\t\t\t<\/a>\n\t\t\t\n\t\t\t<a class=\"wpgmza-reset-directions\" style=\"display: none;\" onclick=\"javascript: ;\" mapid=\"1\">\n\t\t\t\tWyczy\u015b\u0107 wskaz\u00f3wki\t\t\t<\/a>\n\t\t<\/span>\n\t<\/div>\n<\/div>\r\n\t\t\t\t\r\n\t\t\t\t<div id=\"wpgmaps_directions_notification_1\" style=\"display:none;\">Pobieranie wskaz\u00f3wek......<\/div>\r\n\t\t\t\t\r\n\t\t\t\t<div id=\"wpgmaps_directions_reset_1\" style=\"display:none;\">\r\n\r\n\t\t\t\t\t<a href='javascript:void(0)' onclick='wpgmza_reset_directions(1);' id='wpgmaps_reset_directions' title='Wyczy\u015b\u0107 wskaz\u00f3wki'>Wyczy\u015b\u0107 wskaz\u00f3wki<\/a>\r\n\t\t\t\t\t<br \/>\r\n\t\t\t\t\t<a href='javascript: ;' id='wpgmaps_print_directions_1' target='_blank' title='Wyznaczanie trasy'>Wyznaczanie trasy<\/a>\r\n\t\t\t\t<\/div>\r\n\t\t\t\t\r\n\t\t\t\t<div id=\"directions_panel_1\"><\/div>\r\n\r\n\t\t\t<\/div>\n\n<div style=\"height:100px\" aria-hidden=\"true\" class=\"wp-block-spacer\"><\/div>\n","protected":false},"excerpt":{"rendered":"<p>Nasza sie\u0107 wypo\u017cyczalni Korzy\u015bci dla zainteresowanej strony Czy uwa\u017casz, \u017ce nasze nadmuchiwane modele s\u0105 szczeg\u00f3lnie atrakcyjne i chcia\u0142by\u015b wynaj\u0105\u0107 jeden z naszych nadmuchiwanych modeli poza Monachium? A mo\u017ce sam jeste\u015b wypo\u017cyczalni\u0105 i chcia\u0142by\u015b zobaczy\u0107 nasze dmucha\u0144ce z bliska? W takim razie mamy co\u015b dla Ciebie! W naszym ekskluzywnym przegl\u0105dzie firm wynajmuj\u0105cych znajdziesz firmy wynajmuj\u0105ce w [&hellip;]<\/p>\n","protected":false},"author":1,"featured_media":0,"parent":0,"menu_order":0,"comment_status":"closed","ping_status":"closed","template":"","meta":{"_acf_changed":false,"_uag_custom_page_level_css":"","site-sidebar-layout":"default","site-content-layout":"","ast-site-content-layout":"default","site-content-style":"default","site-sidebar-style":"default","ast-global-header-display":"","ast-banner-title-visibility":"","ast-main-header-display":"","ast-hfb-above-header-display":"","ast-hfb-below-header-display":"","ast-hfb-mobile-header-display":"","site-post-title":"disabled","ast-breadcrumbs-content":"","ast-featured-img":"","footer-sml-layout":"","ast-disable-related-posts":"","theme-transparent-header-meta":"","adv-header-id-meta":"","stick-header-meta":"","header-above-stick-meta":"","header-main-stick-meta":"","header-below-stick-meta":"","astra-migrate-meta-layouts":"default","ast-page-background-enabled":"default","ast-page-background-meta":{"desktop":{"background-color":"var(--ast-global-color-4)","background-image":"","background-repeat":"repeat","background-position":"center center","background-size":"auto","background-attachment":"scroll","background-type":"","background-media":"","overlay-type":"","overlay-color":"","overlay-opacity":"","overlay-gradient":""},"tablet":{"background-color":"","background-image":"","background-repeat":"repeat","background-position":"center center","background-size":"auto","background-attachment":"scroll","background-type":"","background-media":"","overlay-type":"","overlay-color":"","overlay-opacity":"","overlay-gradient":""},"mobile":{"background-color":"","background-image":"","background-repeat":"repeat","background-position":"center center","background-size":"auto","background-attachment":"scroll","background-type":"","background-media":"","overlay-type":"","overlay-color":"","overlay-opacity":"","overlay-gradient":""}},"ast-content-background-meta":{"desktop":{"background-color":"var(--ast-global-color-5)","background-image":"","background-repeat":"repeat","background-position":"center center","background-size":"auto","background-attachment":"scroll","background-type":"","background-media":"","overlay-type":"","overlay-color":"","overlay-opacity":"","overlay-gradient":""},"tablet":{"background-color":"var(--ast-global-color-5)","background-image":"","background-repeat":"repeat","background-position":"center center","background-size":"auto","background-attachment":"scroll","background-type":"","background-media":"","overlay-type":"","overlay-color":"","overlay-opacity":"","overlay-gradient":""},"mobile":{"background-color":"var(--ast-global-color-5)","background-image":"","background-repeat":"repeat","background-position":"center center","background-size":"auto","background-attachment":"scroll","background-type":"","background-media":"","overlay-type":"","overlay-color":"","overlay-opacity":"","overlay-gradient":""}},"footnotes":""},"class_list":["post-11300","page","type-page","status-publish","hentry"],"acf":[],"yoast_head":"<!-- This site is optimized with the Yoast SEO plugin v27.5 - https:\/\/yoast.com\/product\/yoast-seo-wordpress\/ -->\n<title>Dodo-Inflatables.com | Zobacz, kto ju\u017c przekona\u0142 si\u0119 do naszych dmucha\u0144c\u00f3w<\/title>\n<meta name=\"robots\" content=\"index, follow, max-snippet:-1, max-image-preview:large, max-video-preview:-1\" \/>\n<link rel=\"canonical\" href=\"https:\/\/dodo-inflatables.com\/pl\/nasi-partnerzy\/\" \/>\n<meta name=\"twitter:label1\" content=\"Szacowany czas czytania\" \/>\n\t<meta name=\"twitter:data1\" content=\"1 minuta\" \/>\n<script type=\"application\/ld+json\" class=\"yoast-schema-graph\">{\"@context\":\"https:\\\/\\\/schema.org\",\"@graph\":[{\"@type\":\"WebPage\",\"@id\":\"https:\\\/\\\/dodo-inflatables.com\\\/pl\\\/nasi-partnerzy\\\/\",\"url\":\"https:\\\/\\\/dodo-inflatables.com\\\/pl\\\/nasi-partnerzy\\\/\",\"name\":\"Dodo-Inflatables.com | Zobacz, kto ju\u017c przekona\u0142 si\u0119 do naszych dmucha\u0144c\u00f3w\",\"isPartOf\":{\"@id\":\"https:\\\/\\\/dodo-inflatables.com\\\/pl\\\/#website\"},\"primaryImageOfPage\":{\"@id\":\"https:\\\/\\\/dodo-inflatables.com\\\/pl\\\/nasi-partnerzy\\\/#primaryimage\"},\"image\":{\"@id\":\"https:\\\/\\\/dodo-inflatables.com\\\/pl\\\/nasi-partnerzy\\\/#primaryimage\"},\"thumbnailUrl\":\"https:\\\/\\\/dodo-inflatables.com\\\/wp-content\\\/uploads\\\/2022\\\/01\\\/banner_dunkel-kleiner-1-1024x397.jpg\",\"datePublished\":\"2019-03-01T11:01:47+00:00\",\"dateModified\":\"2024-08-19T12:35:52+00:00\",\"breadcrumb\":{\"@id\":\"https:\\\/\\\/dodo-inflatables.com\\\/pl\\\/nasi-partnerzy\\\/#breadcrumb\"},\"inLanguage\":\"pl-PL\",\"potentialAction\":[{\"@type\":\"ReadAction\",\"target\":[\"https:\\\/\\\/dodo-inflatables.com\\\/pl\\\/nasi-partnerzy\\\/\"]}]},{\"@type\":\"ImageObject\",\"inLanguage\":\"pl-PL\",\"@id\":\"https:\\\/\\\/dodo-inflatables.com\\\/pl\\\/nasi-partnerzy\\\/#primaryimage\",\"url\":\"https:\\\/\\\/dodo-inflatables.com\\\/wp-content\\\/uploads\\\/2022\\\/01\\\/banner_dunkel-kleiner-1-1024x397.jpg\",\"contentUrl\":\"https:\\\/\\\/dodo-inflatables.com\\\/wp-content\\\/uploads\\\/2022\\\/01\\\/banner_dunkel-kleiner-1-1024x397.jpg\"},{\"@type\":\"BreadcrumbList\",\"@id\":\"https:\\\/\\\/dodo-inflatables.com\\\/pl\\\/nasi-partnerzy\\\/#breadcrumb\",\"itemListElement\":[{\"@type\":\"ListItem\",\"position\":1,\"name\":\"Strona g\u0142\u00f3wna\",\"item\":\"https:\\\/\\\/dodo-inflatables.com\\\/pl\\\/\"},{\"@type\":\"ListItem\",\"position\":2,\"name\":\"Nasi partnerzy\"}]},{\"@type\":\"WebSite\",\"@id\":\"https:\\\/\\\/dodo-inflatables.com\\\/pl\\\/#website\",\"url\":\"https:\\\/\\\/dodo-inflatables.com\\\/pl\\\/\",\"name\":\"dodo-inflatables.com\",\"description\":\"Kup dmuchane zamki i atrakcje w naszym sklepie.\",\"potentialAction\":[{\"@type\":\"SearchAction\",\"target\":{\"@type\":\"EntryPoint\",\"urlTemplate\":\"https:\\\/\\\/dodo-inflatables.com\\\/pl\\\/?s={search_term_string}\"},\"query-input\":{\"@type\":\"PropertyValueSpecification\",\"valueRequired\":true,\"valueName\":\"search_term_string\"}}],\"inLanguage\":\"pl-PL\"}]}<\/script>\n<!-- \/ Yoast SEO plugin. -->","yoast_head_json":{"title":"Dodo-Inflatables.com | Zobacz, kto ju\u017c przekona\u0142 si\u0119 do naszych dmucha\u0144c\u00f3w","robots":{"index":"index","follow":"follow","max-snippet":"max-snippet:-1","max-image-preview":"max-image-preview:large","max-video-preview":"max-video-preview:-1"},"canonical":"https:\/\/dodo-inflatables.com\/pl\/nasi-partnerzy\/","twitter_misc":{"Szacowany czas czytania":"1 minuta"},"schema":{"@context":"https:\/\/schema.org","@graph":[{"@type":"WebPage","@id":"https:\/\/dodo-inflatables.com\/pl\/nasi-partnerzy\/","url":"https:\/\/dodo-inflatables.com\/pl\/nasi-partnerzy\/","name":"Dodo-Inflatables.com | Zobacz, kto ju\u017c przekona\u0142 si\u0119 do naszych dmucha\u0144c\u00f3w","isPartOf":{"@id":"https:\/\/dodo-inflatables.com\/pl\/#website"},"primaryImageOfPage":{"@id":"https:\/\/dodo-inflatables.com\/pl\/nasi-partnerzy\/#primaryimage"},"image":{"@id":"https:\/\/dodo-inflatables.com\/pl\/nasi-partnerzy\/#primaryimage"},"thumbnailUrl":"https:\/\/dodo-inflatables.com\/wp-content\/uploads\/2022\/01\/banner_dunkel-kleiner-1-1024x397.jpg","datePublished":"2019-03-01T11:01:47+00:00","dateModified":"2024-08-19T12:35:52+00:00","breadcrumb":{"@id":"https:\/\/dodo-inflatables.com\/pl\/nasi-partnerzy\/#breadcrumb"},"inLanguage":"pl-PL","potentialAction":[{"@type":"ReadAction","target":["https:\/\/dodo-inflatables.com\/pl\/nasi-partnerzy\/"]}]},{"@type":"ImageObject","inLanguage":"pl-PL","@id":"https:\/\/dodo-inflatables.com\/pl\/nasi-partnerzy\/#primaryimage","url":"https:\/\/dodo-inflatables.com\/wp-content\/uploads\/2022\/01\/banner_dunkel-kleiner-1-1024x397.jpg","contentUrl":"https:\/\/dodo-inflatables.com\/wp-content\/uploads\/2022\/01\/banner_dunkel-kleiner-1-1024x397.jpg"},{"@type":"BreadcrumbList","@id":"https:\/\/dodo-inflatables.com\/pl\/nasi-partnerzy\/#breadcrumb","itemListElement":[{"@type":"ListItem","position":1,"name":"Strona g\u0142\u00f3wna","item":"https:\/\/dodo-inflatables.com\/pl\/"},{"@type":"ListItem","position":2,"name":"Nasi partnerzy"}]},{"@type":"WebSite","@id":"https:\/\/dodo-inflatables.com\/pl\/#website","url":"https:\/\/dodo-inflatables.com\/pl\/","name":"dodo-inflatables.com","description":"Kup dmuchane zamki i atrakcje w naszym sklepie.","potentialAction":[{"@type":"SearchAction","target":{"@type":"EntryPoint","urlTemplate":"https:\/\/dodo-inflatables.com\/pl\/?s={search_term_string}"},"query-input":{"@type":"PropertyValueSpecification","valueRequired":true,"valueName":"search_term_string"}}],"inLanguage":"pl-PL"}]}},"uagb_featured_image_src":{"full":false,"thumbnail":false,"medium":false,"medium_large":false,"large":false,"1536x1536":false,"2048x2048":false,"woocommerce_thumbnail":false,"woocommerce_single":false,"woocommerce_gallery_thumbnail":false},"uagb_author_info":{"display_name":"Andreas","author_link":"https:\/\/dodo-inflatables.com\/pl\/author\/andreas\/"},"uagb_comment_info":0,"uagb_excerpt":"Nasza sie\u0107 wypo\u017cyczalni Korzy\u015bci dla zainteresowanej strony Czy uwa\u017casz, \u017ce nasze nadmuchiwane modele s\u0105 szczeg\u00f3lnie atrakcyjne i chcia\u0142by\u015b wynaj\u0105\u0107 jeden z naszych nadmuchiwanych modeli poza Monachium? A mo\u017ce sam jeste\u015b wypo\u017cyczalni\u0105 i chcia\u0142by\u015b zobaczy\u0107 nasze dmucha\u0144ce z bliska? W takim razie mamy co\u015b dla Ciebie! W naszym ekskluzywnym przegl\u0105dzie firm wynajmuj\u0105cych znajdziesz firmy wynajmuj\u0105ce w&hellip;","_links":{"self":[{"href":"https:\/\/dodo-inflatables.com\/pl\/wp-json\/wp\/v2\/pages\/11300","targetHints":{"allow":["GET"]}}],"collection":[{"href":"https:\/\/dodo-inflatables.com\/pl\/wp-json\/wp\/v2\/pages"}],"about":[{"href":"https:\/\/dodo-inflatables.com\/pl\/wp-json\/wp\/v2\/types\/page"}],"author":[{"embeddable":true,"href":"https:\/\/dodo-inflatables.com\/pl\/wp-json\/wp\/v2\/users\/1"}],"replies":[{"embeddable":true,"href":"https:\/\/dodo-inflatables.com\/pl\/wp-json\/wp\/v2\/comments?post=11300"}],"version-history":[{"count":2,"href":"https:\/\/dodo-inflatables.com\/pl\/wp-json\/wp\/v2\/pages\/11300\/revisions"}],"predecessor-version":[{"id":11302,"href":"https:\/\/dodo-inflatables.com\/pl\/wp-json\/wp\/v2\/pages\/11300\/revisions\/11302"}],"wp:attachment":[{"href":"https:\/\/dodo-inflatables.com\/pl\/wp-json\/wp\/v2\/media?parent=11300"}],"curies":[{"name":"wp","href":"https:\/\/api.w.org\/{rel}","templated":true}]}}