{"id":11463,"date":"2024-03-07T20:04:06","date_gmt":"2024-03-07T19:04:06","guid":{"rendered":"https:\/\/dodo-inflatables.com\/kupuj-najlepsze-rutsjebaner-i-hoppeborge-w-danii\/"},"modified":"2024-07-10T13:57:31","modified_gmt":"2024-07-10T11:57:31","slug":"kupuj-najlepsze-rutsjebaner-i-hoppeborge-w-danii","status":"publish","type":"page","link":"https:\/\/dodo-inflatables.com\/pl\/kupuj-najlepsze-rutsjebaner-i-hoppeborge-w-danii\/","title":{"rendered":"Kupuj najlepsze rutsjebaner i hoppeborge w Danii"},"content":{"rendered":"\n<h2 class=\"wp-block-heading has-text-align-center\"><strong>Kupuj najlepsze rutsjebaner i hoppeborge w Danii<\/strong><\/h2>\n\n<figure class=\"wp-block-image aligncenter size-large\"><a href=\"https:\/\/dodo-inflatables.com\/wp-content\/uploads\/2022\/01\/seperator-kleiner.png\"><img loading=\"lazy\" decoding=\"async\" width=\"1024\" height=\"102\" src=\"https:\/\/dodo-inflatables.com\/wp-content\/uploads\/2022\/01\/seperator-kleiner-1024x102.png\" alt=\"\" class=\"wp-image-4026\" srcset=\"https:\/\/dodo-inflatables.com\/wp-content\/uploads\/2022\/01\/seperator-kleiner-1024x102.png 1024w, https:\/\/dodo-inflatables.com\/wp-content\/uploads\/2022\/01\/seperator-kleiner-900x90.png 900w, https:\/\/dodo-inflatables.com\/wp-content\/uploads\/2022\/01\/seperator-kleiner-300x30.png 300w, https:\/\/dodo-inflatables.com\/wp-content\/uploads\/2022\/01\/seperator-kleiner-768x77.png 768w, https:\/\/dodo-inflatables.com\/wp-content\/uploads\/2022\/01\/seperator-kleiner-1536x154.png 1536w, https:\/\/dodo-inflatables.com\/wp-content\/uploads\/2022\/01\/seperator-kleiner-340x34.png 340w, https:\/\/dodo-inflatables.com\/wp-content\/uploads\/2022\/01\/seperator-kleiner.png 2000w\" sizes=\"auto, (max-width: 1024px) 100vw, 1024px\" \/><\/a><\/figure>\n\n<h3 class=\"wp-block-heading has-text-align-center\">Witamy w Dodo-Inflatables.com &#8211; sklepie internetowym oferuj\u0105cym najlepsze produkty w Europie!<\/h3>\n\n<p style=\"font-size:17px\">Zrelaksuj si\u0119 w wygodnym pokoju z widokiem na hoppeborge i rutsjebaner o wysokiej jako\u015bci, kt\u00f3ry zapewni Ci doskona\u0142e warunki zakwaterowania. Je\u015bli chcesz, aby\u015b wybra\u0142 si\u0119 na imprez\u0119 integracyjn\u0105 do firmy, na imprez\u0119 z okazji urodzin lub na imprez\u0119 z okazji \u015bwi\u0105t Bo\u017cego Narodzenia, to na pewno znajdziesz co\u015b dla siebie!<\/p>\n\n<p style=\"font-size:17px\">W naszym asortymencie znajduje si\u0119 wiele rodzaj\u00f3w chmielu, a tak\u017ce wiele r\u00f3\u017cnych rodzaj\u00f3w chmielu, w tym Gibbons i Huawei-bl\u00fcsere.<\/p>\n\n<p style=\"font-size:17px\">Forsendelse af en hoppeborg med tilbeh\u00f8r til <strong>Danmark koster \u20ac 184,00<\/strong>. Paczka z oppusteligt tilbeh\u00f8r kosztuje 25,00 \u20ac. Je\u015bli chmiel jest w lagerze, jest on wysy\u0142any do dig umiddelbart po modtagelse af betaling. Levering til Danmark tager ca.  <strong>4 &#8211; 6 arbejdsdage.<\/strong>  Det er muligt selv at afhente hoppeborgen p\u00e5 vores lager i M\u00fcnchen, Tyskland.<\/p>\n\n<p style=\"font-size:17px\">Wszystkie nasze pompy spe\u0142niaj\u0105 surowe normy bezpiecze\u0144stwa <strong>DIN EN 14960<\/strong> i s\u0105 przeznaczone do u\u017cytku prywatnego i komercyjnego. Mo\u017cesz zmodyfikowa\u0107 szczeg\u00f3\u0142owy przegl\u0105d i uzyska\u0107 certyfikat dla nowego hoppeborga, je\u015bli jest on dost\u0119pny.<\/p>\n\n<p style=\"font-size:17px\">Momsfritagelse for virksomheder! Je\u015bli zdecydujesz si\u0119 na wirksomhed, mo\u017cesz poda\u0107 numer momsregistreringsnummer w kassen, aby zapobiec skattefrie k\u00f8b.<\/p>\n\n<p style=\"font-size:17px\">Je\u015bli jeste\u015b osob\u0105 prywatn\u0105, kt\u00f3ra prowadzi po hoppeborgu do swojego rodzinnego \u015bwi\u0119ta, lub je\u015bli jeste\u015b firm\u0105 udlejningsfirma, kt\u00f3ra chce zapewni\u0107 ten sortyment, to nasz hoppeborge jest dla wszystkich. Faktem jest, \u017ce wi\u0119kszo\u015b\u0107 naszych klient\u00f3w w ca\u0142ej Europie korzysta z chmielu, kt\u00f3ry nadaje naszym produktom charakter aran\u017cacyjny na wszystkich rynkach.<\/p>\n\n<p style=\"font-size:17px\">Mamy nadziej\u0119, \u017ce uda nam si\u0119 przetrwa\u0107 w naszym sklepie internetowym i b\u0119dziemy mogli cieszy\u0107 si\u0119 ewentualnymi korzy\u015bciami, kt\u00f3re mo\u017cemy uzyska\u0107 na stronie <a href=\"mailto:contact@dodo-inflatables.com\">contact@dodo-inflatables.com!<\/a><\/p>\n\n<div style=\"height:100px\" aria-hidden=\"true\" class=\"wp-block-spacer\"><\/div>\n","protected":false},"excerpt":{"rendered":"<p>Kupuj najlepsze rutsjebaner i hoppeborge w Danii Witamy w Dodo-Inflatables.com &#8211; sklepie internetowym oferuj\u0105cym najlepsze produkty w Europie! Zrelaksuj si\u0119 w wygodnym pokoju z widokiem na hoppeborge i rutsjebaner o wysokiej jako\u015bci, kt\u00f3ry zapewni Ci doskona\u0142e warunki zakwaterowania. Je\u015bli chcesz, aby\u015b wybra\u0142 si\u0119 na imprez\u0119 integracyjn\u0105 do firmy, na imprez\u0119 z okazji urodzin lub na [&hellip;]<\/p>\n","protected":false},"author":1,"featured_media":0,"parent":0,"menu_order":0,"comment_status":"closed","ping_status":"closed","template":"","meta":{"_acf_changed":false,"_uag_custom_page_level_css":"","site-sidebar-layout":"default","site-content-layout":"","ast-site-content-layout":"normal-width-container","site-content-style":"boxed","site-sidebar-style":"default","ast-global-header-display":"","ast-banner-title-visibility":"","ast-main-header-display":"","ast-hfb-above-header-display":"","ast-hfb-below-header-display":"","ast-hfb-mobile-header-display":"","site-post-title":"","ast-breadcrumbs-content":"","ast-featured-img":"","footer-sml-layout":"","ast-disable-related-posts":"","theme-transparent-header-meta":"","adv-header-id-meta":"4069","stick-header-meta":"","header-above-stick-meta":"","header-main-stick-meta":"","header-below-stick-meta":"","astra-migrate-meta-layouts":"default","ast-page-background-enabled":"default","ast-page-background-meta":{"desktop":{"background-color":"var(--ast-global-color-4)","background-image":"","background-repeat":"repeat","background-position":"center center","background-size":"auto","background-attachment":"scroll","background-type":"","background-media":"","overlay-type":"","overlay-color":"","overlay-opacity":"","overlay-gradient":""},"tablet":{"background-color":"","background-image":"","background-repeat":"repeat","background-position":"center center","background-size":"auto","background-attachment":"scroll","background-type":"","background-media":"","overlay-type":"","overlay-color":"","overlay-opacity":"","overlay-gradient":""},"mobile":{"background-color":"","background-image":"","background-repeat":"repeat","background-position":"center center","background-size":"auto","background-attachment":"scroll","background-type":"","background-media":"","overlay-type":"","overlay-color":"","overlay-opacity":"","overlay-gradient":""}},"ast-content-background-meta":{"desktop":{"background-color":"var(--ast-global-color-5)","background-image":"","background-repeat":"repeat","background-position":"center center","background-size":"auto","background-attachment":"scroll","background-type":"","background-media":"","overlay-type":"","overlay-color":"","overlay-opacity":"","overlay-gradient":""},"tablet":{"background-color":"var(--ast-global-color-5)","background-image":"","background-repeat":"repeat","background-position":"center center","background-size":"auto","background-attachment":"scroll","background-type":"","background-media":"","overlay-type":"","overlay-color":"","overlay-opacity":"","overlay-gradient":""},"mobile":{"background-color":"var(--ast-global-color-5)","background-image":"","background-repeat":"repeat","background-position":"center center","background-size":"auto","background-attachment":"scroll","background-type":"","background-media":"","overlay-type":"","overlay-color":"","overlay-opacity":"","overlay-gradient":""}},"footnotes":""},"class_list":["post-11463","page","type-page","status-publish","hentry"],"acf":[],"yoast_head":"<!-- This site is optimized with the Yoast SEO plugin v27.3 - https:\/\/yoast.com\/product\/yoast-seo-wordpress\/ -->\n<title>Kupuj najlepsze rutsjebaner i hoppeborge w Danii - dodo-inflatables.com<\/title>\n<meta name=\"robots\" content=\"index, follow, max-snippet:-1, max-image-preview:large, max-video-preview:-1\" \/>\n<link rel=\"canonical\" href=\"https:\/\/dodo-inflatables.com\/pl\/kupuj-najlepsze-rutsjebaner-i-hoppeborge-w-danii\/\" \/>\n<meta name=\"twitter:label1\" content=\"Szacowany czas czytania\" \/>\n\t<meta name=\"twitter:data1\" content=\"2 minuty\" \/>\n<script type=\"application\/ld+json\" class=\"yoast-schema-graph\">{\"@context\":\"https:\\\/\\\/schema.org\",\"@graph\":[{\"@type\":\"WebPage\",\"@id\":\"https:\\\/\\\/dodo-inflatables.com\\\/pl\\\/kupuj-najlepsze-rutsjebaner-i-hoppeborge-w-danii\\\/\",\"url\":\"https:\\\/\\\/dodo-inflatables.com\\\/pl\\\/kupuj-najlepsze-rutsjebaner-i-hoppeborge-w-danii\\\/\",\"name\":\"Kupuj najlepsze rutsjebaner i hoppeborge w Danii - dodo-inflatables.com\",\"isPartOf\":{\"@id\":\"https:\\\/\\\/dodo-inflatables.com\\\/pl\\\/#website\"},\"primaryImageOfPage\":{\"@id\":\"https:\\\/\\\/dodo-inflatables.com\\\/pl\\\/kupuj-najlepsze-rutsjebaner-i-hoppeborge-w-danii\\\/#primaryimage\"},\"image\":{\"@id\":\"https:\\\/\\\/dodo-inflatables.com\\\/pl\\\/kupuj-najlepsze-rutsjebaner-i-hoppeborge-w-danii\\\/#primaryimage\"},\"thumbnailUrl\":\"https:\\\/\\\/dodo-inflatables.com\\\/wp-content\\\/uploads\\\/2022\\\/01\\\/seperator-kleiner-1024x102.png\",\"datePublished\":\"2024-03-07T19:04:06+00:00\",\"dateModified\":\"2024-07-10T11:57:31+00:00\",\"breadcrumb\":{\"@id\":\"https:\\\/\\\/dodo-inflatables.com\\\/pl\\\/kupuj-najlepsze-rutsjebaner-i-hoppeborge-w-danii\\\/#breadcrumb\"},\"inLanguage\":\"pl-PL\",\"potentialAction\":[{\"@type\":\"ReadAction\",\"target\":[\"https:\\\/\\\/dodo-inflatables.com\\\/pl\\\/kupuj-najlepsze-rutsjebaner-i-hoppeborge-w-danii\\\/\"]}]},{\"@type\":\"ImageObject\",\"inLanguage\":\"pl-PL\",\"@id\":\"https:\\\/\\\/dodo-inflatables.com\\\/pl\\\/kupuj-najlepsze-rutsjebaner-i-hoppeborge-w-danii\\\/#primaryimage\",\"url\":\"https:\\\/\\\/dodo-inflatables.com\\\/wp-content\\\/uploads\\\/2022\\\/01\\\/seperator-kleiner-1024x102.png\",\"contentUrl\":\"https:\\\/\\\/dodo-inflatables.com\\\/wp-content\\\/uploads\\\/2022\\\/01\\\/seperator-kleiner-1024x102.png\"},{\"@type\":\"BreadcrumbList\",\"@id\":\"https:\\\/\\\/dodo-inflatables.com\\\/pl\\\/kupuj-najlepsze-rutsjebaner-i-hoppeborge-w-danii\\\/#breadcrumb\",\"itemListElement\":[{\"@type\":\"ListItem\",\"position\":1,\"name\":\"Strona g\u0142\u00f3wna\",\"item\":\"https:\\\/\\\/dodo-inflatables.com\\\/pl\\\/\"},{\"@type\":\"ListItem\",\"position\":2,\"name\":\"Kupuj najlepsze rutsjebaner i hoppeborge w Danii\"}]},{\"@type\":\"WebSite\",\"@id\":\"https:\\\/\\\/dodo-inflatables.com\\\/pl\\\/#website\",\"url\":\"https:\\\/\\\/dodo-inflatables.com\\\/pl\\\/\",\"name\":\"dodo-inflatables.com\",\"description\":\"Kup dmuchane zamki i atrakcje w naszym sklepie.\",\"publisher\":{\"@id\":\"https:\\\/\\\/dodo-inflatables.com\\\/pl\\\/#organization\"},\"potentialAction\":[{\"@type\":\"SearchAction\",\"target\":{\"@type\":\"EntryPoint\",\"urlTemplate\":\"https:\\\/\\\/dodo-inflatables.com\\\/pl\\\/?s={search_term_string}\"},\"query-input\":{\"@type\":\"PropertyValueSpecification\",\"valueRequired\":true,\"valueName\":\"search_term_string\"}}],\"inLanguage\":\"pl-PL\"},{\"@type\":\"Organization\",\"@id\":\"https:\\\/\\\/dodo-inflatables.com\\\/pl\\\/#organization\",\"name\":\"dodo-inflatables.com\",\"url\":\"https:\\\/\\\/dodo-inflatables.com\\\/pl\\\/\",\"logo\":{\"@type\":\"ImageObject\",\"inLanguage\":\"pl-PL\",\"@id\":\"https:\\\/\\\/dodo-inflatables.com\\\/pl\\\/#\\\/schema\\\/logo\\\/image\\\/\",\"url\":\"https:\\\/\\\/dodo-inflatables.com\\\/wp-content\\\/uploads\\\/2023\\\/04\\\/cropped-cropped-cropped-Dodo-Logo.png\",\"contentUrl\":\"https:\\\/\\\/dodo-inflatables.com\\\/wp-content\\\/uploads\\\/2023\\\/04\\\/cropped-cropped-cropped-Dodo-Logo.png\",\"width\":2996,\"height\":1545,\"caption\":\"dodo-inflatables.com\"},\"image\":{\"@id\":\"https:\\\/\\\/dodo-inflatables.com\\\/pl\\\/#\\\/schema\\\/logo\\\/image\\\/\"}}]}<\/script>\n<!-- \/ Yoast SEO plugin. -->","yoast_head_json":{"title":"Kupuj najlepsze rutsjebaner i hoppeborge w Danii - dodo-inflatables.com","robots":{"index":"index","follow":"follow","max-snippet":"max-snippet:-1","max-image-preview":"max-image-preview:large","max-video-preview":"max-video-preview:-1"},"canonical":"https:\/\/dodo-inflatables.com\/pl\/kupuj-najlepsze-rutsjebaner-i-hoppeborge-w-danii\/","twitter_misc":{"Szacowany czas czytania":"2 minuty"},"schema":{"@context":"https:\/\/schema.org","@graph":[{"@type":"WebPage","@id":"https:\/\/dodo-inflatables.com\/pl\/kupuj-najlepsze-rutsjebaner-i-hoppeborge-w-danii\/","url":"https:\/\/dodo-inflatables.com\/pl\/kupuj-najlepsze-rutsjebaner-i-hoppeborge-w-danii\/","name":"Kupuj najlepsze rutsjebaner i hoppeborge w Danii - dodo-inflatables.com","isPartOf":{"@id":"https:\/\/dodo-inflatables.com\/pl\/#website"},"primaryImageOfPage":{"@id":"https:\/\/dodo-inflatables.com\/pl\/kupuj-najlepsze-rutsjebaner-i-hoppeborge-w-danii\/#primaryimage"},"image":{"@id":"https:\/\/dodo-inflatables.com\/pl\/kupuj-najlepsze-rutsjebaner-i-hoppeborge-w-danii\/#primaryimage"},"thumbnailUrl":"https:\/\/dodo-inflatables.com\/wp-content\/uploads\/2022\/01\/seperator-kleiner-1024x102.png","datePublished":"2024-03-07T19:04:06+00:00","dateModified":"2024-07-10T11:57:31+00:00","breadcrumb":{"@id":"https:\/\/dodo-inflatables.com\/pl\/kupuj-najlepsze-rutsjebaner-i-hoppeborge-w-danii\/#breadcrumb"},"inLanguage":"pl-PL","potentialAction":[{"@type":"ReadAction","target":["https:\/\/dodo-inflatables.com\/pl\/kupuj-najlepsze-rutsjebaner-i-hoppeborge-w-danii\/"]}]},{"@type":"ImageObject","inLanguage":"pl-PL","@id":"https:\/\/dodo-inflatables.com\/pl\/kupuj-najlepsze-rutsjebaner-i-hoppeborge-w-danii\/#primaryimage","url":"https:\/\/dodo-inflatables.com\/wp-content\/uploads\/2022\/01\/seperator-kleiner-1024x102.png","contentUrl":"https:\/\/dodo-inflatables.com\/wp-content\/uploads\/2022\/01\/seperator-kleiner-1024x102.png"},{"@type":"BreadcrumbList","@id":"https:\/\/dodo-inflatables.com\/pl\/kupuj-najlepsze-rutsjebaner-i-hoppeborge-w-danii\/#breadcrumb","itemListElement":[{"@type":"ListItem","position":1,"name":"Strona g\u0142\u00f3wna","item":"https:\/\/dodo-inflatables.com\/pl\/"},{"@type":"ListItem","position":2,"name":"Kupuj najlepsze rutsjebaner i hoppeborge w Danii"}]},{"@type":"WebSite","@id":"https:\/\/dodo-inflatables.com\/pl\/#website","url":"https:\/\/dodo-inflatables.com\/pl\/","name":"dodo-inflatables.com","description":"Kup dmuchane zamki i atrakcje w naszym sklepie.","publisher":{"@id":"https:\/\/dodo-inflatables.com\/pl\/#organization"},"potentialAction":[{"@type":"SearchAction","target":{"@type":"EntryPoint","urlTemplate":"https:\/\/dodo-inflatables.com\/pl\/?s={search_term_string}"},"query-input":{"@type":"PropertyValueSpecification","valueRequired":true,"valueName":"search_term_string"}}],"inLanguage":"pl-PL"},{"@type":"Organization","@id":"https:\/\/dodo-inflatables.com\/pl\/#organization","name":"dodo-inflatables.com","url":"https:\/\/dodo-inflatables.com\/pl\/","logo":{"@type":"ImageObject","inLanguage":"pl-PL","@id":"https:\/\/dodo-inflatables.com\/pl\/#\/schema\/logo\/image\/","url":"https:\/\/dodo-inflatables.com\/wp-content\/uploads\/2023\/04\/cropped-cropped-cropped-Dodo-Logo.png","contentUrl":"https:\/\/dodo-inflatables.com\/wp-content\/uploads\/2023\/04\/cropped-cropped-cropped-Dodo-Logo.png","width":2996,"height":1545,"caption":"dodo-inflatables.com"},"image":{"@id":"https:\/\/dodo-inflatables.com\/pl\/#\/schema\/logo\/image\/"}}]}},"uagb_featured_image_src":{"full":false,"thumbnail":false,"medium":false,"medium_large":false,"large":false,"1536x1536":false,"2048x2048":false,"woocommerce_thumbnail":false,"woocommerce_single":false,"woocommerce_gallery_thumbnail":false},"uagb_author_info":{"display_name":"Andreas","author_link":"https:\/\/dodo-inflatables.com\/pl\/author\/andreas\/"},"uagb_comment_info":0,"uagb_excerpt":"Kupuj najlepsze rutsjebaner i hoppeborge w Danii Witamy w Dodo-Inflatables.com &#8211; sklepie internetowym oferuj\u0105cym najlepsze produkty w Europie! Zrelaksuj si\u0119 w wygodnym pokoju z widokiem na hoppeborge i rutsjebaner o wysokiej jako\u015bci, kt\u00f3ry zapewni Ci doskona\u0142e warunki zakwaterowania. Je\u015bli chcesz, aby\u015b wybra\u0142 si\u0119 na imprez\u0119 integracyjn\u0105 do firmy, na imprez\u0119 z okazji urodzin lub na&hellip;","_links":{"self":[{"href":"https:\/\/dodo-inflatables.com\/pl\/wp-json\/wp\/v2\/pages\/11463","targetHints":{"allow":["GET"]}}],"collection":[{"href":"https:\/\/dodo-inflatables.com\/pl\/wp-json\/wp\/v2\/pages"}],"about":[{"href":"https:\/\/dodo-inflatables.com\/pl\/wp-json\/wp\/v2\/types\/page"}],"author":[{"embeddable":true,"href":"https:\/\/dodo-inflatables.com\/pl\/wp-json\/wp\/v2\/users\/1"}],"replies":[{"embeddable":true,"href":"https:\/\/dodo-inflatables.com\/pl\/wp-json\/wp\/v2\/comments?post=11463"}],"version-history":[{"count":2,"href":"https:\/\/dodo-inflatables.com\/pl\/wp-json\/wp\/v2\/pages\/11463\/revisions"}],"predecessor-version":[{"id":11467,"href":"https:\/\/dodo-inflatables.com\/pl\/wp-json\/wp\/v2\/pages\/11463\/revisions\/11467"}],"wp:attachment":[{"href":"https:\/\/dodo-inflatables.com\/pl\/wp-json\/wp\/v2\/media?parent=11463"}],"curies":[{"name":"wp","href":"https:\/\/api.w.org\/{rel}","templated":true}]}}