{"id":11469,"date":"2024-03-07T19:12:41","date_gmt":"2024-03-07T18:12:41","guid":{"rendered":"https:\/\/dodo-inflatables.com\/jak-wyglada-praca-w-lietuva\/"},"modified":"2024-07-10T13:57:12","modified_gmt":"2024-07-10T11:57:12","slug":"jak-wyglada-praca-w-lietuva","status":"publish","type":"page","link":"https:\/\/dodo-inflatables.com\/pl\/jak-wyglada-praca-w-lietuva\/","title":{"rendered":"Jak wygl\u0105da praca w Lietuv\u0105?"},"content":{"rendered":"\n<h2 class=\"wp-block-heading has-text-align-center\"><strong>Jak wygl\u0105da praca w Lietuv\u0105?<\/strong><\/h2>\n\n<figure class=\"wp-block-image aligncenter size-large\"><a href=\"https:\/\/dodo-inflatables.com\/wp-content\/uploads\/2022\/01\/seperator-kleiner.png\"><img loading=\"lazy\" decoding=\"async\" width=\"1024\" height=\"102\" src=\"https:\/\/dodo-inflatables.com\/wp-content\/uploads\/2022\/01\/seperator-kleiner-1024x102.png\" alt=\"\" class=\"wp-image-4026\" srcset=\"https:\/\/dodo-inflatables.com\/wp-content\/uploads\/2022\/01\/seperator-kleiner-1024x102.png 1024w, https:\/\/dodo-inflatables.com\/wp-content\/uploads\/2022\/01\/seperator-kleiner-900x90.png 900w, https:\/\/dodo-inflatables.com\/wp-content\/uploads\/2022\/01\/seperator-kleiner-300x30.png 300w, https:\/\/dodo-inflatables.com\/wp-content\/uploads\/2022\/01\/seperator-kleiner-768x77.png 768w, https:\/\/dodo-inflatables.com\/wp-content\/uploads\/2022\/01\/seperator-kleiner-1536x154.png 1536w, https:\/\/dodo-inflatables.com\/wp-content\/uploads\/2022\/01\/seperator-kleiner-340x34.png 340w, https:\/\/dodo-inflatables.com\/wp-content\/uploads\/2022\/01\/seperator-kleiner.png 2000w\" sizes=\"auto, (max-width: 1024px) 100vw, 1024px\" \/><\/a><\/figure>\n\n<h3 class=\"wp-block-heading has-text-align-center\"><strong>Sveiki atvyk\u0119 \u012f Dodo-Inflatables.com &#8211; najlepsze strony internetowe na Europoje!<\/strong><\/h3>\n\n<p style=\"font-size:17px;font-style:normal;font-weight:400\">Pasinerkite to tak\u017ce platforma, w kt\u00f3rej mo\u017cna znale\u017a\u0107 wiele atrakcji, mo\u017cliwo\u015bci i umiej\u0119tno\u015bci, dzi\u0119ki kt\u00f3rym mo\u017cna postawi\u0107 wszystko na jedn\u0105 kart\u0119. W zwi\u0105zku z tym, \u017ce nie ma mo\u017cliwo\u015bci, aby nasi klienci byli zadowoleni z naszych us\u0142ug, nie ma mo\u017cliwo\u015bci, aby nasi klienci byli zadowoleni z naszych us\u0142ug &#8211; nie ma mo\u017cliwo\u015bci, aby nasi klienci byli zadowoleni z naszych us\u0142ug &#8211; nie ma mo\u017cliwo\u015bci, aby nasi klienci byli zadowoleni z naszych us\u0142ug &#8211; nie ma mo\u017cliwo\u015bci, aby nasi klienci byli zadowoleni z naszych us\u0142ug!<\/p>\n\n<p style=\"font-size:17px;font-style:normal;font-weight:400\">Nie ma ju\u017c w\u0105tpliwo\u015bci, \u017ce &#8222;Gibbons&#8221; i &#8222;Huawei&#8221; to antypody.<\/p>\n\n<p style=\"font-size:17px;font-style:normal;font-weight:400\">S\u016bpuokli\u0173 pilies ir pried\u0173 siuntimas \u012f <strong>Lietuv\u0105 kainuoja 296,00 <\/strong>\u20ac. Pripu\u010diam\u0173 pried\u0173 pakuot\u0117 kainuoja 39,00 \u20ac. Jei pripu\u010diama skraidykl\u0117 yra sand\u0117lyje, ji bus i\u0161si\u0173sta jums i\u0161 karto po mok\u0117jimo gavimo. Pristatymas \u012f Lietuv\u0105 trunka ma\u017edaug <strong>4-6 darbo dienas<\/strong>. W tym miejscu nale\u017cy wspomnie\u0107 o tym, \u017ce w tym roku na rynku pojawi\u0142o si\u0119 wiele innych produkt\u00f3w.<\/p>\n\n<p style=\"font-size:17px;font-style:normal;font-weight:400\">W zwi\u0105zku z tym nale\u017cy przestrzega\u0107 normy<strong> DIN EN 14960<\/strong>, a tak\u017ce przestrzega\u0107 zasad bezpiecze\u0144stwa i higieny pracy. I\u0161sam\u0173 vadov\u0105 ir atitinkam\u0105 sertifikat\u0105 apie nauj\u0105j\u012f pripu\u010diam\u0105j\u012f \u012frengin\u012f gausite, kai tik jis bus i\u0161si\u0173stas.<\/p>\n\n<p style=\"font-size:17px;font-style:normal;font-weight:400\">\u012emon\u0117ms taikoma PVM lengvata! Jei perkate kaip \u012fmon\u0117, kasoje \u012fveskite savo PVM mok\u0117tojo kod\u0105, kad gal\u0117tum\u0117te pirkti be mokes\u010di\u0173.<\/p>\n\n<p style=\"font-size:17px;font-style:normal;font-weight:400\">Nesvarbu, ar esate privatus asmuo, ie\u0161kantis antpu\u010diamosios pilies kitam \u0161eimos vakar\u0117liui, ar komercin\u0117 nuomos \u012fmon\u0117, norinti i\u0161pl\u0117sti savo asortiment\u0105, m\u016bs\u0173 antpu\u010diamosios pilys tinka visiems. Ties\u0105 sakant, did\u017eioji dalis m\u016bs\u0173 client\u0173 visoje Europoje yra \u0161okin\u0117jan\u010di\u0173 pili\u0173 nuomos \u012fmon\u0117s, kurios vertina m\u016bs\u0173 gaminius \u012fvairaus dyd\u017eio renginiams.<\/p>\n\n<p style=\"font-size:17px;font-style:normal;font-weight:400\">Tikim\u0117s, kad jums patiks nar\u0161yti po m\u016bs\u0173 internetin\u0119 parduotuv\u0119, o \u012f visus klausimus mielai atsakysime adresu <a href=\"mailto:contact@dodo-inflatables.com\">contact@dodo-inflatables.com<\/a>!<\/p>\n\n<div style=\"height:100px\" aria-hidden=\"true\" class=\"wp-block-spacer\"><\/div>\n","protected":false},"excerpt":{"rendered":"<p>Jak wygl\u0105da praca w Lietuv\u0105? Sveiki atvyk\u0119 \u012f Dodo-Inflatables.com &#8211; najlepsze strony internetowe na Europoje! Pasinerkite to tak\u017ce platforma, w kt\u00f3rej mo\u017cna znale\u017a\u0107 wiele atrakcji, mo\u017cliwo\u015bci i umiej\u0119tno\u015bci, dzi\u0119ki kt\u00f3rym mo\u017cna postawi\u0107 wszystko na jedn\u0105 kart\u0119. W zwi\u0105zku z tym, \u017ce nie ma mo\u017cliwo\u015bci, aby nasi klienci byli zadowoleni z naszych us\u0142ug, nie ma mo\u017cliwo\u015bci, [&hellip;]<\/p>\n","protected":false},"author":1,"featured_media":0,"parent":0,"menu_order":0,"comment_status":"closed","ping_status":"closed","template":"","meta":{"_acf_changed":false,"_uag_custom_page_level_css":"","site-sidebar-layout":"default","site-content-layout":"","ast-site-content-layout":"normal-width-container","site-content-style":"boxed","site-sidebar-style":"default","ast-global-header-display":"","ast-banner-title-visibility":"","ast-main-header-display":"","ast-hfb-above-header-display":"","ast-hfb-below-header-display":"","ast-hfb-mobile-header-display":"","site-post-title":"","ast-breadcrumbs-content":"","ast-featured-img":"","footer-sml-layout":"","ast-disable-related-posts":"","theme-transparent-header-meta":"","adv-header-id-meta":"4069","stick-header-meta":"","header-above-stick-meta":"","header-main-stick-meta":"","header-below-stick-meta":"","astra-migrate-meta-layouts":"default","ast-page-background-enabled":"default","ast-page-background-meta":{"desktop":{"background-color":"var(--ast-global-color-4)","background-image":"","background-repeat":"repeat","background-position":"center center","background-size":"auto","background-attachment":"scroll","background-type":"","background-media":"","overlay-type":"","overlay-color":"","overlay-opacity":"","overlay-gradient":""},"tablet":{"background-color":"","background-image":"","background-repeat":"repeat","background-position":"center center","background-size":"auto","background-attachment":"scroll","background-type":"","background-media":"","overlay-type":"","overlay-color":"","overlay-opacity":"","overlay-gradient":""},"mobile":{"background-color":"","background-image":"","background-repeat":"repeat","background-position":"center center","background-size":"auto","background-attachment":"scroll","background-type":"","background-media":"","overlay-type":"","overlay-color":"","overlay-opacity":"","overlay-gradient":""}},"ast-content-background-meta":{"desktop":{"background-color":"var(--ast-global-color-5)","background-image":"","background-repeat":"repeat","background-position":"center center","background-size":"auto","background-attachment":"scroll","background-type":"","background-media":"","overlay-type":"","overlay-color":"","overlay-opacity":"","overlay-gradient":""},"tablet":{"background-color":"var(--ast-global-color-5)","background-image":"","background-repeat":"repeat","background-position":"center center","background-size":"auto","background-attachment":"scroll","background-type":"","background-media":"","overlay-type":"","overlay-color":"","overlay-opacity":"","overlay-gradient":""},"mobile":{"background-color":"var(--ast-global-color-5)","background-image":"","background-repeat":"repeat","background-position":"center center","background-size":"auto","background-attachment":"scroll","background-type":"","background-media":"","overlay-type":"","overlay-color":"","overlay-opacity":"","overlay-gradient":""}},"footnotes":""},"class_list":["post-11469","page","type-page","status-publish","hentry"],"acf":[],"yoast_head":"<!-- This site is optimized with the Yoast SEO plugin v27.3 - https:\/\/yoast.com\/product\/yoast-seo-wordpress\/ -->\n<title>Jak wygl\u0105da praca w Lietuv\u0105? - dodo-inflatables.com<\/title>\n<meta name=\"robots\" content=\"index, follow, max-snippet:-1, max-image-preview:large, max-video-preview:-1\" \/>\n<link rel=\"canonical\" href=\"https:\/\/dodo-inflatables.com\/pl\/jak-wyglada-praca-w-lietuva\/\" \/>\n<meta name=\"twitter:label1\" content=\"Szacowany czas czytania\" \/>\n\t<meta name=\"twitter:data1\" content=\"2 minuty\" \/>\n<script type=\"application\/ld+json\" class=\"yoast-schema-graph\">{\"@context\":\"https:\\\/\\\/schema.org\",\"@graph\":[{\"@type\":\"WebPage\",\"@id\":\"https:\\\/\\\/dodo-inflatables.com\\\/pl\\\/jak-wyglada-praca-w-lietuva\\\/\",\"url\":\"https:\\\/\\\/dodo-inflatables.com\\\/pl\\\/jak-wyglada-praca-w-lietuva\\\/\",\"name\":\"Jak wygl\u0105da praca w Lietuv\u0105? - dodo-inflatables.com\",\"isPartOf\":{\"@id\":\"https:\\\/\\\/dodo-inflatables.com\\\/pl\\\/#website\"},\"primaryImageOfPage\":{\"@id\":\"https:\\\/\\\/dodo-inflatables.com\\\/pl\\\/jak-wyglada-praca-w-lietuva\\\/#primaryimage\"},\"image\":{\"@id\":\"https:\\\/\\\/dodo-inflatables.com\\\/pl\\\/jak-wyglada-praca-w-lietuva\\\/#primaryimage\"},\"thumbnailUrl\":\"https:\\\/\\\/dodo-inflatables.com\\\/wp-content\\\/uploads\\\/2022\\\/01\\\/seperator-kleiner-1024x102.png\",\"datePublished\":\"2024-03-07T18:12:41+00:00\",\"dateModified\":\"2024-07-10T11:57:12+00:00\",\"breadcrumb\":{\"@id\":\"https:\\\/\\\/dodo-inflatables.com\\\/pl\\\/jak-wyglada-praca-w-lietuva\\\/#breadcrumb\"},\"inLanguage\":\"pl-PL\",\"potentialAction\":[{\"@type\":\"ReadAction\",\"target\":[\"https:\\\/\\\/dodo-inflatables.com\\\/pl\\\/jak-wyglada-praca-w-lietuva\\\/\"]}]},{\"@type\":\"ImageObject\",\"inLanguage\":\"pl-PL\",\"@id\":\"https:\\\/\\\/dodo-inflatables.com\\\/pl\\\/jak-wyglada-praca-w-lietuva\\\/#primaryimage\",\"url\":\"https:\\\/\\\/dodo-inflatables.com\\\/wp-content\\\/uploads\\\/2022\\\/01\\\/seperator-kleiner-1024x102.png\",\"contentUrl\":\"https:\\\/\\\/dodo-inflatables.com\\\/wp-content\\\/uploads\\\/2022\\\/01\\\/seperator-kleiner-1024x102.png\"},{\"@type\":\"BreadcrumbList\",\"@id\":\"https:\\\/\\\/dodo-inflatables.com\\\/pl\\\/jak-wyglada-praca-w-lietuva\\\/#breadcrumb\",\"itemListElement\":[{\"@type\":\"ListItem\",\"position\":1,\"name\":\"Strona g\u0142\u00f3wna\",\"item\":\"https:\\\/\\\/dodo-inflatables.com\\\/pl\\\/\"},{\"@type\":\"ListItem\",\"position\":2,\"name\":\"Jak wygl\u0105da praca w Lietuv\u0105?\"}]},{\"@type\":\"WebSite\",\"@id\":\"https:\\\/\\\/dodo-inflatables.com\\\/pl\\\/#website\",\"url\":\"https:\\\/\\\/dodo-inflatables.com\\\/pl\\\/\",\"name\":\"dodo-inflatables.com\",\"description\":\"Kup dmuchane zamki i atrakcje w naszym sklepie.\",\"publisher\":{\"@id\":\"https:\\\/\\\/dodo-inflatables.com\\\/pl\\\/#organization\"},\"potentialAction\":[{\"@type\":\"SearchAction\",\"target\":{\"@type\":\"EntryPoint\",\"urlTemplate\":\"https:\\\/\\\/dodo-inflatables.com\\\/pl\\\/?s={search_term_string}\"},\"query-input\":{\"@type\":\"PropertyValueSpecification\",\"valueRequired\":true,\"valueName\":\"search_term_string\"}}],\"inLanguage\":\"pl-PL\"},{\"@type\":\"Organization\",\"@id\":\"https:\\\/\\\/dodo-inflatables.com\\\/pl\\\/#organization\",\"name\":\"dodo-inflatables.com\",\"url\":\"https:\\\/\\\/dodo-inflatables.com\\\/pl\\\/\",\"logo\":{\"@type\":\"ImageObject\",\"inLanguage\":\"pl-PL\",\"@id\":\"https:\\\/\\\/dodo-inflatables.com\\\/pl\\\/#\\\/schema\\\/logo\\\/image\\\/\",\"url\":\"https:\\\/\\\/dodo-inflatables.com\\\/wp-content\\\/uploads\\\/2023\\\/04\\\/cropped-cropped-cropped-Dodo-Logo.png\",\"contentUrl\":\"https:\\\/\\\/dodo-inflatables.com\\\/wp-content\\\/uploads\\\/2023\\\/04\\\/cropped-cropped-cropped-Dodo-Logo.png\",\"width\":2996,\"height\":1545,\"caption\":\"dodo-inflatables.com\"},\"image\":{\"@id\":\"https:\\\/\\\/dodo-inflatables.com\\\/pl\\\/#\\\/schema\\\/logo\\\/image\\\/\"}}]}<\/script>\n<!-- \/ Yoast SEO plugin. -->","yoast_head_json":{"title":"Jak wygl\u0105da praca w Lietuv\u0105? - dodo-inflatables.com","robots":{"index":"index","follow":"follow","max-snippet":"max-snippet:-1","max-image-preview":"max-image-preview:large","max-video-preview":"max-video-preview:-1"},"canonical":"https:\/\/dodo-inflatables.com\/pl\/jak-wyglada-praca-w-lietuva\/","twitter_misc":{"Szacowany czas czytania":"2 minuty"},"schema":{"@context":"https:\/\/schema.org","@graph":[{"@type":"WebPage","@id":"https:\/\/dodo-inflatables.com\/pl\/jak-wyglada-praca-w-lietuva\/","url":"https:\/\/dodo-inflatables.com\/pl\/jak-wyglada-praca-w-lietuva\/","name":"Jak wygl\u0105da praca w Lietuv\u0105? - dodo-inflatables.com","isPartOf":{"@id":"https:\/\/dodo-inflatables.com\/pl\/#website"},"primaryImageOfPage":{"@id":"https:\/\/dodo-inflatables.com\/pl\/jak-wyglada-praca-w-lietuva\/#primaryimage"},"image":{"@id":"https:\/\/dodo-inflatables.com\/pl\/jak-wyglada-praca-w-lietuva\/#primaryimage"},"thumbnailUrl":"https:\/\/dodo-inflatables.com\/wp-content\/uploads\/2022\/01\/seperator-kleiner-1024x102.png","datePublished":"2024-03-07T18:12:41+00:00","dateModified":"2024-07-10T11:57:12+00:00","breadcrumb":{"@id":"https:\/\/dodo-inflatables.com\/pl\/jak-wyglada-praca-w-lietuva\/#breadcrumb"},"inLanguage":"pl-PL","potentialAction":[{"@type":"ReadAction","target":["https:\/\/dodo-inflatables.com\/pl\/jak-wyglada-praca-w-lietuva\/"]}]},{"@type":"ImageObject","inLanguage":"pl-PL","@id":"https:\/\/dodo-inflatables.com\/pl\/jak-wyglada-praca-w-lietuva\/#primaryimage","url":"https:\/\/dodo-inflatables.com\/wp-content\/uploads\/2022\/01\/seperator-kleiner-1024x102.png","contentUrl":"https:\/\/dodo-inflatables.com\/wp-content\/uploads\/2022\/01\/seperator-kleiner-1024x102.png"},{"@type":"BreadcrumbList","@id":"https:\/\/dodo-inflatables.com\/pl\/jak-wyglada-praca-w-lietuva\/#breadcrumb","itemListElement":[{"@type":"ListItem","position":1,"name":"Strona g\u0142\u00f3wna","item":"https:\/\/dodo-inflatables.com\/pl\/"},{"@type":"ListItem","position":2,"name":"Jak wygl\u0105da praca w Lietuv\u0105?"}]},{"@type":"WebSite","@id":"https:\/\/dodo-inflatables.com\/pl\/#website","url":"https:\/\/dodo-inflatables.com\/pl\/","name":"dodo-inflatables.com","description":"Kup dmuchane zamki i atrakcje w naszym sklepie.","publisher":{"@id":"https:\/\/dodo-inflatables.com\/pl\/#organization"},"potentialAction":[{"@type":"SearchAction","target":{"@type":"EntryPoint","urlTemplate":"https:\/\/dodo-inflatables.com\/pl\/?s={search_term_string}"},"query-input":{"@type":"PropertyValueSpecification","valueRequired":true,"valueName":"search_term_string"}}],"inLanguage":"pl-PL"},{"@type":"Organization","@id":"https:\/\/dodo-inflatables.com\/pl\/#organization","name":"dodo-inflatables.com","url":"https:\/\/dodo-inflatables.com\/pl\/","logo":{"@type":"ImageObject","inLanguage":"pl-PL","@id":"https:\/\/dodo-inflatables.com\/pl\/#\/schema\/logo\/image\/","url":"https:\/\/dodo-inflatables.com\/wp-content\/uploads\/2023\/04\/cropped-cropped-cropped-Dodo-Logo.png","contentUrl":"https:\/\/dodo-inflatables.com\/wp-content\/uploads\/2023\/04\/cropped-cropped-cropped-Dodo-Logo.png","width":2996,"height":1545,"caption":"dodo-inflatables.com"},"image":{"@id":"https:\/\/dodo-inflatables.com\/pl\/#\/schema\/logo\/image\/"}}]}},"uagb_featured_image_src":{"full":false,"thumbnail":false,"medium":false,"medium_large":false,"large":false,"1536x1536":false,"2048x2048":false,"woocommerce_thumbnail":false,"woocommerce_single":false,"woocommerce_gallery_thumbnail":false},"uagb_author_info":{"display_name":"Andreas","author_link":"https:\/\/dodo-inflatables.com\/pl\/author\/andreas\/"},"uagb_comment_info":0,"uagb_excerpt":"Jak wygl\u0105da praca w Lietuv\u0105? Sveiki atvyk\u0119 \u012f Dodo-Inflatables.com &#8211; najlepsze strony internetowe na Europoje! Pasinerkite to tak\u017ce platforma, w kt\u00f3rej mo\u017cna znale\u017a\u0107 wiele atrakcji, mo\u017cliwo\u015bci i umiej\u0119tno\u015bci, dzi\u0119ki kt\u00f3rym mo\u017cna postawi\u0107 wszystko na jedn\u0105 kart\u0119. W zwi\u0105zku z tym, \u017ce nie ma mo\u017cliwo\u015bci, aby nasi klienci byli zadowoleni z naszych us\u0142ug, nie ma mo\u017cliwo\u015bci,&hellip;","_links":{"self":[{"href":"https:\/\/dodo-inflatables.com\/pl\/wp-json\/wp\/v2\/pages\/11469","targetHints":{"allow":["GET"]}}],"collection":[{"href":"https:\/\/dodo-inflatables.com\/pl\/wp-json\/wp\/v2\/pages"}],"about":[{"href":"https:\/\/dodo-inflatables.com\/pl\/wp-json\/wp\/v2\/types\/page"}],"author":[{"embeddable":true,"href":"https:\/\/dodo-inflatables.com\/pl\/wp-json\/wp\/v2\/users\/1"}],"replies":[{"embeddable":true,"href":"https:\/\/dodo-inflatables.com\/pl\/wp-json\/wp\/v2\/comments?post=11469"}],"version-history":[{"count":2,"href":"https:\/\/dodo-inflatables.com\/pl\/wp-json\/wp\/v2\/pages\/11469\/revisions"}],"predecessor-version":[{"id":11473,"href":"https:\/\/dodo-inflatables.com\/pl\/wp-json\/wp\/v2\/pages\/11469\/revisions\/11473"}],"wp:attachment":[{"href":"https:\/\/dodo-inflatables.com\/pl\/wp-json\/wp\/v2\/media?parent=11469"}],"curies":[{"name":"wp","href":"https:\/\/api.w.org\/{rel}","templated":true}]}}