{"id":11487,"date":"2024-03-07T19:00:49","date_gmt":"2024-03-07T18:00:49","guid":{"rendered":"https:\/\/dodo-inflatables.com\/kupuj-sanki-i-kastle-na-terenie-hiszpanii\/"},"modified":"2024-07-10T13:56:34","modified_gmt":"2024-07-10T11:56:34","slug":"kupuj-sanki-i-kastle-na-terenie-hiszpanii","status":"publish","type":"page","link":"https:\/\/dodo-inflatables.com\/pl\/kupuj-sanki-i-kastle-na-terenie-hiszpanii\/","title":{"rendered":"Kupuj sanki i kastle na terenie Hiszpanii"},"content":{"rendered":"\n<h2 class=\"wp-block-heading has-text-align-center\"><strong>Kupuj sanki i kastle na terenie Hiszpanii<\/strong><\/h2>\n\n<figure class=\"wp-block-image aligncenter size-large\"><a href=\"https:\/\/dodo-inflatables.com\/wp-content\/uploads\/2022\/01\/seperator-kleiner.png\"><img fetchpriority=\"high\" decoding=\"async\" width=\"1024\" height=\"102\" src=\"https:\/\/dodo-inflatables.com\/wp-content\/uploads\/2022\/01\/seperator-kleiner-1024x102.png\" alt=\"\" class=\"wp-image-4026\" srcset=\"https:\/\/dodo-inflatables.com\/wp-content\/uploads\/2022\/01\/seperator-kleiner-1024x102.png 1024w, https:\/\/dodo-inflatables.com\/wp-content\/uploads\/2022\/01\/seperator-kleiner-900x90.png 900w, https:\/\/dodo-inflatables.com\/wp-content\/uploads\/2022\/01\/seperator-kleiner-300x30.png 300w, https:\/\/dodo-inflatables.com\/wp-content\/uploads\/2022\/01\/seperator-kleiner-768x77.png 768w, https:\/\/dodo-inflatables.com\/wp-content\/uploads\/2022\/01\/seperator-kleiner-1536x154.png 1536w, https:\/\/dodo-inflatables.com\/wp-content\/uploads\/2022\/01\/seperator-kleiner-340x34.png 340w, https:\/\/dodo-inflatables.com\/wp-content\/uploads\/2022\/01\/seperator-kleiner.png 2000w\" sizes=\"(max-width: 1024px) 100vw, 1024px\" \/><\/a><\/figure>\n\n<h3 class=\"wp-block-heading has-text-align-center\">Bienvenido a Dodo-Inflatables.com &#8211; \u00a1nuestra tienda online de hinchables en Europa!<\/h3>\n\n<p style=\"font-size:17px\">Skorzystaj z naszej szerokiej gamy but\u00f3w, k\u00f3\u0142ek i sanek wysokiej jako\u015bci, kt\u00f3re dodadz\u0105 Ci odrobin\u0119 wi\u0119cej w ka\u017cdej sytuacji. Niezale\u017cnie od tego, czy szukasz du\u017cej przyczepy kempingowej na imprez\u0119 firmow\u0105, ma\u0142ej przyczepy kempingowej na uroczysto\u015b\u0107 z okazji uko\u0144czenia szko\u0142y przez dziecko, czy przyczepy kempingowej z toboganem na uroczysto\u015b\u0107 wiosenn\u0105, tutaj znajdziesz to, czego szukasz.<\/p>\n\n<p style=\"font-size:17px\">Nasza oferta obejmuje nie tylko r\u00f3\u017cnorodne k\u00f3\u0142ka na k\u00f3\u0142kach, ale tak\u017ce szerok\u0105 gam\u0119 akcesori\u00f3w, w tym Gibbons i sopladores Huawei do k\u00f3\u0142ek na k\u00f3\u0142kach.<\/p>\n\n<p style=\"font-size:17px\">Wysy\u0142ka gondoli i akcesori\u00f3w do Hiszpanii <strong>kosztuje 299,<\/strong> 00 euro. Pakiet akcesori\u00f3w do skrzynek kosztuje 28,00 euro. Je\u015bli urz\u0105dzenie jest dost\u0119pne w magazynie, zostanie wys\u0142ane natychmiast po otrzymaniu p\u0142atno\u015bci. Wysy\u0142ka do Hiszpanii trwa oko\u0142o <strong>4-6 dni roboczych<\/strong>. Istnieje mo\u017cliwo\u015b\u0107 odebrania nadmuchiwanego produktu w naszym magazynie w Monachium, w Almanii.<\/p>\n\n<p style=\"font-size:17px\">Wszystkie nasze hinchables spe\u0142niaj\u0105 surowe normy bezpiecze\u0144stwa<strong> DIN EN 14960<\/strong> i nadaj\u0105 si\u0119 do u\u017cytku prywatnego i komercyjnego. Po wys\u0142aniu nowego urz\u0105dzenia otrzymasz szczeg\u00f3\u0142owy przewodnik i odpowiedni certyfikat.<\/p>\n\n<p style=\"font-size:17px\">Exenci\u00f3n del IVA para empresas Si compra como empresa, introduzca su n\u00famero de identificaci\u00f3n fiscal en la caja para realizar compras libres de impuestos.<\/p>\n\n<p style=\"font-size:17px\">Niezale\u017cnie od tego, czy jeste\u015b osob\u0105 prywatn\u0105, kt\u00f3ra poszukuje przeno\u015bnej kabiny na swoj\u0105 najbli\u017csz\u0105 imprez\u0119, czy te\u017c firm\u0105 handlow\u0105, kt\u00f3ra chce poszerzy\u0107 swoj\u0105 ofert\u0119, nasze przeno\u015bne kabiny s\u0105 odpowiednie dla ca\u0142ego \u015bwiata. De hecho, la mayor\u00eda de nuestros clientes en toda Europa son empresas de alquiler de castillos hinchables que valoran nuestros productos para eventos de todos los tama\u00f1os.<\/p>\n\n<p style=\"font-size:17px\">\u017byczymy mi\u0142ego przegl\u0105dania naszego sklepu internetowego i ch\u0119tnie odpowiemy na wszystkie pytania na <a href=\"mailto:contact@dodo-inflatables.com\">contact@dodo-inflatables.com!<\/a><\/p>\n\n<div style=\"height:100px\" aria-hidden=\"true\" class=\"wp-block-spacer\"><\/div>\n","protected":false},"excerpt":{"rendered":"<p>Kupuj sanki i kastle na terenie Hiszpanii Bienvenido a Dodo-Inflatables.com &#8211; \u00a1nuestra tienda online de hinchables en Europa! Skorzystaj z naszej szerokiej gamy but\u00f3w, k\u00f3\u0142ek i sanek wysokiej jako\u015bci, kt\u00f3re dodadz\u0105 Ci odrobin\u0119 wi\u0119cej w ka\u017cdej sytuacji. Niezale\u017cnie od tego, czy szukasz du\u017cej przyczepy kempingowej na imprez\u0119 firmow\u0105, ma\u0142ej przyczepy kempingowej na uroczysto\u015b\u0107 z okazji [&hellip;]<\/p>\n","protected":false},"author":1,"featured_media":0,"parent":0,"menu_order":0,"comment_status":"closed","ping_status":"closed","template":"","meta":{"_acf_changed":false,"_uag_custom_page_level_css":"","site-sidebar-layout":"default","site-content-layout":"","ast-site-content-layout":"normal-width-container","site-content-style":"boxed","site-sidebar-style":"default","ast-global-header-display":"","ast-banner-title-visibility":"","ast-main-header-display":"","ast-hfb-above-header-display":"","ast-hfb-below-header-display":"","ast-hfb-mobile-header-display":"","site-post-title":"","ast-breadcrumbs-content":"","ast-featured-img":"","footer-sml-layout":"","ast-disable-related-posts":"","theme-transparent-header-meta":"","adv-header-id-meta":"4069","stick-header-meta":"","header-above-stick-meta":"","header-main-stick-meta":"","header-below-stick-meta":"","astra-migrate-meta-layouts":"default","ast-page-background-enabled":"default","ast-page-background-meta":{"desktop":{"background-color":"var(--ast-global-color-4)","background-image":"","background-repeat":"repeat","background-position":"center center","background-size":"auto","background-attachment":"scroll","background-type":"","background-media":"","overlay-type":"","overlay-color":"","overlay-opacity":"","overlay-gradient":""},"tablet":{"background-color":"","background-image":"","background-repeat":"repeat","background-position":"center center","background-size":"auto","background-attachment":"scroll","background-type":"","background-media":"","overlay-type":"","overlay-color":"","overlay-opacity":"","overlay-gradient":""},"mobile":{"background-color":"","background-image":"","background-repeat":"repeat","background-position":"center center","background-size":"auto","background-attachment":"scroll","background-type":"","background-media":"","overlay-type":"","overlay-color":"","overlay-opacity":"","overlay-gradient":""}},"ast-content-background-meta":{"desktop":{"background-color":"var(--ast-global-color-5)","background-image":"","background-repeat":"repeat","background-position":"center center","background-size":"auto","background-attachment":"scroll","background-type":"","background-media":"","overlay-type":"","overlay-color":"","overlay-opacity":"","overlay-gradient":""},"tablet":{"background-color":"var(--ast-global-color-5)","background-image":"","background-repeat":"repeat","background-position":"center center","background-size":"auto","background-attachment":"scroll","background-type":"","background-media":"","overlay-type":"","overlay-color":"","overlay-opacity":"","overlay-gradient":""},"mobile":{"background-color":"var(--ast-global-color-5)","background-image":"","background-repeat":"repeat","background-position":"center center","background-size":"auto","background-attachment":"scroll","background-type":"","background-media":"","overlay-type":"","overlay-color":"","overlay-opacity":"","overlay-gradient":""}},"footnotes":""},"class_list":["post-11487","page","type-page","status-publish","hentry"],"acf":[],"yoast_head":"<!-- This site is optimized with the Yoast SEO plugin v27.6 - https:\/\/yoast.com\/product\/yoast-seo-wordpress\/ -->\n<title>Kupuj sanki i kastle na terenie Hiszpanii - dodo-inflatables.com<\/title>\n<meta name=\"robots\" content=\"index, follow, max-snippet:-1, max-image-preview:large, max-video-preview:-1\" \/>\n<link rel=\"canonical\" href=\"https:\/\/dodo-inflatables.com\/pl\/kupuj-sanki-i-kastle-na-terenie-hiszpanii\/\" \/>\n<meta name=\"twitter:label1\" content=\"Szacowany czas czytania\" \/>\n\t<meta name=\"twitter:data1\" content=\"2 minuty\" \/>\n<script type=\"application\/ld+json\" class=\"yoast-schema-graph\">{\"@context\":\"https:\\\/\\\/schema.org\",\"@graph\":[{\"@type\":\"WebPage\",\"@id\":\"https:\\\/\\\/dodo-inflatables.com\\\/pl\\\/kupuj-sanki-i-kastle-na-terenie-hiszpanii\\\/\",\"url\":\"https:\\\/\\\/dodo-inflatables.com\\\/pl\\\/kupuj-sanki-i-kastle-na-terenie-hiszpanii\\\/\",\"name\":\"Kupuj sanki i kastle na terenie Hiszpanii - dodo-inflatables.com\",\"isPartOf\":{\"@id\":\"https:\\\/\\\/dodo-inflatables.com\\\/pl\\\/#website\"},\"primaryImageOfPage\":{\"@id\":\"https:\\\/\\\/dodo-inflatables.com\\\/pl\\\/kupuj-sanki-i-kastle-na-terenie-hiszpanii\\\/#primaryimage\"},\"image\":{\"@id\":\"https:\\\/\\\/dodo-inflatables.com\\\/pl\\\/kupuj-sanki-i-kastle-na-terenie-hiszpanii\\\/#primaryimage\"},\"thumbnailUrl\":\"https:\\\/\\\/dodo-inflatables.com\\\/wp-content\\\/uploads\\\/2022\\\/01\\\/seperator-kleiner-1024x102.png\",\"datePublished\":\"2024-03-07T18:00:49+00:00\",\"dateModified\":\"2024-07-10T11:56:34+00:00\",\"breadcrumb\":{\"@id\":\"https:\\\/\\\/dodo-inflatables.com\\\/pl\\\/kupuj-sanki-i-kastle-na-terenie-hiszpanii\\\/#breadcrumb\"},\"inLanguage\":\"pl-PL\",\"potentialAction\":[{\"@type\":\"ReadAction\",\"target\":[\"https:\\\/\\\/dodo-inflatables.com\\\/pl\\\/kupuj-sanki-i-kastle-na-terenie-hiszpanii\\\/\"]}]},{\"@type\":\"ImageObject\",\"inLanguage\":\"pl-PL\",\"@id\":\"https:\\\/\\\/dodo-inflatables.com\\\/pl\\\/kupuj-sanki-i-kastle-na-terenie-hiszpanii\\\/#primaryimage\",\"url\":\"https:\\\/\\\/dodo-inflatables.com\\\/wp-content\\\/uploads\\\/2022\\\/01\\\/seperator-kleiner-1024x102.png\",\"contentUrl\":\"https:\\\/\\\/dodo-inflatables.com\\\/wp-content\\\/uploads\\\/2022\\\/01\\\/seperator-kleiner-1024x102.png\"},{\"@type\":\"BreadcrumbList\",\"@id\":\"https:\\\/\\\/dodo-inflatables.com\\\/pl\\\/kupuj-sanki-i-kastle-na-terenie-hiszpanii\\\/#breadcrumb\",\"itemListElement\":[{\"@type\":\"ListItem\",\"position\":1,\"name\":\"Strona g\u0142\u00f3wna\",\"item\":\"https:\\\/\\\/dodo-inflatables.com\\\/pl\\\/\"},{\"@type\":\"ListItem\",\"position\":2,\"name\":\"Kupuj sanki i kastle na terenie Hiszpanii\"}]},{\"@type\":\"WebSite\",\"@id\":\"https:\\\/\\\/dodo-inflatables.com\\\/pl\\\/#website\",\"url\":\"https:\\\/\\\/dodo-inflatables.com\\\/pl\\\/\",\"name\":\"dodo-inflatables.com\",\"description\":\"Kup dmuchane zamki i atrakcje w naszym sklepie.\",\"potentialAction\":[{\"@type\":\"SearchAction\",\"target\":{\"@type\":\"EntryPoint\",\"urlTemplate\":\"https:\\\/\\\/dodo-inflatables.com\\\/pl\\\/?s={search_term_string}\"},\"query-input\":{\"@type\":\"PropertyValueSpecification\",\"valueRequired\":true,\"valueName\":\"search_term_string\"}}],\"inLanguage\":\"pl-PL\"}]}<\/script>\n<!-- \/ Yoast SEO plugin. -->","yoast_head_json":{"title":"Kupuj sanki i kastle na terenie Hiszpanii - dodo-inflatables.com","robots":{"index":"index","follow":"follow","max-snippet":"max-snippet:-1","max-image-preview":"max-image-preview:large","max-video-preview":"max-video-preview:-1"},"canonical":"https:\/\/dodo-inflatables.com\/pl\/kupuj-sanki-i-kastle-na-terenie-hiszpanii\/","twitter_misc":{"Szacowany czas czytania":"2 minuty"},"schema":{"@context":"https:\/\/schema.org","@graph":[{"@type":"WebPage","@id":"https:\/\/dodo-inflatables.com\/pl\/kupuj-sanki-i-kastle-na-terenie-hiszpanii\/","url":"https:\/\/dodo-inflatables.com\/pl\/kupuj-sanki-i-kastle-na-terenie-hiszpanii\/","name":"Kupuj sanki i kastle na terenie Hiszpanii - dodo-inflatables.com","isPartOf":{"@id":"https:\/\/dodo-inflatables.com\/pl\/#website"},"primaryImageOfPage":{"@id":"https:\/\/dodo-inflatables.com\/pl\/kupuj-sanki-i-kastle-na-terenie-hiszpanii\/#primaryimage"},"image":{"@id":"https:\/\/dodo-inflatables.com\/pl\/kupuj-sanki-i-kastle-na-terenie-hiszpanii\/#primaryimage"},"thumbnailUrl":"https:\/\/dodo-inflatables.com\/wp-content\/uploads\/2022\/01\/seperator-kleiner-1024x102.png","datePublished":"2024-03-07T18:00:49+00:00","dateModified":"2024-07-10T11:56:34+00:00","breadcrumb":{"@id":"https:\/\/dodo-inflatables.com\/pl\/kupuj-sanki-i-kastle-na-terenie-hiszpanii\/#breadcrumb"},"inLanguage":"pl-PL","potentialAction":[{"@type":"ReadAction","target":["https:\/\/dodo-inflatables.com\/pl\/kupuj-sanki-i-kastle-na-terenie-hiszpanii\/"]}]},{"@type":"ImageObject","inLanguage":"pl-PL","@id":"https:\/\/dodo-inflatables.com\/pl\/kupuj-sanki-i-kastle-na-terenie-hiszpanii\/#primaryimage","url":"https:\/\/dodo-inflatables.com\/wp-content\/uploads\/2022\/01\/seperator-kleiner-1024x102.png","contentUrl":"https:\/\/dodo-inflatables.com\/wp-content\/uploads\/2022\/01\/seperator-kleiner-1024x102.png"},{"@type":"BreadcrumbList","@id":"https:\/\/dodo-inflatables.com\/pl\/kupuj-sanki-i-kastle-na-terenie-hiszpanii\/#breadcrumb","itemListElement":[{"@type":"ListItem","position":1,"name":"Strona g\u0142\u00f3wna","item":"https:\/\/dodo-inflatables.com\/pl\/"},{"@type":"ListItem","position":2,"name":"Kupuj sanki i kastle na terenie Hiszpanii"}]},{"@type":"WebSite","@id":"https:\/\/dodo-inflatables.com\/pl\/#website","url":"https:\/\/dodo-inflatables.com\/pl\/","name":"dodo-inflatables.com","description":"Kup dmuchane zamki i atrakcje w naszym sklepie.","potentialAction":[{"@type":"SearchAction","target":{"@type":"EntryPoint","urlTemplate":"https:\/\/dodo-inflatables.com\/pl\/?s={search_term_string}"},"query-input":{"@type":"PropertyValueSpecification","valueRequired":true,"valueName":"search_term_string"}}],"inLanguage":"pl-PL"}]}},"uagb_featured_image_src":{"full":false,"thumbnail":false,"medium":false,"medium_large":false,"large":false,"1536x1536":false,"2048x2048":false,"woocommerce_thumbnail":false,"woocommerce_single":false,"woocommerce_gallery_thumbnail":false},"uagb_author_info":{"display_name":"Andreas","author_link":"https:\/\/dodo-inflatables.com\/pl\/author\/andreas\/"},"uagb_comment_info":0,"uagb_excerpt":"Kupuj sanki i kastle na terenie Hiszpanii Bienvenido a Dodo-Inflatables.com &#8211; \u00a1nuestra tienda online de hinchables en Europa! Skorzystaj z naszej szerokiej gamy but\u00f3w, k\u00f3\u0142ek i sanek wysokiej jako\u015bci, kt\u00f3re dodadz\u0105 Ci odrobin\u0119 wi\u0119cej w ka\u017cdej sytuacji. Niezale\u017cnie od tego, czy szukasz du\u017cej przyczepy kempingowej na imprez\u0119 firmow\u0105, ma\u0142ej przyczepy kempingowej na uroczysto\u015b\u0107 z okazji&hellip;","_links":{"self":[{"href":"https:\/\/dodo-inflatables.com\/pl\/wp-json\/wp\/v2\/pages\/11487","targetHints":{"allow":["GET"]}}],"collection":[{"href":"https:\/\/dodo-inflatables.com\/pl\/wp-json\/wp\/v2\/pages"}],"about":[{"href":"https:\/\/dodo-inflatables.com\/pl\/wp-json\/wp\/v2\/types\/page"}],"author":[{"embeddable":true,"href":"https:\/\/dodo-inflatables.com\/pl\/wp-json\/wp\/v2\/users\/1"}],"replies":[{"embeddable":true,"href":"https:\/\/dodo-inflatables.com\/pl\/wp-json\/wp\/v2\/comments?post=11487"}],"version-history":[{"count":2,"href":"https:\/\/dodo-inflatables.com\/pl\/wp-json\/wp\/v2\/pages\/11487\/revisions"}],"predecessor-version":[{"id":11491,"href":"https:\/\/dodo-inflatables.com\/pl\/wp-json\/wp\/v2\/pages\/11487\/revisions\/11491"}],"wp:attachment":[{"href":"https:\/\/dodo-inflatables.com\/pl\/wp-json\/wp\/v2\/media?parent=11487"}],"curies":[{"name":"wp","href":"https:\/\/api.w.org\/{rel}","templated":true}]}}