{"id":11488,"date":"2024-03-07T19:08:01","date_gmt":"2024-03-07T18:08:01","guid":{"rendered":"https:\/\/dodo-inflatables.com\/zdobadz-najlepsze-sklery-i-hoppeslott-w-norwegii\/"},"modified":"2024-07-10T13:57:17","modified_gmt":"2024-07-10T11:57:17","slug":"zdobadz-najlepsze-sklery-i-hoppeslott-w-norwegii","status":"publish","type":"page","link":"https:\/\/dodo-inflatables.com\/pl\/zdobadz-najlepsze-sklery-i-hoppeslott-w-norwegii\/","title":{"rendered":"Zdob\u0105d\u017a najlepsze sklery i hoppeslott w Norwegii"},"content":{"rendered":"\n<h2 class=\"wp-block-heading has-text-align-center\"><strong>Zdob\u0105d\u017a najlepsze sklery i hoppeslott w Norwegii<\/strong><\/h2>\n\n<figure class=\"wp-block-image aligncenter size-large\"><a href=\"https:\/\/dodo-inflatables.com\/wp-content\/uploads\/2022\/01\/seperator-kleiner.png\"><img fetchpriority=\"high\" decoding=\"async\" width=\"1024\" height=\"102\" src=\"https:\/\/dodo-inflatables.com\/wp-content\/uploads\/2022\/01\/seperator-kleiner-1024x102.png\" alt=\"\" class=\"wp-image-4026\" srcset=\"https:\/\/dodo-inflatables.com\/wp-content\/uploads\/2022\/01\/seperator-kleiner-1024x102.png 1024w, https:\/\/dodo-inflatables.com\/wp-content\/uploads\/2022\/01\/seperator-kleiner-900x90.png 900w, https:\/\/dodo-inflatables.com\/wp-content\/uploads\/2022\/01\/seperator-kleiner-300x30.png 300w, https:\/\/dodo-inflatables.com\/wp-content\/uploads\/2022\/01\/seperator-kleiner-768x77.png 768w, https:\/\/dodo-inflatables.com\/wp-content\/uploads\/2022\/01\/seperator-kleiner-1536x154.png 1536w, https:\/\/dodo-inflatables.com\/wp-content\/uploads\/2022\/01\/seperator-kleiner-340x34.png 340w, https:\/\/dodo-inflatables.com\/wp-content\/uploads\/2022\/01\/seperator-kleiner.png 2000w\" sizes=\"(max-width: 1024px) 100vw, 1024px\" \/><\/a><\/figure>\n\n<h3 class=\"wp-block-heading has-text-align-center\">Zapraszamy na Dodo-Inflatables.com &#8211; nasz\u0105 stron\u0119 internetow\u0105 z najlepszymi grami hoppeslott w Europie!<\/h3>\n\n<p style=\"font-size:17px\">W ten spos\u00f3b mo\u017cna w pe\u0142ni wykorzysta\u0107 mo\u017cliwo\u015bci, jakie daje hoppeslott, a tak\u017ce zwi\u0119kszy\u0107 jego warto\u015b\u0107, co z pewno\u015bci\u0105 przyczyni si\u0119 do poprawy wynik\u00f3w. Je\u015bli chcesz skorzysta\u0107 ze sklepowego hoppeslotu do aran\u017cacji \u0142\u00f3\u017cek, lekkiego oppbl\u00e5sbart slott do barnebursdagen lub hoppeslottu ze sk\u00f3r\u0105 do sommerfesten &#8211; tutaj znajdziesz gwarancj\u0119, \u017ce nic nie minie!<\/p>\n\n<p style=\"font-size:17px\">W tym segmencie mo\u017cna znale\u017a\u0107 nie tylko du\u017c\u0105 ilo\u015b\u0107 chmielu, ale tak\u017ce szeroki wachlarz mo\u017cliwo\u015bci, w tym Gibbonsa i Huawei-bl\u00e5sere.<\/p>\n\n<p style=\"font-size:17px\">U\u0142amek hoppeslotu i tilbeh\u00f8r do <strong>Norwegii kosztuje 359,00 \u20ac<\/strong>. Pakiet z oppbl\u00e5sbart tilbeh\u00f8r kosztuje 59,00 \u20ac. Je\u015bli chmiel jest w lagerze, wysy\u0142a det til deg umiddelbart etter at betalingen er mottatt. Levering til Norge tar ca. <strong>4-6 virkedager<\/strong>. To bardzo du\u017co, je\u015bli chodzi o chmiel z w\u0142asnego lagera w Monachium, w Toskanii.<\/p>\n\n<p style=\"font-size:17px\">Wszystkie te czujniki spe\u0142niaj\u0105 surowe normy bezpiecze\u0144stwa <strong>DIN EN 14960<\/strong> i s\u0105 przeznaczone do u\u017cytku prywatnego i komercyjnego. Mo\u017cesz uzyska\u0107 szczeg\u00f3\u0142owe informacje o zas\u0142onie i sertyfikat dla nowego oppbl\u00e5sbare, gdy zostanie on wys\u0142any.<\/p>\n\n<p style=\"font-size:17px\">Momsfritak dla bedriftera! Je\u015bli korzystasz z \u0142\u00f3\u017cka, mo\u017cesz otworzy\u0107 numer MVA w kasie, aby uzyska\u0107 pomoc.<\/p>\n\n<p style=\"font-size:17px\">Je\u015bli jeste\u015b osob\u0105 prywatn\u0105, kt\u00f3ra chce wzi\u0105\u0107 udzia\u0142 w tym rodzinnym wydarzeniu, lub je\u015bli jeste\u015b przedsi\u0119biorc\u0105, kt\u00f3ry jest w stanie zapewni\u0107 rozrywk\u0119, przeka\u017c hoppeslottene dla wszystkich. Wi\u0119kszo\u015b\u0107 firm w Europie korzysta z fakt\u00f3w, kt\u00f3re pozwalaj\u0105 im mie\u0107 nadziej\u0119, a tak\u017ce ustalaj\u0105 ceny produkt\u00f3w do aran\u017cacji na wszystkich rynkach.<\/p>\n\n<p style=\"font-size:17px\">Mamy nadziej\u0119, \u017ce spodoba Ci si\u0119, jak b\u0119dziesz si\u0119 porusza\u0107 w sieci, i \u017ce b\u0119dziesz mie\u0107 ochot\u0119 na sparing na <a href=\"mailto:contact@dodo-inflatables.com\">contact@dodo-inflatables.com!<\/a><\/p>\n\n<div style=\"height:100px\" aria-hidden=\"true\" class=\"wp-block-spacer\"><\/div>\n","protected":false},"excerpt":{"rendered":"<p>Zdob\u0105d\u017a najlepsze sklery i hoppeslott w Norwegii Zapraszamy na Dodo-Inflatables.com &#8211; nasz\u0105 stron\u0119 internetow\u0105 z najlepszymi grami hoppeslott w Europie! W ten spos\u00f3b mo\u017cna w pe\u0142ni wykorzysta\u0107 mo\u017cliwo\u015bci, jakie daje hoppeslott, a tak\u017ce zwi\u0119kszy\u0107 jego warto\u015b\u0107, co z pewno\u015bci\u0105 przyczyni si\u0119 do poprawy wynik\u00f3w. Je\u015bli chcesz skorzysta\u0107 ze sklepowego hoppeslotu do aran\u017cacji \u0142\u00f3\u017cek, lekkiego oppbl\u00e5sbart [&hellip;]<\/p>\n","protected":false},"author":1,"featured_media":0,"parent":0,"menu_order":0,"comment_status":"closed","ping_status":"closed","template":"","meta":{"_acf_changed":false,"_uag_custom_page_level_css":"","site-sidebar-layout":"default","site-content-layout":"","ast-site-content-layout":"normal-width-container","site-content-style":"boxed","site-sidebar-style":"default","ast-global-header-display":"","ast-banner-title-visibility":"","ast-main-header-display":"","ast-hfb-above-header-display":"","ast-hfb-below-header-display":"","ast-hfb-mobile-header-display":"","site-post-title":"","ast-breadcrumbs-content":"","ast-featured-img":"","footer-sml-layout":"","ast-disable-related-posts":"","theme-transparent-header-meta":"","adv-header-id-meta":"4069","stick-header-meta":"","header-above-stick-meta":"","header-main-stick-meta":"","header-below-stick-meta":"","astra-migrate-meta-layouts":"default","ast-page-background-enabled":"default","ast-page-background-meta":{"desktop":{"background-color":"var(--ast-global-color-4)","background-image":"","background-repeat":"repeat","background-position":"center center","background-size":"auto","background-attachment":"scroll","background-type":"","background-media":"","overlay-type":"","overlay-color":"","overlay-opacity":"","overlay-gradient":""},"tablet":{"background-color":"","background-image":"","background-repeat":"repeat","background-position":"center center","background-size":"auto","background-attachment":"scroll","background-type":"","background-media":"","overlay-type":"","overlay-color":"","overlay-opacity":"","overlay-gradient":""},"mobile":{"background-color":"","background-image":"","background-repeat":"repeat","background-position":"center center","background-size":"auto","background-attachment":"scroll","background-type":"","background-media":"","overlay-type":"","overlay-color":"","overlay-opacity":"","overlay-gradient":""}},"ast-content-background-meta":{"desktop":{"background-color":"var(--ast-global-color-5)","background-image":"","background-repeat":"repeat","background-position":"center center","background-size":"auto","background-attachment":"scroll","background-type":"","background-media":"","overlay-type":"","overlay-color":"","overlay-opacity":"","overlay-gradient":""},"tablet":{"background-color":"var(--ast-global-color-5)","background-image":"","background-repeat":"repeat","background-position":"center center","background-size":"auto","background-attachment":"scroll","background-type":"","background-media":"","overlay-type":"","overlay-color":"","overlay-opacity":"","overlay-gradient":""},"mobile":{"background-color":"var(--ast-global-color-5)","background-image":"","background-repeat":"repeat","background-position":"center center","background-size":"auto","background-attachment":"scroll","background-type":"","background-media":"","overlay-type":"","overlay-color":"","overlay-opacity":"","overlay-gradient":""}},"footnotes":""},"class_list":["post-11488","page","type-page","status-publish","hentry"],"acf":[],"yoast_head":"<!-- This site is optimized with the Yoast SEO plugin v27.5 - https:\/\/yoast.com\/product\/yoast-seo-wordpress\/ -->\n<title>Zdob\u0105d\u017a najlepsze sklery i hoppeslott w Norwegii - dodo-inflatables.com<\/title>\n<meta name=\"robots\" content=\"index, follow, max-snippet:-1, max-image-preview:large, max-video-preview:-1\" \/>\n<link rel=\"canonical\" href=\"https:\/\/dodo-inflatables.com\/pl\/zdobadz-najlepsze-sklery-i-hoppeslott-w-norwegii\/\" \/>\n<meta name=\"twitter:label1\" content=\"Szacowany czas czytania\" \/>\n\t<meta name=\"twitter:data1\" content=\"2 minuty\" \/>\n<script type=\"application\/ld+json\" class=\"yoast-schema-graph\">{\"@context\":\"https:\\\/\\\/schema.org\",\"@graph\":[{\"@type\":\"WebPage\",\"@id\":\"https:\\\/\\\/dodo-inflatables.com\\\/pl\\\/zdobadz-najlepsze-sklery-i-hoppeslott-w-norwegii\\\/\",\"url\":\"https:\\\/\\\/dodo-inflatables.com\\\/pl\\\/zdobadz-najlepsze-sklery-i-hoppeslott-w-norwegii\\\/\",\"name\":\"Zdob\u0105d\u017a najlepsze sklery i hoppeslott w Norwegii - dodo-inflatables.com\",\"isPartOf\":{\"@id\":\"https:\\\/\\\/dodo-inflatables.com\\\/pl\\\/#website\"},\"primaryImageOfPage\":{\"@id\":\"https:\\\/\\\/dodo-inflatables.com\\\/pl\\\/zdobadz-najlepsze-sklery-i-hoppeslott-w-norwegii\\\/#primaryimage\"},\"image\":{\"@id\":\"https:\\\/\\\/dodo-inflatables.com\\\/pl\\\/zdobadz-najlepsze-sklery-i-hoppeslott-w-norwegii\\\/#primaryimage\"},\"thumbnailUrl\":\"https:\\\/\\\/dodo-inflatables.com\\\/wp-content\\\/uploads\\\/2022\\\/01\\\/seperator-kleiner-1024x102.png\",\"datePublished\":\"2024-03-07T18:08:01+00:00\",\"dateModified\":\"2024-07-10T11:57:17+00:00\",\"breadcrumb\":{\"@id\":\"https:\\\/\\\/dodo-inflatables.com\\\/pl\\\/zdobadz-najlepsze-sklery-i-hoppeslott-w-norwegii\\\/#breadcrumb\"},\"inLanguage\":\"pl-PL\",\"potentialAction\":[{\"@type\":\"ReadAction\",\"target\":[\"https:\\\/\\\/dodo-inflatables.com\\\/pl\\\/zdobadz-najlepsze-sklery-i-hoppeslott-w-norwegii\\\/\"]}]},{\"@type\":\"ImageObject\",\"inLanguage\":\"pl-PL\",\"@id\":\"https:\\\/\\\/dodo-inflatables.com\\\/pl\\\/zdobadz-najlepsze-sklery-i-hoppeslott-w-norwegii\\\/#primaryimage\",\"url\":\"https:\\\/\\\/dodo-inflatables.com\\\/wp-content\\\/uploads\\\/2022\\\/01\\\/seperator-kleiner-1024x102.png\",\"contentUrl\":\"https:\\\/\\\/dodo-inflatables.com\\\/wp-content\\\/uploads\\\/2022\\\/01\\\/seperator-kleiner-1024x102.png\"},{\"@type\":\"BreadcrumbList\",\"@id\":\"https:\\\/\\\/dodo-inflatables.com\\\/pl\\\/zdobadz-najlepsze-sklery-i-hoppeslott-w-norwegii\\\/#breadcrumb\",\"itemListElement\":[{\"@type\":\"ListItem\",\"position\":1,\"name\":\"Strona g\u0142\u00f3wna\",\"item\":\"https:\\\/\\\/dodo-inflatables.com\\\/pl\\\/\"},{\"@type\":\"ListItem\",\"position\":2,\"name\":\"Zdob\u0105d\u017a najlepsze sklery i hoppeslott w Norwegii\"}]},{\"@type\":\"WebSite\",\"@id\":\"https:\\\/\\\/dodo-inflatables.com\\\/pl\\\/#website\",\"url\":\"https:\\\/\\\/dodo-inflatables.com\\\/pl\\\/\",\"name\":\"dodo-inflatables.com\",\"description\":\"Kup dmuchane zamki i atrakcje w naszym sklepie.\",\"potentialAction\":[{\"@type\":\"SearchAction\",\"target\":{\"@type\":\"EntryPoint\",\"urlTemplate\":\"https:\\\/\\\/dodo-inflatables.com\\\/pl\\\/?s={search_term_string}\"},\"query-input\":{\"@type\":\"PropertyValueSpecification\",\"valueRequired\":true,\"valueName\":\"search_term_string\"}}],\"inLanguage\":\"pl-PL\"}]}<\/script>\n<!-- \/ Yoast SEO plugin. -->","yoast_head_json":{"title":"Zdob\u0105d\u017a najlepsze sklery i hoppeslott w Norwegii - dodo-inflatables.com","robots":{"index":"index","follow":"follow","max-snippet":"max-snippet:-1","max-image-preview":"max-image-preview:large","max-video-preview":"max-video-preview:-1"},"canonical":"https:\/\/dodo-inflatables.com\/pl\/zdobadz-najlepsze-sklery-i-hoppeslott-w-norwegii\/","twitter_misc":{"Szacowany czas czytania":"2 minuty"},"schema":{"@context":"https:\/\/schema.org","@graph":[{"@type":"WebPage","@id":"https:\/\/dodo-inflatables.com\/pl\/zdobadz-najlepsze-sklery-i-hoppeslott-w-norwegii\/","url":"https:\/\/dodo-inflatables.com\/pl\/zdobadz-najlepsze-sklery-i-hoppeslott-w-norwegii\/","name":"Zdob\u0105d\u017a najlepsze sklery i hoppeslott w Norwegii - dodo-inflatables.com","isPartOf":{"@id":"https:\/\/dodo-inflatables.com\/pl\/#website"},"primaryImageOfPage":{"@id":"https:\/\/dodo-inflatables.com\/pl\/zdobadz-najlepsze-sklery-i-hoppeslott-w-norwegii\/#primaryimage"},"image":{"@id":"https:\/\/dodo-inflatables.com\/pl\/zdobadz-najlepsze-sklery-i-hoppeslott-w-norwegii\/#primaryimage"},"thumbnailUrl":"https:\/\/dodo-inflatables.com\/wp-content\/uploads\/2022\/01\/seperator-kleiner-1024x102.png","datePublished":"2024-03-07T18:08:01+00:00","dateModified":"2024-07-10T11:57:17+00:00","breadcrumb":{"@id":"https:\/\/dodo-inflatables.com\/pl\/zdobadz-najlepsze-sklery-i-hoppeslott-w-norwegii\/#breadcrumb"},"inLanguage":"pl-PL","potentialAction":[{"@type":"ReadAction","target":["https:\/\/dodo-inflatables.com\/pl\/zdobadz-najlepsze-sklery-i-hoppeslott-w-norwegii\/"]}]},{"@type":"ImageObject","inLanguage":"pl-PL","@id":"https:\/\/dodo-inflatables.com\/pl\/zdobadz-najlepsze-sklery-i-hoppeslott-w-norwegii\/#primaryimage","url":"https:\/\/dodo-inflatables.com\/wp-content\/uploads\/2022\/01\/seperator-kleiner-1024x102.png","contentUrl":"https:\/\/dodo-inflatables.com\/wp-content\/uploads\/2022\/01\/seperator-kleiner-1024x102.png"},{"@type":"BreadcrumbList","@id":"https:\/\/dodo-inflatables.com\/pl\/zdobadz-najlepsze-sklery-i-hoppeslott-w-norwegii\/#breadcrumb","itemListElement":[{"@type":"ListItem","position":1,"name":"Strona g\u0142\u00f3wna","item":"https:\/\/dodo-inflatables.com\/pl\/"},{"@type":"ListItem","position":2,"name":"Zdob\u0105d\u017a najlepsze sklery i hoppeslott w Norwegii"}]},{"@type":"WebSite","@id":"https:\/\/dodo-inflatables.com\/pl\/#website","url":"https:\/\/dodo-inflatables.com\/pl\/","name":"dodo-inflatables.com","description":"Kup dmuchane zamki i atrakcje w naszym sklepie.","potentialAction":[{"@type":"SearchAction","target":{"@type":"EntryPoint","urlTemplate":"https:\/\/dodo-inflatables.com\/pl\/?s={search_term_string}"},"query-input":{"@type":"PropertyValueSpecification","valueRequired":true,"valueName":"search_term_string"}}],"inLanguage":"pl-PL"}]}},"uagb_featured_image_src":{"full":false,"thumbnail":false,"medium":false,"medium_large":false,"large":false,"1536x1536":false,"2048x2048":false,"woocommerce_thumbnail":false,"woocommerce_single":false,"woocommerce_gallery_thumbnail":false},"uagb_author_info":{"display_name":"Andreas","author_link":"https:\/\/dodo-inflatables.com\/pl\/author\/andreas\/"},"uagb_comment_info":0,"uagb_excerpt":"Zdob\u0105d\u017a najlepsze sklery i hoppeslott w Norwegii Zapraszamy na Dodo-Inflatables.com &#8211; nasz\u0105 stron\u0119 internetow\u0105 z najlepszymi grami hoppeslott w Europie! W ten spos\u00f3b mo\u017cna w pe\u0142ni wykorzysta\u0107 mo\u017cliwo\u015bci, jakie daje hoppeslott, a tak\u017ce zwi\u0119kszy\u0107 jego warto\u015b\u0107, co z pewno\u015bci\u0105 przyczyni si\u0119 do poprawy wynik\u00f3w. Je\u015bli chcesz skorzysta\u0107 ze sklepowego hoppeslotu do aran\u017cacji \u0142\u00f3\u017cek, lekkiego oppbl\u00e5sbart&hellip;","_links":{"self":[{"href":"https:\/\/dodo-inflatables.com\/pl\/wp-json\/wp\/v2\/pages\/11488","targetHints":{"allow":["GET"]}}],"collection":[{"href":"https:\/\/dodo-inflatables.com\/pl\/wp-json\/wp\/v2\/pages"}],"about":[{"href":"https:\/\/dodo-inflatables.com\/pl\/wp-json\/wp\/v2\/types\/page"}],"author":[{"embeddable":true,"href":"https:\/\/dodo-inflatables.com\/pl\/wp-json\/wp\/v2\/users\/1"}],"replies":[{"embeddable":true,"href":"https:\/\/dodo-inflatables.com\/pl\/wp-json\/wp\/v2\/comments?post=11488"}],"version-history":[{"count":2,"href":"https:\/\/dodo-inflatables.com\/pl\/wp-json\/wp\/v2\/pages\/11488\/revisions"}],"predecessor-version":[{"id":11492,"href":"https:\/\/dodo-inflatables.com\/pl\/wp-json\/wp\/v2\/pages\/11488\/revisions\/11492"}],"wp:attachment":[{"href":"https:\/\/dodo-inflatables.com\/pl\/wp-json\/wp\/v2\/media?parent=11488"}],"curies":[{"name":"wp","href":"https:\/\/api.w.org\/{rel}","templated":true}]}}