{"id":11511,"date":"2024-03-01T20:28:39","date_gmt":"2024-03-01T19:28:39","guid":{"rendered":"https:\/\/dodo-inflatables.com\/najlepsze-koleiny-i-hupfburgi-dostepne-w-szwajcarii\/"},"modified":"2024-07-10T13:51:57","modified_gmt":"2024-07-10T11:51:57","slug":"najlepsze-koleiny-i-hupfburgi-dostepne-w-szwajcarii","status":"publish","type":"page","link":"https:\/\/dodo-inflatables.com\/pl\/najlepsze-koleiny-i-hupfburgi-dostepne-w-szwajcarii\/","title":{"rendered":"Najlepsze koleiny i h\u00fcpfburgi dost\u0119pne w Szwajcarii"},"content":{"rendered":"\n<h2 class=\"wp-block-heading has-text-align-center\"><strong>Najlepsze koleiny i h\u00fcpfburgi dost\u0119pne w Szwajcarii<\/strong><\/h2>\n\n<figure class=\"wp-block-image aligncenter size-large\"><a href=\"https:\/\/dodo-inflatables.com\/wp-content\/uploads\/2022\/01\/seperator-kleiner.png\"><img fetchpriority=\"high\" decoding=\"async\" width=\"1024\" height=\"102\" src=\"https:\/\/dodo-inflatables.com\/wp-content\/uploads\/2022\/01\/seperator-kleiner-1024x102.png\" alt=\"\" class=\"wp-image-4026\" srcset=\"https:\/\/dodo-inflatables.com\/wp-content\/uploads\/2022\/01\/seperator-kleiner-1024x102.png 1024w, https:\/\/dodo-inflatables.com\/wp-content\/uploads\/2022\/01\/seperator-kleiner-900x90.png 900w, https:\/\/dodo-inflatables.com\/wp-content\/uploads\/2022\/01\/seperator-kleiner-300x30.png 300w, https:\/\/dodo-inflatables.com\/wp-content\/uploads\/2022\/01\/seperator-kleiner-768x77.png 768w, https:\/\/dodo-inflatables.com\/wp-content\/uploads\/2022\/01\/seperator-kleiner-1536x154.png 1536w, https:\/\/dodo-inflatables.com\/wp-content\/uploads\/2022\/01\/seperator-kleiner-340x34.png 340w, https:\/\/dodo-inflatables.com\/wp-content\/uploads\/2022\/01\/seperator-kleiner.png 2000w\" sizes=\"(max-width: 1024px) 100vw, 1024px\" \/><\/a><\/figure>\n\n<h3 class=\"wp-block-heading has-text-align-center\">Witamy w Dodo-Inflatables.com &#8211; naszym sklepie internetowym z hu\u015btawkami w Europie!<\/h3>\n\n<div style=\"height:45px\" aria-hidden=\"true\" class=\"wp-block-spacer\"><\/div>\n\n<p style=\"font-size:17px\">Skorzystaj z naszej szerokiej gamy wysokiej jako\u015bci H\u00fcpfburgen, <a href=\"https:\/\/dodo-inflatables.com\/pl\/kategoria-produktu\/zamki-bouncy\/\">aufblasbaren Schl\u00f6ssern<\/a> i <a href=\"https:\/\/dodo-inflatables.com\/pl\/kategoria-produktu\/slajdy\/\">Rutschen<\/a>, kt\u00f3re w ka\u017cdej klasie zapewniaj\u0105 dodatkowe korzy\u015bci. Niezale\u017cnie od tego, czy chodzi o du\u017cy h\u00fcpfschloss na imprez\u0119 firmow\u0105, ma\u0142y h\u00fcpfburg na przyj\u0119cie dla dzieci czy h\u00fcpfburg z rutynami na imprez\u0119 letni\u0105 &#8211; u nas masz gwarancj\u0119 sukcesu!<\/p>\n\n<p style=\"font-size:17px\">W naszym asortymencie znajduje si\u0119 nie tylko szeroki wyb\u00f3r hamburger\u00f3w, ale tak\u017ce bogata paleta <a href=\"https:\/\/dodo-inflatables.com\/pl\/kategoria-produktu\/akcesoria\/\">akcesori\u00f3w<\/a>, w tym <a href=\"https:\/\/dodo-inflatables.com\/pl\/produkt\/dmuchawa-gibbons-fp5005-15ps\/\">gibony<\/a> i uchwyty <a href=\"https:\/\/dodo-inflatables.com\/pl\/produkt\/dmuchawa-huawei-reh-1-5e-15ps\/\">Huawei<\/a> do hamburger\u00f3w.<\/p>\n\n<p style=\"font-size:17px\">Dostawa H\u00fcpfburga i pozosta\u0142ych Zubeh\u00f6rs w <strong>Szwajcarii kosztuje 464,00 \u20ac<\/strong>. Je\u015bli H\u00fcpfschloss auf Lager ist, wird sie sofort nach Zahlungseingang an dich verschickt. Die Lieferung in die Schweiz dauert ca. <strong>4 &#8211; 6 dni roboczych<\/strong>. Eine Selbstabholung ist in unserem Lager in M\u00fcnchen, Deutschland m\u00f6glich.<\/p>\n\n<p style=\"font-size:17px\">Wszystkie nasze obudowy spe\u0142niaj\u0105 rygorystyczne normy bezpiecze\u0144stwa <strong>DIN EN 14960<\/strong> i s\u0105 przeznaczone do u\u017cytku prywatnego i komercyjnego. Po dostawie H\u00fcpfburga otrzymasz <strong>szczeg\u00f3\u0142ow\u0105 instrukcj\u0119<\/strong> oraz odpowiedni <strong>certyfikat<\/strong> dla nowego H\u00fcpfburga.<\/p>\n\n<p style=\"font-size:17px\">Jako klient z kraju nienale\u017c\u0105cego do UE mo\u017cesz u nas kupowa\u0107 <strong>bez ogranicze\u0144<\/strong>. Die im Online-Shop genannten Preise beinhalten zun\u00e4chst die deutsche Mehrwertsteuer (19%), diese werden dir dann abgezogen. Beim Versand in die Schweiz giltst du als &#8222;Importeur&#8221;. Dir wird also die Schweizer Einfuhrumsatzsteuer sowie die Einfuhrzollkosten in Rechnung gestellt. W naszych kosztach dostawy do Szwajcarii zawarta jest premia za fracht, us\u0142uga Verzollung oraz ABD-Erstellung.<\/p>\n\n<p style=\"font-size:17px\">Niezale\u017cnie od tego, czy jako osoba prywatna poszukujesz schroniska na nowy festyn rodzinny, czy te\u017c jeste\u015b przedsi\u0119biorc\u0105, kt\u00f3ry chce ulepszy\u0107 swoj\u0105 ofert\u0119 &#8211; nasze schroniska s\u0105 odpowiednie dla ka\u017cdego. Wi\u0119kszo\u015b\u0107 naszych klient\u00f3w w ca\u0142ej Europie to firmy zajmuj\u0105ce si\u0119 handlem obwo\u017anym, kt\u00f3re wykorzystuj\u0105 nasze produkty do organizacji imprez r\u00f3\u017cnej wielko\u015bci.<\/p>\n\n<p style=\"font-size:17px\">\u017byczymy wielu sukces\u00f3w podczas zakup\u00f3w w naszym sklepie internetowym i ch\u0119tnie odpowiemy na pytania pod adresem <a href=\"mailto:contact@dodo-inflatables.com\">contact@dodo-inflatables.com<\/a>!<\/p>\n\n<div style=\"height:45px\" aria-hidden=\"true\" class=\"wp-block-spacer\"><\/div>\n","protected":false},"excerpt":{"rendered":"<p>Najlepsze koleiny i h\u00fcpfburgi dost\u0119pne w Szwajcarii Witamy w Dodo-Inflatables.com &#8211; naszym sklepie internetowym z hu\u015btawkami w Europie! Skorzystaj z naszej szerokiej gamy wysokiej jako\u015bci H\u00fcpfburgen, aufblasbaren Schl\u00f6ssern i Rutschen, kt\u00f3re w ka\u017cdej klasie zapewniaj\u0105 dodatkowe korzy\u015bci. Niezale\u017cnie od tego, czy chodzi o du\u017cy h\u00fcpfschloss na imprez\u0119 firmow\u0105, ma\u0142y h\u00fcpfburg na przyj\u0119cie dla dzieci czy [&hellip;]<\/p>\n","protected":false},"author":1,"featured_media":0,"parent":0,"menu_order":0,"comment_status":"closed","ping_status":"closed","template":"","meta":{"_acf_changed":false,"_uag_custom_page_level_css":"","site-sidebar-layout":"default","site-content-layout":"","ast-site-content-layout":"normal-width-container","site-content-style":"boxed","site-sidebar-style":"default","ast-global-header-display":"","ast-banner-title-visibility":"","ast-main-header-display":"","ast-hfb-above-header-display":"","ast-hfb-below-header-display":"","ast-hfb-mobile-header-display":"","site-post-title":"","ast-breadcrumbs-content":"","ast-featured-img":"","footer-sml-layout":"","ast-disable-related-posts":"","theme-transparent-header-meta":"","adv-header-id-meta":"4069","stick-header-meta":"","header-above-stick-meta":"","header-main-stick-meta":"","header-below-stick-meta":"","astra-migrate-meta-layouts":"default","ast-page-background-enabled":"default","ast-page-background-meta":{"desktop":{"background-color":"var(--ast-global-color-4)","background-image":"","background-repeat":"repeat","background-position":"center center","background-size":"auto","background-attachment":"scroll","background-type":"","background-media":"","overlay-type":"","overlay-color":"","overlay-opacity":"","overlay-gradient":""},"tablet":{"background-color":"","background-image":"","background-repeat":"repeat","background-position":"center center","background-size":"auto","background-attachment":"scroll","background-type":"","background-media":"","overlay-type":"","overlay-color":"","overlay-opacity":"","overlay-gradient":""},"mobile":{"background-color":"","background-image":"","background-repeat":"repeat","background-position":"center center","background-size":"auto","background-attachment":"scroll","background-type":"","background-media":"","overlay-type":"","overlay-color":"","overlay-opacity":"","overlay-gradient":""}},"ast-content-background-meta":{"desktop":{"background-color":"var(--ast-global-color-5)","background-image":"","background-repeat":"repeat","background-position":"center center","background-size":"auto","background-attachment":"scroll","background-type":"","background-media":"","overlay-type":"","overlay-color":"","overlay-opacity":"","overlay-gradient":""},"tablet":{"background-color":"var(--ast-global-color-5)","background-image":"","background-repeat":"repeat","background-position":"center center","background-size":"auto","background-attachment":"scroll","background-type":"","background-media":"","overlay-type":"","overlay-color":"","overlay-opacity":"","overlay-gradient":""},"mobile":{"background-color":"var(--ast-global-color-5)","background-image":"","background-repeat":"repeat","background-position":"center center","background-size":"auto","background-attachment":"scroll","background-type":"","background-media":"","overlay-type":"","overlay-color":"","overlay-opacity":"","overlay-gradient":""}},"footnotes":""},"class_list":["post-11511","page","type-page","status-publish","hentry"],"acf":[],"yoast_head":"<!-- This site is optimized with the Yoast SEO plugin v27.5 - https:\/\/yoast.com\/product\/yoast-seo-wordpress\/ -->\n<title>Najlepsze koleiny i h\u00fcpfburgi dost\u0119pne w Szwajcarii - dodo-inflatables.com<\/title>\n<meta name=\"robots\" content=\"index, follow, max-snippet:-1, max-image-preview:large, max-video-preview:-1\" \/>\n<link rel=\"canonical\" href=\"https:\/\/dodo-inflatables.com\/pl\/najlepsze-koleiny-i-hupfburgi-dostepne-w-szwajcarii\/\" \/>\n<meta name=\"twitter:label1\" content=\"Szacowany czas czytania\" \/>\n\t<meta name=\"twitter:data1\" content=\"2 minuty\" \/>\n<script type=\"application\/ld+json\" class=\"yoast-schema-graph\">{\"@context\":\"https:\\\/\\\/schema.org\",\"@graph\":[{\"@type\":\"WebPage\",\"@id\":\"https:\\\/\\\/dodo-inflatables.com\\\/pl\\\/najlepsze-koleiny-i-hupfburgi-dostepne-w-szwajcarii\\\/\",\"url\":\"https:\\\/\\\/dodo-inflatables.com\\\/pl\\\/najlepsze-koleiny-i-hupfburgi-dostepne-w-szwajcarii\\\/\",\"name\":\"Najlepsze koleiny i h\u00fcpfburgi dost\u0119pne w Szwajcarii - dodo-inflatables.com\",\"isPartOf\":{\"@id\":\"https:\\\/\\\/dodo-inflatables.com\\\/pl\\\/#website\"},\"primaryImageOfPage\":{\"@id\":\"https:\\\/\\\/dodo-inflatables.com\\\/pl\\\/najlepsze-koleiny-i-hupfburgi-dostepne-w-szwajcarii\\\/#primaryimage\"},\"image\":{\"@id\":\"https:\\\/\\\/dodo-inflatables.com\\\/pl\\\/najlepsze-koleiny-i-hupfburgi-dostepne-w-szwajcarii\\\/#primaryimage\"},\"thumbnailUrl\":\"https:\\\/\\\/dodo-inflatables.com\\\/wp-content\\\/uploads\\\/2022\\\/01\\\/seperator-kleiner-1024x102.png\",\"datePublished\":\"2024-03-01T19:28:39+00:00\",\"dateModified\":\"2024-07-10T11:51:57+00:00\",\"breadcrumb\":{\"@id\":\"https:\\\/\\\/dodo-inflatables.com\\\/pl\\\/najlepsze-koleiny-i-hupfburgi-dostepne-w-szwajcarii\\\/#breadcrumb\"},\"inLanguage\":\"pl-PL\",\"potentialAction\":[{\"@type\":\"ReadAction\",\"target\":[\"https:\\\/\\\/dodo-inflatables.com\\\/pl\\\/najlepsze-koleiny-i-hupfburgi-dostepne-w-szwajcarii\\\/\"]}]},{\"@type\":\"ImageObject\",\"inLanguage\":\"pl-PL\",\"@id\":\"https:\\\/\\\/dodo-inflatables.com\\\/pl\\\/najlepsze-koleiny-i-hupfburgi-dostepne-w-szwajcarii\\\/#primaryimage\",\"url\":\"https:\\\/\\\/dodo-inflatables.com\\\/wp-content\\\/uploads\\\/2022\\\/01\\\/seperator-kleiner-1024x102.png\",\"contentUrl\":\"https:\\\/\\\/dodo-inflatables.com\\\/wp-content\\\/uploads\\\/2022\\\/01\\\/seperator-kleiner-1024x102.png\"},{\"@type\":\"BreadcrumbList\",\"@id\":\"https:\\\/\\\/dodo-inflatables.com\\\/pl\\\/najlepsze-koleiny-i-hupfburgi-dostepne-w-szwajcarii\\\/#breadcrumb\",\"itemListElement\":[{\"@type\":\"ListItem\",\"position\":1,\"name\":\"Strona g\u0142\u00f3wna\",\"item\":\"https:\\\/\\\/dodo-inflatables.com\\\/pl\\\/\"},{\"@type\":\"ListItem\",\"position\":2,\"name\":\"Najlepsze koleiny i h\u00fcpfburgi dost\u0119pne w Szwajcarii\"}]},{\"@type\":\"WebSite\",\"@id\":\"https:\\\/\\\/dodo-inflatables.com\\\/pl\\\/#website\",\"url\":\"https:\\\/\\\/dodo-inflatables.com\\\/pl\\\/\",\"name\":\"dodo-inflatables.com\",\"description\":\"Kup dmuchane zamki i atrakcje w naszym sklepie.\",\"potentialAction\":[{\"@type\":\"SearchAction\",\"target\":{\"@type\":\"EntryPoint\",\"urlTemplate\":\"https:\\\/\\\/dodo-inflatables.com\\\/pl\\\/?s={search_term_string}\"},\"query-input\":{\"@type\":\"PropertyValueSpecification\",\"valueRequired\":true,\"valueName\":\"search_term_string\"}}],\"inLanguage\":\"pl-PL\"}]}<\/script>\n<!-- \/ Yoast SEO plugin. -->","yoast_head_json":{"title":"Najlepsze koleiny i h\u00fcpfburgi dost\u0119pne w Szwajcarii - dodo-inflatables.com","robots":{"index":"index","follow":"follow","max-snippet":"max-snippet:-1","max-image-preview":"max-image-preview:large","max-video-preview":"max-video-preview:-1"},"canonical":"https:\/\/dodo-inflatables.com\/pl\/najlepsze-koleiny-i-hupfburgi-dostepne-w-szwajcarii\/","twitter_misc":{"Szacowany czas czytania":"2 minuty"},"schema":{"@context":"https:\/\/schema.org","@graph":[{"@type":"WebPage","@id":"https:\/\/dodo-inflatables.com\/pl\/najlepsze-koleiny-i-hupfburgi-dostepne-w-szwajcarii\/","url":"https:\/\/dodo-inflatables.com\/pl\/najlepsze-koleiny-i-hupfburgi-dostepne-w-szwajcarii\/","name":"Najlepsze koleiny i h\u00fcpfburgi dost\u0119pne w Szwajcarii - dodo-inflatables.com","isPartOf":{"@id":"https:\/\/dodo-inflatables.com\/pl\/#website"},"primaryImageOfPage":{"@id":"https:\/\/dodo-inflatables.com\/pl\/najlepsze-koleiny-i-hupfburgi-dostepne-w-szwajcarii\/#primaryimage"},"image":{"@id":"https:\/\/dodo-inflatables.com\/pl\/najlepsze-koleiny-i-hupfburgi-dostepne-w-szwajcarii\/#primaryimage"},"thumbnailUrl":"https:\/\/dodo-inflatables.com\/wp-content\/uploads\/2022\/01\/seperator-kleiner-1024x102.png","datePublished":"2024-03-01T19:28:39+00:00","dateModified":"2024-07-10T11:51:57+00:00","breadcrumb":{"@id":"https:\/\/dodo-inflatables.com\/pl\/najlepsze-koleiny-i-hupfburgi-dostepne-w-szwajcarii\/#breadcrumb"},"inLanguage":"pl-PL","potentialAction":[{"@type":"ReadAction","target":["https:\/\/dodo-inflatables.com\/pl\/najlepsze-koleiny-i-hupfburgi-dostepne-w-szwajcarii\/"]}]},{"@type":"ImageObject","inLanguage":"pl-PL","@id":"https:\/\/dodo-inflatables.com\/pl\/najlepsze-koleiny-i-hupfburgi-dostepne-w-szwajcarii\/#primaryimage","url":"https:\/\/dodo-inflatables.com\/wp-content\/uploads\/2022\/01\/seperator-kleiner-1024x102.png","contentUrl":"https:\/\/dodo-inflatables.com\/wp-content\/uploads\/2022\/01\/seperator-kleiner-1024x102.png"},{"@type":"BreadcrumbList","@id":"https:\/\/dodo-inflatables.com\/pl\/najlepsze-koleiny-i-hupfburgi-dostepne-w-szwajcarii\/#breadcrumb","itemListElement":[{"@type":"ListItem","position":1,"name":"Strona g\u0142\u00f3wna","item":"https:\/\/dodo-inflatables.com\/pl\/"},{"@type":"ListItem","position":2,"name":"Najlepsze koleiny i h\u00fcpfburgi dost\u0119pne w Szwajcarii"}]},{"@type":"WebSite","@id":"https:\/\/dodo-inflatables.com\/pl\/#website","url":"https:\/\/dodo-inflatables.com\/pl\/","name":"dodo-inflatables.com","description":"Kup dmuchane zamki i atrakcje w naszym sklepie.","potentialAction":[{"@type":"SearchAction","target":{"@type":"EntryPoint","urlTemplate":"https:\/\/dodo-inflatables.com\/pl\/?s={search_term_string}"},"query-input":{"@type":"PropertyValueSpecification","valueRequired":true,"valueName":"search_term_string"}}],"inLanguage":"pl-PL"}]}},"uagb_featured_image_src":{"full":false,"thumbnail":false,"medium":false,"medium_large":false,"large":false,"1536x1536":false,"2048x2048":false,"woocommerce_thumbnail":false,"woocommerce_single":false,"woocommerce_gallery_thumbnail":false},"uagb_author_info":{"display_name":"Andreas","author_link":"https:\/\/dodo-inflatables.com\/pl\/author\/andreas\/"},"uagb_comment_info":0,"uagb_excerpt":"Najlepsze koleiny i h\u00fcpfburgi dost\u0119pne w Szwajcarii Witamy w Dodo-Inflatables.com &#8211; naszym sklepie internetowym z hu\u015btawkami w Europie! Skorzystaj z naszej szerokiej gamy wysokiej jako\u015bci H\u00fcpfburgen, aufblasbaren Schl\u00f6ssern i Rutschen, kt\u00f3re w ka\u017cdej klasie zapewniaj\u0105 dodatkowe korzy\u015bci. Niezale\u017cnie od tego, czy chodzi o du\u017cy h\u00fcpfschloss na imprez\u0119 firmow\u0105, ma\u0142y h\u00fcpfburg na przyj\u0119cie dla dzieci czy&hellip;","_links":{"self":[{"href":"https:\/\/dodo-inflatables.com\/pl\/wp-json\/wp\/v2\/pages\/11511","targetHints":{"allow":["GET"]}}],"collection":[{"href":"https:\/\/dodo-inflatables.com\/pl\/wp-json\/wp\/v2\/pages"}],"about":[{"href":"https:\/\/dodo-inflatables.com\/pl\/wp-json\/wp\/v2\/types\/page"}],"author":[{"embeddable":true,"href":"https:\/\/dodo-inflatables.com\/pl\/wp-json\/wp\/v2\/users\/1"}],"replies":[{"embeddable":true,"href":"https:\/\/dodo-inflatables.com\/pl\/wp-json\/wp\/v2\/comments?post=11511"}],"version-history":[{"count":3,"href":"https:\/\/dodo-inflatables.com\/pl\/wp-json\/wp\/v2\/pages\/11511\/revisions"}],"predecessor-version":[{"id":16261,"href":"https:\/\/dodo-inflatables.com\/pl\/wp-json\/wp\/v2\/pages\/11511\/revisions\/16261"}],"wp:attachment":[{"href":"https:\/\/dodo-inflatables.com\/pl\/wp-json\/wp\/v2\/media?parent=11511"}],"curies":[{"name":"wp","href":"https:\/\/api.w.org\/{rel}","templated":true}]}}