{"id":11534,"date":"2024-03-04T17:48:53","date_gmt":"2024-03-04T16:48:53","guid":{"rendered":"https:\/\/dodo-inflatables.com\/kupuj-rutschkanor-i-hoppborgar-w-sverige\/"},"modified":"2024-07-10T13:53:24","modified_gmt":"2024-07-10T11:53:24","slug":"kupuj-rutschkanor-i-hoppborgar-w-sverige","status":"publish","type":"page","link":"https:\/\/dodo-inflatables.com\/pl\/kupuj-rutschkanor-i-hoppborgar-w-sverige\/","title":{"rendered":"Kupuj rutschkanor i hoppborgar w Sverige"},"content":{"rendered":"\n<div style=\"height:53px\" aria-hidden=\"true\" class=\"wp-block-spacer\"><\/div>\n\n<h2 class=\"wp-block-heading has-text-align-center\"><strong>Kupuj rutschkanor i hoppborgar w Sverige<\/strong><\/h2>\n\n<figure class=\"wp-block-image aligncenter size-large\"><a href=\"https:\/\/dodo-inflatables.com\/wp-content\/uploads\/2022\/01\/seperator-kleiner.png\"><img fetchpriority=\"high\" decoding=\"async\" width=\"1024\" height=\"102\" src=\"https:\/\/dodo-inflatables.com\/wp-content\/uploads\/2022\/01\/seperator-kleiner-1024x102.png\" alt=\"\" class=\"wp-image-4026\" srcset=\"https:\/\/dodo-inflatables.com\/wp-content\/uploads\/2022\/01\/seperator-kleiner-1024x102.png 1024w, https:\/\/dodo-inflatables.com\/wp-content\/uploads\/2022\/01\/seperator-kleiner-900x90.png 900w, https:\/\/dodo-inflatables.com\/wp-content\/uploads\/2022\/01\/seperator-kleiner-300x30.png 300w, https:\/\/dodo-inflatables.com\/wp-content\/uploads\/2022\/01\/seperator-kleiner-768x77.png 768w, https:\/\/dodo-inflatables.com\/wp-content\/uploads\/2022\/01\/seperator-kleiner-1536x154.png 1536w, https:\/\/dodo-inflatables.com\/wp-content\/uploads\/2022\/01\/seperator-kleiner-340x34.png 340w, https:\/\/dodo-inflatables.com\/wp-content\/uploads\/2022\/01\/seperator-kleiner.png 2000w\" sizes=\"(max-width: 1024px) 100vw, 1024px\" \/><\/a><\/figure>\n\n<h3 class=\"wp-block-heading has-text-align-center\">Witamy w Dodo-Inflatables.com &#8211; sklepie internetowym dla producent\u00f3w dmucha\u0144c\u00f3w w Europie!<\/h3>\n\n<p style=\"font-size:17px\">Dyk ner in v\u00e5rt omfattande urval av h\u00f6gkvalitativa <a href=\"https:\/\/dodo-inflatables.com\/pl\/kategoria-produktu\/zamki-bouncy\/\">uppbl\u00e5sbara<\/a> saker, <a href=\"https:\/\/dodo-inflatables.com\/pl\/kategoria-produktu\/zamki-bouncy\/\">uppbl\u00e5sbara slott<\/a> och <a href=\"https:\/\/dodo-inflatables.com\/pl\/kategoria-produktu\/slajdy\/\">rutschbanor<\/a> som kommer att l\u00e4gga till det lilla extra till allla tillf\u00e4llen. Niezale\u017cnie od tego, czy szukasz mocnego i wytrzyma\u0142ego slotu na imprez\u0119, lekkiego i wytrzyma\u0142ego slotu na barnkalas, czy te\u017c uppbl\u00e5sbart slott z rutschkana na wesele &#8211; mo\u017cesz by\u0107 pewny, \u017ce trafisz do nas!<\/p>\n\n<p style=\"font-size:17px\">W tym segmencie mo\u017cna znale\u017a\u0107 wiele rodzaj\u00f3w chmielu, ale tak\u017ce wiele innych odmian, takich jak <a href=\"https:\/\/dodo-inflatables.com\/pl\/produkt\/dmuchawa-gibbons-fp5005-15ps\/\" data-type=\"product\" data-id=\"81\">Gibbons <\/a>czy <a href=\"https:\/\/dodo-inflatables.com\/pl\/produkt\/dmuchawa-huawei-reh-1-5e-15ps\/\" data-type=\"product\" data-id=\"2724\">Huawei-bl\u00e5sare<\/a>.<\/p>\n\n<p style=\"font-size:17px\">Frakt av en hoppslott med tillbeh\u00f6r till <strong>Sverige kosztuje 248,00 \u20ac<\/strong>. Pakiet z pakietem uppbl\u00e5sbara kosztuje 29,00 \u20ac. W przypadku chmielu w lagerze skickas den till dig direkt efter mottagen betalning. Leveranstiden till Sverige \u00e4r ca <strong>4 &#8211; 6 arbetsdagar<\/strong>. To mi\u0142e, \u017ce mo\u017cesz spr\u00f3bowa\u0107 chmielowego piwa z lagera w Monachium, w Toskanii.<\/p>\n\n<p style=\"font-size:17px\">Wszystkie chmielniki spe\u0142niaj\u0105 najsurowsze normy <strong>DIN EN 14960<\/strong> i s\u0105 przeznaczone do u\u017cytku prywatnego i komercyjnego. Mo\u017cesz znale\u017a\u0107 szczeg\u00f3\u0142owy przewodnik i najwa\u017cniejsze certyfikaty dla swojego nowego uppbl\u00e5sbara, je\u015bli tylko jest on dost\u0119pny.<\/p>\n\n<p style=\"font-size:17px\">Momsbefrielse f\u00f6r f\u00f6retag! Je\u015bli korzystasz z frekwencji, podaj numer rejestracji w kasie, aby uzyska\u0107 skattefria ink\u00f6p.<\/p>\n\n<p style=\"font-size:17px\">Niezale\u017cnie od tego, czy jeste\u015b osob\u0105 prywatn\u0105, kt\u00f3ra chce wzi\u0105\u0107 udzia\u0142 w rodzinnym \u015bwi\u0119cie, czy te\u017c jeste\u015b przedsi\u0119biorc\u0105, kt\u00f3ry chce wykorzysta\u0107 ten rodzaj rozrywki, mo\u017cesz przej\u015b\u0107 przez ca\u0142y ten hoppborgar. Faktem jest, \u017ce wi\u0119kszo\u015b\u0107 firm w Europie korzysta z us\u0142ug chmielarzy, kt\u00f3rzy dostarczaj\u0105 produkty na imprezy we wszystkich krajach.<\/p>\n\n<p style=\"font-size:17px\">Mamy nadziej\u0119, \u017ce uda Ci si\u0119 przekona\u0107 do zakup\u00f3w online i b\u0119dziesz mie\u0107 nadziej\u0119, \u017ce uda Ci si\u0119 odnie\u015b\u0107 sukces na <a href=\"mailto:contact@dodo-inflatables.com\">contact@dodo-inflatables.com!<\/a><\/p>\n\n<div style=\"height:100px\" aria-hidden=\"true\" class=\"wp-block-spacer\"><\/div>\n","protected":false},"excerpt":{"rendered":"<p>Kupuj rutschkanor i hoppborgar w Sverige Witamy w Dodo-Inflatables.com &#8211; sklepie internetowym dla producent\u00f3w dmucha\u0144c\u00f3w w Europie! Dyk ner in v\u00e5rt omfattande urval av h\u00f6gkvalitativa uppbl\u00e5sbara saker, uppbl\u00e5sbara slott och rutschbanor som kommer att l\u00e4gga till det lilla extra till allla tillf\u00e4llen. Niezale\u017cnie od tego, czy szukasz mocnego i wytrzyma\u0142ego slotu na imprez\u0119, lekkiego i [&hellip;]<\/p>\n","protected":false},"author":1,"featured_media":0,"parent":0,"menu_order":0,"comment_status":"closed","ping_status":"closed","template":"","meta":{"_acf_changed":false,"_uag_custom_page_level_css":"","site-sidebar-layout":"default","site-content-layout":"","ast-site-content-layout":"normal-width-container","site-content-style":"default","site-sidebar-style":"default","ast-global-header-display":"","ast-banner-title-visibility":"","ast-main-header-display":"","ast-hfb-above-header-display":"","ast-hfb-below-header-display":"","ast-hfb-mobile-header-display":"","site-post-title":"","ast-breadcrumbs-content":"","ast-featured-img":"","footer-sml-layout":"","ast-disable-related-posts":"","theme-transparent-header-meta":"","adv-header-id-meta":"4069","stick-header-meta":"","header-above-stick-meta":"","header-main-stick-meta":"","header-below-stick-meta":"","astra-migrate-meta-layouts":"default","ast-page-background-enabled":"default","ast-page-background-meta":{"desktop":{"background-color":"var(--ast-global-color-4)","background-image":"","background-repeat":"repeat","background-position":"center center","background-size":"auto","background-attachment":"scroll","background-type":"","background-media":"","overlay-type":"","overlay-color":"","overlay-opacity":"","overlay-gradient":""},"tablet":{"background-color":"","background-image":"","background-repeat":"repeat","background-position":"center center","background-size":"auto","background-attachment":"scroll","background-type":"","background-media":"","overlay-type":"","overlay-color":"","overlay-opacity":"","overlay-gradient":""},"mobile":{"background-color":"","background-image":"","background-repeat":"repeat","background-position":"center center","background-size":"auto","background-attachment":"scroll","background-type":"","background-media":"","overlay-type":"","overlay-color":"","overlay-opacity":"","overlay-gradient":""}},"ast-content-background-meta":{"desktop":{"background-color":"var(--ast-global-color-5)","background-image":"","background-repeat":"repeat","background-position":"center center","background-size":"auto","background-attachment":"scroll","background-type":"","background-media":"","overlay-type":"","overlay-color":"","overlay-opacity":"","overlay-gradient":""},"tablet":{"background-color":"var(--ast-global-color-5)","background-image":"","background-repeat":"repeat","background-position":"center center","background-size":"auto","background-attachment":"scroll","background-type":"","background-media":"","overlay-type":"","overlay-color":"","overlay-opacity":"","overlay-gradient":""},"mobile":{"background-color":"var(--ast-global-color-5)","background-image":"","background-repeat":"repeat","background-position":"center center","background-size":"auto","background-attachment":"scroll","background-type":"","background-media":"","overlay-type":"","overlay-color":"","overlay-opacity":"","overlay-gradient":""}},"footnotes":""},"class_list":["post-11534","page","type-page","status-publish","hentry"],"acf":[],"yoast_head":"<!-- This site is optimized with the Yoast SEO plugin v27.5 - https:\/\/yoast.com\/product\/yoast-seo-wordpress\/ -->\n<title>Kupuj rutschkanor i hoppborgar w Sverige - dodo-inflatables.com<\/title>\n<meta name=\"robots\" content=\"index, follow, max-snippet:-1, max-image-preview:large, max-video-preview:-1\" \/>\n<link rel=\"canonical\" href=\"https:\/\/dodo-inflatables.com\/pl\/kupuj-rutschkanor-i-hoppborgar-w-sverige\/\" \/>\n<meta name=\"twitter:label1\" content=\"Szacowany czas czytania\" \/>\n\t<meta name=\"twitter:data1\" content=\"2 minuty\" \/>\n<script type=\"application\/ld+json\" class=\"yoast-schema-graph\">{\"@context\":\"https:\\\/\\\/schema.org\",\"@graph\":[{\"@type\":\"WebPage\",\"@id\":\"https:\\\/\\\/dodo-inflatables.com\\\/pl\\\/kupuj-rutschkanor-i-hoppborgar-w-sverige\\\/\",\"url\":\"https:\\\/\\\/dodo-inflatables.com\\\/pl\\\/kupuj-rutschkanor-i-hoppborgar-w-sverige\\\/\",\"name\":\"Kupuj rutschkanor i hoppborgar w Sverige - dodo-inflatables.com\",\"isPartOf\":{\"@id\":\"https:\\\/\\\/dodo-inflatables.com\\\/pl\\\/#website\"},\"primaryImageOfPage\":{\"@id\":\"https:\\\/\\\/dodo-inflatables.com\\\/pl\\\/kupuj-rutschkanor-i-hoppborgar-w-sverige\\\/#primaryimage\"},\"image\":{\"@id\":\"https:\\\/\\\/dodo-inflatables.com\\\/pl\\\/kupuj-rutschkanor-i-hoppborgar-w-sverige\\\/#primaryimage\"},\"thumbnailUrl\":\"https:\\\/\\\/dodo-inflatables.com\\\/wp-content\\\/uploads\\\/2022\\\/01\\\/seperator-kleiner-1024x102.png\",\"datePublished\":\"2024-03-04T16:48:53+00:00\",\"dateModified\":\"2024-07-10T11:53:24+00:00\",\"breadcrumb\":{\"@id\":\"https:\\\/\\\/dodo-inflatables.com\\\/pl\\\/kupuj-rutschkanor-i-hoppborgar-w-sverige\\\/#breadcrumb\"},\"inLanguage\":\"pl-PL\",\"potentialAction\":[{\"@type\":\"ReadAction\",\"target\":[\"https:\\\/\\\/dodo-inflatables.com\\\/pl\\\/kupuj-rutschkanor-i-hoppborgar-w-sverige\\\/\"]}]},{\"@type\":\"ImageObject\",\"inLanguage\":\"pl-PL\",\"@id\":\"https:\\\/\\\/dodo-inflatables.com\\\/pl\\\/kupuj-rutschkanor-i-hoppborgar-w-sverige\\\/#primaryimage\",\"url\":\"https:\\\/\\\/dodo-inflatables.com\\\/wp-content\\\/uploads\\\/2022\\\/01\\\/seperator-kleiner-1024x102.png\",\"contentUrl\":\"https:\\\/\\\/dodo-inflatables.com\\\/wp-content\\\/uploads\\\/2022\\\/01\\\/seperator-kleiner-1024x102.png\"},{\"@type\":\"BreadcrumbList\",\"@id\":\"https:\\\/\\\/dodo-inflatables.com\\\/pl\\\/kupuj-rutschkanor-i-hoppborgar-w-sverige\\\/#breadcrumb\",\"itemListElement\":[{\"@type\":\"ListItem\",\"position\":1,\"name\":\"Strona g\u0142\u00f3wna\",\"item\":\"https:\\\/\\\/dodo-inflatables.com\\\/pl\\\/\"},{\"@type\":\"ListItem\",\"position\":2,\"name\":\"Kupuj rutschkanor i hoppborgar w Sverige\"}]},{\"@type\":\"WebSite\",\"@id\":\"https:\\\/\\\/dodo-inflatables.com\\\/pl\\\/#website\",\"url\":\"https:\\\/\\\/dodo-inflatables.com\\\/pl\\\/\",\"name\":\"dodo-inflatables.com\",\"description\":\"Kup dmuchane zamki i atrakcje w naszym sklepie.\",\"potentialAction\":[{\"@type\":\"SearchAction\",\"target\":{\"@type\":\"EntryPoint\",\"urlTemplate\":\"https:\\\/\\\/dodo-inflatables.com\\\/pl\\\/?s={search_term_string}\"},\"query-input\":{\"@type\":\"PropertyValueSpecification\",\"valueRequired\":true,\"valueName\":\"search_term_string\"}}],\"inLanguage\":\"pl-PL\"}]}<\/script>\n<!-- \/ Yoast SEO plugin. -->","yoast_head_json":{"title":"Kupuj rutschkanor i hoppborgar w Sverige - dodo-inflatables.com","robots":{"index":"index","follow":"follow","max-snippet":"max-snippet:-1","max-image-preview":"max-image-preview:large","max-video-preview":"max-video-preview:-1"},"canonical":"https:\/\/dodo-inflatables.com\/pl\/kupuj-rutschkanor-i-hoppborgar-w-sverige\/","twitter_misc":{"Szacowany czas czytania":"2 minuty"},"schema":{"@context":"https:\/\/schema.org","@graph":[{"@type":"WebPage","@id":"https:\/\/dodo-inflatables.com\/pl\/kupuj-rutschkanor-i-hoppborgar-w-sverige\/","url":"https:\/\/dodo-inflatables.com\/pl\/kupuj-rutschkanor-i-hoppborgar-w-sverige\/","name":"Kupuj rutschkanor i hoppborgar w Sverige - dodo-inflatables.com","isPartOf":{"@id":"https:\/\/dodo-inflatables.com\/pl\/#website"},"primaryImageOfPage":{"@id":"https:\/\/dodo-inflatables.com\/pl\/kupuj-rutschkanor-i-hoppborgar-w-sverige\/#primaryimage"},"image":{"@id":"https:\/\/dodo-inflatables.com\/pl\/kupuj-rutschkanor-i-hoppborgar-w-sverige\/#primaryimage"},"thumbnailUrl":"https:\/\/dodo-inflatables.com\/wp-content\/uploads\/2022\/01\/seperator-kleiner-1024x102.png","datePublished":"2024-03-04T16:48:53+00:00","dateModified":"2024-07-10T11:53:24+00:00","breadcrumb":{"@id":"https:\/\/dodo-inflatables.com\/pl\/kupuj-rutschkanor-i-hoppborgar-w-sverige\/#breadcrumb"},"inLanguage":"pl-PL","potentialAction":[{"@type":"ReadAction","target":["https:\/\/dodo-inflatables.com\/pl\/kupuj-rutschkanor-i-hoppborgar-w-sverige\/"]}]},{"@type":"ImageObject","inLanguage":"pl-PL","@id":"https:\/\/dodo-inflatables.com\/pl\/kupuj-rutschkanor-i-hoppborgar-w-sverige\/#primaryimage","url":"https:\/\/dodo-inflatables.com\/wp-content\/uploads\/2022\/01\/seperator-kleiner-1024x102.png","contentUrl":"https:\/\/dodo-inflatables.com\/wp-content\/uploads\/2022\/01\/seperator-kleiner-1024x102.png"},{"@type":"BreadcrumbList","@id":"https:\/\/dodo-inflatables.com\/pl\/kupuj-rutschkanor-i-hoppborgar-w-sverige\/#breadcrumb","itemListElement":[{"@type":"ListItem","position":1,"name":"Strona g\u0142\u00f3wna","item":"https:\/\/dodo-inflatables.com\/pl\/"},{"@type":"ListItem","position":2,"name":"Kupuj rutschkanor i hoppborgar w Sverige"}]},{"@type":"WebSite","@id":"https:\/\/dodo-inflatables.com\/pl\/#website","url":"https:\/\/dodo-inflatables.com\/pl\/","name":"dodo-inflatables.com","description":"Kup dmuchane zamki i atrakcje w naszym sklepie.","potentialAction":[{"@type":"SearchAction","target":{"@type":"EntryPoint","urlTemplate":"https:\/\/dodo-inflatables.com\/pl\/?s={search_term_string}"},"query-input":{"@type":"PropertyValueSpecification","valueRequired":true,"valueName":"search_term_string"}}],"inLanguage":"pl-PL"}]}},"uagb_featured_image_src":{"full":false,"thumbnail":false,"medium":false,"medium_large":false,"large":false,"1536x1536":false,"2048x2048":false,"woocommerce_thumbnail":false,"woocommerce_single":false,"woocommerce_gallery_thumbnail":false},"uagb_author_info":{"display_name":"Andreas","author_link":"https:\/\/dodo-inflatables.com\/pl\/author\/andreas\/"},"uagb_comment_info":0,"uagb_excerpt":"Kupuj rutschkanor i hoppborgar w Sverige Witamy w Dodo-Inflatables.com &#8211; sklepie internetowym dla producent\u00f3w dmucha\u0144c\u00f3w w Europie! Dyk ner in v\u00e5rt omfattande urval av h\u00f6gkvalitativa uppbl\u00e5sbara saker, uppbl\u00e5sbara slott och rutschbanor som kommer att l\u00e4gga till det lilla extra till allla tillf\u00e4llen. Niezale\u017cnie od tego, czy szukasz mocnego i wytrzyma\u0142ego slotu na imprez\u0119, lekkiego i&hellip;","_links":{"self":[{"href":"https:\/\/dodo-inflatables.com\/pl\/wp-json\/wp\/v2\/pages\/11534","targetHints":{"allow":["GET"]}}],"collection":[{"href":"https:\/\/dodo-inflatables.com\/pl\/wp-json\/wp\/v2\/pages"}],"about":[{"href":"https:\/\/dodo-inflatables.com\/pl\/wp-json\/wp\/v2\/types\/page"}],"author":[{"embeddable":true,"href":"https:\/\/dodo-inflatables.com\/pl\/wp-json\/wp\/v2\/users\/1"}],"replies":[{"embeddable":true,"href":"https:\/\/dodo-inflatables.com\/pl\/wp-json\/wp\/v2\/comments?post=11534"}],"version-history":[{"count":3,"href":"https:\/\/dodo-inflatables.com\/pl\/wp-json\/wp\/v2\/pages\/11534\/revisions"}],"predecessor-version":[{"id":16367,"href":"https:\/\/dodo-inflatables.com\/pl\/wp-json\/wp\/v2\/pages\/11534\/revisions\/16367"}],"wp:attachment":[{"href":"https:\/\/dodo-inflatables.com\/pl\/wp-json\/wp\/v2\/media?parent=11534"}],"curies":[{"name":"wp","href":"https:\/\/api.w.org\/{rel}","templated":true}]}}