{"id":105728,"date":"2026-04-04T13:54:46","date_gmt":"2026-04-04T11:54:46","guid":{"rendered":"https:\/\/dodo-inflatables.com\/dodo-relaunch?product=zestaw-6-profesjonalnych-pilek-noznych-na-rzepy"},"modified":"2026-04-04T13:54:46","modified_gmt":"2026-04-04T11:54:46","slug":"zestaw-6-profesjonalnych-pilek-noznych-na-rzepy","status":"publish","type":"product","link":"https:\/\/dodo-inflatables.com\/pl\/produkt\/zestaw-6-profesjonalnych-pilek-noznych-na-rzepy\/","title":{"rendered":"Zestaw 6 profesjonalnych pi\u0142ek no\u017cnych na rzepy"},"content":{"rendered":"<h2><strong>Zestaw 6 profesjonalnych pi\u0142ek no\u017cnych na rzepy \u2013 Wi\u0119cej zabawy w jednym praktycznym zestawie!<\/strong><\/h2>\n<p>Potrzebujesz wi\u0119cej pi\u0142ek do swojej gry w pi\u0142k\u0119 no\u017cn\u0105 na rzepy? Wtedy nasz <strong>zestaw 6 profesjonalnych pi\u0142ek no\u017cnych na rzepy<\/strong> jest dok\u0142adnie tym, czego potrzebujesz! Te wysokiej jako\u015bci pi\u0142ki na rzepy oferuj\u0105 doskona\u0142\u0105 przyczepno\u015b\u0107 i pozostawiaj\u0105 mniej irytuj\u0105cych w\u0142\u00f3kien na powierzchni rzepu. Dzi\u0119ki zoptymalizowanemu wyko\u0144czeniu na rzep s\u0105 trwa\u0142e i zapewniaj\u0105 precyzyjne strza\u0142y.<br \/>\n<em>Twoje korzy\u015bci:<\/em><br \/>\n\u2705 Premium jako\u015b\u0107 \u2013 Mniej w\u0142\u00f3kien, doskona\u0142a przyczepno\u015b\u0107!<br \/>\n\u2705 Praktyczna zaleta zestawu \u2013 Idealne je\u015bli potrzebujesz wielu pi\u0142ek do regularnego u\u017cytku<br \/>\n<em>Szczeg\u00f3\u0142y produktu:<\/em><br \/>\n\u26bd Zestaw 6 profesjonalnych pi\u0142ek no\u017cnych na rzepy<br \/>\n\u26bd \u015arednica: 21 cm<br \/>\n\u26bd Kolory: czerwony, \u017c\u00f3\u0142ty, czarny (kolory s\u0105 wybierane losowo)<br \/>\nWi\u0119cej pi\u0142ek \u2013 wi\u0119cej zabawy! Zam\u00f3w sw\u00f3j zestaw 6 profesjonalnych pi\u0142ek no\u017cnych na rzepy teraz!<\/p>\n","protected":false},"excerpt":{"rendered":"<p>\u26bd Zestaw 6 profesjonalnych pi\u0142ek no\u017cnych na rzepy<br \/>\n\u26bd \u015arednica: 21 cm<br \/>\n\u26bd Kolory: czerwony, \u017c\u00f3\u0142ty, czarny (kolory s\u0105 wybierane losowo)<\/p>\n","protected":false},"featured_media":105727,"comment_status":"open","ping_status":"closed","template":"","meta":{"_acf_changed":false,"_uag_custom_page_level_css":"","site-sidebar-layout":"default","site-content-layout":"boxed-container","ast-site-content-layout":"normal-width-container","site-content-style":"boxed","site-sidebar-style":"default","ast-global-header-display":"","ast-banner-title-visibility":"","ast-main-header-display":"","ast-hfb-above-header-display":"","ast-hfb-below-header-display":"","ast-hfb-mobile-header-display":"","site-post-title":"disabled","ast-breadcrumbs-content":"","ast-featured-img":"","footer-sml-layout":"","ast-disable-related-posts":"","theme-transparent-header-meta":"default","adv-header-id-meta":"","stick-header-meta":"default","header-above-stick-meta":"","header-main-stick-meta":"","header-below-stick-meta":"","astra-migrate-meta-layouts":"default","ast-page-background-enabled":"default","ast-page-background-meta":{"desktop":{"background-color":"var(--ast-global-color-4)","background-image":"","background-repeat":"repeat","background-position":"center center","background-size":"auto","background-attachment":"scroll","background-type":"","background-media":"","overlay-type":"","overlay-color":"","overlay-opacity":"","overlay-gradient":""},"tablet":{"background-color":"","background-image":"","background-repeat":"repeat","background-position":"center center","background-size":"auto","background-attachment":"scroll","background-type":"","background-media":"","overlay-type":"","overlay-color":"","overlay-opacity":"","overlay-gradient":""},"mobile":{"background-color":"","background-image":"","background-repeat":"repeat","background-position":"center center","background-size":"auto","background-attachment":"scroll","background-type":"","background-media":"","overlay-type":"","overlay-color":"","overlay-opacity":"","overlay-gradient":""}},"ast-content-background-meta":{"desktop":{"background-color":"var(--ast-global-color-5)","background-image":"","background-repeat":"repeat","background-position":"center center","background-size":"auto","background-attachment":"scroll","background-type":"","background-media":"","overlay-type":"","overlay-color":"","overlay-opacity":"","overlay-gradient":""},"tablet":{"background-color":"var(--ast-global-color-5)","background-image":"","background-repeat":"repeat","background-position":"center center","background-size":"auto","background-attachment":"scroll","background-type":"","background-media":"","overlay-type":"","overlay-color":"","overlay-opacity":"","overlay-gradient":""},"mobile":{"background-color":"var(--ast-global-color-5)","background-image":"","background-repeat":"repeat","background-position":"center center","background-size":"auto","background-attachment":"scroll","background-type":"","background-media":"","overlay-type":"","overlay-color":"","overlay-opacity":"","overlay-gradient":""}}},"product_brand":[],"product_cat":[827],"product_tag":[],"class_list":{"0":"post-105728","1":"product","2":"type-product","3":"status-publish","4":"has-post-thumbnail","6":"product_cat-akcesoria","7":"product_shipping_class-zubehor-pl","8":"desktop-align-center","9":"tablet-align-center","10":"mobile-align-center","11":"ast-product-gallery-layout-horizontal","12":"ast-product-tabs-layout-horizontal","14":"first","15":"instock","16":"sale","17":"taxable","18":"shipping-taxable","19":"purchasable","20":"product-type-simple"},"acf":[],"yoast_head":"<!-- This site is optimized with the Yoast SEO plugin v27.5 - https:\/\/yoast.com\/product\/yoast-seo-wordpress\/ -->\n<title>Zestaw 6 profesjonalnych pi\u0142ek no\u017cnych na rzepy | Dodo Inflatables<\/title>\n<meta name=\"description\" content=\"Zestaw 6 profesjonalnych pi\u0142ek no\u017cnych na rzepy \u2013 \u015brednica 21 cm, doskona\u0142a przyczepno\u015b\u0107, mniej w\u0142\u00f3kien. Czerwony, \u017c\u00f3\u0142ty, czarny \u2013 idealne do gry w pi\u0142k\u0119 no\u017cn\u0105 na rzepy.\" \/>\n<meta name=\"robots\" content=\"index, follow, max-snippet:-1, max-image-preview:large, max-video-preview:-1\" \/>\n<link rel=\"canonical\" href=\"https:\/\/dodo-inflatables.com\/pl\/produkt\/zestaw-6-profesjonalnych-pilek-noznych-na-rzepy\/\" \/>\n<meta name=\"twitter:label1\" content=\"Szacowany czas czytania\" \/>\n\t<meta name=\"twitter:data1\" content=\"1 minuta\" \/>\n<script type=\"application\/ld+json\" class=\"yoast-schema-graph\">{\"@context\":\"https:\\\/\\\/schema.org\",\"@graph\":[{\"@type\":\"WebPage\",\"@id\":\"https:\\\/\\\/dodo-inflatables.com\\\/pl\\\/produkt\\\/zestaw-6-profesjonalnych-pilek-noznych-na-rzepy\\\/\",\"url\":\"https:\\\/\\\/dodo-inflatables.com\\\/pl\\\/produkt\\\/zestaw-6-profesjonalnych-pilek-noznych-na-rzepy\\\/\",\"name\":\"Zestaw 6 profesjonalnych pi\u0142ek no\u017cnych na rzepy | Dodo Inflatables\",\"isPartOf\":{\"@id\":\"https:\\\/\\\/dodo-inflatables.com\\\/pl\\\/#website\"},\"primaryImageOfPage\":{\"@id\":\"https:\\\/\\\/dodo-inflatables.com\\\/pl\\\/produkt\\\/zestaw-6-profesjonalnych-pilek-noznych-na-rzepy\\\/#primaryimage\"},\"image\":{\"@id\":\"https:\\\/\\\/dodo-inflatables.com\\\/pl\\\/produkt\\\/zestaw-6-profesjonalnych-pilek-noznych-na-rzepy\\\/#primaryimage\"},\"thumbnailUrl\":\"https:\\\/\\\/dodo-inflatables.com\\\/wp-content\\\/uploads\\\/2026\\\/04\\\/6er-set-klettbaelle-fussball-dart.jpg\",\"datePublished\":\"2026-04-04T11:54:46+00:00\",\"description\":\"Zestaw 6 profesjonalnych pi\u0142ek no\u017cnych na rzepy \u2013 \u015brednica 21 cm, doskona\u0142a przyczepno\u015b\u0107, mniej w\u0142\u00f3kien. Czerwony, \u017c\u00f3\u0142ty, czarny \u2013 idealne do gry w pi\u0142k\u0119 no\u017cn\u0105 na rzepy.\",\"breadcrumb\":{\"@id\":\"https:\\\/\\\/dodo-inflatables.com\\\/pl\\\/produkt\\\/zestaw-6-profesjonalnych-pilek-noznych-na-rzepy\\\/#breadcrumb\"},\"inLanguage\":\"pl-PL\",\"potentialAction\":[{\"@type\":\"ReadAction\",\"target\":[\"https:\\\/\\\/dodo-inflatables.com\\\/pl\\\/produkt\\\/zestaw-6-profesjonalnych-pilek-noznych-na-rzepy\\\/\"]}]},{\"@type\":\"ImageObject\",\"inLanguage\":\"pl-PL\",\"@id\":\"https:\\\/\\\/dodo-inflatables.com\\\/pl\\\/produkt\\\/zestaw-6-profesjonalnych-pilek-noznych-na-rzepy\\\/#primaryimage\",\"url\":\"https:\\\/\\\/dodo-inflatables.com\\\/wp-content\\\/uploads\\\/2026\\\/04\\\/6er-set-klettbaelle-fussball-dart.jpg\",\"contentUrl\":\"https:\\\/\\\/dodo-inflatables.com\\\/wp-content\\\/uploads\\\/2026\\\/04\\\/6er-set-klettbaelle-fussball-dart.jpg\",\"width\":1000,\"height\":1000,\"caption\":\"Zestaw 6 profesjonalnych pi\u0142ek no\u017cnych na rzepy | Dodo Inflatables\"},{\"@type\":\"BreadcrumbList\",\"@id\":\"https:\\\/\\\/dodo-inflatables.com\\\/pl\\\/produkt\\\/zestaw-6-profesjonalnych-pilek-noznych-na-rzepy\\\/#breadcrumb\",\"itemListElement\":[{\"@type\":\"ListItem\",\"position\":1,\"name\":\"Strona g\u0142\u00f3wna\",\"item\":\"https:\\\/\\\/dodo-inflatables.com\\\/pl\\\/\"},{\"@type\":\"ListItem\",\"position\":2,\"name\":\"Sklep\",\"item\":\"https:\\\/\\\/dodo-inflatables.com\\\/pl\\\/sklep\\\/\"},{\"@type\":\"ListItem\",\"position\":3,\"name\":\"Zestaw 6 profesjonalnych pi\u0142ek no\u017cnych na rzepy\"}]},{\"@type\":\"WebSite\",\"@id\":\"https:\\\/\\\/dodo-inflatables.com\\\/pl\\\/#website\",\"url\":\"https:\\\/\\\/dodo-inflatables.com\\\/pl\\\/\",\"name\":\"dodo-inflatables.com\",\"description\":\"Kup dmuchane zamki i atrakcje w naszym sklepie.\",\"potentialAction\":[{\"@type\":\"SearchAction\",\"target\":{\"@type\":\"EntryPoint\",\"urlTemplate\":\"https:\\\/\\\/dodo-inflatables.com\\\/pl\\\/?s={search_term_string}\"},\"query-input\":{\"@type\":\"PropertyValueSpecification\",\"valueRequired\":true,\"valueName\":\"search_term_string\"}}],\"inLanguage\":\"pl-PL\"}]}<\/script>\n<!-- \/ Yoast SEO plugin. -->","yoast_head_json":{"title":"Zestaw 6 profesjonalnych pi\u0142ek no\u017cnych na rzepy | Dodo Inflatables","description":"Zestaw 6 profesjonalnych pi\u0142ek no\u017cnych na rzepy \u2013 \u015brednica 21 cm, doskona\u0142a przyczepno\u015b\u0107, mniej w\u0142\u00f3kien. Czerwony, \u017c\u00f3\u0142ty, czarny \u2013 idealne do gry w pi\u0142k\u0119 no\u017cn\u0105 na rzepy.","robots":{"index":"index","follow":"follow","max-snippet":"max-snippet:-1","max-image-preview":"max-image-preview:large","max-video-preview":"max-video-preview:-1"},"canonical":"https:\/\/dodo-inflatables.com\/pl\/produkt\/zestaw-6-profesjonalnych-pilek-noznych-na-rzepy\/","twitter_misc":{"Szacowany czas czytania":"1 minuta"},"schema":{"@context":"https:\/\/schema.org","@graph":[{"@type":"WebPage","@id":"https:\/\/dodo-inflatables.com\/pl\/produkt\/zestaw-6-profesjonalnych-pilek-noznych-na-rzepy\/","url":"https:\/\/dodo-inflatables.com\/pl\/produkt\/zestaw-6-profesjonalnych-pilek-noznych-na-rzepy\/","name":"Zestaw 6 profesjonalnych pi\u0142ek no\u017cnych na rzepy | Dodo Inflatables","isPartOf":{"@id":"https:\/\/dodo-inflatables.com\/pl\/#website"},"primaryImageOfPage":{"@id":"https:\/\/dodo-inflatables.com\/pl\/produkt\/zestaw-6-profesjonalnych-pilek-noznych-na-rzepy\/#primaryimage"},"image":{"@id":"https:\/\/dodo-inflatables.com\/pl\/produkt\/zestaw-6-profesjonalnych-pilek-noznych-na-rzepy\/#primaryimage"},"thumbnailUrl":"https:\/\/dodo-inflatables.com\/wp-content\/uploads\/2026\/04\/6er-set-klettbaelle-fussball-dart.jpg","datePublished":"2026-04-04T11:54:46+00:00","description":"Zestaw 6 profesjonalnych pi\u0142ek no\u017cnych na rzepy \u2013 \u015brednica 21 cm, doskona\u0142a przyczepno\u015b\u0107, mniej w\u0142\u00f3kien. Czerwony, \u017c\u00f3\u0142ty, czarny \u2013 idealne do gry w pi\u0142k\u0119 no\u017cn\u0105 na rzepy.","breadcrumb":{"@id":"https:\/\/dodo-inflatables.com\/pl\/produkt\/zestaw-6-profesjonalnych-pilek-noznych-na-rzepy\/#breadcrumb"},"inLanguage":"pl-PL","potentialAction":[{"@type":"ReadAction","target":["https:\/\/dodo-inflatables.com\/pl\/produkt\/zestaw-6-profesjonalnych-pilek-noznych-na-rzepy\/"]}]},{"@type":"ImageObject","inLanguage":"pl-PL","@id":"https:\/\/dodo-inflatables.com\/pl\/produkt\/zestaw-6-profesjonalnych-pilek-noznych-na-rzepy\/#primaryimage","url":"https:\/\/dodo-inflatables.com\/wp-content\/uploads\/2026\/04\/6er-set-klettbaelle-fussball-dart.jpg","contentUrl":"https:\/\/dodo-inflatables.com\/wp-content\/uploads\/2026\/04\/6er-set-klettbaelle-fussball-dart.jpg","width":1000,"height":1000,"caption":"Zestaw 6 profesjonalnych pi\u0142ek no\u017cnych na rzepy | Dodo Inflatables"},{"@type":"BreadcrumbList","@id":"https:\/\/dodo-inflatables.com\/pl\/produkt\/zestaw-6-profesjonalnych-pilek-noznych-na-rzepy\/#breadcrumb","itemListElement":[{"@type":"ListItem","position":1,"name":"Strona g\u0142\u00f3wna","item":"https:\/\/dodo-inflatables.com\/pl\/"},{"@type":"ListItem","position":2,"name":"Sklep","item":"https:\/\/dodo-inflatables.com\/pl\/sklep\/"},{"@type":"ListItem","position":3,"name":"Zestaw 6 profesjonalnych pi\u0142ek no\u017cnych na rzepy"}]},{"@type":"WebSite","@id":"https:\/\/dodo-inflatables.com\/pl\/#website","url":"https:\/\/dodo-inflatables.com\/pl\/","name":"dodo-inflatables.com","description":"Kup dmuchane zamki i atrakcje w naszym sklepie.","potentialAction":[{"@type":"SearchAction","target":{"@type":"EntryPoint","urlTemplate":"https:\/\/dodo-inflatables.com\/pl\/?s={search_term_string}"},"query-input":{"@type":"PropertyValueSpecification","valueRequired":true,"valueName":"search_term_string"}}],"inLanguage":"pl-PL"}]}},"uagb_featured_image_src":{"full":["https:\/\/dodo-inflatables.com\/wp-content\/uploads\/2026\/04\/6er-set-klettbaelle-fussball-dart.jpg",1000,1000,false],"thumbnail":["https:\/\/dodo-inflatables.com\/wp-content\/uploads\/2026\/04\/6er-set-klettbaelle-fussball-dart-150x150.jpg",150,150,true],"medium":["https:\/\/dodo-inflatables.com\/wp-content\/uploads\/2026\/04\/6er-set-klettbaelle-fussball-dart-300x300.jpg",300,300,true],"medium_large":["https:\/\/dodo-inflatables.com\/wp-content\/uploads\/2026\/04\/6er-set-klettbaelle-fussball-dart-768x768.jpg",768,768,true],"large":["https:\/\/dodo-inflatables.com\/wp-content\/uploads\/2026\/04\/6er-set-klettbaelle-fussball-dart.jpg",1000,1000,false],"1536x1536":["https:\/\/dodo-inflatables.com\/wp-content\/uploads\/2026\/04\/6er-set-klettbaelle-fussball-dart.jpg",1000,1000,false],"2048x2048":["https:\/\/dodo-inflatables.com\/wp-content\/uploads\/2026\/04\/6er-set-klettbaelle-fussball-dart.jpg",1000,1000,false],"woocommerce_thumbnail":["https:\/\/dodo-inflatables.com\/wp-content\/uploads\/2026\/04\/6er-set-klettbaelle-fussball-dart-900x900.jpg",900,900,true],"woocommerce_single":["https:\/\/dodo-inflatables.com\/wp-content\/uploads\/2026\/04\/6er-set-klettbaelle-fussball-dart-900x900.jpg",900,900,true],"woocommerce_gallery_thumbnail":["https:\/\/dodo-inflatables.com\/wp-content\/uploads\/2026\/04\/6er-set-klettbaelle-fussball-dart-100x100.jpg",100,100,true]},"uagb_author_info":{"display_name":"Andreas","author_link":"https:\/\/dodo-inflatables.com\/pl\/author\/"},"uagb_comment_info":0,"uagb_excerpt":"\u26bd Zestaw 6 profesjonalnych pi\u0142ek no\u017cnych na rzepy \u26bd \u015arednica: 21 cm \u26bd Kolory: czerwony, \u017c\u00f3\u0142ty, czarny (kolory s\u0105 wybierane losowo)","_links":{"self":[{"href":"https:\/\/dodo-inflatables.com\/pl\/wp-json\/wp\/v2\/product\/105728","targetHints":{"allow":["GET"]}}],"collection":[{"href":"https:\/\/dodo-inflatables.com\/pl\/wp-json\/wp\/v2\/product"}],"about":[{"href":"https:\/\/dodo-inflatables.com\/pl\/wp-json\/wp\/v2\/types\/product"}],"replies":[{"embeddable":true,"href":"https:\/\/dodo-inflatables.com\/pl\/wp-json\/wp\/v2\/comments?post=105728"}],"wp:featuredmedia":[{"embeddable":true,"href":"https:\/\/dodo-inflatables.com\/pl\/wp-json\/wp\/v2\/media\/105727"}],"wp:attachment":[{"href":"https:\/\/dodo-inflatables.com\/pl\/wp-json\/wp\/v2\/media?parent=105728"}],"wp:term":[{"taxonomy":"product_brand","embeddable":true,"href":"https:\/\/dodo-inflatables.com\/pl\/wp-json\/wp\/v2\/product_brand?post=105728"},{"taxonomy":"product_cat","embeddable":true,"href":"https:\/\/dodo-inflatables.com\/pl\/wp-json\/wp\/v2\/product_cat?post=105728"},{"taxonomy":"product_tag","embeddable":true,"href":"https:\/\/dodo-inflatables.com\/pl\/wp-json\/wp\/v2\/product_tag?post=105728"}],"curies":[{"name":"wp","href":"https:\/\/api.w.org\/{rel}","templated":true}]}}